{"id":9,"date":"2014-08-24T02:32:54","date_gmt":"2014-08-24T02:32:54","guid":{"rendered":"https:\/\/comoaprenderjapones.net\/?page_id=9"},"modified":"2022-02-07T19:38:46","modified_gmt":"2022-02-07T22:38:46","slug":"politica-de-privacidade","status":"publish","type":"page","link":"https:\/\/comoaprenderjapones.net\/ar\/politica-de-privacidade\/","title":{"rendered":"\u0633\u064a\u0627\u0633\u0629 \u0627\u0644\u062e\u0635\u0648\u0635\u064a\u0629"},"content":{"rendered":"<div class=\"c95246580650d4be5df24a0ae1408903\" data-index=\"2\" style=\"float: none; margin:0px;\">\n<script async src=\"https:\/\/pagead2.googlesyndication.com\/pagead\/js\/adsbygoogle.js?client=ca-pub-0652292147574552\"\r\n     crossorigin=\"anonymous\"><\/script>\r\n<!-- Ads responsivo Inicio Post CAJap -->\r\n<ins class=\"adsbygoogle\"\r\n     style=\"display:block\"\r\n     data-ad-client=\"ca-pub-0652292147574552\"\r\n     data-ad-slot=\"3298668993\"\r\n     data-ad-format=\"auto\"><\/ins>\r\n<script>\r\n     (adsbygoogle = window.adsbygoogle || []).push({});\r\n<\/script>\n<\/div>\n\n<p>Esta Pol\u00edtica de Privacidade foi elaborada visando zelar pela confidencialidade, privacidade e prote\u00e7\u00e3o dos dados pessoais dos visitantes deste site e dos usu\u00e1rios de nossos servi\u00e7os, protegendo essas informa\u00e7\u00f5es de perdas, uso impr\u00f3prio, acesso n\u00e3o autorizado, altera\u00e7\u00e3o e destrui\u00e7\u00e3o.<\/p>\n\n\n\n<h2 class=\"wp-block-heading\" id=\"1-coleta-e-uso-das-informacoes\">1. Coleta e Uso das Informa\u00e7\u00f5es<\/h2>\n\n\n\n<p>O acesso a este Site poder\u00e1 ser condicionado ao cadastramento do visitante, quando ent\u00e3o ser\u00e3o solicitadas informa\u00e7\u00f5es capazes de identific\u00e1-lo e possibilitar o contato com nossos usu\u00e1rios. Ao decidir fornecer seus dados, o usu\u00e1rio declara conhecer e aceitar os termos da presente Pol\u00edtica.O Site tamb\u00e9m recebe e armazena automaticamente, por meio de cookies, informa\u00e7\u00f5es sobre as atividades do navegador, incluindo endere\u00e7o IP e a p\u00e1gina acessada. Estes registros de atividades (logs) ser\u00e3o utilizados apenas para fins estat\u00edsticos e de m\u00e9tricas dos servi\u00e7os disponibilizados.<\/p>\n\n\n\n<h3 class=\"wp-block-heading\" id=\"cookies-e-web-beacons\">Cookies e Web Beacons<\/h3>\n\n\n\n<p>Utilizamos&nbsp;<a style=\"font-weight: inherit; font-style: inherit; color: #469db9;\" href=\"https:\/\/pt.wikipedia.org\/wiki\/Cookie\" target=\"_blank\" rel=\"noopener\">cookies<\/a>&nbsp;para armazenar informa\u00e7\u00e3o, tais como as suas prefer\u00eancias pessoais, quando voc\u00ea visita o&nbsp;<strong>\u0643\u064a\u0641 \u062a\u062a\u0639\u0644\u0645 \u0627\u0644\u0644\u063a\u0629 \u0627\u0644\u064a\u0627\u0628\u0627\u0646\u064a\u0629<\/strong>. Isto pode incluir um simples popup, ou uma liga\u00e7\u00e3o em v\u00e1rios servi\u00e7os que providenciamos, tais como f\u00f3runs.<\/p>\n\n\n\n<p>O Google faz uso do novo&nbsp;<a style=\"font-weight: inherit; font-style: inherit; color: #469db9;\" href=\"https:\/\/www.doubleclick.com\/privacy\/faq.aspx?ctx=tltp\" target=\"_blank\" rel=\"noopener\">DART cookie<\/a>&nbsp;para mostrar an\u00fancios baseados nos seus interesses e na sua visita ao nosso blog e a outros endere\u00e7os na web. Poder\u00e1 optar por n\u00e3o utilizar o DART cookie visitando a p\u00e1gina de an\u00fancios Google ad e o programa de policiamento da empresa.<\/p>\n\n\n\n<p>O usu\u00e1rio tem ci\u00eancia e concorda que as informa\u00e7\u00f5es coletadas ser\u00e3o utilizadas para os seguintes prop\u00f3sitos: (a) informar a respeito de novos conte\u00fados, not\u00edcias e eventos; (b) atualiza\u00e7\u00e3o das informa\u00e7\u00f5es de contato; (c) otimizar a usabilidade e a experi\u00eancia interativa durante a navega\u00e7\u00e3o do usu\u00e1rio no Site; (d) elaborar estat\u00edsticas gerais, sem que haja identifica\u00e7\u00e3o dos usu\u00e1rios; (e) responder \u00e0s d\u00favidas e solicita\u00e7\u00f5es do pr\u00f3prio usu\u00e1rios; e (f) obedecer determina\u00e7\u00f5es legais ou judiciais. Tamb\u00e9m nos reservamos o direito de utilizar tais registros, de forma individualizada, em casos de investiga\u00e7\u00e3o de il\u00edcitos civis ou criminais, especialmente quando houver suspeita de fraude, ataques de hackers, altera\u00e7\u00f5es no sistema ou acesso indevido \u00e0 informa\u00e7\u00f5es protegidas e dados cadastrais de outros usu\u00e1rios.<\/p>\n\n\n\n<h2 class=\"wp-block-heading\" id=\"2-guarda-e-responsabilidade-pelas-informacoes-coletadas\">2. Guarda e Responsabilidade pelas Informa\u00e7\u00f5es Coletadas<\/h2>\n\n\n\n<p>Qualquer informa\u00e7\u00e3o fornecida pelos usu\u00e1rios ser\u00e1 obtida e armazenada de acordo com os mais r\u00edgidos padr\u00f5es de seguran\u00e7a e confiabilidade. Envidaremos nossos melhores esfor\u00e7os na manuten\u00e7\u00e3o da integridade das informa\u00e7\u00f5es que nos forem fornecidas, raz\u00e3o pela qual n\u00e3o somos respons\u00e1veis pelos danos decorrentes do seu acesso e\/ou utiliza\u00e7\u00e3o por terceiros estranhos. O acesso \u00e0s informa\u00e7\u00f5es coletadas \u00e9 restrito aos colaboradores e pessoas autorizadas. Aqueles que se utilizarem indevidamente essas informa\u00e7\u00f5es, em viola\u00e7\u00e3o desta Pol\u00edtica de Privacidade, estar\u00e3o sujeitos \u00e0 san\u00e7\u00f5es administrativas e disciplinares, sem exclus\u00e3o das medidas legais cab\u00edveis. A n\u00e3o ser por determina\u00e7\u00e3o legal ou judicial, as informa\u00e7\u00f5es dos usu\u00e1rios cadastrados neste Site jamais ser\u00e3o transferidas a terceiros ou usadas para finalidades diferentes daquelas para as quais foram coletadas. Todos os dados pessoais coletados ser\u00e3o incorporados ao banco de dados deste Site, sendo seu respons\u00e1vel o administrador deste site.<\/p>\n\n\n\n<h2 class=\"wp-block-heading\" id=\"3-informacoes-opinioes-e-conteudos-gerados-por-terceiros\">3. Informa\u00e7\u00f5es, Opini\u00f5es e Conte\u00fados gerados por Terceiros<\/h2>\n\n\n\n<p>Este Site possibilita a participa\u00e7\u00e3o de visitantes\/usu\u00e1rios atrav\u00e9s de coment\u00e1rios, troca de informa\u00e7\u00f5es, publica\u00e7\u00e3o de conte\u00fados gerados por terceiros e divulga\u00e7\u00e3o de an\u00fancios publicit\u00e1rios. Os visitantes, usu\u00e1rios e anunciantes ficam desde j\u00e1 cientes de que n\u00e3o devem publicar informa\u00e7\u00f5es, opini\u00f5es ou conte\u00fados imorais, ilegais, racistas, difamat\u00f3rios, injuriosos, pornogr\u00e1ficos, criminosos, ou qualquer conte\u00fado que viole os direitos do autor. Ficam cientes ainda que as informa\u00e7\u00f5es, conte\u00fados ou opini\u00f5es fornecidos ou publicados livremente neste Site, \u00e0 exce\u00e7\u00e3o das informa\u00e7\u00f5es pessoais solicitadas para fins de cadastro, N\u00c3O SER\u00c3O SIGILOSAS NEM EST\u00c3O PROTEGIDAS POR ESTA POL\u00cdTICA DE PRIVACIDADE, podendo ser livremente acessadas e visualizadas por outros visitantes e usu\u00e1rios. Ficam tamb\u00e9m vedados an\u00fancios publicit\u00e1rios ou qualquer divulga\u00e7\u00e3o sobre produtos, servi\u00e7os ou eventos que desrespeitem a lei, a moral e os bons costumes. Os respons\u00e1veis por este Site n\u00e3o se responsabilizam pelas informa\u00e7\u00f5es, opini\u00f5es e conte\u00fados gerados por terceiros, e tampouco pela qualidade ou veracidade dos produtos, servi\u00e7os ou eventos divulgados atrav\u00e9s do Site. \u00a0Qualquer manifesta\u00e7\u00e3o, reprodu\u00e7\u00e3o ou publica\u00e7\u00e3o imoral ou ilegal dever\u00e1 ser notificada aos organizadores deste site e ser\u00e1 imediatamente removida. A notifica\u00e7\u00e3o dever\u00e1 ser encaminhada para o endere\u00e7o dos respons\u00e1veis pelo site.<\/p>\n\n\n\n<h2 class=\"wp-block-heading\" id=\"4-responsabilidade-dos-usuarios\">4. Responsabilidade dos Usu\u00e1rios<\/h2>\n\n\n\n<p>\u00c9 de responsabilidade do usu\u00e1rio a guarda de sua senha e de seu login de acesso. N\u00e3o \u00e9 recomendada a utiliza\u00e7\u00e3o de senhas \u00f3bvias, como datas especiais, nomes ou sequ\u00eancias num\u00e9ricas. Caso o usu\u00e1rio tome conhecimento ou apenas suspeite que sua senha foi descoberta, ele dever\u00e1 alter\u00e1-la em sua p\u00e1gina de cadastro. Temos o compromisso de proteger a privacidade on-line de crian\u00e7as. Eventuais cadastros de menores ocorrer\u00e3o apenas para fins de participa\u00e7\u00e3o em \u00e1reas restritas do site com conte\u00fados educacionais. Os dados dos menores s\u00f3 ser\u00e3o utilizados para resposta a consultas, d\u00favidas acad\u00eamicas, agendamento de palestras em escolas ou por motivo de estat\u00edsticas gerais. Recomendamos ainda que o menor esteja sempre sob a orienta\u00e7\u00e3o e supervis\u00e3o de seus respons\u00e1veis, que poder\u00e3o, a qualquer tempo, solicitar o cancelamento do cadastro. Esta Pol\u00edtica est\u00e1 sujeita a constantes melhorias e aprimoramentos. Desse modo, recomendamos sua peri\u00f3dica consulta.<\/p>\n\n<div style=\"font-size: 0px; height: 0px; line-height: 0px; margin: 0; padding: 0; clear: both;\"><\/div>","protected":false},"excerpt":{"rendered":"<p>Esta Pol\u00edtica de Privacidade foi elaborada visando zelar pela confidencialidade, privacidade e prote\u00e7\u00e3o dos dados pessoais dos visitantes deste site e dos usu\u00e1rios de nossos servi\u00e7os, protegendo essas informa\u00e7\u00f5es de perdas, uso impr\u00f3prio, acesso n\u00e3o<\/p>","protected":false},"author":1,"featured_media":0,"parent":0,"menu_order":0,"comment_status":"closed","ping_status":"closed","template":"","meta":{"footnotes":""},"class_list":["post-9","page","type-page","status-publish"],"jetpack-related-posts":[{"id":4016,"url":"https:\/\/comoaprenderjapones.net\/ar\/curso-japones-club-por-skdesu\/","url_meta":{"origin":9,"position":0},"title":"Curso Japon\u00eas Club por Skdesu","author":"Rafael Avelino","date":"2 de \u0641\u0628\u0631\u0627\u064a\u0631 de 2023","format":false,"excerpt":"Advertorial Aprenda a L\u00edngua Japonesa com o Curso Japon\u00eas Club e Tenha a solu\u00e7\u00e3o definitiva para superar qualquer desafio! Mang\u00e1 Death Note Olha s\u00f3 o que voc\u00ea tem no Curso Japon\u00eas Club! + de 140 v\u00eddeo aulas em Alta Defini\u00e7\u00e3o Jogos e Atividades Interativas Pagamento \u00danico (N\u00e3o tem Mensalidades) Acesso\u2026","rel":"","context":"\u062a\u062f\u0648\u064a\u0646\u0629 \u0645\u0634\u0627\u0628\u0647\u0629","block_context":{"text":"\u062a\u062f\u0648\u064a\u0646\u0629 \u0645\u0634\u0627\u0628\u0647\u0629","link":""},"img":{"alt_text":"","src":"https:\/\/i0.wp.com\/comoaprenderjapones.net\/wp-content\/uploads\/2023\/02\/japones-club-advertorial.jpg?fit=1023%2C499&ssl=1&resize=350%2C200","width":350,"height":200,"srcset":"https:\/\/i0.wp.com\/comoaprenderjapones.net\/wp-content\/uploads\/2023\/02\/japones-club-advertorial.jpg?fit=1023%2C499&ssl=1&resize=350%2C200 1x, https:\/\/i0.wp.com\/comoaprenderjapones.net\/wp-content\/uploads\/2023\/02\/japones-club-advertorial.jpg?fit=1023%2C499&ssl=1&resize=525%2C300 1.5x, https:\/\/i0.wp.com\/comoaprenderjapones.net\/wp-content\/uploads\/2023\/02\/japones-club-advertorial.jpg?fit=1023%2C499&ssl=1&resize=700%2C400 2x"},"classes":[]},{"id":179,"url":"https:\/\/comoaprenderjapones.net\/ar\/mapa-site\/","url_meta":{"origin":9,"position":1},"title":"Mapa do Site","author":"Rafael Avelino","date":"31 de \u064a\u0646\u0627\u064a\u0631 de 2015","format":false,"excerpt":"Mapa do Site Veja todos os artigos publicados aqui no Como Aprender Japon\u00eas","rel":"","context":"\u062a\u062f\u0648\u064a\u0646\u0629 \u0645\u0634\u0627\u0628\u0647\u0629","block_context":{"text":"\u062a\u062f\u0648\u064a\u0646\u0629 \u0645\u0634\u0627\u0628\u0647\u0629","link":""},"img":{"alt_text":"","src":"","width":0,"height":0},"classes":[]},{"id":860,"url":"https:\/\/comoaprenderjapones.net\/ar\/japones-expresso-curso-online-japones\/","url_meta":{"origin":9,"position":2},"title":"\u0627\u0644\u064a\u0627\u0628\u0627\u0646\u064a\u0629 \u0627\u0644\u0633\u0631\u064a\u0639\u0629: \u062f\u0648\u0631\u0629 \u0627\u0644\u0644\u063a\u0629 \u0627\u0644\u064a\u0627\u0628\u0627\u0646\u064a\u0629 \u0639\u0628\u0631 \u0627\u0644\u0625\u0646\u062a\u0631\u0646\u062a","author":"Rafael Avelino","date":"14 de \u0646\u0648\u0641\u0645\u0628\u0631 de 2016","format":false,"excerpt":"Conhe\u00e7a curso online japon\u00eas expresso promete te ajudar a sair do zero no idioma japon\u00eas e tamb\u00e9m para quem tem viagem marcada para o Jap\u00e3o. CURSO N\u00c3O EST\u00c1 DISPONIVEL. Conhe\u00e7a o curso Completo do Sensei Luiz Rafael o ???? Programa Japon\u00eas Online! Quem gosta da cultura japonesa, seja animes, mangas,\u2026","rel":"","context":"\u062a\u062f\u0648\u064a\u0646\u0629 \u0645\u0634\u0627\u0628\u0647\u0629","block_context":{"text":"\u062a\u062f\u0648\u064a\u0646\u0629 \u0645\u0634\u0627\u0628\u0647\u0629","link":""},"img":{"alt_text":"Japon\u00eas Expresso curso online de japon\u00eas","src":"https:\/\/i0.wp.com\/comoaprenderjapones.net\/wp-content\/uploads\/2016\/11\/Japones_Expresso.jpg?fit=1200%2C696&ssl=1&resize=350%2C200","width":350,"height":200,"srcset":"https:\/\/i0.wp.com\/comoaprenderjapones.net\/wp-content\/uploads\/2016\/11\/Japones_Expresso.jpg?fit=1200%2C696&ssl=1&resize=350%2C200 1x, https:\/\/i0.wp.com\/comoaprenderjapones.net\/wp-content\/uploads\/2016\/11\/Japones_Expresso.jpg?fit=1200%2C696&ssl=1&resize=525%2C300 1.5x, https:\/\/i0.wp.com\/comoaprenderjapones.net\/wp-content\/uploads\/2016\/11\/Japones_Expresso.jpg?fit=1200%2C696&ssl=1&resize=700%2C400 2x, https:\/\/i0.wp.com\/comoaprenderjapones.net\/wp-content\/uploads\/2016\/11\/Japones_Expresso.jpg?fit=1200%2C696&ssl=1&resize=1050%2C600 3x"},"classes":[]},{"id":2786,"url":"https:\/\/comoaprenderjapones.net\/ar\/acompanhe\/","url_meta":{"origin":9,"position":3},"title":"Acompanhe","author":"Rafael Avelino","date":"12 de \u064a\u0648\u0646\u064a\u0648 de 2020","format":false,"excerpt":"Para n\u00e3o perder alguma novidade ou dica logo em seguida vou indicar v\u00e1rias op\u00e7\u00f5es para que voc\u00ea acompanhe o comoaprenderjapones.net da maneira que desejar e que mais goste. Acompanhe pelo Feed Um dos meios mais tradicionais para voc\u00ea receber as novidades instantaneamente quando algo \u00e9 publicado por aqui. Feed do\u2026","rel":"","context":"\u062a\u062f\u0648\u064a\u0646\u0629 \u0645\u0634\u0627\u0628\u0647\u0629","block_context":{"text":"\u062a\u062f\u0648\u064a\u0646\u0629 \u0645\u0634\u0627\u0628\u0647\u0629","link":""},"img":{"alt_text":"Acompanhe pelo Feedly o comoaprenderjapones.net","src":"https:\/\/i0.wp.com\/comoaprenderjapones.net\/wp-content\/uploads\/2020\/06\/feedly-follow.png?resize=350%2C200&ssl=1","width":350,"height":200},"classes":[]},{"id":35,"url":"https:\/\/comoaprenderjapones.net\/ar\/sobre\/","url_meta":{"origin":9,"position":4},"title":"\u0646\u0628\u0630\u0629 \u0639\u0646","author":"Rafael Avelino","date":"24 de \u0623\u063a\u0633\u0637\u0633 de 2014","format":false,"excerpt":"Ol\u00e1 Minna! Sou Rafael admin deste site, como vai? Muito obrigado por visitar este site que pretende passar dicas de como aprender japon\u00eas para quem est\u00e1 iniciando, assim como eu. Vamos tentar abordar tudo que possa ajudar no seu aprendizado do idioma japon\u00eas, que vai desde animes,m\u00fasicas,mangas e tamb\u00e9m o\u2026","rel":"","context":"\u062a\u062f\u0648\u064a\u0646\u0629 \u0645\u0634\u0627\u0628\u0647\u0629","block_context":{"text":"\u062a\u062f\u0648\u064a\u0646\u0629 \u0645\u0634\u0627\u0628\u0647\u0629","link":""},"img":{"alt_text":"","src":"","width":0,"height":0},"classes":[]},{"id":94,"url":"https:\/\/comoaprenderjapones.net\/ar\/programa-japones-online\/","url_meta":{"origin":9,"position":5},"title":"Programa Japon\u00eas Online + Evento gr\u00e1tis Intensiv\u00e3o de japon\u00eas","author":"Rafael Avelino","date":"20 de \u0623\u0643\u062a\u0648\u0628\u0631 de 2014","format":false,"excerpt":"Conhe\u00e7a o curso de japon\u00eas Programa Japon\u00eas Online do Sensei Luiz Rafael! \u3053\u3093\u306b\u3061\u306f! Est\u00e1 procurando um m\u00e9todo eficiente que te ensine do ZERO a ter um n\u00edvel de flu\u00eancia que possa consumir conte\u00fados totalmente em japon\u00eas? O m\u00e9todo criado pelo Luiz Rafael j\u00e1 passou por muitas atualiza\u00e7\u00f5es e est\u00e1 no\u2026","rel":"","context":"\u062a\u062f\u0648\u064a\u0646\u0629 \u0645\u0634\u0627\u0628\u0647\u0629","block_context":{"text":"\u062a\u062f\u0648\u064a\u0646\u0629 \u0645\u0634\u0627\u0628\u0647\u0629","link":""},"img":{"alt_text":"Programa Japon\u00eas Online - Intensiv\u00e3o de japon\u00eas","src":"https:\/\/i0.wp.com\/comoaprenderjapones.net\/wp-content\/uploads\/2021\/01\/programa-japones-online-intensivao-de-japones-2021.jpg?fit=1200%2C932&ssl=1&resize=350%2C200","width":350,"height":200,"srcset":"https:\/\/i0.wp.com\/comoaprenderjapones.net\/wp-content\/uploads\/2021\/01\/programa-japones-online-intensivao-de-japones-2021.jpg?fit=1200%2C932&ssl=1&resize=350%2C200 1x, https:\/\/i0.wp.com\/comoaprenderjapones.net\/wp-content\/uploads\/2021\/01\/programa-japones-online-intensivao-de-japones-2021.jpg?fit=1200%2C932&ssl=1&resize=525%2C300 1.5x, https:\/\/i0.wp.com\/comoaprenderjapones.net\/wp-content\/uploads\/2021\/01\/programa-japones-online-intensivao-de-japones-2021.jpg?fit=1200%2C932&ssl=1&resize=700%2C400 2x, https:\/\/i0.wp.com\/comoaprenderjapones.net\/wp-content\/uploads\/2021\/01\/programa-japones-online-intensivao-de-japones-2021.jpg?fit=1200%2C932&ssl=1&resize=1050%2C600 3x"},"classes":[]}],"jetpack_sharing_enabled":false,"amp_enabled":true,"_links":{"self":[{"href":"https:\/\/comoaprenderjapones.net\/ar\/wp-json\/wp\/v2\/pages\/9","targetHints":{"allow":["GET"]}}],"collection":[{"href":"https:\/\/comoaprenderjapones.net\/ar\/wp-json\/wp\/v2\/pages"}],"about":[{"href":"https:\/\/comoaprenderjapones.net\/ar\/wp-json\/wp\/v2\/types\/page"}],"author":[{"embeddable":true,"href":"https:\/\/comoaprenderjapones.net\/ar\/wp-json\/wp\/v2\/users\/1"}],"replies":[{"embeddable":true,"href":"https:\/\/comoaprenderjapones.net\/ar\/wp-json\/wp\/v2\/comments?post=9"}],"version-history":[{"count":0,"href":"https:\/\/comoaprenderjapones.net\/ar\/wp-json\/wp\/v2\/pages\/9\/revisions"}],"wp:attachment":[{"href":"https:\/\/comoaprenderjapones.net\/ar\/wp-json\/wp\/v2\/media?parent=9"}],"curies":[{"name":"wp","href":"https:\/\/api.w.org\/{rel}","templated":true}]}}