{"id":35,"date":"2014-08-24T22:16:39","date_gmt":"2014-08-24T22:16:39","guid":{"rendered":"https:\/\/comoaprenderjapones.net\/?page_id=35"},"modified":"2024-08-27T21:20:29","modified_gmt":"2024-08-28T00:20:29","slug":"%d0%bd%d0%b0","status":"publish","type":"page","link":"https:\/\/comoaprenderjapones.net\/bg\/sobre\/","title":{"rendered":"\u0417\u0430"},"content":{"rendered":"<div class=\"5a71adb7ae8d987b220bf717cd606f5a\" data-index=\"2\" style=\"float: none; margin:0px;\">\n<script async src=\"https:\/\/pagead2.googlesyndication.com\/pagead\/js\/adsbygoogle.js?client=ca-pub-0652292147574552\"\r\n     crossorigin=\"anonymous\"><\/script>\r\n<!-- Ads responsivo Inicio Post CAJap -->\r\n<ins class=\"adsbygoogle\"\r\n     style=\"display:block\"\r\n     data-ad-client=\"ca-pub-0652292147574552\"\r\n     data-ad-slot=\"3298668993\"\r\n     data-ad-format=\"auto\"><\/ins>\r\n<script>\r\n     (adsbygoogle = window.adsbygoogle || []).push({});\r\n<\/script>\n<\/div>\n<p>\u0417\u0434\u0440\u0430\u0432\u0435\u0439, \u041c\u0438\u043d\u0430!<\/p>\n<p>\u0410\u0437 \u0441\u044a\u043c \u0420\u0430\u0444\u0430\u0435\u043b \u0430\u0434\u043c\u0438\u043d\u0438\u0441\u0442\u0440\u0430\u0442\u043e\u0440 \u043d\u0430 \u0442\u043e\u0437\u0438 \u0441\u0430\u0439\u0442, \u043a\u0430\u043a \u0441\u0442\u0435?<\/p>\n<p>\u0411\u043b\u0430\u0433\u043e\u0434\u0430\u0440\u044f \u0432\u0438 \u043c\u043d\u043e\u0433\u043e \u0437\u0430 \u043f\u043e\u0441\u0435\u0449\u0435\u043d\u0438\u0435\u0442\u043e \u043d\u0430 \u0442\u043e\u0437\u0438 \u0441\u0430\u0439\u0442, \u043a\u043e\u0439\u0442\u043e \u0438\u043c\u0430 \u0437\u0430 \u0446\u0435\u043b \u0434\u0430 \u043f\u0440\u0435\u0434\u043e\u0441\u0442\u0430\u0432\u0438 \u0441\u044a\u0432\u0435\u0442\u0438 \u0437\u0430 <a title=\"\u041a\u0430\u043a \u0434\u0430 \u043d\u0430\u0443\u0447\u0438\u043c \u044f\u043f\u043e\u043d\u0441\u043a\u0438\" href=\"https:\/\/comoaprenderjapones.net\/bg\/%d0%ba%d0%b0%d0%ba-%d0%b4%d0%b0-%d0%bd%d0%b0%d1%83%d1%87%d0%b8%d0%bc-%d1%8f%d0%bf%d0%be%d0%bd%d1%81%d0%ba%d0%b8\/\">\u043a\u0430\u043a \u0434\u0430 \u043d\u0430\u0443\u0447\u0438\u043c \u044f\u043f\u043e\u043d\u0441\u043a\u0438<\/a> \u0437\u0430 \u0442\u0435\u0437\u0438, \u043a\u043e\u0438\u0442\u043e \u0437\u0430\u043f\u043e\u0447\u0432\u0430\u0442 \u043a\u0430\u0442\u043e \u043c\u0435\u043d.<\/p>\n<p>\u0429\u0435 \u0441\u0435 \u043e\u043f\u0438\u0442\u0430\u043c\u0435 \u0434\u0430 \u043f\u043e\u0434\u0445\u043e\u0434\u0438\u043c \u043a\u044a\u043c \u0432\u0441\u0438\u0447\u043a\u043e, \u043a\u043e\u0435\u0442\u043e \u043c\u043e\u0436\u0435 \u0434\u0430 \u0432\u0438 \u043f\u043e\u043c\u043e\u0433\u043d\u0435 \u0432 \u0438\u0437\u0443\u0447\u0430\u0432\u0430\u043d\u0435\u0442\u043e \u043d\u0430 \u044f\u043f\u043e\u043d\u0441\u043a\u0438\u044f \u0435\u0437\u0438\u043a, \u043a\u0430\u0442\u043e \u0437\u0430\u043f\u043e\u0447\u043d\u0435\u043c \u043e\u0442 \u0430\u043d\u0438\u043c\u0430\u0446\u0438\u0438, \u043f\u0435\u0441\u043d\u0438, \u043c\u0430\u043d\u0433\u0430 \u0438 \u0441\u0442\u0438\u0433\u043d\u0435\u043c \u0434\u043e \u0443\u0441\u043a\u043e\u0440\u0435\u043d\u043e\u0442\u043e \u0443\u0447\u0435\u043d\u0435, \u043a\u043e\u0435\u0442\u043e \u043d\u0435 \u0435 \u043d\u0438\u0449\u043e \u043f\u043e\u0432\u0435\u0447\u0435 \u043e\u0442 \u0442\u043e\u0432\u0430 \u0434\u0430 \u043d\u0430\u0443\u0447\u0438\u0442\u0435 \u043a\u0430\u043a \u0434\u0430 \u0443\u0447\u0438\u0442\u0435.<\/p>\n<p>\u041e\u0441\u043d\u043e\u0432\u0430\u0432\u0430 \u0441\u0435 \u043d\u0430 \u043c\u0435\u0442\u043e\u0434\u0430 \u043d\u0430 \u043f\u0440\u0435\u043f\u043e\u0434\u0430\u0432\u0430\u043d\u0435 \u043d\u0430 \u043c\u043e\u044f \u0441\u0435\u043d\u0441\u0435\u0439 \u0438 \u043d\u0430 \u0442\u043e\u0432\u0430, \u043a\u043e\u0435\u0442\u043e \u043d\u0430\u0443\u0447\u0430\u0432\u0430\u043c \u043f\u043e \u0432\u0440\u0435\u043c\u0435 \u043d\u0430 \u043f\u044a\u0442\u0443\u0432\u0430\u043d\u0435\u0442\u043e \u0441\u0438 \u043a\u044a\u043c \u0441\u0432\u043e\u0431\u043e\u0434\u043d\u043e\u0442\u043e \u0432\u043b\u0430\u0434\u0435\u0435\u043d\u0435 \u043d\u0430 \u043d\u0438\u0445\u043e\u043d\u0433\u043e.<\/p>\n<p>\u0412\u0435\u0440\u043e\u044f\u0442\u043d\u043e \u0449\u0435 \u043e\u0442\u043a\u0440\u0438\u0435\u0442\u0435 \u043d\u044f\u043a\u043e\u0438 \u0433\u0440\u0435\u0448\u043a\u0438, \u0431\u0438\u043b\u043e \u0442\u043e \u0432 \u043d\u0430\u043f\u0438\u0441\u0430\u043d\u043e\u0442\u043e \u0438\u043b\u0438 \u0432 \u0441\u044a\u0432\u0435\u0442\u0438\u0442\u0435, \u043a\u043e\u0438\u0442\u043e \u043f\u0440\u0435\u0434\u0430\u0432\u0430\u043c, \u043d\u043e \u0430\u043a\u043e \u043d\u0435 \u043c\u043e\u0436\u0435\u0442\u0435 \u0434\u0430 \u0433\u043e \u043d\u0430\u043f\u0440\u0430\u0432\u0438\u0442\u0435 \u043f\u043e\u0433\u0440\u0435\u0448\u043d\u043e, \u043d\u0435 \u043c\u043e\u0436\u0435\u0442\u0435 \u0434\u0430 \u0433\u043e \u043d\u0430\u043f\u0440\u0430\u0432\u0438\u0442\u0435 \u043f\u0440\u0430\u0432\u0438\u043b\u043d\u043e, \u043d\u0430\u043b\u0438?<\/p>\n<p>\u0427\u0443\u0432\u0441\u0442\u0432\u0430\u0439\u0442\u0435 \u0441\u0435 \u0441\u0432\u043e\u0431\u043e\u0434\u043d\u0438 \u0434\u0430 <a title=\"\u0421\u0432\u044a\u0440\u0436\u0435\u0442\u0435 \u0441\u0435 \u0441\" href=\"https:\/\/comoaprenderjapones.net\/bg\/%d1%81%d0%b2%d1%8a%d1%80%d0%b6%d0%b5%d1%82%d0%b5-%d1%81%d0%b5-%d1%81\/\">\u0441\u0432\u044a\u0440\u0436\u0435\u0442\u0435 \u0441\u0435 \u0441 \u043d\u0430\u0441<\/a> \u0441 \u043d\u0430\u043c\u0435\u0446\u0438, \u043f\u0440\u0435\u0434\u043b\u043e\u0436\u0435\u043d\u0438\u044f \u0438\u043b\u0438 \u0434\u043e\u0440\u0438 \u0434\u0430 \u043c\u0435 \u043a\u043e\u0440\u0438\u0433\u0438\u0440\u0430, \u0430\u043a\u043e \u0435 \u043d\u0435\u043e\u0431\u0445\u043e\u0434\u0438\u043c\u043e \ud83d\ude42 \ud83d\ude42<\/p>\n<p>\u0411\u043b\u0430\u0433\u043e\u0434\u0430\u0440\u044f \u043e\u0442\u043d\u043e\u0432\u043e \u0437\u0430 \u043f\u043e\u0441\u0435\u0449\u0435\u043d\u0438\u0435\u0442\u043e!<\/p>\n\n<div style=\"font-size: 0px; height: 0px; line-height: 0px; margin: 0; padding: 0; clear: both;\"><\/div>","protected":false},"excerpt":{"rendered":"<p>\u0417\u0434\u0440\u0430\u0432\u0435\u0439\u0442\u0435 Minna, \u0438\u043c\u0435\u0442\u043e \u043c\u0438 \u0435 \u0420\u0430\u0444\u0430\u0435\u043b, \u0430\u0437 \u0441\u044a\u043c \u0430\u0434\u043c\u0438\u043d\u0438\u0441\u0442\u0440\u0430\u0442\u043e\u0440 \u043d\u0430 \u0442\u043e\u0437\u0438 \u0441\u0430\u0439\u0442, \u043a\u0430\u043a \u0441\u0442\u0435? \u041c\u043d\u043e\u0433\u043e \u0442\u0438 \u0431\u043b\u0430\u0433\u043e\u0434\u0430\u0440\u044f, \u0447\u0435 \u043f\u043e\u0441\u0435\u0449\u0430\u0432\u0430\u0448 \u0442\u043e\u0437\u0438 \u0441\u0430\u0439\u0442, \u043a\u043e\u0439\u0442\u043e \u0438\u043c\u0430 \u0437\u0430 \u0446\u0435\u043b \u0434\u0430 \u0434\u0430\u0432\u0430 \u0441\u044a\u0432\u0435\u0442\u0438 \u043a\u0430\u043a \u0434\u0430 \u0441\u0435 \u0443\u0447\u0438 \u044f\u043f\u043e\u043d\u0441\u043a\u0438 \u0435\u0437\u0438\u043a \u043d\u0430 \u0442\u0435\u0437\u0438, \u043a\u043e\u0438\u0442\u043e \u0437\u0430\u043f\u043e\u0447\u0432\u0430\u0442, \u043a\u0430\u0442\u043e \u043c\u0435\u043d. \u0429\u0435 \u0441\u0435 \u043e\u043f\u0438\u0442\u0430\u043c\u0435 \u0434\u0430 \u043f\u043e\u0434\u0445\u043e\u0434\u0438\u043c \u043a\u044a\u043c \u0432\u0441\u0438\u0447\u043a\u043e, \u043a\u043e\u0435\u0442\u043e<\/p>","protected":false},"author":1,"featured_media":0,"parent":0,"menu_order":0,"comment_status":"closed","ping_status":"closed","template":"","meta":{"footnotes":""},"class_list":["post-35","page","type-page","status-publish"],"jetpack-related-posts":[{"id":860,"url":"https:\/\/comoaprenderjapones.net\/bg\/japones-expresso-curso-online-japones\/","url_meta":{"origin":35,"position":0},"title":"Japanese Express: \u041e\u043d\u043b\u0430\u0439\u043d \u043a\u0443\u0440\u0441 \u043f\u043e \u044f\u043f\u043e\u043d\u0441\u043a\u0438","author":"Rafael Avelino","date":"14 de \u043d\u043e\u0435\u043c\u0432\u0440\u0438 de 2016","format":false,"excerpt":"Conhe\u00e7a curso online japon\u00eas expresso promete te ajudar a sair do zero no idioma japon\u00eas e tamb\u00e9m para quem tem viagem marcada para o Jap\u00e3o. CURSO N\u00c3O EST\u00c1 DISPONIVEL. Conhe\u00e7a o curso Completo do Sensei Luiz Rafael o ???? Programa Japon\u00eas Online! Quem gosta da cultura japonesa, seja animes, mangas,\u2026","rel":"","context":"Similar post","block_context":{"text":"Similar post","link":""},"img":{"alt_text":"Japon\u00eas Expresso curso online de japon\u00eas","src":"https:\/\/i0.wp.com\/comoaprenderjapones.net\/wp-content\/uploads\/2016\/11\/Japones_Expresso.jpg?fit=1200%2C696&ssl=1&resize=350%2C200","width":350,"height":200,"srcset":"https:\/\/i0.wp.com\/comoaprenderjapones.net\/wp-content\/uploads\/2016\/11\/Japones_Expresso.jpg?fit=1200%2C696&ssl=1&resize=350%2C200 1x, https:\/\/i0.wp.com\/comoaprenderjapones.net\/wp-content\/uploads\/2016\/11\/Japones_Expresso.jpg?fit=1200%2C696&ssl=1&resize=525%2C300 1.5x, https:\/\/i0.wp.com\/comoaprenderjapones.net\/wp-content\/uploads\/2016\/11\/Japones_Expresso.jpg?fit=1200%2C696&ssl=1&resize=700%2C400 2x, https:\/\/i0.wp.com\/comoaprenderjapones.net\/wp-content\/uploads\/2016\/11\/Japones_Expresso.jpg?fit=1200%2C696&ssl=1&resize=1050%2C600 3x"},"classes":[]},{"id":2786,"url":"https:\/\/comoaprenderjapones.net\/bg\/acompanhe\/","url_meta":{"origin":35,"position":1},"title":"\u0421\u043b\u0435\u0434\u0432\u0430\u0439\u0442\u0435","author":"Rafael Avelino","date":"12 de \u044e\u043d\u0438 de 2020","format":false,"excerpt":"Para n\u00e3o perder alguma novidade ou dica logo em seguida vou indicar v\u00e1rias op\u00e7\u00f5es para que voc\u00ea acompanhe o comoaprenderjapones.net da maneira que desejar e que mais goste. Acompanhe pelo Feed Um dos meios mais tradicionais para voc\u00ea receber as novidades instantaneamente quando algo \u00e9 publicado por aqui. Feed do\u2026","rel":"","context":"Similar post","block_context":{"text":"Similar post","link":""},"img":{"alt_text":"Acompanhe pelo Feedly o comoaprenderjapones.net","src":"https:\/\/i0.wp.com\/comoaprenderjapones.net\/wp-content\/uploads\/2020\/06\/feedly-follow.png?resize=350%2C200&ssl=1","width":350,"height":200},"classes":[]},{"id":94,"url":"https:\/\/comoaprenderjapones.net\/bg\/programa-japones-online\/","url_meta":{"origin":35,"position":2},"title":"Programa Japon\u00eas Online + Evento gr\u00e1tis Intensiv\u00e3o de japon\u00eas","author":"Rafael Avelino","date":"20 de \u043e\u043a\u0442\u043e\u043c\u0432\u0440\u0438 de 2014","format":false,"excerpt":"Conhe\u00e7a o curso de japon\u00eas Programa Japon\u00eas Online do Sensei Luiz Rafael! \u3053\u3093\u306b\u3061\u306f! Est\u00e1 procurando um m\u00e9todo eficiente que te ensine do ZERO a ter um n\u00edvel de flu\u00eancia que possa consumir conte\u00fados totalmente em japon\u00eas? O m\u00e9todo criado pelo Luiz Rafael j\u00e1 passou por muitas atualiza\u00e7\u00f5es e est\u00e1 no\u2026","rel":"","context":"Similar post","block_context":{"text":"Similar post","link":""},"img":{"alt_text":"Programa Japon\u00eas Online - Intensiv\u00e3o de japon\u00eas","src":"https:\/\/i0.wp.com\/comoaprenderjapones.net\/wp-content\/uploads\/2021\/01\/programa-japones-online-intensivao-de-japones-2021.jpg?fit=1200%2C932&ssl=1&resize=350%2C200","width":350,"height":200,"srcset":"https:\/\/i0.wp.com\/comoaprenderjapones.net\/wp-content\/uploads\/2021\/01\/programa-japones-online-intensivao-de-japones-2021.jpg?fit=1200%2C932&ssl=1&resize=350%2C200 1x, https:\/\/i0.wp.com\/comoaprenderjapones.net\/wp-content\/uploads\/2021\/01\/programa-japones-online-intensivao-de-japones-2021.jpg?fit=1200%2C932&ssl=1&resize=525%2C300 1.5x, https:\/\/i0.wp.com\/comoaprenderjapones.net\/wp-content\/uploads\/2021\/01\/programa-japones-online-intensivao-de-japones-2021.jpg?fit=1200%2C932&ssl=1&resize=700%2C400 2x, https:\/\/i0.wp.com\/comoaprenderjapones.net\/wp-content\/uploads\/2021\/01\/programa-japones-online-intensivao-de-japones-2021.jpg?fit=1200%2C932&ssl=1&resize=1050%2C600 3x"},"classes":[]},{"id":179,"url":"https:\/\/comoaprenderjapones.net\/bg\/mapa-site\/","url_meta":{"origin":35,"position":3},"title":"\u041a\u0430\u0440\u0442\u0430 \u043d\u0430 \u0441\u0430\u0439\u0442\u0430","author":"Rafael Avelino","date":"31 de \u044f\u043d\u0443\u0430\u0440\u0438 de 2015","format":false,"excerpt":"Mapa do Site Veja todos os artigos publicados aqui no Como Aprender Japon\u00eas","rel":"","context":"Similar post","block_context":{"text":"Similar post","link":""},"img":{"alt_text":"","src":"","width":0,"height":0},"classes":[]},{"id":4016,"url":"https:\/\/comoaprenderjapones.net\/bg\/curso-japones-club-por-skdesu\/","url_meta":{"origin":35,"position":4},"title":"Curso Japon\u00eas Club por Skdesu","author":"Rafael Avelino","date":"2 de \u0444\u0435\u0432\u0440\u0443\u0430\u0440\u0438 de 2023","format":false,"excerpt":"Advertorial Aprenda a L\u00edngua Japonesa com o Curso Japon\u00eas Club e Tenha a solu\u00e7\u00e3o definitiva para superar qualquer desafio! Mang\u00e1 Death Note Olha s\u00f3 o que voc\u00ea tem no Curso Japon\u00eas Club! + de 140 v\u00eddeo aulas em Alta Defini\u00e7\u00e3o Jogos e Atividades Interativas Pagamento \u00danico (N\u00e3o tem Mensalidades) Acesso\u2026","rel":"","context":"Similar post","block_context":{"text":"Similar post","link":""},"img":{"alt_text":"","src":"https:\/\/i0.wp.com\/comoaprenderjapones.net\/wp-content\/uploads\/2023\/02\/japones-club-advertorial.jpg?fit=1023%2C499&ssl=1&resize=350%2C200","width":350,"height":200,"srcset":"https:\/\/i0.wp.com\/comoaprenderjapones.net\/wp-content\/uploads\/2023\/02\/japones-club-advertorial.jpg?fit=1023%2C499&ssl=1&resize=350%2C200 1x, https:\/\/i0.wp.com\/comoaprenderjapones.net\/wp-content\/uploads\/2023\/02\/japones-club-advertorial.jpg?fit=1023%2C499&ssl=1&resize=525%2C300 1.5x, https:\/\/i0.wp.com\/comoaprenderjapones.net\/wp-content\/uploads\/2023\/02\/japones-club-advertorial.jpg?fit=1023%2C499&ssl=1&resize=700%2C400 2x"},"classes":[]},{"id":904,"url":"https:\/\/comoaprenderjapones.net\/bg\/metodo-fan-art\/","url_meta":{"origin":35,"position":5},"title":"\u041c\u0435\u0442\u043e\u0434 \u0437\u0430 \u0444\u0435\u043d \u0438\u0437\u043a\u0443\u0441\u0442\u0432\u043e 3.0 - \u041a\u0430\u043a \u0434\u0430 \u0440\u0438\u0441\u0443\u0432\u0430\u043c\u0435 \u0433\u0435\u0440\u043e\u0438 \u043e\u0442 \u0430\u043d\u0438\u043c\u0435","author":"Rafael Avelino","date":"15 de \u0444\u0435\u0432\u0440\u0443\u0430\u0440\u0438 de 2017","format":false,"excerpt":"Aprenda a como desenhar personagem de animes mesmo sem ter o \u201cdom\u201d passo a passo com o m\u00e9todo fan art 3.0 criado pela Mayara Rodrigues.\u00a0 Quem gosta da cultura japonesa, principalmente pelos animes, mangas j\u00e1 teve a curiosidade de saber se \u00e9 poss\u00edvel aprender a desenhar aquele personagem favorito mesmo\u2026","rel":"","context":"Similar post","block_context":{"text":"Similar post","link":""},"img":{"alt_text":"M\u00e9todo Fan Art 3.0 \u2013 Desenhe seu personagem de anime favorito!","src":"https:\/\/i0.wp.com\/comoaprenderjapones.net\/wp-content\/uploads\/2020\/12\/Metod-Fan-Art-3-0-Desenhar-Animes.jpg?fit=1200%2C628&ssl=1&resize=350%2C200","width":350,"height":200,"srcset":"https:\/\/i0.wp.com\/comoaprenderjapones.net\/wp-content\/uploads\/2020\/12\/Metod-Fan-Art-3-0-Desenhar-Animes.jpg?fit=1200%2C628&ssl=1&resize=350%2C200 1x, https:\/\/i0.wp.com\/comoaprenderjapones.net\/wp-content\/uploads\/2020\/12\/Metod-Fan-Art-3-0-Desenhar-Animes.jpg?fit=1200%2C628&ssl=1&resize=525%2C300 1.5x, https:\/\/i0.wp.com\/comoaprenderjapones.net\/wp-content\/uploads\/2020\/12\/Metod-Fan-Art-3-0-Desenhar-Animes.jpg?fit=1200%2C628&ssl=1&resize=700%2C400 2x, https:\/\/i0.wp.com\/comoaprenderjapones.net\/wp-content\/uploads\/2020\/12\/Metod-Fan-Art-3-0-Desenhar-Animes.jpg?fit=1200%2C628&ssl=1&resize=1050%2C600 3x"},"classes":[]}],"jetpack_sharing_enabled":false,"amp_enabled":true,"_links":{"self":[{"href":"https:\/\/comoaprenderjapones.net\/bg\/wp-json\/wp\/v2\/pages\/35","targetHints":{"allow":["GET"]}}],"collection":[{"href":"https:\/\/comoaprenderjapones.net\/bg\/wp-json\/wp\/v2\/pages"}],"about":[{"href":"https:\/\/comoaprenderjapones.net\/bg\/wp-json\/wp\/v2\/types\/page"}],"author":[{"embeddable":true,"href":"https:\/\/comoaprenderjapones.net\/bg\/wp-json\/wp\/v2\/users\/1"}],"replies":[{"embeddable":true,"href":"https:\/\/comoaprenderjapones.net\/bg\/wp-json\/wp\/v2\/comments?post=35"}],"version-history":[{"count":0,"href":"https:\/\/comoaprenderjapones.net\/bg\/wp-json\/wp\/v2\/pages\/35\/revisions"}],"wp:attachment":[{"href":"https:\/\/comoaprenderjapones.net\/bg\/wp-json\/wp\/v2\/media?parent=35"}],"curies":[{"name":"wp","href":"https:\/\/api.w.org\/{rel}","templated":true}]}}