{"id":9,"date":"2014-08-24T02:32:54","date_gmt":"2014-08-24T02:32:54","guid":{"rendered":"https:\/\/comoaprenderjapones.net\/?page_id=9"},"modified":"2022-02-07T19:38:46","modified_gmt":"2022-02-07T22:38:46","slug":"zasady-ochrany-osobnich-udaju","status":"publish","type":"page","link":"https:\/\/comoaprenderjapones.net\/cs\/politica-de-privacidade\/","title":{"rendered":"Z\u00e1sady ochrany osobn\u00edch \u00fadaj\u016f"},"content":{"rendered":"<div class=\"c0799bc3a0e94be098a47dd4bca28a45\" data-index=\"2\" style=\"float: none; margin:0px;\">\n<script async src=\"https:\/\/pagead2.googlesyndication.com\/pagead\/js\/adsbygoogle.js?client=ca-pub-0652292147574552\"\r\n     crossorigin=\"anonymous\"><\/script>\r\n<!-- Ads responsivo Inicio Post CAJap -->\r\n<ins class=\"adsbygoogle\"\r\n     style=\"display:block\"\r\n     data-ad-client=\"ca-pub-0652292147574552\"\r\n     data-ad-slot=\"3298668993\"\r\n     data-ad-format=\"auto\"><\/ins>\r\n<script>\r\n     (adsbygoogle = window.adsbygoogle || []).push({});\r\n<\/script>\n<\/div>\n\n<p>Tyto z\u00e1sady ochrany osobn\u00edch \u00fadaj\u016f byly vypracov\u00e1ny s c\u00edlem zajistit d\u016fv\u011brnost, soukrom\u00ed a ochranu osobn\u00edch \u00fadaj\u016f n\u00e1v\u0161t\u011bvn\u00edk\u016f t\u011bchto str\u00e1nek a u\u017eivatel\u016f na\u0161ich slu\u017eeb a chr\u00e1nit tyto informace p\u0159ed ztr\u00e1tou, zneu\u017eit\u00edm, neopr\u00e1vn\u011bn\u00fdm p\u0159\u00edstupem, zm\u011bnou a zni\u010den\u00edm.<\/p>\n\n\n\n<h2 class=\"wp-block-heading\" id=\"1-coleta-e-uso-das-informacoes\">1. Shroma\u017e\u010fov\u00e1n\u00ed a pou\u017e\u00edv\u00e1n\u00ed informac\u00ed<\/h2>\n\n\n\n<p>P\u0159\u00edstup na tyto str\u00e1nky m\u016f\u017ee b\u00fdt podm\u00edn\u011bn registrac\u00ed n\u00e1v\u0161t\u011bvn\u00edka, kdy jsou vy\u017eadov\u00e1ny informace, kter\u00e9 umo\u017e\u0148uj\u00ed identifikaci n\u00e1v\u0161t\u011bvn\u00edka a kontakt s na\u0161imi u\u017eivateli. Rozhodnut\u00edm o poskytnut\u00ed sv\u00fdch \u00fadaj\u016f u\u017eivatel prohla\u0161uje, \u017ee se sezn\u00e1mil s podm\u00ednkami t\u011bchto z\u00e1sad a \u017ee je p\u0159ij\u00edm\u00e1.Str\u00e1nky tak\u00e9 p\u0159ij\u00edmaj\u00ed a automaticky ukl\u00e1daj\u00ed prost\u0159ednictv\u00edm soubor\u016f cookie informace o \u010dinnosti prohl\u00ed\u017ee\u010de, v\u010detn\u011b IP adresy a nav\u0161t\u00edven\u00e9 str\u00e1nky. Tyto z\u00e1znamy o \u010dinnosti (protokoly) budou pou\u017eity pouze pro statistick\u00e9 \u00fa\u010dely a m\u011b\u0159en\u00ed poskytovan\u00fdch slu\u017eeb.<\/p>\n\n\n\n<h3 class=\"wp-block-heading\" id=\"cookies-e-web-beacons\">Soubory cookie a webov\u00e9 maj\u00e1ky<\/h3>\n\n\n\n<p>Pou\u017e\u00edv\u00e1me&nbsp;<a style=\"font-weight: inherit; font-style: inherit; color: #469db9;\" href=\"https:\/\/pt.wikipedia.org\/wiki\/Cookie\" target=\"_blank\" rel=\"noopener\">cookies<\/a>&nbsp;k ukl\u00e1d\u00e1n\u00ed informac\u00ed, jako jsou va\u0161e osobn\u00ed preference, kdy\u017e nav\u0161t\u00edv\u00edte web.&nbsp;<strong>Jak se u\u010dit japonsky<\/strong>. M\u016f\u017ee j\u00edt o jednoduch\u00e9 vyskakovac\u00ed okno nebo odkaz na r\u016fzn\u00e9 slu\u017eby, kter\u00e9 poskytujeme, nap\u0159\u00edklad f\u00f3ra.<\/p>\n\n\n\n<p>Spole\u010dnost Google vyu\u017e\u00edv\u00e1 nov\u00fd&nbsp;<a style=\"font-weight: inherit; font-style: inherit; color: #469db9;\" href=\"https:\/\/www.doubleclick.com\/privacy\/faq.aspx?ctx=tltp\" target=\"_blank\" rel=\"noopener\">Soubor cookie DART<\/a>&nbsp;k zobrazov\u00e1n\u00ed reklam na z\u00e1klad\u011b va\u0161ich z\u00e1jm\u016f a va\u0161\u00ed n\u00e1v\u0161t\u011bvy na\u0161eho blogu a dal\u0161\u00edch web\u016f na webu. Pou\u017e\u00edv\u00e1n\u00ed souboru cookie DART m\u016f\u017eete odm\u00edtnout na str\u00e1nce s reklamami spole\u010dnosti Google a jej\u00edm programem pro kontrolu.<\/p>\n\n\n\n<p>U\u017eivatel si je v\u011bdom a souhlas\u00ed s t\u00edm, \u017ee shrom\u00e1\u017ed\u011bn\u00e9 informace budou pou\u017eity pro n\u00e1sleduj\u00edc\u00ed \u00fa\u010dely: (a) informov\u00e1n\u00ed o nov\u00e9m obsahu, novink\u00e1ch a ud\u00e1lostech; (b) aktualizace kontaktn\u00edch \u00fadaj\u016f; (c) optimalizace pou\u017eitelnosti a interaktivn\u00edho z\u00e1\u017eitku b\u011bhem navigace u\u017eivatele na str\u00e1nk\u00e1ch; (d) zpracov\u00e1n\u00ed obecn\u00fdch statistik bez identifikace u\u017eivatel\u016f; (e) reakce na pochybnosti a \u017e\u00e1dosti samotn\u00fdch u\u017eivatel\u016f; a (f) spln\u011bn\u00ed pr\u00e1vn\u00edch nebo soudn\u00edch rozhodnut\u00ed. Vyhrazujeme si tak\u00e9 pr\u00e1vo pou\u017e\u00edt tyto z\u00e1znamy na individu\u00e1ln\u00edm z\u00e1klad\u011b v p\u0159\u00edpadech vy\u0161et\u0159ov\u00e1n\u00ed ob\u010danskopr\u00e1vn\u00edch nebo trestn\u00fdch \u010din\u016f, zejm\u00e9na p\u0159i podez\u0159en\u00ed na podvod, hackersk\u00e9 \u00fatoky, zm\u011bny syst\u00e9mu nebo neopr\u00e1vn\u011bn\u00fd p\u0159\u00edstup k chr\u00e1n\u011bn\u00fdm informac\u00edm a registra\u010dn\u00edm \u00fadaj\u016fm jin\u00fdch u\u017eivatel\u016f.<\/p>\n\n\n\n<h2 class=\"wp-block-heading\" id=\"2-guarda-e-responsabilidade-pelas-informacoes-coletadas\">2. Uchov\u00e1v\u00e1n\u00ed a odpov\u011bdnost za shrom\u00e1\u017ed\u011bn\u00e9 informace<\/h2>\n\n\n\n<p>Ve\u0161ker\u00e9 informace poskytnut\u00e9 u\u017eivateli budou z\u00edsk\u00e1ny a ulo\u017eeny v souladu s nejp\u0159\u00edsn\u011bj\u0161\u00edmi standardy bezpe\u010dnosti a spolehlivosti. Vynakl\u00e1d\u00e1me maxim\u00e1ln\u00ed \u00fasil\u00ed, abychom zachovali integritu informac\u00ed, kter\u00e9 n\u00e1m byly poskytnuty, a proto nejsme zodpov\u011bdn\u00ed za \u0161kody vznikl\u00e9 v d\u016fsledku p\u0159\u00edstupu k nim a\/nebo jejich pou\u017eit\u00ed t\u0159et\u00edmi stranami. P\u0159\u00edstup ke shrom\u00e1\u017ed\u011bn\u00fdm informac\u00edm maj\u00ed pouze zam\u011bstnanci a opr\u00e1vn\u011bn\u00e9 osoby. Osoby, kter\u00e9 tyto informace neopr\u00e1vn\u011bn\u011b pou\u017eij\u00ed v rozporu s t\u011bmito z\u00e1sadami ochrany osobn\u00edch \u00fadaj\u016f, budou vystaveny spr\u00e1vn\u00edm a disciplin\u00e1rn\u00edm sankc\u00edm, ani\u017e by byla vylou\u010dena p\u0159\u00edslu\u0161n\u00e1 pr\u00e1vn\u00ed opat\u0159en\u00ed. Informace o u\u017eivatel\u00edch zaregistrovan\u00fdch na t\u011bchto str\u00e1nk\u00e1ch nebudou nikdy p\u0159ed\u00e1v\u00e1ny t\u0159et\u00edm stran\u00e1m ani pou\u017eity k jin\u00fdm \u00fa\u010del\u016fm, ne\u017e pro kter\u00e9 byly shrom\u00e1\u017ed\u011bny, pokud to nebude stanoveno z\u00e1konem nebo soudem. Ve\u0161ker\u00e9 shrom\u00e1\u017ed\u011bn\u00e9 osobn\u00ed \u00fadaje budou za\u010dlen\u011bny do datab\u00e1ze t\u011bchto str\u00e1nek a spr\u00e1vce str\u00e1nek za n\u011b bude zodpov\u011bdn\u00fd.<\/p>\n\n\n\n<h2 class=\"wp-block-heading\" id=\"3-informacoes-opinioes-e-conteudos-gerados-por-terceiros\">3. Informace, n\u00e1zory a obsah vytvo\u0159en\u00fd t\u0159et\u00edmi stranami<\/h2>\n\n\n\n<p>Tyto str\u00e1nky umo\u017e\u0148uj\u00ed \u00fa\u010dast n\u00e1v\u0161t\u011bvn\u00edk\u016f\/u\u017eivatel\u016f prost\u0159ednictv\u00edm koment\u00e1\u0159\u016f, v\u00fdm\u011bny informac\u00ed, zve\u0159ej\u0148ov\u00e1n\u00ed obsahu vytvo\u0159en\u00e9ho t\u0159et\u00edmi stranami a \u0161\u00ed\u0159en\u00ed reklamy. N\u00e1v\u0161t\u011bvn\u00edci, u\u017eivatel\u00e9 a inzerenti si t\u00edmto uv\u011bdomuj\u00ed, \u017ee nesm\u00ed zve\u0159ej\u0148ovat informace, n\u00e1zory nebo obsah, kter\u00fd je nemor\u00e1ln\u00ed, nez\u00e1konn\u00fd, rasistick\u00fd, hanliv\u00fd, po\u0161kozuj\u00edc\u00ed, pornografick\u00fd, krimin\u00e1ln\u00ed nebo jak\u00fdkoli obsah, kter\u00fd poru\u0161uje pr\u00e1va autora. Jste si rovn\u011b\u017e v\u011bdomi toho, \u017ee ve\u0161ker\u00e9 informace, obsah nebo n\u00e1zory poskytnut\u00e9 nebo voln\u011b zve\u0159ejn\u011bn\u00e9 na t\u011bchto str\u00e1nk\u00e1ch, s v\u00fdjimkou osobn\u00edch \u00fadaj\u016f po\u017eadovan\u00fdch pro \u00fa\u010dely registrace, NEJSOU D\u016eV\u011aRN\u00c9 ANI CHR\u00c1N\u011aN\u00c9 T\u011aMITO Z\u00c1SADAMI OCHRANY OSOBN\u00cdCH \u00daDAJ\u016e a mohou b\u00fdt voln\u011b p\u0159\u00edstupn\u00e9 a prohl\u00ed\u017een\u00e9 ostatn\u00edmi n\u00e1v\u0161t\u011bvn\u00edky a u\u017eivateli. Zak\u00e1z\u00e1na je tak\u00e9 reklama nebo jak\u00e9koli \u0161\u00ed\u0159en\u00ed v\u00fdrobk\u016f, slu\u017eeb nebo akc\u00ed, kter\u00e9 jsou v rozporu se z\u00e1konem, dobr\u00fdmi mravy a zvyky. Subjekty odpov\u011bdn\u00e9 za tyto str\u00e1nky nenesou odpov\u011bdnost za informace, n\u00e1zory a obsah vytvo\u0159en\u00fd t\u0159et\u00edmi stranami, ani za kvalitu nebo pravdivost produkt\u016f, slu\u017eeb nebo ud\u00e1lost\u00ed zve\u0159ejn\u011bn\u00fdch prost\u0159ednictv\u00edm t\u011bchto str\u00e1nek.  Jak\u00e9koli nemor\u00e1ln\u00ed nebo nez\u00e1konn\u00e9 projevy, reprodukce nebo zve\u0159ejn\u011bn\u00ed mus\u00ed b\u00fdt ozn\u00e1meny organiz\u00e1tor\u016fm t\u011bchto str\u00e1nek a budou okam\u017eit\u011b odstran\u011bny. Ozn\u00e1men\u00ed by m\u011blo b\u00fdt zasl\u00e1no na adresu osob odpov\u011bdn\u00fdch za danou lokalitu.<\/p>\n\n\n\n<h2 class=\"wp-block-heading\" id=\"4-responsabilidade-dos-usuarios\">4. Odpov\u011bdnost u\u017eivatel\u016f<\/h2>\n\n\n\n<p>U\u017eivatel je zodpov\u011bdn\u00fd za to, aby si sv\u00e9 heslo a p\u0159ihla\u0161ovac\u00ed \u00fadaje uchov\u00e1val. Nedoporu\u010dujeme pou\u017e\u00edvat zjevn\u00e1 hesla, jako jsou speci\u00e1ln\u00ed data, jm\u00e9na nebo \u010d\u00edseln\u00e9 sekvence. Pokud u\u017eivatel zjist\u00ed nebo m\u00e1 jen podez\u0159en\u00ed, \u017ee jeho heslo bylo prolomeno, m\u011bl by si ho na sv\u00e9 registra\u010dn\u00ed str\u00e1nce zm\u011bnit. Zavazujeme se chr\u00e1nit soukrom\u00ed d\u011bt\u00ed online. Jak\u00e1koli registrace nezletil\u00fdch osob se prov\u00e1d\u00ed pouze za \u00fa\u010delem \u00fa\u010dasti v omezen\u00fdch oblastech webu s v\u00fdukov\u00fdm obsahem. \u00dadaje o nezletil\u00fdch budou pou\u017eity pouze pro odpov\u011bdi na dotazy, akademick\u00e9 ot\u00e1zky, pl\u00e1nov\u00e1n\u00ed p\u0159edn\u00e1\u0161ek ve \u0161kol\u00e1ch nebo pro \u00fa\u010dely obecn\u00e9 statistiky. Doporu\u010dujeme tak\u00e9, aby nezletil\u00ed byli v\u017edy pod dohledem sv\u00fdch opatrovn\u00edk\u016f, kte\u0159\u00ed mohou kdykoli po\u017e\u00e1dat o zru\u0161en\u00ed registrace. Tato politika podl\u00e9h\u00e1 neust\u00e1l\u00e9mu zlep\u0161ov\u00e1n\u00ed a zdokonalov\u00e1n\u00ed. Doporu\u010dujeme proto jeho pravideln\u00e9 konzultace.<\/p>\n\n<div style=\"font-size: 0px; height: 0px; line-height: 0px; margin: 0; padding: 0; clear: both;\"><\/div>","protected":false},"excerpt":{"rendered":"<p>Esta Pol\u00edtica de Privacidade foi elaborada visando zelar pela confidencialidade, privacidade e prote\u00e7\u00e3o dos dados pessoais dos visitantes deste site e dos usu\u00e1rios de nossos servi\u00e7os, protegendo essas informa\u00e7\u00f5es de perdas, uso impr\u00f3prio, acesso n\u00e3o<\/p>","protected":false},"author":1,"featured_media":0,"parent":0,"menu_order":0,"comment_status":"closed","ping_status":"closed","template":"","meta":{"footnotes":""},"class_list":["post-9","page","type-page","status-publish"],"jetpack-related-posts":[{"id":4016,"url":"https:\/\/comoaprenderjapones.net\/cs\/curso-japones-club-por-skdesu\/","url_meta":{"origin":9,"position":0},"title":"Curso Japon\u00eas Club por Skdesu","author":"Rafael Avelino","date":"2 de \u00danor de 2023","format":false,"excerpt":"Advertorial Aprenda a L\u00edngua Japonesa com o Curso Japon\u00eas Club e Tenha a solu\u00e7\u00e3o definitiva para superar qualquer desafio! Mang\u00e1 Death Note Olha s\u00f3 o que voc\u00ea tem no Curso Japon\u00eas Club! + de 140 v\u00eddeo aulas em Alta Defini\u00e7\u00e3o Jogos e Atividades Interativas Pagamento \u00danico (N\u00e3o tem Mensalidades) Acesso\u2026","rel":"","context":"Podobn\u00fd p\u0159\u00edsp\u011bvek","block_context":{"text":"Podobn\u00fd p\u0159\u00edsp\u011bvek","link":""},"img":{"alt_text":"","src":"https:\/\/i0.wp.com\/comoaprenderjapones.net\/wp-content\/uploads\/2023\/02\/japones-club-advertorial.jpg?fit=1023%2C499&ssl=1&resize=350%2C200","width":350,"height":200,"srcset":"https:\/\/i0.wp.com\/comoaprenderjapones.net\/wp-content\/uploads\/2023\/02\/japones-club-advertorial.jpg?fit=1023%2C499&ssl=1&resize=350%2C200 1x, https:\/\/i0.wp.com\/comoaprenderjapones.net\/wp-content\/uploads\/2023\/02\/japones-club-advertorial.jpg?fit=1023%2C499&ssl=1&resize=525%2C300 1.5x, https:\/\/i0.wp.com\/comoaprenderjapones.net\/wp-content\/uploads\/2023\/02\/japones-club-advertorial.jpg?fit=1023%2C499&ssl=1&resize=700%2C400 2x"},"classes":[]},{"id":179,"url":"https:\/\/comoaprenderjapones.net\/cs\/mapa-site\/","url_meta":{"origin":9,"position":1},"title":"Mapa str\u00e1nek","author":"Rafael Avelino","date":"31 de Leden de 2015","format":false,"excerpt":"Mapa do Site Veja todos os artigos publicados aqui no Como Aprender Japon\u00eas","rel":"","context":"Podobn\u00fd p\u0159\u00edsp\u011bvek","block_context":{"text":"Podobn\u00fd p\u0159\u00edsp\u011bvek","link":""},"img":{"alt_text":"","src":"","width":0,"height":0},"classes":[]},{"id":860,"url":"https:\/\/comoaprenderjapones.net\/cs\/japones-expresso-curso-online-japones\/","url_meta":{"origin":9,"position":2},"title":"Japon\u00eas Expresso: Curso online de japon\u00eas","author":"Rafael Avelino","date":"14 de Listopad de 2016","format":false,"excerpt":"Conhe\u00e7a curso online japon\u00eas expresso promete te ajudar a sair do zero no idioma japon\u00eas e tamb\u00e9m para quem tem viagem marcada para o Jap\u00e3o. CURSO N\u00c3O EST\u00c1 DISPONIVEL. Conhe\u00e7a o curso Completo do Sensei Luiz Rafael o ???? Programa Japon\u00eas Online! Quem gosta da cultura japonesa, seja animes, mangas,\u2026","rel":"","context":"Podobn\u00fd p\u0159\u00edsp\u011bvek","block_context":{"text":"Podobn\u00fd p\u0159\u00edsp\u011bvek","link":""},"img":{"alt_text":"Japon\u00eas Expresso curso online de japon\u00eas","src":"https:\/\/i0.wp.com\/comoaprenderjapones.net\/wp-content\/uploads\/2016\/11\/Japones_Expresso.jpg?fit=1200%2C696&ssl=1&resize=350%2C200","width":350,"height":200,"srcset":"https:\/\/i0.wp.com\/comoaprenderjapones.net\/wp-content\/uploads\/2016\/11\/Japones_Expresso.jpg?fit=1200%2C696&ssl=1&resize=350%2C200 1x, https:\/\/i0.wp.com\/comoaprenderjapones.net\/wp-content\/uploads\/2016\/11\/Japones_Expresso.jpg?fit=1200%2C696&ssl=1&resize=525%2C300 1.5x, https:\/\/i0.wp.com\/comoaprenderjapones.net\/wp-content\/uploads\/2016\/11\/Japones_Expresso.jpg?fit=1200%2C696&ssl=1&resize=700%2C400 2x, https:\/\/i0.wp.com\/comoaprenderjapones.net\/wp-content\/uploads\/2016\/11\/Japones_Expresso.jpg?fit=1200%2C696&ssl=1&resize=1050%2C600 3x"},"classes":[]},{"id":2786,"url":"https:\/\/comoaprenderjapones.net\/cs\/acompanhe\/","url_meta":{"origin":9,"position":3},"title":"Sledujte","author":"Rafael Avelino","date":"12 de \u010cerven de 2020","format":false,"excerpt":"Para n\u00e3o perder alguma novidade ou dica logo em seguida vou indicar v\u00e1rias op\u00e7\u00f5es para que voc\u00ea acompanhe o comoaprenderjapones.net da maneira que desejar e que mais goste. Acompanhe pelo Feed Um dos meios mais tradicionais para voc\u00ea receber as novidades instantaneamente quando algo \u00e9 publicado por aqui. Feed do\u2026","rel":"","context":"Podobn\u00fd p\u0159\u00edsp\u011bvek","block_context":{"text":"Podobn\u00fd p\u0159\u00edsp\u011bvek","link":""},"img":{"alt_text":"Acompanhe pelo Feedly o comoaprenderjapones.net","src":"https:\/\/i0.wp.com\/comoaprenderjapones.net\/wp-content\/uploads\/2020\/06\/feedly-follow.png?resize=350%2C200&ssl=1","width":350,"height":200},"classes":[]},{"id":35,"url":"https:\/\/comoaprenderjapones.net\/cs\/sobre\/","url_meta":{"origin":9,"position":4},"title":"O str\u00e1nk\u00e1ch","author":"Rafael Avelino","date":"24 de Srpen de 2014","format":false,"excerpt":"Ol\u00e1 Minna! Sou Rafael admin deste site, como vai? Muito obrigado por visitar este site que pretende passar dicas de como aprender japon\u00eas para quem est\u00e1 iniciando, assim como eu. Vamos tentar abordar tudo que possa ajudar no seu aprendizado do idioma japon\u00eas, que vai desde animes,m\u00fasicas,mangas e tamb\u00e9m o\u2026","rel":"","context":"Podobn\u00fd p\u0159\u00edsp\u011bvek","block_context":{"text":"Podobn\u00fd p\u0159\u00edsp\u011bvek","link":""},"img":{"alt_text":"","src":"","width":0,"height":0},"classes":[]},{"id":94,"url":"https:\/\/comoaprenderjapones.net\/cs\/programa-japones-online\/","url_meta":{"origin":9,"position":5},"title":"Online program japon\u0161tiny + Intenzivn\u00ed akce japon\u0161tiny zdarma","author":"Rafael Avelino","date":"20 de \u0158\u00edjen de 2014","format":false,"excerpt":"Conhe\u00e7a o curso de japon\u00eas Programa Japon\u00eas Online do Sensei Luiz Rafael! \u3053\u3093\u306b\u3061\u306f! Est\u00e1 procurando um m\u00e9todo eficiente que te ensine do ZERO a ter um n\u00edvel de flu\u00eancia que possa consumir conte\u00fados totalmente em japon\u00eas? O m\u00e9todo criado pelo Luiz Rafael j\u00e1 passou por muitas atualiza\u00e7\u00f5es e est\u00e1 no\u2026","rel":"","context":"Podobn\u00fd p\u0159\u00edsp\u011bvek","block_context":{"text":"Podobn\u00fd p\u0159\u00edsp\u011bvek","link":""},"img":{"alt_text":"Programa Japon\u00eas Online - Intensiv\u00e3o de japon\u00eas","src":"https:\/\/i0.wp.com\/comoaprenderjapones.net\/wp-content\/uploads\/2021\/01\/programa-japones-online-intensivao-de-japones-2021.jpg?fit=1200%2C932&ssl=1&resize=350%2C200","width":350,"height":200,"srcset":"https:\/\/i0.wp.com\/comoaprenderjapones.net\/wp-content\/uploads\/2021\/01\/programa-japones-online-intensivao-de-japones-2021.jpg?fit=1200%2C932&ssl=1&resize=350%2C200 1x, https:\/\/i0.wp.com\/comoaprenderjapones.net\/wp-content\/uploads\/2021\/01\/programa-japones-online-intensivao-de-japones-2021.jpg?fit=1200%2C932&ssl=1&resize=525%2C300 1.5x, https:\/\/i0.wp.com\/comoaprenderjapones.net\/wp-content\/uploads\/2021\/01\/programa-japones-online-intensivao-de-japones-2021.jpg?fit=1200%2C932&ssl=1&resize=700%2C400 2x, https:\/\/i0.wp.com\/comoaprenderjapones.net\/wp-content\/uploads\/2021\/01\/programa-japones-online-intensivao-de-japones-2021.jpg?fit=1200%2C932&ssl=1&resize=1050%2C600 3x"},"classes":[]}],"jetpack_sharing_enabled":false,"amp_enabled":true,"_links":{"self":[{"href":"https:\/\/comoaprenderjapones.net\/cs\/wp-json\/wp\/v2\/pages\/9","targetHints":{"allow":["GET"]}}],"collection":[{"href":"https:\/\/comoaprenderjapones.net\/cs\/wp-json\/wp\/v2\/pages"}],"about":[{"href":"https:\/\/comoaprenderjapones.net\/cs\/wp-json\/wp\/v2\/types\/page"}],"author":[{"embeddable":true,"href":"https:\/\/comoaprenderjapones.net\/cs\/wp-json\/wp\/v2\/users\/1"}],"replies":[{"embeddable":true,"href":"https:\/\/comoaprenderjapones.net\/cs\/wp-json\/wp\/v2\/comments?post=9"}],"version-history":[{"count":0,"href":"https:\/\/comoaprenderjapones.net\/cs\/wp-json\/wp\/v2\/pages\/9\/revisions"}],"wp:attachment":[{"href":"https:\/\/comoaprenderjapones.net\/cs\/wp-json\/wp\/v2\/media?parent=9"}],"curies":[{"name":"wp","href":"https:\/\/api.w.org\/{rel}","templated":true}]}}