{"id":904,"date":"2017-02-15T20:39:01","date_gmt":"2017-02-15T22:39:01","guid":{"rendered":"https:\/\/comoaprenderjapones.net\/?page_id=904"},"modified":"2022-09-05T15:01:47","modified_gmt":"2022-09-05T18:01:47","slug":"metoda-fanouskovskeho-umeni","status":"publish","type":"page","link":"https:\/\/comoaprenderjapones.net\/cs\/metodo-fan-art\/","title":{"rendered":"Fan Art Method 3.0 - Jak kreslit postavy z anime"},"content":{"rendered":"<div class=\"c0799bc3a0e94be098a47dd4bca28a45\" data-index=\"2\" style=\"float: none; margin:0px;\">\n<script async src=\"https:\/\/pagead2.googlesyndication.com\/pagead\/js\/adsbygoogle.js?client=ca-pub-0652292147574552\"\r\n     crossorigin=\"anonymous\"><\/script>\r\n<!-- Ads responsivo Inicio Post CAJap -->\r\n<ins class=\"adsbygoogle\"\r\n     style=\"display:block\"\r\n     data-ad-client=\"ca-pub-0652292147574552\"\r\n     data-ad-slot=\"3298668993\"\r\n     data-ad-format=\"auto\"><\/ins>\r\n<script>\r\n     (adsbygoogle = window.adsbygoogle || []).push({});\r\n<\/script>\n<\/div>\n\n<div class=\"addthis_inline_share_toolbox\"><\/div>\n\n\n\n<p><em>Nau\u010dte se, jak <strong>jak kreslit anime postavy<\/strong> i bez postupn\u00e9ho \"daru\" v podob\u011b <strong>metoda fanou\u0161kovsk\u00e9ho um\u011bn\u00ed 3.0 <\/strong>vytvo\u0159il<strong> <\/strong>Mayara Rodrigues.\u00a0<\/em><\/p>\n\n\n\n<p>Ka\u017ed\u00fd, kdo m\u00e1 r\u00e1d japonskou kulturu, zejm\u00e9na anime a mangu, byl zv\u011bdav\u00fd, zda je mo\u017en\u00e9 nau\u010dit se kreslit sv\u00e9 obl\u00edben\u00e9 postavy, i kdy\u017e k tomu nem\u00e1 vlohy, \"dar\" kreslen\u00ed.<\/p>\n\n\n\n<p>Velk\u00fdm probl\u00e9mem je, \u017ee bez dobr\u00e9 metody nebo n\u011bkoho, kdo v\u00e1s m\u016f\u017ee u\u010dit praktick\u00fdm zp\u016fsobem, je t\u011b\u017ek\u00e9 se to nau\u010dit s\u00e1m.<\/p>\n\n\n\n\n\n\n<p>S t\u00edmto v\u011bdom\u00edm <a href=\"https:\/\/comoaprenderjapones.net\/cs\/in\/conheca-o-metodo-fan-art\/\" target=\"_blank\" rel=\"noopener\">Mayara se rozhodla vytvo\u0159it jednoduchou metodu<\/a>Je praktick\u00e1 a zam\u011b\u0159uje se na to, co je skute\u010dn\u011b d\u016fle\u017eit\u00e9.<\/p>\n\n\n\n<h2 class=\"wp-block-heading\">Co je fanou\u0161kovsk\u00e9 um\u011bn\u00ed?<\/h2>\n\n\n\n<p>V\u00edte. <strong>co je fanou\u0161kovsk\u00e9 um\u011bn\u00ed<\/strong>? N\u00ed\u017ee naleznete stru\u010dn\u00e9 vysv\u011btlen\u00ed a pot\u00e9 se dozv\u00edte v\u00edce informac\u00ed o. <a href=\"https:\/\/comoaprenderjapones.net\/cs\/metoda-fanouskovskeho-umeni\/\">Metoda fanou\u0161kovsk\u00e9ho um\u011bn\u00ed<\/a> kter\u00fd je v Braz\u00edlii velmi popul\u00e1rn\u00ed pro ty, kte\u0159\u00ed se cht\u011bj\u00ed nau\u010dit kreslit anime:<\/p>\n\n\n\n<blockquote class=\"wp-block-quote is-layout-flow wp-block-quote-is-layout-flow\"><p>Fanart, fanart nebo fanou\u0161kovsk\u00e9 um\u011bn\u00ed je um\u011bleck\u00e9 d\u00edlo zalo\u017een\u00e9 na postav\u011b, fantazii, p\u0159edm\u011btu nebo zn\u00e1m\u00e9m d\u00edle, kter\u00e9 vytvo\u0159ili fanou\u0161ci. Tento term\u00edn se m\u016f\u017ee vztahovat jak na fanou\u0161kovsk\u00e9 um\u011bn\u00ed postav z ur\u010dit\u00e9 knihy (knih), tak na um\u011bn\u00ed odvozen\u00e9 z vizu\u00e1ln\u00edch m\u00e9di\u00ed, jako jsou komiksy, filmy a\/nebo videohry. Obvykle se vztahuje na um\u011bleck\u00e1 d\u00edla amat\u00e9rsk\u00fdch um\u011blc\u016f nebo um\u011blc\u016f, kte\u0159\u00ed nejsou za svou pr\u00e1ci placeni. Jedn\u00e1 se o d\u00edlo vytvo\u0159en\u00e9 fanou\u0161ky na z\u00e1klad\u011b jejich vlastn\u00ed p\u0159edstavivosti o p\u016fvodn\u00edm d\u00edle.<br \/>Zdroj:&nbsp;<a href=\"https:\/\/pt.wikipedia.org\/wiki\/Fanart\" target=\"_blank\" rel=\"noopener\">Wikipedia<\/a><\/p><\/blockquote>\n\n\n\n<p>Poj\u010fme se nyn\u00ed dozv\u011bd\u011bt, o \u010dem tento kurz je, stejn\u011b jako jeho tv\u016frce a posudky od lid\u00ed, kte\u0159\u00ed jej p\u0159ijali a schv\u00e1lili.<\/p>\n\n\n\n<h2 class=\"wp-block-heading\">Co je metoda fanou\u0161kovsk\u00e9ho um\u011bn\u00ed?<\/h2>\n\n\n\n<p>Metoda vytvo\u0159en\u00e1 s c\u00edlem nau\u010dit lidi, kte\u0159\u00ed se cht\u011bj\u00ed nau\u010dit kreslit sv\u00e9 obl\u00edben\u00e9 anime postavy bez v\u011bt\u0161\u00edch pot\u00ed\u017e\u00ed, dob\u0159e vysv\u011btlen\u00fdm a didaktick\u00fdm postupem krok za krokem.<\/p>\n\n\n\n<p>Nau\u010dte se kreslit podobn\u011b, jako autor p\u016fvodn\u00edho anime kreslil postavu, kterou vytvo\u0159il.<\/p>\n\n\n\n<h3 class=\"wp-block-heading\"><strong>Mayara Rodrigues tv\u016frce<\/strong> kurzu<\/h3>\n\n\n<div class=\"wp-block-image\">\n<figure class=\"alignleft\"><a href=\"https:\/\/comoaprenderjapones.net\/cs\/in\/conheca-o-metodo-fan-art\/\" rel=\"nofollow noopener\"><img data-recalc-dims=\"1\" decoding=\"async\" width=\"300\" height=\"247\" src=\"https:\/\/i0.wp.com\/comoaprenderjapones.net\/wp-content\/uploads\/2018\/09\/Mayara-Rodrigues.png?resize=300%2C247&#038;ssl=1\" alt=\"Mayara Rodrigues tv\u016frce metody Fan Art\" class=\"wp-image-2430\" srcset=\"https:\/\/i0.wp.com\/comoaprenderjapones.net\/wp-content\/uploads\/2018\/09\/Mayara-Rodrigues.png?resize=300%2C247&amp;ssl=1 300w, https:\/\/i0.wp.com\/comoaprenderjapones.net\/wp-content\/uploads\/2018\/09\/Mayara-Rodrigues.png?w=543&amp;ssl=1 543w\" sizes=\"(max-width: 300px) 100vw, 300px\" \/><\/a><figcaption><strong>Mayara Rodrigues<\/strong> tv\u016frce metody Fan Art<\/figcaption><\/figure>\n<\/div>\n\n\n<p><strong>Mayara Rodrigues<\/strong>Stejn\u011b jako mnoho Brazilc\u016f se za\u010dal zaj\u00edmat o anime a nejrad\u011bji m\u011bl Digimony, co\u017e v n\u011bm vyvolalo touhu nau\u010dit se kreslit sv\u00e9 obl\u00edben\u00e9 postavy.<\/p>\n\n\n\n<p>Velk\u00fdm probl\u00e9mem bylo, \u017ee kdy\u017e se pokou\u0161ela kreslit, ned\u011blala velk\u00e9 pokroky, a kurz kreslen\u00ed nebyl p\u0159\u00edli\u0161 levn\u00fd ani bl\u00edzko jej\u00edho domova.<\/p>\n\n\n\n<p>Pak si za\u010dala kupovat \u010dasopisy, kde se u\u010dilo kreslit, v\u011bt\u0161inou japonsk\u00fdmi metodami.<\/p>\n\n\n\n<p>Po dlouh\u00e9m p\u0159em\u00fd\u0161len\u00ed, a\u017e po mnoha letech, skute\u010dn\u011b pochopila, jak kreslit anime.<\/p>\n\n\n\n<p class=\"has-text-align-center\"><a class=\"fasc-button fasc-size-large fasc-type-popout fasc-rounded-medium ico-fa fasc-ico-before fa-youtube-play\" style=\"background-color: #cc2f1a; color: #ffffff;\" target=\"_blank\" rel=\"nofollow noopener\" href=\"https:\/\/comoaprenderjapones.net\/cs\/in\/conheca-historia-da-mayara-rodrigues\/\">V\u00edce o jeho p\u0159\u00edb\u011bhu se dozv\u00edte kliknut\u00edm sem!<\/a><\/p>\n\n\n\n<h3 class=\"wp-block-heading\">Co je obsahem metody Fan Art?<\/h3>\n\n\n\n<p>Kurz se nezdr\u017euje, proto\u017ee jde p\u0159\u00edmo k v\u011bci - sta\u010d\u00ed se pod\u00edvat na t\u00e9mata, kter\u00e1 jsou v online kurzu prob\u00edr\u00e1na. <strong>metoda fanou\u0161kovsk\u00e9ho um\u011bn\u00ed 3.0<\/strong> m\u00e1:<\/p>\n\n\n\n<ol class=\"wp-block-list\"><li>Anal\u00fdza obrazu<\/li><li>Techniky skicov\u00e1n\u00ed<\/li><li>Anatomie obli\u010deje + variace \u00fahl\u016f<\/li><li>Anatomie t\u011bla a pohyb\u016f<\/li><li>Tajemstv\u00ed tvorby anime\/manga vlas\u016f...<\/li><li>Dokonal\u00e9 ruce a nohy va\u0161\u00ed postavy...<\/li><li>Kreslen\u00ed oble\u010den\u00ed postav<\/li><li>Finalizace perokreseb<\/li><li>\u00davod do malov\u00e1n\u00ed + Sv\u011btlo a st\u00edn<\/li><\/ol>\n\n\n\n<h3 class=\"wp-block-heading\">Bonusy pro Fan Art Method 3.0<\/h3>\n\n\n\n<p>A tak\u00e9 jako zvyky <strong>+ 5 bonus\u016f<\/strong> k dal\u0161\u00edmu vylep\u0161en\u00ed va\u0161ich n\u00e1vrh\u016f:<\/p>\n\n\n\n<ul class=\"wp-block-list\"><li>Tajemstv\u00ed kreslen\u00ed o\u010d\u00ed<\/li><li>Vyt\u00e1p\u011bn\u00ed a sledov\u00e1n\u00ed<\/li><li>Pou\u017eit\u00ed v\u0161ech modul\u016f kurzu v jednom v\u00fdkresu<\/li><li>P\u0159\u00edstup do exkluzivn\u00ed studentsk\u00e9 skupiny<\/li><li>Osv\u011bd\u010den\u00ed o absolvov\u00e1n\u00ed<\/li><\/ul>\n\n\n<div class=\"wp-block-image\">\n<figure class=\"aligncenter\"><img data-recalc-dims=\"1\" decoding=\"async\" width=\"900\" height=\"475\" src=\"https:\/\/i0.wp.com\/comoaprenderjapones.net\/wp-content\/uploads\/2017\/02\/Area_de_Membros_Metodo_fan_art.jpg?resize=900%2C475&#038;ssl=1\" alt=\"\u010clensk\u00e1 oblast Metoda fanou\u0161kovsk\u00e9ho um\u011bn\u00ed\" class=\"wp-image-906\" srcset=\"https:\/\/i0.wp.com\/comoaprenderjapones.net\/wp-content\/uploads\/2017\/02\/Area_de_Membros_Metodo_fan_art.jpg?w=900&amp;ssl=1 900w, https:\/\/i0.wp.com\/comoaprenderjapones.net\/wp-content\/uploads\/2017\/02\/Area_de_Membros_Metodo_fan_art.jpg?resize=300%2C158&amp;ssl=1 300w, https:\/\/i0.wp.com\/comoaprenderjapones.net\/wp-content\/uploads\/2017\/02\/Area_de_Membros_Metodo_fan_art.jpg?resize=768%2C405&amp;ssl=1 768w\" sizes=\"(max-width: 900px) 100vw, 900px\" \/><\/figure>\n<\/div>\n\n\n<p>K dispozici budete m\u00edt tak\u00e9 uzav\u0159enou skupinu na Facebooku, kde m\u016f\u017eete zodpov\u011bd\u011bt p\u0159\u00edpadn\u00e9 dotazy autorovi kurzu.<\/p>\n\n\n\n<p>Z\u00e1zrak samoz\u0159ejm\u011b neexistuje, ale ur\u010dit\u011b se budete u\u010dit od t\u011bch, kte\u0159\u00ed se v t\u00e9to oblasti vyznaj\u00ed, kdy\u017e budete cvi\u010dit ka\u017ed\u00fd den a uvid\u00edte, jak rychle d\u011bl\u00e1te pokroky.<\/p>\n\n\n\n<h2 class=\"wp-block-heading\">Budu se u\u010dit kreslit anime postavy?<\/h2>\n\n\n\n<p>Pro ty z v\u00e1s, kte\u0159\u00ed se cht\u011bj\u00ed nau\u010dit kreslit anime postavy jednoduch\u00fdm a p\u0159\u00edmo\u010dar\u00fdm zp\u016fsobem, je ur\u010den tento program. <strong>metoda fanou\u0161kovsk\u00e9ho um\u011bn\u00ed funguje<\/strong> a je pro v\u00e1s ide\u00e1ln\u00ed!<\/p>\n\n\n\n<p>Pod\u00edvejte se n\u00ed\u017ee na Maya\u0159iny studenty, kte\u0159\u00ed ji\u017e dosahuj\u00ed vynikaj\u00edc\u00edch v\u00fdsledk\u016f a pln\u00ed si sv\u016fj sen nau\u010dit se kreslit sv\u00e9 obl\u00edben\u00e9 anime postavy.<\/p>\n\n\n\n<h3 class=\"wp-block-heading\">Sv\u011bdectv\u00ed student\u016f<\/h3>\n\n\n\n<p>Pod\u00edvejte se na ohlasy \u017e\u00e1k\u016f, kte\u0159\u00ed jsou r\u00e1di, \u017ee nakreslili sv\u00e9 obl\u00edben\u00e9 anime postavy:<br \/><\/p>\n\n\n<div class=\"message_box announce\"><p><\/p>\n<blockquote><p>Gratuluji ke kurzu Mayara, mysl\u00edm, \u017ee to bylo velmi dobr\u00e9. U\u017e jsem ho doporu\u010dila n\u011bkolika p\u0159\u00e1tel\u016fm, stoj\u00ed to za to. Velmi p\u0159\u00edmo\u010dar\u00e9, jsem u\u017e na 4. modulu a rozd\u00edl je absurdn\u00ed od m\u00fdch star\u00fdch kreseb a\u017e po te\u010f, ka\u017ed\u00fdm dnem se zlep\u0161uji. Gratuluji a p\u0159eji \u00fasp\u011bch. Bjs<\/p>\n<p><strong>Jo\u00e3o Gabriel Alvarenga<\/strong><\/p><\/blockquote>\n<p><\/p><\/div>\n\n\n<div class=\"message_box announce\"><p><\/p>\n<blockquote><p>Kdysi jsem se zbl\u00e1znil, kdy\u017e jsem cht\u011bl nakreslit Erena Yeagera!!! U\u017e jsem si jich p\u00e1r opsala, ale dneska jsem ho nakreslila, ani\u017e bych se na n\u011bj pod\u00edvala!!! Podle v\u0161eho, co jste u\u010dili v kurzu!!!<br \/>\nTooo happy dmais, brzy si ud\u011bl\u00e1m plak\u00e1t a d\u00e1m si ho sem do pokoje hehehe!!! D\u00edky Mayy, tv\u016fj kurz je \u00fa\u017easn\u00fd!!!<\/p>\n<p><strong>Marcos Vinicius Viana<\/strong><\/p><\/blockquote>\n<p><\/p><\/div>\n\n\n\n<p>Pod\u00edvejte se tak\u00e9 na sv\u011bdectv\u00ed o v\u00fdsledc\u00edch, kter\u00fdch va\u0161i studenti dos\u00e1hli, kdy\u017e uk\u00e1zali sv\u00e9 v\u00fdkresy n\u00ed\u017ee:<br \/><\/p>\n\n\n<div class=\"tab_widget wp_shortcodes_tabs\"><ul class=\"wps_tabs\"><li><a href=\"#\" data-tab=\"tab-0-depoimento-jonathan\">Jonathanovo sv\u011bdectv\u00ed<\/a><\/li><li><a href=\"#\" data-tab=\"tab-1-depoimento-adson\">Sv\u011bdectv\u00ed spole\u010dnosti Adson<\/a><\/li><li><a href=\"#\" data-tab=\"tab-2-depoimento-mika\">Mika Testimonial<\/a><\/li><\/ul><div class=\"tab_container\"><div id=\"tab-0-depoimento-jonathan\" class=\"tab_content clearfix\"><img data-recalc-dims=\"1\" decoding=\"async\" class=\"size-full wp-image-909 aligncenter\" src=\"https:\/\/i0.wp.com\/comoaprenderjapones.net\/wp-content\/uploads\/2017\/02\/Metodo_fan_art_desenho_aluno-7.jpg?resize=509%2C626&#038;ssl=1\" alt=\"\" width=\"509\" height=\"626\" srcset=\"https:\/\/i0.wp.com\/comoaprenderjapones.net\/wp-content\/uploads\/2017\/02\/Metodo_fan_art_desenho_aluno-7.jpg?w=509&amp;ssl=1 509w, https:\/\/i0.wp.com\/comoaprenderjapones.net\/wp-content\/uploads\/2017\/02\/Metodo_fan_art_desenho_aluno-7.jpg?resize=244%2C300&amp;ssl=1 244w\" sizes=\"(max-width: 509px) 100vw, 509px\" \/>Jonathanovo sv\u011bdectv\u00ed o metod\u011b fanou\u0161kovsk\u00e9ho um\u011bn\u00ed<\/div><div id=\"tab-1-depoimento-adson\" class=\"tab_content clearfix\"><img data-recalc-dims=\"1\" decoding=\"async\" class=\"size-full wp-image-910 aligncenter\" src=\"https:\/\/i0.wp.com\/comoaprenderjapones.net\/wp-content\/uploads\/2017\/02\/Metodo_fan_art_desenhoaluno7.jpg?resize=495%2C515&#038;ssl=1\" alt=\"\" width=\"495\" height=\"515\" srcset=\"https:\/\/i0.wp.com\/comoaprenderjapones.net\/wp-content\/uploads\/2017\/02\/Metodo_fan_art_desenhoaluno7.jpg?w=495&amp;ssl=1 495w, https:\/\/i0.wp.com\/comoaprenderjapones.net\/wp-content\/uploads\/2017\/02\/Metodo_fan_art_desenhoaluno7.jpg?resize=288%2C300&amp;ssl=1 288w\" sizes=\"(max-width: 495px) 100vw, 495px\" \/>Adsonovo sv\u011bdectv\u00ed o metod\u011b fanou\u0161kovsk\u00e9ho um\u011bn\u00ed<\/div><div id=\"tab-2-depoimento-mika\" class=\"tab_content clearfix\"><\/p>\n<p><img data-recalc-dims=\"1\" decoding=\"async\" class=\"size-full wp-image-914 aligncenter\" src=\"https:\/\/i0.wp.com\/comoaprenderjapones.net\/wp-content\/uploads\/2017\/02\/Metodo_Fan_Art_desenhoaluno5.jpg?resize=516%2C546&#038;ssl=1\" alt=\"\" width=\"516\" height=\"546\" srcset=\"https:\/\/i0.wp.com\/comoaprenderjapones.net\/wp-content\/uploads\/2017\/02\/Metodo_Fan_Art_desenhoaluno5.jpg?w=516&amp;ssl=1 516w, https:\/\/i0.wp.com\/comoaprenderjapones.net\/wp-content\/uploads\/2017\/02\/Metodo_Fan_Art_desenhoaluno5.jpg?resize=284%2C300&amp;ssl=1 284w\" sizes=\"(max-width: 516px) 100vw, 516px\" \/><\/p>\n<p>Mikovo sv\u011bdectv\u00ed o metod\u011b fanou\u0161kovsk\u00e9ho um\u011bn\u00ed.<\/p>\n<p><\/div><\/div><\/div><div class=\"clear\"><\/div>\n\n\n\n<h2 class=\"wp-block-heading\">Funguje metoda Fan Art?<\/h2>\n\n\n\n<p>Rozhodn\u011b! Pokud jste vid\u011bli <a href=\"https:\/\/comoaprenderjapones.net\/cs\/metoda-fanouskovskeho-umeni\/#depoimentos-dos-alunos\">reference student\u016f<\/a> jste si ji\u017e uv\u011bdomili, \u017ee Mayara Rodrigues v\u00ed, o \u010dem mluv\u00ed, a z\u00e1rove\u0148 pod\u00e1v\u00e1 jednoduch\u00fd a velmi didaktick\u00fd v\u00fdklad.<\/p>\n\n\n\n<p>Budete sledovat videokurzy rozd\u011blen\u00e9 do modul\u016f, abyste mohli postupovat a v\u0161e, co jste se nau\u010dili, snadno a bez zbyte\u010dn\u00fdch \u010dasov\u00fdch ztr\u00e1t uplatnit v praxi.<\/p>\n\n\n\n<p>Jste p\u0159esv\u011bd\u010deni, \u017ee i kdy\u017e jste nikdy p\u0159edt\u00edm nekreslili, m\u016f\u017eete se nau\u010dit techniky, jak za\u010d\u00edt kreslit anime postavy prakticky!<\/p>\n\n\n\n<p class=\"has-text-align-center\"><a class=\"fasc-button fasc-size-large fasc-type-glossy fasc-rounded-medium ico-fa fasc-ico-before fa-share-square-o\" style=\"background-color: #48aa3f; color: #ffffff;\" target=\"_blank\" rel=\"nofollow noopener\" href=\"https:\/\/comoaprenderjapones.net\/cs\/in\/conheca-o-metodo-fan-art\/\">Zjist\u011bte TE\u010e, co je to metoda a pro\u010d je dnes tak obl\u00edben\u00e1!<\/a><\/p>\n\n\n\n<h2 class=\"wp-block-heading\">\u010casto kladen\u00e9 ot\u00e1zky<\/h2>\n\n\n<div id=\"rank-math-faq\" class=\"rank-math-block\">\n<div class=\"rank-math-list\">\n<div id=\"faq-question-1662400697637\" class=\"rank-math-list-item\">\n<h3 class=\"rank-math-question\"><strong>Je pro m\u011b kurz vhodn\u00fd?<\/strong><\/h3>\n<div class=\"rank-math-answer\">\n\n<p>Pokud je v\u00e1m 8, 16 nebo dokonce 40 let (a\u0165 u\u017e je v\u00e1m kolikkoli) a chcete se nau\u010dit kreslit postavy anime a manga, pak je tento kurz ur\u010den pr\u00e1v\u011b v\u00e1m!<\/p>\n\n<\/div>\n<\/div>\n<div id=\"faq-question-1662400711600\" class=\"rank-math-list-item\">\n<h3 class=\"rank-math-question\"><strong>Co je sou\u010d\u00e1st\u00ed metody Fan Art?<\/strong><\/h3>\n<div class=\"rank-math-answer\">\n\n<p>K dispozici je v\u00edce ne\u017e 35 videolekc\u00ed, audionahr\u00e1vky a texty.<\/p>\n\n<\/div>\n<\/div>\n<div id=\"faq-question-1662400722590\" class=\"rank-math-list-item\">\n<h3 class=\"rank-math-question\"><strong>Jak dlouho kurz trv\u00e1?<\/strong><\/h3>\n<div class=\"rank-math-answer\">\n\n<p>P\u0159\u00edstup je do\u017eivotn\u00ed, tj. na dobu neur\u010ditou.<\/p>\n\n<\/div>\n<\/div>\n<div id=\"faq-question-1662400736069\" class=\"rank-math-list-item\">\n<h3 class=\"rank-math-question\"><strong>Mohu kurz zaplatit ve spl\u00e1tk\u00e1ch?<\/strong><\/h3>\n<div class=\"rank-math-answer\">\n\n<p>Ano, kurz Fan Art Method 3.0 m\u016f\u017eete zaplatit a\u017e v 10 spl\u00e1tk\u00e1ch na kreditn\u00ed kartu. Pokud chcete, m\u016f\u017eete pou\u017e\u00edt dokonce 2 kreditn\u00ed karty.<\/p>\n\n<\/div>\n<\/div>\n<div id=\"faq-question-1662400747920\" class=\"rank-math-list-item\">\n<h3 class=\"rank-math-question\"><strong>Je bezpe\u010dn\u00e9 koupit metodu Fan Art?<\/strong><\/h3>\n<div class=\"rank-math-answer\">\n\n<p>Ano.\u00a0<a href=\"https:\/\/comoaprenderjapones.net\/cs\/in\/comprar-metodo-fan-art-3-0-ck\/\" target=\"_blank\" rel=\"noreferrer noopener\">Platforma Hotmart pro prov\u00e1d\u011bn\u00ed plateb<\/a>\u00a0co\u017e je velmi bezpe\u010dn\u00e9.<\/p>\n\n<\/div>\n<\/div>\n<div id=\"faq-question-1662400768520\" class=\"rank-math-list-item\">\n<h3 class=\"rank-math-question\"><strong>Kde mohu polo\u017eit ot\u00e1zky?<\/strong><\/h3>\n<div class=\"rank-math-answer\">\n\n<p>K dispozici je podpora Whatsapp, kde m\u016f\u017eete kl\u00e1st ot\u00e1zky.<\/p>\n\n<\/div>\n<\/div>\n<div id=\"faq-question-1662400782852\" class=\"rank-math-list-item\">\n<h3 class=\"rank-math-question\"><strong>Pot\u0159ebuji n\u011bco na kurz?<\/strong><\/h3>\n<div class=\"rank-math-answer\">\n\n<p>V kurzu bude mimo jin\u00e9 uk\u00e1z\u00e1no p\u0159ipojen\u00ed k internetu a jednoduch\u00e9 v\u011bci, jako jsou tu\u017eky.<\/p>\n\n<\/div>\n<\/div>\n<div id=\"faq-question-1662400805354\" class=\"rank-math-list-item\">\n<h3 class=\"rank-math-question\"><strong>M\u00e1 kurz certifik\u00e1t?<\/strong><\/h3>\n<div class=\"rank-math-answer\">\n\n<p>Ano, existuje osv\u011bd\u010den\u00ed o absolvov\u00e1n\u00ed kurzu.<\/p>\n\n<\/div>\n<\/div>\n<div id=\"faq-question-1662400813086\" class=\"rank-math-list-item\">\n<h3 class=\"rank-math-question\"><strong>Je kurz garantovan\u00fd?<\/strong><\/h3>\n<div class=\"rank-math-answer\">\n\n<p>Ano, z\u00e1ruka je bezpodm\u00edne\u010dn\u00e1 po dobu 7 dn\u016f, tak\u017ee pokud se v\u00e1m kurz nel\u00edb\u00ed, m\u016f\u017eete po\u017e\u00e1dat o vr\u00e1cen\u00ed pen\u011bz a z\u00edskat zp\u011bt celou \u010d\u00e1stku.<\/p>\n\n<\/div>\n<\/div>\n<\/div>\n<\/div>\n\n\n<p><strong>L\u00edbil se v\u00e1m tip? Pod\u011blte se o n\u011bj se sv\u00fdmi p\u0159\u00e1teli kliknut\u00edm na tla\u010d\u00edtka n\u00ed\u017ee!<\/strong><\/p>\n\n<div style=\"font-size: 0px; height: 0px; line-height: 0px; margin: 0; padding: 0; clear: both;\"><\/div>","protected":false},"excerpt":{"rendered":"<p>Aprenda a como desenhar personagem de animes mesmo sem ter o \u201cdom\u201d passo a passo com o m\u00e9todo fan art 3.0 criado pela Mayara Rodrigues.\u00a0 Quem gosta da cultura japonesa, principalmente pelos animes, mangas j\u00e1<\/p>","protected":false},"author":1,"featured_media":3028,"parent":0,"menu_order":0,"comment_status":"closed","ping_status":"closed","template":"","meta":{"footnotes":""},"class_list":["post-904","page","type-page","status-publish","has-post-thumbnail"],"jetpack-related-posts":[{"id":94,"url":"https:\/\/comoaprenderjapones.net\/cs\/programa-japones-online\/","url_meta":{"origin":904,"position":0},"title":"Online program japon\u0161tiny + Intenzivn\u00ed akce japon\u0161tiny zdarma","author":"Rafael Avelino","date":"20 de \u0158\u00edjen de 2014","format":false,"excerpt":"Conhe\u00e7a o curso de japon\u00eas Programa Japon\u00eas Online do Sensei Luiz Rafael! \u3053\u3093\u306b\u3061\u306f! Est\u00e1 procurando um m\u00e9todo eficiente que te ensine do ZERO a ter um n\u00edvel de flu\u00eancia que possa consumir conte\u00fados totalmente em japon\u00eas? O m\u00e9todo criado pelo Luiz Rafael j\u00e1 passou por muitas atualiza\u00e7\u00f5es e est\u00e1 no\u2026","rel":"","context":"Podobn\u00fd p\u0159\u00edsp\u011bvek","block_context":{"text":"Podobn\u00fd p\u0159\u00edsp\u011bvek","link":""},"img":{"alt_text":"Programa Japon\u00eas Online - Intensiv\u00e3o de japon\u00eas","src":"https:\/\/i0.wp.com\/comoaprenderjapones.net\/wp-content\/uploads\/2021\/01\/programa-japones-online-intensivao-de-japones-2021.jpg?fit=1200%2C932&ssl=1&resize=350%2C200","width":350,"height":200,"srcset":"https:\/\/i0.wp.com\/comoaprenderjapones.net\/wp-content\/uploads\/2021\/01\/programa-japones-online-intensivao-de-japones-2021.jpg?fit=1200%2C932&ssl=1&resize=350%2C200 1x, https:\/\/i0.wp.com\/comoaprenderjapones.net\/wp-content\/uploads\/2021\/01\/programa-japones-online-intensivao-de-japones-2021.jpg?fit=1200%2C932&ssl=1&resize=525%2C300 1.5x, https:\/\/i0.wp.com\/comoaprenderjapones.net\/wp-content\/uploads\/2021\/01\/programa-japones-online-intensivao-de-japones-2021.jpg?fit=1200%2C932&ssl=1&resize=700%2C400 2x, https:\/\/i0.wp.com\/comoaprenderjapones.net\/wp-content\/uploads\/2021\/01\/programa-japones-online-intensivao-de-japones-2021.jpg?fit=1200%2C932&ssl=1&resize=1050%2C600 3x"},"classes":[]},{"id":35,"url":"https:\/\/comoaprenderjapones.net\/cs\/sobre\/","url_meta":{"origin":904,"position":1},"title":"O str\u00e1nk\u00e1ch","author":"Rafael Avelino","date":"24 de Srpen de 2014","format":false,"excerpt":"Ol\u00e1 Minna! Sou Rafael admin deste site, como vai? Muito obrigado por visitar este site que pretende passar dicas de como aprender japon\u00eas para quem est\u00e1 iniciando, assim como eu. Vamos tentar abordar tudo que possa ajudar no seu aprendizado do idioma japon\u00eas, que vai desde animes,m\u00fasicas,mangas e tamb\u00e9m o\u2026","rel":"","context":"Podobn\u00fd p\u0159\u00edsp\u011bvek","block_context":{"text":"Podobn\u00fd p\u0159\u00edsp\u011bvek","link":""},"img":{"alt_text":"","src":"","width":0,"height":0},"classes":[]},{"id":860,"url":"https:\/\/comoaprenderjapones.net\/cs\/japones-expresso-curso-online-japones\/","url_meta":{"origin":904,"position":2},"title":"Japon\u00eas Expresso: Curso online de japon\u00eas","author":"Rafael Avelino","date":"14 de Listopad de 2016","format":false,"excerpt":"Conhe\u00e7a curso online japon\u00eas expresso promete te ajudar a sair do zero no idioma japon\u00eas e tamb\u00e9m para quem tem viagem marcada para o Jap\u00e3o. CURSO N\u00c3O EST\u00c1 DISPONIVEL. Conhe\u00e7a o curso Completo do Sensei Luiz Rafael o ???? Programa Japon\u00eas Online! Quem gosta da cultura japonesa, seja animes, mangas,\u2026","rel":"","context":"Podobn\u00fd p\u0159\u00edsp\u011bvek","block_context":{"text":"Podobn\u00fd p\u0159\u00edsp\u011bvek","link":""},"img":{"alt_text":"Japon\u00eas Expresso curso online de japon\u00eas","src":"https:\/\/i0.wp.com\/comoaprenderjapones.net\/wp-content\/uploads\/2016\/11\/Japones_Expresso.jpg?fit=1200%2C696&ssl=1&resize=350%2C200","width":350,"height":200,"srcset":"https:\/\/i0.wp.com\/comoaprenderjapones.net\/wp-content\/uploads\/2016\/11\/Japones_Expresso.jpg?fit=1200%2C696&ssl=1&resize=350%2C200 1x, https:\/\/i0.wp.com\/comoaprenderjapones.net\/wp-content\/uploads\/2016\/11\/Japones_Expresso.jpg?fit=1200%2C696&ssl=1&resize=525%2C300 1.5x, https:\/\/i0.wp.com\/comoaprenderjapones.net\/wp-content\/uploads\/2016\/11\/Japones_Expresso.jpg?fit=1200%2C696&ssl=1&resize=700%2C400 2x, https:\/\/i0.wp.com\/comoaprenderjapones.net\/wp-content\/uploads\/2016\/11\/Japones_Expresso.jpg?fit=1200%2C696&ssl=1&resize=1050%2C600 3x"},"classes":[]}],"jetpack_sharing_enabled":true,"amp_enabled":true,"_links":{"self":[{"href":"https:\/\/comoaprenderjapones.net\/cs\/wp-json\/wp\/v2\/pages\/904","targetHints":{"allow":["GET"]}}],"collection":[{"href":"https:\/\/comoaprenderjapones.net\/cs\/wp-json\/wp\/v2\/pages"}],"about":[{"href":"https:\/\/comoaprenderjapones.net\/cs\/wp-json\/wp\/v2\/types\/page"}],"author":[{"embeddable":true,"href":"https:\/\/comoaprenderjapones.net\/cs\/wp-json\/wp\/v2\/users\/1"}],"replies":[{"embeddable":true,"href":"https:\/\/comoaprenderjapones.net\/cs\/wp-json\/wp\/v2\/comments?post=904"}],"version-history":[{"count":0,"href":"https:\/\/comoaprenderjapones.net\/cs\/wp-json\/wp\/v2\/pages\/904\/revisions"}],"wp:featuredmedia":[{"embeddable":true,"href":"https:\/\/comoaprenderjapones.net\/cs\/wp-json\/wp\/v2\/media\/3028"}],"wp:attachment":[{"href":"https:\/\/comoaprenderjapones.net\/cs\/wp-json\/wp\/v2\/media?parent=904"}],"curies":[{"name":"wp","href":"https:\/\/api.w.org\/{rel}","templated":true}]}}