{"id":94,"date":"2014-10-20T14:59:33","date_gmt":"2014-10-20T16:59:33","guid":{"rendered":"https:\/\/comoaprenderjapones.net\/?page_id=94"},"modified":"2022-02-07T19:04:36","modified_gmt":"2022-02-07T22:04:36","slug":"japones-online-program","status":"publish","type":"page","link":"https:\/\/comoaprenderjapones.net\/cs\/programa-japones-online\/","title":{"rendered":"Online program japon\u0161tiny + Intenzivn\u00ed akce japon\u0161tiny zdarma"},"content":{"rendered":"<div class=\"c0799bc3a0e94be098a47dd4bca28a45\" data-index=\"2\" style=\"float: none; margin:0px;\">\n<script async src=\"https:\/\/pagead2.googlesyndication.com\/pagead\/js\/adsbygoogle.js?client=ca-pub-0652292147574552\"\r\n     crossorigin=\"anonymous\"><\/script>\r\n<!-- Ads responsivo Inicio Post CAJap -->\r\n<ins class=\"adsbygoogle\"\r\n     style=\"display:block\"\r\n     data-ad-client=\"ca-pub-0652292147574552\"\r\n     data-ad-slot=\"3298668993\"\r\n     data-ad-format=\"auto\"><\/ins>\r\n<script>\r\n     (adsbygoogle = window.adsbygoogle || []).push({});\r\n<\/script>\n<\/div>\n\n<p><em>Seznamte se s kurzem japon\u0161tiny <strong>Japonsk\u00fd online program<\/strong> od Senseie Luize Rafaela!<\/em><\/p>\n\n\n\n<p>\u3053\u3093\u306b\u3061\u306f! Hled\u00e1te \u00fa\u010dinnou metodu, kter\u00e1 v\u00e1s nau\u010d\u00ed od NULY a\u017e po \u00farove\u0148, kdy budete moci konzumovat obsah v\u00fdhradn\u011b v japon\u0161tin\u011b?<\/p>\n\n\n\n<p>Metoda vytvo\u0159en\u00e1 Luizem Rafaelem pro\u0161la mnoha aktualizacemi, je na trhu ji\u017e \u0159adu let a v sou\u010dasn\u00e9 dob\u011b (2021) pat\u0159\u00ed mezi nejlep\u0161\u00ed a nejkomplexn\u011bj\u0161\u00ed online kurzy japon\u0161tiny.<\/p>\n\n\n\n<p class=\"has-background\" style=\"background-color:#fff2f2\"><strong>Shrnut\u00ed \u010dl\u00e1nku<br \/><\/strong><a href=\"#lingua-japonesa\">Japonsk\u00fd jazyk<br \/><\/a><a href=\"#quem-e-luiz-rafael\">Kdo je Luiz Rafael?<br \/><\/a><a href=\"#programa-japones-online\">Japonsk\u00fd online program<br \/><\/a><a href=\"#depoimento-aluno\">Testimonial studenta japonsk\u00e9ho online programu<br \/><\/a><a href=\"#intensivao-japones\">Intenzivn\u00ed japon\u0161tina<br \/><\/a><a href=\"#abertura-vagas\">Jak voln\u00e1 pracovn\u00ed m\u00edsta funguj\u00ed?<\/a><\/p>\n\n\n\n<p>Pokud m\u00e1te r\u00e1di japonskou kulturu d\u00edky anime, tokusatsu, manze a film\u016fm, je to dobr\u00fd d\u016fvod, pro\u010d je za\u010d\u00edt sledovat bez titulk\u016f.<\/p>\n\n\n\n<p>Nemus\u00ed to b\u00fdt nutn\u011b tyto d\u016fvody, ale cestov\u00e1n\u00ed, \u017eivot nebo studium v Japonsku jsou tak\u00e9 skv\u011bl\u00fdm d\u016fvodem, pro\u010d se cht\u00edt nau\u010dit japonsky.<\/p>\n\n\n\n<p>Pokud jste se rozhodli nau\u010dit se japonsky, tento kurz v\u00e1m pom\u016f\u017ee dos\u00e1hnout tohoto c\u00edle.<\/p>\n\n\n\n<h2 class=\"wp-block-heading\" id=\"lingua-japonesa\"><span style=\"color: #e5141b;\">Japonsk\u00fd jazyk<\/span><\/h2>\n\n\n\n<p><strong>V\u00fduka japon\u0161tiny<\/strong> nemus\u00ed b\u00fdt tak obt\u00ed\u017en\u00e9, jak si mnoz\u00ed lid\u00e9, v\u010detn\u011b m\u011b, p\u0159edstavuj\u00ed. Kdy\u017e budete zn\u00e1t spr\u00e1vn\u00fd zp\u016fsob studia, bude pro v\u00e1s u\u010den\u00ed mnohem snaz\u0161\u00ed.<\/p>\n\n\n\n<p>Samoz\u0159ejm\u011b <a href=\"https:\/\/pt.wikipedia.org\/wiki\/L%C3%ADngua_japonesa\" target=\"_blank\" rel=\"noopener noreferrer\">Japonsk\u00fd jazyk<\/a> Nen\u00ed to stejn\u00e9, jako kdybychom se u\u010dili anglicky, proto\u017ee v angli\u010dtin\u011b u\u017e slova zn\u00e1me, nehled\u011b na to, \u017ee mnoh\u00e1 z nich pou\u017e\u00edv\u00e1me v ka\u017edodenn\u00edm \u017eivot\u011b, a to s mnoha v\u00fdslovnostmi.<\/p>\n\n\n\n<p>Naopak v japon\u0161tin\u011b mus\u00edte rozhodn\u011b za\u010d\u00edt od nuly, abyste se stali plynul\u00fdmi. To, co za\u010d\u00e1te\u010dn\u00edk\u016fm opravdu \"zt\u011b\u017euje\", je japonsk\u00e1 abeceda\/ideogram, kter\u00e9 jsou t\u0159i:<\/p>\n\n\n\n<ul class=\"wp-block-list\"><li>Hiragana se 46 ideogramy.<\/li><li>Katakana se 46 ideogramy.<\/li><li>Kand\u017ei m\u00e1 tis\u00edce ideogram\u016f, ale nej\u010dast\u011bji se pou\u017e\u00edv\u00e1 asi 2 500 kand\u017ei.<\/li><\/ul>\n\n\n\n<p>M\u00e1me tak\u00e9 romad\u017ei, kter\u00e9 n\u00e1m pom\u00e1h\u00e1 spr\u00e1vn\u011b \u010d\u00edst a vyslovovat ideogramy, a furiganu, kter\u00e1 se obvykle p\u00ed\u0161e v hiragan\u011b a nach\u00e1z\u00ed se nad kand\u017ei a popisuje, jak se vyslovuje.<\/p>\n\n\n\n<p>Nau\u010dit se nihongo nemus\u00ed b\u00fdt tak slo\u017eit\u00e9. <a href=\"https:\/\/comoaprenderjapones.net\/cs\/in\/aprenda-nihongo\/\" target=\"_blank\" rel=\"noreferrer noopener\">Sensei Luiz Rafael<\/a> \u0159\u00edk\u00e1, \u017ee je t\u0159eba, abychom hodn\u011b vstupovali, tj. v\u0161e, co p\u0159ij\u00edm\u00e1me, a\u0165 u\u017e \u010dten\u00edm nebo poslechem.<\/p>\n\n\n<div class=\"gb-button-wrapper gb-button-wrapper-9eef6438\">\n\n<a class=\"gb-button gb-button-62a4c394 gb-button-text\" href=\"https:\/\/comoaprenderjapones.net\/cs\/in\/aprenda-nihongo\/\" target=\"_blank\" rel=\"nofollow noopener noreferrer\">V\u00edce informac\u00ed o programu z\u00edsk\u00e1te kliknut\u00edm sem!<\/a>\n\n<\/div>\n\n\n<h2 class=\"wp-block-heading\" id=\"quem-e-luiz-rafael\"><span style=\"color: #e5141b;\">Kdo je \u5148\u751f Luiz Rafael?<\/span><\/h2>\n\n\n\n<div class=\"wp-block-image\"><figure class=\"alignleft\"><img data-recalc-dims=\"1\" decoding=\"async\" width=\"371\" height=\"267\" src=\"https:\/\/i0.wp.com\/comoaprenderjapones.net\/wp-content\/uploads\/2014\/10\/Luiz_Rafael_Programa_Japones_Online.png?resize=371%2C267&#038;ssl=1\" alt=\"Luiz Rafael tv\u016frce japonsk\u00e9ho online programu\" class=\"wp-image-95\" title=\"Japonsk\u00fd online program\" srcset=\"https:\/\/i0.wp.com\/comoaprenderjapones.net\/wp-content\/uploads\/2014\/10\/Luiz_Rafael_Programa_Japones_Online.png?w=371&amp;ssl=1 371w, https:\/\/i0.wp.com\/comoaprenderjapones.net\/wp-content\/uploads\/2014\/10\/Luiz_Rafael_Programa_Japones_Online.png?resize=300%2C215&amp;ssl=1 300w\" sizes=\"(max-width: 371px) 100vw, 371px\" \/><figcaption><strong>Luiz Rafael<\/strong> tv\u016frce japonsk\u00e9ho online programu<\/figcaption><\/figure><\/div>\n\n\n\n<p>Luiz byl jedn\u00edm z tis\u00edc\u016f lid\u00ed, kte\u0159\u00ed se jako teenage\u0159i za\u010dali zaj\u00edmat o japonskou kulturu, a\u0165 u\u017e \u0161lo o mangu, anime nebo filmy, a rozhodl se, \u017ee se nau\u010d\u00ed japonsky.<\/p>\n\n\n\n<p>Jako naprost\u00e1 v\u011bt\u0161ina lid\u00ed za\u010dal \u0161patn\u011b, proto\u017ee v\u011b\u0159il, \u017ee se nau\u010d\u00ed plynn\u011b, ale v kurzech ve t\u0159\u00edd\u011b nedos\u00e1hl uspokojiv\u00fdch v\u00fdsledk\u016f.<\/p>\n\n\n\n<p>Tehdy hledal spr\u00e1vn\u00fd zp\u016fsob, jak se nau\u010dit nov\u00fd jazyk, a nav\u00edc ho vyzkou\u0161el v praxi, aby zjistil, zda opravdu funguje.<\/p>\n\n\n\n<p>Neuv\u011b\u0159iteln\u00e9 je, \u017ee s touto metodou usp\u011bl a dos\u00e1hl sv\u00e9ho c\u00edle mluvit plynule japonsky.<\/p>\n\n\n\n<h2 class=\"has-text-align-left wp-block-heading\" id=\"programa-japones-online\"><span style=\"color: #e5141b;\">Japonsk\u00fd online program<\/span><\/h2>\n\n\n\n<p>Kdy\u017e se Sensei zamyslel nad touto pot\u0159ebou a nad frustrac\u00ed tis\u00edc\u016f lid\u00ed, kte\u0159\u00ed se cht\u011bj\u00ed nau\u010dit nihongo, rozhodl se <a href=\"https:\/\/comoaprenderjapones.net\/cs\/in\/aprenda-nihongo\/\" target=\"_blank\" rel=\"noreferrer noopener\">vytvo\u0159it online kurz japon\u0161tiny<\/a> tak\u017ee se m\u016f\u017eete u\u010dit mnohem efektivn\u011bji.<\/p>\n\n\n\n<p>Metoda, kterou vyvinul Sensei Luiz Rafael, je mimo\u0159\u00e1dn\u011b \u00fa\u010dinn\u00e1. Jedn\u00edm z pil\u00ed\u0159\u016f je, \u017ee se nejprve mus\u00edte nau\u010dit \u010d\u00edst, abyste mohli za\u010d\u00edt d\u011blat velk\u00e9 vstupy. Kdy\u017e se nau\u010d\u00edte hiraganu a katakanu, m\u016f\u017eete za\u010d\u00edt \u010d\u00edst mangu, knihy a webov\u00e9 str\u00e1nky.<\/p>\n\n\n\n<p>Nejen\u017ee je Sensei\u016fv zp\u016fsob v\u00fduky lep\u0161\u00ed ne\u017e v\u011bt\u0161ina ostatn\u00edch, ale z\u00edsk\u00e1te tak\u00e9 vynikaj\u00edc\u00ed podporu. Nenech\u00e1 v\u00e1s odradit, v\u017edy v\u00e1m bude pos\u00edlat novinky, p\u0159\u00edb\u011bhy a motivaci, abyste nep\u0159estali studovat a dos\u00e1hli sv\u00e9ho c\u00edle.<\/p>\n\n\n\n<p>Kurz se nezam\u011b\u0159uje na gramatiku, u\u010d\u00edte se vlastn\u00edm tempem na uzav\u0159en\u00e9 str\u00e1nce ur\u010den\u00e9 pouze pro studenty a komunitu na port\u00e1lu.<\/p>\n\n\n\n<h3 class=\"wp-block-heading\" id=\"depoimento-aluno\"><span style=\"color: #e5141b;\">Zku\u0161enost: studentka japonsk\u00e9ho online programu<\/span><\/h3>\n\n\n\n<p>N\u00ed\u017ee najdete up\u0159\u00edmn\u00e9 sv\u011bdectv\u00ed Lu\u00edse Eduarda Nunese o kurzu a o tom, jak je d\u016fle\u017eit\u00e9 br\u00e1t studium v\u00e1\u017en\u011b, a tak\u00e9 o Luizov\u011b metod\u011b, kter\u00e1 je v\u00edc ne\u017e jen kurz. <a href=\"https:\/\/comoaprenderjapones.net\/cs\/japones-online-program\/\">Kurz japon\u0161tiny<\/a> a nejefektivn\u011bj\u0161\u00edm zp\u016fsobem studia jazyka jsou hodinky:<\/p>\n\n\n\n<figure class=\"wp-block-embed is-type-video is-provider-youtube wp-block-embed-youtube wp-embed-aspect-16-9 wp-has-aspect-ratio\"><div class=\"wp-block-embed__wrapper\">\n<iframe title=\"Jak se u\u010dit japonsky (Lu\u00eds Eduardo Nunes) | Japanese Online Programme\" width=\"1200\" height=\"675\" src=\"https:\/\/www.youtube.com\/embed\/xwTbhm8ASq4?feature=oembed\" frameborder=\"0\" allow=\"accelerometer; autoplay; clipboard-write; encrypted-media; gyroscope; picture-in-picture\" allowfullscreen><\/iframe>\n<\/div><figcaption>Eduardo Nunes Testimonial - Japonsk\u00fd online program<\/figcaption><\/figure>\n\n\n\n<p>Jak se o\u010dek\u00e1valo, <a href=\"https:\/\/comoaprenderjapones.net\/cs\/in\/aprenda-nihongo\/\" target=\"_blank\" rel=\"noreferrer noopener\">Po\u010det m\u00edst v japonsk\u00e9m online programu je omezen<\/a> aby se Sensei mohl v\u0161em n\u00e1le\u017eit\u011b v\u011bnovat a zodpov\u011bd\u011bt jejich ot\u00e1zky.<\/p>\n\n\n\n<h2 class=\"wp-block-heading\" id=\"intensivao-japones\"><span style=\"color: #e5141b;\">Intenzivn\u00ed japon\u0161tina<\/span><\/h2>\n\n\n\n<p>Ka\u017ed\u00fd rok, p\u0159ibli\u017en\u011b dvakr\u00e1t (nebo v\u00edcekr\u00e1t), po\u0159\u00e1d\u00e1 Luiz Rafael akci nazvanou <strong>Intenzivn\u00ed kurzy japon\u0161tiny<\/strong> ve kter\u00e9m p\u0159edstavuje svou metodiku, jak se snadn\u011bji a efektivn\u011bji u\u010dit japonsky prost\u0159ednictv\u00edm bezplatn\u00e9ho minikurzu.<\/p>\n\n\n\n<p>Zat\u00edm prob\u011bhlo n\u011bkolik intenzivn\u00edch kurz\u016f japon\u0161tiny, tak\u017ee pokud se chcete dozv\u011bd\u011bt o dal\u0161\u00edm, sta\u010d\u00ed kliknout sem. <a href=\"https:\/\/comoaprenderjapones.net\/cs\/in\/aprenda-nihongo\/\" target=\"_blank\" rel=\"noreferrer noopener\">klikn\u011bte zde<\/a>!<\/p>\n\n\n\n<p><em>Nezapome\u0148te, \u017ee tato ud\u00e1lost se kon\u00e1 jen n\u011bkolikr\u00e1t do roka a v dob\u011b, kdy \u010dtete tento \u010dl\u00e1nek, u\u017e m\u016f\u017ee b\u00fdt po n\u00ed.<\/em><\/p>\n\n\n\n<div class=\"wp-block-image\"><figure class=\"aligncenter size-large\"><img data-recalc-dims=\"1\" decoding=\"async\" width=\"1024\" height=\"318\" src=\"https:\/\/i0.wp.com\/comoaprenderjapones.net\/wp-content\/uploads\/2021\/01\/Intensivao-japones-2021-janeiro.jpg?resize=1024%2C318&#038;ssl=1\" alt=\"Online program Japon\u0161tina Intenzivn\u00ed japon\u0161tina\" class=\"wp-image-3146\" srcset=\"https:\/\/i0.wp.com\/comoaprenderjapones.net\/wp-content\/uploads\/2021\/01\/Intensivao-japones-2021-janeiro.jpg?resize=1024%2C318&amp;ssl=1 1024w, https:\/\/i0.wp.com\/comoaprenderjapones.net\/wp-content\/uploads\/2021\/01\/Intensivao-japones-2021-janeiro.jpg?resize=300%2C93&amp;ssl=1 300w, https:\/\/i0.wp.com\/comoaprenderjapones.net\/wp-content\/uploads\/2021\/01\/Intensivao-japones-2021-janeiro.jpg?resize=768%2C239&amp;ssl=1 768w, https:\/\/i0.wp.com\/comoaprenderjapones.net\/wp-content\/uploads\/2021\/01\/Intensivao-japones-2021-janeiro.jpg?resize=150%2C47&amp;ssl=1 150w, https:\/\/i0.wp.com\/comoaprenderjapones.net\/wp-content\/uploads\/2021\/01\/Intensivao-japones-2021-janeiro.jpg?w=1045&amp;ssl=1 1045w\" sizes=\"(max-width: 1024px) 100vw, 1024px\" \/><figcaption>Online program Japon\u0161tina Intenzivn\u00ed japon\u0161tina<\/figcaption><\/figure><\/div>\n\n\n\n<p>U\u017e nemus\u00edte hledat na internetu zp\u016fsoby, jak se nau\u010dit japonsky, s japonsk\u00fdm online programem budete m\u00edt k dispozici webov\u00e9 str\u00e1nky pouze pro \u010dleny s videolekcemi, p\u0159\u00edru\u010dkami, audionahr\u00e1vkami a mnohem v\u00edce!<br \/><\/p>\n\n\n\n<p>Z\u00edsk\u00e1te s\u00e9rii bezplatn\u00fdch vide\u00ed, kter\u00e1 vypr\u00e1v\u011bj\u00ed p\u0159\u00edb\u011bh a metodu, kterou pou\u017e\u00edv\u00e1 Luiz Rafael, a jeho cestu k plynul\u00e9 znalosti nihonga.<\/p>\n\n\n\n<h3 class=\"wp-block-heading\" id=\"abertura-vagas\"><span style=\"color: #e5141b;\">Jak prob\u00edhaj\u00ed v\u00fdb\u011brov\u00e1 \u0159\u00edzen\u00ed do japonsk\u00e9ho online programu?<\/span><\/h3>\n\n\n\n<p>Pokud jste sledovali t\u00fdden NIHONGO, kter\u00fd obvykle trv\u00e1 t\u00fdden nebo d\u00e9le, dozv\u00edte se, jak Luiz u\u010d\u00ed podle sv\u00e9 metodiky a jak bude podpora fungovat.<\/p>\n\n\n\n<p>Kurz trv\u00e1 9 m\u011bs\u00edc\u016f, ale z\u00edsk\u00e1te dal\u0161\u00edch 9 m\u011bs\u00edc\u016f, celkem 18 m\u011bs\u00edc\u016f p\u0159\u00edstupu ke kurzu a plnou podporu, kter\u00e1 v\u00e1m pom\u016f\u017ee zodpov\u011bd\u011bt v\u0161echny va\u0161e dotazy.<\/p>\n\n\n\n<p>Program m\u00e1 tak\u00e9 omezen\u00fd po\u010det m\u00edst, aby bylo mo\u017en\u00e9 poskytnout ka\u017ed\u00e9mu studentovi vynikaj\u00edc\u00ed podporu.<\/p>\n\n\n\n<p>Vezm\u011bte pros\u00edm na v\u011bdom\u00ed, \u017ee m\u00edsta se obvykle vy\u010derpaj\u00ed do dvou dn\u016f a jsou otev\u0159ena maxim\u00e1ln\u011b t\u0159i dny, i kdy\u017e m\u00edsta se vy\u010derpaj\u00ed je\u0161t\u011b p\u0159ed posledn\u00edm dnem.<\/p>\n\n\n\n<p>M\u00e1te-li z\u00e1jem o v\u00fduku japon\u0161tiny podle nejlep\u0161\u00ed metodiky v Braz\u00edlii, klikn\u011bte na tla\u010d\u00edtko n\u00ed\u017ee:<\/p>\n\n\n<div class=\"gb-button-wrapper gb-button-wrapper-f4deca25\">\n\n<a class=\"gb-button gb-button-7aa7f773 gb-button-text\" href=\"https:\/\/comoaprenderjapones.net\/cs\/in\/aprenda-nihongo\/\" target=\"_blank\" rel=\"nofollow noopener noreferrer\">Kliknut\u00edm sem zjist\u00edte, jak voln\u00e1 m\u00edsta funguj\u00ed!<\/a>\n\n<\/div>\n\n\n<p><strong>\u9811\u5f35\u3063\u3066<\/strong>!<\/p>\n\n<div style=\"font-size: 0px; height: 0px; line-height: 0px; margin: 0; padding: 0; clear: both;\"><\/div>","protected":false},"excerpt":{"rendered":"<p>Conhe\u00e7a o curso de japon\u00eas Programa Japon\u00eas Online do Sensei Luiz Rafael! \u3053\u3093\u306b\u3061\u306f! Est\u00e1 procurando um m\u00e9todo eficiente que te ensine do ZERO a ter um n\u00edvel de flu\u00eancia que possa consumir conte\u00fados totalmente em<\/p>","protected":false},"author":1,"featured_media":3155,"parent":0,"menu_order":0,"comment_status":"closed","ping_status":"closed","template":"","meta":{"footnotes":""},"class_list":["post-94","page","type-page","status-publish","has-post-thumbnail"],"jetpack-related-posts":[{"id":860,"url":"https:\/\/comoaprenderjapones.net\/cs\/japones-expresso-curso-online-japones\/","url_meta":{"origin":94,"position":0},"title":"Japon\u00eas Expresso: Curso online de japon\u00eas","author":"Rafael Avelino","date":"14 de Listopad de 2016","format":false,"excerpt":"Conhe\u00e7a curso online japon\u00eas expresso promete te ajudar a sair do zero no idioma japon\u00eas e tamb\u00e9m para quem tem viagem marcada para o Jap\u00e3o. CURSO N\u00c3O EST\u00c1 DISPONIVEL. Conhe\u00e7a o curso Completo do Sensei Luiz Rafael o ???? Programa Japon\u00eas Online! Quem gosta da cultura japonesa, seja animes, mangas,\u2026","rel":"","context":"Podobn\u00fd p\u0159\u00edsp\u011bvek","block_context":{"text":"Podobn\u00fd p\u0159\u00edsp\u011bvek","link":""},"img":{"alt_text":"Japon\u00eas Expresso curso online de japon\u00eas","src":"https:\/\/i0.wp.com\/comoaprenderjapones.net\/wp-content\/uploads\/2016\/11\/Japones_Expresso.jpg?fit=1200%2C696&ssl=1&resize=350%2C200","width":350,"height":200,"srcset":"https:\/\/i0.wp.com\/comoaprenderjapones.net\/wp-content\/uploads\/2016\/11\/Japones_Expresso.jpg?fit=1200%2C696&ssl=1&resize=350%2C200 1x, https:\/\/i0.wp.com\/comoaprenderjapones.net\/wp-content\/uploads\/2016\/11\/Japones_Expresso.jpg?fit=1200%2C696&ssl=1&resize=525%2C300 1.5x, https:\/\/i0.wp.com\/comoaprenderjapones.net\/wp-content\/uploads\/2016\/11\/Japones_Expresso.jpg?fit=1200%2C696&ssl=1&resize=700%2C400 2x, https:\/\/i0.wp.com\/comoaprenderjapones.net\/wp-content\/uploads\/2016\/11\/Japones_Expresso.jpg?fit=1200%2C696&ssl=1&resize=1050%2C600 3x"},"classes":[]},{"id":4016,"url":"https:\/\/comoaprenderjapones.net\/cs\/curso-japones-club-por-skdesu\/","url_meta":{"origin":94,"position":1},"title":"Curso Japon\u00eas Club por Skdesu","author":"Rafael Avelino","date":"2 de \u00danor de 2023","format":false,"excerpt":"Advertorial Aprenda a L\u00edngua Japonesa com o Curso Japon\u00eas Club e Tenha a solu\u00e7\u00e3o definitiva para superar qualquer desafio! Mang\u00e1 Death Note Olha s\u00f3 o que voc\u00ea tem no Curso Japon\u00eas Club! + de 140 v\u00eddeo aulas em Alta Defini\u00e7\u00e3o Jogos e Atividades Interativas Pagamento \u00danico (N\u00e3o tem Mensalidades) Acesso\u2026","rel":"","context":"Podobn\u00fd p\u0159\u00edsp\u011bvek","block_context":{"text":"Podobn\u00fd p\u0159\u00edsp\u011bvek","link":""},"img":{"alt_text":"","src":"https:\/\/i0.wp.com\/comoaprenderjapones.net\/wp-content\/uploads\/2023\/02\/japones-club-advertorial.jpg?fit=1023%2C499&ssl=1&resize=350%2C200","width":350,"height":200,"srcset":"https:\/\/i0.wp.com\/comoaprenderjapones.net\/wp-content\/uploads\/2023\/02\/japones-club-advertorial.jpg?fit=1023%2C499&ssl=1&resize=350%2C200 1x, https:\/\/i0.wp.com\/comoaprenderjapones.net\/wp-content\/uploads\/2023\/02\/japones-club-advertorial.jpg?fit=1023%2C499&ssl=1&resize=525%2C300 1.5x, https:\/\/i0.wp.com\/comoaprenderjapones.net\/wp-content\/uploads\/2023\/02\/japones-club-advertorial.jpg?fit=1023%2C499&ssl=1&resize=700%2C400 2x"},"classes":[]},{"id":35,"url":"https:\/\/comoaprenderjapones.net\/cs\/sobre\/","url_meta":{"origin":94,"position":2},"title":"O str\u00e1nk\u00e1ch","author":"Rafael Avelino","date":"24 de Srpen de 2014","format":false,"excerpt":"Ol\u00e1 Minna! Sou Rafael admin deste site, como vai? Muito obrigado por visitar este site que pretende passar dicas de como aprender japon\u00eas para quem est\u00e1 iniciando, assim como eu. Vamos tentar abordar tudo que possa ajudar no seu aprendizado do idioma japon\u00eas, que vai desde animes,m\u00fasicas,mangas e tamb\u00e9m o\u2026","rel":"","context":"Podobn\u00fd p\u0159\u00edsp\u011bvek","block_context":{"text":"Podobn\u00fd p\u0159\u00edsp\u011bvek","link":""},"img":{"alt_text":"","src":"","width":0,"height":0},"classes":[]},{"id":179,"url":"https:\/\/comoaprenderjapones.net\/cs\/mapa-site\/","url_meta":{"origin":94,"position":3},"title":"Mapa str\u00e1nek","author":"Rafael Avelino","date":"31 de Leden de 2015","format":false,"excerpt":"Mapa do Site Veja todos os artigos publicados aqui no Como Aprender Japon\u00eas","rel":"","context":"Podobn\u00fd p\u0159\u00edsp\u011bvek","block_context":{"text":"Podobn\u00fd p\u0159\u00edsp\u011bvek","link":""},"img":{"alt_text":"","src":"","width":0,"height":0},"classes":[]},{"id":2786,"url":"https:\/\/comoaprenderjapones.net\/cs\/acompanhe\/","url_meta":{"origin":94,"position":4},"title":"Sledujte","author":"Rafael Avelino","date":"12 de \u010cerven de 2020","format":false,"excerpt":"Para n\u00e3o perder alguma novidade ou dica logo em seguida vou indicar v\u00e1rias op\u00e7\u00f5es para que voc\u00ea acompanhe o comoaprenderjapones.net da maneira que desejar e que mais goste. Acompanhe pelo Feed Um dos meios mais tradicionais para voc\u00ea receber as novidades instantaneamente quando algo \u00e9 publicado por aqui. Feed do\u2026","rel":"","context":"Podobn\u00fd p\u0159\u00edsp\u011bvek","block_context":{"text":"Podobn\u00fd p\u0159\u00edsp\u011bvek","link":""},"img":{"alt_text":"Acompanhe pelo Feedly o comoaprenderjapones.net","src":"https:\/\/i0.wp.com\/comoaprenderjapones.net\/wp-content\/uploads\/2020\/06\/feedly-follow.png?resize=350%2C200&ssl=1","width":350,"height":200},"classes":[]},{"id":9,"url":"https:\/\/comoaprenderjapones.net\/cs\/politica-de-privacidade\/","url_meta":{"origin":94,"position":5},"title":"Z\u00e1sady ochrany osobn\u00edch \u00fadaj\u016f","author":"Rafael Avelino","date":"24 de Srpen de 2014","format":false,"excerpt":"Esta Pol\u00edtica de Privacidade foi elaborada visando zelar pela confidencialidade, privacidade e prote\u00e7\u00e3o dos dados pessoais dos visitantes deste site e dos usu\u00e1rios de nossos servi\u00e7os, protegendo essas informa\u00e7\u00f5es de perdas, uso impr\u00f3prio, acesso n\u00e3o autorizado, altera\u00e7\u00e3o e destrui\u00e7\u00e3o. 1. Coleta e Uso das Informa\u00e7\u00f5es O acesso a este Site\u2026","rel":"","context":"Podobn\u00fd p\u0159\u00edsp\u011bvek","block_context":{"text":"Podobn\u00fd p\u0159\u00edsp\u011bvek","link":""},"img":{"alt_text":"","src":"","width":0,"height":0},"classes":[]}],"jetpack_sharing_enabled":true,"amp_enabled":true,"_links":{"self":[{"href":"https:\/\/comoaprenderjapones.net\/cs\/wp-json\/wp\/v2\/pages\/94","targetHints":{"allow":["GET"]}}],"collection":[{"href":"https:\/\/comoaprenderjapones.net\/cs\/wp-json\/wp\/v2\/pages"}],"about":[{"href":"https:\/\/comoaprenderjapones.net\/cs\/wp-json\/wp\/v2\/types\/page"}],"author":[{"embeddable":true,"href":"https:\/\/comoaprenderjapones.net\/cs\/wp-json\/wp\/v2\/users\/1"}],"replies":[{"embeddable":true,"href":"https:\/\/comoaprenderjapones.net\/cs\/wp-json\/wp\/v2\/comments?post=94"}],"version-history":[{"count":0,"href":"https:\/\/comoaprenderjapones.net\/cs\/wp-json\/wp\/v2\/pages\/94\/revisions"}],"wp:featuredmedia":[{"embeddable":true,"href":"https:\/\/comoaprenderjapones.net\/cs\/wp-json\/wp\/v2\/media\/3155"}],"wp:attachment":[{"href":"https:\/\/comoaprenderjapones.net\/cs\/wp-json\/wp\/v2\/media?parent=94"}],"curies":[{"name":"wp","href":"https:\/\/api.w.org\/{rel}","templated":true}]}}