{"id":860,"date":"2016-11-14T21:13:15","date_gmt":"2016-11-14T23:13:15","guid":{"rendered":"https:\/\/comoaprenderjapones.net\/?page_id=860"},"modified":"2023-02-19T12:30:41","modified_gmt":"2023-02-19T15:30:41","slug":"japones-express-online-japanisch-kurs","status":"publish","type":"page","link":"https:\/\/comoaprenderjapones.net\/de\/japones-expresso-curso-online-japones\/","title":{"rendered":"Japanisch Express: Online-Japanischkurs"},"content":{"rendered":"<div class=\"5057f5bb79852941df3b6d5de6744a76\" data-index=\"2\" style=\"float: none; margin:0px;\">\n<script async src=\"https:\/\/pagead2.googlesyndication.com\/pagead\/js\/adsbygoogle.js?client=ca-pub-0652292147574552\"\r\n     crossorigin=\"anonymous\"><\/script>\r\n<!-- Ads responsivo Inicio Post CAJap -->\r\n<ins class=\"adsbygoogle\"\r\n     style=\"display:block\"\r\n     data-ad-client=\"ca-pub-0652292147574552\"\r\n     data-ad-slot=\"3298668993\"\r\n     data-ad-format=\"auto\"><\/ins>\r\n<script>\r\n     (adsbygoogle = window.adsbygoogle || []).push({});\r\n<\/script>\n<\/div>\n\n<p><em>Online-Kurs entdecken <strong>Japanischer Express<\/strong> verspricht, Ihnen zu helfen, in der japanischen Sprache von vorne anzufangen, und auch f\u00fcr diejenigen, die eine Reise nach Japan haben.<\/em><\/p>\n\n\n\n<p class=\"has-background has-medium-font-size\" style=\"background-color:#f8c0c0\"><strong>KURS IST NICHT VERF\u00dcGBAR<\/strong>. Entdecken Sie den vollst\u00e4ndigen Kurs von Sensei Luiz Rafael ???? <a href=\"https:\/\/comoaprenderjapones.net\/de\/japanisch-online-programm\/\" data-type=\"URL\" data-id=\"https:\/\/comoaprenderjapones.net\/programa-japones-online\/\">Japanisches Online-Programm<\/a>!<\/p>\n\n\n\n<p>Jeder, der die japanische Kultur mag, ob Anime, Manga, Filme, J-Dramen und viele andere Faktoren, die diese Kultur einzigartig machen, muss bereits in den Sinn gekommen sein, die japanische Sprache zu lernen, um diese eigenartige Kultur noch mehr zu genie\u00dfen.<\/p>\n\n\n\n<p>Das gro\u00dfe Problem f\u00fcr diejenigen, die bei Null anfangen oder sogar angefangen und aufgeh\u00f6rt haben, ist, dass der Eindruck entsteht, dass Nihongo eine sehr schwierige oder sogar unm\u00f6gliche Sprache zu lernen ist.<\/p>\n\n\n\n<p>Aber das ist nicht wahr! Was passiert ist, dass Sie immer noch nicht die richtige Methodik gelernt haben, um effizient zu lernen.<\/p>\n\n\n\n<p>W\u00e4re es nicht toll, einen Kurs zu haben, der ohne viel Aufhebens direkt auf den Punkt kommt und sich an diejenigen richtet, die schnell die Grundlagen der Sprache lernen m\u00f6chten, um nach Japan zu reisen, oder mehr Motivation haben, noch tiefer in die japanische Sprache einzutauchen?<\/p>\n\n\n\n<p>Aus diesem Grund hat \u5148\u751f Luiz das geschaffen <a href=\"https:\/\/comoaprenderjapones.net\/de\/in\/curso-de-japones-gratis-agosto-de-2020\/\" target=\"_blank\" rel=\"noopener noreferrer\">express japanisch kurs<\/a> f\u00fcr diejenigen, die dieses Ziel haben und schnell genug lernen m\u00fcssen, um in Japan zurechtzukommen.<\/p>\n\n\n<div class=\"wp-block-image\">\n<figure class=\"aligncenter\"><img data-recalc-dims=\"1\" decoding=\"async\" width=\"960\" height=\"436\" src=\"https:\/\/i0.wp.com\/comoaprenderjapones.net\/wp-content\/uploads\/2016\/11\/Viagem_Japao_curso_japones_expresso.jpg?resize=960%2C436&#038;ssl=1\" alt=\"Japanreise: Japanischer Schnellkurs\" class=\"wp-image-865\" title=\"Japanreise: Japanischer Schnellkurs\" srcset=\"https:\/\/i0.wp.com\/comoaprenderjapones.net\/wp-content\/uploads\/2016\/11\/Viagem_Japao_curso_japones_expresso.jpg?w=960&amp;ssl=1 960w, https:\/\/i0.wp.com\/comoaprenderjapones.net\/wp-content\/uploads\/2016\/11\/Viagem_Japao_curso_japones_expresso.jpg?resize=300%2C136&amp;ssl=1 300w, https:\/\/i0.wp.com\/comoaprenderjapones.net\/wp-content\/uploads\/2016\/11\/Viagem_Japao_curso_japones_expresso.jpg?resize=768%2C349&amp;ssl=1 768w\" sizes=\"(max-width: 960px) 100vw, 960px\" \/><\/figure>\n<\/div>\n\n\n<h2 class=\"wp-block-heading\" id=\"o-que-e-o-curso-japones-expresso\">Was ist der Japanisch-Expresskurs?<\/h2>\n\n\n\n<p>Es ist ein geschlossener Kurs ausschlie\u00dflich f\u00fcr Studenten, in dem Sie durch Videounterricht bei Null anfangen und die japanische Sprache viel effizienter und schneller lernen k\u00f6nnen.<\/p>\n\n\n\n<p>Aber dieses NEUE <a href=\"https:\/\/comoaprenderjapones.net\/de\/in\/curso-de-japones-gratis-agosto-de-2020\/\" target=\"_blank\" rel=\"noopener noreferrer\">Japanisch Online-Kurs<\/a> Es hat einen gro\u00dfen Unterschied zu den anderen, es dauert 6 Wochen, also praktisch 1,5 Monate.<\/p>\n\n\n\n<h3 class=\"wp-block-heading\" id=\"para-quem-e-esse-curso\">F\u00fcr wen ist dieser Kurs?<\/h3>\n\n\n\n<p>Der Kurs soll so direkt, einfach und leicht wie m\u00f6glich sein, damit jeder die Grundlagen der Sprache lernen kann.<\/p>\n\n\n\n<p>Es wurde mit der Person erstellt, die:<\/p>\n\n\n\n<ul class=\"wp-block-list\">\n<li>Sie haben keine Zeit zu verlieren und m\u00fcssen dringend zumindest die Grundlagen lernen, um in Japan die notwendige Kommunikation f\u00fchren zu k\u00f6nnen<\/li>\n\n\n\n<li>F\u00fcr diejenigen, die nichts \u00fcber die Sprache wissen, m\u00f6chten sie sofort die Grundlagen lernen, um viel motivierter zu sein, ihr Studium fortzusetzen.<\/li>\n<\/ul>\n\n\n\n<p>Express Japanese konzentriert sich sehr auf die Art von Menschen, die nach einem Online-Japanischkurs suchen, der schnell ist und in k\u00fcrzerer Zeit zufriedenstellende Ergebnisse liefert.<\/p>\n\n\n\n<p>Es ist ein <strong>Japanischkurs f\u00fcr Japanreisende<\/strong> bald kommen oder schnell die Grundlagen der Sprache lernen m\u00f6chten.<\/p>\n\n\n\n<p class=\"has-text-align-center\"><a class=\"fasc-button fasc-size-large fasc-type-flat fasc-rounded-medium ico-fa fasc-ico-before fa-play-circle\" style=\"background-color: #e43f42; color: #ffffff;\" target=\"_blank\" rel=\"noopener noreferrer\" href=\"https:\/\/comoaprenderjapones.net\/de\/in\/curso-de-japones-gratis-agosto-de-2020\/\">Finden Sie heraus, wie der Kurs jetzt ist, indem Sie hier klicken!<\/a><\/p>\n\n\n\n<h3 class=\"wp-block-heading\" id=\"qual-o-conteudo-do-curso\">Was sind die Kursinhalte?<\/h3>\n\n\n\n<p>Wie \u00fcblich ist der Kurs 100% online auf einer geschlossenen Seite nur f\u00fcr Studenten und hat:<\/p>\n\n\n\n<ul class=\"wp-block-list\">\n<li>Ein Team, das bereit ist, Ihre Fragen zu beantworten<\/li>\n\n\n\n<li>Sie erhalten Login und Passwort f\u00fcr den Zugang zum Portal<\/li>\n\n\n\n<li>Der Inhalt konzentriert sich darauf, Ihnen eine Grundlage f\u00fcr die Kommunikation mit Einheimischen zu schaffen<\/li>\n\n\n\n<li>Es gibt 6 Themen plus Boni, die Sie schnell und auf vereinfachte Weise in Videolektionen plus herunterladbaren Handouts lernen k\u00f6nnen<\/li>\n<\/ul>\n\n\n\n<p>In jeder Klasse haben Sie die M\u00f6glichkeit, Ihre Frage \u00e4hnlich einem Kommentar zu hinterlassen, damit das Support-Team so schnell wie m\u00f6glich antworten kann.<\/p>\n\n\n\n<h2 class=\"wp-block-heading\" id=\"quem-e-o-criador-do-curso-japones-expresso\">Wer ist der Erfinder des Japanisch-Expresskurses?<\/h2>\n\n\n<div class=\"wp-block-image\">\n<figure class=\"alignleft\"><img data-recalc-dims=\"1\" decoding=\"async\" width=\"300\" height=\"244\" src=\"https:\/\/i0.wp.com\/comoaprenderjapones.net\/wp-content\/uploads\/2016\/11\/Luiz_Rafael_Curso_Japones_Expresso.jpg?resize=300%2C244&#038;ssl=1\" alt=\"Luiz Rafael Express-Japanischkurs\" class=\"wp-image-863\" title=\"Luiz Rafael Express-Japanischkurs\"\/><\/figure>\n<\/div>\n\n\n<p>Der Kurs wurde von \u5148\u751f Luiz Rafael erstellt, auch Sch\u00f6pfer von <a href=\"https:\/\/comoaprenderjapones.net\/de\/japanisch-online-programm\/\">Japanisches Online-Programm<\/a>, um eine L\u00fccke zu f\u00fcllen, in der Tausende von Menschen schnelle Ergebnisse w\u00fcnschen, damit sie zumindest mit den Grundlagen der Sprache in Japan \u201e\u00fcberleben\u201c k\u00f6nnen.<\/p>\n\n\n\n<p>Luiz lernt seit seinem 15. Lebensjahr die japanische Sprache und hat viel Erfahrung im Bereich des Sprachenlernens.<\/p>\n\n\n\n<h3 class=\"wp-block-heading\" id=\"o-curso-japones-expresso-e-para-mim\">Ist der Japanisch-Expresskurs etwas f\u00fcr mich?<\/h3>\n\n\n\n<p>Wenn Sie bald nach Japan reisen oder schnell die Grundlagen der japanischen Sprache lernen m\u00f6chten, dann ist dieser Kurs genau das Richtige f\u00fcr Sie!<\/p>\n\n\n\n<p>Mit einfachen Lektionen f\u00fcr alle, die leicht genug lernen m\u00f6chten, um in Japan zurechtzukommen, wie Einkaufen, Zugfahren, Danken bei einem Einheimischen usw.<\/p>\n\n\n\n<p>Wenn Sie daran interessiert sind, sehr effizient die Grundlagen zu lernen, um ein Gespr\u00e4ch in Gang zu halten, was Sie auf Ihrer Reise brauchen, oder bei Null anfangen und schnell die Grundlagen der Sprache lernen m\u00f6chten, dann ist dieser Kurs definitiv f\u00fcr Sie!<\/p>\n\n\n\n<h3 class=\"wp-block-heading\" id=\"mais-informacao\">Mehr Informationen<\/h3>\n\n\n\n<p>Wenn Sie genauer wissen m\u00f6chten, wie die Registrierung, der Support und vieles mehr funktioniert, klicken Sie auf die Schaltfl\u00e4che unten:<\/p>\n\n\n\n<p class=\"has-text-align-center\"><a class=\"fasc-button fasc-size-large fasc-type-flat fasc-rounded-medium ico-fa fasc-ico-before fa-mail-forward\" style=\"background-color: #e43f42; color: #ffffff;\" target=\"_blank\" rel=\"noopener noreferrer\" href=\"https:\/\/comoaprenderjapones.net\/de\/in\/curso-de-japones-gratis-agosto-de-2020\/\">Entdecken Sie den Japanisch-Expresskurs, indem Sie hier klicken!<\/a><\/p>\n\n<div style=\"font-size: 0px; height: 0px; line-height: 0px; margin: 0; padding: 0; clear: both;\"><\/div>","protected":false},"excerpt":{"rendered":"<p>Entdecken Sie den Online-Kurs Japanisch Express, der Ihnen hilft, sich in der japanischen Sprache von Grund auf zurechtzufinden, und auch f\u00fcr diejenigen, die eine Reise nach Japan haben. KURS IST NICHT VERF\u00dcGBAR. Entdecken Sie den vollst\u00e4ndigen Kurs von Sensei<\/p>","protected":false},"author":1,"featured_media":861,"parent":0,"menu_order":0,"comment_status":"closed","ping_status":"closed","template":"","meta":{"footnotes":""},"class_list":["post-860","page","type-page","status-publish","has-post-thumbnail"],"jetpack-related-posts":[{"id":94,"url":"https:\/\/comoaprenderjapones.net\/de\/programa-japones-online\/","url_meta":{"origin":860,"position":0},"title":"Japanisches Online-Programm + kostenloses Japanisch-Intensiv-Event","author":"Rafael Avelino","date":"20 de Oktober de 2014","format":false,"excerpt":"Conhe\u00e7a o curso de japon\u00eas Programa Japon\u00eas Online do Sensei Luiz Rafael! \u3053\u3093\u306b\u3061\u306f! Est\u00e1 procurando um m\u00e9todo eficiente que te ensine do ZERO a ter um n\u00edvel de flu\u00eancia que possa consumir conte\u00fados totalmente em japon\u00eas? O m\u00e9todo criado pelo Luiz Rafael j\u00e1 passou por muitas atualiza\u00e7\u00f5es e est\u00e1 no\u2026","rel":"","context":"\u00c4hnlicher Beitrag","block_context":{"text":"\u00c4hnlicher Beitrag","link":""},"img":{"alt_text":"Programa Japon\u00eas Online - Intensiv\u00e3o de japon\u00eas","src":"https:\/\/i0.wp.com\/comoaprenderjapones.net\/wp-content\/uploads\/2021\/01\/programa-japones-online-intensivao-de-japones-2021.jpg?fit=1200%2C932&ssl=1&resize=350%2C200","width":350,"height":200,"srcset":"https:\/\/i0.wp.com\/comoaprenderjapones.net\/wp-content\/uploads\/2021\/01\/programa-japones-online-intensivao-de-japones-2021.jpg?fit=1200%2C932&ssl=1&resize=350%2C200 1x, https:\/\/i0.wp.com\/comoaprenderjapones.net\/wp-content\/uploads\/2021\/01\/programa-japones-online-intensivao-de-japones-2021.jpg?fit=1200%2C932&ssl=1&resize=525%2C300 1.5x, https:\/\/i0.wp.com\/comoaprenderjapones.net\/wp-content\/uploads\/2021\/01\/programa-japones-online-intensivao-de-japones-2021.jpg?fit=1200%2C932&ssl=1&resize=700%2C400 2x, https:\/\/i0.wp.com\/comoaprenderjapones.net\/wp-content\/uploads\/2021\/01\/programa-japones-online-intensivao-de-japones-2021.jpg?fit=1200%2C932&ssl=1&resize=1050%2C600 3x"},"classes":[]},{"id":4016,"url":"https:\/\/comoaprenderjapones.net\/de\/curso-japones-club-por-skdesu\/","url_meta":{"origin":860,"position":1},"title":"Japanischer Club-Kurs von Skdesu","author":"Rafael Avelino","date":"2 de Februar de 2023","format":false,"excerpt":"Advertorial Aprenda a L\u00edngua Japonesa com o Curso Japon\u00eas Club e Tenha a solu\u00e7\u00e3o definitiva para superar qualquer desafio! Mang\u00e1 Death Note Olha s\u00f3 o que voc\u00ea tem no Curso Japon\u00eas Club! + de 140 v\u00eddeo aulas em Alta Defini\u00e7\u00e3o Jogos e Atividades Interativas Pagamento \u00danico (N\u00e3o tem Mensalidades) Acesso\u2026","rel":"","context":"\u00c4hnlicher Beitrag","block_context":{"text":"\u00c4hnlicher Beitrag","link":""},"img":{"alt_text":"","src":"https:\/\/i0.wp.com\/comoaprenderjapones.net\/wp-content\/uploads\/2023\/02\/japones-club-advertorial.jpg?fit=1023%2C499&ssl=1&resize=350%2C200","width":350,"height":200,"srcset":"https:\/\/i0.wp.com\/comoaprenderjapones.net\/wp-content\/uploads\/2023\/02\/japones-club-advertorial.jpg?fit=1023%2C499&ssl=1&resize=350%2C200 1x, https:\/\/i0.wp.com\/comoaprenderjapones.net\/wp-content\/uploads\/2023\/02\/japones-club-advertorial.jpg?fit=1023%2C499&ssl=1&resize=525%2C300 1.5x, https:\/\/i0.wp.com\/comoaprenderjapones.net\/wp-content\/uploads\/2023\/02\/japones-club-advertorial.jpg?fit=1023%2C499&ssl=1&resize=700%2C400 2x"},"classes":[]},{"id":35,"url":"https:\/\/comoaprenderjapones.net\/de\/sobre\/","url_meta":{"origin":860,"position":2},"title":"\u00dcber","author":"Rafael Avelino","date":"24 de August de 2014","format":false,"excerpt":"Ol\u00e1 Minna! Sou Rafael admin deste site, como vai? Muito obrigado por visitar este site que pretende passar dicas de como aprender japon\u00eas para quem est\u00e1 iniciando, assim como eu. Vamos tentar abordar tudo que possa ajudar no seu aprendizado do idioma japon\u00eas, que vai desde animes,m\u00fasicas,mangas e tamb\u00e9m o\u2026","rel":"","context":"\u00c4hnlicher Beitrag","block_context":{"text":"\u00c4hnlicher Beitrag","link":""},"img":{"alt_text":"","src":"","width":0,"height":0},"classes":[]},{"id":179,"url":"https:\/\/comoaprenderjapones.net\/de\/mapa-site\/","url_meta":{"origin":860,"position":3},"title":"Seitenverzeichnis","author":"Rafael Avelino","date":"31 de Januar de 2015","format":false,"excerpt":"Mapa do Site Veja todos os artigos publicados aqui no Como Aprender Japon\u00eas","rel":"","context":"\u00c4hnlicher Beitrag","block_context":{"text":"\u00c4hnlicher Beitrag","link":""},"img":{"alt_text":"","src":"","width":0,"height":0},"classes":[]},{"id":2786,"url":"https:\/\/comoaprenderjapones.net\/de\/acompanhe\/","url_meta":{"origin":860,"position":4},"title":"nachverfolgen","author":"Rafael Avelino","date":"12 de Juni de 2020","format":false,"excerpt":"Para n\u00e3o perder alguma novidade ou dica logo em seguida vou indicar v\u00e1rias op\u00e7\u00f5es para que voc\u00ea acompanhe o comoaprenderjapones.net da maneira que desejar e que mais goste. Acompanhe pelo Feed Um dos meios mais tradicionais para voc\u00ea receber as novidades instantaneamente quando algo \u00e9 publicado por aqui. Feed do\u2026","rel":"","context":"\u00c4hnlicher Beitrag","block_context":{"text":"\u00c4hnlicher Beitrag","link":""},"img":{"alt_text":"Acompanhe pelo Feedly o comoaprenderjapones.net","src":"https:\/\/i0.wp.com\/comoaprenderjapones.net\/wp-content\/uploads\/2020\/06\/feedly-follow.png?resize=350%2C200&ssl=1","width":350,"height":200},"classes":[]},{"id":904,"url":"https:\/\/comoaprenderjapones.net\/de\/metodo-fan-art\/","url_meta":{"origin":860,"position":5},"title":"Fan Art Method 3.0 - Wie man Anime-Charaktere zeichnet","author":"Rafael Avelino","date":"15 de Februar de 2017","format":false,"excerpt":"Aprenda a como desenhar personagem de animes mesmo sem ter o \u201cdom\u201d passo a passo com o m\u00e9todo fan art 3.0 criado pela Mayara Rodrigues.\u00a0 Quem gosta da cultura japonesa, principalmente pelos animes, mangas j\u00e1 teve a curiosidade de saber se \u00e9 poss\u00edvel aprender a desenhar aquele personagem favorito mesmo\u2026","rel":"","context":"\u00c4hnlicher Beitrag","block_context":{"text":"\u00c4hnlicher Beitrag","link":""},"img":{"alt_text":"M\u00e9todo Fan Art 3.0 \u2013 Desenhe seu personagem de anime favorito!","src":"https:\/\/i0.wp.com\/comoaprenderjapones.net\/wp-content\/uploads\/2020\/12\/Metod-Fan-Art-3-0-Desenhar-Animes.jpg?fit=1200%2C628&ssl=1&resize=350%2C200","width":350,"height":200,"srcset":"https:\/\/i0.wp.com\/comoaprenderjapones.net\/wp-content\/uploads\/2020\/12\/Metod-Fan-Art-3-0-Desenhar-Animes.jpg?fit=1200%2C628&ssl=1&resize=350%2C200 1x, https:\/\/i0.wp.com\/comoaprenderjapones.net\/wp-content\/uploads\/2020\/12\/Metod-Fan-Art-3-0-Desenhar-Animes.jpg?fit=1200%2C628&ssl=1&resize=525%2C300 1.5x, https:\/\/i0.wp.com\/comoaprenderjapones.net\/wp-content\/uploads\/2020\/12\/Metod-Fan-Art-3-0-Desenhar-Animes.jpg?fit=1200%2C628&ssl=1&resize=700%2C400 2x, https:\/\/i0.wp.com\/comoaprenderjapones.net\/wp-content\/uploads\/2020\/12\/Metod-Fan-Art-3-0-Desenhar-Animes.jpg?fit=1200%2C628&ssl=1&resize=1050%2C600 3x"},"classes":[]}],"jetpack_sharing_enabled":true,"amp_enabled":true,"_links":{"self":[{"href":"https:\/\/comoaprenderjapones.net\/de\/wp-json\/wp\/v2\/pages\/860","targetHints":{"allow":["GET"]}}],"collection":[{"href":"https:\/\/comoaprenderjapones.net\/de\/wp-json\/wp\/v2\/pages"}],"about":[{"href":"https:\/\/comoaprenderjapones.net\/de\/wp-json\/wp\/v2\/types\/page"}],"author":[{"embeddable":true,"href":"https:\/\/comoaprenderjapones.net\/de\/wp-json\/wp\/v2\/users\/1"}],"replies":[{"embeddable":true,"href":"https:\/\/comoaprenderjapones.net\/de\/wp-json\/wp\/v2\/comments?post=860"}],"version-history":[{"count":0,"href":"https:\/\/comoaprenderjapones.net\/de\/wp-json\/wp\/v2\/pages\/860\/revisions"}],"wp:featuredmedia":[{"embeddable":true,"href":"https:\/\/comoaprenderjapones.net\/de\/wp-json\/wp\/v2\/media\/861"}],"wp:attachment":[{"href":"https:\/\/comoaprenderjapones.net\/de\/wp-json\/wp\/v2\/media?parent=860"}],"curies":[{"name":"wp","href":"https:\/\/api.w.org\/{rel}","templated":true}]}}