{"id":9,"date":"2014-08-24T02:32:54","date_gmt":"2014-08-24T02:32:54","guid":{"rendered":"https:\/\/comoaprenderjapones.net\/?page_id=9"},"modified":"2022-02-07T19:38:46","modified_gmt":"2022-02-07T22:38:46","slug":"datenschutz-bestimmungen","status":"publish","type":"page","link":"https:\/\/comoaprenderjapones.net\/de\/politica-de-privacidade\/","title":{"rendered":"Datenschutz-Bestimmungen"},"content":{"rendered":"<div class=\"5057f5bb79852941df3b6d5de6744a76\" data-index=\"2\" style=\"float: none; margin:0px;\">\n<script async src=\"https:\/\/pagead2.googlesyndication.com\/pagead\/js\/adsbygoogle.js?client=ca-pub-0652292147574552\"\r\n     crossorigin=\"anonymous\"><\/script>\r\n<!-- Ads responsivo Inicio Post CAJap -->\r\n<ins class=\"adsbygoogle\"\r\n     style=\"display:block\"\r\n     data-ad-client=\"ca-pub-0652292147574552\"\r\n     data-ad-slot=\"3298668993\"\r\n     data-ad-format=\"auto\"><\/ins>\r\n<script>\r\n     (adsbygoogle = window.adsbygoogle || []).push({});\r\n<\/script>\n<\/div>\n\n<p>Diese Datenschutzrichtlinie wurde entwickelt, um die Vertraulichkeit, den Datenschutz und den Schutz personenbezogener Daten von Besuchern dieser Website und Benutzern unserer Dienste zu gew\u00e4hrleisten und diese Informationen vor Verlust, Missbrauch, unbefugtem Zugriff, \u00c4nderung und Zerst\u00f6rung zu sch\u00fctzen.<\/p>\n\n\n\n<h2 class=\"wp-block-heading\" id=\"1-coleta-e-uso-das-informacoes\">1. Erhebung und Verwendung von Informationen<\/h2>\n\n\n\n<p>Der Zugang zu dieser Site kann von der Registrierung des Besuchers abh\u00e4ngig gemacht werden, wobei Informationen angefordert werden, die ihn identifizieren und den Kontakt mit unseren Benutzern erm\u00f6glichen. Durch die Entscheidung, seine Daten bereitzustellen, erkl\u00e4rt der Benutzer, die Bedingungen dieser Richtlinie zu kennen und zu akzeptieren.Die Website empf\u00e4ngt und speichert \u00fcber Cookies auch automatisch Informationen \u00fcber Browseraktivit\u00e4ten, einschlie\u00dflich der IP-Adresse und der aufgerufenen Seite. Diese Aktivit\u00e4tsaufzeichnungen (Protokolle) werden nur f\u00fcr statistische und metrische Zwecke der bereitgestellten Dienste verwendet.<\/p>\n\n\n\n<h3 class=\"wp-block-heading\" id=\"cookies-e-web-beacons\">Cookies und Web-Beacons<\/h3>\n\n\n\n<p>Wir gebrauchen&nbsp;<a style=\"font-weight: inherit; font-style: inherit; color: #469db9;\" href=\"https:\/\/pt.wikipedia.org\/wiki\/Cookie\" target=\"_blank\" rel=\"noopener\">Kekse<\/a>&nbsp;um Informationen, wie Ihre pers\u00f6nlichen Pr\u00e4ferenzen, zu speichern, wenn Sie die&nbsp;<strong>Japanisch lernen<\/strong>. Dies kann ein einfaches Popup oder ein Link zu verschiedenen von uns angebotenen Diensten sein, wie beispielsweise Foren.<\/p>\n\n\n\n<p>Google verwendet das neue&nbsp;<a style=\"font-weight: inherit; font-style: inherit; color: #469db9;\" href=\"https:\/\/www.doubleclick.com\/privacy\/faq.aspx?ctx=tltp\" target=\"_blank\" rel=\"noopener\">DART-Cookie<\/a>&nbsp;um Anzeigen basierend auf Ihren Interessen und Ihrem Besuch unseres Blogs und anderer Webadressen anzuzeigen. Sie k\u00f6nnen das DART-Cookie nicht verwenden, indem Sie die Google-Anzeigenseite und das Polizeiprogramm des Unternehmens besuchen.<\/p>\n\n\n\n<p>Der Benutzer ist sich bewusst und stimmt zu, dass die gesammelten Informationen f\u00fcr folgende Zwecke verwendet werden: (a) Information \u00fcber neue Inhalte, Neuigkeiten und Veranstaltungen; (b) Aktualisierung der Kontaktinformationen; (c) die Benutzerfreundlichkeit und das interaktive Erlebnis beim Surfen auf der Site zu optimieren; (d) allgemeine Statistiken erstellen, ohne Benutzer zu identifizieren; (e) auf die eigenen Anfragen und Anfragen der Benutzer zu reagieren; und (f) rechtliche oder gerichtliche Bestimmungen einzuhalten. Wir behalten uns auch das Recht vor, solche Aufzeichnungen im Einzelfall zur Aufkl\u00e4rung von zivil- oder strafrechtlichen Straftaten zu verwenden, insbesondere bei Verdacht auf Betrug, Hackerangriffe, System\u00e4nderungen oder missbr\u00e4uchliche Zugriffe auf gesch\u00fctzte Informationen und Registrierungsdaten anderer Benutzer.<\/p>\n\n\n\n<h2 class=\"wp-block-heading\" id=\"2-guarda-e-responsabilidade-pelas-informacoes-coletadas\">2. Schutz und Verantwortung f\u00fcr gesammelte Informationen<\/h2>\n\n\n\n<p>Alle von Benutzern bereitgestellten Informationen werden gem\u00e4\u00df den strengsten Sicherheits- und Zuverl\u00e4ssigkeitsstandards erfasst und gespeichert. Wir werden uns nach besten Kr\u00e4ften bem\u00fchen, die Integrit\u00e4t der uns zur Verf\u00fcgung gestellten Informationen zu wahren, weshalb wir nicht f\u00fcr Sch\u00e4den verantwortlich sind, die sich aus deren Zugriff und\/oder Nutzung durch Dritte ergeben. Der Zugriff auf die gesammelten Informationen ist auf Mitarbeiter und autorisierte Personen beschr\u00e4nkt. Diejenigen, die diese Informationen unter Versto\u00df gegen diese Datenschutzrichtlinie missbrauchen, werden mit Verwaltungs- und Disziplinarma\u00dfnahmen belegt, ohne die anwendbaren rechtlichen Ma\u00dfnahmen auszuschlie\u00dfen. Au\u00dfer durch eine gesetzliche oder gerichtliche Entscheidung werden die Informationen der auf dieser Website registrierten Benutzer niemals an Dritte weitergegeben oder f\u00fcr andere Zwecke als die, f\u00fcr die sie erhoben wurden, verwendet. Alle erhobenen personenbezogenen Daten werden in die Datenbank dieser Website aufgenommen, wobei der Administrator dieser Website daf\u00fcr verantwortlich ist.<\/p>\n\n\n\n<h2 class=\"wp-block-heading\" id=\"3-informacoes-opinioes-e-conteudos-gerados-por-terceiros\">3. Von Dritten generierte Informationen, Meinungen und Inhalte<\/h2>\n\n\n\n<p>Diese Website erm\u00f6glicht die Teilnahme von Besuchern\/Benutzern durch Kommentare, Informationsaustausch, Ver\u00f6ffentlichung von Inhalten, die von Dritten generiert wurden, und Verbreitung von Werbung. Besucher, Nutzer und Inserenten sind sich bereits bewusst, dass sie keine sittenwidrigen, illegalen, rassistischen, diffamierenden, verletzenden, pornografischen, strafbaren Informationen, Meinungen oder Inhalte oder Inhalte, die die Rechte des Urhebers verletzen, posten d\u00fcrfen. Sie sind sich auch bewusst, dass die Informationen, Inhalte oder Meinungen, die auf dieser Website kostenlos bereitgestellt oder ver\u00f6ffentlicht werden, mit Ausnahme der f\u00fcr Registrierungszwecke angeforderten pers\u00f6nlichen Informationen, NICHT VERTRAULICH NOCH DURCH DIESE DATENSCHUTZRICHTLINIE GESCH\u00dcTZT WERDEN und von anderen frei abgerufen und angesehen werden k\u00f6nnen Besucher und Nutzer. Werbung oder jegliche Offenlegung von Produkten, Dienstleistungen oder Veranstaltungen, die gegen das Gesetz, die guten Sitten und die guten Sitten versto\u00dfen, ist ebenfalls verboten. Die f\u00fcr diese Website Verantwortlichen sind weder f\u00fcr die von Dritten generierten Informationen, Meinungen und Inhalte noch f\u00fcr die Qualit\u00e4t oder Richtigkeit der \u00fcber die Website ver\u00f6ffentlichten Produkte, Dienstleistungen oder Veranstaltungen verantwortlich. Jede sittenwidrige oder rechtswidrige Erscheinung, Vervielf\u00e4ltigung oder Ver\u00f6ffentlichung muss den Betreibern dieser Website mitgeteilt werden und wird umgehend entfernt. Die Anzeige ist an die Adresse des Standortverantwortlichen zu richten.<\/p>\n\n\n\n<h2 class=\"wp-block-heading\" id=\"4-responsabilidade-dos-usuarios\">4. Haftung der Nutzer<\/h2>\n\n\n\n<p>Es liegt in der Verantwortung des Benutzers, sein Passwort und seine Anmeldung aufzubewahren. Es wird nicht empfohlen, offensichtliche Passw\u00f6rter wie besondere Daten, Namen oder Zahlenfolgen zu verwenden. Wenn der Benutzer erf\u00e4hrt oder nur vermutet, dass sein Passwort entdeckt wurde, muss er es auf seiner Registrierungsseite \u00e4ndern. Wir verpflichten uns, die Online-Privatsph\u00e4re von Kindern zu sch\u00fctzen. Eine Registrierung von Minderj\u00e4hrigen erfolgt nur zum Zwecke der Teilnahme an gesperrten Bereichen der Website mit Bildungsinhalten. Die Daten von Minderj\u00e4hrigen werden nur zur Beantwortung von R\u00fcckfragen, wissenschaftlichen Fragen, zur Unterrichtsplanung an Schulen oder zu allgemeinen statistischen Zwecken verwendet. Wir empfehlen auch, dass der Minderj\u00e4hrige immer unter der Leitung und Aufsicht seiner Erziehungsberechtigten steht, die jederzeit die Aufhebung der Registrierung verlangen k\u00f6nnen. Diese Richtlinie unterliegt st\u00e4ndigen Verbesserungen und Erweiterungen. Daher empfehlen wir Ihre regelm\u00e4\u00dfige Beratung.<\/p>\n\n<div style=\"font-size: 0px; height: 0px; line-height: 0px; margin: 0; padding: 0; clear: both;\"><\/div>","protected":false},"excerpt":{"rendered":"<p>Esta Pol\u00edtica de Privacidade foi elaborada visando zelar pela confidencialidade, privacidade e prote\u00e7\u00e3o dos dados pessoais dos visitantes deste site e dos usu\u00e1rios de nossos servi\u00e7os, protegendo essas informa\u00e7\u00f5es de perdas, uso impr\u00f3prio, acesso n\u00e3o<\/p>","protected":false},"author":1,"featured_media":0,"parent":0,"menu_order":0,"comment_status":"closed","ping_status":"closed","template":"","meta":{"footnotes":""},"class_list":["post-9","page","type-page","status-publish"],"jetpack-related-posts":[{"id":4016,"url":"https:\/\/comoaprenderjapones.net\/de\/curso-japones-club-por-skdesu\/","url_meta":{"origin":9,"position":0},"title":"Japanischer Club-Kurs von Skdesu","author":"Rafael Avelino","date":"2 de Februar de 2023","format":false,"excerpt":"Advertorial Aprenda a L\u00edngua Japonesa com o Curso Japon\u00eas Club e Tenha a solu\u00e7\u00e3o definitiva para superar qualquer desafio! Mang\u00e1 Death Note Olha s\u00f3 o que voc\u00ea tem no Curso Japon\u00eas Club! + de 140 v\u00eddeo aulas em Alta Defini\u00e7\u00e3o Jogos e Atividades Interativas Pagamento \u00danico (N\u00e3o tem Mensalidades) Acesso\u2026","rel":"","context":"\u00c4hnlicher Beitrag","block_context":{"text":"\u00c4hnlicher Beitrag","link":""},"img":{"alt_text":"","src":"https:\/\/i0.wp.com\/comoaprenderjapones.net\/wp-content\/uploads\/2023\/02\/japones-club-advertorial.jpg?fit=1023%2C499&ssl=1&resize=350%2C200","width":350,"height":200,"srcset":"https:\/\/i0.wp.com\/comoaprenderjapones.net\/wp-content\/uploads\/2023\/02\/japones-club-advertorial.jpg?fit=1023%2C499&ssl=1&resize=350%2C200 1x, https:\/\/i0.wp.com\/comoaprenderjapones.net\/wp-content\/uploads\/2023\/02\/japones-club-advertorial.jpg?fit=1023%2C499&ssl=1&resize=525%2C300 1.5x, https:\/\/i0.wp.com\/comoaprenderjapones.net\/wp-content\/uploads\/2023\/02\/japones-club-advertorial.jpg?fit=1023%2C499&ssl=1&resize=700%2C400 2x"},"classes":[]},{"id":179,"url":"https:\/\/comoaprenderjapones.net\/de\/mapa-site\/","url_meta":{"origin":9,"position":1},"title":"Seitenverzeichnis","author":"Rafael Avelino","date":"31 de Januar de 2015","format":false,"excerpt":"Mapa do Site Veja todos os artigos publicados aqui no Como Aprender Japon\u00eas","rel":"","context":"\u00c4hnlicher Beitrag","block_context":{"text":"\u00c4hnlicher Beitrag","link":""},"img":{"alt_text":"","src":"","width":0,"height":0},"classes":[]},{"id":860,"url":"https:\/\/comoaprenderjapones.net\/de\/japones-expresso-curso-online-japones\/","url_meta":{"origin":9,"position":2},"title":"Japanisch Express: Online-Japanischkurs","author":"Rafael Avelino","date":"14 de November de 2016","format":false,"excerpt":"Conhe\u00e7a curso online japon\u00eas expresso promete te ajudar a sair do zero no idioma japon\u00eas e tamb\u00e9m para quem tem viagem marcada para o Jap\u00e3o. CURSO N\u00c3O EST\u00c1 DISPONIVEL. Conhe\u00e7a o curso Completo do Sensei Luiz Rafael o ???? Programa Japon\u00eas Online! Quem gosta da cultura japonesa, seja animes, mangas,\u2026","rel":"","context":"\u00c4hnlicher Beitrag","block_context":{"text":"\u00c4hnlicher Beitrag","link":""},"img":{"alt_text":"Japon\u00eas Expresso curso online de japon\u00eas","src":"https:\/\/i0.wp.com\/comoaprenderjapones.net\/wp-content\/uploads\/2016\/11\/Japones_Expresso.jpg?fit=1200%2C696&ssl=1&resize=350%2C200","width":350,"height":200,"srcset":"https:\/\/i0.wp.com\/comoaprenderjapones.net\/wp-content\/uploads\/2016\/11\/Japones_Expresso.jpg?fit=1200%2C696&ssl=1&resize=350%2C200 1x, https:\/\/i0.wp.com\/comoaprenderjapones.net\/wp-content\/uploads\/2016\/11\/Japones_Expresso.jpg?fit=1200%2C696&ssl=1&resize=525%2C300 1.5x, https:\/\/i0.wp.com\/comoaprenderjapones.net\/wp-content\/uploads\/2016\/11\/Japones_Expresso.jpg?fit=1200%2C696&ssl=1&resize=700%2C400 2x, https:\/\/i0.wp.com\/comoaprenderjapones.net\/wp-content\/uploads\/2016\/11\/Japones_Expresso.jpg?fit=1200%2C696&ssl=1&resize=1050%2C600 3x"},"classes":[]},{"id":2786,"url":"https:\/\/comoaprenderjapones.net\/de\/acompanhe\/","url_meta":{"origin":9,"position":3},"title":"nachverfolgen","author":"Rafael Avelino","date":"12 de Juni de 2020","format":false,"excerpt":"Para n\u00e3o perder alguma novidade ou dica logo em seguida vou indicar v\u00e1rias op\u00e7\u00f5es para que voc\u00ea acompanhe o comoaprenderjapones.net da maneira que desejar e que mais goste. Acompanhe pelo Feed Um dos meios mais tradicionais para voc\u00ea receber as novidades instantaneamente quando algo \u00e9 publicado por aqui. Feed do\u2026","rel":"","context":"\u00c4hnlicher Beitrag","block_context":{"text":"\u00c4hnlicher Beitrag","link":""},"img":{"alt_text":"Acompanhe pelo Feedly o comoaprenderjapones.net","src":"https:\/\/i0.wp.com\/comoaprenderjapones.net\/wp-content\/uploads\/2020\/06\/feedly-follow.png?resize=350%2C200&ssl=1","width":350,"height":200},"classes":[]},{"id":35,"url":"https:\/\/comoaprenderjapones.net\/de\/sobre\/","url_meta":{"origin":9,"position":4},"title":"\u00dcber","author":"Rafael Avelino","date":"24 de August de 2014","format":false,"excerpt":"Ol\u00e1 Minna! Sou Rafael admin deste site, como vai? Muito obrigado por visitar este site que pretende passar dicas de como aprender japon\u00eas para quem est\u00e1 iniciando, assim como eu. Vamos tentar abordar tudo que possa ajudar no seu aprendizado do idioma japon\u00eas, que vai desde animes,m\u00fasicas,mangas e tamb\u00e9m o\u2026","rel":"","context":"\u00c4hnlicher Beitrag","block_context":{"text":"\u00c4hnlicher Beitrag","link":""},"img":{"alt_text":"","src":"","width":0,"height":0},"classes":[]},{"id":94,"url":"https:\/\/comoaprenderjapones.net\/de\/programa-japones-online\/","url_meta":{"origin":9,"position":5},"title":"Japanisches Online-Programm + kostenloses Japanisch-Intensiv-Event","author":"Rafael Avelino","date":"20 de Oktober de 2014","format":false,"excerpt":"Conhe\u00e7a o curso de japon\u00eas Programa Japon\u00eas Online do Sensei Luiz Rafael! \u3053\u3093\u306b\u3061\u306f! Est\u00e1 procurando um m\u00e9todo eficiente que te ensine do ZERO a ter um n\u00edvel de flu\u00eancia que possa consumir conte\u00fados totalmente em japon\u00eas? O m\u00e9todo criado pelo Luiz Rafael j\u00e1 passou por muitas atualiza\u00e7\u00f5es e est\u00e1 no\u2026","rel":"","context":"\u00c4hnlicher Beitrag","block_context":{"text":"\u00c4hnlicher Beitrag","link":""},"img":{"alt_text":"Programa Japon\u00eas Online - Intensiv\u00e3o de japon\u00eas","src":"https:\/\/i0.wp.com\/comoaprenderjapones.net\/wp-content\/uploads\/2021\/01\/programa-japones-online-intensivao-de-japones-2021.jpg?fit=1200%2C932&ssl=1&resize=350%2C200","width":350,"height":200,"srcset":"https:\/\/i0.wp.com\/comoaprenderjapones.net\/wp-content\/uploads\/2021\/01\/programa-japones-online-intensivao-de-japones-2021.jpg?fit=1200%2C932&ssl=1&resize=350%2C200 1x, https:\/\/i0.wp.com\/comoaprenderjapones.net\/wp-content\/uploads\/2021\/01\/programa-japones-online-intensivao-de-japones-2021.jpg?fit=1200%2C932&ssl=1&resize=525%2C300 1.5x, https:\/\/i0.wp.com\/comoaprenderjapones.net\/wp-content\/uploads\/2021\/01\/programa-japones-online-intensivao-de-japones-2021.jpg?fit=1200%2C932&ssl=1&resize=700%2C400 2x, https:\/\/i0.wp.com\/comoaprenderjapones.net\/wp-content\/uploads\/2021\/01\/programa-japones-online-intensivao-de-japones-2021.jpg?fit=1200%2C932&ssl=1&resize=1050%2C600 3x"},"classes":[]}],"jetpack_sharing_enabled":false,"amp_enabled":true,"_links":{"self":[{"href":"https:\/\/comoaprenderjapones.net\/de\/wp-json\/wp\/v2\/pages\/9","targetHints":{"allow":["GET"]}}],"collection":[{"href":"https:\/\/comoaprenderjapones.net\/de\/wp-json\/wp\/v2\/pages"}],"about":[{"href":"https:\/\/comoaprenderjapones.net\/de\/wp-json\/wp\/v2\/types\/page"}],"author":[{"embeddable":true,"href":"https:\/\/comoaprenderjapones.net\/de\/wp-json\/wp\/v2\/users\/1"}],"replies":[{"embeddable":true,"href":"https:\/\/comoaprenderjapones.net\/de\/wp-json\/wp\/v2\/comments?post=9"}],"version-history":[{"count":0,"href":"https:\/\/comoaprenderjapones.net\/de\/wp-json\/wp\/v2\/pages\/9\/revisions"}],"wp:attachment":[{"href":"https:\/\/comoaprenderjapones.net\/de\/wp-json\/wp\/v2\/media?parent=9"}],"curies":[{"name":"wp","href":"https:\/\/api.w.org\/{rel}","templated":true}]}}