{"id":904,"date":"2017-02-15T20:39:01","date_gmt":"2017-02-15T22:39:01","guid":{"rendered":"https:\/\/comoaprenderjapones.net\/?page_id=904"},"modified":"2022-09-05T15:01:47","modified_gmt":"2022-09-05T18:01:47","slug":"fan-art-methode","status":"publish","type":"page","link":"https:\/\/comoaprenderjapones.net\/de\/metodo-fan-art\/","title":{"rendered":"Fan Art Method 3.0 - Wie man Anime-Charaktere zeichnet"},"content":{"rendered":"<div class=\"5057f5bb79852941df3b6d5de6744a76\" data-index=\"2\" style=\"float: none; margin:0px;\">\n<script async src=\"https:\/\/pagead2.googlesyndication.com\/pagead\/js\/adsbygoogle.js?client=ca-pub-0652292147574552\"\r\n     crossorigin=\"anonymous\"><\/script>\r\n<!-- Ads responsivo Inicio Post CAJap -->\r\n<ins class=\"adsbygoogle\"\r\n     style=\"display:block\"\r\n     data-ad-client=\"ca-pub-0652292147574552\"\r\n     data-ad-slot=\"3298668993\"\r\n     data-ad-format=\"auto\"><\/ins>\r\n<script>\r\n     (adsbygoogle = window.adsbygoogle || []).push({});\r\n<\/script>\n<\/div>\n\n<div class=\"addthis_inline_share_toolbox\"><\/div>\n\n\n\n<p><em>lernen <strong>wie man Anime-Figuren zeichnet<\/strong> auch ohne das \"Geschenk\" Schritt f\u00fcr Schritt mit dem <strong>Fan-Art-Methode 3.0 <\/strong>erstellt von<strong> <\/strong>Mayara Rodrigues.\u00a0<\/em><\/p>\n\n\n\n<p>Jeder, der die japanische Kultur mag, insbesondere Anime, Manga, war schon neugierig, ob es m\u00f6glich ist, das Zeichnen dieser Lieblingsfigur auch ohne Affinit\u00e4t, das \u201eGeschenk\u201c des Zeichnens, zu lernen.<\/p>\n\n\n\n<p>Das gro\u00dfe Problem ist, dass es ohne eine gute Methode oder jemanden, der praktisch lehren kann, schwierig ist, alleine zu lernen.<\/p>\n\n\n\n\n\n\n<p>In diesem Sinne wurde die <a href=\"https:\/\/comoaprenderjapones.net\/de\/in-3\/conheca-o-metodo-fan-art\/\" target=\"_blank\" rel=\"noopener\">Mayara beschloss, eine einfache Methode zu entwickeln<\/a>, praxisnah und konzentriert sich auf das Wesentliche.<\/p>\n\n\n\n<h2 class=\"wp-block-heading\">Was ist Fan-Art?<\/h2>\n\n\n\n<p>Wissen Sie <strong>was ist fanart<\/strong>? Sehen Sie unten eine kurze Erkl\u00e4rung \u00fcber und erfahren Sie auch bald mehr \u00fcber die <a href=\"https:\/\/comoaprenderjapones.net\/de\/fan-art-methode\/\">Fan-Art-Methode<\/a> was in Brasilien sehr beliebt ist f\u00fcr diejenigen, die lernen wollen, Anime zu zeichnen:<\/p>\n\n\n\n<blockquote class=\"wp-block-quote is-layout-flow wp-block-quote-is-layout-flow\"><p>Fanart, Fanart oder sogar Fanart ist ein Kunstwerk, das auf einer ber\u00fchmten Figur, Fantasie, einem Gegenstand oder einem Werk basiert, das von Fans geschaffen wurde. Der Begriff kann sowohl auf Kunst angewendet werden, die von Fans von Charakteren aus bestimmten B\u00fcchern geschaffen wurde, als auch auf Kunst, die aus visuellen Medien wie Comics, Filmen und\/oder Videospielen stammt. Es bezieht sich normalerweise auf Kunstwerke von Amateurk\u00fcnstlern oder K\u00fcnstlern, die f\u00fcr ihre Arbeit nicht bezahlt werden. Es ist ein Werk, das von Fans nach eigener Vorstellung \u00fcber das Originalwerk geschaffen wurde.<br \/>Quelle:&nbsp;<a href=\"https:\/\/pt.wikipedia.org\/wiki\/Fanart\" target=\"_blank\" rel=\"noopener\">Wikipedia<\/a><\/p><\/blockquote>\n\n\n\n<p>Lassen Sie uns nun wissen, was dieser Kurs ist und auch seinen Sch\u00f6pfer sowie Erfahrungsberichte von denen, die ihn gemacht und genehmigt haben.<\/p>\n\n\n\n<h2 class=\"wp-block-heading\">Was ist die Fan-Art-Methode?<\/h2>\n\n\n\n<p>Eine Methode, die entwickelt wurde, um Menschen beizubringen, die lernen m\u00f6chten, wie sie ihre Lieblings-Anime-Figur ohne gro\u00dfe Komplikationen in einer gut erkl\u00e4rten und didaktischen Schritt-f\u00fcr-Schritt-Anleitung zeichnen k\u00f6nnen.<\/p>\n\n\n\n<p>Lernen Sie, \u00e4hnlich zu zeichnen, wie der urspr\u00fcngliche Autor des Anime die von ihm geschaffene Figur zeichnet.<\/p>\n\n\n\n<h3 class=\"wp-block-heading\"><strong>Sch\u00f6pferin von Mayara Rodrigues<\/strong> des Kurses<\/h3>\n\n\n<div class=\"wp-block-image\">\n<figure class=\"alignleft\"><a href=\"https:\/\/comoaprenderjapones.net\/de\/in-3\/conheca-o-metodo-fan-art\/\" rel=\"nofollow noopener\"><img data-recalc-dims=\"1\" decoding=\"async\" width=\"300\" height=\"247\" src=\"https:\/\/i0.wp.com\/comoaprenderjapones.net\/wp-content\/uploads\/2018\/09\/Mayara-Rodrigues.png?resize=300%2C247&#038;ssl=1\" alt=\"Mayara Rodrigues Sch\u00f6pferin der Fan-Art-Methode\" class=\"wp-image-2430\" srcset=\"https:\/\/i0.wp.com\/comoaprenderjapones.net\/wp-content\/uploads\/2018\/09\/Mayara-Rodrigues.png?resize=300%2C247&amp;ssl=1 300w, https:\/\/i0.wp.com\/comoaprenderjapones.net\/wp-content\/uploads\/2018\/09\/Mayara-Rodrigues.png?w=543&amp;ssl=1 543w\" sizes=\"(max-width: 300px) 100vw, 300px\" \/><\/a><figcaption><strong>Mayara Rodrigues<\/strong> Sch\u00f6pfer der Fan-Art-Methode<\/figcaption><\/figure>\n<\/div>\n\n\n<p><strong>Mayara Rodrigues<\/strong>Wie viele Brasilianer begann er sich f\u00fcr Anime zu interessieren und sein Favorit war Digimon, und damit kam der Wunsch, zu lernen, wie man seine Lieblingscharaktere zeichnet.<\/p>\n\n\n\n<p>Das gro\u00dfe Problem ist, dass sie sich beim Zeichnen nicht viel weiterentwickelt hat und auch ein Zeichenkurs nicht sehr billig und nicht in der N\u00e4he ihres Wohnorts war.<\/p>\n\n\n\n<p>Dann fing sie an, Zeitschriften zu kaufen, die ihr das Zeichnen beibrachten, normalerweise japanische Methoden.<\/p>\n\n\n\n<p>Nachdem sie sich viel den Kopf zerbrochen hatte, verstand sie nach langer Zeit, vielen Jahren, wirklich, wie man einen Anime zeichnet.<\/p>\n\n\n\n<p class=\"has-text-align-center\"><a class=\"fasc-button fasc-size-large fasc-type-popout fasc-rounded-medium ico-fa fasc-ico-before fa-youtube-play\" style=\"background-color: #cc2f1a; color: #ffffff;\" target=\"_blank\" rel=\"nofollow noopener\" href=\"https:\/\/comoaprenderjapones.net\/de\/in-3\/conheca-historia-da-mayara-rodrigues\/\">Erfahren Sie mehr \u00fcber seine Geschichte, indem Sie hier klicken!<\/a><\/p>\n\n\n\n<h3 class=\"wp-block-heading\">Was ist der Inhalt der Fan-Art-Methode?<\/h3>\n\n\n\n<p>Der Kurs bleibt nicht h\u00e4ngen, denn es geht direkt auf das Wesentliche ein, sehen Sie sich einfach die Themen an, die der Online-Kurs hat <strong>Fan-Art-Methode 3.0<\/strong> haben:<\/p>\n\n\n\n<ol class=\"wp-block-list\"><li>Bildanalyse<\/li><li>Skizziertechniken<\/li><li>Gesichtsanatomie + Winkelvariationen<\/li><li>K\u00f6rperanatomie und Bewegungen<\/li><li>Das Geheimnis, Anime\/Manga-Haare zu machen \u2026<\/li><li>Perfekte H\u00e4nde und F\u00fc\u00dfe deines Charakters\u2026<\/li><li>Gestalten von Charakterkleidung<\/li><li>Zeichnungen mit Stift fertigstellen<\/li><li>Einf\u00fchrung in die Malerei + Licht und Schatten<\/li><\/ol>\n\n\n\n<h3 class=\"wp-block-heading\">Fan-Art-Methode 3.0-Bonus<\/h3>\n\n\n\n<p>Und auch der Zoll <strong>+ 5 Bonus<\/strong> um Ihre Designs weiter zu verbessern:<\/p>\n\n\n\n<ul class=\"wp-block-list\"><li>Das Geheimnis des Augenzeichnens<\/li><li>Heizung und Strich<\/li><li>Verwendung aller Kursmodule in einer Zeichnung<\/li><li>Zugang zur exklusiven Gruppe von Studenten<\/li><li>Abschlusszertifikat<\/li><\/ul>\n\n\n<div class=\"wp-block-image\">\n<figure class=\"aligncenter\"><img data-recalc-dims=\"1\" decoding=\"async\" width=\"900\" height=\"475\" src=\"https:\/\/i0.wp.com\/comoaprenderjapones.net\/wp-content\/uploads\/2017\/02\/Area_de_Membros_Metodo_fan_art.jpg?resize=900%2C475&#038;ssl=1\" alt=\"Mitgliederbereich Fan-Art-Methode\" class=\"wp-image-906\" srcset=\"https:\/\/i0.wp.com\/comoaprenderjapones.net\/wp-content\/uploads\/2017\/02\/Area_de_Membros_Metodo_fan_art.jpg?w=900&amp;ssl=1 900w, https:\/\/i0.wp.com\/comoaprenderjapones.net\/wp-content\/uploads\/2017\/02\/Area_de_Membros_Metodo_fan_art.jpg?resize=300%2C158&amp;ssl=1 300w, https:\/\/i0.wp.com\/comoaprenderjapones.net\/wp-content\/uploads\/2017\/02\/Area_de_Membros_Metodo_fan_art.jpg?resize=768%2C405&amp;ssl=1 768w\" sizes=\"(max-width: 900px) 100vw, 900px\" \/><\/figure>\n<\/div>\n\n\n<p>Au\u00dferdem haben Sie eine geschlossene Gruppe auf Facebook f\u00fcr alle Fragen mit dem Kursautor.<\/p>\n\n\n\n<p>Nat\u00fcrlich ist das kein Wunder, aber Sie werden sicherlich auf praktische Weise mit denen lernen, die das Thema verstehen, indem Sie jeden Tag \u00fcben und in kurzer Zeit sehen, wie schnell Sie Fortschritte machen.<\/p>\n\n\n\n<h2 class=\"wp-block-heading\">Werde ich lernen, wie man Anime-Figuren zeichnet?<\/h2>\n\n\n\n<p>F\u00fcr diejenigen, die auf einfache Art und Weise lernen wollen, wie man Anime-Figuren zeichnet, und die bereits wissen, wie das geht, ist der <strong>Fan-Art-Methode funktioniert<\/strong> und ist ideal f\u00fcr Sie!<\/p>\n\n\n\n<p>Schauen Sie sich unten die Sch\u00fcler von Mayara an, die bereits hervorragende Ergebnisse erzielen und sich ihren Traum erf\u00fcllen, ihre Lieblings-Anime-Charaktere zeichnen zu lernen.<\/p>\n\n\n\n<h3 class=\"wp-block-heading\">Sch\u00fclerberichte<\/h3>\n\n\n\n<p>Sehen Sie sich die Erfahrungsberichte Ihrer Sch\u00fcler an, die das Gl\u00fcck zeigen, ihre Lieblings-Anime-Charaktere gezeichnet zu haben:<br \/><\/p>\n\n\n<div class=\"message_box announce\"><p><\/p>\n<blockquote><p>Herzlichen Gl\u00fcckwunsch zum Mayara-Kurs, ich fand ihn sehr gut. Ich habe es schon mehreren Freunden empfohlen, es lohnt sich. Gleich vorweg, ich bin schon im 4. Modul und der Unterschied zu meinen alten Zeichnungen zu jetzt ist absurd, jeden Tag werde ich besser. Herzlichen Gl\u00fcckwunsch und viel Gl\u00fcck f\u00fcr Sie. K\u00fcsse<\/p>\n<p><strong>Jo\u00e3o Gabriel Alvarenga<\/strong><\/p><\/blockquote>\n<p><\/p><\/div>\n\n\n<div class=\"message_box announce\"><p><\/p>\n<blockquote><p>Ich war verr\u00fcckt, Eren Yeager zeichnen zu wollen!!! Jaaa hatte einiges r\u00fcber kopiert, aber heute habe ich ihn gezeichnet, ohne auch nur hinzusehen!!! Befolgen Sie alles, was Sie im Kurs gelehrt haben !!!<br \/>\nZu gl\u00fccklich, ich werde sogar bald ein Poster machen, um es hier in meinem Zimmer aufzuh\u00e4ngen, hehehe!! Danke Mayy, dein Kurs ist super!!!<\/p>\n<p><strong>Marcos Vinicius Viana<\/strong><\/p><\/blockquote>\n<p><\/p><\/div>\n\n\n\n<p>Siehe auch die Zeugnisse der Ergebnisse, die ihre Sch\u00fcler hatten, als sie ihre Zeichnungen unten zeigten:<br \/><\/p>\n\n\n<div class=\"tab_widget wp_shortcodes_tabs\"><ul class=\"wps_tabs\"><li><a href=\"#\" data-tab=\"tab-0-depoimento-jonathan\">Zeugnis Jonathan<\/a><\/li><li><a href=\"#\" data-tab=\"tab-1-depoimento-adson\">Adson-Zeugnis<\/a><\/li><li><a href=\"#\" data-tab=\"tab-2-depoimento-mika\">Mika-Aussage<\/a><\/li><\/ul><div class=\"tab_container\"><div id=\"tab-0-depoimento-jonathan\" class=\"tab_content clearfix\"><img data-recalc-dims=\"1\" decoding=\"async\" class=\"size-full wp-image-909 aligncenter\" src=\"https:\/\/i0.wp.com\/comoaprenderjapones.net\/wp-content\/uploads\/2017\/02\/Metodo_fan_art_desenho_aluno-7.jpg?resize=509%2C626&#038;ssl=1\" alt=\"\" width=\"509\" height=\"626\" srcset=\"https:\/\/i0.wp.com\/comoaprenderjapones.net\/wp-content\/uploads\/2017\/02\/Metodo_fan_art_desenho_aluno-7.jpg?w=509&amp;ssl=1 509w, https:\/\/i0.wp.com\/comoaprenderjapones.net\/wp-content\/uploads\/2017\/02\/Metodo_fan_art_desenho_aluno-7.jpg?resize=244%2C300&amp;ssl=1 244w\" sizes=\"(max-width: 509px) 100vw, 509px\" \/>Jonathans Zeugnis \u00fcber die Fan-Art-Methode<\/div><div id=\"tab-1-depoimento-adson\" class=\"tab_content clearfix\"><img data-recalc-dims=\"1\" decoding=\"async\" class=\"size-full wp-image-910 aligncenter\" src=\"https:\/\/i0.wp.com\/comoaprenderjapones.net\/wp-content\/uploads\/2017\/02\/Metodo_fan_art_desenhoaluno7.jpg?resize=495%2C515&#038;ssl=1\" alt=\"\" width=\"495\" height=\"515\" srcset=\"https:\/\/i0.wp.com\/comoaprenderjapones.net\/wp-content\/uploads\/2017\/02\/Metodo_fan_art_desenhoaluno7.jpg?w=495&amp;ssl=1 495w, https:\/\/i0.wp.com\/comoaprenderjapones.net\/wp-content\/uploads\/2017\/02\/Metodo_fan_art_desenhoaluno7.jpg?resize=288%2C300&amp;ssl=1 288w\" sizes=\"(max-width: 495px) 100vw, 495px\" \/>Adsons Testimonial \u00fcber die Fan-Art-Methode<\/div><div id=\"tab-2-depoimento-mika\" class=\"tab_content clearfix\"><\/p>\n<p><img data-recalc-dims=\"1\" decoding=\"async\" class=\"size-full wp-image-914 aligncenter\" src=\"https:\/\/i0.wp.com\/comoaprenderjapones.net\/wp-content\/uploads\/2017\/02\/Metodo_Fan_Art_desenhoaluno5.jpg?resize=516%2C546&#038;ssl=1\" alt=\"\" width=\"516\" height=\"546\" srcset=\"https:\/\/i0.wp.com\/comoaprenderjapones.net\/wp-content\/uploads\/2017\/02\/Metodo_Fan_Art_desenhoaluno5.jpg?w=516&amp;ssl=1 516w, https:\/\/i0.wp.com\/comoaprenderjapones.net\/wp-content\/uploads\/2017\/02\/Metodo_Fan_Art_desenhoaluno5.jpg?resize=284%2C300&amp;ssl=1 284w\" sizes=\"(max-width: 516px) 100vw, 516px\" \/><\/p>\n<p>Mikas Zeugnis \u00fcber die Fan-Art-Methode.<\/p>\n<p><\/div><\/div><\/div><div class=\"clear\"><\/div>\n\n\n\n<h2 class=\"wp-block-heading\">Funktioniert die Fan-Art-Methode?<\/h2>\n\n\n\n<p>Mit Sicherheit! Wenn Sie das gesehen haben <a href=\"https:\/\/comoaprenderjapones.net\/de\/fan-art-methode\/#depoimentos-dos-alunos\">Zeugnisse von Sch\u00fclern<\/a> Ich habe bereits bemerkt, dass Mayara Rodrigues nicht nur auf einfache und sehr didaktische Weise weitergibt, sondern auch wei\u00df, wovon sie spricht \/ was sie tut.<\/p>\n\n\n\n<p>Sie sehen sich Videolektionen an, die in Module unterteilt sind, damit Sie alles, was Sie gelernt haben, einfach und ohne viel Zeitaufwand weiterentwickeln und in die Praxis umsetzen k\u00f6nnen.<\/p>\n\n\n\n<p>Bist du \u00fcberzeugt, dass du, selbst wenn du noch nie zuvor gezeichnet hast, die Techniken praktisch erlernen kannst, um jetzt mit dem Zeichnen von Anime-Charakteren zu beginnen?!<\/p>\n\n\n\n<p class=\"has-text-align-center\"><a class=\"fasc-button fasc-size-large fasc-type-glossy fasc-rounded-medium ico-fa fasc-ico-before fa-share-square-o\" style=\"background-color: #48aa3f; color: #ffffff;\" target=\"_blank\" rel=\"nofollow noopener\" href=\"https:\/\/comoaprenderjapones.net\/de\/in-3\/conheca-o-metodo-fan-art\/\">Entdecken Sie JETZT die Methode und warum sie heute so beliebt ist!<\/a><\/p>\n\n\n\n<h2 class=\"wp-block-heading\">H\u00e4ufige Fragen<\/h2>\n\n\n<div id=\"rank-math-faq\" class=\"rank-math-block\">\n<div class=\"rank-math-list\">\n<div id=\"faq-question-1662400697637\" class=\"rank-math-list-item\">\n<h3 class=\"rank-math-question\"><strong>Funktioniert der Kurs f\u00fcr mich?<\/strong><\/h3>\n<div class=\"rank-math-answer\">\n\n<p>Wenn Sie 8 Jahre alt, 16 Jahre alt oder sogar 40 Jahre alt sind (egal welches Alter) und lernen m\u00f6chten, wie man Anime- und Manga-Figuren zeichnet, dann ist dieser Kurs genau das Richtige f\u00fcr Sie!<\/p>\n\n<\/div>\n<\/div>\n<div id=\"faq-question-1662400711600\" class=\"rank-math-list-item\">\n<h3 class=\"rank-math-question\"><strong>Was kommt in die Fan-Art-Methode?<\/strong><\/h3>\n<div class=\"rank-math-answer\">\n\n<p>Es gibt mehr als 35 Videolektionen plus Audios und Texte.<\/p>\n\n<\/div>\n<\/div>\n<div id=\"faq-question-1662400722590\" class=\"rank-math-list-item\">\n<h3 class=\"rank-math-question\"><strong>Was ist die Zugangsfrist zum Kurs?<\/strong><\/h3>\n<div class=\"rank-math-answer\">\n\n<p>Der Zugang ist lebenslang, also auf unbestimmte Zeit.<\/p>\n\n<\/div>\n<\/div>\n<div id=\"faq-question-1662400736069\" class=\"rank-math-list-item\">\n<h3 class=\"rank-math-question\"><strong>Kann ich den Kurs in Raten bezahlen?<\/strong><\/h3>\n<div class=\"rank-math-answer\">\n\n<p>Ja, Sie k\u00f6nnen den Kurs Fan Art 3.0 Methode in bis zu 10 Raten per Kreditkarte bezahlen. Sie k\u00f6nnen sogar 2 Kreditkarten verwenden, wenn Sie m\u00f6chten.<\/p>\n\n<\/div>\n<\/div>\n<div id=\"faq-question-1662400747920\" class=\"rank-math-list-item\">\n<h3 class=\"rank-math-question\"><strong>Ist es sicher, die Fan-Art-Methode zu kaufen?<\/strong><\/h3>\n<div class=\"rank-math-answer\">\n\n<p>Ja, es wird verwendet\u00a0<a href=\"https:\/\/comoaprenderjapones.net\/de\/in-3\/comprar-metodo-fan-art-3-0-ck\/\" target=\"_blank\" rel=\"noreferrer noopener\">Hotmart-Plattform f\u00fcr die Zahlung<\/a>\u00a0was sehr sicher ist.<\/p>\n\n<\/div>\n<\/div>\n<div id=\"faq-question-1662400768520\" class=\"rank-math-list-item\">\n<h3 class=\"rank-math-question\"><strong>Wo kann ich meine Zweifel ausr\u00e4umen?<\/strong><\/h3>\n<div class=\"rank-math-answer\">\n\n<p>Es hat einen Support \u00fcber WhatsApp f\u00fcr Sie, um Ihre Fragen zu beantworten.<\/p>\n\n<\/div>\n<\/div>\n<div id=\"faq-question-1662400782852\" class=\"rank-math-list-item\">\n<h3 class=\"rank-math-question\"><strong>Brauche ich etwas f\u00fcr den Kurs?<\/strong><\/h3>\n<div class=\"rank-math-answer\">\n\n<p>Eine Internetverbindung und einfache Dinge wie Stifte ua, die im Kurs gezeigt werden.<\/p>\n\n<\/div>\n<\/div>\n<div id=\"faq-question-1662400805354\" class=\"rank-math-list-item\">\n<h3 class=\"rank-math-question\"><strong>Ist der Studiengang zertifiziert?<\/strong><\/h3>\n<div class=\"rank-math-answer\">\n\n<p>Ja, Sie haben ein Kursabschlusszertifikat.<\/p>\n\n<\/div>\n<\/div>\n<div id=\"faq-question-1662400813086\" class=\"rank-math-list-item\">\n<h3 class=\"rank-math-question\"><strong>Ist der Kurs garantiert?<\/strong><\/h3>\n<div class=\"rank-math-answer\">\n\n<p>Ja, die Garantie gilt bedingungslos f\u00fcr 7 Tage. Wenn Ihnen der Kurs also nicht gef\u00e4llt, k\u00f6nnen Sie Ihr Geld mit voller R\u00fcckerstattung zur\u00fcckfordern.<\/p>\n\n<\/div>\n<\/div>\n<\/div>\n<\/div>\n\n\n<p><strong>Hat dir der Tipp gefallen? Teilen Sie mit Ihren Freunden, indem Sie auf die Schaltfl\u00e4chen unten klicken!<\/strong><\/p>\n\n<div style=\"font-size: 0px; height: 0px; line-height: 0px; margin: 0; padding: 0; clear: both;\"><\/div>","protected":false},"excerpt":{"rendered":"<p>Aprenda a como desenhar personagem de animes mesmo sem ter o \u201cdom\u201d passo a passo com o m\u00e9todo fan art 3.0 criado pela Mayara Rodrigues.\u00a0 Quem gosta da cultura japonesa, principalmente pelos animes, mangas j\u00e1<\/p>","protected":false},"author":1,"featured_media":3028,"parent":0,"menu_order":0,"comment_status":"closed","ping_status":"closed","template":"","meta":{"footnotes":""},"class_list":["post-904","page","type-page","status-publish","has-post-thumbnail"],"jetpack-related-posts":[{"id":94,"url":"https:\/\/comoaprenderjapones.net\/de\/programa-japones-online\/","url_meta":{"origin":904,"position":0},"title":"Japanisches Online-Programm + kostenloses Japanisch-Intensiv-Event","author":"Rafael Avelino","date":"20 de Oktober de 2014","format":false,"excerpt":"Conhe\u00e7a o curso de japon\u00eas Programa Japon\u00eas Online do Sensei Luiz Rafael! \u3053\u3093\u306b\u3061\u306f! Est\u00e1 procurando um m\u00e9todo eficiente que te ensine do ZERO a ter um n\u00edvel de flu\u00eancia que possa consumir conte\u00fados totalmente em japon\u00eas? O m\u00e9todo criado pelo Luiz Rafael j\u00e1 passou por muitas atualiza\u00e7\u00f5es e est\u00e1 no\u2026","rel":"","context":"\u00c4hnlicher Beitrag","block_context":{"text":"\u00c4hnlicher Beitrag","link":""},"img":{"alt_text":"Programa Japon\u00eas Online - Intensiv\u00e3o de japon\u00eas","src":"https:\/\/i0.wp.com\/comoaprenderjapones.net\/wp-content\/uploads\/2021\/01\/programa-japones-online-intensivao-de-japones-2021.jpg?fit=1200%2C932&ssl=1&resize=350%2C200","width":350,"height":200,"srcset":"https:\/\/i0.wp.com\/comoaprenderjapones.net\/wp-content\/uploads\/2021\/01\/programa-japones-online-intensivao-de-japones-2021.jpg?fit=1200%2C932&ssl=1&resize=350%2C200 1x, https:\/\/i0.wp.com\/comoaprenderjapones.net\/wp-content\/uploads\/2021\/01\/programa-japones-online-intensivao-de-japones-2021.jpg?fit=1200%2C932&ssl=1&resize=525%2C300 1.5x, https:\/\/i0.wp.com\/comoaprenderjapones.net\/wp-content\/uploads\/2021\/01\/programa-japones-online-intensivao-de-japones-2021.jpg?fit=1200%2C932&ssl=1&resize=700%2C400 2x, https:\/\/i0.wp.com\/comoaprenderjapones.net\/wp-content\/uploads\/2021\/01\/programa-japones-online-intensivao-de-japones-2021.jpg?fit=1200%2C932&ssl=1&resize=1050%2C600 3x"},"classes":[]},{"id":35,"url":"https:\/\/comoaprenderjapones.net\/de\/sobre\/","url_meta":{"origin":904,"position":1},"title":"\u00dcber","author":"Rafael Avelino","date":"24 de August de 2014","format":false,"excerpt":"Ol\u00e1 Minna! Sou Rafael admin deste site, como vai? Muito obrigado por visitar este site que pretende passar dicas de como aprender japon\u00eas para quem est\u00e1 iniciando, assim como eu. Vamos tentar abordar tudo que possa ajudar no seu aprendizado do idioma japon\u00eas, que vai desde animes,m\u00fasicas,mangas e tamb\u00e9m o\u2026","rel":"","context":"\u00c4hnlicher Beitrag","block_context":{"text":"\u00c4hnlicher Beitrag","link":""},"img":{"alt_text":"","src":"","width":0,"height":0},"classes":[]},{"id":860,"url":"https:\/\/comoaprenderjapones.net\/de\/japones-expresso-curso-online-japones\/","url_meta":{"origin":904,"position":2},"title":"Japanisch Express: Online-Japanischkurs","author":"Rafael Avelino","date":"14 de November de 2016","format":false,"excerpt":"Conhe\u00e7a curso online japon\u00eas expresso promete te ajudar a sair do zero no idioma japon\u00eas e tamb\u00e9m para quem tem viagem marcada para o Jap\u00e3o. CURSO N\u00c3O EST\u00c1 DISPONIVEL. Conhe\u00e7a o curso Completo do Sensei Luiz Rafael o ???? Programa Japon\u00eas Online! Quem gosta da cultura japonesa, seja animes, mangas,\u2026","rel":"","context":"\u00c4hnlicher Beitrag","block_context":{"text":"\u00c4hnlicher Beitrag","link":""},"img":{"alt_text":"Japon\u00eas Expresso curso online de japon\u00eas","src":"https:\/\/i0.wp.com\/comoaprenderjapones.net\/wp-content\/uploads\/2016\/11\/Japones_Expresso.jpg?fit=1200%2C696&ssl=1&resize=350%2C200","width":350,"height":200,"srcset":"https:\/\/i0.wp.com\/comoaprenderjapones.net\/wp-content\/uploads\/2016\/11\/Japones_Expresso.jpg?fit=1200%2C696&ssl=1&resize=350%2C200 1x, https:\/\/i0.wp.com\/comoaprenderjapones.net\/wp-content\/uploads\/2016\/11\/Japones_Expresso.jpg?fit=1200%2C696&ssl=1&resize=525%2C300 1.5x, https:\/\/i0.wp.com\/comoaprenderjapones.net\/wp-content\/uploads\/2016\/11\/Japones_Expresso.jpg?fit=1200%2C696&ssl=1&resize=700%2C400 2x, https:\/\/i0.wp.com\/comoaprenderjapones.net\/wp-content\/uploads\/2016\/11\/Japones_Expresso.jpg?fit=1200%2C696&ssl=1&resize=1050%2C600 3x"},"classes":[]}],"jetpack_sharing_enabled":true,"amp_enabled":true,"_links":{"self":[{"href":"https:\/\/comoaprenderjapones.net\/de\/wp-json\/wp\/v2\/pages\/904","targetHints":{"allow":["GET"]}}],"collection":[{"href":"https:\/\/comoaprenderjapones.net\/de\/wp-json\/wp\/v2\/pages"}],"about":[{"href":"https:\/\/comoaprenderjapones.net\/de\/wp-json\/wp\/v2\/types\/page"}],"author":[{"embeddable":true,"href":"https:\/\/comoaprenderjapones.net\/de\/wp-json\/wp\/v2\/users\/1"}],"replies":[{"embeddable":true,"href":"https:\/\/comoaprenderjapones.net\/de\/wp-json\/wp\/v2\/comments?post=904"}],"version-history":[{"count":0,"href":"https:\/\/comoaprenderjapones.net\/de\/wp-json\/wp\/v2\/pages\/904\/revisions"}],"wp:featuredmedia":[{"embeddable":true,"href":"https:\/\/comoaprenderjapones.net\/de\/wp-json\/wp\/v2\/media\/3028"}],"wp:attachment":[{"href":"https:\/\/comoaprenderjapones.net\/de\/wp-json\/wp\/v2\/media?parent=904"}],"curies":[{"name":"wp","href":"https:\/\/api.w.org\/{rel}","templated":true}]}}