{"id":94,"date":"2014-10-20T14:59:33","date_gmt":"2014-10-20T16:59:33","guid":{"rendered":"https:\/\/comoaprenderjapones.net\/?page_id=94"},"modified":"2022-02-07T19:04:36","modified_gmt":"2022-02-07T22:04:36","slug":"japanisch-online-programm","status":"publish","type":"page","link":"https:\/\/comoaprenderjapones.net\/de\/programa-japones-online\/","title":{"rendered":"Japanisches Online-Programm + kostenloses Japanisch-Intensiv-Event"},"content":{"rendered":"<div class=\"5057f5bb79852941df3b6d5de6744a76\" data-index=\"2\" style=\"float: none; margin:0px;\">\n<script async src=\"https:\/\/pagead2.googlesyndication.com\/pagead\/js\/adsbygoogle.js?client=ca-pub-0652292147574552\"\r\n     crossorigin=\"anonymous\"><\/script>\r\n<!-- Ads responsivo Inicio Post CAJap -->\r\n<ins class=\"adsbygoogle\"\r\n     style=\"display:block\"\r\n     data-ad-client=\"ca-pub-0652292147574552\"\r\n     data-ad-slot=\"3298668993\"\r\n     data-ad-format=\"auto\"><\/ins>\r\n<script>\r\n     (adsbygoogle = window.adsbygoogle || []).push({});\r\n<\/script>\n<\/div>\n\n<p><em>Entdecke den Japanischkurs <strong>Japanisches Online-Programm<\/strong> von Sensei Luiz Rafael!<\/em><\/p>\n\n\n\n<p>! Suchen Sie nach einer effizienten Methode, die Sie von NULL bis zu einem Sprachniveau lehrt, das Inhalte vollst\u00e4ndig auf Japanisch konsumieren kann?<\/p>\n\n\n\n<p>Die von Luiz Rafael entwickelte Methode wurde vielen Aktualisierungen unterzogen und ist seit Jahren auf dem Markt und derzeit (2021) einer der besten und vollst\u00e4ndigsten Online-Japanischkurse.<\/p>\n\n\n\n<p class=\"has-background\" style=\"background-color:#fff2f2\"><strong>Artikel\u00fcbersicht<br \/><\/strong><a href=\"#lingua-japonesa\">die japanische sprache<br \/><\/a><a href=\"#quem-e-luiz-rafael\">Wer ist Luis Rafael?<br \/><\/a><a href=\"#programa-japones-online\">Japanisches Online-Programm<br \/><\/a><a href=\"#depoimento-aluno\">Online-Testimonial von Sch\u00fclern des Japanisch-Programms<br \/><\/a><a href=\"#intensivao-japones\">Japanisch intensiv<br \/><\/a><a href=\"#abertura-vagas\">Wie funktioniert die Stellenausschreibung?<\/a><\/p>\n\n\n\n<p>Wenn Sie die japanische Kultur wegen Anime, Tokusatsu, Manga oder Filmen m\u00f6gen, ist dies ein guter Grund, sie ohne Untertitel anzusehen.<\/p>\n\n\n\n<p>Es m\u00fcssen nicht unbedingt diese sein, aber auch das Reisen, Leben, Studieren in Japan ist ein ausgezeichneter Grund, die japanische Sprache lernen zu wollen.<\/p>\n\n\n\n<p>Egal was, wenn Sie sich entschieden haben, die japanische Sprache zu lernen, dieser Kurs kann Ihnen dabei helfen, dieses Ziel zu erreichen.<\/p>\n\n\n\n<h2 class=\"wp-block-heading\" id=\"lingua-japonesa\"><span style=\"color: #e5141b;\">die japanische sprache<\/span><\/h2>\n\n\n\n<p><strong>Japanisch lernen<\/strong> Es muss nicht so schwierig sein, wie viele, sogar ich, es sich vorstellen. Wenn Sie die richtige Art des Lernens kennen, f\u00e4llt Ihnen das Lernen viel leichter.<\/p>\n\n\n\n<p>Offenbar, dass die <a href=\"https:\/\/pt.wikipedia.org\/wiki\/L%C3%ADngua_japonesa\" target=\"_blank\" rel=\"noopener noreferrer\">japanische Sprache<\/a> Es ist nicht dasselbe, als ob wir Englisch lernen w\u00fcrden, denn in der englischen Sprache kennen wir die W\u00f6rter bereits, ganz zu schweigen davon, dass wir im Alltag viele und viele Aussprachen verwenden.<\/p>\n\n\n\n<p>Im Japanischen m\u00fcssen Sie definitiv bei Null anfangen, um die Gel\u00e4ufigkeit zu erreichen, von der Sie getr\u00e4umt haben. Was selbst f\u00fcr Anf\u00e4nger &quot;schwierig&quot; ist, ist das japanische Alphabet \/ Ideogramm, das drei sind:<\/p>\n\n\n\n<ul class=\"wp-block-list\"><li>Hiragana mit 46 Ideogrammen.<\/li><li>Katakana mit 46 Ideogrammen.<\/li><li>Kanji mit Tausenden von Ideogrammen, aber die am h\u00e4ufigsten verwendeten sind etwa 2500 Kanji.<\/li><\/ul>\n\n\n\n<p>Wir haben auch Romaji, das uns hilft, Ideogramme richtig zu lesen und auszusprechen, und Furigana, das normalerweise in Hiragana geschrieben wird und \u00fcber dem Kanji steht, das beschreibt, wie es ausgesprochen wird.<\/p>\n\n\n\n<p>Es muss nicht so kompliziert sein, Nihongo zu lernen, wie das <a href=\"https:\/\/comoaprenderjapones.net\/de\/in\/aprenda-nihongo\/\" target=\"_blank\" rel=\"noreferrer noopener\">Sensei Luiz Rafael<\/a> sagt, dass wir viel Input leisten m\u00fcssen, das hei\u00dft, alles, was wir bekommen, ist Lesen und Zuh\u00f6ren.<\/p>\n\n\n<div class=\"gb-button-wrapper gb-button-wrapper-9eef6438\">\n\n<a class=\"gb-button gb-button-62a4c394 gb-button-text\" href=\"https:\/\/comoaprenderjapones.net\/de\/in\/aprenda-nihongo\/\" target=\"_blank\" rel=\"nofollow noopener noreferrer\">Erfahren Sie mehr \u00fcber das Programm, indem Sie hier klicken!<\/a>\n\n<\/div>\n\n\n<h2 class=\"wp-block-heading\" id=\"quem-e-luiz-rafael\"><span style=\"color: #e5141b;\">Wer ist \u5148\u751f Luiz Rafael?<\/span><\/h2>\n\n\n\n<div class=\"wp-block-image\"><figure class=\"alignleft\"><img data-recalc-dims=\"1\" decoding=\"async\" width=\"371\" height=\"267\" src=\"https:\/\/i0.wp.com\/comoaprenderjapones.net\/wp-content\/uploads\/2014\/10\/Luiz_Rafael_Programa_Japones_Online.png?resize=371%2C267&#038;ssl=1\" alt=\"Luiz Rafael, Sch\u00f6pfer des japanischen Online-Programms\" class=\"wp-image-95\" title=\"Japanisches Online-Programm\" srcset=\"https:\/\/i0.wp.com\/comoaprenderjapones.net\/wp-content\/uploads\/2014\/10\/Luiz_Rafael_Programa_Japones_Online.png?w=371&amp;ssl=1 371w, https:\/\/i0.wp.com\/comoaprenderjapones.net\/wp-content\/uploads\/2014\/10\/Luiz_Rafael_Programa_Japones_Online.png?resize=300%2C215&amp;ssl=1 300w\" sizes=\"(max-width: 371px) 100vw, 371px\" \/><figcaption><strong>Luis Rafael<\/strong> Sch\u00f6pfer des Online-Japanisch-Programms<\/figcaption><\/figure><\/div>\n\n\n\n<p>Luiz war einer von Tausenden von Menschen, die als Teenager begannen, Interesse an der japanischen Kultur zu wecken, sei es Manga, Anime, Filme, und beschlossen, Japanisch zu lernen.<\/p>\n\n\n\n<p>Wie die \u00fcberwiegende Mehrheit begann er falsch, weil er glaubte, flie\u00dfend zu sprechen, aber er erzielte keine zufriedenstellenden Ergebnisse, wenn er Pr\u00e4senzkurse besuchte.<\/p>\n\n\n\n<p>Zu diesem Zeitpunkt suchte er nach einem richtigen Weg, um eine neue Sprache zu lernen, und er setzte das Beste in die Praxis um, um zu sehen, ob es wirklich funktionierte.<\/p>\n\n\n\n<p>Das Erstaunliche ist, dass er mit dieser Methode erfolgreich war und sein Ziel erreicht hat, flie\u00dfend Japanisch zu sprechen.<\/p>\n\n\n\n<h2 class=\"has-text-align-left wp-block-heading\" id=\"programa-japones-online\"><span style=\"color: #e5141b;\">Japanisches Online-Programm<\/span><\/h2>\n\n\n\n<p>Angesichts dieser Notwendigkeit und der Frustration von Tausenden von Menschen, die Nihongo lernen m\u00f6chten, beschloss Sensei, <a href=\"https:\/\/comoaprenderjapones.net\/de\/in\/aprenda-nihongo\/\" target=\"_blank\" rel=\"noreferrer noopener\">Erstellen Sie einen Online-Japanisch-Sprachkurs<\/a> damit Sie viel effizienter lernen.<\/p>\n\n\n\n<p>Die von Sensei Luiz Rafael entwickelte Methode ist \u00e4u\u00dferst effizient. Eine der S\u00e4ulen ist, dass Sie zuerst lesen lernen m\u00fcssen, um viel Input zu geben. Indem Sie Hiragana und Katakana lernen, k\u00f6nnen Sie Mangas, B\u00fccher und Websites lesen.<\/p>\n\n\n\n<p>Abgesehen davon, dass der Lehrmodus von Sensei viel besser ist als bei den meisten anderen, erhalten Sie eine hervorragende Unterst\u00fctzung. Er l\u00e4sst dich nicht entmutigen, er wird dir immer Neuigkeiten, Geschichten und Motivationen schicken, damit du nicht aufh\u00f6rst zu lernen, um dein Ziel zu erreichen.<\/p>\n\n\n\n<p>Der Kurs konzentriert sich nicht auf Grammatik, Sie lernen in Ihrem eigenen Tempo auf einer geschlossenen Site nur f\u00fcr Studenten und einem Community-Portal.<\/p>\n\n\n\n<h3 class=\"wp-block-heading\" id=\"depoimento-aluno\"><span style=\"color: #e5141b;\">Zeugnis: Student des Online-Japanisch-Programms<\/span><\/h3>\n\n\n\n<p>Unten sehen Sie die aufrichtige Aussage von Lu\u00eds Eduardo Nunes \u00fcber den Kurs und die Bedeutung, das Studium ernst zu nehmen, sowie die Methode von Luiz, die mehr als nur ein <a href=\"https:\/\/comoaprenderjapones.net\/de\/japanisch-online-programm\/\">Japanischkurs<\/a> und die effizienteste Art, eine Sprache zu lernen, sehen Sie sich an:<\/p>\n\n\n\n<figure class=\"wp-block-embed is-type-video is-provider-youtube wp-block-embed-youtube wp-embed-aspect-16-9 wp-has-aspect-ratio\"><div class=\"wp-block-embed__wrapper\">\n<iframe title=\"Wie wichtig es ist, Japanisch zu lernen (Lu\u00eds Eduardo Nunes) | Japanisches Online-Programm\" width=\"1200\" height=\"675\" src=\"https:\/\/www.youtube.com\/embed\/xwTbhm8ASq4?feature=oembed\" frameborder=\"0\" allow=\"accelerometer; autoplay; clipboard-write; encrypted-media; gyroscope; picture-in-picture\" allowfullscreen><\/iframe>\n<\/div><figcaption>Eduardo Nunes Zeugnis \u2013 Online-Japanisches Programm<\/figcaption><\/figure>\n\n\n\n<p>wie erwartet die <a href=\"https:\/\/comoaprenderjapones.net\/de\/in\/aprenda-nihongo\/\" target=\"_blank\" rel=\"noreferrer noopener\">Das Online-Japanisch-Programm hat begrenzte Pl\u00e4tze<\/a> damit Sensei jedem die geb\u00fchrende Aufmerksamkeit schenken und seine Zweifel ausr\u00e4umen kann.<\/p>\n\n\n\n<h2 class=\"wp-block-heading\" id=\"intensivao-japones\"><span style=\"color: #e5141b;\">Japanisch intensiv<\/span><\/h2>\n\n\n\n<p>Jedes Jahr h\u00e4lt Luiz Rafael ungef\u00e4hr zweimal (oder \u00f6fter) die Veranstaltung namens <strong>Japanisch intensiv<\/strong> in dem er in einem kostenlosen Minikurs seine Methodik vorstellt, damit Sie einfacher und effizienter Japanisch lernen.<\/p>\n\n\n\n<p>Bisher gab es schon einige Intensivierungen der japanischen Sprache, um die n\u00e4chste herauszufinden, einfach <a href=\"https:\/\/comoaprenderjapones.net\/de\/in\/aprenda-nihongo\/\" target=\"_blank\" rel=\"noreferrer noopener\">klicken Sie hier<\/a>!<\/p>\n\n\n\n<p><em>Denken Sie daran, dass diese Veranstaltung nur ein paar Mal im Jahr stattfindet und je nachdem, wann Sie diesen Artikel lesen, sie m\u00f6glicherweise bereits beendet ist.<\/em><\/p>\n\n\n\n<div class=\"wp-block-image\"><figure class=\"aligncenter size-large\"><img data-recalc-dims=\"1\" decoding=\"async\" width=\"1024\" height=\"318\" src=\"https:\/\/i0.wp.com\/comoaprenderjapones.net\/wp-content\/uploads\/2021\/01\/Intensivao-japones-2021-janeiro.jpg?resize=1024%2C318&#038;ssl=1\" alt=\"Japanisch Intensiv Japanisch Online-Programm\" class=\"wp-image-3146\" srcset=\"https:\/\/i0.wp.com\/comoaprenderjapones.net\/wp-content\/uploads\/2021\/01\/Intensivao-japones-2021-janeiro.jpg?resize=1024%2C318&amp;ssl=1 1024w, https:\/\/i0.wp.com\/comoaprenderjapones.net\/wp-content\/uploads\/2021\/01\/Intensivao-japones-2021-janeiro.jpg?resize=300%2C93&amp;ssl=1 300w, https:\/\/i0.wp.com\/comoaprenderjapones.net\/wp-content\/uploads\/2021\/01\/Intensivao-japones-2021-janeiro.jpg?resize=768%2C239&amp;ssl=1 768w, https:\/\/i0.wp.com\/comoaprenderjapones.net\/wp-content\/uploads\/2021\/01\/Intensivao-japones-2021-janeiro.jpg?resize=150%2C47&amp;ssl=1 150w, https:\/\/i0.wp.com\/comoaprenderjapones.net\/wp-content\/uploads\/2021\/01\/Intensivao-japones-2021-janeiro.jpg?w=1045&amp;ssl=1 1045w\" sizes=\"(max-width: 1024px) 100vw, 1024px\" \/><figcaption>Japanisch Intensiv Japanisch Online-Programm<\/figcaption><\/figure><\/div>\n\n\n\n<p>Sie m\u00fcssen nicht mehr im Internet suchen, um Japanisch zu lernen. Mit dem Online-Japanisch-Programm haben Sie eine geschlossene Website nur f\u00fcr Mitglieder mit Videolektionen, Handouts, Audios und vielem mehr!<br \/><\/p>\n\n\n\n<p>Sie erhalten eine Reihe kostenloser Videos, die die Geschichte und Methode von \u305b\u3093\u305b\u3044 Luiz Rafael und seiner Reise erz\u00e4hlen, um flie\u00dfend in Nihongo zu sprechen.<\/p>\n\n\n\n<h3 class=\"wp-block-heading\" id=\"abertura-vagas\"><span style=\"color: #e5141b;\">Wie funktioniert das Stellenangebot des japanischen Online-Programms?<\/span><\/h3>\n\n\n\n<p>Wenn Sie die NIHONGO-Woche verfolgt haben, die in der Regel 1 Woche oder l\u00e4nger dauert, wird gezeigt, wie Luiz mit seiner Methodik unterrichtet und auch wie die Unterst\u00fctzung funktioniert<\/p>\n\n\n\n<p>Der Kurs dauert 9 Monate, aber Sie erhalten weitere 9 Monate mit insgesamt 18 Monaten Zugang zum Kurs plus volle Unterst\u00fctzung, um alle Ihre Zweifel mit dem Team auszur\u00e4umen.<\/p>\n\n\n\n<p>Das Programm hat auch eine begrenzte Anzahl von Pl\u00e4tzen, so dass es m\u00f6glich ist, jedem Studenten eine qualitativ hochwertige Unterst\u00fctzung zu bieten.<\/p>\n\n\n\n<p>Denken Sie daran, dass offene Stellen normalerweise in 2 Tagen enden und auch bis zu maximal 3 Tage offen sind, aber offene Stellen sind vor dem letzten Tag ausverkauft.<\/p>\n\n\n\n<p>Wenn Sie daran interessiert sind, Japanisch mit der besten Methodik in Brasilien zu lernen, klicken Sie auf die Schaltfl\u00e4che unten:<\/p>\n\n\n<div class=\"gb-button-wrapper gb-button-wrapper-f4deca25\">\n\n<a class=\"gb-button gb-button-7aa7f773 gb-button-text\" href=\"https:\/\/comoaprenderjapones.net\/de\/in\/aprenda-nihongo\/\" target=\"_blank\" rel=\"nofollow noopener noreferrer\">Finden Sie heraus, wie Stellenangebote funktionieren, indem Sie hier klicken!<\/a>\n\n<\/div>\n\n\n<p><strong>\u9811\u5f35\u3063\u3066<\/strong>!<\/p>\n\n<div style=\"font-size: 0px; height: 0px; line-height: 0px; margin: 0; padding: 0; clear: both;\"><\/div>","protected":false},"excerpt":{"rendered":"<p>Conhe\u00e7a o curso de japon\u00eas Programa Japon\u00eas Online do Sensei Luiz Rafael! \u3053\u3093\u306b\u3061\u306f! Est\u00e1 procurando um m\u00e9todo eficiente que te ensine do ZERO a ter um n\u00edvel de flu\u00eancia que possa consumir conte\u00fados totalmente em<\/p>","protected":false},"author":1,"featured_media":3155,"parent":0,"menu_order":0,"comment_status":"closed","ping_status":"closed","template":"","meta":{"footnotes":""},"class_list":["post-94","page","type-page","status-publish","has-post-thumbnail"],"jetpack-related-posts":[{"id":860,"url":"https:\/\/comoaprenderjapones.net\/de\/japones-expresso-curso-online-japones\/","url_meta":{"origin":94,"position":0},"title":"Japanisch Express: Online-Japanischkurs","author":"Rafael Avelino","date":"14 de November de 2016","format":false,"excerpt":"Conhe\u00e7a curso online japon\u00eas expresso promete te ajudar a sair do zero no idioma japon\u00eas e tamb\u00e9m para quem tem viagem marcada para o Jap\u00e3o. CURSO N\u00c3O EST\u00c1 DISPONIVEL. Conhe\u00e7a o curso Completo do Sensei Luiz Rafael o ???? Programa Japon\u00eas Online! Quem gosta da cultura japonesa, seja animes, mangas,\u2026","rel":"","context":"\u00c4hnlicher Beitrag","block_context":{"text":"\u00c4hnlicher Beitrag","link":""},"img":{"alt_text":"Japon\u00eas Expresso curso online de japon\u00eas","src":"https:\/\/i0.wp.com\/comoaprenderjapones.net\/wp-content\/uploads\/2016\/11\/Japones_Expresso.jpg?fit=1200%2C696&ssl=1&resize=350%2C200","width":350,"height":200,"srcset":"https:\/\/i0.wp.com\/comoaprenderjapones.net\/wp-content\/uploads\/2016\/11\/Japones_Expresso.jpg?fit=1200%2C696&ssl=1&resize=350%2C200 1x, https:\/\/i0.wp.com\/comoaprenderjapones.net\/wp-content\/uploads\/2016\/11\/Japones_Expresso.jpg?fit=1200%2C696&ssl=1&resize=525%2C300 1.5x, https:\/\/i0.wp.com\/comoaprenderjapones.net\/wp-content\/uploads\/2016\/11\/Japones_Expresso.jpg?fit=1200%2C696&ssl=1&resize=700%2C400 2x, https:\/\/i0.wp.com\/comoaprenderjapones.net\/wp-content\/uploads\/2016\/11\/Japones_Expresso.jpg?fit=1200%2C696&ssl=1&resize=1050%2C600 3x"},"classes":[]},{"id":4016,"url":"https:\/\/comoaprenderjapones.net\/de\/curso-japones-club-por-skdesu\/","url_meta":{"origin":94,"position":1},"title":"Japanischer Club-Kurs von Skdesu","author":"Rafael Avelino","date":"2 de Februar de 2023","format":false,"excerpt":"Advertorial Aprenda a L\u00edngua Japonesa com o Curso Japon\u00eas Club e Tenha a solu\u00e7\u00e3o definitiva para superar qualquer desafio! Mang\u00e1 Death Note Olha s\u00f3 o que voc\u00ea tem no Curso Japon\u00eas Club! + de 140 v\u00eddeo aulas em Alta Defini\u00e7\u00e3o Jogos e Atividades Interativas Pagamento \u00danico (N\u00e3o tem Mensalidades) Acesso\u2026","rel":"","context":"\u00c4hnlicher Beitrag","block_context":{"text":"\u00c4hnlicher Beitrag","link":""},"img":{"alt_text":"","src":"https:\/\/i0.wp.com\/comoaprenderjapones.net\/wp-content\/uploads\/2023\/02\/japones-club-advertorial.jpg?fit=1023%2C499&ssl=1&resize=350%2C200","width":350,"height":200,"srcset":"https:\/\/i0.wp.com\/comoaprenderjapones.net\/wp-content\/uploads\/2023\/02\/japones-club-advertorial.jpg?fit=1023%2C499&ssl=1&resize=350%2C200 1x, https:\/\/i0.wp.com\/comoaprenderjapones.net\/wp-content\/uploads\/2023\/02\/japones-club-advertorial.jpg?fit=1023%2C499&ssl=1&resize=525%2C300 1.5x, https:\/\/i0.wp.com\/comoaprenderjapones.net\/wp-content\/uploads\/2023\/02\/japones-club-advertorial.jpg?fit=1023%2C499&ssl=1&resize=700%2C400 2x"},"classes":[]},{"id":35,"url":"https:\/\/comoaprenderjapones.net\/de\/sobre\/","url_meta":{"origin":94,"position":2},"title":"\u00dcber","author":"Rafael Avelino","date":"24 de August de 2014","format":false,"excerpt":"Ol\u00e1 Minna! Sou Rafael admin deste site, como vai? Muito obrigado por visitar este site que pretende passar dicas de como aprender japon\u00eas para quem est\u00e1 iniciando, assim como eu. Vamos tentar abordar tudo que possa ajudar no seu aprendizado do idioma japon\u00eas, que vai desde animes,m\u00fasicas,mangas e tamb\u00e9m o\u2026","rel":"","context":"\u00c4hnlicher Beitrag","block_context":{"text":"\u00c4hnlicher Beitrag","link":""},"img":{"alt_text":"","src":"","width":0,"height":0},"classes":[]},{"id":179,"url":"https:\/\/comoaprenderjapones.net\/de\/mapa-site\/","url_meta":{"origin":94,"position":3},"title":"Seitenverzeichnis","author":"Rafael Avelino","date":"31 de Januar de 2015","format":false,"excerpt":"Mapa do Site Veja todos os artigos publicados aqui no Como Aprender Japon\u00eas","rel":"","context":"\u00c4hnlicher Beitrag","block_context":{"text":"\u00c4hnlicher Beitrag","link":""},"img":{"alt_text":"","src":"","width":0,"height":0},"classes":[]},{"id":2786,"url":"https:\/\/comoaprenderjapones.net\/de\/acompanhe\/","url_meta":{"origin":94,"position":4},"title":"nachverfolgen","author":"Rafael Avelino","date":"12 de Juni de 2020","format":false,"excerpt":"Para n\u00e3o perder alguma novidade ou dica logo em seguida vou indicar v\u00e1rias op\u00e7\u00f5es para que voc\u00ea acompanhe o comoaprenderjapones.net da maneira que desejar e que mais goste. Acompanhe pelo Feed Um dos meios mais tradicionais para voc\u00ea receber as novidades instantaneamente quando algo \u00e9 publicado por aqui. Feed do\u2026","rel":"","context":"\u00c4hnlicher Beitrag","block_context":{"text":"\u00c4hnlicher Beitrag","link":""},"img":{"alt_text":"Acompanhe pelo Feedly o comoaprenderjapones.net","src":"https:\/\/i0.wp.com\/comoaprenderjapones.net\/wp-content\/uploads\/2020\/06\/feedly-follow.png?resize=350%2C200&ssl=1","width":350,"height":200},"classes":[]},{"id":904,"url":"https:\/\/comoaprenderjapones.net\/de\/metodo-fan-art\/","url_meta":{"origin":94,"position":5},"title":"Fan Art Method 3.0 - Wie man Anime-Charaktere zeichnet","author":"Rafael Avelino","date":"15 de Februar de 2017","format":false,"excerpt":"Aprenda a como desenhar personagem de animes mesmo sem ter o \u201cdom\u201d passo a passo com o m\u00e9todo fan art 3.0 criado pela Mayara Rodrigues.\u00a0 Quem gosta da cultura japonesa, principalmente pelos animes, mangas j\u00e1 teve a curiosidade de saber se \u00e9 poss\u00edvel aprender a desenhar aquele personagem favorito mesmo\u2026","rel":"","context":"\u00c4hnlicher Beitrag","block_context":{"text":"\u00c4hnlicher Beitrag","link":""},"img":{"alt_text":"M\u00e9todo Fan Art 3.0 \u2013 Desenhe seu personagem de anime favorito!","src":"https:\/\/i0.wp.com\/comoaprenderjapones.net\/wp-content\/uploads\/2020\/12\/Metod-Fan-Art-3-0-Desenhar-Animes.jpg?fit=1200%2C628&ssl=1&resize=350%2C200","width":350,"height":200,"srcset":"https:\/\/i0.wp.com\/comoaprenderjapones.net\/wp-content\/uploads\/2020\/12\/Metod-Fan-Art-3-0-Desenhar-Animes.jpg?fit=1200%2C628&ssl=1&resize=350%2C200 1x, https:\/\/i0.wp.com\/comoaprenderjapones.net\/wp-content\/uploads\/2020\/12\/Metod-Fan-Art-3-0-Desenhar-Animes.jpg?fit=1200%2C628&ssl=1&resize=525%2C300 1.5x, https:\/\/i0.wp.com\/comoaprenderjapones.net\/wp-content\/uploads\/2020\/12\/Metod-Fan-Art-3-0-Desenhar-Animes.jpg?fit=1200%2C628&ssl=1&resize=700%2C400 2x, https:\/\/i0.wp.com\/comoaprenderjapones.net\/wp-content\/uploads\/2020\/12\/Metod-Fan-Art-3-0-Desenhar-Animes.jpg?fit=1200%2C628&ssl=1&resize=1050%2C600 3x"},"classes":[]}],"jetpack_sharing_enabled":true,"amp_enabled":true,"_links":{"self":[{"href":"https:\/\/comoaprenderjapones.net\/de\/wp-json\/wp\/v2\/pages\/94","targetHints":{"allow":["GET"]}}],"collection":[{"href":"https:\/\/comoaprenderjapones.net\/de\/wp-json\/wp\/v2\/pages"}],"about":[{"href":"https:\/\/comoaprenderjapones.net\/de\/wp-json\/wp\/v2\/types\/page"}],"author":[{"embeddable":true,"href":"https:\/\/comoaprenderjapones.net\/de\/wp-json\/wp\/v2\/users\/1"}],"replies":[{"embeddable":true,"href":"https:\/\/comoaprenderjapones.net\/de\/wp-json\/wp\/v2\/comments?post=94"}],"version-history":[{"count":0,"href":"https:\/\/comoaprenderjapones.net\/de\/wp-json\/wp\/v2\/pages\/94\/revisions"}],"wp:featuredmedia":[{"embeddable":true,"href":"https:\/\/comoaprenderjapones.net\/de\/wp-json\/wp\/v2\/media\/3155"}],"wp:attachment":[{"href":"https:\/\/comoaprenderjapones.net\/de\/wp-json\/wp\/v2\/media?parent=94"}],"curies":[{"name":"wp","href":"https:\/\/api.w.org\/{rel}","templated":true}]}}