{"id":2786,"date":"2020-06-12T00:13:06","date_gmt":"2020-06-12T03:13:06","guid":{"rendered":"https:\/\/comoaprenderjapones.net\/?page_id=2786"},"modified":"2021-02-18T00:01:51","modified_gmt":"2021-02-18T03:01:51","slug":"%ce%b1%ce%ba%ce%bf%ce%bb%ce%bf%cf%85%ce%b8%ce%ae%cf%83%cf%84%ce%b5","status":"publish","type":"page","link":"https:\/\/comoaprenderjapones.net\/el\/acompanhe\/","title":{"rendered":"\u0391\u03ba\u03bf\u03bb\u03bf\u03c5\u03b8\u03ae\u03c3\u03c4\u03b5 \u03c4\u03bf"},"content":{"rendered":"<div class=\"e875e53393c27d653c6c0e9784bbcb0d\" data-index=\"2\" style=\"float: none; margin:0px;\">\n<script async src=\"https:\/\/pagead2.googlesyndication.com\/pagead\/js\/adsbygoogle.js?client=ca-pub-0652292147574552\"\r\n     crossorigin=\"anonymous\"><\/script>\r\n<!-- Ads responsivo Inicio Post CAJap -->\r\n<ins class=\"adsbygoogle\"\r\n     style=\"display:block\"\r\n     data-ad-client=\"ca-pub-0652292147574552\"\r\n     data-ad-slot=\"3298668993\"\r\n     data-ad-format=\"auto\"><\/ins>\r\n<script>\r\n     (adsbygoogle = window.adsbygoogle || []).push({});\r\n<\/script>\n<\/div>\n\n<p>\u0393\u03b9\u03b1 \u03bd\u03b1 \u03bc\u03b7 \u03c7\u03ac\u03c3\u03b5\u03c4\u03b5 \u03c4\u03af\u03c0\u03bf\u03c4\u03b1 \u03ba\u03b1\u03b9\u03bd\u03bf\u03cd\u03c1\u03b3\u03b9\u03bf \u03ae \u03c3\u03c5\u03bc\u03b2\u03bf\u03c5\u03bb\u03ad\u03c2, \u03b8\u03b1 \u03c3\u03b1\u03c2 \u03c5\u03c0\u03bf\u03b4\u03b5\u03af\u03be\u03c9 \u03b4\u03b9\u03ac\u03c6\u03bf\u03c1\u03b5\u03c2 \u03b5\u03c0\u03b9\u03bb\u03bf\u03b3\u03ad\u03c2. <strong>\u03b1\u03ba\u03bf\u03bb\u03bf\u03c5\u03b8\u03ae\u03c3\u03c4\u03b5 comoaprenderjapones.net<\/strong> \u03bc\u03b5 \u03c4\u03bf\u03bd \u03c4\u03c1\u03cc\u03c0\u03bf \u03c0\u03bf\u03c5 \u03b8\u03ad\u03bb\u03b5\u03c4\u03b5 \u03ba\u03b1\u03b9 \u03c3\u03b1\u03c2 \u03b1\u03c1\u03ad\u03c3\u03b5\u03b9 \u03ba\u03b1\u03bb\u03cd\u03c4\u03b5\u03c1\u03b1.<\/p>\n\n\n\n<h2 class=\"wp-block-heading\">\u0391\u03ba\u03bf\u03bb\u03bf\u03c5\u03b8\u03ae\u03c3\u03c4\u03b5 \u03c4\u03b7\u03bd \u03c4\u03c1\u03bf\u03c6\u03bf\u03b4\u03bf\u03c3\u03af\u03b1<\/h2>\n\n\n\n<p>\u0388\u03bd\u03b1\u03c2 \u03b1\u03c0\u03cc \u03c4\u03bf\u03c5\u03c2 \u03c0\u03b9\u03bf \u03c0\u03b1\u03c1\u03b1\u03b4\u03bf\u03c3\u03b9\u03b1\u03ba\u03bf\u03cd\u03c2 \u03c4\u03c1\u03cc\u03c0\u03bf\u03c5\u03c2 \u03b3\u03b9\u03b1 \u03bd\u03b1 \u03bb\u03b1\u03bc\u03b2\u03ac\u03bd\u03b5\u03c4\u03b5 \u03b5\u03b9\u03b4\u03ae\u03c3\u03b5\u03b9\u03c2 \u03b1\u03bc\u03ad\u03c3\u03c9\u03c2 \u03cc\u03c4\u03b1\u03bd \u03ba\u03ac\u03c4\u03b9 \u03b4\u03b7\u03bc\u03bf\u03c3\u03b9\u03b5\u03cd\u03b5\u03c4\u03b1\u03b9 \u03b5\u03b4\u03ce.<\/p>\n\n\n\n<p>Comoaprenderjapones Feed <a rel=\"noreferrer noopener\" href=\"https:\/\/comoaprenderjapones.net\/el\/feed\/\" target=\"_blank\">https:\/\/comoaprenderjapones.net\/feed\/<\/a><\/p>\n\n\n\n<p>\u0391\u03bd \u03b8\u03ad\u03bb\u03b5\u03c4\u03b5, \u03bc\u03c0\u03bf\u03c1\u03b5\u03af\u03c4\u03b5 \u03bd\u03b1 \u03b1\u03ba\u03bf\u03bb\u03bf\u03c5\u03b8\u03ae\u03c3\u03b5\u03c4\u03b5 \u03ba\u03b1\u03b9 \u03c3\u03c4\u03bf Feedly:<\/p>\n\n\n\n<div class=\"wp-block-image\"><figure class=\"aligncenter size-large\"><a href=\"https:\/\/feedly.com\/i\/subscription\/feed\/https:\/\/comoaprenderjapones.net\/feed\/\" target=\"_blank\" rel=\"noopener noreferrer\"><img data-recalc-dims=\"1\" decoding=\"async\" width=\"262\" height=\"112\" src=\"https:\/\/i0.wp.com\/comoaprenderjapones.net\/wp-content\/uploads\/2020\/06\/feedly-follow.png?resize=262%2C112&#038;ssl=1\" alt=\"\u0391\u03ba\u03bf\u03bb\u03bf\u03c5\u03b8\u03ae\u03c3\u03c4\u03b5 \u03c3\u03c4\u03bf Feedly howtolearnjapones.net\" class=\"wp-image-2789\"\/><\/a><\/figure><\/div>\n\n\n\n<h2 class=\"wp-block-heading\">\u039a\u03bf\u03b9\u03bd\u03c9\u03bd\u03b9\u03ba\u03ac \u03b4\u03af\u03ba\u03c4\u03c5\u03b1<\/h2>\n\n\n\n<p>\u03bf \u03c4\u03c1\u03cc\u03c0\u03bf\u03c2 \u03c0\u03bf\u03c5 \u03b5\u03af\u03bd\u03b1\u03b9 \u03c0\u03b5\u03c1\u03b9\u03c3\u03c3\u03cc\u03c4\u03b5\u03c1\u03bf \u03b3\u03bd\u03c9\u03c3\u03c4\u03cc\u03c2 \u03c3\u03ae\u03bc\u03b5\u03c1\u03b1 \u03b3\u03b9\u03b1 \u03c4\u03b7 \u03b4\u03b7\u03bc\u03bf\u03c4\u03b9\u03ba\u03cc\u03c4\u03b7\u03c4\u03b1 \u03b9\u03c3\u03c4\u03cc\u03c4\u03bf\u03c0\u03c9\u03bd \u03cc\u03c0\u03c9\u03c2 \u03c4\u03bf Facebook, \u03c4\u03bf Twitter \u03ba.\u03bb\u03c0.<\/p>\n\n\n\n<p>\u03a3\u03c4\u03bf <strong>\u03a4\u03b7\u03bb\u03b5\u03b3\u03c1\u03ac\u03c6\u03b7\u03bc\u03b1<\/strong> \u03b5\u03af\u03c3\u03c4\u03b5 \u03c0\u03ac\u03bd\u03c4\u03b1 \u03c3\u03b5 \u03b1\u03bd\u03b1\u03b6\u03ae\u03c4\u03b7\u03c3\u03b7 \u03c3\u03c5\u03bc\u03b2\u03bf\u03c5\u03bb\u03ce\u03bd \u03b3\u03b9\u03b1 \u03ac\u03c1\u03b8\u03c1\u03b1, \u03b2\u03af\u03bd\u03c4\u03b5\u03bf, \u03c0\u03b5\u03c1\u03b9\u03b5\u03c7\u03cc\u03bc\u03b5\u03bd\u03bf \u03c0\u03bf\u03c5 \u03c3\u03c7\u03b5\u03c4\u03af\u03b6\u03b5\u03c4\u03b1\u03b9 \u03bc\u03b5 \u03c4\u03b7\u03bd \u03b5\u03ba\u03bc\u03ac\u03b8\u03b7\u03c3\u03b7 \u03c4\u03b7\u03c2 \u03b9\u03b1\u03c0\u03c9\u03bd\u03b9\u03ba\u03ae\u03c2 \u03b3\u03bb\u03ce\u03c3\u03c3\u03b1\u03c2 \u03ba\u03b1\u03b9 \u03b5\u03c0\u03af\u03c3\u03b7\u03c2 \u03b4\u03c9\u03c1\u03b5\u03ac\u03bd \u03c5\u03bb\u03b9\u03ba\u03cc \u03bc\u03b5\u03bb\u03ad\u03c4\u03b7\u03c2 \u03c0\u03bf\u03c5 \u03bc\u03c0\u03bf\u03c1\u03b5\u03af\u03c4\u03b5 \u03bd\u03b1 \u03ba\u03b1\u03c4\u03b5\u03b2\u03ac\u03c3\u03b5\u03c4\u03b5:<\/p>\n\n\n\n<p class=\"has-text-align-center\"><a rel=\"noreferrer noopener\" href=\"https:\/\/t.me\/comoaprenderjapones\" target=\"_blank\">&gt;&gt;\u039a\u03b1\u03bd\u03ac\u03bb\u03b9 \u03c4\u03b7\u03bb\u03b5\u03b3\u03c1\u03b1\u03c6\u03ae\u03bc\u03b1\u03c4\u03bf\u03c2<\/a><\/p>\n\n\n\n<p>\u03a3\u03c4\u03b1 \u03c0\u03b1\u03c1\u03b1\u03ba\u03ac\u03c4\u03c9 \u03ba\u03bf\u03b9\u03bd\u03c9\u03bd\u03b9\u03ba\u03ac \u03b4\u03af\u03ba\u03c4\u03c5\u03b1 \u03b1\u03ba\u03bf\u03bb\u03bf\u03c5\u03b8\u03b5\u03af\u03c4\u03b1\u03b9 \u03b5\u03c0\u03af\u03c3\u03b7\u03c2 \u03b7 \u03af\u03b4\u03b9\u03b1 \u03bb\u03bf\u03b3\u03b9\u03ba\u03ae, \u03b1\u03bb\u03bb\u03ac \u03bc\u03b5 \u03c0\u03b5\u03c1\u03b9\u03bf\u03c1\u03b9\u03c3\u03bc\u03bf\u03cd\u03c2 \u03c3\u03cd\u03bc\u03c6\u03c9\u03bd\u03b1 \u03bc\u03b5 \u03c4\u03b7\u03bd \u03b9\u03c3\u03c4\u03bf\u03c3\u03b5\u03bb\u03af\u03b4\u03b1:<\/p>\n\n\n\n<p class=\"has-text-align-center\"><a href=\"https:\/\/www.instagram.com\/comoaprenderjapones\/\" target=\"_blank\" rel=\"noreferrer noopener\">\u0391\u03ba\u03bf\u03bb\u03bf\u03c5\u03b8\u03ae\u03c3\u03c4\u03b5 \u03c3\u03c4\u03bf Instagram<\/a><\/p>\n\n\n\n<p class=\"has-text-align-center\"><a href=\"https:\/\/br.pinterest.com\/comoaprenderjapones\/\" target=\"_blank\" rel=\"noreferrer noopener\">\u0391\u03ba\u03bf\u03bb\u03bf\u03c5\u03b8\u03ae\u03c3\u03c4\u03b5 \u03c3\u03c4\u03bf Pinterest<\/a><\/p>\n\n\n\n<p class=\"has-text-align-center\"><a href=\"https:\/\/twitter.com\/aprendernihon\" target=\"_blank\" rel=\"noreferrer noopener\">\u0391\u03ba\u03bf\u03bb\u03bf\u03c5\u03b8\u03ae\u03c3\u03c4\u03b5 \u03c3\u03c4\u03bf Twitter<\/a><\/p>\n\n\n\n<p class=\"has-text-align-center\"><a rel=\"noreferrer noopener\" href=\"https:\/\/www.facebook.com\/comoaprenderjapones\" target=\"_blank\">Like \u03c3\u03b5\u03bb\u03af\u03b4\u03b1 \u03c3\u03c4\u03bf Facebook <\/a><\/p>\n\n\n\n<p>\u0391\u03ba\u03bf\u03bb\u03bf\u03c5\u03b8\u03ae\u03c3\u03c4\u03b5 \u03c4\u03bf <a href=\"https:\/\/www.youtube.com\/channel\/UCjxodUsYbBfqO3eZE2UMDZw?sub_confirmation=1\" target=\"_blank\" rel=\"noreferrer noopener\">\u03ba\u03ac\u03bd\u03bf\u03bd\u03c4\u03b1\u03c2 \u03b5\u03b3\u03b3\u03c1\u03b1\u03c6\u03ae \u03c3\u03c4\u03bf \u03ba\u03b1\u03bd\u03ac\u03bb\u03b9 \u03c4\u03bf\u03c5 comoaprederjapones<\/a> \u03c3\u03c4\u03bf Youtube:<\/p>\n\n\n\n<div align=\"center\"><div class=\"g-ytsubscribe\" data-channelid=\"UCjxodUsYbBfqO3eZE2UMDZw\" data-layout=\"full\" data-count=\"default\"><\/div><\/div>\n\n\n\n<p>\u03a3\u03b1\u03c2 \u03b5\u03c5\u03c7\u03b1\u03c1\u03b9\u03c3\u03c4\u03bf\u03cd\u03bc\u03b5 \u03b3\u03b9\u03b1 \u03c4\u03bf \u03b5\u03bd\u03b4\u03b9\u03b1\u03c6\u03ad\u03c1\u03bf\u03bd \u03c3\u03b1\u03c2 \u03bd\u03b1 \u03b1\u03ba\u03bf\u03bb\u03bf\u03c5\u03b8\u03ae\u03c3\u03b5\u03c4\u03b5 \u03c4\u03bf\u03bd \u03b9\u03c3\u03c4\u03cc\u03c4\u03bf\u03c0\u03bf. \u0395\u03bb\u03c0\u03af\u03b6\u03c9 \u03bd\u03b1 \u03c3\u03b1\u03c2 \u03b2\u03bf\u03b7\u03b8\u03ae\u03c3\u03b5\u03b9 \u03c0\u03bf\u03bb\u03cd \u03ba\u03b1\u03b9 \u03bc\u03b7\u03bd \u03be\u03b5\u03c7\u03ac\u03c3\u03b5\u03c4\u03b5 \u03bd\u03b1 \u03c4\u03bf \u03c5\u03c0\u03bf\u03b4\u03b5\u03af\u03be\u03b5\u03c4\u03b5 \u03c3\u03c4\u03bf\u03c5\u03c2 \u03c6\u03af\u03bb\u03bf\u03c5\u03c2 \u03c3\u03b1\u03c2!<\/p>\n\n<div style=\"font-size: 0px; height: 0px; line-height: 0px; margin: 0; padding: 0; clear: both;\"><\/div>","protected":false},"excerpt":{"rendered":"<p>Para n\u00e3o perder alguma novidade ou dica logo em seguida vou indicar v\u00e1rias op\u00e7\u00f5es para que voc\u00ea acompanhe o comoaprenderjapones.net da maneira que desejar e que mais goste. Acompanhe pelo Feed Um dos meios mais<\/p>","protected":false},"author":1,"featured_media":0,"parent":0,"menu_order":0,"comment_status":"closed","ping_status":"closed","template":"","meta":{"footnotes":""},"class_list":["post-2786","page","type-page","status-publish"],"jetpack-related-posts":[],"jetpack_sharing_enabled":true,"amp_enabled":true,"_links":{"self":[{"href":"https:\/\/comoaprenderjapones.net\/el\/wp-json\/wp\/v2\/pages\/2786","targetHints":{"allow":["GET"]}}],"collection":[{"href":"https:\/\/comoaprenderjapones.net\/el\/wp-json\/wp\/v2\/pages"}],"about":[{"href":"https:\/\/comoaprenderjapones.net\/el\/wp-json\/wp\/v2\/types\/page"}],"author":[{"embeddable":true,"href":"https:\/\/comoaprenderjapones.net\/el\/wp-json\/wp\/v2\/users\/1"}],"replies":[{"embeddable":true,"href":"https:\/\/comoaprenderjapones.net\/el\/wp-json\/wp\/v2\/comments?post=2786"}],"version-history":[{"count":0,"href":"https:\/\/comoaprenderjapones.net\/el\/wp-json\/wp\/v2\/pages\/2786\/revisions"}],"wp:attachment":[{"href":"https:\/\/comoaprenderjapones.net\/el\/wp-json\/wp\/v2\/media?parent=2786"}],"curies":[{"name":"wp","href":"https:\/\/api.w.org\/{rel}","templated":true}]}}