{"id":860,"date":"2016-11-14T21:13:15","date_gmt":"2016-11-14T23:13:15","guid":{"rendered":"https:\/\/comoaprenderjapones.net\/?page_id=860"},"modified":"2023-02-19T12:30:41","modified_gmt":"2023-02-19T15:30:41","slug":"japanese-express-course-online-japanese","status":"publish","type":"page","link":"https:\/\/comoaprenderjapones.net\/en\/japanese-express-course-online-japanese\/","title":{"rendered":"Japanese Express: Japanese Online Course"},"content":{"rendered":"<div class=\"604ea9ec9f03ce20cb5fee53cf49f850\" data-index=\"2\" style=\"float: none; margin:0px;\">\n<script async src=\"https:\/\/pagead2.googlesyndication.com\/pagead\/js\/adsbygoogle.js?client=ca-pub-0652292147574552\"\r\n     crossorigin=\"anonymous\"><\/script>\r\n<!-- Ads responsivo Inicio Post CAJap -->\r\n<ins class=\"adsbygoogle\"\r\n     style=\"display:block\"\r\n     data-ad-client=\"ca-pub-0652292147574552\"\r\n     data-ad-slot=\"3298668993\"\r\n     data-ad-format=\"auto\"><\/ins>\r\n<script>\r\n     (adsbygoogle = window.adsbygoogle || []).push({});\r\n<\/script>\n<\/div>\n\n<p><em>Discover online course <strong>Japanese express<\/strong> promises to help you start from scratch in the Japanese language and also for those who have a trip to Japan.<\/em><\/p>\n\n\n\n<p class=\"has-background has-medium-font-size\" style=\"background-color:#f8c0c0\"><strong>COURSE IS NOT AVAILABLE<\/strong>. Discover Sensei Luiz Rafael&#039;s full course ???? <a href=\"https:\/\/comoaprenderjapones.net\/en\/japanese-online-program\/\" data-type=\"URL\" data-id=\"https:\/\/comoaprenderjapones.net\/programa-japones-online\/\">Japanese Online Program<\/a>!<\/p>\n\n\n\n<p>Anyone who likes Japanese culture, whether anime, manga, movies, J-dramas and many other factors that make this culture unique, must have already crossed their minds to learn the Japanese language to enjoy this peculiar culture even more.<\/p>\n\n\n\n<p>The big problem for those who are starting from scratch, or even started and stopped, is that the impression is that Nihongo is a very difficult or even impossible language to learn.<\/p>\n\n\n\n<p>But this is not true! What happens is that you still haven&#039;t learned the correct methodology to study efficiently.<\/p>\n\n\n\n<p>Wouldn&#039;t it be great to have a course that goes straight to the point without any fuss aimed at those who want to quickly learn the basics of the language to travel to Japan or have more motivation to delve even further into the Japanese language?<\/p>\n\n\n\n<p>It was for this reason that \u5148\u751f Luiz created the <a href=\"https:\/\/comoaprenderjapones.net\/en\/in\/curso-de-japones-gratis-agosto-de-2020\/\" target=\"_blank\" rel=\"noopener noreferrer\">express japanese course<\/a> for those who have this goal and need to learn quickly enough to be able to get by in Japan.<\/p>\n\n\n<div class=\"wp-block-image\">\n<figure class=\"aligncenter\"><img data-recalc-dims=\"1\" decoding=\"async\" width=\"960\" height=\"436\" src=\"https:\/\/i0.wp.com\/comoaprenderjapones.net\/wp-content\/uploads\/2016\/11\/Viagem_Japao_curso_japones_expresso.jpg?resize=960%2C436&#038;ssl=1\" alt=\"Trip to Japan: Japanese Express Course\" class=\"wp-image-865\" title=\"Trip to Japan: Japanese Express Course\" srcset=\"https:\/\/i0.wp.com\/comoaprenderjapones.net\/wp-content\/uploads\/2016\/11\/Viagem_Japao_curso_japones_expresso.jpg?w=960&amp;ssl=1 960w, https:\/\/i0.wp.com\/comoaprenderjapones.net\/wp-content\/uploads\/2016\/11\/Viagem_Japao_curso_japones_expresso.jpg?resize=300%2C136&amp;ssl=1 300w, https:\/\/i0.wp.com\/comoaprenderjapones.net\/wp-content\/uploads\/2016\/11\/Viagem_Japao_curso_japones_expresso.jpg?resize=768%2C349&amp;ssl=1 768w\" sizes=\"(max-width: 960px) 100vw, 960px\" \/><\/figure>\n<\/div>\n\n\n<h2 class=\"wp-block-heading\" id=\"o-que-e-o-curso-japones-expresso\">What is the Japanese Express Course?<\/h2>\n\n\n\n<p>It is a closed course exclusively for students in which, through video lessons, you will be able to start from scratch and learn the Japanese language much more efficiently quickly.<\/p>\n\n\n\n<p>But this NEW <a href=\"https:\/\/comoaprenderjapones.net\/en\/in\/curso-de-japones-gratis-agosto-de-2020\/\" target=\"_blank\" rel=\"noopener noreferrer\">Japanese online course<\/a> it has a big difference compared to the other, it lasts for 6 weeks, that is, practically 1 month and a half.<\/p>\n\n\n\n<h3 class=\"wp-block-heading\" id=\"para-quem-e-esse-curso\">Who is this course for?<\/h3>\n\n\n\n<p>The course aims to be as direct, simple and easy as possible so that anyone can learn the basics of the language.<\/p>\n\n\n\n<p>It was created thinking of the person who:<\/p>\n\n\n\n<ul class=\"wp-block-list\">\n<li>You have no time to waste and urgently need to learn at least the basics to be able to have essential communication in Japan<\/li>\n\n\n\n<li>For those people who don&#039;t know anything about the language, they want to learn the basics right away to have much more motivation to continue with their studies.<\/li>\n<\/ul>\n\n\n\n<p>Express Japanese is very focused on those types of people who are looking for an online Japanese course that is fast and brings satisfactory results in less time.<\/p>\n\n\n\n<p>It is a <strong>Japanese course for travelers to Japan<\/strong> coming soon or want to learn the basics of the language quickly.<\/p>\n\n\n\n<p class=\"has-text-align-center\"><a class=\"fasc-button fasc-size-large fasc-type-flat fasc-rounded-medium ico-fa fasc-ico-before fa-play-circle\" style=\"background-color: #e43f42; color: #ffffff;\" target=\"_blank\" rel=\"noopener noreferrer\" href=\"https:\/\/comoaprenderjapones.net\/en\/in\/curso-de-japones-gratis-agosto-de-2020\/\">Find out how the course is now by clicking here!<\/a><\/p>\n\n\n\n<h3 class=\"wp-block-heading\" id=\"qual-o-conteudo-do-curso\">What is the course content?<\/h3>\n\n\n\n<p>As usual, the course is 100% online on a closed site for students only and features:<\/p>\n\n\n\n<ul class=\"wp-block-list\">\n<li>A team prepared to answer your questions<\/li>\n\n\n\n<li>You will receive login and password to access the portal<\/li>\n\n\n\n<li>Content focused on bringing a foundation for you to communicate with natives<\/li>\n\n\n\n<li>There are 6 topics plus bonuses for you to learn quickly and in a simplified way in videos lessons plus downloadable handouts<\/li>\n<\/ul>\n\n\n\n<p>In each class you will have the possibility to leave your question, similar to a comment, for the support team to respond as soon as possible.<\/p>\n\n\n\n<h2 class=\"wp-block-heading\" id=\"quem-e-o-criador-do-curso-japones-expresso\">Who is the creator of the Japanese Express Course?<\/h2>\n\n\n<div class=\"wp-block-image\">\n<figure class=\"alignleft\"><img data-recalc-dims=\"1\" decoding=\"async\" width=\"300\" height=\"244\" src=\"https:\/\/i0.wp.com\/comoaprenderjapones.net\/wp-content\/uploads\/2016\/11\/Luiz_Rafael_Curso_Japones_Expresso.jpg?resize=300%2C244&#038;ssl=1\" alt=\"Luiz Rafael Japanese Express Course\" class=\"wp-image-863\" title=\"Luiz Rafael Japanese Express Course\"\/><\/figure>\n<\/div>\n\n\n<p>The course was created by \u5148\u751f Luiz Rafael, also creator of <a href=\"https:\/\/comoaprenderjapones.net\/en\/japanese-online-program\/\">japanese online program<\/a>, to fill a gap in which thousands of people want quick results so they can at least \u201csurvive\u201d with the basics of the language in Japan.<\/p>\n\n\n\n<p>Luiz has been studying the Japanese language since he was 15 years old and has a lot of experience in the area of language learning.<\/p>\n\n\n\n<h3 class=\"wp-block-heading\" id=\"o-curso-japones-expresso-e-para-mim\">Is the Japanese express course for me?<\/h3>\n\n\n\n<p>If you are going to travel to Japan soon or want to quickly learn the basics of the Japanese language, then this course is for you!<\/p>\n\n\n\n<p>With simple lessons for anyone interested to learn easily enough to get by in Japan, such as shopping, taking the train, thanking a native, etc.<\/p>\n\n\n\n<p>If you are interested in learning very efficiently the basics to keep a conversation going on what you will need on your trip or want to start from scratch and quickly learn the basics of the language, then this course is definitely for you!<\/p>\n\n\n\n<h3 class=\"wp-block-heading\" id=\"mais-informacao\">More information<\/h3>\n\n\n\n<p>If you want to know in more detail how registration works, support and many more click on the button below:<\/p>\n\n\n\n<p class=\"has-text-align-center\"><a class=\"fasc-button fasc-size-large fasc-type-flat fasc-rounded-medium ico-fa fasc-ico-before fa-mail-forward\" style=\"background-color: #e43f42; color: #ffffff;\" target=\"_blank\" rel=\"noopener noreferrer\" href=\"https:\/\/comoaprenderjapones.net\/en\/in\/curso-de-japones-gratis-agosto-de-2020\/\">Discover the Japanese Express Course by clicking here!<\/a><\/p>\n\n<div style=\"font-size: 0px; height: 0px; line-height: 0px; margin: 0; padding: 0; clear: both;\"><\/div>","protected":false},"excerpt":{"rendered":"<p>Conhe\u00e7a curso online japon\u00eas expresso promete te ajudar a sair do zero no idioma japon\u00eas e tamb\u00e9m para quem tem viagem marcada para o Jap\u00e3o. CURSO N\u00c3O EST\u00c1 DISPONIVEL. Conhe\u00e7a o curso Completo do Sensei<\/p>","protected":false},"author":1,"featured_media":861,"parent":0,"menu_order":0,"comment_status":"closed","ping_status":"closed","template":"","meta":{"footnotes":""},"class_list":["post-860","page","type-page","status-publish","has-post-thumbnail"],"jetpack-related-posts":[{"id":94,"url":"https:\/\/comoaprenderjapones.net\/en\/japanese-online-program\/","url_meta":{"origin":860,"position":0},"title":"Japanese Online Program + Free Japanese Intensive Event","author":"Rafael Avelino","date":"20 de October de 2014","format":false,"excerpt":"Conhe\u00e7a o curso de japon\u00eas Programa Japon\u00eas Online do Sensei Luiz Rafael! \u3053\u3093\u306b\u3061\u306f! Est\u00e1 procurando um m\u00e9todo eficiente que te ensine do ZERO a ter um n\u00edvel de flu\u00eancia que possa consumir conte\u00fados totalmente em japon\u00eas? O m\u00e9todo criado pelo Luiz Rafael j\u00e1 passou por muitas atualiza\u00e7\u00f5es e est\u00e1 no\u2026","rel":"","context":"Similar post","block_context":{"text":"Similar post","link":""},"img":{"alt_text":"Programa Japon\u00eas Online - Intensiv\u00e3o de japon\u00eas","src":"https:\/\/i0.wp.com\/comoaprenderjapones.net\/wp-content\/uploads\/2021\/01\/programa-japones-online-intensivao-de-japones-2021.jpg?fit=1200%2C932&ssl=1&resize=350%2C200","width":350,"height":200,"srcset":"https:\/\/i0.wp.com\/comoaprenderjapones.net\/wp-content\/uploads\/2021\/01\/programa-japones-online-intensivao-de-japones-2021.jpg?fit=1200%2C932&ssl=1&resize=350%2C200 1x, https:\/\/i0.wp.com\/comoaprenderjapones.net\/wp-content\/uploads\/2021\/01\/programa-japones-online-intensivao-de-japones-2021.jpg?fit=1200%2C932&ssl=1&resize=525%2C300 1.5x, https:\/\/i0.wp.com\/comoaprenderjapones.net\/wp-content\/uploads\/2021\/01\/programa-japones-online-intensivao-de-japones-2021.jpg?fit=1200%2C932&ssl=1&resize=700%2C400 2x, https:\/\/i0.wp.com\/comoaprenderjapones.net\/wp-content\/uploads\/2021\/01\/programa-japones-online-intensivao-de-japones-2021.jpg?fit=1200%2C932&ssl=1&resize=1050%2C600 3x"},"classes":[]},{"id":4016,"url":"https:\/\/comoaprenderjapones.net\/en\/curso-japones-club-por-skdesu\/","url_meta":{"origin":860,"position":1},"title":"Japanese Club Course by Skdesu","author":"Rafael Avelino","date":"2 de February de 2023","format":false,"excerpt":"Advertorial Aprenda a L\u00edngua Japonesa com o Curso Japon\u00eas Club e Tenha a solu\u00e7\u00e3o definitiva para superar qualquer desafio! Mang\u00e1 Death Note Olha s\u00f3 o que voc\u00ea tem no Curso Japon\u00eas Club! + de 140 v\u00eddeo aulas em Alta Defini\u00e7\u00e3o Jogos e Atividades Interativas Pagamento \u00danico (N\u00e3o tem Mensalidades) Acesso\u2026","rel":"","context":"Similar post","block_context":{"text":"Similar post","link":""},"img":{"alt_text":"","src":"https:\/\/i0.wp.com\/comoaprenderjapones.net\/wp-content\/uploads\/2023\/02\/japones-club-advertorial.jpg?fit=1023%2C499&ssl=1&resize=350%2C200","width":350,"height":200,"srcset":"https:\/\/i0.wp.com\/comoaprenderjapones.net\/wp-content\/uploads\/2023\/02\/japones-club-advertorial.jpg?fit=1023%2C499&ssl=1&resize=350%2C200 1x, https:\/\/i0.wp.com\/comoaprenderjapones.net\/wp-content\/uploads\/2023\/02\/japones-club-advertorial.jpg?fit=1023%2C499&ssl=1&resize=525%2C300 1.5x, https:\/\/i0.wp.com\/comoaprenderjapones.net\/wp-content\/uploads\/2023\/02\/japones-club-advertorial.jpg?fit=1023%2C499&ssl=1&resize=700%2C400 2x"},"classes":[]},{"id":35,"url":"https:\/\/comoaprenderjapones.net\/en\/about\/","url_meta":{"origin":860,"position":2},"title":"About","author":"Rafael Avelino","date":"24 de August de 2014","format":false,"excerpt":"Ol\u00e1 Minna! Sou Rafael admin deste site, como vai? Muito obrigado por visitar este site que pretende passar dicas de como aprender japon\u00eas para quem est\u00e1 iniciando, assim como eu. Vamos tentar abordar tudo que possa ajudar no seu aprendizado do idioma japon\u00eas, que vai desde animes,m\u00fasicas,mangas e tamb\u00e9m o\u2026","rel":"","context":"Similar post","block_context":{"text":"Similar post","link":""},"img":{"alt_text":"","src":"","width":0,"height":0},"classes":[]},{"id":179,"url":"https:\/\/comoaprenderjapones.net\/en\/site-map\/","url_meta":{"origin":860,"position":3},"title":"Site map","author":"Rafael Avelino","date":"31 de January de 2015","format":false,"excerpt":"Sitemap See all articles published here on How to Learn Japanese","rel":"","context":"Similar post","block_context":{"text":"Similar post","link":""},"img":{"alt_text":"","src":"","width":0,"height":0},"classes":[]},{"id":904,"url":"https:\/\/comoaprenderjapones.net\/en\/method-fan-art\/","url_meta":{"origin":860,"position":4},"title":"Fan Art Method 3.0 - How to Draw Anime Characters","author":"Rafael Avelino","date":"15 de February de 2017","format":false,"excerpt":"Aprenda a como desenhar personagem de animes mesmo sem ter o \u201cdom\u201d passo a passo com o m\u00e9todo fan art 3.0 criado pela Mayara Rodrigues.\u00a0 Quem gosta da cultura japonesa, principalmente pelos animes, mangas j\u00e1 teve a curiosidade de saber se \u00e9 poss\u00edvel aprender a desenhar aquele personagem favorito mesmo\u2026","rel":"","context":"Similar post","block_context":{"text":"Similar post","link":""},"img":{"alt_text":"M\u00e9todo Fan Art 3.0 \u2013 Desenhe seu personagem de anime favorito!","src":"https:\/\/i0.wp.com\/comoaprenderjapones.net\/wp-content\/uploads\/2020\/12\/Metod-Fan-Art-3-0-Desenhar-Animes.jpg?fit=1200%2C628&ssl=1&resize=350%2C200","width":350,"height":200,"srcset":"https:\/\/i0.wp.com\/comoaprenderjapones.net\/wp-content\/uploads\/2020\/12\/Metod-Fan-Art-3-0-Desenhar-Animes.jpg?fit=1200%2C628&ssl=1&resize=350%2C200 1x, https:\/\/i0.wp.com\/comoaprenderjapones.net\/wp-content\/uploads\/2020\/12\/Metod-Fan-Art-3-0-Desenhar-Animes.jpg?fit=1200%2C628&ssl=1&resize=525%2C300 1.5x, https:\/\/i0.wp.com\/comoaprenderjapones.net\/wp-content\/uploads\/2020\/12\/Metod-Fan-Art-3-0-Desenhar-Animes.jpg?fit=1200%2C628&ssl=1&resize=700%2C400 2x, https:\/\/i0.wp.com\/comoaprenderjapones.net\/wp-content\/uploads\/2020\/12\/Metod-Fan-Art-3-0-Desenhar-Animes.jpg?fit=1200%2C628&ssl=1&resize=1050%2C600 3x"},"classes":[]},{"id":2786,"url":"https:\/\/comoaprenderjapones.net\/en\/follow-up\/","url_meta":{"origin":860,"position":5},"title":"follow up","author":"Rafael Avelino","date":"12 de June de 2020","format":false,"excerpt":"Para n\u00e3o perder alguma novidade ou dica logo em seguida vou indicar v\u00e1rias op\u00e7\u00f5es para que voc\u00ea acompanhe o comoaprenderjapones.net da maneira que desejar e que mais goste. Acompanhe pelo Feed Um dos meios mais tradicionais para voc\u00ea receber as novidades instantaneamente quando algo \u00e9 publicado por aqui. Feed do\u2026","rel":"","context":"Similar post","block_context":{"text":"Similar post","link":""},"img":{"alt_text":"Acompanhe pelo Feedly o comoaprenderjapones.net","src":"https:\/\/i0.wp.com\/comoaprenderjapones.net\/wp-content\/uploads\/2020\/06\/feedly-follow.png?resize=350%2C200&ssl=1","width":350,"height":200},"classes":[]}],"jetpack_sharing_enabled":true,"amp_enabled":true,"_links":{"self":[{"href":"https:\/\/comoaprenderjapones.net\/en\/wp-json\/wp\/v2\/pages\/860","targetHints":{"allow":["GET"]}}],"collection":[{"href":"https:\/\/comoaprenderjapones.net\/en\/wp-json\/wp\/v2\/pages"}],"about":[{"href":"https:\/\/comoaprenderjapones.net\/en\/wp-json\/wp\/v2\/types\/page"}],"author":[{"embeddable":true,"href":"https:\/\/comoaprenderjapones.net\/en\/wp-json\/wp\/v2\/users\/1"}],"replies":[{"embeddable":true,"href":"https:\/\/comoaprenderjapones.net\/en\/wp-json\/wp\/v2\/comments?post=860"}],"version-history":[{"count":0,"href":"https:\/\/comoaprenderjapones.net\/en\/wp-json\/wp\/v2\/pages\/860\/revisions"}],"wp:featuredmedia":[{"embeddable":true,"href":"https:\/\/comoaprenderjapones.net\/en\/wp-json\/wp\/v2\/media\/861"}],"wp:attachment":[{"href":"https:\/\/comoaprenderjapones.net\/en\/wp-json\/wp\/v2\/media?parent=860"}],"curies":[{"name":"wp","href":"https:\/\/api.w.org\/{rel}","templated":true}]}}