{"id":9,"date":"2014-08-24T02:32:54","date_gmt":"2014-08-24T02:32:54","guid":{"rendered":"https:\/\/comoaprenderjapones.net\/?page_id=9"},"modified":"2022-02-07T19:38:46","modified_gmt":"2022-02-07T22:38:46","slug":"privacy-policy","status":"publish","type":"page","link":"https:\/\/comoaprenderjapones.net\/en\/politica-de-privacidade\/","title":{"rendered":"Privacy Policy"},"content":{"rendered":"<div class=\"604ea9ec9f03ce20cb5fee53cf49f850\" data-index=\"2\" style=\"float: none; margin:0px;\">\n<script async src=\"https:\/\/pagead2.googlesyndication.com\/pagead\/js\/adsbygoogle.js?client=ca-pub-0652292147574552\"\r\n     crossorigin=\"anonymous\"><\/script>\r\n<!-- Ads responsivo Inicio Post CAJap -->\r\n<ins class=\"adsbygoogle\"\r\n     style=\"display:block\"\r\n     data-ad-client=\"ca-pub-0652292147574552\"\r\n     data-ad-slot=\"3298668993\"\r\n     data-ad-format=\"auto\"><\/ins>\r\n<script>\r\n     (adsbygoogle = window.adsbygoogle || []).push({});\r\n<\/script>\n<\/div>\n\n<p>This Privacy Policy was designed to ensure the confidentiality, privacy and protection of personal data of visitors to this website and users of our services, protecting this information from loss, misuse, unauthorized access, alteration and destruction.<\/p>\n\n\n\n<h2 class=\"wp-block-heading\" id=\"1-coleta-e-uso-das-informacoes\">1. Collection and Use of Information<\/h2>\n\n\n\n<p>Access to this Site may be subject to the registration of the visitor, at which time information capable of identifying him and enabling contact with our users will be requested. By deciding to provide their data, the user declares to know and accept the terms of this Policy. The Site also automatically receives and stores, through cookies, information about browser activities, including IP address and the page accessed. These activity records (logs) will be used only for statistical and metric purposes of the services provided.<\/p>\n\n\n\n<h3 class=\"wp-block-heading\" id=\"cookies-e-web-beacons\">Cookies and Web Beacons<\/h3>\n\n\n\n<p>We use&nbsp;<a style=\"font-weight: inherit; font-style: inherit; color: #469db9;\" href=\"https:\/\/pt.wikipedia.org\/wiki\/Cookie\" target=\"_blank\" rel=\"noopener\">Cookies<\/a>&nbsp;to store information, such as your personal preferences, when you visit the&nbsp;<strong>How to Learn Japanese<\/strong>. This can include a simple popup, or a link to various services we provide, such as forums.<\/p>\n\n\n\n<p>Google uses the new&nbsp;<a style=\"font-weight: inherit; font-style: inherit; color: #469db9;\" href=\"https:\/\/www.doubleclick.com\/privacy\/faq.aspx?ctx=tltp\" target=\"_blank\" rel=\"noopener\">DART cookie<\/a>&nbsp;to show ads based on your interests and your visit to our blog and other web addresses. You may choose not to use the DART cookie by visiting the Google ad ads page and the company&#039;s policing program.<\/p>\n\n\n\n<p>The user is aware and agrees that the information collected will be used for the following purposes: (a) informing about new content, news and events; (b) updating contact information; (c) optimize the usability and interactive experience when browsing the Site; (d) prepare general statistics, without identifying users; (e) respond to users&#039; own queries and requests; and (f) comply with legal or judicial determinations. We also reserve the right to use such records, individually, in cases of investigation of civil or criminal offenses, especially when there is suspicion of fraud, hacker attacks, system changes or improper access to protected information and registration data of other users .<\/p>\n\n\n\n<h2 class=\"wp-block-heading\" id=\"2-guarda-e-responsabilidade-pelas-informacoes-coletadas\">2. Safeguarding and Responsibility for Collected Information<\/h2>\n\n\n\n<p>Any information provided by users will be obtained and stored in accordance with the strictest standards of security and reliability. We will use our best efforts to maintain the integrity of the information provided to us, which is why we are not responsible for damages resulting from its access and\/or use by third parties. Access to the information collected is restricted to employees and authorized persons. Those who misuse this information, in violation of this Privacy Policy, will be subject to administrative and disciplinary sanctions, without excluding the applicable legal measures. Except by legal or judicial determination, the information of users registered on this Site will never be transferred to third parties or used for purposes other than those for which they were collected. All personal data collected will be incorporated into the database of this Site, the administrator of this site being responsible for it.<\/p>\n\n\n\n<h2 class=\"wp-block-heading\" id=\"3-informacoes-opinioes-e-conteudos-gerados-por-terceiros\">3. Information, Opinions and Content generated by Third Parties<\/h2>\n\n\n\n<p>This Site allows the participation of visitors\/users through comments, exchange of information, publication of content generated by third parties and dissemination of advertisements. Visitors, users and advertisers are already aware that they must not post immoral, illegal, racist, defamatory, injurious, pornographic, criminal information, opinions or content, or any content that violates the author&#039;s rights. They are also aware that the information, content or opinions provided or published freely on this Site, with the exception of personal information requested for registration purposes, WILL NOT BE CONFIDENTIAL NOR PROTECTED BY THIS PRIVACY POLICY, and may be freely accessed and viewed by other visitors and users. Advertisements or any disclosure about products, services or events that disrespect the law, morals and good customs are also prohibited. Those responsible for this Site are not responsible for the information, opinions and content generated by third parties, nor for the quality or veracity of the products, services or events disclosed through the Site. Any immoral or illegal manifestation, reproduction or publication must be notified to the organizers of this website and will be immediately removed. The notification must be sent to the address of those responsible for the site.<\/p>\n\n\n\n<h2 class=\"wp-block-heading\" id=\"4-responsabilidade-dos-usuarios\">4. Users&#039; Liability<\/h2>\n\n\n\n<p>It is the user&#039;s responsibility to keep his\/her password and login. It is not recommended to use obvious passwords such as special dates, names or number sequences. If the user becomes aware or just suspects that their password has been discovered, they will have to change it on their registration page. We are committed to protecting children&#039;s online privacy. Any registration of minors will only take place for the purpose of participating in restricted areas of the website with educational content. Minors&#039; data will only be used to answer queries, academic questions, scheduling lectures at schools or for general statistics reasons. We also recommend that the minor is always under the guidance and supervision of their guardians, who may, at any time, request the registration to be cancelled. This Policy is subject to constant improvements and enhancements. Thus, we recommend your periodic consultation.<\/p>\n\n<div style=\"font-size: 0px; height: 0px; line-height: 0px; margin: 0; padding: 0; clear: both;\"><\/div>","protected":false},"excerpt":{"rendered":"<p>This Privacy Policy was designed to ensure the confidentiality, privacy and protection of the personal data of visitors to this site and users of our services, protecting this information from loss, improper use, unauthorized access.<\/p>","protected":false},"author":1,"featured_media":0,"parent":0,"menu_order":0,"comment_status":"closed","ping_status":"closed","template":"","meta":{"footnotes":""},"class_list":["post-9","page","type-page","status-publish"],"jetpack-related-posts":[{"id":4016,"url":"https:\/\/comoaprenderjapones.net\/en\/curso-japones-club-por-skdesu\/","url_meta":{"origin":9,"position":0},"title":"Japanese Club Course by Skdesu","author":"Rafael Avelino","date":"2 de February de 2023","format":false,"excerpt":"Advertorial Aprenda a L\u00edngua Japonesa com o Curso Japon\u00eas Club e Tenha a solu\u00e7\u00e3o definitiva para superar qualquer desafio! Mang\u00e1 Death Note Olha s\u00f3 o que voc\u00ea tem no Curso Japon\u00eas Club! + de 140 v\u00eddeo aulas em Alta Defini\u00e7\u00e3o Jogos e Atividades Interativas Pagamento \u00danico (N\u00e3o tem Mensalidades) Acesso\u2026","rel":"","context":"Similar post","block_context":{"text":"Similar post","link":""},"img":{"alt_text":"","src":"https:\/\/i0.wp.com\/comoaprenderjapones.net\/wp-content\/uploads\/2023\/02\/japones-club-advertorial.jpg?fit=1023%2C499&ssl=1&resize=350%2C200","width":350,"height":200,"srcset":"https:\/\/i0.wp.com\/comoaprenderjapones.net\/wp-content\/uploads\/2023\/02\/japones-club-advertorial.jpg?fit=1023%2C499&ssl=1&resize=350%2C200 1x, https:\/\/i0.wp.com\/comoaprenderjapones.net\/wp-content\/uploads\/2023\/02\/japones-club-advertorial.jpg?fit=1023%2C499&ssl=1&resize=525%2C300 1.5x, https:\/\/i0.wp.com\/comoaprenderjapones.net\/wp-content\/uploads\/2023\/02\/japones-club-advertorial.jpg?fit=1023%2C499&ssl=1&resize=700%2C400 2x"},"classes":[]},{"id":179,"url":"https:\/\/comoaprenderjapones.net\/en\/mapa-site\/","url_meta":{"origin":9,"position":1},"title":"Site map","author":"Rafael Avelino","date":"31 de January de 2015","format":false,"excerpt":"Sitemap See all articles published here on How to Learn Japanese","rel":"","context":"Similar post","block_context":{"text":"Similar post","link":""},"img":{"alt_text":"","src":"","width":0,"height":0},"classes":[]},{"id":860,"url":"https:\/\/comoaprenderjapones.net\/en\/japones-expresso-curso-online-japones\/","url_meta":{"origin":9,"position":2},"title":"Japanese Express: Japanese Online Course","author":"Rafael Avelino","date":"14 de November de 2016","format":false,"excerpt":"Conhe\u00e7a curso online japon\u00eas expresso promete te ajudar a sair do zero no idioma japon\u00eas e tamb\u00e9m para quem tem viagem marcada para o Jap\u00e3o. CURSO N\u00c3O EST\u00c1 DISPONIVEL. Conhe\u00e7a o curso Completo do Sensei Luiz Rafael o ???? Programa Japon\u00eas Online! Quem gosta da cultura japonesa, seja animes, mangas,\u2026","rel":"","context":"Similar post","block_context":{"text":"Similar post","link":""},"img":{"alt_text":"Japon\u00eas Expresso curso online de japon\u00eas","src":"https:\/\/i0.wp.com\/comoaprenderjapones.net\/wp-content\/uploads\/2016\/11\/Japones_Expresso.jpg?fit=1200%2C696&ssl=1&resize=350%2C200","width":350,"height":200,"srcset":"https:\/\/i0.wp.com\/comoaprenderjapones.net\/wp-content\/uploads\/2016\/11\/Japones_Expresso.jpg?fit=1200%2C696&ssl=1&resize=350%2C200 1x, https:\/\/i0.wp.com\/comoaprenderjapones.net\/wp-content\/uploads\/2016\/11\/Japones_Expresso.jpg?fit=1200%2C696&ssl=1&resize=525%2C300 1.5x, https:\/\/i0.wp.com\/comoaprenderjapones.net\/wp-content\/uploads\/2016\/11\/Japones_Expresso.jpg?fit=1200%2C696&ssl=1&resize=700%2C400 2x, https:\/\/i0.wp.com\/comoaprenderjapones.net\/wp-content\/uploads\/2016\/11\/Japones_Expresso.jpg?fit=1200%2C696&ssl=1&resize=1050%2C600 3x"},"classes":[]},{"id":2786,"url":"https:\/\/comoaprenderjapones.net\/en\/acompanhe\/","url_meta":{"origin":9,"position":3},"title":"follow up","author":"Rafael Avelino","date":"12 de June de 2020","format":false,"excerpt":"Para n\u00e3o perder alguma novidade ou dica logo em seguida vou indicar v\u00e1rias op\u00e7\u00f5es para que voc\u00ea acompanhe o comoaprenderjapones.net da maneira que desejar e que mais goste. Acompanhe pelo Feed Um dos meios mais tradicionais para voc\u00ea receber as novidades instantaneamente quando algo \u00e9 publicado por aqui. Feed do\u2026","rel":"","context":"Similar post","block_context":{"text":"Similar post","link":""},"img":{"alt_text":"Acompanhe pelo Feedly o comoaprenderjapones.net","src":"https:\/\/i0.wp.com\/comoaprenderjapones.net\/wp-content\/uploads\/2020\/06\/feedly-follow.png?resize=350%2C200&ssl=1","width":350,"height":200},"classes":[]},{"id":35,"url":"https:\/\/comoaprenderjapones.net\/en\/sobre\/","url_meta":{"origin":9,"position":4},"title":"About","author":"Rafael Avelino","date":"24 de August de 2014","format":false,"excerpt":"Ol\u00e1 Minna! Sou Rafael admin deste site, como vai? Muito obrigado por visitar este site que pretende passar dicas de como aprender japon\u00eas para quem est\u00e1 iniciando, assim como eu. Vamos tentar abordar tudo que possa ajudar no seu aprendizado do idioma japon\u00eas, que vai desde animes,m\u00fasicas,mangas e tamb\u00e9m o\u2026","rel":"","context":"Similar post","block_context":{"text":"Similar post","link":""},"img":{"alt_text":"","src":"","width":0,"height":0},"classes":[]},{"id":94,"url":"https:\/\/comoaprenderjapones.net\/en\/programa-japones-online\/","url_meta":{"origin":9,"position":5},"title":"Japanese Online Program + Free Japanese Intensive Event","author":"Rafael Avelino","date":"20 de October de 2014","format":false,"excerpt":"Conhe\u00e7a o curso de japon\u00eas Programa Japon\u00eas Online do Sensei Luiz Rafael! \u3053\u3093\u306b\u3061\u306f! Est\u00e1 procurando um m\u00e9todo eficiente que te ensine do ZERO a ter um n\u00edvel de flu\u00eancia que possa consumir conte\u00fados totalmente em japon\u00eas? O m\u00e9todo criado pelo Luiz Rafael j\u00e1 passou por muitas atualiza\u00e7\u00f5es e est\u00e1 no\u2026","rel":"","context":"Similar post","block_context":{"text":"Similar post","link":""},"img":{"alt_text":"Programa Japon\u00eas Online - Intensiv\u00e3o de japon\u00eas","src":"https:\/\/i0.wp.com\/comoaprenderjapones.net\/wp-content\/uploads\/2021\/01\/programa-japones-online-intensivao-de-japones-2021.jpg?fit=1200%2C932&ssl=1&resize=350%2C200","width":350,"height":200,"srcset":"https:\/\/i0.wp.com\/comoaprenderjapones.net\/wp-content\/uploads\/2021\/01\/programa-japones-online-intensivao-de-japones-2021.jpg?fit=1200%2C932&ssl=1&resize=350%2C200 1x, https:\/\/i0.wp.com\/comoaprenderjapones.net\/wp-content\/uploads\/2021\/01\/programa-japones-online-intensivao-de-japones-2021.jpg?fit=1200%2C932&ssl=1&resize=525%2C300 1.5x, https:\/\/i0.wp.com\/comoaprenderjapones.net\/wp-content\/uploads\/2021\/01\/programa-japones-online-intensivao-de-japones-2021.jpg?fit=1200%2C932&ssl=1&resize=700%2C400 2x, https:\/\/i0.wp.com\/comoaprenderjapones.net\/wp-content\/uploads\/2021\/01\/programa-japones-online-intensivao-de-japones-2021.jpg?fit=1200%2C932&ssl=1&resize=1050%2C600 3x"},"classes":[]}],"jetpack_sharing_enabled":false,"amp_enabled":true,"_links":{"self":[{"href":"https:\/\/comoaprenderjapones.net\/en\/wp-json\/wp\/v2\/pages\/9","targetHints":{"allow":["GET"]}}],"collection":[{"href":"https:\/\/comoaprenderjapones.net\/en\/wp-json\/wp\/v2\/pages"}],"about":[{"href":"https:\/\/comoaprenderjapones.net\/en\/wp-json\/wp\/v2\/types\/page"}],"author":[{"embeddable":true,"href":"https:\/\/comoaprenderjapones.net\/en\/wp-json\/wp\/v2\/users\/1"}],"replies":[{"embeddable":true,"href":"https:\/\/comoaprenderjapones.net\/en\/wp-json\/wp\/v2\/comments?post=9"}],"version-history":[{"count":0,"href":"https:\/\/comoaprenderjapones.net\/en\/wp-json\/wp\/v2\/pages\/9\/revisions"}],"wp:attachment":[{"href":"https:\/\/comoaprenderjapones.net\/en\/wp-json\/wp\/v2\/media?parent=9"}],"curies":[{"name":"wp","href":"https:\/\/api.w.org\/{rel}","templated":true}]}}