{"id":904,"date":"2017-02-15T20:39:01","date_gmt":"2017-02-15T22:39:01","guid":{"rendered":"https:\/\/comoaprenderjapones.net\/?page_id=904"},"modified":"2022-09-05T15:01:47","modified_gmt":"2022-09-05T18:01:47","slug":"method-fan-art","status":"publish","type":"page","link":"https:\/\/comoaprenderjapones.net\/en\/metodo-fan-art\/","title":{"rendered":"Fan Art Method 3.0 - How to Draw Anime Characters"},"content":{"rendered":"<div class=\"604ea9ec9f03ce20cb5fee53cf49f850\" data-index=\"2\" style=\"float: none; margin:0px;\">\n<script async src=\"https:\/\/pagead2.googlesyndication.com\/pagead\/js\/adsbygoogle.js?client=ca-pub-0652292147574552\"\r\n     crossorigin=\"anonymous\"><\/script>\r\n<!-- Ads responsivo Inicio Post CAJap -->\r\n<ins class=\"adsbygoogle\"\r\n     style=\"display:block\"\r\n     data-ad-client=\"ca-pub-0652292147574552\"\r\n     data-ad-slot=\"3298668993\"\r\n     data-ad-format=\"auto\"><\/ins>\r\n<script>\r\n     (adsbygoogle = window.adsbygoogle || []).push({});\r\n<\/script>\n<\/div>\n\n<div class=\"addthis_inline_share_toolbox\"><\/div>\n\n\n\n<p><em>learn to <strong>how to draw anime characters<\/strong> even without having the \"gift\" step by step with the <strong>fan art method 3.0 <\/strong>created by<strong> <\/strong>Mayara Rodrigues.\u00a0<\/em><\/p>\n\n\n\n<p>Those who like Japanese culture, especially for anime, mangas have already been curious to know if it is possible to learn how to draw that favorite character even without having an affinity, the \u201cgift\u201d of drawing.<\/p>\n\n\n\n<p>The big problem is that without a good method or someone who can teach in a practical way, it is difficult to learn on your own.<\/p>\n\n\n\n\n\n\n<p>It was thinking about this that the <a href=\"https:\/\/comoaprenderjapones.net\/en\/in\/conheca-o-metodo-fan-art\/\" target=\"_blank\" rel=\"noopener\">Mayara decided to create a simple method<\/a>, practical and that focuses on what is really important.<\/p>\n\n\n\n<h2 class=\"wp-block-heading\">What is Fan Art?<\/h2>\n\n\n\n<p>Do you know <strong>what is a fan art<\/strong>? See below for a brief explanation of and also find out more about the <a href=\"https:\/\/comoaprenderjapones.net\/en\/method-fan-art\/\">Fan Art Method<\/a> which is very popular in Brazil for those who want to learn how to draw anime:<\/p>\n\n\n\n<blockquote class=\"wp-block-quote is-layout-flow wp-block-quote-is-layout-flow\"><p>Fanart, fan art or even Fanart is a work of art based on a well-known character, costume, item or work, which was created by fans. The term can be applied both to art made by fans of characters in certain book(s), as well as art derived from visual media such as comics, movies and\/or video games. It usually refers to artwork by amateur artists or artists not paid for their work. It&#039;s a work done by fans of their own imagination about the original work.<br \/>Source:&nbsp;<a href=\"https:\/\/pt.wikipedia.org\/wiki\/Fanart\" target=\"_blank\" rel=\"noopener\">Wikipedia<\/a><\/p><\/blockquote>\n\n\n\n<p>Now let&#039;s get to know what this course is and also its creator, more testimonials from those who made and approved it.<\/p>\n\n\n\n<h2 class=\"wp-block-heading\">What is the Fan Art Method?<\/h2>\n\n\n\n<p>A method created to teach people who want to learn how to draw their favorite anime character without much complication in a well explained and didactic step by step.<\/p>\n\n\n\n<p>Learn to draw similar to how the original anime author draws the character he created.<\/p>\n\n\n\n<h3 class=\"wp-block-heading\"><strong>Mayara Rodrigues creator<\/strong> of course<\/h3>\n\n\n<div class=\"wp-block-image\">\n<figure class=\"alignleft\"><a href=\"https:\/\/comoaprenderjapones.net\/en\/in\/conheca-o-metodo-fan-art\/\" rel=\"nofollow noopener\"><img data-recalc-dims=\"1\" decoding=\"async\" width=\"300\" height=\"247\" src=\"https:\/\/i0.wp.com\/comoaprenderjapones.net\/wp-content\/uploads\/2018\/09\/Mayara-Rodrigues.png?resize=300%2C247&#038;ssl=1\" alt=\"Mayara Rodrigues creator of the fan Art Method\" class=\"wp-image-2430\" srcset=\"https:\/\/i0.wp.com\/comoaprenderjapones.net\/wp-content\/uploads\/2018\/09\/Mayara-Rodrigues.png?resize=300%2C247&amp;ssl=1 300w, https:\/\/i0.wp.com\/comoaprenderjapones.net\/wp-content\/uploads\/2018\/09\/Mayara-Rodrigues.png?w=543&amp;ssl=1 543w\" sizes=\"(max-width: 300px) 100vw, 300px\" \/><\/a><figcaption><strong>Mayara Rodrigues<\/strong> creator of the fan Art Method<\/figcaption><\/figure>\n<\/div>\n\n\n<p><strong>Mayara Rodrigues<\/strong>, like many Brazilians, began to be interested in anime and his favorite was Digimon and with that came the desire to learn how to draw their favorite characters.<\/p>\n\n\n\n<p>The big problem is that she didn&#039;t evolve much when trying to draw and also a drawing course was not very cheap and not close to her home.<\/p>\n\n\n\n<p>She then started buying magazines that taught her to draw, usually Japanese methods.<\/p>\n\n\n\n<p>After a lot of brainstorming it was then after a long time, many years, that she really understood how to draw an anime.<\/p>\n\n\n\n<p class=\"has-text-align-center\"><a class=\"fasc-button fasc-size-large fasc-type-popout fasc-rounded-medium ico-fa fasc-ico-before fa-youtube-play\" style=\"background-color: #cc2f1a; color: #ffffff;\" target=\"_blank\" rel=\"nofollow noopener\" href=\"https:\/\/comoaprenderjapones.net\/en\/in\/conheca-historia-da-mayara-rodrigues\/\">Find out more details of their story by clicking here!<\/a><\/p>\n\n\n\n<h3 class=\"wp-block-heading\">What is the content of the Fan Art Method?<\/h3>\n\n\n\n<p>The course doesn&#039;t get stuck, it goes straight to what really matters, see only the topics that the online course offers <strong>fan art method 3.0<\/strong> has:<\/p>\n\n\n\n<ol class=\"wp-block-list\"><li>Image Analysis<\/li><li>Sketching Techniques<\/li><li>Face Anatomy + Angle Variations<\/li><li>Body Anatomy and Movements<\/li><li>The secret of making anime\/manga hair...<\/li><li>Your character&#039;s perfect hands and feet\u2026<\/li><li>Designing Character Clothes<\/li><li>Finishing drawings with a pen<\/li><li>Introduction to painting + Light and Shadow<\/li><\/ol>\n\n\n\n<h3 class=\"wp-block-heading\">Fan Art Method 3.0 Bonus<\/h3>\n\n\n\n<p>And also as usual <strong>+ 5 bonuses<\/strong> to further enhance your drawings:<\/p>\n\n\n\n<ul class=\"wp-block-list\"><li>The secret of drawing eyes<\/li><li>Heating and dash<\/li><li>Using all course modules in one drawing<\/li><li>Access to the Exclusive Group of Students<\/li><li>Certificate of completion<\/li><\/ul>\n\n\n<div class=\"wp-block-image\">\n<figure class=\"aligncenter\"><img data-recalc-dims=\"1\" decoding=\"async\" width=\"900\" height=\"475\" src=\"https:\/\/i0.wp.com\/comoaprenderjapones.net\/wp-content\/uploads\/2017\/02\/Area_de_Membros_Metodo_fan_art.jpg?resize=900%2C475&#038;ssl=1\" alt=\"Member Area Fan art method\" class=\"wp-image-906\" srcset=\"https:\/\/i0.wp.com\/comoaprenderjapones.net\/wp-content\/uploads\/2017\/02\/Area_de_Membros_Metodo_fan_art.jpg?w=900&amp;ssl=1 900w, https:\/\/i0.wp.com\/comoaprenderjapones.net\/wp-content\/uploads\/2017\/02\/Area_de_Membros_Metodo_fan_art.jpg?resize=300%2C158&amp;ssl=1 300w, https:\/\/i0.wp.com\/comoaprenderjapones.net\/wp-content\/uploads\/2017\/02\/Area_de_Membros_Metodo_fan_art.jpg?resize=768%2C405&amp;ssl=1 768w\" sizes=\"(max-width: 900px) 100vw, 900px\" \/><\/figure>\n<\/div>\n\n\n<p>You will also have a closed Facebook group for any questions you may have with the course author.<\/p>\n\n\n\n<p>Of course, there is no such thing as a miracle, but for sure you will learn in a practical way from those who understand the subject, practicing every day and seeing in a short time how fast you are progressing.<\/p>\n\n\n\n<h2 class=\"wp-block-heading\">Will I learn how to draw anime characters?<\/h2>\n\n\n\n<p>For those who want to learn how to draw anime characters in a simple and to the point way, then the <strong>fan art method works<\/strong> and it&#039;s right for you!<\/p>\n\n\n\n<p>Check below the Mayara students who are already getting excellent results and fulfilling their dream of learning how to draw their favorite anime characters.<\/p>\n\n\n\n<h3 class=\"wp-block-heading\">Student Testimonials<\/h3>\n\n\n\n<p>See testimonials made by your students demonstrating how happy they were to draw their favorite anime characters:<br \/><\/p>\n\n\n<div class=\"message_box announce\"><p><\/p>\n<blockquote><p>Congratulations on the Mayara course, I thought it was very good. I&#039;ve already recommended it to several friends, it&#039;s worth it. Very straight to the point, I&#039;m already in the 4th module and the difference is absurd from my old drawings to now, every day I&#039;m getting better. True congratulations and success to you. kisses<\/p>\n<p><strong>Jo\u00e3o Gabriel Alvarenga<\/strong><\/p><\/blockquote>\n<p><\/p><\/div>\n\n\n<div class=\"message_box announce\"><p><\/p>\n<blockquote><p>Euuu was crazy wanting to draw Eren Yeager!!! Jaaa had copied some over it, but today I drew it without even looking!!! Following everything you taught in the Course!!!<br \/>\nTooo happy too, I&#039;ll even make a poster soon to put here in my room hehehe!! Thanks Mayy, your course sucks!!!<\/p>\n<p><strong>Marcos Vinicius Viana<\/strong><\/p><\/blockquote>\n<p><\/p><\/div>\n\n\n\n<p>See also the testimonies of the results that your students had showing their drawings below:<br \/><\/p>\n\n\n<div class=\"tab_widget wp_shortcodes_tabs\"><ul class=\"wps_tabs\"><li><a href=\"#\" data-tab=\"tab-0-depoimento-jonathan\">Testimony Jonathan<\/a><\/li><li><a href=\"#\" data-tab=\"tab-1-depoimento-adson\">Adson Testimony<\/a><\/li><li><a href=\"#\" data-tab=\"tab-2-depoimento-mika\">Mika Testimony<\/a><\/li><\/ul><div class=\"tab_container\"><div id=\"tab-0-depoimento-jonathan\" class=\"tab_content clearfix\"><img data-recalc-dims=\"1\" decoding=\"async\" class=\"size-full wp-image-909 aligncenter\" src=\"https:\/\/i0.wp.com\/comoaprenderjapones.net\/wp-content\/uploads\/2017\/02\/Metodo_fan_art_desenho_aluno-7.jpg?resize=509%2C626&#038;ssl=1\" alt=\"\" width=\"509\" height=\"626\" srcset=\"https:\/\/i0.wp.com\/comoaprenderjapones.net\/wp-content\/uploads\/2017\/02\/Metodo_fan_art_desenho_aluno-7.jpg?w=509&amp;ssl=1 509w, https:\/\/i0.wp.com\/comoaprenderjapones.net\/wp-content\/uploads\/2017\/02\/Metodo_fan_art_desenho_aluno-7.jpg?resize=244%2C300&amp;ssl=1 244w\" sizes=\"(max-width: 509px) 100vw, 509px\" \/>Jonathan Testimony on the Fan Art Method<\/div><div id=\"tab-1-depoimento-adson\" class=\"tab_content clearfix\"><img data-recalc-dims=\"1\" decoding=\"async\" class=\"size-full wp-image-910 aligncenter\" src=\"https:\/\/i0.wp.com\/comoaprenderjapones.net\/wp-content\/uploads\/2017\/02\/Metodo_fan_art_desenhoaluno7.jpg?resize=495%2C515&#038;ssl=1\" alt=\"\" width=\"495\" height=\"515\" srcset=\"https:\/\/i0.wp.com\/comoaprenderjapones.net\/wp-content\/uploads\/2017\/02\/Metodo_fan_art_desenhoaluno7.jpg?w=495&amp;ssl=1 495w, https:\/\/i0.wp.com\/comoaprenderjapones.net\/wp-content\/uploads\/2017\/02\/Metodo_fan_art_desenhoaluno7.jpg?resize=288%2C300&amp;ssl=1 288w\" sizes=\"(max-width: 495px) 100vw, 495px\" \/>Adson Testimonial on the Fan Art Method<\/div><div id=\"tab-2-depoimento-mika\" class=\"tab_content clearfix\"><\/p>\n<p><img data-recalc-dims=\"1\" decoding=\"async\" class=\"size-full wp-image-914 aligncenter\" src=\"https:\/\/i0.wp.com\/comoaprenderjapones.net\/wp-content\/uploads\/2017\/02\/Metodo_Fan_Art_desenhoaluno5.jpg?resize=516%2C546&#038;ssl=1\" alt=\"\" width=\"516\" height=\"546\" srcset=\"https:\/\/i0.wp.com\/comoaprenderjapones.net\/wp-content\/uploads\/2017\/02\/Metodo_Fan_Art_desenhoaluno5.jpg?w=516&amp;ssl=1 516w, https:\/\/i0.wp.com\/comoaprenderjapones.net\/wp-content\/uploads\/2017\/02\/Metodo_Fan_Art_desenhoaluno5.jpg?resize=284%2C300&amp;ssl=1 284w\" sizes=\"(max-width: 516px) 100vw, 516px\" \/><\/p>\n<p>Mika&#039;s testimony about the fan art method.<\/p>\n<p><\/div><\/div><\/div><div class=\"clear\"><\/div>\n\n\n\n<h2 class=\"wp-block-heading\">Does the Fan Art Method work?<\/h2>\n\n\n\n<p>For sure! If you&#039;ve seen the <a href=\"https:\/\/comoaprenderjapones.net\/en\/method-fan-art\/#depoimentos-dos-alunos\">student testimonials<\/a> you have already noticed that in addition to being simple and very didactic, Mayara Rodrigues knows what she is talking about\/doing.<\/p>\n\n\n\n<p>You will watch videos of classes divided into modules so that you can evolve and put into practice everything you learned easily and without wasting a lot of time.<\/p>\n\n\n\n<p>Are you convinced that even if you&#039;ve never drawn before, you can practically learn the techniques to start drawing anime characters now?!<\/p>\n\n\n\n<p class=\"has-text-align-center\"><a class=\"fasc-button fasc-size-large fasc-type-glossy fasc-rounded-medium ico-fa fasc-ico-before fa-share-square-o\" style=\"background-color: #48aa3f; color: #ffffff;\" target=\"_blank\" rel=\"nofollow noopener\" href=\"https:\/\/comoaprenderjapones.net\/en\/in\/conheca-o-metodo-fan-art\/\">Discover the Method NOW and why it is so popular these days!<\/a><\/p>\n\n\n\n<h2 class=\"wp-block-heading\">Common questions<\/h2>\n\n\n<div id=\"rank-math-faq\" class=\"rank-math-block\">\n<div class=\"rank-math-list\">\n<div id=\"faq-question-1662400697637\" class=\"rank-math-list-item\">\n<h3 class=\"rank-math-question\"><strong>Does the course work for me?<\/strong><\/h3>\n<div class=\"rank-math-answer\">\n\n<p>If you are 8 years old, 16 years old or even 40 years old (no matter what age) and want to learn how to draw anime and manga characters, then this course is for you!<\/p>\n\n<\/div>\n<\/div>\n<div id=\"faq-question-1662400711600\" class=\"rank-math-list-item\">\n<h3 class=\"rank-math-question\"><strong>What comes in the Fan Art method?<\/strong><\/h3>\n<div class=\"rank-math-answer\">\n\n<p>There are more than 35 video lessons plus audios and texts.<\/p>\n\n<\/div>\n<\/div>\n<div id=\"faq-question-1662400722590\" class=\"rank-math-list-item\">\n<h3 class=\"rank-math-question\"><strong>What is the period for accessing the course?<\/strong><\/h3>\n<div class=\"rank-math-answer\">\n\n<p>Access is for life, that is, for an indefinite period.<\/p>\n\n<\/div>\n<\/div>\n<div id=\"faq-question-1662400736069\" class=\"rank-math-list-item\">\n<h3 class=\"rank-math-question\"><strong>Can I pay for the course in installments?<\/strong><\/h3>\n<div class=\"rank-math-answer\">\n\n<p>Yes, you can split the Fan Art 3.0 course in up to 10 installments on your credit card. You can even use 2 credit cards if you like.<\/p>\n\n<\/div>\n<\/div>\n<div id=\"faq-question-1662400747920\" class=\"rank-math-list-item\">\n<h3 class=\"rank-math-question\"><strong>Is it safe to buy the Fan Art Method?<\/strong><\/h3>\n<div class=\"rank-math-answer\">\n\n<p>Yes, the\u00a0<a href=\"https:\/\/comoaprenderjapones.net\/en\/in\/comprar-metodo-fan-art-3-0-ck\/\" target=\"_blank\" rel=\"noreferrer noopener\">Hotmart platform to make the payment<\/a>\u00a0which is very safe.<\/p>\n\n<\/div>\n<\/div>\n<div id=\"faq-question-1662400768520\" class=\"rank-math-list-item\">\n<h3 class=\"rank-math-question\"><strong>Where can I ask my questions?<\/strong><\/h3>\n<div class=\"rank-math-answer\">\n\n<p>It has support via Whatsapp for you to answer your questions.<\/p>\n\n<\/div>\n<\/div>\n<div id=\"faq-question-1662400782852\" class=\"rank-math-list-item\">\n<h3 class=\"rank-math-question\"><strong>Do I need something for the course?<\/strong><\/h3>\n<div class=\"rank-math-answer\">\n\n<p>An internet connection and simple things like pencils among others that will be shown in the course.<\/p>\n\n<\/div>\n<\/div>\n<div id=\"faq-question-1662400805354\" class=\"rank-math-list-item\">\n<h3 class=\"rank-math-question\"><strong>Does the course have a certificate?<\/strong><\/h3>\n<div class=\"rank-math-answer\">\n\n<p>Yes, you have a certificate of course completion.<\/p>\n\n<\/div>\n<\/div>\n<div id=\"faq-question-1662400813086\" class=\"rank-math-list-item\">\n<h3 class=\"rank-math-question\"><strong>Is the course guaranteed?<\/strong><\/h3>\n<div class=\"rank-math-answer\">\n\n<p>Yes, the guarantee is unconditional for 7 days so if you don&#039;t like the course you can ask for your money back, with a refund of the full amount.<\/p>\n\n<\/div>\n<\/div>\n<\/div>\n<\/div>\n\n\n<p><strong>Did you like the tip? Share with your friends by clicking the buttons below!<\/strong><\/p>\n\n<div style=\"font-size: 0px; height: 0px; line-height: 0px; margin: 0; padding: 0; clear: both;\"><\/div>","protected":false},"excerpt":{"rendered":"<p>Aprenda a como desenhar personagem de animes mesmo sem ter o \u201cdom\u201d passo a passo com o m\u00e9todo fan art 3.0 criado pela Mayara Rodrigues.\u00a0 Quem gosta da cultura japonesa, principalmente pelos animes, mangas j\u00e1<\/p>","protected":false},"author":1,"featured_media":3028,"parent":0,"menu_order":0,"comment_status":"closed","ping_status":"closed","template":"","meta":{"footnotes":""},"class_list":["post-904","page","type-page","status-publish","has-post-thumbnail"],"jetpack-related-posts":[{"id":94,"url":"https:\/\/comoaprenderjapones.net\/en\/programa-japones-online\/","url_meta":{"origin":904,"position":0},"title":"Japanese Online Program + Free Japanese Intensive Event","author":"Rafael Avelino","date":"20 de October de 2014","format":false,"excerpt":"Conhe\u00e7a o curso de japon\u00eas Programa Japon\u00eas Online do Sensei Luiz Rafael! \u3053\u3093\u306b\u3061\u306f! Est\u00e1 procurando um m\u00e9todo eficiente que te ensine do ZERO a ter um n\u00edvel de flu\u00eancia que possa consumir conte\u00fados totalmente em japon\u00eas? O m\u00e9todo criado pelo Luiz Rafael j\u00e1 passou por muitas atualiza\u00e7\u00f5es e est\u00e1 no\u2026","rel":"","context":"Similar post","block_context":{"text":"Similar post","link":""},"img":{"alt_text":"Programa Japon\u00eas Online - Intensiv\u00e3o de japon\u00eas","src":"https:\/\/i0.wp.com\/comoaprenderjapones.net\/wp-content\/uploads\/2021\/01\/programa-japones-online-intensivao-de-japones-2021.jpg?fit=1200%2C932&ssl=1&resize=350%2C200","width":350,"height":200,"srcset":"https:\/\/i0.wp.com\/comoaprenderjapones.net\/wp-content\/uploads\/2021\/01\/programa-japones-online-intensivao-de-japones-2021.jpg?fit=1200%2C932&ssl=1&resize=350%2C200 1x, https:\/\/i0.wp.com\/comoaprenderjapones.net\/wp-content\/uploads\/2021\/01\/programa-japones-online-intensivao-de-japones-2021.jpg?fit=1200%2C932&ssl=1&resize=525%2C300 1.5x, https:\/\/i0.wp.com\/comoaprenderjapones.net\/wp-content\/uploads\/2021\/01\/programa-japones-online-intensivao-de-japones-2021.jpg?fit=1200%2C932&ssl=1&resize=700%2C400 2x, https:\/\/i0.wp.com\/comoaprenderjapones.net\/wp-content\/uploads\/2021\/01\/programa-japones-online-intensivao-de-japones-2021.jpg?fit=1200%2C932&ssl=1&resize=1050%2C600 3x"},"classes":[]},{"id":35,"url":"https:\/\/comoaprenderjapones.net\/en\/sobre\/","url_meta":{"origin":904,"position":1},"title":"About","author":"Rafael Avelino","date":"24 de August de 2014","format":false,"excerpt":"Ol\u00e1 Minna! Sou Rafael admin deste site, como vai? Muito obrigado por visitar este site que pretende passar dicas de como aprender japon\u00eas para quem est\u00e1 iniciando, assim como eu. Vamos tentar abordar tudo que possa ajudar no seu aprendizado do idioma japon\u00eas, que vai desde animes,m\u00fasicas,mangas e tamb\u00e9m o\u2026","rel":"","context":"Similar post","block_context":{"text":"Similar post","link":""},"img":{"alt_text":"","src":"","width":0,"height":0},"classes":[]},{"id":860,"url":"https:\/\/comoaprenderjapones.net\/en\/japones-expresso-curso-online-japones\/","url_meta":{"origin":904,"position":2},"title":"Japanese Express: Japanese Online Course","author":"Rafael Avelino","date":"14 de November de 2016","format":false,"excerpt":"Conhe\u00e7a curso online japon\u00eas expresso promete te ajudar a sair do zero no idioma japon\u00eas e tamb\u00e9m para quem tem viagem marcada para o Jap\u00e3o. CURSO N\u00c3O EST\u00c1 DISPONIVEL. Conhe\u00e7a o curso Completo do Sensei Luiz Rafael o ???? Programa Japon\u00eas Online! Quem gosta da cultura japonesa, seja animes, mangas,\u2026","rel":"","context":"Similar post","block_context":{"text":"Similar post","link":""},"img":{"alt_text":"Japon\u00eas Expresso curso online de japon\u00eas","src":"https:\/\/i0.wp.com\/comoaprenderjapones.net\/wp-content\/uploads\/2016\/11\/Japones_Expresso.jpg?fit=1200%2C696&ssl=1&resize=350%2C200","width":350,"height":200,"srcset":"https:\/\/i0.wp.com\/comoaprenderjapones.net\/wp-content\/uploads\/2016\/11\/Japones_Expresso.jpg?fit=1200%2C696&ssl=1&resize=350%2C200 1x, https:\/\/i0.wp.com\/comoaprenderjapones.net\/wp-content\/uploads\/2016\/11\/Japones_Expresso.jpg?fit=1200%2C696&ssl=1&resize=525%2C300 1.5x, https:\/\/i0.wp.com\/comoaprenderjapones.net\/wp-content\/uploads\/2016\/11\/Japones_Expresso.jpg?fit=1200%2C696&ssl=1&resize=700%2C400 2x, https:\/\/i0.wp.com\/comoaprenderjapones.net\/wp-content\/uploads\/2016\/11\/Japones_Expresso.jpg?fit=1200%2C696&ssl=1&resize=1050%2C600 3x"},"classes":[]}],"jetpack_sharing_enabled":true,"amp_enabled":true,"_links":{"self":[{"href":"https:\/\/comoaprenderjapones.net\/en\/wp-json\/wp\/v2\/pages\/904","targetHints":{"allow":["GET"]}}],"collection":[{"href":"https:\/\/comoaprenderjapones.net\/en\/wp-json\/wp\/v2\/pages"}],"about":[{"href":"https:\/\/comoaprenderjapones.net\/en\/wp-json\/wp\/v2\/types\/page"}],"author":[{"embeddable":true,"href":"https:\/\/comoaprenderjapones.net\/en\/wp-json\/wp\/v2\/users\/1"}],"replies":[{"embeddable":true,"href":"https:\/\/comoaprenderjapones.net\/en\/wp-json\/wp\/v2\/comments?post=904"}],"version-history":[{"count":0,"href":"https:\/\/comoaprenderjapones.net\/en\/wp-json\/wp\/v2\/pages\/904\/revisions"}],"wp:featuredmedia":[{"embeddable":true,"href":"https:\/\/comoaprenderjapones.net\/en\/wp-json\/wp\/v2\/media\/3028"}],"wp:attachment":[{"href":"https:\/\/comoaprenderjapones.net\/en\/wp-json\/wp\/v2\/media?parent=904"}],"curies":[{"name":"wp","href":"https:\/\/api.w.org\/{rel}","templated":true}]}}