{"id":94,"date":"2014-10-20T14:59:33","date_gmt":"2014-10-20T16:59:33","guid":{"rendered":"https:\/\/comoaprenderjapones.net\/?page_id=94"},"modified":"2022-02-07T19:04:36","modified_gmt":"2022-02-07T22:04:36","slug":"japanese-online-program","status":"publish","type":"page","link":"https:\/\/comoaprenderjapones.net\/en\/programa-japones-online\/","title":{"rendered":"Japanese Online Program + Free Japanese Intensive Event"},"content":{"rendered":"<div class=\"604ea9ec9f03ce20cb5fee53cf49f850\" data-index=\"2\" style=\"float: none; margin:0px;\">\n<script async src=\"https:\/\/pagead2.googlesyndication.com\/pagead\/js\/adsbygoogle.js?client=ca-pub-0652292147574552\"\r\n     crossorigin=\"anonymous\"><\/script>\r\n<!-- Ads responsivo Inicio Post CAJap -->\r\n<ins class=\"adsbygoogle\"\r\n     style=\"display:block\"\r\n     data-ad-client=\"ca-pub-0652292147574552\"\r\n     data-ad-slot=\"3298668993\"\r\n     data-ad-format=\"auto\"><\/ins>\r\n<script>\r\n     (adsbygoogle = window.adsbygoogle || []).push({});\r\n<\/script>\n<\/div>\n\n<p><em>Discover the Japanese course <strong>Japanese Online Program<\/strong> by Sensei Luiz Rafael!<\/em><\/p>\n\n\n\n<p>! Are you looking for an efficient method that teaches you from ZERO to have a level of fluency that can consume content entirely in Japanese?<\/p>\n\n\n\n<p>The method created by Luiz Rafael has gone through many updates and has been on the market for years and is currently (2021) one of the best and most complete online Japanese courses.<\/p>\n\n\n\n<p class=\"has-background\" style=\"background-color:#fff2f2\"><strong>Article Summary<br \/><\/strong><a href=\"#lingua-japonesa\">the japanese language<br \/><\/a><a href=\"#quem-e-luiz-rafael\">Who is Luiz Rafael?<br \/><\/a><a href=\"#programa-japones-online\">Japanese Online Program<br \/><\/a><a href=\"#depoimento-aluno\">Japanese Online Program Student Testimonial<br \/><\/a><a href=\"#intensivao-japones\">Japanese Intensive<br \/><\/a><a href=\"#abertura-vagas\">How does the opening of vacancies work?<\/a><\/p>\n\n\n\n<p>If you like Japanese culture because of anime, Tokusatsu, manga, movies this is a good reason to start watching them without subtitles.<\/p>\n\n\n\n<p>It doesn&#039;t necessarily have to be these, but traveling, living, studying in Japan is also an excellent reason to want to learn the Japanese language.<\/p>\n\n\n\n<p>No matter what it is, if you&#039;ve decided to learn the Japanese language, this course can help you achieve that goal.<\/p>\n\n\n\n<h2 class=\"wp-block-heading\" id=\"lingua-japonesa\"><span style=\"color: #e5141b;\">the japanese language<\/span><\/h2>\n\n\n\n<p><strong>learn japanese<\/strong> it doesn&#039;t have to be as difficult as many, even myself, imagine. Knowing the right way to study makes it much easier for you to learn.<\/p>\n\n\n\n<p>Evidently that the <a href=\"https:\/\/pt.wikipedia.org\/wiki\/L%C3%ADngua_japonesa\" target=\"_blank\" rel=\"noopener noreferrer\">Japanese language<\/a> it is not the same as if we were going to learn English, because in the English language we are already familiar with the words, not to mention that we use many in our daily lives, and with many pronunciations.<\/p>\n\n\n\n<p>In Japanese, we definitely have to start from scratch to reach the fluency we dreamed of. What \u201ccomplicates\u201d even for beginners is the Japanese alphabet\/ideogram, which are three:<\/p>\n\n\n\n<ul class=\"wp-block-list\"><li>Hiragana with 46 ideograms.<\/li><li>Katakana with 46 ideograms.<\/li><li>Kanji that has thousands of ideograms, but the most used are approximately 2500 kanji.<\/li><\/ul>\n\n\n\n<p>We also have the romaji that helps us read and pronounce the characters correctly and the furigana that is usually written in hiragana and is on top of the kanji describing how it is pronounced.<\/p>\n\n\n\n<p>It doesn&#039;t have to be that complicated to learn nihongo, like the <a href=\"https:\/\/comoaprenderjapones.net\/en\/in\/aprenda-nihongo\/\" target=\"_blank\" rel=\"noreferrer noopener\">Sensei Luiz Rafael<\/a> says we need to do a lot of input, that is, everything we get is reading, listening.<\/p>\n\n\n<div class=\"gb-button-wrapper gb-button-wrapper-9eef6438\">\n\n<a class=\"gb-button gb-button-62a4c394 gb-button-text\" href=\"https:\/\/comoaprenderjapones.net\/en\/in\/aprenda-nihongo\/\" target=\"_blank\" rel=\"nofollow noopener noreferrer\">Learn more about the Program by Clicking Here!<\/a>\n\n<\/div>\n\n\n<h2 class=\"wp-block-heading\" id=\"quem-e-luiz-rafael\"><span style=\"color: #e5141b;\">Who is \u5148\u751f Luiz Rafael?<\/span><\/h2>\n\n\n\n<div class=\"wp-block-image\"><figure class=\"alignleft\"><img data-recalc-dims=\"1\" decoding=\"async\" width=\"371\" height=\"267\" src=\"https:\/\/i0.wp.com\/comoaprenderjapones.net\/wp-content\/uploads\/2014\/10\/Luiz_Rafael_Programa_Japones_Online.png?resize=371%2C267&#038;ssl=1\" alt=\"Luiz Rafael creator of the Japanese Online Program\" class=\"wp-image-95\" title=\"Japanese Online Program\" srcset=\"https:\/\/i0.wp.com\/comoaprenderjapones.net\/wp-content\/uploads\/2014\/10\/Luiz_Rafael_Programa_Japones_Online.png?w=371&amp;ssl=1 371w, https:\/\/i0.wp.com\/comoaprenderjapones.net\/wp-content\/uploads\/2014\/10\/Luiz_Rafael_Programa_Japones_Online.png?resize=300%2C215&amp;ssl=1 300w\" sizes=\"(max-width: 371px) 100vw, 371px\" \/><figcaption><strong>Luiz Rafael<\/strong> creator of the Japanese Online Program<\/figcaption><\/figure><\/div>\n\n\n\n<p>Luiz was one of the thousands of people who, as a teenager, began to arouse interest in Japanese culture, whether manga, anime or movies, and decided that he would learn Japanese.<\/p>\n\n\n\n<p>Like the vast majority, it started in the wrong way, believing that fluency would come, but it did not obtain satisfactory results by attending on-site courses.<\/p>\n\n\n\n<p>It was then that he looked for a right way to learn a new language, and put it into practice to see if it really worked.<\/p>\n\n\n\n<p>The amazing thing is that he was successful with this method and reached his goal of speaking fluent Japanese.<\/p>\n\n\n\n<h2 class=\"has-text-align-left wp-block-heading\" id=\"programa-japones-online\"><span style=\"color: #e5141b;\">Japanese Online Program<\/span><\/h2>\n\n\n\n<p>Thinking about this need and the frustration of thousands of people who want to learn nihongo, Sensei resolved <a href=\"https:\/\/comoaprenderjapones.net\/en\/in\/aprenda-nihongo\/\" target=\"_blank\" rel=\"noreferrer noopener\">create an online Japanese language course<\/a> so you can learn much more efficiently.<\/p>\n\n\n\n<p>The method developed by Sensei Luiz Rafael is extremely efficient. One of the pillars is that you first need to learn to read to start doing a lot of input. By learning hiragana and katakana you can already start reading mangas, books, websites.<\/p>\n\n\n\n<p>In addition to Sensei&#039;s teaching mode being very good than most, you will get excellent support. He doesn&#039;t let you get discouraged, he will always send you news, stories, motivations so that you don&#039;t stop studying to reach your goal.<\/p>\n\n\n\n<p>The course is not focused on grammar, you learn at your own pace on a closed site just for students and a community on the portal.<\/p>\n\n\n\n<h3 class=\"wp-block-heading\" id=\"depoimento-aluno\"><span style=\"color: #e5141b;\">Testimonial: Japanese Online Program Student<\/span><\/h3>\n\n\n\n<p>Below you will see the sincere testimony of Lu\u00eds Eduardo Nunes about the course and the importance of taking studies seriously plus Luiz&#039;s method, which is more than a <a href=\"https:\/\/comoaprenderjapones.net\/en\/japanese-online-program\/\">Japanese course<\/a> and the most efficient way to study a language, watch:<\/p>\n\n\n\n<figure class=\"wp-block-embed is-type-video is-provider-youtube wp-block-embed-youtube wp-embed-aspect-16-9 wp-has-aspect-ratio\"><div class=\"wp-block-embed__wrapper\">\n<iframe title=\"The importance of how to study Japanese (Lu\u00eds Eduardo Nunes) | Japanese Online Program\" width=\"1200\" height=\"675\" src=\"https:\/\/www.youtube.com\/embed\/xwTbhm8ASq4?feature=oembed\" frameborder=\"0\" allow=\"accelerometer; autoplay; clipboard-write; encrypted-media; gyroscope; picture-in-picture\" allowfullscreen><\/iframe>\n<\/div><figcaption>Testimony Eduardo Nunes \u2013 Japanese Online Program<\/figcaption><\/figure>\n\n\n\n<p>as expected the <a href=\"https:\/\/comoaprenderjapones.net\/en\/in\/aprenda-nihongo\/\" target=\"_blank\" rel=\"noreferrer noopener\">Japanese online program has limited places<\/a> so that Sensei can give due attention to everyone and solve their doubts.<\/p>\n\n\n\n<h2 class=\"wp-block-heading\" id=\"intensivao-japones\"><span style=\"color: #e5141b;\">Japanese Intensive<\/span><\/h2>\n\n\n\n<p>Every year about twice (or more) Luiz Rafael holds the event called <strong>Japanese intensive<\/strong> in which, through a free mini-course, it presents its methodology so that you can learn Japanese more easily and efficiently.<\/p>\n\n\n\n<p>So far there have been some Japanese language intensives, just to find out about the next one <a href=\"https:\/\/comoaprenderjapones.net\/en\/in\/aprenda-nihongo\/\" target=\"_blank\" rel=\"noreferrer noopener\">click here<\/a>!<\/p>\n\n\n\n<p><em>Remembering that this event happens only a few times a year and it may be that depending on when you are reading this article it has already ended.<\/em><\/p>\n\n\n\n<div class=\"wp-block-image\"><figure class=\"aligncenter size-large\"><img data-recalc-dims=\"1\" decoding=\"async\" width=\"1024\" height=\"318\" src=\"https:\/\/i0.wp.com\/comoaprenderjapones.net\/wp-content\/uploads\/2021\/01\/Intensivao-japones-2021-janeiro.jpg?resize=1024%2C318&#038;ssl=1\" alt=\"Japanese Intensive Japanese Online Program\" class=\"wp-image-3146\" srcset=\"https:\/\/i0.wp.com\/comoaprenderjapones.net\/wp-content\/uploads\/2021\/01\/Intensivao-japones-2021-janeiro.jpg?resize=1024%2C318&amp;ssl=1 1024w, https:\/\/i0.wp.com\/comoaprenderjapones.net\/wp-content\/uploads\/2021\/01\/Intensivao-japones-2021-janeiro.jpg?resize=300%2C93&amp;ssl=1 300w, https:\/\/i0.wp.com\/comoaprenderjapones.net\/wp-content\/uploads\/2021\/01\/Intensivao-japones-2021-janeiro.jpg?resize=768%2C239&amp;ssl=1 768w, https:\/\/i0.wp.com\/comoaprenderjapones.net\/wp-content\/uploads\/2021\/01\/Intensivao-japones-2021-janeiro.jpg?resize=150%2C47&amp;ssl=1 150w, https:\/\/i0.wp.com\/comoaprenderjapones.net\/wp-content\/uploads\/2021\/01\/Intensivao-japones-2021-janeiro.jpg?w=1045&amp;ssl=1 1045w\" sizes=\"(max-width: 1024px) 100vw, 1024px\" \/><figcaption>Japanese Intensive Japanese Online Program<\/figcaption><\/figure><\/div>\n\n\n\n<p>No more searching the internet for how to learn Japanese, with the Japanese Online Program you&#039;ll have a closed members-only site with video lessons, handouts, audios and much more!<br \/><\/p>\n\n\n\n<p>You will receive a series of free videos telling the story and method used by \u305b\u3093\u305b\u3044 Luiz Rafael and his journey to achieve fluency in Nihongo.<\/p>\n\n\n\n<h3 class=\"wp-block-heading\" id=\"abertura-vagas\"><span style=\"color: #e5141b;\">How does the opening of vacancies in the Japanese Online Program work?<\/span><\/h3>\n\n\n\n<p>If you followed the NIHONGO week, which usually lasts 1 week or more, you will be shown how Luiz teaches with his methodology and also how the support will work.<\/p>\n\n\n\n<p>The course lasts for 9 months, but you get another 9 months, totaling 18 months of access to the course, plus full support to clear up all your doubts with the team.<\/p>\n\n\n\n<p>The program also has a seat limit so that it is possible to provide excellent quality support for each student.<\/p>\n\n\n\n<p>Remembering that vacancies usually finish in 2 days and are also open for a maximum of 3 days, but vacancies are sold out before the last day.<\/p>\n\n\n\n<p>If you are interested in learning Japanese with the best methodology in Brazil, click on the button below:<\/p>\n\n\n<div class=\"gb-button-wrapper gb-button-wrapper-f4deca25\">\n\n<a class=\"gb-button gb-button-7aa7f773 gb-button-text\" href=\"https:\/\/comoaprenderjapones.net\/en\/in\/aprenda-nihongo\/\" target=\"_blank\" rel=\"nofollow noopener noreferrer\">Find out how job openings work by clicking here!<\/a>\n\n<\/div>\n\n\n<p><strong>\u9811\u5f35\u3063\u3066<\/strong>!<\/p>\n\n<div style=\"font-size: 0px; height: 0px; line-height: 0px; margin: 0; padding: 0; clear: both;\"><\/div>","protected":false},"excerpt":{"rendered":"<p>Conhe\u00e7a o curso de japon\u00eas Programa Japon\u00eas Online do Sensei Luiz Rafael! \u3053\u3093\u306b\u3061\u306f! Est\u00e1 procurando um m\u00e9todo eficiente que te ensine do ZERO a ter um n\u00edvel de flu\u00eancia que possa consumir conte\u00fados totalmente em<\/p>","protected":false},"author":1,"featured_media":3155,"parent":0,"menu_order":0,"comment_status":"closed","ping_status":"closed","template":"","meta":{"footnotes":""},"class_list":["post-94","page","type-page","status-publish","has-post-thumbnail"],"jetpack-related-posts":[{"id":860,"url":"https:\/\/comoaprenderjapones.net\/en\/japones-expresso-curso-online-japones\/","url_meta":{"origin":94,"position":0},"title":"Japanese Express: Japanese Online Course","author":"Rafael Avelino","date":"14 de November de 2016","format":false,"excerpt":"Conhe\u00e7a curso online japon\u00eas expresso promete te ajudar a sair do zero no idioma japon\u00eas e tamb\u00e9m para quem tem viagem marcada para o Jap\u00e3o. CURSO N\u00c3O EST\u00c1 DISPONIVEL. Conhe\u00e7a o curso Completo do Sensei Luiz Rafael o ???? Programa Japon\u00eas Online! Quem gosta da cultura japonesa, seja animes, mangas,\u2026","rel":"","context":"Similar post","block_context":{"text":"Similar post","link":""},"img":{"alt_text":"Japon\u00eas Expresso curso online de japon\u00eas","src":"https:\/\/i0.wp.com\/comoaprenderjapones.net\/wp-content\/uploads\/2016\/11\/Japones_Expresso.jpg?fit=1200%2C696&ssl=1&resize=350%2C200","width":350,"height":200,"srcset":"https:\/\/i0.wp.com\/comoaprenderjapones.net\/wp-content\/uploads\/2016\/11\/Japones_Expresso.jpg?fit=1200%2C696&ssl=1&resize=350%2C200 1x, https:\/\/i0.wp.com\/comoaprenderjapones.net\/wp-content\/uploads\/2016\/11\/Japones_Expresso.jpg?fit=1200%2C696&ssl=1&resize=525%2C300 1.5x, https:\/\/i0.wp.com\/comoaprenderjapones.net\/wp-content\/uploads\/2016\/11\/Japones_Expresso.jpg?fit=1200%2C696&ssl=1&resize=700%2C400 2x, https:\/\/i0.wp.com\/comoaprenderjapones.net\/wp-content\/uploads\/2016\/11\/Japones_Expresso.jpg?fit=1200%2C696&ssl=1&resize=1050%2C600 3x"},"classes":[]},{"id":4016,"url":"https:\/\/comoaprenderjapones.net\/en\/curso-japones-club-por-skdesu\/","url_meta":{"origin":94,"position":1},"title":"Japanese Club Course by Skdesu","author":"Rafael Avelino","date":"2 de February de 2023","format":false,"excerpt":"Advertorial Aprenda a L\u00edngua Japonesa com o Curso Japon\u00eas Club e Tenha a solu\u00e7\u00e3o definitiva para superar qualquer desafio! Mang\u00e1 Death Note Olha s\u00f3 o que voc\u00ea tem no Curso Japon\u00eas Club! + de 140 v\u00eddeo aulas em Alta Defini\u00e7\u00e3o Jogos e Atividades Interativas Pagamento \u00danico (N\u00e3o tem Mensalidades) Acesso\u2026","rel":"","context":"Similar post","block_context":{"text":"Similar post","link":""},"img":{"alt_text":"","src":"https:\/\/i0.wp.com\/comoaprenderjapones.net\/wp-content\/uploads\/2023\/02\/japones-club-advertorial.jpg?fit=1023%2C499&ssl=1&resize=350%2C200","width":350,"height":200,"srcset":"https:\/\/i0.wp.com\/comoaprenderjapones.net\/wp-content\/uploads\/2023\/02\/japones-club-advertorial.jpg?fit=1023%2C499&ssl=1&resize=350%2C200 1x, https:\/\/i0.wp.com\/comoaprenderjapones.net\/wp-content\/uploads\/2023\/02\/japones-club-advertorial.jpg?fit=1023%2C499&ssl=1&resize=525%2C300 1.5x, https:\/\/i0.wp.com\/comoaprenderjapones.net\/wp-content\/uploads\/2023\/02\/japones-club-advertorial.jpg?fit=1023%2C499&ssl=1&resize=700%2C400 2x"},"classes":[]},{"id":35,"url":"https:\/\/comoaprenderjapones.net\/en\/sobre\/","url_meta":{"origin":94,"position":2},"title":"About","author":"Rafael Avelino","date":"24 de August de 2014","format":false,"excerpt":"Ol\u00e1 Minna! Sou Rafael admin deste site, como vai? Muito obrigado por visitar este site que pretende passar dicas de como aprender japon\u00eas para quem est\u00e1 iniciando, assim como eu. Vamos tentar abordar tudo que possa ajudar no seu aprendizado do idioma japon\u00eas, que vai desde animes,m\u00fasicas,mangas e tamb\u00e9m o\u2026","rel":"","context":"Similar post","block_context":{"text":"Similar post","link":""},"img":{"alt_text":"","src":"","width":0,"height":0},"classes":[]},{"id":179,"url":"https:\/\/comoaprenderjapones.net\/en\/mapa-site\/","url_meta":{"origin":94,"position":3},"title":"Site map","author":"Rafael Avelino","date":"31 de January de 2015","format":false,"excerpt":"Sitemap See all articles published here on How to Learn Japanese","rel":"","context":"Similar post","block_context":{"text":"Similar post","link":""},"img":{"alt_text":"","src":"","width":0,"height":0},"classes":[]},{"id":2786,"url":"https:\/\/comoaprenderjapones.net\/en\/acompanhe\/","url_meta":{"origin":94,"position":4},"title":"follow up","author":"Rafael Avelino","date":"12 de June de 2020","format":false,"excerpt":"Para n\u00e3o perder alguma novidade ou dica logo em seguida vou indicar v\u00e1rias op\u00e7\u00f5es para que voc\u00ea acompanhe o comoaprenderjapones.net da maneira que desejar e que mais goste. Acompanhe pelo Feed Um dos meios mais tradicionais para voc\u00ea receber as novidades instantaneamente quando algo \u00e9 publicado por aqui. Feed do\u2026","rel":"","context":"Similar post","block_context":{"text":"Similar post","link":""},"img":{"alt_text":"Acompanhe pelo Feedly o comoaprenderjapones.net","src":"https:\/\/i0.wp.com\/comoaprenderjapones.net\/wp-content\/uploads\/2020\/06\/feedly-follow.png?resize=350%2C200&ssl=1","width":350,"height":200},"classes":[]},{"id":9,"url":"https:\/\/comoaprenderjapones.net\/en\/politica-de-privacidade\/","url_meta":{"origin":94,"position":5},"title":"Privacy Policy","author":"Rafael Avelino","date":"24 de August de 2014","format":false,"excerpt":"Esta Pol\u00edtica de Privacidade foi elaborada visando zelar pela confidencialidade, privacidade e prote\u00e7\u00e3o dos dados pessoais dos visitantes deste site e dos usu\u00e1rios de nossos servi\u00e7os, protegendo essas informa\u00e7\u00f5es de perdas, uso impr\u00f3prio, acesso n\u00e3o autorizado, altera\u00e7\u00e3o e destrui\u00e7\u00e3o. 1. Coleta e Uso das Informa\u00e7\u00f5es O acesso a este Site\u2026","rel":"","context":"Similar post","block_context":{"text":"Similar post","link":""},"img":{"alt_text":"","src":"","width":0,"height":0},"classes":[]}],"jetpack_sharing_enabled":true,"amp_enabled":true,"_links":{"self":[{"href":"https:\/\/comoaprenderjapones.net\/en\/wp-json\/wp\/v2\/pages\/94","targetHints":{"allow":["GET"]}}],"collection":[{"href":"https:\/\/comoaprenderjapones.net\/en\/wp-json\/wp\/v2\/pages"}],"about":[{"href":"https:\/\/comoaprenderjapones.net\/en\/wp-json\/wp\/v2\/types\/page"}],"author":[{"embeddable":true,"href":"https:\/\/comoaprenderjapones.net\/en\/wp-json\/wp\/v2\/users\/1"}],"replies":[{"embeddable":true,"href":"https:\/\/comoaprenderjapones.net\/en\/wp-json\/wp\/v2\/comments?post=94"}],"version-history":[{"count":0,"href":"https:\/\/comoaprenderjapones.net\/en\/wp-json\/wp\/v2\/pages\/94\/revisions"}],"wp:featuredmedia":[{"embeddable":true,"href":"https:\/\/comoaprenderjapones.net\/en\/wp-json\/wp\/v2\/media\/3155"}],"wp:attachment":[{"href":"https:\/\/comoaprenderjapones.net\/en\/wp-json\/wp\/v2\/media?parent=94"}],"curies":[{"name":"wp","href":"https:\/\/api.w.org\/{rel}","templated":true}]}}