{"id":35,"date":"2014-08-24T22:16:39","date_gmt":"2014-08-24T22:16:39","guid":{"rendered":"https:\/\/comoaprenderjapones.net\/?page_id=35"},"modified":"2024-08-27T21:20:29","modified_gmt":"2024-08-28T00:20:29","slug":"acerca-de","status":"publish","type":"page","link":"https:\/\/comoaprenderjapones.net\/es\/sobre\/","title":{"rendered":"Acerca de"},"content":{"rendered":"<div class=\"8e1faaf5b78323bde134cc169f68f7cc\" data-index=\"2\" style=\"float: none; margin:0px;\">\n<script async src=\"https:\/\/pagead2.googlesyndication.com\/pagead\/js\/adsbygoogle.js?client=ca-pub-0652292147574552\"\r\n     crossorigin=\"anonymous\"><\/script>\r\n<!-- Ads responsivo Inicio Post CAJap -->\r\n<ins class=\"adsbygoogle\"\r\n     style=\"display:block\"\r\n     data-ad-client=\"ca-pub-0652292147574552\"\r\n     data-ad-slot=\"3298668993\"\r\n     data-ad-format=\"auto\"><\/ins>\r\n<script>\r\n     (adsbygoogle = window.adsbygoogle || []).push({});\r\n<\/script>\n<\/div>\n<p>\u00a1Hola Minna!<\/p>\n<p>Soy Rafael administrador de este sitio, \u00bfc\u00f3mo est\u00e1s?<\/p>\n<p>Muchas gracias por visitar este sitio que quiere compartir consejos para <a title=\"C\u00f3mo aprender japon\u00e9s\" href=\"https:\/\/comoaprenderjapones.net\/es\/como-aprender-japones\/\">c\u00f3mo aprender japon\u00e9s<\/a> tanto para principiantes como para m\u00ed.<\/p>\n<p>Intentaremos cubrir todo lo que pueda ayudar a tu aprendizaje del idioma japon\u00e9s, desde anime, canciones, mangas y tambi\u00e9n el aprendizaje acelerado que no es m\u00e1s que aprender a aprender.<\/p>\n<p>Basado en el m\u00e9todo de ense\u00f1anza de mi Sensei m\u00e1s lo que aprendo en este viaje hacia la fluidez del Nihongo.<\/p>\n<p>Probablemente puedas encontrar algunos errores, ya sea en la redacci\u00f3n o en los consejos que apruebo, pero aquellos que no cometen errores no lo hacen bien, \u00bfverdad?<\/p>\n<p>no dude en <a title=\"Contacto\" href=\"https:\/\/comoaprenderjapones.net\/es\/contacto\/\">entrar en contacto<\/a> con consejos, sugerencias o incluso para corregirme si es necesario \ud83d\ude42 .<\/p>\n<p>\u00a1Gracias de nuevo por visitarnos!<\/p>\n\n<div style=\"font-size: 0px; height: 0px; line-height: 0px; margin: 0; padding: 0; clear: both;\"><\/div>","protected":false},"excerpt":{"rendered":"<p>Ol\u00e1 Minna! Sou Rafael admin deste site, como vai? Muito obrigado por visitar este site que pretende passar dicas de como aprender japon\u00eas para quem est\u00e1 iniciando, assim como eu. Vamos tentar abordar tudo que<\/p>","protected":false},"author":1,"featured_media":0,"parent":0,"menu_order":0,"comment_status":"closed","ping_status":"closed","template":"","meta":{"footnotes":""},"class_list":["post-35","page","type-page","status-publish"],"jetpack-related-posts":[],"jetpack_sharing_enabled":false,"amp_enabled":true,"_links":{"self":[{"href":"https:\/\/comoaprenderjapones.net\/es\/wp-json\/wp\/v2\/pages\/35","targetHints":{"allow":["GET"]}}],"collection":[{"href":"https:\/\/comoaprenderjapones.net\/es\/wp-json\/wp\/v2\/pages"}],"about":[{"href":"https:\/\/comoaprenderjapones.net\/es\/wp-json\/wp\/v2\/types\/page"}],"author":[{"embeddable":true,"href":"https:\/\/comoaprenderjapones.net\/es\/wp-json\/wp\/v2\/users\/1"}],"replies":[{"embeddable":true,"href":"https:\/\/comoaprenderjapones.net\/es\/wp-json\/wp\/v2\/comments?post=35"}],"version-history":[{"count":0,"href":"https:\/\/comoaprenderjapones.net\/es\/wp-json\/wp\/v2\/pages\/35\/revisions"}],"wp:attachment":[{"href":"https:\/\/comoaprenderjapones.net\/es\/wp-json\/wp\/v2\/media?parent=35"}],"curies":[{"name":"wp","href":"https:\/\/api.w.org\/{rel}","templated":true}]}}