{"id":860,"date":"2016-11-14T21:13:15","date_gmt":"2016-11-14T23:13:15","guid":{"rendered":"https:\/\/comoaprenderjapones.net\/?page_id=860"},"modified":"2023-02-19T12:30:41","modified_gmt":"2023-02-19T15:30:41","slug":"japones-express-curso-de-japones-en-linea","status":"publish","type":"page","link":"https:\/\/comoaprenderjapones.net\/es\/japones-expresso-curso-online-japones\/","title":{"rendered":"Japanese Express: curso de japon\u00e9s en l\u00ednea"},"content":{"rendered":"<div class=\"8e1faaf5b78323bde134cc169f68f7cc\" data-index=\"2\" style=\"float: none; margin:0px;\">\n<script async src=\"https:\/\/pagead2.googlesyndication.com\/pagead\/js\/adsbygoogle.js?client=ca-pub-0652292147574552\"\r\n     crossorigin=\"anonymous\"><\/script>\r\n<!-- Ads responsivo Inicio Post CAJap -->\r\n<ins class=\"adsbygoogle\"\r\n     style=\"display:block\"\r\n     data-ad-client=\"ca-pub-0652292147574552\"\r\n     data-ad-slot=\"3298668993\"\r\n     data-ad-format=\"auto\"><\/ins>\r\n<script>\r\n     (adsbygoogle = window.adsbygoogle || []).push({});\r\n<\/script>\n<\/div>\n\n<p><em>Descubre el curso en l\u00ednea <strong>Expreso japon\u00e9s<\/strong> promete ayudarte a empezar de cero en el idioma japon\u00e9s y tambi\u00e9n para aquellos que tienen un viaje a Jap\u00f3n.<\/em><\/p>\n\n\n\n<p class=\"has-background has-medium-font-size\" style=\"background-color:#f8c0c0\"><strong>EL CURSO NO EST\u00c1 DISPONIBLE<\/strong>. Descubre el curso completo del Sensei Luiz Rafael ???? <a href=\"https:\/\/comoaprenderjapones.net\/es\/programa-japones-en-linea\/\" data-type=\"URL\" data-id=\"https:\/\/comoaprenderjapones.net\/programa-japones-online\/\">Programa en l\u00ednea de japon\u00e9s<\/a>!<\/p>\n\n\n\n<p>A cualquiera que le guste la cultura japonesa, ya sea anime, manga, pel\u00edculas, J-dramas y muchos otros factores que hacen \u00fanica a esta cultura, ya se le habr\u00e1 pasado por la cabeza aprender el idioma japon\u00e9s para disfrutar a\u00fan m\u00e1s de esta peculiar cultura.<\/p>\n\n\n\n<p>El gran problema para los que est\u00e1n empezando de cero, o incluso empezaron y pararon, es que la impresi\u00f3n es que el Nihongo es un idioma muy dif\u00edcil o incluso imposible de aprender.<\/p>\n\n\n\n<p>\u00a1Pero esto no es cierto! Lo que pasa es que todav\u00eda no has aprendido la metodolog\u00eda correcta para estudiar eficientemente.<\/p>\n\n\n\n<p>\u00bfNo ser\u00eda genial tener un curso que vaya directo al grano sin ning\u00fan problema dirigido a aquellos que quieren aprender r\u00e1pidamente los conceptos b\u00e1sicos del idioma para viajar a Jap\u00f3n o tienen m\u00e1s motivaci\u00f3n para profundizar a\u00fan m\u00e1s en el idioma japon\u00e9s?<\/p>\n\n\n\n<p>Fue por esta raz\u00f3n que \u5148\u751f Luiz cre\u00f3 el <a href=\"https:\/\/comoaprenderjapones.net\/es\/en-4\/curso-de-japones-gratis-agosto-de-2020\/\" target=\"_blank\" rel=\"noopener noreferrer\">curso expr\u00e9s de japon\u00e9s<\/a> para aquellos que tienen este objetivo y necesitan aprender lo suficientemente r\u00e1pido para poder sobrevivir en Jap\u00f3n.<\/p>\n\n\n<div class=\"wp-block-image\">\n<figure class=\"aligncenter\"><img data-recalc-dims=\"1\" decoding=\"async\" width=\"960\" height=\"436\" src=\"https:\/\/i0.wp.com\/comoaprenderjapones.net\/wp-content\/uploads\/2016\/11\/Viagem_Japao_curso_japones_expresso.jpg?resize=960%2C436&#038;ssl=1\" alt=\"Viaje a Jap\u00f3n: curso express de japon\u00e9s\" class=\"wp-image-865\" title=\"Viaje a Jap\u00f3n: curso express de japon\u00e9s\" srcset=\"https:\/\/i0.wp.com\/comoaprenderjapones.net\/wp-content\/uploads\/2016\/11\/Viagem_Japao_curso_japones_expresso.jpg?w=960&amp;ssl=1 960w, https:\/\/i0.wp.com\/comoaprenderjapones.net\/wp-content\/uploads\/2016\/11\/Viagem_Japao_curso_japones_expresso.jpg?resize=300%2C136&amp;ssl=1 300w, https:\/\/i0.wp.com\/comoaprenderjapones.net\/wp-content\/uploads\/2016\/11\/Viagem_Japao_curso_japones_expresso.jpg?resize=768%2C349&amp;ssl=1 768w\" sizes=\"(max-width: 960px) 100vw, 960px\" \/><\/figure>\n<\/div>\n\n\n<h2 class=\"wp-block-heading\" id=\"o-que-e-o-curso-japones-expresso\">\u00bfQu\u00e9 es el Curso Express de Japon\u00e9s?<\/h2>\n\n\n\n<p>Es un curso cerrado exclusivo para estudiantes en el que, a trav\u00e9s de videolecciones, podr\u00e1s empezar de cero y aprender el idioma japon\u00e9s de forma mucho m\u00e1s eficiente y r\u00e1pida.<\/p>\n\n\n\n<p>Pero este NUEVO <a href=\"https:\/\/comoaprenderjapones.net\/es\/en-4\/curso-de-japones-gratis-agosto-de-2020\/\" target=\"_blank\" rel=\"noopener noreferrer\">curso de japones en linea<\/a> tiene una gran diferencia con respecto al otro, tiene una duraci\u00f3n de 6 semanas, es decir, pr\u00e1cticamente 1 mes y medio.<\/p>\n\n\n\n<h3 class=\"wp-block-heading\" id=\"para-quem-e-esse-curso\">\u00bfPara qui\u00e9n es este curso?<\/h3>\n\n\n\n<p>El curso pretende ser lo m\u00e1s directo, simple y f\u00e1cil posible para que cualquier persona pueda aprender las bases del idioma.<\/p>\n\n\n\n<p>Fue creado con la persona que:<\/p>\n\n\n\n<ul class=\"wp-block-list\">\n<li>No tienes tiempo que perder y necesitas urgentemente aprender al menos lo b\u00e1sico para poder tener una comunicaci\u00f3n esencial en Jap\u00f3n.<\/li>\n\n\n\n<li>Para aquellas personas que no saben nada sobre el idioma, quieren aprender lo b\u00e1sico de inmediato para tener mucha m\u00e1s motivaci\u00f3n para continuar con sus estudios.<\/li>\n<\/ul>\n\n\n\n<p>Express Japanese est\u00e1 muy enfocado a ese tipo de personas que buscan un curso de japon\u00e9s online que sea r\u00e1pido y traiga resultados satisfactorios en menos tiempo.<\/p>\n\n\n\n<p>Es un <strong>Curso de japon\u00e9s para viajeros a Jap\u00f3n<\/strong> pr\u00f3ximamente o quiere aprender los conceptos b\u00e1sicos del idioma r\u00e1pidamente.<\/p>\n\n\n\n<p class=\"has-text-align-center\"><a class=\"fasc-button fasc-size-large fasc-type-flat fasc-rounded-medium ico-fa fasc-ico-before fa-play-circle\" style=\"background-color: #e43f42; color: #ffffff;\" target=\"_blank\" rel=\"noopener noreferrer\" href=\"https:\/\/comoaprenderjapones.net\/es\/en-4\/curso-de-japones-gratis-agosto-de-2020\/\">\u00a1Descubre c\u00f3mo est\u00e1 el curso ahora haciendo clic aqu\u00ed!<\/a><\/p>\n\n\n\n<h3 class=\"wp-block-heading\" id=\"qual-o-conteudo-do-curso\">Cual es el contenido del curso?<\/h3>\n\n\n\n<p>Como de costumbre, el curso es 100% en l\u00ednea en un sitio cerrado solo para estudiantes y presenta:<\/p>\n\n\n\n<ul class=\"wp-block-list\">\n<li>Un equipo preparado para resolver tus dudas<\/li>\n\n\n\n<li>Recibir\u00e1 usuario y contrase\u00f1a para acceder al portal<\/li>\n\n\n\n<li>Contenido enfocado en traer una base para que te comuniques con los nativos<\/li>\n\n\n\n<li>Hay 6 temas m\u00e1s bonificaciones para que aprendas r\u00e1pidamente y de manera simplificada en lecciones en video y folletos descargables.<\/li>\n<\/ul>\n\n\n\n<p>En cada clase tendr\u00e1s la posibilidad de dejar tu pregunta, similar a un comentario, para que el equipo de soporte te responda lo antes posible.<\/p>\n\n\n\n<h2 class=\"wp-block-heading\" id=\"quem-e-o-criador-do-curso-japones-expresso\">\u00bfQui\u00e9n es el creador del Curso Express de Japon\u00e9s?<\/h2>\n\n\n<div class=\"wp-block-image\">\n<figure class=\"alignleft\"><img data-recalc-dims=\"1\" decoding=\"async\" width=\"300\" height=\"244\" src=\"https:\/\/i0.wp.com\/comoaprenderjapones.net\/wp-content\/uploads\/2016\/11\/Luiz_Rafael_Curso_Japones_Expresso.jpg?resize=300%2C244&#038;ssl=1\" alt=\"Curso de Japon\u00e9s Luiz Rafael Express\" class=\"wp-image-863\" title=\"Curso de Japon\u00e9s Luiz Rafael Express\"\/><\/figure>\n<\/div>\n\n\n<p>El curso fue creado por el \u5148\u751f Luiz Rafael, tambi\u00e9n creador de <a href=\"https:\/\/comoaprenderjapones.net\/es\/programa-japones-en-linea\/\">programa japon\u00e9s en l\u00ednea<\/a>, para llenar un vac\u00edo en el que miles de personas quieren resultados r\u00e1pidos para al menos \u201csobrevivir\u201d con las bases del idioma en Jap\u00f3n.<\/p>\n\n\n\n<p>Luiz ha estado estudiando el idioma japon\u00e9s desde que ten\u00eda 15 a\u00f1os y tiene mucha experiencia en el \u00e1rea de aprendizaje de idiomas.<\/p>\n\n\n\n<h3 class=\"wp-block-heading\" id=\"o-curso-japones-expresso-e-para-mim\">\u00bfEl curso expr\u00e9s de japon\u00e9s es para m\u00ed?<\/h3>\n\n\n\n<p>Si vas a viajar a Jap\u00f3n pronto o quieres aprender r\u00e1pidamente los conceptos b\u00e1sicos del idioma japon\u00e9s, \u00a1entonces este curso es para ti!<\/p>\n\n\n\n<p>Con lecciones simples para cualquier persona interesada en aprender con la suficiente facilidad para sobrevivir en Jap\u00f3n, como ir de compras, tomar el tren, agradecer a un nativo, etc.<\/p>\n\n\n\n<p>Si est\u00e1 interesado en aprender de manera muy eficiente los conceptos b\u00e1sicos para mantener una conversaci\u00f3n sobre lo que necesitar\u00e1 en su viaje o si desea comenzar desde cero y aprender r\u00e1pidamente los conceptos b\u00e1sicos del idioma, \u00a1entonces este curso es definitivamente para usted!<\/p>\n\n\n\n<h3 class=\"wp-block-heading\" id=\"mais-informacao\">M\u00e1s informaci\u00f3n<\/h3>\n\n\n\n<p>Si quieres saber con m\u00e1s detalle c\u00f3mo funciona el registro, soporte y mucho m\u00e1s haz clic en el siguiente bot\u00f3n:<\/p>\n\n\n\n<p class=\"has-text-align-center\"><a class=\"fasc-button fasc-size-large fasc-type-flat fasc-rounded-medium ico-fa fasc-ico-before fa-mail-forward\" style=\"background-color: #e43f42; color: #ffffff;\" target=\"_blank\" rel=\"noopener noreferrer\" href=\"https:\/\/comoaprenderjapones.net\/es\/en-4\/curso-de-japones-gratis-agosto-de-2020\/\">\u00a1Descubre el Curso Express de Japon\u00e9s haciendo clic aqu\u00ed!<\/a><\/p>\n\n<div style=\"font-size: 0px; height: 0px; line-height: 0px; margin: 0; padding: 0; clear: both;\"><\/div>","protected":false},"excerpt":{"rendered":"<p>Descubre el curso online Japanese express promete ayudarte a salir de cero en el idioma japon\u00e9s y tambi\u00e9n para aquellos que tienen un viaje a Jap\u00f3n.CURSO NO EST\u00c1 DISPONIBLE. Descubre el Curso Completo de Sensei<\/p>","protected":false},"author":1,"featured_media":861,"parent":0,"menu_order":0,"comment_status":"closed","ping_status":"closed","template":"","meta":{"footnotes":""},"class_list":["post-860","page","type-page","status-publish","has-post-thumbnail"],"jetpack-related-posts":[{"id":94,"url":"https:\/\/comoaprenderjapones.net\/es\/programa-japones-online\/","url_meta":{"origin":860,"position":0},"title":"Programa en l\u00ednea de japon\u00e9s + Evento intensivo de japon\u00e9s gratuito","author":"Rafael Avelino","date":"20 de octubre de 2014","format":false,"excerpt":"Conhe\u00e7a o curso de japon\u00eas Programa Japon\u00eas Online do Sensei Luiz Rafael! \u3053\u3093\u306b\u3061\u306f! Est\u00e1 procurando um m\u00e9todo eficiente que te ensine do ZERO a ter um n\u00edvel de flu\u00eancia que possa consumir conte\u00fados totalmente em japon\u00eas? O m\u00e9todo criado pelo Luiz Rafael j\u00e1 passou por muitas atualiza\u00e7\u00f5es e est\u00e1 no\u2026","rel":"","context":"Entrada similar","block_context":{"text":"Entrada similar","link":""},"img":{"alt_text":"Programa Japon\u00eas Online - Intensiv\u00e3o de japon\u00eas","src":"https:\/\/i0.wp.com\/comoaprenderjapones.net\/wp-content\/uploads\/2021\/01\/programa-japones-online-intensivao-de-japones-2021.jpg?fit=1200%2C932&ssl=1&resize=350%2C200","width":350,"height":200,"srcset":"https:\/\/i0.wp.com\/comoaprenderjapones.net\/wp-content\/uploads\/2021\/01\/programa-japones-online-intensivao-de-japones-2021.jpg?fit=1200%2C932&ssl=1&resize=350%2C200 1x, https:\/\/i0.wp.com\/comoaprenderjapones.net\/wp-content\/uploads\/2021\/01\/programa-japones-online-intensivao-de-japones-2021.jpg?fit=1200%2C932&ssl=1&resize=525%2C300 1.5x, https:\/\/i0.wp.com\/comoaprenderjapones.net\/wp-content\/uploads\/2021\/01\/programa-japones-online-intensivao-de-japones-2021.jpg?fit=1200%2C932&ssl=1&resize=700%2C400 2x, https:\/\/i0.wp.com\/comoaprenderjapones.net\/wp-content\/uploads\/2021\/01\/programa-japones-online-intensivao-de-japones-2021.jpg?fit=1200%2C932&ssl=1&resize=1050%2C600 3x"},"classes":[]},{"id":4016,"url":"https:\/\/comoaprenderjapones.net\/es\/curso-japones-club-por-skdesu\/","url_meta":{"origin":860,"position":1},"title":"Curso Japon\u00eas Club por Skdesu","author":"Rafael Avelino","date":"2 de febrero de 2023","format":false,"excerpt":"Advertorial Aprenda a L\u00edngua Japonesa com o Curso Japon\u00eas Club e Tenha a solu\u00e7\u00e3o definitiva para superar qualquer desafio! Mang\u00e1 Death Note Olha s\u00f3 o que voc\u00ea tem no Curso Japon\u00eas Club! + de 140 v\u00eddeo aulas em Alta Defini\u00e7\u00e3o Jogos e Atividades Interativas Pagamento \u00danico (N\u00e3o tem Mensalidades) Acesso\u2026","rel":"","context":"Entrada similar","block_context":{"text":"Entrada similar","link":""},"img":{"alt_text":"","src":"https:\/\/i0.wp.com\/comoaprenderjapones.net\/wp-content\/uploads\/2023\/02\/japones-club-advertorial.jpg?fit=1023%2C499&ssl=1&resize=350%2C200","width":350,"height":200,"srcset":"https:\/\/i0.wp.com\/comoaprenderjapones.net\/wp-content\/uploads\/2023\/02\/japones-club-advertorial.jpg?fit=1023%2C499&ssl=1&resize=350%2C200 1x, https:\/\/i0.wp.com\/comoaprenderjapones.net\/wp-content\/uploads\/2023\/02\/japones-club-advertorial.jpg?fit=1023%2C499&ssl=1&resize=525%2C300 1.5x, https:\/\/i0.wp.com\/comoaprenderjapones.net\/wp-content\/uploads\/2023\/02\/japones-club-advertorial.jpg?fit=1023%2C499&ssl=1&resize=700%2C400 2x"},"classes":[]},{"id":35,"url":"https:\/\/comoaprenderjapones.net\/es\/sobre\/","url_meta":{"origin":860,"position":2},"title":"Acerca de","author":"Rafael Avelino","date":"24 de agosto de 2014","format":false,"excerpt":"Ol\u00e1 Minna! Sou Rafael admin deste site, como vai? Muito obrigado por visitar este site que pretende passar dicas de como aprender japon\u00eas para quem est\u00e1 iniciando, assim como eu. Vamos tentar abordar tudo que possa ajudar no seu aprendizado do idioma japon\u00eas, que vai desde animes,m\u00fasicas,mangas e tamb\u00e9m o\u2026","rel":"","context":"Entrada similar","block_context":{"text":"Entrada similar","link":""},"img":{"alt_text":"","src":"","width":0,"height":0},"classes":[]},{"id":179,"url":"https:\/\/comoaprenderjapones.net\/es\/mapa-site\/","url_meta":{"origin":860,"position":3},"title":"Mapa del sitio","author":"Rafael Avelino","date":"31 de enero de 2015","format":false,"excerpt":"Mapa del sitio Ver todos los art\u00edculos publicados aqu\u00ed sobre C\u00f3mo aprender japon\u00e9s","rel":"","context":"Entrada similar","block_context":{"text":"Entrada similar","link":""},"img":{"alt_text":"","src":"","width":0,"height":0},"classes":[]},{"id":904,"url":"https:\/\/comoaprenderjapones.net\/es\/metodo-fan-art\/","url_meta":{"origin":860,"position":4},"title":"M\u00e9todo Fan Art 3.0 - C\u00f3mo dibujar personajes de anime","author":"Rafael Avelino","date":"15 de febrero de 2017","format":false,"excerpt":"Aprenda a como desenhar personagem de animes mesmo sem ter o \u201cdom\u201d passo a passo com o m\u00e9todo fan art 3.0 criado pela Mayara Rodrigues.\u00a0 Quem gosta da cultura japonesa, principalmente pelos animes, mangas j\u00e1 teve a curiosidade de saber se \u00e9 poss\u00edvel aprender a desenhar aquele personagem favorito mesmo\u2026","rel":"","context":"Entrada similar","block_context":{"text":"Entrada similar","link":""},"img":{"alt_text":"M\u00e9todo Fan Art 3.0 \u2013 Desenhe seu personagem de anime favorito!","src":"https:\/\/i0.wp.com\/comoaprenderjapones.net\/wp-content\/uploads\/2020\/12\/Metod-Fan-Art-3-0-Desenhar-Animes.jpg?fit=1200%2C628&ssl=1&resize=350%2C200","width":350,"height":200,"srcset":"https:\/\/i0.wp.com\/comoaprenderjapones.net\/wp-content\/uploads\/2020\/12\/Metod-Fan-Art-3-0-Desenhar-Animes.jpg?fit=1200%2C628&ssl=1&resize=350%2C200 1x, https:\/\/i0.wp.com\/comoaprenderjapones.net\/wp-content\/uploads\/2020\/12\/Metod-Fan-Art-3-0-Desenhar-Animes.jpg?fit=1200%2C628&ssl=1&resize=525%2C300 1.5x, https:\/\/i0.wp.com\/comoaprenderjapones.net\/wp-content\/uploads\/2020\/12\/Metod-Fan-Art-3-0-Desenhar-Animes.jpg?fit=1200%2C628&ssl=1&resize=700%2C400 2x, https:\/\/i0.wp.com\/comoaprenderjapones.net\/wp-content\/uploads\/2020\/12\/Metod-Fan-Art-3-0-Desenhar-Animes.jpg?fit=1200%2C628&ssl=1&resize=1050%2C600 3x"},"classes":[]},{"id":2786,"url":"https:\/\/comoaprenderjapones.net\/es\/acompanhe\/","url_meta":{"origin":860,"position":5},"title":"seguimiento","author":"Rafael Avelino","date":"12 de junio de 2020","format":false,"excerpt":"Para n\u00e3o perder alguma novidade ou dica logo em seguida vou indicar v\u00e1rias op\u00e7\u00f5es para que voc\u00ea acompanhe o comoaprenderjapones.net da maneira que desejar e que mais goste. Acompanhe pelo Feed Um dos meios mais tradicionais para voc\u00ea receber as novidades instantaneamente quando algo \u00e9 publicado por aqui. Feed do\u2026","rel":"","context":"Entrada similar","block_context":{"text":"Entrada similar","link":""},"img":{"alt_text":"Acompanhe pelo Feedly o comoaprenderjapones.net","src":"https:\/\/i0.wp.com\/comoaprenderjapones.net\/wp-content\/uploads\/2020\/06\/feedly-follow.png?resize=350%2C200&ssl=1","width":350,"height":200},"classes":[]}],"jetpack_sharing_enabled":true,"amp_enabled":true,"_links":{"self":[{"href":"https:\/\/comoaprenderjapones.net\/es\/wp-json\/wp\/v2\/pages\/860","targetHints":{"allow":["GET"]}}],"collection":[{"href":"https:\/\/comoaprenderjapones.net\/es\/wp-json\/wp\/v2\/pages"}],"about":[{"href":"https:\/\/comoaprenderjapones.net\/es\/wp-json\/wp\/v2\/types\/page"}],"author":[{"embeddable":true,"href":"https:\/\/comoaprenderjapones.net\/es\/wp-json\/wp\/v2\/users\/1"}],"replies":[{"embeddable":true,"href":"https:\/\/comoaprenderjapones.net\/es\/wp-json\/wp\/v2\/comments?post=860"}],"version-history":[{"count":0,"href":"https:\/\/comoaprenderjapones.net\/es\/wp-json\/wp\/v2\/pages\/860\/revisions"}],"wp:featuredmedia":[{"embeddable":true,"href":"https:\/\/comoaprenderjapones.net\/es\/wp-json\/wp\/v2\/media\/861"}],"wp:attachment":[{"href":"https:\/\/comoaprenderjapones.net\/es\/wp-json\/wp\/v2\/media?parent=860"}],"curies":[{"name":"wp","href":"https:\/\/api.w.org\/{rel}","templated":true}]}}