{"id":9,"date":"2014-08-24T02:32:54","date_gmt":"2014-08-24T02:32:54","guid":{"rendered":"https:\/\/comoaprenderjapones.net\/?page_id=9"},"modified":"2022-02-07T19:38:46","modified_gmt":"2022-02-07T22:38:46","slug":"politica-de-privacidad","status":"publish","type":"page","link":"https:\/\/comoaprenderjapones.net\/es\/politica-de-privacidade\/","title":{"rendered":"Pol\u00edtica de privacidad"},"content":{"rendered":"<div class=\"8e1faaf5b78323bde134cc169f68f7cc\" data-index=\"2\" style=\"float: none; margin:0px;\">\n<script async src=\"https:\/\/pagead2.googlesyndication.com\/pagead\/js\/adsbygoogle.js?client=ca-pub-0652292147574552\"\r\n     crossorigin=\"anonymous\"><\/script>\r\n<!-- Ads responsivo Inicio Post CAJap -->\r\n<ins class=\"adsbygoogle\"\r\n     style=\"display:block\"\r\n     data-ad-client=\"ca-pub-0652292147574552\"\r\n     data-ad-slot=\"3298668993\"\r\n     data-ad-format=\"auto\"><\/ins>\r\n<script>\r\n     (adsbygoogle = window.adsbygoogle || []).push({});\r\n<\/script>\n<\/div>\n\n<p>Esta Pol\u00edtica de Privacidad fue dise\u00f1ada para garantizar la confidencialidad, privacidad y protecci\u00f3n de los datos personales de los visitantes de este sitio web y de los usuarios de nuestros servicios, protegiendo esta informaci\u00f3n de p\u00e9rdida, mal uso, acceso no autorizado, alteraci\u00f3n y destrucci\u00f3n.<\/p>\n\n\n\n<h2 class=\"wp-block-heading\" id=\"1-coleta-e-uso-das-informacoes\">1. Recopilaci\u00f3n y uso de informaci\u00f3n<\/h2>\n\n\n\n<p>El acceso a este Sitio puede estar sujeto al registro del visitante, momento en el cual se solicitar\u00e1 informaci\u00f3n capaz de identificarlo y permitir el contacto con nuestros usuarios. Al decidir proporcionar sus datos, el usuario declara conocer y aceptar los t\u00e9rminos de esta Pol\u00edtica. El Sitio tambi\u00e9n recibe y almacena autom\u00e1ticamente, a trav\u00e9s de cookies, informaci\u00f3n sobre las actividades del navegador, incluida la direcci\u00f3n IP y la p\u00e1gina a la que se accede. Estos registros de actividad (logs) se utilizar\u00e1n \u00fanicamente con fines estad\u00edsticos y m\u00e9tricos de los servicios prestados.<\/p>\n\n\n\n<h3 class=\"wp-block-heading\" id=\"cookies-e-web-beacons\">Cookies y balizas web<\/h3>\n\n\n\n<p>Usamos&nbsp;<a style=\"font-weight: inherit; font-style: inherit; color: #469db9;\" href=\"https:\/\/pt.wikipedia.org\/wiki\/Cookie\" target=\"_blank\" rel=\"noopener\">Galletas<\/a>&nbsp;para almacenar informaci\u00f3n, como sus preferencias personales, cuando visita el&nbsp;<strong>C\u00f3mo aprender japon\u00e9s<\/strong>. Esto puede incluir una simple ventana emergente o un enlace a varios servicios que brindamos, como foros.<\/p>\n\n\n\n<p>Google usa el nuevo&nbsp;<a style=\"font-weight: inherit; font-style: inherit; color: #469db9;\" href=\"https:\/\/www.doubleclick.com\/privacy\/faq.aspx?ctx=tltp\" target=\"_blank\" rel=\"noopener\">Cookie de DART<\/a>&nbsp;para mostrar anuncios basados en sus intereses y su visita a nuestro blog y otras direcciones web. Puede optar por no utilizar la cookie de DART visitando la p\u00e1gina de anuncios publicitarios de Google y el programa de vigilancia de la empresa.<\/p>\n\n\n\n<p>El usuario es consciente y acepta que la informaci\u00f3n recopilada ser\u00e1 utilizada para los siguientes prop\u00f3sitos: (a) informar sobre nuevos contenidos, noticias y eventos; (b) actualizar la informaci\u00f3n de contacto; (c) optimizar la usabilidad y la experiencia interactiva al navegar por el Sitio; (d) elaborar estad\u00edsticas generales, sin identificar a los usuarios; (e) responder a las propias consultas y solicitudes de los usuarios; y (f) cumplir con determinaciones legales o judiciales. Tambi\u00e9n nos reservamos el derecho de utilizar dichos registros, individualmente, en casos de investigaci\u00f3n de delitos civiles o penales, especialmente cuando existe sospecha de fraude, ataques de piratas inform\u00e1ticos, cambios en el sistema o acceso inadecuado a informaci\u00f3n protegida y datos de registro de otros usuarios.<\/p>\n\n\n\n<h2 class=\"wp-block-heading\" id=\"2-guarda-e-responsabilidade-pelas-informacoes-coletadas\">2. Protecci\u00f3n y responsabilidad por la informaci\u00f3n recopilada<\/h2>\n\n\n\n<p>Cualquier informaci\u00f3n proporcionada por los usuarios ser\u00e1 obtenida y almacenada de acuerdo con los m\u00e1s estrictos est\u00e1ndares de seguridad y confiabilidad. Haremos todo lo posible para mantener la integridad de la informaci\u00f3n que nos proporciona, por lo que no nos responsabilizamos por los da\u00f1os y perjuicios derivados de su acceso y\/o uso por parte de terceros. El acceso a la informaci\u00f3n recopilada est\u00e1 restringido a empleados y personas autorizadas. Quienes hagan uso indebido de esta informaci\u00f3n, en violaci\u00f3n de esta Pol\u00edtica de Privacidad, estar\u00e1n sujetos a sanciones administrativas y disciplinarias, sin perjuicio de las medidas legales aplicables. Salvo determinaci\u00f3n legal o judicial, la informaci\u00f3n de los usuarios registrados en este Sitio nunca ser\u00e1 transferida a terceros ni utilizada para fines distintos a aquellos para los que fueron recabados. Todos los datos personales recabados ser\u00e1n incorporados a la base de datos de este Sitio, siendo responsable de ello el administrador de este sitio.<\/p>\n\n\n\n<h2 class=\"wp-block-heading\" id=\"3-informacoes-opinioes-e-conteudos-gerados-por-terceiros\">3. Informaci\u00f3n, opiniones y contenido generado por terceros<\/h2>\n\n\n\n<p>Este Sitio permite la participaci\u00f3n de los visitantes\/usuarios a trav\u00e9s de comentarios, intercambio de informaci\u00f3n, publicaci\u00f3n de contenidos generados por terceros y difusi\u00f3n de publicidad. Los visitantes, usuarios y anunciantes ya son conscientes de que no deben publicar informaci\u00f3n, opiniones o contenidos inmorales, ilegales, racistas, difamatorios, injuriosos, pornogr\u00e1ficos, delictivos o que violen los derechos de autor. Tambi\u00e9n son conscientes de que la informaci\u00f3n, contenido u opiniones proporcionadas o publicadas libremente en este Sitio, con excepci\u00f3n de la informaci\u00f3n personal solicitada para fines de registro, NO SER\u00c1 CONFIDENCIAL NI PROTEGIDA POR ESTA POL\u00cdTICA DE PRIVACIDAD, y podr\u00e1 ser consultada y accedida libremente por otros. visitantes y usuarios. Tambi\u00e9n est\u00e1n prohibidos los anuncios o cualquier divulgaci\u00f3n sobre productos, servicios o eventos que no respeten la ley, la moral y las buenas costumbres. Los responsables de este Sitio no son responsables de la informaci\u00f3n, opiniones y contenidos generados por terceros, ni de la calidad o veracidad de los productos, servicios o eventos divulgados a trav\u00e9s del Sitio. Cualquier manifestaci\u00f3n, reproducci\u00f3n o publicaci\u00f3n inmoral o ilegal deber\u00e1 ser comunicada a los organizadores de este sitio web y ser\u00e1 retirada inmediatamente. La notificaci\u00f3n debe ser enviada a la direcci\u00f3n de los responsables del sitio.<\/p>\n\n\n\n<h2 class=\"wp-block-heading\" id=\"4-responsabilidade-dos-usuarios\">4. Responsabilidad de los usuarios<\/h2>\n\n\n\n<p>Es responsabilidad del usuario mantener su contrase\u00f1a e inicio de sesi\u00f3n. No se recomienda utilizar contrase\u00f1as obvias como fechas especiales, nombres o secuencias de n\u00fameros. Si el usuario se da cuenta o simplemente sospecha que su contrase\u00f1a ha sido descubierta, tendr\u00e1 que cambiarla en su p\u00e1gina de registro. Estamos comprometidos a proteger la privacidad en l\u00ednea de los ni\u00f1os. Cualquier registro de menores solo se realizar\u00e1 con el prop\u00f3sito de participar en \u00e1reas restringidas del sitio web con contenido educativo. Los datos de los menores solo se utilizar\u00e1n para responder consultas, preguntas acad\u00e9micas, programar conferencias en las escuelas o por razones estad\u00edsticas generales. Tambi\u00e9n recomendamos que el menor est\u00e9 siempre bajo la gu\u00eda y supervisi\u00f3n de sus tutores, quienes podr\u00e1n, en cualquier momento, solicitar la cancelaci\u00f3n del registro. Esta Pol\u00edtica est\u00e1 sujeta a mejoras y mejoras constantes. Por lo tanto recomendamos su consulta peri\u00f3dica.<\/p>\n\n<div style=\"font-size: 0px; height: 0px; line-height: 0px; margin: 0; padding: 0; clear: both;\"><\/div>","protected":false},"excerpt":{"rendered":"<p>Esta Pol\u00edtica de Privacidade foi elaborada visando zelar pela confidencialidade, privacidade e prote\u00e7\u00e3o dos dados pessoais dos visitantes deste site e dos usu\u00e1rios de nossos servi\u00e7os, protegendo essas informa\u00e7\u00f5es de perdas, uso impr\u00f3prio, acesso n\u00e3o<\/p>","protected":false},"author":1,"featured_media":0,"parent":0,"menu_order":0,"comment_status":"closed","ping_status":"closed","template":"","meta":{"footnotes":""},"class_list":["post-9","page","type-page","status-publish"],"jetpack-related-posts":[{"id":4016,"url":"https:\/\/comoaprenderjapones.net\/es\/curso-japones-club-por-skdesu\/","url_meta":{"origin":9,"position":0},"title":"Curso Japon\u00eas Club por Skdesu","author":"Rafael Avelino","date":"2 de febrero de 2023","format":false,"excerpt":"Advertorial Aprenda a L\u00edngua Japonesa com o Curso Japon\u00eas Club e Tenha a solu\u00e7\u00e3o definitiva para superar qualquer desafio! Mang\u00e1 Death Note Olha s\u00f3 o que voc\u00ea tem no Curso Japon\u00eas Club! + de 140 v\u00eddeo aulas em Alta Defini\u00e7\u00e3o Jogos e Atividades Interativas Pagamento \u00danico (N\u00e3o tem Mensalidades) Acesso\u2026","rel":"","context":"Entrada similar","block_context":{"text":"Entrada similar","link":""},"img":{"alt_text":"","src":"https:\/\/i0.wp.com\/comoaprenderjapones.net\/wp-content\/uploads\/2023\/02\/japones-club-advertorial.jpg?fit=1023%2C499&ssl=1&resize=350%2C200","width":350,"height":200,"srcset":"https:\/\/i0.wp.com\/comoaprenderjapones.net\/wp-content\/uploads\/2023\/02\/japones-club-advertorial.jpg?fit=1023%2C499&ssl=1&resize=350%2C200 1x, https:\/\/i0.wp.com\/comoaprenderjapones.net\/wp-content\/uploads\/2023\/02\/japones-club-advertorial.jpg?fit=1023%2C499&ssl=1&resize=525%2C300 1.5x, https:\/\/i0.wp.com\/comoaprenderjapones.net\/wp-content\/uploads\/2023\/02\/japones-club-advertorial.jpg?fit=1023%2C499&ssl=1&resize=700%2C400 2x"},"classes":[]},{"id":179,"url":"https:\/\/comoaprenderjapones.net\/es\/mapa-site\/","url_meta":{"origin":9,"position":1},"title":"Mapa del sitio","author":"Rafael Avelino","date":"31 de enero de 2015","format":false,"excerpt":"Mapa del sitio Ver todos los art\u00edculos publicados aqu\u00ed sobre C\u00f3mo aprender japon\u00e9s","rel":"","context":"Entrada similar","block_context":{"text":"Entrada similar","link":""},"img":{"alt_text":"","src":"","width":0,"height":0},"classes":[]},{"id":860,"url":"https:\/\/comoaprenderjapones.net\/es\/japones-expresso-curso-online-japones\/","url_meta":{"origin":9,"position":2},"title":"Japanese Express: curso de japon\u00e9s en l\u00ednea","author":"Rafael Avelino","date":"14 de noviembre de 2016","format":false,"excerpt":"Conhe\u00e7a curso online japon\u00eas expresso promete te ajudar a sair do zero no idioma japon\u00eas e tamb\u00e9m para quem tem viagem marcada para o Jap\u00e3o. CURSO N\u00c3O EST\u00c1 DISPONIVEL. Conhe\u00e7a o curso Completo do Sensei Luiz Rafael o ???? Programa Japon\u00eas Online! Quem gosta da cultura japonesa, seja animes, mangas,\u2026","rel":"","context":"Entrada similar","block_context":{"text":"Entrada similar","link":""},"img":{"alt_text":"Japon\u00eas Expresso curso online de japon\u00eas","src":"https:\/\/i0.wp.com\/comoaprenderjapones.net\/wp-content\/uploads\/2016\/11\/Japones_Expresso.jpg?fit=1200%2C696&ssl=1&resize=350%2C200","width":350,"height":200,"srcset":"https:\/\/i0.wp.com\/comoaprenderjapones.net\/wp-content\/uploads\/2016\/11\/Japones_Expresso.jpg?fit=1200%2C696&ssl=1&resize=350%2C200 1x, https:\/\/i0.wp.com\/comoaprenderjapones.net\/wp-content\/uploads\/2016\/11\/Japones_Expresso.jpg?fit=1200%2C696&ssl=1&resize=525%2C300 1.5x, https:\/\/i0.wp.com\/comoaprenderjapones.net\/wp-content\/uploads\/2016\/11\/Japones_Expresso.jpg?fit=1200%2C696&ssl=1&resize=700%2C400 2x, https:\/\/i0.wp.com\/comoaprenderjapones.net\/wp-content\/uploads\/2016\/11\/Japones_Expresso.jpg?fit=1200%2C696&ssl=1&resize=1050%2C600 3x"},"classes":[]},{"id":2786,"url":"https:\/\/comoaprenderjapones.net\/es\/acompanhe\/","url_meta":{"origin":9,"position":3},"title":"seguimiento","author":"Rafael Avelino","date":"12 de junio de 2020","format":false,"excerpt":"Para n\u00e3o perder alguma novidade ou dica logo em seguida vou indicar v\u00e1rias op\u00e7\u00f5es para que voc\u00ea acompanhe o comoaprenderjapones.net da maneira que desejar e que mais goste. Acompanhe pelo Feed Um dos meios mais tradicionais para voc\u00ea receber as novidades instantaneamente quando algo \u00e9 publicado por aqui. Feed do\u2026","rel":"","context":"Entrada similar","block_context":{"text":"Entrada similar","link":""},"img":{"alt_text":"Acompanhe pelo Feedly o comoaprenderjapones.net","src":"https:\/\/i0.wp.com\/comoaprenderjapones.net\/wp-content\/uploads\/2020\/06\/feedly-follow.png?resize=350%2C200&ssl=1","width":350,"height":200},"classes":[]},{"id":35,"url":"https:\/\/comoaprenderjapones.net\/es\/sobre\/","url_meta":{"origin":9,"position":4},"title":"Acerca de","author":"Rafael Avelino","date":"24 de agosto de 2014","format":false,"excerpt":"Ol\u00e1 Minna! Sou Rafael admin deste site, como vai? Muito obrigado por visitar este site que pretende passar dicas de como aprender japon\u00eas para quem est\u00e1 iniciando, assim como eu. Vamos tentar abordar tudo que possa ajudar no seu aprendizado do idioma japon\u00eas, que vai desde animes,m\u00fasicas,mangas e tamb\u00e9m o\u2026","rel":"","context":"Entrada similar","block_context":{"text":"Entrada similar","link":""},"img":{"alt_text":"","src":"","width":0,"height":0},"classes":[]},{"id":94,"url":"https:\/\/comoaprenderjapones.net\/es\/programa-japones-online\/","url_meta":{"origin":9,"position":5},"title":"Programa en l\u00ednea de japon\u00e9s + Evento intensivo de japon\u00e9s gratuito","author":"Rafael Avelino","date":"20 de octubre de 2014","format":false,"excerpt":"Conhe\u00e7a o curso de japon\u00eas Programa Japon\u00eas Online do Sensei Luiz Rafael! \u3053\u3093\u306b\u3061\u306f! Est\u00e1 procurando um m\u00e9todo eficiente que te ensine do ZERO a ter um n\u00edvel de flu\u00eancia que possa consumir conte\u00fados totalmente em japon\u00eas? O m\u00e9todo criado pelo Luiz Rafael j\u00e1 passou por muitas atualiza\u00e7\u00f5es e est\u00e1 no\u2026","rel":"","context":"Entrada similar","block_context":{"text":"Entrada similar","link":""},"img":{"alt_text":"Programa Japon\u00eas Online - Intensiv\u00e3o de japon\u00eas","src":"https:\/\/i0.wp.com\/comoaprenderjapones.net\/wp-content\/uploads\/2021\/01\/programa-japones-online-intensivao-de-japones-2021.jpg?fit=1200%2C932&ssl=1&resize=350%2C200","width":350,"height":200,"srcset":"https:\/\/i0.wp.com\/comoaprenderjapones.net\/wp-content\/uploads\/2021\/01\/programa-japones-online-intensivao-de-japones-2021.jpg?fit=1200%2C932&ssl=1&resize=350%2C200 1x, https:\/\/i0.wp.com\/comoaprenderjapones.net\/wp-content\/uploads\/2021\/01\/programa-japones-online-intensivao-de-japones-2021.jpg?fit=1200%2C932&ssl=1&resize=525%2C300 1.5x, https:\/\/i0.wp.com\/comoaprenderjapones.net\/wp-content\/uploads\/2021\/01\/programa-japones-online-intensivao-de-japones-2021.jpg?fit=1200%2C932&ssl=1&resize=700%2C400 2x, https:\/\/i0.wp.com\/comoaprenderjapones.net\/wp-content\/uploads\/2021\/01\/programa-japones-online-intensivao-de-japones-2021.jpg?fit=1200%2C932&ssl=1&resize=1050%2C600 3x"},"classes":[]}],"jetpack_sharing_enabled":false,"amp_enabled":true,"_links":{"self":[{"href":"https:\/\/comoaprenderjapones.net\/es\/wp-json\/wp\/v2\/pages\/9","targetHints":{"allow":["GET"]}}],"collection":[{"href":"https:\/\/comoaprenderjapones.net\/es\/wp-json\/wp\/v2\/pages"}],"about":[{"href":"https:\/\/comoaprenderjapones.net\/es\/wp-json\/wp\/v2\/types\/page"}],"author":[{"embeddable":true,"href":"https:\/\/comoaprenderjapones.net\/es\/wp-json\/wp\/v2\/users\/1"}],"replies":[{"embeddable":true,"href":"https:\/\/comoaprenderjapones.net\/es\/wp-json\/wp\/v2\/comments?post=9"}],"version-history":[{"count":0,"href":"https:\/\/comoaprenderjapones.net\/es\/wp-json\/wp\/v2\/pages\/9\/revisions"}],"wp:attachment":[{"href":"https:\/\/comoaprenderjapones.net\/es\/wp-json\/wp\/v2\/media?parent=9"}],"curies":[{"name":"wp","href":"https:\/\/api.w.org\/{rel}","templated":true}]}}