{"id":904,"date":"2017-02-15T20:39:01","date_gmt":"2017-02-15T22:39:01","guid":{"rendered":"https:\/\/comoaprenderjapones.net\/?page_id=904"},"modified":"2022-09-05T15:01:47","modified_gmt":"2022-09-05T18:01:47","slug":"metodo-fan-art","status":"publish","type":"page","link":"https:\/\/comoaprenderjapones.net\/es\/metodo-fan-art\/","title":{"rendered":"M\u00e9todo Fan Art 3.0 - C\u00f3mo dibujar personajes de anime"},"content":{"rendered":"<div class=\"8e1faaf5b78323bde134cc169f68f7cc\" data-index=\"2\" style=\"float: none; margin:0px;\">\n<script async src=\"https:\/\/pagead2.googlesyndication.com\/pagead\/js\/adsbygoogle.js?client=ca-pub-0652292147574552\"\r\n     crossorigin=\"anonymous\"><\/script>\r\n<!-- Ads responsivo Inicio Post CAJap -->\r\n<ins class=\"adsbygoogle\"\r\n     style=\"display:block\"\r\n     data-ad-client=\"ca-pub-0652292147574552\"\r\n     data-ad-slot=\"3298668993\"\r\n     data-ad-format=\"auto\"><\/ins>\r\n<script>\r\n     (adsbygoogle = window.adsbygoogle || []).push({});\r\n<\/script>\n<\/div>\n\n<div class=\"addthis_inline_share_toolbox\"><\/div>\n\n\n\n<p><em>aprender a <strong>c\u00f3mo dibujar personajes de anime<\/strong> incluso sin tener el \"regalo\" paso a paso con el <strong>m\u00e9todo de fan art 3.0 <\/strong>creado por<strong> <\/strong>Mayara Rodrigues.\u00a0<\/em><\/p>\n\n\n\n<p>Aquellos a los que les gusta la cultura japonesa, en especial el anime, los mangas ya han tenido curiosidad por saber si es posible aprender a dibujar ese personaje favorito incluso sin tener una afinidad, el \u201cdon\u201d del dibujo.<\/p>\n\n\n\n<p>El gran problema es que sin un buen m\u00e9todo o alguien que pueda ense\u00f1ar de forma pr\u00e1ctica, es dif\u00edcil aprender por tu cuenta.<\/p>\n\n\n\n\n\n\n<p>Pensando en esto, el <a href=\"https:\/\/comoaprenderjapones.net\/es\/en-4\/conheca-o-metodo-fan-art\/\" target=\"_blank\" rel=\"noopener\">Mayara decidi\u00f3 crear un m\u00e9todo simple<\/a>, pr\u00e1ctico y que se centra en lo realmente importante.<\/p>\n\n\n\n<h2 class=\"wp-block-heading\">\u00bfQu\u00e9 es Fan Art?<\/h2>\n\n\n\n<p>Tu sabes <strong>que es un fan art<\/strong>? Consulte a continuaci\u00f3n para obtener una breve explicaci\u00f3n y tambi\u00e9n obtener m\u00e1s informaci\u00f3n sobre <a href=\"https:\/\/comoaprenderjapones.net\/es\/metodo-fan-art\/\">M\u00e9todo de Fan Art<\/a> que es muy popular en Brasil para aquellos que quieren aprender a dibujar anime:<\/p>\n\n\n\n<blockquote class=\"wp-block-quote is-layout-flow wp-block-quote-is-layout-flow\"><p>Fanart, fan art o incluso Fanart es una obra de arte basada en un personaje, vestuario, art\u00edculo o trabajo bien conocido, que fue creado por fan\u00e1ticos. El t\u00e9rmino se puede aplicar tanto al arte realizado por fan\u00e1ticos de los personajes de ciertos libros, como al arte derivado de medios visuales como c\u00f3mics, pel\u00edculas y \/ o videojuegos. Por lo general, se refiere a obras de arte de artistas aficionados o artistas a los que no se les paga por su trabajo. Es un trabajo realizado por fan\u00e1ticos de su propia imaginaci\u00f3n sobre el trabajo original.<br \/>Fuente:&nbsp;<a href=\"https:\/\/pt.wikipedia.org\/wiki\/Fanart\" target=\"_blank\" rel=\"noopener\">Wikipedia<\/a><\/p><\/blockquote>\n\n\n\n<p>Ahora conozcamos qu\u00e9 es este curso y tambi\u00e9n su creador, m\u00e1s testimonios de quienes lo hicieron y aprobaron.<\/p>\n\n\n\n<h2 class=\"wp-block-heading\">\u00bfQu\u00e9 es el m\u00e9todo Fan Art?<\/h2>\n\n\n\n<p>Un m\u00e9todo creado para ense\u00f1ar a las personas que quieran aprender a dibujar su personaje de anime favorito sin mucha complicaci\u00f3n de una manera bien explicada y did\u00e1ctica paso a paso.<\/p>\n\n\n\n<p>Aprenda a dibujar de manera similar a c\u00f3mo el autor del anime original dibuja el personaje que cre\u00f3.<\/p>\n\n\n\n<h3 class=\"wp-block-heading\"><strong>Creadora de Mayara Rodrigues<\/strong> del curso<\/h3>\n\n\n<div class=\"wp-block-image\">\n<figure class=\"alignleft\"><a href=\"https:\/\/comoaprenderjapones.net\/es\/en-4\/conheca-o-metodo-fan-art\/\" rel=\"nofollow noopener\"><img data-recalc-dims=\"1\" decoding=\"async\" width=\"300\" height=\"247\" src=\"https:\/\/i0.wp.com\/comoaprenderjapones.net\/wp-content\/uploads\/2018\/09\/Mayara-Rodrigues.png?resize=300%2C247&#038;ssl=1\" alt=\"Mayara Rodrigues creadora del m\u00e9todo Fan Art\" class=\"wp-image-2430\" srcset=\"https:\/\/i0.wp.com\/comoaprenderjapones.net\/wp-content\/uploads\/2018\/09\/Mayara-Rodrigues.png?resize=300%2C247&amp;ssl=1 300w, https:\/\/i0.wp.com\/comoaprenderjapones.net\/wp-content\/uploads\/2018\/09\/Mayara-Rodrigues.png?w=543&amp;ssl=1 543w\" sizes=\"(max-width: 300px) 100vw, 300px\" \/><\/a><figcaption><strong>Mayara Rodrigues<\/strong> creador del m\u00e9todo fan Art<\/figcaption><\/figure>\n<\/div>\n\n\n<p><strong>Mayara Rodrigues<\/strong>, como muchos brasile\u00f1os, comenz\u00f3 a interesarse por el anime y su favorito era Digimon y con eso lleg\u00f3 el deseo de aprender a dibujar a sus personajes favoritos.<\/p>\n\n\n\n<p>El gran problema es que no evolucion\u00f3 mucho a la hora de dibujar y adem\u00e1s un curso de dibujo no era muy barato y no estaba cerca de su casa.<\/p>\n\n\n\n<p>Luego comenz\u00f3 a comprar revistas que le ense\u00f1aron a dibujar, generalmente m\u00e9todos japoneses.<\/p>\n\n\n\n<p>Despu\u00e9s de mucha lluvia de ideas, fue despu\u00e9s de mucho tiempo, muchos a\u00f1os, que realmente entendi\u00f3 c\u00f3mo dibujar un anime.<\/p>\n\n\n\n<p class=\"has-text-align-center\"><a class=\"fasc-button fasc-size-large fasc-type-popout fasc-rounded-medium ico-fa fasc-ico-before fa-youtube-play\" style=\"background-color: #cc2f1a; color: #ffffff;\" target=\"_blank\" rel=\"nofollow noopener\" href=\"https:\/\/comoaprenderjapones.net\/es\/en-4\/conheca-historia-da-mayara-rodrigues\/\">\u00a1Descubre m\u00e1s detalles de su historia haciendo clic aqu\u00ed!<\/a><\/p>\n\n\n\n<h3 class=\"wp-block-heading\">\u00bfCu\u00e1l es el contenido del m\u00e9todo Fan Art?<\/h3>\n\n\n\n<p>El curso no se atasca, va directo a lo que realmente importa, vea solo los temas que ofrece el curso en l\u00ednea <strong>m\u00e9todo de fan art 3.0<\/strong> posee:<\/p>\n\n\n\n<ol class=\"wp-block-list\"><li>An\u00e1lisis de imagen<\/li><li>T\u00e9cnicas de dibujo<\/li><li>Anatom\u00eda facial + variaciones de \u00e1ngulo<\/li><li>Anatom\u00eda del cuerpo y del movimiento<\/li><li>El secreto de hacer cabello anime \/ manga ...<\/li><li>Las manos y los pies perfectos de tu personaje ...<\/li><li>Dise\u00f1ar ropa de personajes<\/li><li>Terminar dibujos con un bol\u00edgrafo<\/li><li>Introducci\u00f3n a la pintura + Luz y Sombra<\/li><\/ol>\n\n\n\n<h3 class=\"wp-block-heading\">Bono de Fan Art Method 3.0<\/h3>\n\n\n\n<p>Y tambien como siempre <strong>+ 5 bonificaciones<\/strong> para mejorar a\u00fan m\u00e1s sus dibujos:<\/p>\n\n\n\n<ul class=\"wp-block-list\"><li>El secreto de dibujar ojos<\/li><li>Calefacci\u00f3n y gui\u00f3n<\/li><li>Usando todos los m\u00f3dulos del curso en un dibujo<\/li><li>Acceso al grupo exclusivo de estudiantes<\/li><li>Certificado de finalizaci\u00f3n<\/li><\/ul>\n\n\n<div class=\"wp-block-image\">\n<figure class=\"aligncenter\"><img data-recalc-dims=\"1\" decoding=\"async\" width=\"900\" height=\"475\" src=\"https:\/\/i0.wp.com\/comoaprenderjapones.net\/wp-content\/uploads\/2017\/02\/Area_de_Membros_Metodo_fan_art.jpg?resize=900%2C475&#038;ssl=1\" alt=\"M\u00e9todo Fan art del \u00e1rea de miembros\" class=\"wp-image-906\" srcset=\"https:\/\/i0.wp.com\/comoaprenderjapones.net\/wp-content\/uploads\/2017\/02\/Area_de_Membros_Metodo_fan_art.jpg?w=900&amp;ssl=1 900w, https:\/\/i0.wp.com\/comoaprenderjapones.net\/wp-content\/uploads\/2017\/02\/Area_de_Membros_Metodo_fan_art.jpg?resize=300%2C158&amp;ssl=1 300w, https:\/\/i0.wp.com\/comoaprenderjapones.net\/wp-content\/uploads\/2017\/02\/Area_de_Membros_Metodo_fan_art.jpg?resize=768%2C405&amp;ssl=1 768w\" sizes=\"(max-width: 900px) 100vw, 900px\" \/><\/figure>\n<\/div>\n\n\n<p>Tambi\u00e9n tendr\u00e1 un grupo cerrado de Facebook para cualquier pregunta que pueda tener con el autor del curso.<\/p>\n\n\n\n<p>Por supuesto que no existe el milagro, pero seguro que aprender\u00e1s de forma pr\u00e1ctica de aquellos que entienden el tema, practicando todos los d\u00edas y viendo en poco tiempo lo r\u00e1pido que est\u00e1s progresando.<\/p>\n\n\n\n<h2 class=\"wp-block-heading\">\u00bfAprender\u00e9 a dibujar personajes de anime?<\/h2>\n\n\n\n<p>Para aquellos que quieren aprender de una manera sencilla que va directo al grano, para que ya saben c\u00f3mo dibujar personajes de anime, entonces el <strong>El m\u00e9todo de fan art funciona<\/strong> \u00a1y es adecuado para ti!<\/p>\n\n\n\n<p>Vea a continuaci\u00f3n a los estudiantes de Mayara que ya est\u00e1n obteniendo excelentes resultados y cumpliendo su sue\u00f1o de aprender a dibujar sus personajes de anime favoritos.<\/p>\n\n\n\n<h3 class=\"wp-block-heading\">Testimonios de estudiantes<\/h3>\n\n\n\n<p>Vea los testimonios hechos por sus estudiantes que demuestran lo felices que estaban al dibujar sus personajes de anime favoritos:<br \/><\/p>\n\n\n<div class=\"message_box announce\"><p><\/p>\n<blockquote><p>Felicitaciones por el curso de Mayara, me pareci\u00f3 muy bueno. Ya se lo he recomendado a varios amigos, merece la pena. Muy directo al grano, ya estoy en el 4\u00ba m\u00f3dulo y la diferencia es absurda de mis dibujos antiguos hasta ahora, cada d\u00eda estoy mejorando. Verdaderas felicitaciones y \u00e9xito para ti. besos<\/p>\n<p><strong>Jo\u00e3o Gabriel Alvarenga<\/strong><\/p><\/blockquote>\n<p><\/p><\/div>\n\n\n<div class=\"message_box announce\"><p><\/p>\n<blockquote><p>\u00a1\u00a1\u00a1Euuu estaba loco queriendo dibujar a Eren Yeager !!! Jaaa hab\u00eda copiado un poco sobre \u00e9l, pero hoy lo dibuj\u00e9 sin ni siquiera mirar !!! Siguiendo todo lo que ense\u00f1aste en el Curso !!!<br \/>\nDemasiado feliz tambi\u00e9n, \u00a1incluso har\u00e9 un p\u00f3ster pronto para poner aqu\u00ed en mi habitaci\u00f3n, jejeje! Gracias Mayy, tu curso apesta !!!<\/p>\n<p><strong>Marcos Vinicius Viana<\/strong><\/p><\/blockquote>\n<p><\/p><\/div>\n\n\n\n<p>Vea tambi\u00e9n los testimonios de los resultados que tuvieron sus alumnos mostrando sus dibujos a continuaci\u00f3n:<br \/><\/p>\n\n\n<div class=\"tab_widget wp_shortcodes_tabs\"><ul class=\"wps_tabs\"><li><a href=\"#\" data-tab=\"tab-0-depoimento-jonathan\">Testimonio Jonathan<\/a><\/li><li><a href=\"#\" data-tab=\"tab-1-depoimento-adson\">Testimonio de Adson<\/a><\/li><li><a href=\"#\" data-tab=\"tab-2-depoimento-mika\">Testimonio de Mika<\/a><\/li><\/ul><div class=\"tab_container\"><div id=\"tab-0-depoimento-jonathan\" class=\"tab_content clearfix\"><img data-recalc-dims=\"1\" decoding=\"async\" class=\"size-full wp-image-909 aligncenter\" src=\"https:\/\/i0.wp.com\/comoaprenderjapones.net\/wp-content\/uploads\/2017\/02\/Metodo_fan_art_desenho_aluno-7.jpg?resize=509%2C626&#038;ssl=1\" alt=\"\" width=\"509\" height=\"626\" srcset=\"https:\/\/i0.wp.com\/comoaprenderjapones.net\/wp-content\/uploads\/2017\/02\/Metodo_fan_art_desenho_aluno-7.jpg?w=509&amp;ssl=1 509w, https:\/\/i0.wp.com\/comoaprenderjapones.net\/wp-content\/uploads\/2017\/02\/Metodo_fan_art_desenho_aluno-7.jpg?resize=244%2C300&amp;ssl=1 244w\" sizes=\"(max-width: 509px) 100vw, 509px\" \/>Testimonio de Jonathan sobre el m\u00e9todo Fan Art<\/div><div id=\"tab-1-depoimento-adson\" class=\"tab_content clearfix\"><img data-recalc-dims=\"1\" decoding=\"async\" class=\"size-full wp-image-910 aligncenter\" src=\"https:\/\/i0.wp.com\/comoaprenderjapones.net\/wp-content\/uploads\/2017\/02\/Metodo_fan_art_desenhoaluno7.jpg?resize=495%2C515&#038;ssl=1\" alt=\"\" width=\"495\" height=\"515\" srcset=\"https:\/\/i0.wp.com\/comoaprenderjapones.net\/wp-content\/uploads\/2017\/02\/Metodo_fan_art_desenhoaluno7.jpg?w=495&amp;ssl=1 495w, https:\/\/i0.wp.com\/comoaprenderjapones.net\/wp-content\/uploads\/2017\/02\/Metodo_fan_art_desenhoaluno7.jpg?resize=288%2C300&amp;ssl=1 288w\" sizes=\"(max-width: 495px) 100vw, 495px\" \/>Testimonio de Adson sobre el m\u00e9todo Fan Art<\/div><div id=\"tab-2-depoimento-mika\" class=\"tab_content clearfix\"><\/p>\n<p><img data-recalc-dims=\"1\" decoding=\"async\" class=\"size-full wp-image-914 aligncenter\" src=\"https:\/\/i0.wp.com\/comoaprenderjapones.net\/wp-content\/uploads\/2017\/02\/Metodo_Fan_Art_desenhoaluno5.jpg?resize=516%2C546&#038;ssl=1\" alt=\"\" width=\"516\" height=\"546\" srcset=\"https:\/\/i0.wp.com\/comoaprenderjapones.net\/wp-content\/uploads\/2017\/02\/Metodo_Fan_Art_desenhoaluno5.jpg?w=516&amp;ssl=1 516w, https:\/\/i0.wp.com\/comoaprenderjapones.net\/wp-content\/uploads\/2017\/02\/Metodo_Fan_Art_desenhoaluno5.jpg?resize=284%2C300&amp;ssl=1 284w\" sizes=\"(max-width: 516px) 100vw, 516px\" \/><\/p>\n<p>El testimonio de Mika sobre el m\u00e9todo fan art.<\/p>\n<p><\/div><\/div><\/div><div class=\"clear\"><\/div>\n\n\n\n<h2 class=\"wp-block-heading\">\u00bfFunciona el m\u00e9todo Fan Art?<\/h2>\n\n\n\n<p>\u00a1Por supuesto! Si has visto el <a href=\"https:\/\/comoaprenderjapones.net\/es\/metodo-fan-art\/#depoimentos-dos-alunos\">testimonios de estudiantes<\/a> Ya te habr\u00e1s dado cuenta de que adem\u00e1s de simple y muy did\u00e1ctica, Mayara Rodrigues sabe de lo que est\u00e1 hablando \/ haciendo.<\/p>\n\n\n\n<p>Ver\u00e1s videos de clases divididos en m\u00f3dulos para que puedas evolucionar y poner en pr\u00e1ctica todo lo aprendido de manera f\u00e1cil y sin perder mucho tiempo.<\/p>\n\n\n\n<p>\u00bfEst\u00e1s convencido de que aunque nunca hayas dibujado antes, pr\u00e1cticamente puedes aprender las t\u00e9cnicas para empezar a dibujar personajes de anime ahora?<\/p>\n\n\n\n<p class=\"has-text-align-center\"><a class=\"fasc-button fasc-size-large fasc-type-glossy fasc-rounded-medium ico-fa fasc-ico-before fa-share-square-o\" style=\"background-color: #48aa3f; color: #ffffff;\" target=\"_blank\" rel=\"nofollow noopener\" href=\"https:\/\/comoaprenderjapones.net\/es\/en-4\/conheca-o-metodo-fan-art\/\">\u00a1Descubra el M\u00e9todo AHORA y por qu\u00e9 es tan popular en estos d\u00edas!<\/a><\/p>\n\n\n\n<h2 class=\"wp-block-heading\">Preguntas frecuentes<\/h2>\n\n\n<div id=\"rank-math-faq\" class=\"rank-math-block\">\n<div class=\"rank-math-list\">\n<div id=\"faq-question-1662400697637\" class=\"rank-math-list-item\">\n<h3 class=\"rank-math-question\"><strong>\u00bfEl curso me funciona?<\/strong><\/h3>\n<div class=\"rank-math-answer\">\n\n<p>Si tienes 8 a\u00f1os, 16 a\u00f1os o incluso 40 a\u00f1os (sin importar la edad) y quieres aprender a dibujar personajes de anime y manga, \u00a1este curso es para ti!<\/p>\n\n<\/div>\n<\/div>\n<div id=\"faq-question-1662400711600\" class=\"rank-math-list-item\">\n<h3 class=\"rank-math-question\"><strong>\u00bfQu\u00e9 incluye el m\u00e9todo Fan Art?<\/strong><\/h3>\n<div class=\"rank-math-answer\">\n\n<p>Hay m\u00e1s de 35 lecciones en video m\u00e1s audios y textos.<\/p>\n\n<\/div>\n<\/div>\n<div id=\"faq-question-1662400722590\" class=\"rank-math-list-item\">\n<h3 class=\"rank-math-question\"><strong>\u00bfCu\u00e1l es el plazo para acceder al curso?<\/strong><\/h3>\n<div class=\"rank-math-answer\">\n\n<p>El acceso es de por vida, es decir, por tiempo indefinido.<\/p>\n\n<\/div>\n<\/div>\n<div id=\"faq-question-1662400736069\" class=\"rank-math-list-item\">\n<h3 class=\"rank-math-question\"><strong>\u00bfPuedo pagar el curso a plazos?<\/strong><\/h3>\n<div class=\"rank-math-answer\">\n\n<p>S\u00ed, puede dividir el curso Fan Art 3.0 en hasta 10 cuotas con su tarjeta de cr\u00e9dito. Incluso puede utilizar 2 tarjetas de cr\u00e9dito si lo desea.<\/p>\n\n<\/div>\n<\/div>\n<div id=\"faq-question-1662400747920\" class=\"rank-math-list-item\">\n<h3 class=\"rank-math-question\"><strong>\u00bfEs seguro comprar el m\u00e9todo Fan Art?<\/strong><\/h3>\n<div class=\"rank-math-answer\">\n\n<p>S\u00ed el\u00a0<a href=\"https:\/\/comoaprenderjapones.net\/es\/en-4\/comprar-metodo-fan-art-3-0-ck\/\" target=\"_blank\" rel=\"noreferrer noopener\">Plataforma Hotmart para realizar el pago<\/a>\u00a0que es muy seguro.<\/p>\n\n<\/div>\n<\/div>\n<div id=\"faq-question-1662400768520\" class=\"rank-math-list-item\">\n<h3 class=\"rank-math-question\"><strong>\u00bfD\u00f3nde puedo hacer mis preguntas?<\/strong><\/h3>\n<div class=\"rank-math-answer\">\n\n<p>Tiene soporte v\u00eda Whatsapp para que respondas tus dudas.<\/p>\n\n<\/div>\n<\/div>\n<div id=\"faq-question-1662400782852\" class=\"rank-math-list-item\">\n<h3 class=\"rank-math-question\"><strong>\u00bfNecesito algo para el curso?<\/strong><\/h3>\n<div class=\"rank-math-answer\">\n\n<p>Una conexi\u00f3n a internet y cosas sencillas como l\u00e1pices entre otras que se mostrar\u00e1n en el curso.<\/p>\n\n<\/div>\n<\/div>\n<div id=\"faq-question-1662400805354\" class=\"rank-math-list-item\">\n<h3 class=\"rank-math-question\"><strong>\u00bfEl curso tiene certificado?<\/strong><\/h3>\n<div class=\"rank-math-answer\">\n\n<p>S\u00ed, tiene un certificado de finalizaci\u00f3n del curso.<\/p>\n\n<\/div>\n<\/div>\n<div id=\"faq-question-1662400813086\" class=\"rank-math-list-item\">\n<h3 class=\"rank-math-question\"><strong>\u00bfEst\u00e1 garantizado el curso?<\/strong><\/h3>\n<div class=\"rank-math-answer\">\n\n<p>S\u00ed, la garant\u00eda es incondicional durante 7 d\u00edas por lo que si no te gusta el curso puedes solicitar la devoluci\u00f3n de tu dinero, con la devoluci\u00f3n del importe total.<\/p>\n\n<\/div>\n<\/div>\n<\/div>\n<\/div>\n\n\n<p><strong>\u00bfTe gust\u00f3 la propina? \u00a1Comparte con tus amigos haciendo clic en los botones de abajo!<\/strong><\/p>\n\n<div style=\"font-size: 0px; height: 0px; line-height: 0px; margin: 0; padding: 0; clear: both;\"><\/div>","protected":false},"excerpt":{"rendered":"<p>Aprenda a como desenhar personagem de animes mesmo sem ter o \u201cdom\u201d passo a passo com o m\u00e9todo fan art 3.0 criado pela Mayara Rodrigues.\u00a0 Quem gosta da cultura japonesa, principalmente pelos animes, mangas j\u00e1<\/p>","protected":false},"author":1,"featured_media":3028,"parent":0,"menu_order":0,"comment_status":"closed","ping_status":"closed","template":"","meta":{"footnotes":""},"class_list":["post-904","page","type-page","status-publish","has-post-thumbnail"],"jetpack-related-posts":[{"id":94,"url":"https:\/\/comoaprenderjapones.net\/es\/programa-japones-online\/","url_meta":{"origin":904,"position":0},"title":"Programa en l\u00ednea de japon\u00e9s + Evento intensivo de japon\u00e9s gratuito","author":"Rafael Avelino","date":"20 de octubre de 2014","format":false,"excerpt":"Conhe\u00e7a o curso de japon\u00eas Programa Japon\u00eas Online do Sensei Luiz Rafael! \u3053\u3093\u306b\u3061\u306f! Est\u00e1 procurando um m\u00e9todo eficiente que te ensine do ZERO a ter um n\u00edvel de flu\u00eancia que possa consumir conte\u00fados totalmente em japon\u00eas? O m\u00e9todo criado pelo Luiz Rafael j\u00e1 passou por muitas atualiza\u00e7\u00f5es e est\u00e1 no\u2026","rel":"","context":"Entrada similar","block_context":{"text":"Entrada similar","link":""},"img":{"alt_text":"Programa Japon\u00eas Online - Intensiv\u00e3o de japon\u00eas","src":"https:\/\/i0.wp.com\/comoaprenderjapones.net\/wp-content\/uploads\/2021\/01\/programa-japones-online-intensivao-de-japones-2021.jpg?fit=1200%2C932&ssl=1&resize=350%2C200","width":350,"height":200,"srcset":"https:\/\/i0.wp.com\/comoaprenderjapones.net\/wp-content\/uploads\/2021\/01\/programa-japones-online-intensivao-de-japones-2021.jpg?fit=1200%2C932&ssl=1&resize=350%2C200 1x, https:\/\/i0.wp.com\/comoaprenderjapones.net\/wp-content\/uploads\/2021\/01\/programa-japones-online-intensivao-de-japones-2021.jpg?fit=1200%2C932&ssl=1&resize=525%2C300 1.5x, https:\/\/i0.wp.com\/comoaprenderjapones.net\/wp-content\/uploads\/2021\/01\/programa-japones-online-intensivao-de-japones-2021.jpg?fit=1200%2C932&ssl=1&resize=700%2C400 2x, https:\/\/i0.wp.com\/comoaprenderjapones.net\/wp-content\/uploads\/2021\/01\/programa-japones-online-intensivao-de-japones-2021.jpg?fit=1200%2C932&ssl=1&resize=1050%2C600 3x"},"classes":[]},{"id":35,"url":"https:\/\/comoaprenderjapones.net\/es\/sobre\/","url_meta":{"origin":904,"position":1},"title":"Acerca de","author":"Rafael Avelino","date":"24 de agosto de 2014","format":false,"excerpt":"Ol\u00e1 Minna! Sou Rafael admin deste site, como vai? Muito obrigado por visitar este site que pretende passar dicas de como aprender japon\u00eas para quem est\u00e1 iniciando, assim como eu. Vamos tentar abordar tudo que possa ajudar no seu aprendizado do idioma japon\u00eas, que vai desde animes,m\u00fasicas,mangas e tamb\u00e9m o\u2026","rel":"","context":"Entrada similar","block_context":{"text":"Entrada similar","link":""},"img":{"alt_text":"","src":"","width":0,"height":0},"classes":[]},{"id":860,"url":"https:\/\/comoaprenderjapones.net\/es\/japones-expresso-curso-online-japones\/","url_meta":{"origin":904,"position":2},"title":"Japanese Express: curso de japon\u00e9s en l\u00ednea","author":"Rafael Avelino","date":"14 de noviembre de 2016","format":false,"excerpt":"Conhe\u00e7a curso online japon\u00eas expresso promete te ajudar a sair do zero no idioma japon\u00eas e tamb\u00e9m para quem tem viagem marcada para o Jap\u00e3o. CURSO N\u00c3O EST\u00c1 DISPONIVEL. Conhe\u00e7a o curso Completo do Sensei Luiz Rafael o ???? Programa Japon\u00eas Online! Quem gosta da cultura japonesa, seja animes, mangas,\u2026","rel":"","context":"Entrada similar","block_context":{"text":"Entrada similar","link":""},"img":{"alt_text":"Japon\u00eas Expresso curso online de japon\u00eas","src":"https:\/\/i0.wp.com\/comoaprenderjapones.net\/wp-content\/uploads\/2016\/11\/Japones_Expresso.jpg?fit=1200%2C696&ssl=1&resize=350%2C200","width":350,"height":200,"srcset":"https:\/\/i0.wp.com\/comoaprenderjapones.net\/wp-content\/uploads\/2016\/11\/Japones_Expresso.jpg?fit=1200%2C696&ssl=1&resize=350%2C200 1x, https:\/\/i0.wp.com\/comoaprenderjapones.net\/wp-content\/uploads\/2016\/11\/Japones_Expresso.jpg?fit=1200%2C696&ssl=1&resize=525%2C300 1.5x, https:\/\/i0.wp.com\/comoaprenderjapones.net\/wp-content\/uploads\/2016\/11\/Japones_Expresso.jpg?fit=1200%2C696&ssl=1&resize=700%2C400 2x, https:\/\/i0.wp.com\/comoaprenderjapones.net\/wp-content\/uploads\/2016\/11\/Japones_Expresso.jpg?fit=1200%2C696&ssl=1&resize=1050%2C600 3x"},"classes":[]}],"jetpack_sharing_enabled":true,"amp_enabled":true,"_links":{"self":[{"href":"https:\/\/comoaprenderjapones.net\/es\/wp-json\/wp\/v2\/pages\/904","targetHints":{"allow":["GET"]}}],"collection":[{"href":"https:\/\/comoaprenderjapones.net\/es\/wp-json\/wp\/v2\/pages"}],"about":[{"href":"https:\/\/comoaprenderjapones.net\/es\/wp-json\/wp\/v2\/types\/page"}],"author":[{"embeddable":true,"href":"https:\/\/comoaprenderjapones.net\/es\/wp-json\/wp\/v2\/users\/1"}],"replies":[{"embeddable":true,"href":"https:\/\/comoaprenderjapones.net\/es\/wp-json\/wp\/v2\/comments?post=904"}],"version-history":[{"count":0,"href":"https:\/\/comoaprenderjapones.net\/es\/wp-json\/wp\/v2\/pages\/904\/revisions"}],"wp:featuredmedia":[{"embeddable":true,"href":"https:\/\/comoaprenderjapones.net\/es\/wp-json\/wp\/v2\/media\/3028"}],"wp:attachment":[{"href":"https:\/\/comoaprenderjapones.net\/es\/wp-json\/wp\/v2\/media?parent=904"}],"curies":[{"name":"wp","href":"https:\/\/api.w.org\/{rel}","templated":true}]}}