{"id":94,"date":"2014-10-20T14:59:33","date_gmt":"2014-10-20T16:59:33","guid":{"rendered":"https:\/\/comoaprenderjapones.net\/?page_id=94"},"modified":"2022-02-07T19:04:36","modified_gmt":"2022-02-07T22:04:36","slug":"programa-japones-en-linea","status":"publish","type":"page","link":"https:\/\/comoaprenderjapones.net\/es\/programa-japones-online\/","title":{"rendered":"Programa en l\u00ednea de japon\u00e9s + Evento intensivo de japon\u00e9s gratuito"},"content":{"rendered":"<div class=\"8e1faaf5b78323bde134cc169f68f7cc\" data-index=\"2\" style=\"float: none; margin:0px;\">\n<script async src=\"https:\/\/pagead2.googlesyndication.com\/pagead\/js\/adsbygoogle.js?client=ca-pub-0652292147574552\"\r\n     crossorigin=\"anonymous\"><\/script>\r\n<!-- Ads responsivo Inicio Post CAJap -->\r\n<ins class=\"adsbygoogle\"\r\n     style=\"display:block\"\r\n     data-ad-client=\"ca-pub-0652292147574552\"\r\n     data-ad-slot=\"3298668993\"\r\n     data-ad-format=\"auto\"><\/ins>\r\n<script>\r\n     (adsbygoogle = window.adsbygoogle || []).push({});\r\n<\/script>\n<\/div>\n\n<p><em>Descubre el curso de japon\u00e9s <strong>Programa en l\u00ednea de japon\u00e9s<\/strong> por Sensei Luiz Rafael!<\/em><\/p>\n\n\n\n<p>\u3053\u3093\u306b\u3061\u306f! \u00bfEst\u00e1 buscando un m\u00e9todo eficiente que le ense\u00f1e desde CERO hasta un nivel de fluidez que pueda consumir contenido completamente en japon\u00e9s?<\/p>\n\n\n\n<p>El m\u00e9todo creado por Luiz Rafael ha sufrido muchas actualizaciones y est\u00e1 en el mercado desde hace a\u00f1os y actualmente (2021) es uno de los mejores y m\u00e1s completos cursos de japon\u00e9s en l\u00ednea.<\/p>\n\n\n\n<p class=\"has-background\" style=\"background-color:#fff2f2\"><strong>Resumen del art\u00edculo<br \/><\/strong><a href=\"#lingua-japonesa\">el idioma japones<br \/><\/a><a href=\"#quem-e-luiz-rafael\">\u00bfQui\u00e9n es Luis Rafael?<br \/><\/a><a href=\"#programa-japones-online\">Programa en l\u00ednea japon\u00e9s<br \/><\/a><a href=\"#depoimento-aluno\">Testimonio de estudiante del programa japon\u00e9s en l\u00ednea<br \/><\/a><a href=\"#intensivao-japones\">Japon\u00e9s intensivo<br \/><\/a><a href=\"#abertura-vagas\">\u00bfC\u00f3mo funciona la apertura de vacantes?<\/a><\/p>\n\n\n\n<p>Si te gusta la cultura japonesa por el anime, Tokusatsu, manga, pel\u00edculas, esta es una buena raz\u00f3n para comenzar a verlas sin subt\u00edtulos.<\/p>\n\n\n\n<p>No necesariamente tienen que ser estos, pero viajar, vivir, estudiar en Jap\u00f3n tambi\u00e9n es una excelente raz\u00f3n para querer aprender el idioma japon\u00e9s.<\/p>\n\n\n\n<p>No importa lo que sea, si decidiste aprender el idioma japon\u00e9s, este curso puede ayudarte a lograr ese objetivo.<\/p>\n\n\n\n<h2 class=\"wp-block-heading\" id=\"lingua-japonesa\"><span style=\"color: #e5141b;\">el idioma japones<\/span><\/h2>\n\n\n\n<p><strong>aprende japon\u00e9s<\/strong> No tiene que ser tan dif\u00edcil como muchos, incluso yo mismo, imaginamos. Saber la forma correcta de estudiar hace que sea mucho m\u00e1s f\u00e1cil para ti aprender.<\/p>\n\n\n\n<p>Evidentemente que el <a href=\"https:\/\/pt.wikipedia.org\/wiki\/L%C3%ADngua_japonesa\" target=\"_blank\" rel=\"noopener noreferrer\">lengua japonesa<\/a> no es lo mismo que si fu\u00e9ramos a aprender ingl\u00e9s, porque en el idioma ingl\u00e9s ya estamos familiarizados con las palabras, sin mencionar que usamos muchas en la vida cotidiana, y con muchas pronunciaciones.<\/p>\n\n\n\n<p>En japon\u00e9s, definitivamente tienes que empezar de cero para alcanzar la fluidez con la que has estado so\u00f1ando. Lo &quot;dif\u00edcil&quot; incluso para los principiantes es el alfabeto\/ideograma japon\u00e9s, que son tres:<\/p>\n\n\n\n<ul class=\"wp-block-list\"><li>Hiragana con 46 ideogramas.<\/li><li>Katakana con 46 ideogramas.<\/li><li>Kanji que tiene miles de ideogramas, pero los m\u00e1s usados son aproximadamente 2500 kanji.<\/li><\/ul>\n\n\n\n<p>Tambi\u00e9n tenemos romaji que nos ayuda a leer y pronunciar correctamente los ideogramas y furigana que suele escribirse en hiragana y est\u00e1 encima del kanji describiendo c\u00f3mo se pronuncia.<\/p>\n\n\n\n<p>No tiene que ser tan complicado aprender nihongo, como el <a href=\"https:\/\/comoaprenderjapones.net\/es\/en-4\/aprenda-nihongo\/\" target=\"_blank\" rel=\"noreferrer noopener\">Sensei Luiz Rafael<\/a> dice que necesitamos hacer muchas aportaciones, es decir, todo lo que obtenemos es leer, escuchar.<\/p>\n\n\n<div class=\"gb-button-wrapper gb-button-wrapper-9eef6438\">\n\n<a class=\"gb-button gb-button-62a4c394 gb-button-text\" href=\"https:\/\/comoaprenderjapones.net\/es\/en-4\/aprenda-nihongo\/\" target=\"_blank\" rel=\"nofollow noopener noreferrer\">\u00a1Conoce m\u00e1s sobre el Programa haciendo clic aqu\u00ed!<\/a>\n\n<\/div>\n\n\n<h2 class=\"wp-block-heading\" id=\"quem-e-luiz-rafael\"><span style=\"color: #e5141b;\">\u00bfQui\u00e9n es \u5148\u751f Luiz Rafael?<\/span><\/h2>\n\n\n\n<div class=\"wp-block-image\"><figure class=\"alignleft\"><img data-recalc-dims=\"1\" decoding=\"async\" width=\"371\" height=\"267\" src=\"https:\/\/i0.wp.com\/comoaprenderjapones.net\/wp-content\/uploads\/2014\/10\/Luiz_Rafael_Programa_Japones_Online.png?resize=371%2C267&#038;ssl=1\" alt=\"Luiz Rafael creador del programa japon\u00e9s en l\u00ednea\" class=\"wp-image-95\" title=\"Programa en l\u00ednea de japon\u00e9s\" srcset=\"https:\/\/i0.wp.com\/comoaprenderjapones.net\/wp-content\/uploads\/2014\/10\/Luiz_Rafael_Programa_Japones_Online.png?w=371&amp;ssl=1 371w, https:\/\/i0.wp.com\/comoaprenderjapones.net\/wp-content\/uploads\/2014\/10\/Luiz_Rafael_Programa_Japones_Online.png?resize=300%2C215&amp;ssl=1 300w\" sizes=\"(max-width: 371px) 100vw, 371px\" \/><figcaption><strong>Luiz rafael<\/strong> creador del programa de japon\u00e9s en l\u00ednea<\/figcaption><\/figure><\/div>\n\n\n\n<p>Luiz fue una de las miles de personas que siendo adolescente comenz\u00f3 a despertar inter\u00e9s por la cultura japonesa, ya sea manga, anime, pel\u00edculas, y decidi\u00f3 que aprender\u00eda japon\u00e9s.<\/p>\n\n\n\n<p>Como la gran mayor\u00eda, empez\u00f3 por el camino equivocado, creyendo que alcanzar\u00eda la fluidez, pero no obtuvo resultados satisfactorios asistiendo a cursos presenciales.<\/p>\n\n\n\n<p>Fue entonces cuando busc\u00f3 la manera correcta de aprender un nuevo idioma, y lo mejor lo puso en pr\u00e1ctica para ver si realmente funcionaba.<\/p>\n\n\n\n<p>Lo sorprendente es que tuvo \u00e9xito con este m\u00e9todo y alcanz\u00f3 su objetivo de hablar japon\u00e9s con fluidez.<\/p>\n\n\n\n<h2 class=\"has-text-align-left wp-block-heading\" id=\"programa-japones-online\"><span style=\"color: #e5141b;\">Programa en l\u00ednea japon\u00e9s<\/span><\/h2>\n\n\n\n<p>Pensando en esta necesidad y la frustraci\u00f3n de miles de personas que quieren aprender nihongo, Sensei decidi\u00f3 <a href=\"https:\/\/comoaprenderjapones.net\/es\/en-4\/aprenda-nihongo\/\" target=\"_blank\" rel=\"noreferrer noopener\">crear un curso de japon\u00e9s en l\u00ednea<\/a> para que aprendas mucho m\u00e1s eficientemente.<\/p>\n\n\n\n<p>El m\u00e9todo desarrollado por Sensei Luiz Rafael es extremadamente eficiente. Uno de los pilares es que primero debes aprender a leer para poder comenzar a hacer muchos aportes. Al aprender hiragana y katakana, puedes comenzar a leer mangas, libros, sitios web.<\/p>\n\n\n\n<p>Adem\u00e1s de que el modo de ense\u00f1anza de Sensei es mucho mejor que el de la mayor\u00eda, obtendr\u00e1 un excelente soporte. No deja que te desanimes, siempre te enviar\u00e1 noticias, historias, motivaciones para que no dejes de estudiar para lograr tu objetivo.<\/p>\n\n\n\n<p>El curso no se centra en la gram\u00e1tica, aprendes a tu propio ritmo en un sitio cerrado solo para estudiantes y un portal comunitario.<\/p>\n\n\n\n<h3 class=\"wp-block-heading\" id=\"depoimento-aluno\"><span style=\"color: #e5141b;\">Testimonio: Estudiante del Programa de Japon\u00e9s Online<\/span><\/h3>\n\n\n\n<p>A continuaci\u00f3n, ver\u00e1 la sincera declaraci\u00f3n de Lu\u00eds Eduardo Nunes sobre el curso y la importancia de tomarse los estudios en serio, adem\u00e1s del m\u00e9todo de Luiz, que es m\u00e1s que un <a href=\"https:\/\/comoaprenderjapones.net\/es\/programa-japones-en-linea\/\">Curso de japones<\/a> y la forma m\u00e1s eficaz de estudiar un idioma, mira:<\/p>\n\n\n\n<figure class=\"wp-block-embed is-type-video is-provider-youtube wp-block-embed-youtube wp-embed-aspect-16-9 wp-has-aspect-ratio\"><div class=\"wp-block-embed__wrapper\">\n<iframe title=\"La importancia de c\u00f3mo estudiar japon\u00e9s (Lu\u00eds Eduardo Nunes) | Programa en l\u00ednea de japon\u00e9s\" width=\"1200\" height=\"675\" src=\"https:\/\/www.youtube.com\/embed\/xwTbhm8ASq4?feature=oembed\" frameborder=\"0\" allow=\"accelerometer; autoplay; clipboard-write; encrypted-media; gyroscope; picture-in-picture\" allowfullscreen><\/iframe>\n<\/div><figcaption>Testimonio Eduardo Nunes \u2013 Programa Japon\u00e9s Online<\/figcaption><\/figure>\n\n\n\n<p>como se esperaba el <a href=\"https:\/\/comoaprenderjapones.net\/es\/en-4\/aprenda-nihongo\/\" target=\"_blank\" rel=\"noreferrer noopener\">El programa de japon\u00e9s en l\u00ednea tiene plazas limitadas<\/a> para que Sensei pueda prestar la debida atenci\u00f3n a todos y aclarar sus dudas.<\/p>\n\n\n\n<h2 class=\"wp-block-heading\" id=\"intensivao-japones\"><span style=\"color: #e5141b;\">Japon\u00e9s intensivo<\/span><\/h2>\n\n\n\n<p>Cada a\u00f1o alrededor de dos (o m\u00e1s) Luiz Rafael realiza el evento llamado <strong>Japon\u00e9s intensivo<\/strong> en el que, a trav\u00e9s de un minicurso gratuito, presenta su metodolog\u00eda para que aprendas japon\u00e9s de forma m\u00e1s f\u00e1cil y eficaz.<\/p>\n\n\n\n<p>Hasta ahora, ya ha habido algunas intensidades del idioma japon\u00e9s, para saber cu\u00e1l es la pr\u00f3xima, solo <a href=\"https:\/\/comoaprenderjapones.net\/es\/en-4\/aprenda-nihongo\/\" target=\"_blank\" rel=\"noreferrer noopener\">haga clic aqu\u00ed<\/a>!<\/p>\n\n\n\n<p><em>Recordando que este evento solo ocurre unas pocas veces al a\u00f1o y puede ser que dependiendo de cuando est\u00e9s leyendo este art\u00edculo ya haya terminado.<\/em><\/p>\n\n\n\n<div class=\"wp-block-image\"><figure class=\"aligncenter size-large\"><img data-recalc-dims=\"1\" decoding=\"async\" width=\"1024\" height=\"318\" src=\"https:\/\/i0.wp.com\/comoaprenderjapones.net\/wp-content\/uploads\/2021\/01\/Intensivao-japones-2021-janeiro.jpg?resize=1024%2C318&#038;ssl=1\" alt=\"Programa en l\u00ednea de japon\u00e9s intensivo de japon\u00e9s\" class=\"wp-image-3146\" srcset=\"https:\/\/i0.wp.com\/comoaprenderjapones.net\/wp-content\/uploads\/2021\/01\/Intensivao-japones-2021-janeiro.jpg?resize=1024%2C318&amp;ssl=1 1024w, https:\/\/i0.wp.com\/comoaprenderjapones.net\/wp-content\/uploads\/2021\/01\/Intensivao-japones-2021-janeiro.jpg?resize=300%2C93&amp;ssl=1 300w, https:\/\/i0.wp.com\/comoaprenderjapones.net\/wp-content\/uploads\/2021\/01\/Intensivao-japones-2021-janeiro.jpg?resize=768%2C239&amp;ssl=1 768w, https:\/\/i0.wp.com\/comoaprenderjapones.net\/wp-content\/uploads\/2021\/01\/Intensivao-japones-2021-janeiro.jpg?resize=150%2C47&amp;ssl=1 150w, https:\/\/i0.wp.com\/comoaprenderjapones.net\/wp-content\/uploads\/2021\/01\/Intensivao-japones-2021-janeiro.jpg?w=1045&amp;ssl=1 1045w\" sizes=\"(max-width: 1024px) 100vw, 1024px\" \/><figcaption>Programa en l\u00ednea de japon\u00e9s intensivo de japon\u00e9s<\/figcaption><\/figure><\/div>\n\n\n\n<p>\u00a1Ya no busque m\u00e1s en Internet c\u00f3mo aprender japon\u00e9s, con el programa de japon\u00e9s en l\u00ednea tendr\u00e1 un sitio cerrado solo para miembros con lecciones en video, folletos, audios y mucho m\u00e1s!<br \/><\/p>\n\n\n\n<p>Recibir\u00e1 una serie de videos gratuitos que cuentan la historia y el m\u00e9todo utilizado por \u305b \u3093 \u305b \u3044 Luiz Rafael y su viaje para alcanzar la fluidez en nihongo.<\/p>\n\n\n\n<h3 class=\"wp-block-heading\" id=\"abertura-vagas\"><span style=\"color: #e5141b;\">\u00bfC\u00f3mo funciona la vacante del programa en l\u00ednea japon\u00e9s?<\/span><\/h3>\n\n\n\n<p>Si sigui\u00f3 la semana NIHONGO, que suele durar 1 semana o m\u00e1s, se muestra c\u00f3mo Luiz ense\u00f1a con su metodolog\u00eda y tambi\u00e9n c\u00f3mo funcionar\u00e1 el soporte.<\/p>\n\n\n\n<p>El curso tiene una duraci\u00f3n de 9 meses, pero tienes otros 9 meses que suman 18 meses de acceso al curso m\u00e1s soporte completo para despejar todas tus dudas con el equipo.<\/p>\n\n\n\n<p>El programa tambi\u00e9n cuenta con un n\u00famero limitado de plazas para que sea posible brindar un apoyo de excelente calidad a cada estudiante.<\/p>\n\n\n\n<p>Recordando que las vacantes suelen terminar en 2 d\u00edas y tambi\u00e9n est\u00e1n abiertas hasta un m\u00e1ximo de 3 d\u00edas, pero las vacantes se agotan antes del \u00faltimo d\u00eda.<\/p>\n\n\n\n<p>Si est\u00e1 interesado en aprender japon\u00e9s con la mejor metodolog\u00eda de Brasil, haga clic en el bot\u00f3n a continuaci\u00f3n:<\/p>\n\n\n<div class=\"gb-button-wrapper gb-button-wrapper-f4deca25\">\n\n<a class=\"gb-button gb-button-7aa7f773 gb-button-text\" href=\"https:\/\/comoaprenderjapones.net\/es\/en-4\/aprenda-nihongo\/\" target=\"_blank\" rel=\"nofollow noopener noreferrer\">\u00a1Descubre c\u00f3mo funcionan las ofertas de trabajo haciendo clic aqu\u00ed!<\/a>\n\n<\/div>\n\n\n<p><strong>\u9811\u5f35\u3063\u3066<\/strong>!<\/p>\n\n<div style=\"font-size: 0px; height: 0px; line-height: 0px; margin: 0; padding: 0; clear: both;\"><\/div>","protected":false},"excerpt":{"rendered":"<p>Conhe\u00e7a o curso de japon\u00eas Programa Japon\u00eas Online do Sensei Luiz Rafael! \u3053\u3093\u306b\u3061\u306f! Est\u00e1 procurando um m\u00e9todo eficiente que te ensine do ZERO a ter um n\u00edvel de flu\u00eancia que possa consumir conte\u00fados totalmente em<\/p>","protected":false},"author":1,"featured_media":3155,"parent":0,"menu_order":0,"comment_status":"closed","ping_status":"closed","template":"","meta":{"footnotes":""},"class_list":["post-94","page","type-page","status-publish","has-post-thumbnail"],"jetpack-related-posts":[],"jetpack_sharing_enabled":true,"amp_enabled":true,"_links":{"self":[{"href":"https:\/\/comoaprenderjapones.net\/es\/wp-json\/wp\/v2\/pages\/94","targetHints":{"allow":["GET"]}}],"collection":[{"href":"https:\/\/comoaprenderjapones.net\/es\/wp-json\/wp\/v2\/pages"}],"about":[{"href":"https:\/\/comoaprenderjapones.net\/es\/wp-json\/wp\/v2\/types\/page"}],"author":[{"embeddable":true,"href":"https:\/\/comoaprenderjapones.net\/es\/wp-json\/wp\/v2\/users\/1"}],"replies":[{"embeddable":true,"href":"https:\/\/comoaprenderjapones.net\/es\/wp-json\/wp\/v2\/comments?post=94"}],"version-history":[{"count":0,"href":"https:\/\/comoaprenderjapones.net\/es\/wp-json\/wp\/v2\/pages\/94\/revisions"}],"wp:featuredmedia":[{"embeddable":true,"href":"https:\/\/comoaprenderjapones.net\/es\/wp-json\/wp\/v2\/media\/3155"}],"wp:attachment":[{"href":"https:\/\/comoaprenderjapones.net\/es\/wp-json\/wp\/v2\/media?parent=94"}],"curies":[{"name":"wp","href":"https:\/\/api.w.org\/{rel}","templated":true}]}}