{"id":9,"date":"2014-08-24T02:32:54","date_gmt":"2014-08-24T02:32:54","guid":{"rendered":"https:\/\/comoaprenderjapones.net\/?page_id=9"},"modified":"2022-02-07T19:38:46","modified_gmt":"2022-02-07T22:38:46","slug":"tietosuojapolitiikka","status":"publish","type":"page","link":"https:\/\/comoaprenderjapones.net\/fi\/politica-de-privacidade\/","title":{"rendered":"Tietosuojak\u00e4yt\u00e4nt\u00f6"},"content":{"rendered":"<div class=\"b9f50a9975cd160d44ef83c5d17bed9a\" data-index=\"2\" style=\"float: none; margin:0px;\">\n<script async src=\"https:\/\/pagead2.googlesyndication.com\/pagead\/js\/adsbygoogle.js?client=ca-pub-0652292147574552\"\r\n     crossorigin=\"anonymous\"><\/script>\r\n<!-- Ads responsivo Inicio Post CAJap -->\r\n<ins class=\"adsbygoogle\"\r\n     style=\"display:block\"\r\n     data-ad-client=\"ca-pub-0652292147574552\"\r\n     data-ad-slot=\"3298668993\"\r\n     data-ad-format=\"auto\"><\/ins>\r\n<script>\r\n     (adsbygoogle = window.adsbygoogle || []).push({});\r\n<\/script>\n<\/div>\n\n<p>T\u00e4m\u00e4 tietosuojak\u00e4yt\u00e4nt\u00f6 on laadittu varmistamaan t\u00e4m\u00e4n sivuston k\u00e4vij\u00f6iden ja palveluidemme k\u00e4ytt\u00e4jien henkil\u00f6tietojen luottamuksellisuus, yksityisyys ja suojaaminen sek\u00e4 suojaamaan n\u00e4it\u00e4 tietoja katoamiselta, v\u00e4\u00e4rink\u00e4yt\u00f6lt\u00e4, luvattomalta k\u00e4yt\u00f6lt\u00e4, muuttamiselta ja tuhoamiselta.<\/p>\n\n\n\n<h2 class=\"wp-block-heading\" id=\"1-coleta-e-uso-das-informacoes\">1. Tietojen ker\u00e4\u00e4minen ja k\u00e4ytt\u00f6<\/h2>\n\n\n\n<p>Sivuston k\u00e4ytt\u00f6 saattaa edellytt\u00e4\u00e4 k\u00e4vij\u00e4n rekister\u00f6itymist\u00e4, jolloin pyydet\u00e4\u00e4n tietoja, joiden avulla k\u00e4vij\u00e4 voidaan tunnistaa ja ottaa yhteytt\u00e4 k\u00e4ytt\u00e4jiimme. P\u00e4\u00e4tt\u00e4ess\u00e4\u00e4n antaa tietonsa k\u00e4ytt\u00e4j\u00e4 ilmoittaa tuntevansa ja hyv\u00e4ksyv\u00e4ns\u00e4 t\u00e4m\u00e4n k\u00e4yt\u00e4nn\u00f6n ehdot.Sivusto vastaanottaa ja tallentaa automaattisesti ev\u00e4steiden avulla tietoja selaimen toiminnasta, mukaan lukien IP-osoite ja k\u00e4ytetyt sivut. N\u00e4it\u00e4 toimintatietoja (lokitietoja) k\u00e4ytet\u00e4\u00e4n ainoastaan tilastollisiin tarkoituksiin ja tarjottujen palvelujen mittareihin.<\/p>\n\n\n\n<h3 class=\"wp-block-heading\" id=\"cookies-e-web-beacons\">Ev\u00e4steet ja verkkomajakat<\/h3>\n\n\n\n<p>K\u00e4yt\u00e4mme&nbsp;<a style=\"font-weight: inherit; font-style: inherit; color: #469db9;\" href=\"https:\/\/pt.wikipedia.org\/wiki\/Cookie\" target=\"_blank\" rel=\"noopener\">ev\u00e4steet<\/a>&nbsp;tallentamaan tietoja, kuten henkil\u00f6kohtaiset mieltymyksesi, kun vierailet sivustolla.&nbsp;<strong>Miten oppia japania<\/strong>. T\u00e4m\u00e4 voi olla yksinkertainen ponnahdusikkuna tai linkki eri palveluissamme, kuten foorumeilla.<\/p>\n\n\n\n<p>Google hy\u00f6dynt\u00e4\u00e4 uutta&nbsp;<a style=\"font-weight: inherit; font-style: inherit; color: #469db9;\" href=\"https:\/\/www.doubleclick.com\/privacy\/faq.aspx?ctx=tltp\" target=\"_blank\" rel=\"noopener\">DART-ev\u00e4ste<\/a>&nbsp;mainosten tarjoaminen kiinnostuksen kohteidesi ja blogissamme ja muilla sivustoilla vierailusi perusteella. Voit kielt\u00e4yty\u00e4 DART-ev\u00e4steen k\u00e4yt\u00f6st\u00e4 vierailemalla Googlen mainossivulla ja yhti\u00f6n valvontaohjelmassa.<\/p>\n\n\n\n<p>K\u00e4ytt\u00e4j\u00e4 on tietoinen ja hyv\u00e4ksyy, ett\u00e4 ker\u00e4ttyj\u00e4 tietoja k\u00e4ytet\u00e4\u00e4n seuraaviin tarkoituksiin: (a) tiedottaminen uudesta sis\u00e4ll\u00f6st\u00e4, uutisista ja tapahtumista; (b) yhteystietojen p\u00e4ivitt\u00e4minen; (c) k\u00e4ytett\u00e4vyyden ja vuorovaikutteisen kokemuksen optimoiminen k\u00e4ytt\u00e4j\u00e4n navigoidessa Sivustolla; (d) yleisten tilastojen laatiminen ilman k\u00e4ytt\u00e4jien tunnistamista; (e) vastaaminen k\u00e4ytt\u00e4jien ep\u00e4ilyihin ja pyynt\u00f6ihin; ja (f) oikeudellisten tai oikeudellisten p\u00e4\u00e4t\u00f6sten noudattaminen. Pid\u00e4t\u00e4mme my\u00f6s oikeuden k\u00e4ytt\u00e4\u00e4 n\u00e4it\u00e4 tietoja yksil\u00f6idysti siviili- tai rikosoikeudellisten rikkomusten tutkimiseen, erityisesti kun ep\u00e4ill\u00e4\u00e4n petoksia, hakkerihy\u00f6kk\u00e4yksi\u00e4, j\u00e4rjestelm\u00e4muutoksia tai ep\u00e4asianmukaista p\u00e4\u00e4sy\u00e4 muiden k\u00e4ytt\u00e4jien suojattuihin tietoihin ja rekister\u00f6intitietoihin.<\/p>\n\n\n\n<h2 class=\"wp-block-heading\" id=\"2-guarda-e-responsabilidade-pelas-informacoes-coletadas\">2. Ker\u00e4ttyjen tietojen s\u00e4ilytt\u00e4minen ja vastuuvelvollisuus<\/h2>\n\n\n\n<p>Kaikki k\u00e4ytt\u00e4jien antamat tiedot hankitaan ja tallennetaan tiukimpien turvallisuus- ja luotettavuusvaatimusten mukaisesti. Pyrimme parhaan kykymme mukaan s\u00e4ilytt\u00e4m\u00e4\u00e4n meille annettujen tietojen eheyden, mink\u00e4 vuoksi emme ole vastuussa vahingoista, jotka aiheutuvat siit\u00e4, ett\u00e4 kolmannet osapuolet p\u00e4\u00e4sev\u00e4t k\u00e4siksi tietoihin ja\/tai k\u00e4ytt\u00e4v\u00e4t niit\u00e4. Ker\u00e4ttyihin tietoihin p\u00e4\u00e4sev\u00e4t k\u00e4siksi vain ty\u00f6ntekij\u00e4t ja valtuutetut henkil\u00f6t. Niille, jotka k\u00e4ytt\u00e4v\u00e4t n\u00e4it\u00e4 tietoja perusteettomasti t\u00e4m\u00e4n tietosuojak\u00e4yt\u00e4nn\u00f6n vastaisesti, voidaan m\u00e4\u00e4r\u00e4t\u00e4 hallinnollisia ja kurinpidollisia seuraamuksia, sovellettavia oikeudellisia toimenpiteit\u00e4 kuitenkaan rajoittamatta. Sivustolle rekister\u00f6ityneiden k\u00e4ytt\u00e4jien tietoja ei koskaan siirret\u00e4 kolmansille osapuolille eik\u00e4 niit\u00e4 k\u00e4ytet\u00e4 muihin tarkoituksiin kuin niihin, joita varten ne on ker\u00e4tty, ellei laillisesta tai oikeudellisesta p\u00e4\u00e4t\u00f6ksest\u00e4 muuta johdu. Kaikki ker\u00e4tyt henkil\u00f6tiedot sis\u00e4llytet\u00e4\u00e4n t\u00e4m\u00e4n sivuston tietokantaan, ja sivuston yll\u00e4pit\u00e4j\u00e4 on niist\u00e4 vastuussa.<\/p>\n\n\n\n<h2 class=\"wp-block-heading\" id=\"3-informacoes-opinioes-e-conteudos-gerados-por-terceiros\">3. Kolmansien osapuolten tuottamat tiedot, mielipiteet ja sis\u00e4lt\u00f6<\/h2>\n\n\n\n<p>T\u00e4m\u00e4 sivusto mahdollistaa k\u00e4vij\u00f6iden\/k\u00e4ytt\u00e4jien osallistumisen kommenttien, tietojenvaihdon, kolmansien osapuolten tuottaman sis\u00e4ll\u00f6n julkaisemisen ja mainosten levitt\u00e4misen kautta. K\u00e4vij\u00e4t, k\u00e4ytt\u00e4j\u00e4t ja mainostajat ovat tietoisia siit\u00e4, ett\u00e4 he eiv\u00e4t saa julkaista tietoa, mielipiteit\u00e4 tai sis\u00e4lt\u00f6\u00e4, joka on moraalitonta, laitonta, rasistista, herjaavaa, loukkaavaa, pornografista, rikollista tai muuta sis\u00e4lt\u00f6\u00e4, joka loukkaa tekij\u00e4n oikeuksia. Olet my\u00f6s tietoinen siit\u00e4, ett\u00e4 kaikki t\u00e4ll\u00e4 Sivustolla annetut tai vapaasti julkaistut tiedot, sis\u00e4lt\u00f6 tai mielipiteet, lukuun ottamatta rekister\u00f6intitarkoituksiin pyydettyj\u00e4 henkil\u00f6tietoja, EIV\u00c4T OLE SAATAVILLA TAI SUOJATTU T\u00c4M\u00c4N TIETOSUOJAPOLITIIKAN S\u00c4\u00c4D\u00d6KSELL\u00c4, ja ett\u00e4 muut k\u00e4vij\u00e4t ja k\u00e4ytt\u00e4j\u00e4t voivat tutustua niihin vapaasti ja tarkastella niit\u00e4. Kiellettyj\u00e4 ovat my\u00f6s mainokset tai kaikki sellaisten tuotteiden, palvelujen tai tapahtumien levitt\u00e4minen, jotka ovat vastoin lakia, moraalia ja hyvi\u00e4 tapoja. Sivustosta vastaavat tahot eiv\u00e4t ole vastuussa kolmansien osapuolten tuottamista tiedoista, mielipiteist\u00e4 ja sis\u00e4ll\u00f6st\u00e4 eiv\u00e4tk\u00e4 sivuston kautta julkistettujen tuotteiden, palvelujen tai tapahtumien laadusta tai todenper\u00e4isyydest\u00e4.  Kaikesta moraalittomasta tai laittomasta ilment\u00e4misest\u00e4, j\u00e4ljent\u00e4misest\u00e4 tai julkaisemisesta on ilmoitettava t\u00e4m\u00e4n sivuston j\u00e4rjest\u00e4jille, ja se poistetaan v\u00e4litt\u00f6m\u00e4sti. Ilmoitus on toimitettava ty\u00f6maasta vastaavien henkil\u00f6iden osoitteeseen.<\/p>\n\n\n\n<h2 class=\"wp-block-heading\" id=\"4-responsabilidade-dos-usuarios\">4. K\u00e4ytt\u00e4jien vastuu<\/h2>\n\n\n\n<p>K\u00e4ytt\u00e4j\u00e4n vastuulla on s\u00e4ilytt\u00e4\u00e4 salasanansa ja k\u00e4ytt\u00e4j\u00e4tunnuksensa. Emme suosittele ilmeisten salasanojen, kuten erityisten p\u00e4iv\u00e4m\u00e4\u00e4rien, nimien tai numerosarjojen k\u00e4ytt\u00f6\u00e4. Jos k\u00e4ytt\u00e4j\u00e4 huomaa tai vain ep\u00e4ilee, ett\u00e4 h\u00e4nen salasanansa on murrettu, h\u00e4nen on vaihdettava se rekister\u00f6intisivullaan. Olemme sitoutuneet suojelemaan lasten yksityisyytt\u00e4 verkossa. Alaik\u00e4iset rekister\u00f6id\u00e4\u00e4n ainoastaan, jotta he voivat osallistua sivuston rajoitetuille alueille, joilla on opetussis\u00e4lt\u00f6\u00e4. Alaik\u00e4isten tietoja k\u00e4ytet\u00e4\u00e4n ainoastaan kyselyihin vastaamiseen, akateemisiin kysymyksiin, koulujen luentojen aikatauluttamiseen tai yleisiin tilastollisiin tarkoituksiin. Suosittelemme my\u00f6s, ett\u00e4 alaik\u00e4iset ovat aina huoltajiensa ohjauksessa ja valvonnassa, ja he voivat milloin tahansa pyyt\u00e4\u00e4 rekister\u00f6innin peruuttamista. T\u00e4t\u00e4 politiikkaa parannetaan ja tarkennetaan jatkuvasti. N\u00e4in ollen suosittelemme sen s\u00e4\u00e4nn\u00f6llist\u00e4 kuulemista.<\/p>\n\n<div style=\"font-size: 0px; height: 0px; line-height: 0px; margin: 0; padding: 0; clear: both;\"><\/div>","protected":false},"excerpt":{"rendered":"<p>Esta Pol\u00edtica de Privacidade foi elaborada visando zelar pela confidencialidade, privacidade e prote\u00e7\u00e3o dos dados pessoais dos visitantes deste site e dos usu\u00e1rios de nossos servi\u00e7os, protegendo essas informa\u00e7\u00f5es de perdas, uso impr\u00f3prio, acesso n\u00e3o<\/p>","protected":false},"author":1,"featured_media":0,"parent":0,"menu_order":0,"comment_status":"closed","ping_status":"closed","template":"","meta":{"footnotes":""},"class_list":["post-9","page","type-page","status-publish"],"jetpack-related-posts":[{"id":4016,"url":"https:\/\/comoaprenderjapones.net\/fi\/curso-japones-club-por-skdesu\/","url_meta":{"origin":9,"position":0},"title":"Curso Japon\u00eas Club por Skdesu","author":"Rafael Avelino","date":"2 de helmikuu de 2023","format":false,"excerpt":"Advertorial Aprenda a L\u00edngua Japonesa com o Curso Japon\u00eas Club e Tenha a solu\u00e7\u00e3o definitiva para superar qualquer desafio! Mang\u00e1 Death Note Olha s\u00f3 o que voc\u00ea tem no Curso Japon\u00eas Club! + de 140 v\u00eddeo aulas em Alta Defini\u00e7\u00e3o Jogos e Atividades Interativas Pagamento \u00danico (N\u00e3o tem Mensalidades) Acesso\u2026","rel":"","context":"Samankaltainen artikkeli","block_context":{"text":"Samankaltainen artikkeli","link":""},"img":{"alt_text":"","src":"https:\/\/i0.wp.com\/comoaprenderjapones.net\/wp-content\/uploads\/2023\/02\/japones-club-advertorial.jpg?fit=1023%2C499&ssl=1&resize=350%2C200","width":350,"height":200,"srcset":"https:\/\/i0.wp.com\/comoaprenderjapones.net\/wp-content\/uploads\/2023\/02\/japones-club-advertorial.jpg?fit=1023%2C499&ssl=1&resize=350%2C200 1x, https:\/\/i0.wp.com\/comoaprenderjapones.net\/wp-content\/uploads\/2023\/02\/japones-club-advertorial.jpg?fit=1023%2C499&ssl=1&resize=525%2C300 1.5x, https:\/\/i0.wp.com\/comoaprenderjapones.net\/wp-content\/uploads\/2023\/02\/japones-club-advertorial.jpg?fit=1023%2C499&ssl=1&resize=700%2C400 2x"},"classes":[]},{"id":179,"url":"https:\/\/comoaprenderjapones.net\/fi\/mapa-site\/","url_meta":{"origin":9,"position":1},"title":"Sivuston kartta","author":"Rafael Avelino","date":"31 de tammikuu de 2015","format":false,"excerpt":"Mapa do Site Veja todos os artigos publicados aqui no Como Aprender Japon\u00eas","rel":"","context":"Samankaltainen artikkeli","block_context":{"text":"Samankaltainen artikkeli","link":""},"img":{"alt_text":"","src":"","width":0,"height":0},"classes":[]},{"id":860,"url":"https:\/\/comoaprenderjapones.net\/fi\/japones-expresso-curso-online-japones\/","url_meta":{"origin":9,"position":2},"title":"Japon\u00eas Expresso: Curso online de japon\u00eas","author":"Rafael Avelino","date":"14 de marraskuu de 2016","format":false,"excerpt":"Conhe\u00e7a curso online japon\u00eas expresso promete te ajudar a sair do zero no idioma japon\u00eas e tamb\u00e9m para quem tem viagem marcada para o Jap\u00e3o. CURSO N\u00c3O EST\u00c1 DISPONIVEL. Conhe\u00e7a o curso Completo do Sensei Luiz Rafael o ???? Programa Japon\u00eas Online! Quem gosta da cultura japonesa, seja animes, mangas,\u2026","rel":"","context":"Samankaltainen artikkeli","block_context":{"text":"Samankaltainen artikkeli","link":""},"img":{"alt_text":"Japon\u00eas Expresso curso online de japon\u00eas","src":"https:\/\/i0.wp.com\/comoaprenderjapones.net\/wp-content\/uploads\/2016\/11\/Japones_Expresso.jpg?fit=1200%2C696&ssl=1&resize=350%2C200","width":350,"height":200,"srcset":"https:\/\/i0.wp.com\/comoaprenderjapones.net\/wp-content\/uploads\/2016\/11\/Japones_Expresso.jpg?fit=1200%2C696&ssl=1&resize=350%2C200 1x, https:\/\/i0.wp.com\/comoaprenderjapones.net\/wp-content\/uploads\/2016\/11\/Japones_Expresso.jpg?fit=1200%2C696&ssl=1&resize=525%2C300 1.5x, https:\/\/i0.wp.com\/comoaprenderjapones.net\/wp-content\/uploads\/2016\/11\/Japones_Expresso.jpg?fit=1200%2C696&ssl=1&resize=700%2C400 2x, https:\/\/i0.wp.com\/comoaprenderjapones.net\/wp-content\/uploads\/2016\/11\/Japones_Expresso.jpg?fit=1200%2C696&ssl=1&resize=1050%2C600 3x"},"classes":[]},{"id":2786,"url":"https:\/\/comoaprenderjapones.net\/fi\/acompanhe\/","url_meta":{"origin":9,"position":3},"title":"Seuraa","author":"Rafael Avelino","date":"12 de kes\u00e4kuu de 2020","format":false,"excerpt":"Para n\u00e3o perder alguma novidade ou dica logo em seguida vou indicar v\u00e1rias op\u00e7\u00f5es para que voc\u00ea acompanhe o comoaprenderjapones.net da maneira que desejar e que mais goste. Acompanhe pelo Feed Um dos meios mais tradicionais para voc\u00ea receber as novidades instantaneamente quando algo \u00e9 publicado por aqui. Feed do\u2026","rel":"","context":"Samankaltainen artikkeli","block_context":{"text":"Samankaltainen artikkeli","link":""},"img":{"alt_text":"Acompanhe pelo Feedly o comoaprenderjapones.net","src":"https:\/\/i0.wp.com\/comoaprenderjapones.net\/wp-content\/uploads\/2020\/06\/feedly-follow.png?resize=350%2C200&ssl=1","width":350,"height":200},"classes":[]},{"id":35,"url":"https:\/\/comoaprenderjapones.net\/fi\/sobre\/","url_meta":{"origin":9,"position":4},"title":"Tietoja","author":"Rafael Avelino","date":"24 de elokuu de 2014","format":false,"excerpt":"Ol\u00e1 Minna! Sou Rafael admin deste site, como vai? Muito obrigado por visitar este site que pretende passar dicas de como aprender japon\u00eas para quem est\u00e1 iniciando, assim como eu. Vamos tentar abordar tudo que possa ajudar no seu aprendizado do idioma japon\u00eas, que vai desde animes,m\u00fasicas,mangas e tamb\u00e9m o\u2026","rel":"","context":"Samankaltainen artikkeli","block_context":{"text":"Samankaltainen artikkeli","link":""},"img":{"alt_text":"","src":"","width":0,"height":0},"classes":[]},{"id":94,"url":"https:\/\/comoaprenderjapones.net\/fi\/programa-japones-online\/","url_meta":{"origin":9,"position":5},"title":"Programa Japon\u00eas Online + Evento gr\u00e1tis Intensiv\u00e3o de japon\u00eas","author":"Rafael Avelino","date":"20 de lokakuu de 2014","format":false,"excerpt":"Conhe\u00e7a o curso de japon\u00eas Programa Japon\u00eas Online do Sensei Luiz Rafael! \u3053\u3093\u306b\u3061\u306f! Est\u00e1 procurando um m\u00e9todo eficiente que te ensine do ZERO a ter um n\u00edvel de flu\u00eancia que possa consumir conte\u00fados totalmente em japon\u00eas? O m\u00e9todo criado pelo Luiz Rafael j\u00e1 passou por muitas atualiza\u00e7\u00f5es e est\u00e1 no\u2026","rel":"","context":"Samankaltainen artikkeli","block_context":{"text":"Samankaltainen artikkeli","link":""},"img":{"alt_text":"Programa Japon\u00eas Online - Intensiv\u00e3o de japon\u00eas","src":"https:\/\/i0.wp.com\/comoaprenderjapones.net\/wp-content\/uploads\/2021\/01\/programa-japones-online-intensivao-de-japones-2021.jpg?fit=1200%2C932&ssl=1&resize=350%2C200","width":350,"height":200,"srcset":"https:\/\/i0.wp.com\/comoaprenderjapones.net\/wp-content\/uploads\/2021\/01\/programa-japones-online-intensivao-de-japones-2021.jpg?fit=1200%2C932&ssl=1&resize=350%2C200 1x, https:\/\/i0.wp.com\/comoaprenderjapones.net\/wp-content\/uploads\/2021\/01\/programa-japones-online-intensivao-de-japones-2021.jpg?fit=1200%2C932&ssl=1&resize=525%2C300 1.5x, https:\/\/i0.wp.com\/comoaprenderjapones.net\/wp-content\/uploads\/2021\/01\/programa-japones-online-intensivao-de-japones-2021.jpg?fit=1200%2C932&ssl=1&resize=700%2C400 2x, https:\/\/i0.wp.com\/comoaprenderjapones.net\/wp-content\/uploads\/2021\/01\/programa-japones-online-intensivao-de-japones-2021.jpg?fit=1200%2C932&ssl=1&resize=1050%2C600 3x"},"classes":[]}],"jetpack_sharing_enabled":false,"amp_enabled":true,"_links":{"self":[{"href":"https:\/\/comoaprenderjapones.net\/fi\/wp-json\/wp\/v2\/pages\/9","targetHints":{"allow":["GET"]}}],"collection":[{"href":"https:\/\/comoaprenderjapones.net\/fi\/wp-json\/wp\/v2\/pages"}],"about":[{"href":"https:\/\/comoaprenderjapones.net\/fi\/wp-json\/wp\/v2\/types\/page"}],"author":[{"embeddable":true,"href":"https:\/\/comoaprenderjapones.net\/fi\/wp-json\/wp\/v2\/users\/1"}],"replies":[{"embeddable":true,"href":"https:\/\/comoaprenderjapones.net\/fi\/wp-json\/wp\/v2\/comments?post=9"}],"version-history":[{"count":0,"href":"https:\/\/comoaprenderjapones.net\/fi\/wp-json\/wp\/v2\/pages\/9\/revisions"}],"wp:attachment":[{"href":"https:\/\/comoaprenderjapones.net\/fi\/wp-json\/wp\/v2\/media?parent=9"}],"curies":[{"name":"wp","href":"https:\/\/api.w.org\/{rel}","templated":true}]}}