{"id":904,"date":"2017-02-15T20:39:01","date_gmt":"2017-02-15T22:39:01","guid":{"rendered":"https:\/\/comoaprenderjapones.net\/?page_id=904"},"modified":"2022-09-05T15:01:47","modified_gmt":"2022-09-05T18:01:47","slug":"fanitaiteen-menetelma","status":"publish","type":"page","link":"https:\/\/comoaprenderjapones.net\/fi\/metodo-fan-art\/","title":{"rendered":"Fan Art Method 3.0 - Kuinka piirt\u00e4\u00e4 anime-hahmoja"},"content":{"rendered":"<div class=\"b9f50a9975cd160d44ef83c5d17bed9a\" data-index=\"2\" style=\"float: none; margin:0px;\">\n<script async src=\"https:\/\/pagead2.googlesyndication.com\/pagead\/js\/adsbygoogle.js?client=ca-pub-0652292147574552\"\r\n     crossorigin=\"anonymous\"><\/script>\r\n<!-- Ads responsivo Inicio Post CAJap -->\r\n<ins class=\"adsbygoogle\"\r\n     style=\"display:block\"\r\n     data-ad-client=\"ca-pub-0652292147574552\"\r\n     data-ad-slot=\"3298668993\"\r\n     data-ad-format=\"auto\"><\/ins>\r\n<script>\r\n     (adsbygoogle = window.adsbygoogle || []).push({});\r\n<\/script>\n<\/div>\n\n<div class=\"addthis_inline_share_toolbox\"><\/div>\n\n\n\n<p><em>Opi miten <strong>miten piirt\u00e4\u00e4 anime-hahmoja<\/strong> jopa ilman vaiheittaista \"lahjaa\", jonka <strong>fanitaide 3.0 menetelm\u00e4 <\/strong>luonut<strong> <\/strong>Mayara Rodrigues.\u00a0<\/em><\/p>\n\n\n\n<p>Kaikki japanilaisesta kulttuurista, erityisesti animen ja mangan parissa viihtyv\u00e4t, ovat olleet uteliaita tiet\u00e4m\u00e4\u00e4n, voiko heid\u00e4n suosikkihahmonsa piirt\u00e4mist\u00e4 oppia, vaikka heill\u00e4 ei olisi siihen affiniteettia, piirt\u00e4misen \"lahjaa\".<\/p>\n\n\n\n<p>Suuri ongelma on se, ett\u00e4 ilman hyv\u00e4\u00e4 menetelm\u00e4\u00e4 tai jotakuta, joka voi opettaa sinua k\u00e4yt\u00e4nn\u00f6nl\u00e4heisesti, on vaikea oppia itse.<\/p>\n\n\n\n\n\n\n<p>T\u00e4t\u00e4 silm\u00e4ll\u00e4 pit\u00e4en <a href=\"https:\/\/comoaprenderjapones.net\/fi\/in\/conheca-o-metodo-fan-art\/\" target=\"_blank\" rel=\"noopener\">Mayara p\u00e4\u00e4tti luoda yksinkertaisen menetelm\u00e4n<\/a>Se on k\u00e4yt\u00e4nn\u00f6llinen ja keskittyy siihen, mik\u00e4 on todella t\u00e4rke\u00e4\u00e4.<\/p>\n\n\n\n<h2 class=\"wp-block-heading\">Mit\u00e4 on fanitaide?<\/h2>\n\n\n\n<p>Sin\u00e4 tied\u00e4t <strong>mit\u00e4 on fanitaide<\/strong>? Alla on lyhyt selitys, ja sen j\u00e4lkeen saat lis\u00e4tietoja seuraavista aiheista <a href=\"https:\/\/comoaprenderjapones.net\/fi\/fanitaiteen-menetelma\/\">Fan Art menetelm\u00e4<\/a> joka on eritt\u00e4in suosittu Brasiliassa niiden keskuudessa, jotka haluavat oppia piirt\u00e4m\u00e4\u00e4n animea:<\/p>\n\n\n\n<blockquote class=\"wp-block-quote is-layout-flow wp-block-quote-is-layout-flow\"><p>Fanitaide, fanitaide tai fanitaide on fanien luoma taideteos, joka perustuu hahmoon, fantasiaan, esineeseen tai tunnettuun teokseen. Termi\u00e4 voidaan k\u00e4ytt\u00e4\u00e4 sek\u00e4 tietyn kirjan tai tiettyjen kirjojen hahmojen fanitaiteeseen ett\u00e4 visuaalisesta mediasta, kuten sarjakuvista, elokuvista ja\/tai videopeleist\u00e4, per\u00e4isin olevaan taiteeseen. Sill\u00e4 viitataan yleens\u00e4 harrastajataiteilijoiden tai taiteilijoiden, joille ei makseta ty\u00f6st\u00e4\u00e4n, tekemiin teoksiin. Se on fanien omasta mielikuvituksestaan tekem\u00e4 teos alkuper\u00e4isest\u00e4 teoksesta.<br \/>L\u00e4hde:&nbsp;<a href=\"https:\/\/pt.wikipedia.org\/wiki\/Fanart\" target=\"_blank\" rel=\"noopener\">Wikipedia<\/a><\/p><\/blockquote>\n\n\n\n<p>Selvitet\u00e4\u00e4n nyt, mist\u00e4 t\u00e4ss\u00e4 kurssissa on kyse, sek\u00e4 sen luoja ja suosittelut ihmisilt\u00e4, jotka ovat ottaneet sen ja hyv\u00e4ksyneet sen.<\/p>\n\n\n\n<h2 class=\"wp-block-heading\">Mik\u00e4 on fanitaiteen menetelm\u00e4?<\/h2>\n\n\n\n<p>Menetelm\u00e4, joka on luotu opettamaan ihmisille, jotka haluavat oppia piirt\u00e4m\u00e4\u00e4n suosikkianimehahahmonsa ilman suurempaa vaivaa hyvin selitetyll\u00e4 ja didaktisella askel askeleelta etenev\u00e4ll\u00e4 prosessilla.<\/p>\n\n\n\n<p>Opettele piirt\u00e4m\u00e4\u00e4n samalla tavalla kuin alkuper\u00e4inen animen tekij\u00e4 piirsi luomansa hahmon.<\/p>\n\n\n\n<h3 class=\"wp-block-heading\"><strong>Mayara Rodrigues luoja<\/strong> kurssin<\/h3>\n\n\n<div class=\"wp-block-image\">\n<figure class=\"alignleft\"><a href=\"https:\/\/comoaprenderjapones.net\/fi\/in\/conheca-o-metodo-fan-art\/\" rel=\"nofollow noopener\"><img data-recalc-dims=\"1\" decoding=\"async\" width=\"300\" height=\"247\" src=\"https:\/\/i0.wp.com\/comoaprenderjapones.net\/wp-content\/uploads\/2018\/09\/Mayara-Rodrigues.png?resize=300%2C247&#038;ssl=1\" alt=\"Mayara Rodrigues fan Art -menetelm\u00e4n luoja\" class=\"wp-image-2430\" srcset=\"https:\/\/i0.wp.com\/comoaprenderjapones.net\/wp-content\/uploads\/2018\/09\/Mayara-Rodrigues.png?resize=300%2C247&amp;ssl=1 300w, https:\/\/i0.wp.com\/comoaprenderjapones.net\/wp-content\/uploads\/2018\/09\/Mayara-Rodrigues.png?w=543&amp;ssl=1 543w\" sizes=\"(max-width: 300px) 100vw, 300px\" \/><\/a><figcaption><strong>Mayara Rodrigues<\/strong> Fan Art -menetelm\u00e4n luoja<\/figcaption><\/figure>\n<\/div>\n\n\n<p><strong>Mayara Rodrigues<\/strong>Monien brasilialaisten tavoin h\u00e4n kiinnostui animesta, ja h\u00e4nen suosikkinsa oli Digimon, mink\u00e4 vuoksi h\u00e4n halusi oppia piirt\u00e4m\u00e4\u00e4n suosikkihahmojaan.<\/p>\n\n\n\n<p>Suurena ongelmana oli, ett\u00e4 h\u00e4n ei edistynyt paljonkaan piirt\u00e4mist\u00e4 yritt\u00e4ess\u00e4\u00e4n, eik\u00e4 piirustuskurssi ollut kovin halpa tai l\u00e4hell\u00e4 h\u00e4nen kotiaan.<\/p>\n\n\n\n<p>Sitten h\u00e4n alkoi ostaa lehti\u00e4, joissa opetettiin piirt\u00e4mist\u00e4, yleens\u00e4 japanilaisia menetelmi\u00e4.<\/p>\n\n\n\n<p>Pitk\u00e4n aivoriihen j\u00e4lkeen h\u00e4n ymm\u00e4rsi vasta pitk\u00e4n ajan, monen vuoden kuluttua, miten animea piirret\u00e4\u00e4n.<\/p>\n\n\n\n<p class=\"has-text-align-center\"><a class=\"fasc-button fasc-size-large fasc-type-popout fasc-rounded-medium ico-fa fasc-ico-before fa-youtube-play\" style=\"background-color: #cc2f1a; color: #ffffff;\" target=\"_blank\" rel=\"nofollow noopener\" href=\"https:\/\/comoaprenderjapones.net\/fi\/in\/conheca-historia-da-mayara-rodrigues\/\">Lue lis\u00e4\u00e4 h\u00e4nen tarinastaan klikkaamalla t\u00e4st\u00e4!<\/a><\/p>\n\n\n\n<h3 class=\"wp-block-heading\">Mik\u00e4 on Fan Art -menetelm\u00e4n sis\u00e4lt\u00f6?<\/h3>\n\n\n\n<p>Kurssilla ei jumiuduta, vaan menn\u00e4\u00e4n suoraan asiaan. Katso verkkokurssilla k\u00e4sitelt\u00e4vi\u00e4 aiheita. <strong>fanitaide 3.0 menetelm\u00e4<\/strong> on:<\/p>\n\n\n\n<ol class=\"wp-block-list\"><li>Kuva-analyysi<\/li><li>Luonnostelutekniikat<\/li><li>Kasvojen anatomia + kulmavaihtelut<\/li><li>Kehon ja liikkeiden anatomia<\/li><li>Animen ja mangan hiusten tekemisen salaisuus...<\/li><li>Hahmosi t\u00e4ydelliset k\u00e4det ja jalat...<\/li><li>Hahmon vaatteiden piirt\u00e4minen<\/li><li>Kyn\u00e4piirustusten viimeistely<\/li><li>Johdatus maalaamiseen + Valo ja varjo<\/li><\/ol>\n\n\n\n<h3 class=\"wp-block-heading\">Fan Art Method 3.0 bonukset<\/h3>\n\n\n\n<p>Ja my\u00f6s kuten tulli <strong>+ 5 bonusta<\/strong> parantaa entisest\u00e4\u00e4n mallejasi:<\/p>\n\n\n\n<ul class=\"wp-block-list\"><li>Silmien piirt\u00e4misen salaisuus<\/li><li>L\u00e4mmitys ja j\u00e4ljitys<\/li><li>Kaikkien kurssimoduulien k\u00e4ytt\u00e4minen yhdess\u00e4 piirroksessa<\/li><li>P\u00e4\u00e4sy eksklusiiviseen opiskelijaryhm\u00e4\u00e4n<\/li><li>Valmistumistodistus<\/li><\/ul>\n\n\n<div class=\"wp-block-image\">\n<figure class=\"aligncenter\"><img data-recalc-dims=\"1\" decoding=\"async\" width=\"900\" height=\"475\" src=\"https:\/\/i0.wp.com\/comoaprenderjapones.net\/wp-content\/uploads\/2017\/02\/Area_de_Membros_Metodo_fan_art.jpg?resize=900%2C475&#038;ssl=1\" alt=\"J\u00e4senalue Fan art menetelm\u00e4\" class=\"wp-image-906\" srcset=\"https:\/\/i0.wp.com\/comoaprenderjapones.net\/wp-content\/uploads\/2017\/02\/Area_de_Membros_Metodo_fan_art.jpg?w=900&amp;ssl=1 900w, https:\/\/i0.wp.com\/comoaprenderjapones.net\/wp-content\/uploads\/2017\/02\/Area_de_Membros_Metodo_fan_art.jpg?resize=300%2C158&amp;ssl=1 300w, https:\/\/i0.wp.com\/comoaprenderjapones.net\/wp-content\/uploads\/2017\/02\/Area_de_Membros_Metodo_fan_art.jpg?resize=768%2C405&amp;ssl=1 768w\" sizes=\"(max-width: 900px) 100vw, 900px\" \/><\/figure>\n<\/div>\n\n\n<p>Sinulla on my\u00f6s suljettu Facebook-ryhm\u00e4, jossa voit esitt\u00e4\u00e4 kysymyksi\u00e4 kurssin kirjoittajan kanssa.<\/p>\n\n\n\n<p>Ihmeit\u00e4 ei tietenk\u00e4\u00e4n ole olemassa, mutta opit varmasti niist\u00e4, jotka tuntevat aiheen, kun harjoittelet joka p\u00e4iv\u00e4 ja n\u00e4et, miten nopeasti edistyt.<\/p>\n\n\n\n<h2 class=\"wp-block-heading\">Aionko oppia piirt\u00e4m\u00e4\u00e4n anime-hahmoja?<\/h2>\n\n\n\n<p>Niille teist\u00e4, jotka haluavat oppia piirt\u00e4m\u00e4\u00e4n anime-hahmoja yksinkertaisella ja suoraviivaisella tavalla, niin <strong>fanitaiteen menetelm\u00e4 toimii<\/strong> ja se on ihanteellinen sinulle!<\/p>\n\n\n\n<p>Tutustu alla oleviin Mayaran oppilaisiin, jotka ovat jo saavuttaneet erinomaisia tuloksia ja toteuttaneet unelmansa oppia piirt\u00e4m\u00e4\u00e4n suosikki anime-hahmojaan.<\/p>\n\n\n\n<h3 class=\"wp-block-heading\">Opiskelijoiden suosittelut<\/h3>\n\n\n\n<p>N\u00e4e oppilaidesi suosittelut, joissa he kertovat, kuinka onnellisia he ovat piirt\u00e4neet suosikkianimehahmojaan:<br \/><\/p>\n\n\n<div class=\"message_box announce\"><p><\/p>\n<blockquote><p>Onnittelut kurssista Mayara, mielest\u00e4ni se oli eritt\u00e4in hyv\u00e4. Olen jo suositellut sit\u00e4 useille yst\u00e4ville, se on sen arvoista. Hyvin suoraan asiaan, olen jo nelj\u00e4nnell\u00e4 moduulilla ja ero on j\u00e4rjet\u00f6n vanhoihin piirustuksiini verrattuna, joka p\u00e4iv\u00e4 paranee. Onnittelut ja menestyst\u00e4 sinulle. Bjs<\/p>\n<p><strong>Jo\u00e3o Gabriel Alvarenga<\/strong><\/p><\/blockquote>\n<p><\/p><\/div>\n\n\n<div class=\"message_box announce\"><p><\/p>\n<blockquote><p>Minulla oli tapana tulla hulluksi, kun halusin piirt\u00e4\u00e4 Eren Yeagerin!!!! Olin jo kopioinut joitakin yli, mutta t\u00e4n\u00e4\u00e4n piirsin h\u00e4net katsomatta!!!! Noudatan kaikkea mit\u00e4 opetit kurssilla!!!!<br \/>\nTooo onnellinen dmais, aion tehd\u00e4 pian julisteen ja laittaa sen t\u00e4nne huoneeseeni hehehe!!!!! Kiitos Mayy, kurssisi on mahtava!!!!<\/p>\n<p><strong>Marcos Vinicius Viana<\/strong><\/p><\/blockquote>\n<p><\/p><\/div>\n\n\n\n<p>Tutustu my\u00f6s alla oleviin suosituksiin, joissa oppilaasi ovat saaneet tuloksia esitt\u00e4m\u00e4ll\u00e4 piirustuksiaan:<br \/><\/p>\n\n\n<div class=\"tab_widget wp_shortcodes_tabs\"><ul class=\"wps_tabs\"><li><a href=\"#\" data-tab=\"tab-0-depoimento-jonathan\">Jonathanin suosittelu<\/a><\/li><li><a href=\"#\" data-tab=\"tab-1-depoimento-adson\">Adson suosittelu<\/a><\/li><li><a href=\"#\" data-tab=\"tab-2-depoimento-mika\">Mika suosittelu<\/a><\/li><\/ul><div class=\"tab_container\"><div id=\"tab-0-depoimento-jonathan\" class=\"tab_content clearfix\"><img data-recalc-dims=\"1\" decoding=\"async\" class=\"size-full wp-image-909 aligncenter\" src=\"https:\/\/i0.wp.com\/comoaprenderjapones.net\/wp-content\/uploads\/2017\/02\/Metodo_fan_art_desenho_aluno-7.jpg?resize=509%2C626&#038;ssl=1\" alt=\"\" width=\"509\" height=\"626\" srcset=\"https:\/\/i0.wp.com\/comoaprenderjapones.net\/wp-content\/uploads\/2017\/02\/Metodo_fan_art_desenho_aluno-7.jpg?w=509&amp;ssl=1 509w, https:\/\/i0.wp.com\/comoaprenderjapones.net\/wp-content\/uploads\/2017\/02\/Metodo_fan_art_desenho_aluno-7.jpg?resize=244%2C300&amp;ssl=1 244w\" sizes=\"(max-width: 509px) 100vw, 509px\" \/>Jonathanin suosittelu fan Art -menetelm\u00e4st\u00e4<\/div><div id=\"tab-1-depoimento-adson\" class=\"tab_content clearfix\"><img data-recalc-dims=\"1\" decoding=\"async\" class=\"size-full wp-image-910 aligncenter\" src=\"https:\/\/i0.wp.com\/comoaprenderjapones.net\/wp-content\/uploads\/2017\/02\/Metodo_fan_art_desenhoaluno7.jpg?resize=495%2C515&#038;ssl=1\" alt=\"\" width=\"495\" height=\"515\" srcset=\"https:\/\/i0.wp.com\/comoaprenderjapones.net\/wp-content\/uploads\/2017\/02\/Metodo_fan_art_desenhoaluno7.jpg?w=495&amp;ssl=1 495w, https:\/\/i0.wp.com\/comoaprenderjapones.net\/wp-content\/uploads\/2017\/02\/Metodo_fan_art_desenhoaluno7.jpg?resize=288%2C300&amp;ssl=1 288w\" sizes=\"(max-width: 495px) 100vw, 495px\" \/>Adsonin suositus fanitaiteen menetelm\u00e4st\u00e4<\/div><div id=\"tab-2-depoimento-mika\" class=\"tab_content clearfix\"><\/p>\n<p><img data-recalc-dims=\"1\" decoding=\"async\" class=\"size-full wp-image-914 aligncenter\" src=\"https:\/\/i0.wp.com\/comoaprenderjapones.net\/wp-content\/uploads\/2017\/02\/Metodo_Fan_Art_desenhoaluno5.jpg?resize=516%2C546&#038;ssl=1\" alt=\"\" width=\"516\" height=\"546\" srcset=\"https:\/\/i0.wp.com\/comoaprenderjapones.net\/wp-content\/uploads\/2017\/02\/Metodo_Fan_Art_desenhoaluno5.jpg?w=516&amp;ssl=1 516w, https:\/\/i0.wp.com\/comoaprenderjapones.net\/wp-content\/uploads\/2017\/02\/Metodo_Fan_Art_desenhoaluno5.jpg?resize=284%2C300&amp;ssl=1 284w\" sizes=\"(max-width: 516px) 100vw, 516px\" \/><\/p>\n<p>Mikan todistus fanitaidemenetelm\u00e4st\u00e4.<\/p>\n<p><\/div><\/div><\/div><div class=\"clear\"><\/div>\n\n\n\n<h2 class=\"wp-block-heading\">Toimiiko fanitaidemenetelm\u00e4?<\/h2>\n\n\n\n<p>Ehdottomasti! Jos olet n\u00e4hnyt <a href=\"https:\/\/comoaprenderjapones.net\/fi\/fanitaiteen-menetelma\/#depoimentos-dos-alunos\">opiskelijoiden suosittelut<\/a> olet jo huomannut, ett\u00e4 Mayara Rodrigues tiet\u00e4\u00e4, mist\u00e4 puhuu, ja ett\u00e4 h\u00e4n pit\u00e4\u00e4 yksinkertaisen ja hyvin didaktisen esityksen.<\/p>\n\n\n\n<p>Katselet moduuleihin jaettuja videotunteja, jotta voit edet\u00e4 ja toteuttaa kaiken oppimasi helposti ja aikaa tuhlaamatta.<\/p>\n\n\n\n<p>Olet vakuuttunut siit\u00e4, ett\u00e4 vaikka et olisikaan koskaan ennen piirt\u00e4nyt, voit oppia tekniikoita, joilla voit aloittaa anime-hahmojen piirt\u00e4misen k\u00e4yt\u00e4nn\u00f6nl\u00e4heisesti!<\/p>\n\n\n\n<p class=\"has-text-align-center\"><a class=\"fasc-button fasc-size-large fasc-type-glossy fasc-rounded-medium ico-fa fasc-ico-before fa-share-square-o\" style=\"background-color: #48aa3f; color: #ffffff;\" target=\"_blank\" rel=\"nofollow noopener\" href=\"https:\/\/comoaprenderjapones.net\/fi\/in\/conheca-o-metodo-fan-art\/\">Tutustu NYT menetelm\u00e4\u00e4n ja siihen, miksi se on nyky\u00e4\u00e4n niin suosittu!<\/a><\/p>\n\n\n\n<h2 class=\"wp-block-heading\">Usein kysytyt kysymykset<\/h2>\n\n\n<div id=\"rank-math-faq\" class=\"rank-math-block\">\n<div class=\"rank-math-list\">\n<div id=\"faq-question-1662400697637\" class=\"rank-math-list-item\">\n<h3 class=\"rank-math-question\"><strong>Onko kurssi sopiva minulle?<\/strong><\/h3>\n<div class=\"rank-math-answer\">\n\n<p>Jos olet 8-vuotias, 16-vuotias tai jopa 40-vuotias (mink\u00e4 ik\u00e4inen tahansa) ja haluat oppia piirt\u00e4m\u00e4\u00e4n anime- ja mangahahmoja, t\u00e4m\u00e4 kurssi on sinulle!<\/p>\n\n<\/div>\n<\/div>\n<div id=\"faq-question-1662400711600\" class=\"rank-math-list-item\">\n<h3 class=\"rank-math-question\"><strong>Mit\u00e4 Fan Art -menetelm\u00e4ss\u00e4 on?<\/strong><\/h3>\n<div class=\"rank-math-answer\">\n\n<p>Mukana on yli 35 videotuntia sek\u00e4 audiot ja tekstit.<\/p>\n\n<\/div>\n<\/div>\n<div id=\"faq-question-1662400722590\" class=\"rank-math-list-item\">\n<h3 class=\"rank-math-question\"><strong>Kuinka kauan kurssi kest\u00e4\u00e4?<\/strong><\/h3>\n<div class=\"rank-math-answer\">\n\n<p>K\u00e4ytt\u00f6oikeus on elinik\u00e4inen eli rajoittamaton.<\/p>\n\n<\/div>\n<\/div>\n<div id=\"faq-question-1662400736069\" class=\"rank-math-list-item\">\n<h3 class=\"rank-math-question\"><strong>Voinko maksaa kurssin osissa?<\/strong><\/h3>\n<div class=\"rank-math-answer\">\n\n<p>Kyll\u00e4, voit maksaa Fan Art Method 3.0 -kurssin jopa 10 er\u00e4ss\u00e4 luottokortillasi. Voit halutessasi k\u00e4ytt\u00e4\u00e4 jopa kahta luottokorttia.<\/p>\n\n<\/div>\n<\/div>\n<div id=\"faq-question-1662400747920\" class=\"rank-math-list-item\">\n<h3 class=\"rank-math-question\"><strong>Onko turvallista ostaa Fan Art -menetelm\u00e4?<\/strong><\/h3>\n<div class=\"rank-math-answer\">\n\n<p>Kyll\u00e4.\u00a0<a href=\"https:\/\/comoaprenderjapones.net\/fi\/in\/comprar-metodo-fan-art-3-0-ck\/\" target=\"_blank\" rel=\"noreferrer noopener\">Hotmart-alusta maksun suorittamiseen<\/a>\u00a0joka on eritt\u00e4in turvallinen.<\/p>\n\n<\/div>\n<\/div>\n<div id=\"faq-question-1662400768520\" class=\"rank-math-list-item\">\n<h3 class=\"rank-math-question\"><strong>Miss\u00e4 voin esitt\u00e4\u00e4 kysymyksi\u00e4?<\/strong><\/h3>\n<div class=\"rank-math-answer\">\n\n<p>Voit kysy\u00e4 kysymyksi\u00e4 Whatsapp-tuella.<\/p>\n\n<\/div>\n<\/div>\n<div id=\"faq-question-1662400782852\" class=\"rank-math-list-item\">\n<h3 class=\"rank-math-question\"><strong>Tarvitsenko mit\u00e4\u00e4n kurssia varten?<\/strong><\/h3>\n<div class=\"rank-math-answer\">\n\n<p>Kurssilla n\u00e4ytet\u00e4\u00e4n muun muassa internet-yhteys ja yksinkertaisia asioita, kuten kyni\u00e4.<\/p>\n\n<\/div>\n<\/div>\n<div id=\"faq-question-1662400805354\" class=\"rank-math-list-item\">\n<h3 class=\"rank-math-question\"><strong>Onko kurssilla todistus?<\/strong><\/h3>\n<div class=\"rank-math-answer\">\n\n<p>Kyll\u00e4, kurssin suorittamisesta annetaan todistus.<\/p>\n\n<\/div>\n<\/div>\n<div id=\"faq-question-1662400813086\" class=\"rank-math-list-item\">\n<h3 class=\"rank-math-question\"><strong>Onko kurssi taattu?<\/strong><\/h3>\n<div class=\"rank-math-answer\">\n\n<p>Kyll\u00e4, takuu on ehdoton 7 p\u00e4iv\u00e4n ajan, joten jos et pid\u00e4 kurssista, voit pyyt\u00e4\u00e4 rahasi takaisin ja saada t\u00e4yden hyvityksen.<\/p>\n\n<\/div>\n<\/div>\n<\/div>\n<\/div>\n\n\n<p><strong>Piditk\u00f6 vinkist\u00e4? Jaa se yst\u00e4viesi kanssa klikkaamalla alla olevia painikkeita!<\/strong><\/p>\n\n<div style=\"font-size: 0px; height: 0px; line-height: 0px; margin: 0; padding: 0; clear: both;\"><\/div>","protected":false},"excerpt":{"rendered":"<p>Aprenda a como desenhar personagem de animes mesmo sem ter o \u201cdom\u201d passo a passo com o m\u00e9todo fan art 3.0 criado pela Mayara Rodrigues.\u00a0 Quem gosta da cultura japonesa, principalmente pelos animes, mangas j\u00e1<\/p>","protected":false},"author":1,"featured_media":3028,"parent":0,"menu_order":0,"comment_status":"closed","ping_status":"closed","template":"","meta":{"footnotes":""},"class_list":["post-904","page","type-page","status-publish","has-post-thumbnail"],"jetpack-related-posts":[{"id":94,"url":"https:\/\/comoaprenderjapones.net\/fi\/programa-japones-online\/","url_meta":{"origin":904,"position":0},"title":"Programa Japon\u00eas Online + Evento gr\u00e1tis Intensiv\u00e3o de japon\u00eas","author":"Rafael Avelino","date":"20 de lokakuu de 2014","format":false,"excerpt":"Conhe\u00e7a o curso de japon\u00eas Programa Japon\u00eas Online do Sensei Luiz Rafael! \u3053\u3093\u306b\u3061\u306f! Est\u00e1 procurando um m\u00e9todo eficiente que te ensine do ZERO a ter um n\u00edvel de flu\u00eancia que possa consumir conte\u00fados totalmente em japon\u00eas? O m\u00e9todo criado pelo Luiz Rafael j\u00e1 passou por muitas atualiza\u00e7\u00f5es e est\u00e1 no\u2026","rel":"","context":"Samankaltainen artikkeli","block_context":{"text":"Samankaltainen artikkeli","link":""},"img":{"alt_text":"Programa Japon\u00eas Online - Intensiv\u00e3o de japon\u00eas","src":"https:\/\/i0.wp.com\/comoaprenderjapones.net\/wp-content\/uploads\/2021\/01\/programa-japones-online-intensivao-de-japones-2021.jpg?fit=1200%2C932&ssl=1&resize=350%2C200","width":350,"height":200,"srcset":"https:\/\/i0.wp.com\/comoaprenderjapones.net\/wp-content\/uploads\/2021\/01\/programa-japones-online-intensivao-de-japones-2021.jpg?fit=1200%2C932&ssl=1&resize=350%2C200 1x, https:\/\/i0.wp.com\/comoaprenderjapones.net\/wp-content\/uploads\/2021\/01\/programa-japones-online-intensivao-de-japones-2021.jpg?fit=1200%2C932&ssl=1&resize=525%2C300 1.5x, https:\/\/i0.wp.com\/comoaprenderjapones.net\/wp-content\/uploads\/2021\/01\/programa-japones-online-intensivao-de-japones-2021.jpg?fit=1200%2C932&ssl=1&resize=700%2C400 2x, https:\/\/i0.wp.com\/comoaprenderjapones.net\/wp-content\/uploads\/2021\/01\/programa-japones-online-intensivao-de-japones-2021.jpg?fit=1200%2C932&ssl=1&resize=1050%2C600 3x"},"classes":[]},{"id":35,"url":"https:\/\/comoaprenderjapones.net\/fi\/sobre\/","url_meta":{"origin":904,"position":1},"title":"Tietoja","author":"Rafael Avelino","date":"24 de elokuu de 2014","format":false,"excerpt":"Ol\u00e1 Minna! Sou Rafael admin deste site, como vai? Muito obrigado por visitar este site que pretende passar dicas de como aprender japon\u00eas para quem est\u00e1 iniciando, assim como eu. Vamos tentar abordar tudo que possa ajudar no seu aprendizado do idioma japon\u00eas, que vai desde animes,m\u00fasicas,mangas e tamb\u00e9m o\u2026","rel":"","context":"Samankaltainen artikkeli","block_context":{"text":"Samankaltainen artikkeli","link":""},"img":{"alt_text":"","src":"","width":0,"height":0},"classes":[]},{"id":860,"url":"https:\/\/comoaprenderjapones.net\/fi\/japones-expresso-curso-online-japones\/","url_meta":{"origin":904,"position":2},"title":"Japon\u00eas Expresso: Curso online de japon\u00eas","author":"Rafael Avelino","date":"14 de marraskuu de 2016","format":false,"excerpt":"Conhe\u00e7a curso online japon\u00eas expresso promete te ajudar a sair do zero no idioma japon\u00eas e tamb\u00e9m para quem tem viagem marcada para o Jap\u00e3o. CURSO N\u00c3O EST\u00c1 DISPONIVEL. Conhe\u00e7a o curso Completo do Sensei Luiz Rafael o ???? Programa Japon\u00eas Online! Quem gosta da cultura japonesa, seja animes, mangas,\u2026","rel":"","context":"Samankaltainen artikkeli","block_context":{"text":"Samankaltainen artikkeli","link":""},"img":{"alt_text":"Japon\u00eas Expresso curso online de japon\u00eas","src":"https:\/\/i0.wp.com\/comoaprenderjapones.net\/wp-content\/uploads\/2016\/11\/Japones_Expresso.jpg?fit=1200%2C696&ssl=1&resize=350%2C200","width":350,"height":200,"srcset":"https:\/\/i0.wp.com\/comoaprenderjapones.net\/wp-content\/uploads\/2016\/11\/Japones_Expresso.jpg?fit=1200%2C696&ssl=1&resize=350%2C200 1x, https:\/\/i0.wp.com\/comoaprenderjapones.net\/wp-content\/uploads\/2016\/11\/Japones_Expresso.jpg?fit=1200%2C696&ssl=1&resize=525%2C300 1.5x, https:\/\/i0.wp.com\/comoaprenderjapones.net\/wp-content\/uploads\/2016\/11\/Japones_Expresso.jpg?fit=1200%2C696&ssl=1&resize=700%2C400 2x, https:\/\/i0.wp.com\/comoaprenderjapones.net\/wp-content\/uploads\/2016\/11\/Japones_Expresso.jpg?fit=1200%2C696&ssl=1&resize=1050%2C600 3x"},"classes":[]}],"jetpack_sharing_enabled":true,"amp_enabled":true,"_links":{"self":[{"href":"https:\/\/comoaprenderjapones.net\/fi\/wp-json\/wp\/v2\/pages\/904","targetHints":{"allow":["GET"]}}],"collection":[{"href":"https:\/\/comoaprenderjapones.net\/fi\/wp-json\/wp\/v2\/pages"}],"about":[{"href":"https:\/\/comoaprenderjapones.net\/fi\/wp-json\/wp\/v2\/types\/page"}],"author":[{"embeddable":true,"href":"https:\/\/comoaprenderjapones.net\/fi\/wp-json\/wp\/v2\/users\/1"}],"replies":[{"embeddable":true,"href":"https:\/\/comoaprenderjapones.net\/fi\/wp-json\/wp\/v2\/comments?post=904"}],"version-history":[{"count":0,"href":"https:\/\/comoaprenderjapones.net\/fi\/wp-json\/wp\/v2\/pages\/904\/revisions"}],"wp:featuredmedia":[{"embeddable":true,"href":"https:\/\/comoaprenderjapones.net\/fi\/wp-json\/wp\/v2\/media\/3028"}],"wp:attachment":[{"href":"https:\/\/comoaprenderjapones.net\/fi\/wp-json\/wp\/v2\/media?parent=904"}],"curies":[{"name":"wp","href":"https:\/\/api.w.org\/{rel}","templated":true}]}}