{"id":2786,"date":"2020-06-12T00:13:06","date_gmt":"2020-06-12T03:13:06","guid":{"rendered":"https:\/\/comoaprenderjapones.net\/?page_id=2786"},"modified":"2021-02-18T00:01:51","modified_gmt":"2021-02-18T03:01:51","slug":"suivre","status":"publish","type":"page","link":"https:\/\/comoaprenderjapones.net\/fr\/acompanhe\/","title":{"rendered":"suivre"},"content":{"rendered":"<div class=\"d5c332bdcbd3300d2a784003ec0610c8\" data-index=\"2\" style=\"float: none; margin:0px;\">\n<script async src=\"https:\/\/pagead2.googlesyndication.com\/pagead\/js\/adsbygoogle.js?client=ca-pub-0652292147574552\"\r\n     crossorigin=\"anonymous\"><\/script>\r\n<!-- Ads responsivo Inicio Post CAJap -->\r\n<ins class=\"adsbygoogle\"\r\n     style=\"display:block\"\r\n     data-ad-client=\"ca-pub-0652292147574552\"\r\n     data-ad-slot=\"3298668993\"\r\n     data-ad-format=\"auto\"><\/ins>\r\n<script>\r\n     (adsbygoogle = window.adsbygoogle || []).push({});\r\n<\/script>\n<\/div>\n\n<p>Pour ne rater aucune actualit\u00e9 ou astuce, je vous indiquerai tout de suite plusieurs options. <strong>suivre comoaprenderjapones.net<\/strong> comme vous le souhaitez et comme vous l&#039;aimez le plus.<\/p>\n\n\n\n<h2 class=\"wp-block-heading\">Suivre par flux<\/h2>\n\n\n\n<p>L&#039;un des moyens les plus traditionnels pour vous de recevoir des nouvelles instantan\u00e9ment lorsque quelque chose est publi\u00e9 ici.<\/p>\n\n\n\n<p>Comment apprendre le japonais <a rel=\"noreferrer noopener\" href=\"https:\/\/comoaprenderjapones.net\/fr\/feed\/\" target=\"_blank\">https:\/\/comoaprenderjapones.net\/feed\/<\/a><\/p>\n\n\n\n<p>Si vous le souhaitez, vous pouvez \u00e9galement suivre Feedly\u00a0:<\/p>\n\n\n\n<div class=\"wp-block-image\"><figure class=\"aligncenter size-large\"><a href=\"https:\/\/feedly.com\/i\/subscription\/feed\/https:\/\/comoaprenderjapones.net\/feed\/\" target=\"_blank\" rel=\"noopener noreferrer\"><img data-recalc-dims=\"1\" decoding=\"async\" width=\"262\" height=\"112\" src=\"https:\/\/i0.wp.com\/comoaprenderjapones.net\/wp-content\/uploads\/2020\/06\/feedly-follow.png?resize=262%2C112&#038;ssl=1\" alt=\"Suivez Feedly comoaprenderjapones.net\" class=\"wp-image-2789\"\/><\/a><\/figure><\/div>\n\n\n\n<h2 class=\"wp-block-heading\">R\u00e9seaux sociaux<\/h2>\n\n\n\n<p>le moyen le plus connu aujourd&#039;hui pour la popularit\u00e9 de sites comme Facebook, Twitter, etc.<\/p>\n\n\n\n<p>Au <strong>t\u00e9l\u00e9gramme<\/strong> Gardez un \u0153il sur les conseils sur les articles, les vid\u00e9os, le contenu li\u00e9 \u00e0 l&#039;apprentissage du japonais et \u00e9galement sur les t\u00e9l\u00e9chargements gratuits de mat\u00e9riel d&#039;\u00e9tude\u00a0:<\/p>\n\n\n\n<p class=\"has-text-align-center\"><a rel=\"noreferrer noopener\" href=\"https:\/\/t.me\/comoaprenderjapones\" target=\"_blank\">&gt;&gt;Cha\u00eene de t\u00e9l\u00e9gramme<\/a><\/p>\n\n\n\n<p>Dans les r\u00e9seaux sociaux ci-dessous, il suit \u00e9galement le m\u00eame raisonnement, mais avec des limitations selon le site :<\/p>\n\n\n\n<p class=\"has-text-align-center\"><a href=\"https:\/\/www.instagram.com\/comoaprenderjapones\/\" target=\"_blank\" rel=\"noreferrer noopener\">A suivre sur Instagram<\/a><\/p>\n\n\n\n<p class=\"has-text-align-center\"><a href=\"https:\/\/br.pinterest.com\/comoaprenderjapones\/\" target=\"_blank\" rel=\"noreferrer noopener\">A suivre sur Pinterest<\/a><\/p>\n\n\n\n<p class=\"has-text-align-center\"><a href=\"https:\/\/twitter.com\/aprendernihon\" target=\"_blank\" rel=\"noreferrer noopener\">Suivre sur Twitter<\/a><\/p>\n\n\n\n<p class=\"has-text-align-center\"><a rel=\"noreferrer noopener\" href=\"https:\/\/www.facebook.com\/comoaprenderjapones\" target=\"_blank\">Petite page sur Facebook <\/a><\/p>\n\n\n\n<p>suivre <a href=\"https:\/\/www.youtube.com\/channel\/UCjxodUsYbBfqO3eZE2UMDZw?sub_confirmation=1\" target=\"_blank\" rel=\"noreferrer noopener\">abonnement \u00e0 la cha\u00eene japonaise comoapreder<\/a> sur Youtube:<\/p>\n\n\n\n<div align=\"center\"><div class=\"g-ytsubscribe\" data-channelid=\"UCjxodUsYbBfqO3eZE2UMDZw\" data-layout=\"full\" data-count=\"default\"><\/div><\/div>\n\n\n\n<p>Merci de l&#039;int\u00e9r\u00eat que vous portez \u00e0 suivre le site. J&#039;esp\u00e8re que c&#039;est d&#039;une grande aide et n&#039;oubliez pas de parrainer vos amis !<\/p>\n\n<div style=\"font-size: 0px; height: 0px; line-height: 0px; margin: 0; padding: 0; clear: both;\"><\/div>","protected":false},"excerpt":{"rendered":"<p>Pour que vous ne manquiez aucune actualit\u00e9 ou conseil, je vous indiquerai bient\u00f4t plusieurs options afin que vous puissiez suivre comoaprenderjapones.net comme vous le souhaitez et en profiter au maximum. Suivez le flux L&#039;un des plus<\/p>","protected":false},"author":1,"featured_media":0,"parent":0,"menu_order":0,"comment_status":"closed","ping_status":"closed","template":"","meta":{"footnotes":""},"class_list":["post-2786","page","type-page","status-publish"],"jetpack-related-posts":[],"jetpack_sharing_enabled":true,"amp_enabled":true,"_links":{"self":[{"href":"https:\/\/comoaprenderjapones.net\/fr\/wp-json\/wp\/v2\/pages\/2786","targetHints":{"allow":["GET"]}}],"collection":[{"href":"https:\/\/comoaprenderjapones.net\/fr\/wp-json\/wp\/v2\/pages"}],"about":[{"href":"https:\/\/comoaprenderjapones.net\/fr\/wp-json\/wp\/v2\/types\/page"}],"author":[{"embeddable":true,"href":"https:\/\/comoaprenderjapones.net\/fr\/wp-json\/wp\/v2\/users\/1"}],"replies":[{"embeddable":true,"href":"https:\/\/comoaprenderjapones.net\/fr\/wp-json\/wp\/v2\/comments?post=2786"}],"version-history":[{"count":0,"href":"https:\/\/comoaprenderjapones.net\/fr\/wp-json\/wp\/v2\/pages\/2786\/revisions"}],"wp:attachment":[{"href":"https:\/\/comoaprenderjapones.net\/fr\/wp-json\/wp\/v2\/media?parent=2786"}],"curies":[{"name":"wp","href":"https:\/\/api.w.org\/{rel}","templated":true}]}}