{"id":860,"date":"2016-11-14T21:13:15","date_gmt":"2016-11-14T23:13:15","guid":{"rendered":"https:\/\/comoaprenderjapones.net\/?page_id=860"},"modified":"2023-02-19T12:30:41","modified_gmt":"2023-02-19T15:30:41","slug":"cours-japonais-express-en-ligne-japonais","status":"publish","type":"page","link":"https:\/\/comoaprenderjapones.net\/fr\/cours-japonais-express-en-ligne-japonais\/","title":{"rendered":"Japanese Express : cours de japonais en ligne"},"content":{"rendered":"<div class=\"d5c332bdcbd3300d2a784003ec0610c8\" data-index=\"2\" style=\"float: none; margin:0px;\">\n<script async src=\"https:\/\/pagead2.googlesyndication.com\/pagead\/js\/adsbygoogle.js?client=ca-pub-0652292147574552\"\r\n     crossorigin=\"anonymous\"><\/script>\r\n<!-- Ads responsivo Inicio Post CAJap -->\r\n<ins class=\"adsbygoogle\"\r\n     style=\"display:block\"\r\n     data-ad-client=\"ca-pub-0652292147574552\"\r\n     data-ad-slot=\"3298668993\"\r\n     data-ad-format=\"auto\"><\/ins>\r\n<script>\r\n     (adsbygoogle = window.adsbygoogle || []).push({});\r\n<\/script>\n<\/div>\n\n<p><em>D\u00e9couvrir le cours en ligne <strong>express japonais<\/strong> promet de vous aider \u00e0 sortir de z\u00e9ro dans la langue japonaise et aussi pour ceux qui ont un voyage pr\u00e9vu au Japon.<\/em><\/p>\n\n\n\n<p class=\"has-background has-medium-font-size\" style=\"background-color:#f8c0c0\"><strong>LE COURS N&#039;EST PAS DISPONIBLE<\/strong>. D\u00e9couvrez le cours complet de Sensei Luiz Rafael ???? <a href=\"https:\/\/comoaprenderjapones.net\/fr\/programme-japonais-en-ligne\/\" data-type=\"URL\" data-id=\"https:\/\/comoaprenderjapones.net\/programa-japones-online\/\">Programme japonais en ligne<\/a>!<\/p>\n\n\n\n<p>Quiconque aime la culture japonaise, qu&#039;il s&#039;agisse d&#039;animes, de mangas, de films, de J-dramas et de nombreux autres facteurs qui rendent cette culture unique, doit d\u00e9j\u00e0 avoir pens\u00e9 \u00e0 apprendre la langue japonaise pour profiter encore plus de cette culture particuli\u00e8re.<\/p>\n\n\n\n<p>Le gros probl\u00e8me pour quelqu&#039;un qui part de z\u00e9ro, ou m\u00eame qui a commenc\u00e9 et qui s&#039;est arr\u00eat\u00e9, c&#039;est que l&#039;on a l&#039;impression que le nihongo est une langue tr\u00e8s difficile voire impossible \u00e0 apprendre.<\/p>\n\n\n\n<p>Mais ce n&#039;est pas vrai ! Ce qui se passe, c&#039;est que vous n&#039;avez toujours pas appris la bonne m\u00e9thodologie pour \u00e9tudier efficacement.<\/p>\n\n\n\n<p>Ne serait-il pas formidable d&#039;avoir un cours direct et sans fioritures destin\u00e9 \u00e0 ceux qui veulent apprendre rapidement les bases de la langue afin de voyager au Japon ou qui ont plus de motivation pour approfondir encore plus la Langue japonaise?<\/p>\n\n\n\n<p>C&#039;est pour cette raison que \u5148\u751f Luiz a cr\u00e9\u00e9 le <a href=\"https:\/\/comoaprenderjapones.net\/fr\/in\/curso-de-japones-gratis-agosto-de-2020\/\" target=\"_blank\" rel=\"noopener noreferrer\">cours de japonais express<\/a> pour tous ceux qui ont cet objectif et ont besoin d&#039;apprendre assez rapidement pour pouvoir se d\u00e9brouiller au Japon.<\/p>\n\n\n<div class=\"wp-block-image\">\n<figure class=\"aligncenter\"><img data-recalc-dims=\"1\" decoding=\"async\" width=\"960\" height=\"436\" src=\"https:\/\/i0.wp.com\/comoaprenderjapones.net\/wp-content\/uploads\/2016\/11\/Viagem_Japao_curso_japones_expresso.jpg?resize=960%2C436&#038;ssl=1\" alt=\"Voyage au Japon : cours de japonais express\" class=\"wp-image-865\" title=\"Voyage au Japon : cours de japonais express\" srcset=\"https:\/\/i0.wp.com\/comoaprenderjapones.net\/wp-content\/uploads\/2016\/11\/Viagem_Japao_curso_japones_expresso.jpg?w=960&amp;ssl=1 960w, https:\/\/i0.wp.com\/comoaprenderjapones.net\/wp-content\/uploads\/2016\/11\/Viagem_Japao_curso_japones_expresso.jpg?resize=300%2C136&amp;ssl=1 300w, https:\/\/i0.wp.com\/comoaprenderjapones.net\/wp-content\/uploads\/2016\/11\/Viagem_Japao_curso_japones_expresso.jpg?resize=768%2C349&amp;ssl=1 768w\" sizes=\"(max-width: 960px) 100vw, 960px\" \/><\/figure>\n<\/div>\n\n\n<h2 class=\"wp-block-heading\" id=\"o-que-e-o-curso-japones-expresso\">Qu&#039;est-ce qu&#039;un cours express de japonais\u00a0?<\/h2>\n\n\n\n<p>Il s&#039;agit d&#039;un cours ferm\u00e9 exclusivement r\u00e9serv\u00e9 aux \u00e9tudiants dans lequel, gr\u00e2ce \u00e0 des cours vid\u00e9o, vous pouvez repartir de z\u00e9ro et apprendre la langue japonaise beaucoup plus efficacement et rapidement.<\/p>\n\n\n\n<p>Mais ce NOUVEAU <a href=\"https:\/\/comoaprenderjapones.net\/fr\/in\/curso-de-japones-gratis-agosto-de-2020\/\" target=\"_blank\" rel=\"noopener noreferrer\">Cours de japonais en ligne<\/a> il a une grosse diff\u00e9rence par rapport \u00e0 l&#039;autre, il dure 6 semaines, soit pratiquement 1 mois et demi.<\/p>\n\n\n\n<h3 class=\"wp-block-heading\" id=\"para-quem-e-esse-curso\">A qui est destin\u00e9 ce cours?<\/h3>\n\n\n\n<p>Le cours se veut le plus direct, simple et facile possible afin que chacun puisse apprendre les bases de la langue.<\/p>\n\n\n\n<p>Il a \u00e9t\u00e9 cr\u00e9\u00e9 en pensant \u00e0 la personne qui :<\/p>\n\n\n\n<ul class=\"wp-block-list\">\n<li>Il n&#039;a pas de temps \u00e0 perdre et a un besoin urgent d&#039;apprendre au moins les bases afin d&#039;avoir une communication indispensable au Japon<\/li>\n\n\n\n<li>Pour ceux qui ne connaissent rien \u00e0 la langue, ils veulent apprendre les bases tout de suite pour \u00eatre beaucoup plus motiv\u00e9s \u00e0 poursuivre leurs \u00e9tudes.<\/li>\n<\/ul>\n\n\n\n<p>Express Japanese est tr\u00e8s ax\u00e9 sur les types de personnes qui recherchent un cours de japonais en ligne rapide et apportant des r\u00e9sultats satisfaisants en moins de temps.<\/p>\n\n\n\n<p>C&#039;est un <strong>Cours de japonais pour ceux qui voyagent au Japon<\/strong> bient\u00f4t ou souhaitez apprendre les bases de la langue rapidement.<\/p>\n\n\n\n<p class=\"has-text-align-center\"><a class=\"fasc-button fasc-size-large fasc-type-flat fasc-rounded-medium ico-fa fasc-ico-before fa-play-circle\" style=\"background-color: #e43f42; color: #ffffff;\" target=\"_blank\" rel=\"noopener noreferrer\" href=\"https:\/\/comoaprenderjapones.net\/fr\/in\/curso-de-japones-gratis-agosto-de-2020\/\">D\u00e9couvrez le cours d\u00e8s maintenant en cliquant ici!<\/a><\/p>\n\n\n\n<h3 class=\"wp-block-heading\" id=\"qual-o-conteudo-do-curso\">Quel est le contenu du cours ?<\/h3>\n\n\n\n<p>Comme d&#039;habitude le cours est 100% en ligne sur un site ferm\u00e9 aux \u00e9tudiants uniquement et comporte :<\/p>\n\n\n\n<ul class=\"wp-block-list\">\n<li>Une \u00e9quipe pr\u00eate \u00e0 r\u00e9pondre \u00e0 vos questions<\/li>\n\n\n\n<li>Vous recevrez login et mot de passe pour acc\u00e9der au portail<\/li>\n\n\n\n<li>Contenu ax\u00e9 sur la fourniture d&#039;une base pour vous permettre de communiquer avec des locuteurs natifs<\/li>\n\n\n\n<li>Il y a 6 autres sujets bonus que vous pouvez apprendre rapidement et simplement dans des le\u00e7ons vid\u00e9o ainsi que des documents t\u00e9l\u00e9chargeables<\/li>\n<\/ul>\n\n\n\n<p>Dans chaque cours, vous aurez la possibilit\u00e9 de laisser votre question, semblable \u00e0 un commentaire, pour que l&#039;\u00e9quipe d&#039;assistance y r\u00e9ponde dans les plus brefs d\u00e9lais.<\/p>\n\n\n\n<h2 class=\"wp-block-heading\" id=\"quem-e-o-criador-do-curso-japones-expresso\">Qui est le cr\u00e9ateur du cours de japonais express ?<\/h2>\n\n\n<div class=\"wp-block-image\">\n<figure class=\"alignleft\"><img data-recalc-dims=\"1\" decoding=\"async\" width=\"300\" height=\"244\" src=\"https:\/\/i0.wp.com\/comoaprenderjapones.net\/wp-content\/uploads\/2016\/11\/Luiz_Rafael_Curso_Japones_Expresso.jpg?resize=300%2C244&#038;ssl=1\" alt=\"Cours express de japonais Luiz Rafael\" class=\"wp-image-863\" title=\"Cours express de japonais Luiz Rafael\"\/><\/figure>\n<\/div>\n\n\n<p>Le cours a \u00e9t\u00e9 cr\u00e9\u00e9 par Luiz Rafael, \u00e9galement cr\u00e9ateur de <a href=\"https:\/\/comoaprenderjapones.net\/fr\/programme-japonais-en-ligne\/\">programme japonais en ligne<\/a>, pour combler une lacune dans laquelle des milliers de personnes veulent des r\u00e9sultats rapides afin qu&#039;elles puissent au moins \u00ab\u00a0survivre\u00a0\u00bb avec les bases de la langue au Japon.<\/p>\n\n\n\n<p>Luiz \u00e9tudie la langue japonaise depuis l&#039;\u00e2ge de 15 ans et a beaucoup d&#039;exp\u00e9rience dans le domaine de l&#039;apprentissage des langues.<\/p>\n\n\n\n<h3 class=\"wp-block-heading\" id=\"o-curso-japones-expresso-e-para-mim\">Le cours de japonais express est-il fait pour moi ?<\/h3>\n\n\n\n<p>Si vous partez prochainement en voyage au Japon ou si vous souhaitez apprendre rapidement les bases de la langue japonaise, alors ce cours est fait pour vous !<\/p>\n\n\n\n<p>Avec des le\u00e7ons simples pour tous ceux qui souhaitent apprendre assez facilement pour se d\u00e9brouiller au Japon, comme faire du shopping, prendre le train, remercier un natif, etc.<\/p>\n\n\n\n<p>Si vous souhaitez apprendre les bases de mani\u00e8re tr\u00e8s efficace pour maintenir une conversation dont vous aurez besoin pendant votre voyage ou si vous souhaitez repartir de z\u00e9ro et apprendre rapidement les bases de la langue, alors ce cours est certainement id\u00e9al pour vous !<\/p>\n\n\n\n<h3 class=\"wp-block-heading\" id=\"mais-informacao\">Plus d&#039;information<\/h3>\n\n\n\n<p>Si vous souhaitez savoir plus en d\u00e9tail comment fonctionnent l&#039;enregistrement, l&#039;assistance et bien plus encore, cliquez sur le bouton ci-dessous\u00a0:<\/p>\n\n\n\n<p class=\"has-text-align-center\"><a class=\"fasc-button fasc-size-large fasc-type-flat fasc-rounded-medium ico-fa fasc-ico-before fa-mail-forward\" style=\"background-color: #e43f42; color: #ffffff;\" target=\"_blank\" rel=\"noopener noreferrer\" href=\"https:\/\/comoaprenderjapones.net\/fr\/in\/curso-de-japones-gratis-agosto-de-2020\/\">D\u00e9couvrez d\u00e8s maintenant le cours de japonais express en cliquant ici !<\/a><\/p>\n\n<div style=\"font-size: 0px; height: 0px; line-height: 0px; margin: 0; padding: 0; clear: both;\"><\/div>","protected":false},"excerpt":{"rendered":"<p>D\u00e9couvrez le cours en ligne Japanese express promet de vous aider \u00e0 vous d\u00e9brouiller dans la langue japonaise et aussi pour ceux qui ont un voyage au Japon. LE COURS N&#039;EST PAS DISPONIBLE. D\u00e9couvrez le cours complet de Sensei<\/p>","protected":false},"author":1,"featured_media":861,"parent":0,"menu_order":0,"comment_status":"closed","ping_status":"closed","template":"","meta":{"footnotes":""},"class_list":["post-860","page","type-page","status-publish","has-post-thumbnail"],"jetpack-related-posts":[{"id":94,"url":"https:\/\/comoaprenderjapones.net\/fr\/programme-japonais-en-ligne\/","url_meta":{"origin":860,"position":0},"title":"Programme japonais en ligne + \u00e9v\u00e9nement intensif japonais gratuit","author":"Rafael Avelino","date":"20 de octobre de 2014","format":false,"excerpt":"Conhe\u00e7a o curso de japon\u00eas Programa Japon\u00eas Online do Sensei Luiz Rafael! \u3053\u3093\u306b\u3061\u306f! Est\u00e1 procurando um m\u00e9todo eficiente que te ensine do ZERO a ter um n\u00edvel de flu\u00eancia que possa consumir conte\u00fados totalmente em japon\u00eas? O m\u00e9todo criado pelo Luiz Rafael j\u00e1 passou por muitas atualiza\u00e7\u00f5es e est\u00e1 no\u2026","rel":"","context":"Article similaire","block_context":{"text":"Article similaire","link":""},"img":{"alt_text":"Programa Japon\u00eas Online - Intensiv\u00e3o de japon\u00eas","src":"https:\/\/i0.wp.com\/comoaprenderjapones.net\/wp-content\/uploads\/2021\/01\/programa-japones-online-intensivao-de-japones-2021.jpg?fit=1200%2C932&ssl=1&resize=350%2C200","width":350,"height":200,"srcset":"https:\/\/i0.wp.com\/comoaprenderjapones.net\/wp-content\/uploads\/2021\/01\/programa-japones-online-intensivao-de-japones-2021.jpg?fit=1200%2C932&ssl=1&resize=350%2C200 1x, https:\/\/i0.wp.com\/comoaprenderjapones.net\/wp-content\/uploads\/2021\/01\/programa-japones-online-intensivao-de-japones-2021.jpg?fit=1200%2C932&ssl=1&resize=525%2C300 1.5x, https:\/\/i0.wp.com\/comoaprenderjapones.net\/wp-content\/uploads\/2021\/01\/programa-japones-online-intensivao-de-japones-2021.jpg?fit=1200%2C932&ssl=1&resize=700%2C400 2x, https:\/\/i0.wp.com\/comoaprenderjapones.net\/wp-content\/uploads\/2021\/01\/programa-japones-online-intensivao-de-japones-2021.jpg?fit=1200%2C932&ssl=1&resize=1050%2C600 3x"},"classes":[]},{"id":4016,"url":"https:\/\/comoaprenderjapones.net\/fr\/curso-japones-club-por-skdesu\/","url_meta":{"origin":860,"position":1},"title":"Curso Japon\u00eas Club por Skdesu","author":"Rafael Avelino","date":"2 de f\u00e9vrier de 2023","format":false,"excerpt":"Advertorial Aprenda a L\u00edngua Japonesa com o Curso Japon\u00eas Club e Tenha a solu\u00e7\u00e3o definitiva para superar qualquer desafio! Mang\u00e1 Death Note Olha s\u00f3 o que voc\u00ea tem no Curso Japon\u00eas Club! + de 140 v\u00eddeo aulas em Alta Defini\u00e7\u00e3o Jogos e Atividades Interativas Pagamento \u00danico (N\u00e3o tem Mensalidades) Acesso\u2026","rel":"","context":"Article similaire","block_context":{"text":"Article similaire","link":""},"img":{"alt_text":"","src":"https:\/\/i0.wp.com\/comoaprenderjapones.net\/wp-content\/uploads\/2023\/02\/japones-club-advertorial.jpg?fit=1023%2C499&ssl=1&resize=350%2C200","width":350,"height":200,"srcset":"https:\/\/i0.wp.com\/comoaprenderjapones.net\/wp-content\/uploads\/2023\/02\/japones-club-advertorial.jpg?fit=1023%2C499&ssl=1&resize=350%2C200 1x, https:\/\/i0.wp.com\/comoaprenderjapones.net\/wp-content\/uploads\/2023\/02\/japones-club-advertorial.jpg?fit=1023%2C499&ssl=1&resize=525%2C300 1.5x, https:\/\/i0.wp.com\/comoaprenderjapones.net\/wp-content\/uploads\/2023\/02\/japones-club-advertorial.jpg?fit=1023%2C499&ssl=1&resize=700%2C400 2x"},"classes":[]},{"id":35,"url":"https:\/\/comoaprenderjapones.net\/fr\/a-propos\/","url_meta":{"origin":860,"position":2},"title":"Sur","author":"Rafael Avelino","date":"24 de ao\u00fbt de 2014","format":false,"excerpt":"Ol\u00e1 Minna! Sou Rafael admin deste site, como vai? Muito obrigado por visitar este site que pretende passar dicas de como aprender japon\u00eas para quem est\u00e1 iniciando, assim como eu. Vamos tentar abordar tudo que possa ajudar no seu aprendizado do idioma japon\u00eas, que vai desde animes,m\u00fasicas,mangas e tamb\u00e9m o\u2026","rel":"","context":"Article similaire","block_context":{"text":"Article similaire","link":""},"img":{"alt_text":"","src":"","width":0,"height":0},"classes":[]},{"id":179,"url":"https:\/\/comoaprenderjapones.net\/fr\/plan-du-site\/","url_meta":{"origin":860,"position":3},"title":"Plan du site","author":"Rafael Avelino","date":"31 de janvier de 2015","format":false,"excerpt":"Plan du site Voir tous les articles publi\u00e9s ici sur Comment apprendre le japonais","rel":"","context":"Article similaire","block_context":{"text":"Article similaire","link":""},"img":{"alt_text":"","src":"","width":0,"height":0},"classes":[]},{"id":904,"url":"https:\/\/comoaprenderjapones.net\/fr\/methode-fan-art\/","url_meta":{"origin":860,"position":4},"title":"M\u00e9thode Fan Art 3.0 - Comment dessiner des personnages d'anime","author":"Rafael Avelino","date":"15 de f\u00e9vrier de 2017","format":false,"excerpt":"Aprenda a como desenhar personagem de animes mesmo sem ter o \u201cdom\u201d passo a passo com o m\u00e9todo fan art 3.0 criado pela Mayara Rodrigues.\u00a0 Quem gosta da cultura japonesa, principalmente pelos animes, mangas j\u00e1 teve a curiosidade de saber se \u00e9 poss\u00edvel aprender a desenhar aquele personagem favorito mesmo\u2026","rel":"","context":"Article similaire","block_context":{"text":"Article similaire","link":""},"img":{"alt_text":"M\u00e9todo Fan Art 3.0 \u2013 Desenhe seu personagem de anime favorito!","src":"https:\/\/i0.wp.com\/comoaprenderjapones.net\/wp-content\/uploads\/2020\/12\/Metod-Fan-Art-3-0-Desenhar-Animes.jpg?fit=1200%2C628&ssl=1&resize=350%2C200","width":350,"height":200,"srcset":"https:\/\/i0.wp.com\/comoaprenderjapones.net\/wp-content\/uploads\/2020\/12\/Metod-Fan-Art-3-0-Desenhar-Animes.jpg?fit=1200%2C628&ssl=1&resize=350%2C200 1x, https:\/\/i0.wp.com\/comoaprenderjapones.net\/wp-content\/uploads\/2020\/12\/Metod-Fan-Art-3-0-Desenhar-Animes.jpg?fit=1200%2C628&ssl=1&resize=525%2C300 1.5x, https:\/\/i0.wp.com\/comoaprenderjapones.net\/wp-content\/uploads\/2020\/12\/Metod-Fan-Art-3-0-Desenhar-Animes.jpg?fit=1200%2C628&ssl=1&resize=700%2C400 2x, https:\/\/i0.wp.com\/comoaprenderjapones.net\/wp-content\/uploads\/2020\/12\/Metod-Fan-Art-3-0-Desenhar-Animes.jpg?fit=1200%2C628&ssl=1&resize=1050%2C600 3x"},"classes":[]},{"id":2786,"url":"https:\/\/comoaprenderjapones.net\/fr\/suivre\/","url_meta":{"origin":860,"position":5},"title":"suivre","author":"Rafael Avelino","date":"12 de juin de 2020","format":false,"excerpt":"Para n\u00e3o perder alguma novidade ou dica logo em seguida vou indicar v\u00e1rias op\u00e7\u00f5es para que voc\u00ea acompanhe o comoaprenderjapones.net da maneira que desejar e que mais goste. Acompanhe pelo Feed Um dos meios mais tradicionais para voc\u00ea receber as novidades instantaneamente quando algo \u00e9 publicado por aqui. Feed do\u2026","rel":"","context":"Article similaire","block_context":{"text":"Article similaire","link":""},"img":{"alt_text":"Acompanhe pelo Feedly o comoaprenderjapones.net","src":"https:\/\/i0.wp.com\/comoaprenderjapones.net\/wp-content\/uploads\/2020\/06\/feedly-follow.png?resize=350%2C200&ssl=1","width":350,"height":200},"classes":[]}],"jetpack_sharing_enabled":true,"amp_enabled":true,"_links":{"self":[{"href":"https:\/\/comoaprenderjapones.net\/fr\/wp-json\/wp\/v2\/pages\/860","targetHints":{"allow":["GET"]}}],"collection":[{"href":"https:\/\/comoaprenderjapones.net\/fr\/wp-json\/wp\/v2\/pages"}],"about":[{"href":"https:\/\/comoaprenderjapones.net\/fr\/wp-json\/wp\/v2\/types\/page"}],"author":[{"embeddable":true,"href":"https:\/\/comoaprenderjapones.net\/fr\/wp-json\/wp\/v2\/users\/1"}],"replies":[{"embeddable":true,"href":"https:\/\/comoaprenderjapones.net\/fr\/wp-json\/wp\/v2\/comments?post=860"}],"version-history":[{"count":0,"href":"https:\/\/comoaprenderjapones.net\/fr\/wp-json\/wp\/v2\/pages\/860\/revisions"}],"wp:featuredmedia":[{"embeddable":true,"href":"https:\/\/comoaprenderjapones.net\/fr\/wp-json\/wp\/v2\/media\/861"}],"wp:attachment":[{"href":"https:\/\/comoaprenderjapones.net\/fr\/wp-json\/wp\/v2\/media?parent=860"}],"curies":[{"name":"wp","href":"https:\/\/api.w.org\/{rel}","templated":true}]}}