{"id":9,"date":"2014-08-24T02:32:54","date_gmt":"2014-08-24T02:32:54","guid":{"rendered":"https:\/\/comoaprenderjapones.net\/?page_id=9"},"modified":"2022-02-07T19:38:46","modified_gmt":"2022-02-07T22:38:46","slug":"politique-de-confidentialite","status":"publish","type":"page","link":"https:\/\/comoaprenderjapones.net\/fr\/politica-de-privacidade\/","title":{"rendered":"Politique de confidentialit\u00e9"},"content":{"rendered":"<div class=\"d5c332bdcbd3300d2a784003ec0610c8\" data-index=\"2\" style=\"float: none; margin:0px;\">\n<script async src=\"https:\/\/pagead2.googlesyndication.com\/pagead\/js\/adsbygoogle.js?client=ca-pub-0652292147574552\"\r\n     crossorigin=\"anonymous\"><\/script>\r\n<!-- Ads responsivo Inicio Post CAJap -->\r\n<ins class=\"adsbygoogle\"\r\n     style=\"display:block\"\r\n     data-ad-client=\"ca-pub-0652292147574552\"\r\n     data-ad-slot=\"3298668993\"\r\n     data-ad-format=\"auto\"><\/ins>\r\n<script>\r\n     (adsbygoogle = window.adsbygoogle || []).push({});\r\n<\/script>\n<\/div>\n\n<p>Cette politique de confidentialit\u00e9 a \u00e9t\u00e9 con\u00e7ue pour assurer la confidentialit\u00e9, la confidentialit\u00e9 et la protection des donn\u00e9es personnelles des visiteurs de ce site Web et des utilisateurs de nos services, en prot\u00e9geant ces informations contre la perte, l&#039;utilisation abusive, l&#039;acc\u00e8s non autoris\u00e9, l&#039;alt\u00e9ration et la destruction.<\/p>\n\n\n\n<h2 class=\"wp-block-heading\" id=\"1-coleta-e-uso-das-informacoes\">1. Collecte et utilisation des informations<\/h2>\n\n\n\n<p>L&#039;acc\u00e8s \u00e0 ce Site peut \u00eatre subordonn\u00e9 \u00e0 l&#039;enregistrement du visiteur, auquel moment des informations susceptibles de l&#039;identifier et permettant le contact avec nos utilisateurs seront demand\u00e9es. En d\u00e9cidant de fournir ses donn\u00e9es, l&#039;utilisateur d\u00e9clare conna\u00eetre et accepter les termes de cette politique.Le site re\u00e7oit et stocke \u00e9galement automatiquement, par le biais de cookies, des informations sur les activit\u00e9s du navigateur, y compris l&#039;adresse IP et la page consult\u00e9e. Ces enregistrements d&#039;activit\u00e9 (journaux) ne seront utilis\u00e9s qu&#039;\u00e0 des fins statistiques et m\u00e9triques des services fournis.<\/p>\n\n\n\n<h3 class=\"wp-block-heading\" id=\"cookies-e-web-beacons\">Cookies et balises Web<\/h3>\n\n\n\n<p>Nous utilisons&nbsp;<a style=\"font-weight: inherit; font-style: inherit; color: #469db9;\" href=\"https:\/\/pt.wikipedia.org\/wiki\/Cookie\" target=\"_blank\" rel=\"noopener\">Biscuits<\/a>&nbsp;pour stocker des informations, telles que vos pr\u00e9f\u00e9rences personnelles, lorsque vous visitez le&nbsp;<strong>Comment apprendre le japonais<\/strong>. Cela peut inclure une simple fen\u00eatre contextuelle ou un lien vers divers services que nous proposons, tels que des forums.<\/p>\n\n\n\n<p>Google utilise le nouveau&nbsp;<a style=\"font-weight: inherit; font-style: inherit; color: #469db9;\" href=\"https:\/\/www.doubleclick.com\/privacy\/faq.aspx?ctx=tltp\" target=\"_blank\" rel=\"noopener\">Cookie DART<\/a>&nbsp;pour afficher des publicit\u00e9s en fonction de vos int\u00e9r\u00eats et de votre visite sur notre blog et d&#039;autres adresses Web. Vous pouvez choisir de ne pas utiliser le cookie DART en visitant la page des annonces publicitaires Google et le programme de police de l&#039;entreprise.<\/p>\n\n\n\n<p>L&#039;utilisateur est conscient et accepte que les informations recueillies seront utilis\u00e9es aux fins suivantes : (a) informer des nouveaux contenus, actualit\u00e9s et \u00e9v\u00e9nements ; (b) mettre \u00e0 jour les informations de contact\u00a0; (c) optimiser la convivialit\u00e9 et l&#039;exp\u00e9rience interactive lors de la navigation sur le Site\u00a0; (d) pr\u00e9parer des statistiques g\u00e9n\u00e9rales, sans identifier les utilisateurs ; (e) r\u00e9pondre aux propres requ\u00eates et demandes des utilisateurs\u00a0; et (f) se conformer aux d\u00e9cisions l\u00e9gales ou judiciaires. Nous nous r\u00e9servons \u00e9galement le droit d&#039;utiliser ces enregistrements, individuellement, en cas d&#039;enqu\u00eate sur des infractions civiles ou p\u00e9nales, en particulier en cas de suspicion de fraude, d&#039;attaques de pirates informatiques, de modifications du syst\u00e8me ou d&#039;acc\u00e8s inappropri\u00e9 aux informations prot\u00e9g\u00e9es et aux donn\u00e9es d&#039;enregistrement d&#039;autres utilisateurs.<\/p>\n\n\n\n<h2 class=\"wp-block-heading\" id=\"2-guarda-e-responsabilidade-pelas-informacoes-coletadas\">2. Protection et responsabilit\u00e9 des informations collect\u00e9es<\/h2>\n\n\n\n<p>Toute information fournie par les utilisateurs sera obtenue et stock\u00e9e conform\u00e9ment aux normes de s\u00e9curit\u00e9 et de fiabilit\u00e9 les plus strictes. Nous ferons de notre mieux pour maintenir l&#039;int\u00e9grit\u00e9 des informations qui nous sont fournies, c&#039;est pourquoi nous ne sommes pas responsables des dommages r\u00e9sultant de leur acc\u00e8s et\/ou de leur utilisation par des tiers. L&#039;acc\u00e8s aux informations collect\u00e9es est r\u00e9serv\u00e9 aux employ\u00e9s et aux personnes autoris\u00e9es. Ceux qui abusent de ces informations, en violation de la pr\u00e9sente politique de confidentialit\u00e9, seront passibles de sanctions administratives et disciplinaires, sans exclure les mesures l\u00e9gales applicables. Sauf d\u00e9cision l\u00e9gale ou judiciaire, les informations des utilisateurs inscrits sur ce Site ne seront jamais c\u00e9d\u00e9es \u00e0 des tiers ni utilis\u00e9es \u00e0 d&#039;autres fins que celles pour lesquelles elles ont \u00e9t\u00e9 collect\u00e9es. Toutes les donn\u00e9es personnelles collect\u00e9es seront int\u00e9gr\u00e9es dans la base de donn\u00e9es de ce Site, l&#039;administrateur de ce site en \u00e9tant responsable.<\/p>\n\n\n\n<h2 class=\"wp-block-heading\" id=\"3-informacoes-opinioes-e-conteudos-gerados-por-terceiros\">3. Informations, opinions et contenus g\u00e9n\u00e9r\u00e9s par des tiers<\/h2>\n\n\n\n<p>Ce Site permet la participation des visiteurs\/utilisateurs par le biais de commentaires, l&#039;\u00e9change d&#039;informations, la publication de contenus g\u00e9n\u00e9r\u00e9s par des tiers et la diffusion de publicit\u00e9s. Les visiteurs, utilisateurs et annonceurs sont d&#039;ores et d\u00e9j\u00e0 conscients qu&#039;ils ne doivent pas publier d&#039;informations, d&#039;opinions ou de contenus immoraux, ill\u00e9gaux, racistes, diffamatoires, injurieux, pornographiques, criminels, ou tout contenu portant atteinte aux droits d&#039;auteur. Ils sont \u00e9galement conscients que les informations, contenus ou opinions fournis ou publi\u00e9s librement sur ce Site, \u00e0 l&#039;exception des informations personnelles demand\u00e9es \u00e0 des fins d&#039;inscription, NE SERONT NI CONFIDENTIELS NI PROT\u00c9G\u00c9S PAR CETTE POLITIQUE DE CONFIDENTIALIT\u00c9, et pourront \u00eatre librement consult\u00e9s et consult\u00e9s par d&#039;autres visiteurs et utilisateurs. Les publicit\u00e9s ou toute divulgation sur des produits, services ou \u00e9v\u00e9nements qui ne respecteraient pas la loi, la morale et les bonnes m\u0153urs sont \u00e9galement interdites. Les responsables de ce Site ne sont pas responsables des informations, opinions et contenus g\u00e9n\u00e9r\u00e9s par des tiers, ni de la qualit\u00e9 ou de la v\u00e9racit\u00e9 des produits, services ou \u00e9v\u00e9nements divulgu\u00e9s via le Site. Toute manifestation, reproduction ou publication immorale ou ill\u00e9gale devra \u00eatre signal\u00e9e aux organisateurs de ce site et sera imm\u00e9diatement supprim\u00e9e. La notification doit \u00eatre envoy\u00e9e \u00e0 l&#039;adresse des responsables du site.<\/p>\n\n\n\n<h2 class=\"wp-block-heading\" id=\"4-responsabilidade-dos-usuarios\">4. Responsabilit\u00e9 des utilisateurs<\/h2>\n\n\n\n<p>Il appartient \u00e0 l&#039;utilisateur de conserver son mot de passe et son login. Il n&#039;est pas recommand\u00e9 d&#039;utiliser des mots de passe \u00e9vidents tels que des dates sp\u00e9ciales, des noms ou des s\u00e9quences de nombres. Si l&#039;utilisateur prend connaissance ou soup\u00e7onne simplement que son mot de passe a \u00e9t\u00e9 d\u00e9couvert, il devra le modifier sur sa page d&#039;inscription. Nous nous engageons \u00e0 prot\u00e9ger la vie priv\u00e9e des enfants en ligne. Toute inscription de mineurs n&#039;aura lieu que dans le but de participer \u00e0 des zones restreintes du site Web \u00e0 contenu \u00e9ducatif. Les donn\u00e9es des mineurs ne seront utilis\u00e9es que pour r\u00e9pondre \u00e0 des requ\u00eates, des questions acad\u00e9miques, pour programmer des cours dans les \u00e9coles ou pour des raisons statistiques g\u00e9n\u00e9rales. Nous recommandons \u00e9galement que le mineur soit toujours sous la direction et la surveillance de ses tuteurs, qui peuvent, \u00e0 tout moment, demander l&#039;annulation de l&#039;inscription. Cette politique fait l&#039;objet d&#039;am\u00e9liorations et d&#039;am\u00e9liorations constantes. Ainsi, nous vous recommandons votre consultation p\u00e9riodique.<\/p>\n\n<div style=\"font-size: 0px; height: 0px; line-height: 0px; margin: 0; padding: 0; clear: both;\"><\/div>","protected":false},"excerpt":{"rendered":"<p>Esta Pol\u00edtica de Privacidade foi elaborada visando zelar pela confidencialidade, privacidade e prote\u00e7\u00e3o dos dados pessoais dos visitantes deste site e dos usu\u00e1rios de nossos servi\u00e7os, protegendo essas informa\u00e7\u00f5es de perdas, uso impr\u00f3prio, acesso n\u00e3o<\/p>","protected":false},"author":1,"featured_media":0,"parent":0,"menu_order":0,"comment_status":"closed","ping_status":"closed","template":"","meta":{"footnotes":""},"class_list":["post-9","page","type-page","status-publish"],"jetpack-related-posts":[{"id":4016,"url":"https:\/\/comoaprenderjapones.net\/fr\/curso-japones-club-por-skdesu\/","url_meta":{"origin":9,"position":0},"title":"Curso Japon\u00eas Club por Skdesu","author":"Rafael Avelino","date":"2 de f\u00e9vrier de 2023","format":false,"excerpt":"Advertorial Aprenda a L\u00edngua Japonesa com o Curso Japon\u00eas Club e Tenha a solu\u00e7\u00e3o definitiva para superar qualquer desafio! Mang\u00e1 Death Note Olha s\u00f3 o que voc\u00ea tem no Curso Japon\u00eas Club! + de 140 v\u00eddeo aulas em Alta Defini\u00e7\u00e3o Jogos e Atividades Interativas Pagamento \u00danico (N\u00e3o tem Mensalidades) Acesso\u2026","rel":"","context":"Article similaire","block_context":{"text":"Article similaire","link":""},"img":{"alt_text":"","src":"https:\/\/i0.wp.com\/comoaprenderjapones.net\/wp-content\/uploads\/2023\/02\/japones-club-advertorial.jpg?fit=1023%2C499&ssl=1&resize=350%2C200","width":350,"height":200,"srcset":"https:\/\/i0.wp.com\/comoaprenderjapones.net\/wp-content\/uploads\/2023\/02\/japones-club-advertorial.jpg?fit=1023%2C499&ssl=1&resize=350%2C200 1x, https:\/\/i0.wp.com\/comoaprenderjapones.net\/wp-content\/uploads\/2023\/02\/japones-club-advertorial.jpg?fit=1023%2C499&ssl=1&resize=525%2C300 1.5x, https:\/\/i0.wp.com\/comoaprenderjapones.net\/wp-content\/uploads\/2023\/02\/japones-club-advertorial.jpg?fit=1023%2C499&ssl=1&resize=700%2C400 2x"},"classes":[]},{"id":179,"url":"https:\/\/comoaprenderjapones.net\/fr\/mapa-site\/","url_meta":{"origin":9,"position":1},"title":"Plan du site","author":"Rafael Avelino","date":"31 de janvier de 2015","format":false,"excerpt":"Plan du site Voir tous les articles publi\u00e9s ici sur Comment apprendre le japonais","rel":"","context":"Article similaire","block_context":{"text":"Article similaire","link":""},"img":{"alt_text":"","src":"","width":0,"height":0},"classes":[]},{"id":860,"url":"https:\/\/comoaprenderjapones.net\/fr\/japones-expresso-curso-online-japones\/","url_meta":{"origin":9,"position":2},"title":"Japanese Express : cours de japonais en ligne","author":"Rafael Avelino","date":"14 de novembre de 2016","format":false,"excerpt":"Conhe\u00e7a curso online japon\u00eas expresso promete te ajudar a sair do zero no idioma japon\u00eas e tamb\u00e9m para quem tem viagem marcada para o Jap\u00e3o. CURSO N\u00c3O EST\u00c1 DISPONIVEL. Conhe\u00e7a o curso Completo do Sensei Luiz Rafael o ???? Programa Japon\u00eas Online! Quem gosta da cultura japonesa, seja animes, mangas,\u2026","rel":"","context":"Article similaire","block_context":{"text":"Article similaire","link":""},"img":{"alt_text":"Japon\u00eas Expresso curso online de japon\u00eas","src":"https:\/\/i0.wp.com\/comoaprenderjapones.net\/wp-content\/uploads\/2016\/11\/Japones_Expresso.jpg?fit=1200%2C696&ssl=1&resize=350%2C200","width":350,"height":200,"srcset":"https:\/\/i0.wp.com\/comoaprenderjapones.net\/wp-content\/uploads\/2016\/11\/Japones_Expresso.jpg?fit=1200%2C696&ssl=1&resize=350%2C200 1x, https:\/\/i0.wp.com\/comoaprenderjapones.net\/wp-content\/uploads\/2016\/11\/Japones_Expresso.jpg?fit=1200%2C696&ssl=1&resize=525%2C300 1.5x, https:\/\/i0.wp.com\/comoaprenderjapones.net\/wp-content\/uploads\/2016\/11\/Japones_Expresso.jpg?fit=1200%2C696&ssl=1&resize=700%2C400 2x, https:\/\/i0.wp.com\/comoaprenderjapones.net\/wp-content\/uploads\/2016\/11\/Japones_Expresso.jpg?fit=1200%2C696&ssl=1&resize=1050%2C600 3x"},"classes":[]},{"id":2786,"url":"https:\/\/comoaprenderjapones.net\/fr\/acompanhe\/","url_meta":{"origin":9,"position":3},"title":"suivre","author":"Rafael Avelino","date":"12 de juin de 2020","format":false,"excerpt":"Para n\u00e3o perder alguma novidade ou dica logo em seguida vou indicar v\u00e1rias op\u00e7\u00f5es para que voc\u00ea acompanhe o comoaprenderjapones.net da maneira que desejar e que mais goste. Acompanhe pelo Feed Um dos meios mais tradicionais para voc\u00ea receber as novidades instantaneamente quando algo \u00e9 publicado por aqui. Feed do\u2026","rel":"","context":"Article similaire","block_context":{"text":"Article similaire","link":""},"img":{"alt_text":"Acompanhe pelo Feedly o comoaprenderjapones.net","src":"https:\/\/i0.wp.com\/comoaprenderjapones.net\/wp-content\/uploads\/2020\/06\/feedly-follow.png?resize=350%2C200&ssl=1","width":350,"height":200},"classes":[]},{"id":35,"url":"https:\/\/comoaprenderjapones.net\/fr\/sobre\/","url_meta":{"origin":9,"position":4},"title":"Sur","author":"Rafael Avelino","date":"24 de ao\u00fbt de 2014","format":false,"excerpt":"Ol\u00e1 Minna! Sou Rafael admin deste site, como vai? Muito obrigado por visitar este site que pretende passar dicas de como aprender japon\u00eas para quem est\u00e1 iniciando, assim como eu. Vamos tentar abordar tudo que possa ajudar no seu aprendizado do idioma japon\u00eas, que vai desde animes,m\u00fasicas,mangas e tamb\u00e9m o\u2026","rel":"","context":"Article similaire","block_context":{"text":"Article similaire","link":""},"img":{"alt_text":"","src":"","width":0,"height":0},"classes":[]},{"id":94,"url":"https:\/\/comoaprenderjapones.net\/fr\/programa-japones-online\/","url_meta":{"origin":9,"position":5},"title":"Programme japonais en ligne + \u00e9v\u00e9nement intensif japonais gratuit","author":"Rafael Avelino","date":"20 de octobre de 2014","format":false,"excerpt":"Conhe\u00e7a o curso de japon\u00eas Programa Japon\u00eas Online do Sensei Luiz Rafael! \u3053\u3093\u306b\u3061\u306f! Est\u00e1 procurando um m\u00e9todo eficiente que te ensine do ZERO a ter um n\u00edvel de flu\u00eancia que possa consumir conte\u00fados totalmente em japon\u00eas? O m\u00e9todo criado pelo Luiz Rafael j\u00e1 passou por muitas atualiza\u00e7\u00f5es e est\u00e1 no\u2026","rel":"","context":"Article similaire","block_context":{"text":"Article similaire","link":""},"img":{"alt_text":"Programa Japon\u00eas Online - Intensiv\u00e3o de japon\u00eas","src":"https:\/\/i0.wp.com\/comoaprenderjapones.net\/wp-content\/uploads\/2021\/01\/programa-japones-online-intensivao-de-japones-2021.jpg?fit=1200%2C932&ssl=1&resize=350%2C200","width":350,"height":200,"srcset":"https:\/\/i0.wp.com\/comoaprenderjapones.net\/wp-content\/uploads\/2021\/01\/programa-japones-online-intensivao-de-japones-2021.jpg?fit=1200%2C932&ssl=1&resize=350%2C200 1x, https:\/\/i0.wp.com\/comoaprenderjapones.net\/wp-content\/uploads\/2021\/01\/programa-japones-online-intensivao-de-japones-2021.jpg?fit=1200%2C932&ssl=1&resize=525%2C300 1.5x, https:\/\/i0.wp.com\/comoaprenderjapones.net\/wp-content\/uploads\/2021\/01\/programa-japones-online-intensivao-de-japones-2021.jpg?fit=1200%2C932&ssl=1&resize=700%2C400 2x, https:\/\/i0.wp.com\/comoaprenderjapones.net\/wp-content\/uploads\/2021\/01\/programa-japones-online-intensivao-de-japones-2021.jpg?fit=1200%2C932&ssl=1&resize=1050%2C600 3x"},"classes":[]}],"jetpack_sharing_enabled":false,"amp_enabled":true,"_links":{"self":[{"href":"https:\/\/comoaprenderjapones.net\/fr\/wp-json\/wp\/v2\/pages\/9","targetHints":{"allow":["GET"]}}],"collection":[{"href":"https:\/\/comoaprenderjapones.net\/fr\/wp-json\/wp\/v2\/pages"}],"about":[{"href":"https:\/\/comoaprenderjapones.net\/fr\/wp-json\/wp\/v2\/types\/page"}],"author":[{"embeddable":true,"href":"https:\/\/comoaprenderjapones.net\/fr\/wp-json\/wp\/v2\/users\/1"}],"replies":[{"embeddable":true,"href":"https:\/\/comoaprenderjapones.net\/fr\/wp-json\/wp\/v2\/comments?post=9"}],"version-history":[{"count":0,"href":"https:\/\/comoaprenderjapones.net\/fr\/wp-json\/wp\/v2\/pages\/9\/revisions"}],"wp:attachment":[{"href":"https:\/\/comoaprenderjapones.net\/fr\/wp-json\/wp\/v2\/media?parent=9"}],"curies":[{"name":"wp","href":"https:\/\/api.w.org\/{rel}","templated":true}]}}