{"id":904,"date":"2017-02-15T20:39:01","date_gmt":"2017-02-15T22:39:01","guid":{"rendered":"https:\/\/comoaprenderjapones.net\/?page_id=904"},"modified":"2022-09-05T15:01:47","modified_gmt":"2022-09-05T18:01:47","slug":"methode-fan-art","status":"publish","type":"page","link":"https:\/\/comoaprenderjapones.net\/fr\/metodo-fan-art\/","title":{"rendered":"M\u00e9thode Fan Art 3.0 - Comment dessiner des personnages d'anime"},"content":{"rendered":"<div class=\"d5c332bdcbd3300d2a784003ec0610c8\" data-index=\"2\" style=\"float: none; margin:0px;\">\n<script async src=\"https:\/\/pagead2.googlesyndication.com\/pagead\/js\/adsbygoogle.js?client=ca-pub-0652292147574552\"\r\n     crossorigin=\"anonymous\"><\/script>\r\n<!-- Ads responsivo Inicio Post CAJap -->\r\n<ins class=\"adsbygoogle\"\r\n     style=\"display:block\"\r\n     data-ad-client=\"ca-pub-0652292147574552\"\r\n     data-ad-slot=\"3298668993\"\r\n     data-ad-format=\"auto\"><\/ins>\r\n<script>\r\n     (adsbygoogle = window.adsbygoogle || []).push({});\r\n<\/script>\n<\/div>\n\n<div class=\"addthis_inline_share_toolbox\"><\/div>\n\n\n\n<p><em>apprendre \u00e0 <strong>comment dessiner les personnages d'anime<\/strong> m\u00eame sans avoir le \"cadeau\" \u00e9tape par \u00e9tape avec le <strong>m\u00e9thode fan art 3.0 <\/strong>cr\u00e9\u00e9 par<strong> <\/strong>Mayara Rodrigues.\u00a0<\/em><\/p>\n\n\n\n<p>Ceux qui aiment la culture japonaise, notamment pour les animes, les mangas ont d\u00e9j\u00e0 \u00e9t\u00e9 curieux de savoir s&#039;il est possible d&#039;apprendre \u00e0 dessiner ce personnage f\u00e9tiche m\u00eame sans avoir une affinit\u00e9, le \u00ab don \u00bb du dessin.<\/p>\n\n\n\n<p>Le gros probl\u00e8me est que sans une bonne m\u00e9thode ou quelqu&#039;un qui peut enseigner de mani\u00e8re pratique, il est difficile d&#039;apprendre par soi-m\u00eame.<\/p>\n\n\n\n\n\n\n<p>C&#039;est en pensant \u00e0 cela que le <a href=\"https:\/\/comoaprenderjapones.net\/fr\/in\/conheca-o-metodo-fan-art\/\" target=\"_blank\" rel=\"noopener\">Mayara a d\u00e9cid\u00e9 de cr\u00e9er une m\u00e9thode simple<\/a>, pratique et qui se concentre sur ce qui est vraiment important.<\/p>\n\n\n\n<h2 class=\"wp-block-heading\">Qu&#039;est-ce que le fan-art\u00a0?<\/h2>\n\n\n\n<p>Sais-tu <strong>qu&#039;est-ce qu&#039;un fan art<\/strong>? Voir ci-dessous pour une br\u00e8ve explication et pour en savoir plus sur les <a href=\"https:\/\/comoaprenderjapones.net\/fr\/methode-fan-art\/\">M\u00e9thode Fan Art<\/a> qui est tr\u00e8s populaire au Br\u00e9sil pour ceux qui veulent apprendre \u00e0 dessiner des animes :<\/p>\n\n\n\n<blockquote class=\"wp-block-quote is-layout-flow wp-block-quote-is-layout-flow\"><p>Fanart, fan art ou m\u00eame Fanart est une \u0153uvre d&#039;art bas\u00e9e sur un personnage, un costume, un objet ou une \u0153uvre bien connu, qui a \u00e9t\u00e9 cr\u00e9\u00e9e par des fans. Le terme peut \u00eatre appliqu\u00e9 \u00e0 la fois \u00e0 l&#039;art r\u00e9alis\u00e9 par les fans de personnages de certains livres, ainsi qu&#039;\u00e0 l&#039;art d\u00e9riv\u00e9 de supports visuels tels que les bandes dessin\u00e9es, les films et\/ou les jeux vid\u00e9o. Il s&#039;agit g\u00e9n\u00e9ralement d&#039;\u0153uvres d&#039;art d&#039;artistes amateurs ou d&#039;artistes non r\u00e9mun\u00e9r\u00e9s pour leur travail. C&#039;est un travail r\u00e9alis\u00e9 par des fans de leur propre imagination sur l&#039;\u0153uvre originale.<br \/>La source:&nbsp;<a href=\"https:\/\/pt.wikipedia.org\/wiki\/Fanart\" target=\"_blank\" rel=\"noopener\">Wikip\u00e9dia<\/a><\/p><\/blockquote>\n\n\n\n<p>Voyons maintenant ce qu&#039;est ce cours et aussi son cr\u00e9ateur, plus de t\u00e9moignages de ceux qui l&#039;ont fait et approuv\u00e9.<\/p>\n\n\n\n<h2 class=\"wp-block-heading\">Qu&#039;est-ce que la m\u00e9thode Fan Art ?<\/h2>\n\n\n\n<p>Une m\u00e9thode cr\u00e9\u00e9e pour apprendre aux personnes qui veulent apprendre \u00e0 dessiner leur personnage d&#039;anime pr\u00e9f\u00e9r\u00e9 sans trop de complications dans un pas \u00e0 pas bien expliqu\u00e9 et didactique.<\/p>\n\n\n\n<p>Apprenez \u00e0 dessiner de la m\u00eame mani\u00e8re que l&#039;auteur original de l&#039;anime dessine le personnage qu&#039;il a cr\u00e9\u00e9.<\/p>\n\n\n\n<h3 class=\"wp-block-heading\"><strong>Mayara Rodrigues cr\u00e9atrice<\/strong> bien s\u00fbr<\/h3>\n\n\n<div class=\"wp-block-image\">\n<figure class=\"alignleft\"><a href=\"https:\/\/comoaprenderjapones.net\/fr\/in\/conheca-o-metodo-fan-art\/\" rel=\"nofollow noopener\"><img data-recalc-dims=\"1\" decoding=\"async\" width=\"300\" height=\"247\" src=\"https:\/\/i0.wp.com\/comoaprenderjapones.net\/wp-content\/uploads\/2018\/09\/Mayara-Rodrigues.png?resize=300%2C247&#038;ssl=1\" alt=\"Mayara Rodrigues cr\u00e9atrice de la m\u00e9thode fan Art\" class=\"wp-image-2430\" srcset=\"https:\/\/i0.wp.com\/comoaprenderjapones.net\/wp-content\/uploads\/2018\/09\/Mayara-Rodrigues.png?resize=300%2C247&amp;ssl=1 300w, https:\/\/i0.wp.com\/comoaprenderjapones.net\/wp-content\/uploads\/2018\/09\/Mayara-Rodrigues.png?w=543&amp;ssl=1 543w\" sizes=\"(max-width: 300px) 100vw, 300px\" \/><\/a><figcaption><strong>Mayara Rodrigues<\/strong> cr\u00e9ateur de la m\u00e9thode fan Art<\/figcaption><\/figure>\n<\/div>\n\n\n<p><strong>Mayara Rodrigues<\/strong>, comme beaucoup de Br\u00e9siliens, a commenc\u00e9 \u00e0 s&#039;int\u00e9resser \u00e0 l&#039;anime et son pr\u00e9f\u00e9r\u00e9 \u00e9tait Digimon et avec cela est venu le d\u00e9sir d&#039;apprendre \u00e0 dessiner leurs personnages pr\u00e9f\u00e9r\u00e9s.<\/p>\n\n\n\n<p>Le gros probl\u00e8me est qu&#039;elle n&#039;a pas beaucoup \u00e9volu\u00e9 en essayant de dessiner et aussi un cours de dessin n&#039;\u00e9tait pas tr\u00e8s bon march\u00e9 et pas pr\u00e8s de chez elle.<\/p>\n\n\n\n<p>Elle a ensuite commenc\u00e9 \u00e0 acheter des magazines qui lui ont appris \u00e0 dessiner, g\u00e9n\u00e9ralement des m\u00e9thodes japonaises.<\/p>\n\n\n\n<p>Apr\u00e8s beaucoup de remue-m\u00e9ninges, c&#039;est apr\u00e8s un long moment, de nombreuses ann\u00e9es, qu&#039;elle a vraiment compris comment dessiner un anime.<\/p>\n\n\n\n<p class=\"has-text-align-center\"><a class=\"fasc-button fasc-size-large fasc-type-popout fasc-rounded-medium ico-fa fasc-ico-before fa-youtube-play\" style=\"background-color: #cc2f1a; color: #ffffff;\" target=\"_blank\" rel=\"nofollow noopener\" href=\"https:\/\/comoaprenderjapones.net\/fr\/in\/conheca-historia-da-mayara-rodrigues\/\">D\u00e9couvrez plus de d\u00e9tails sur leur histoire en cliquant ici !<\/a><\/p>\n\n\n\n<h3 class=\"wp-block-heading\">Quel est le contenu de la M\u00e9thode Fan Art ?<\/h3>\n\n\n\n<p>Le cours ne reste pas bloqu\u00e9, il va directement \u00e0 ce qui compte vraiment, ne voyez que les sujets propos\u00e9s par le cours en ligne <strong>m\u00e9thode fan art 3.0<\/strong> ont:<\/p>\n\n\n\n<ol class=\"wp-block-list\"><li>L&#039;analyse d&#039;image<\/li><li>Techniques d&#039;esquisse<\/li><li>Anatomie du visage + variations d&#039;angle<\/li><li>Anatomie du corps et mouvements<\/li><li>Le secret pour faire des cheveux d&#039;anime\/manga...<\/li><li>Les mains et les pieds parfaits de votre personnage\u2026<\/li><li>Concevoir des v\u00eatements de personnage<\/li><li>Finition des dessins avec un stylo<\/li><li>Initiation \u00e0 la peinture + Ombre et Lumi\u00e8re<\/li><\/ol>\n\n\n\n<h3 class=\"wp-block-heading\">Bonus de la m\u00e9thode Fan Art 3.0<\/h3>\n\n\n\n<p>Et aussi comme d&#039;habitude <strong>+ 5 bonus<\/strong> pour am\u00e9liorer encore vos dessins :<\/p>\n\n\n\n<ul class=\"wp-block-list\"><li>Le secret pour dessiner les yeux<\/li><li>Chauffage et tableau de bord<\/li><li>Utilisation de tous les modules de cours dans un seul dessin<\/li><li>Acc\u00e8s au groupe exclusif d&#039;\u00e9tudiants<\/li><li>Certificat d&#039;ach\u00e8vement<\/li><\/ul>\n\n\n<div class=\"wp-block-image\">\n<figure class=\"aligncenter\"><img data-recalc-dims=\"1\" decoding=\"async\" width=\"900\" height=\"475\" src=\"https:\/\/i0.wp.com\/comoaprenderjapones.net\/wp-content\/uploads\/2017\/02\/Area_de_Membros_Metodo_fan_art.jpg?resize=900%2C475&#038;ssl=1\" alt=\"Espace membre M\u00e9thode Fan art\" class=\"wp-image-906\" srcset=\"https:\/\/i0.wp.com\/comoaprenderjapones.net\/wp-content\/uploads\/2017\/02\/Area_de_Membros_Metodo_fan_art.jpg?w=900&amp;ssl=1 900w, https:\/\/i0.wp.com\/comoaprenderjapones.net\/wp-content\/uploads\/2017\/02\/Area_de_Membros_Metodo_fan_art.jpg?resize=300%2C158&amp;ssl=1 300w, https:\/\/i0.wp.com\/comoaprenderjapones.net\/wp-content\/uploads\/2017\/02\/Area_de_Membros_Metodo_fan_art.jpg?resize=768%2C405&amp;ssl=1 768w\" sizes=\"(max-width: 900px) 100vw, 900px\" \/><\/figure>\n<\/div>\n\n\n<p>Vous aurez \u00e9galement un groupe Facebook ferm\u00e9 pour toute question que vous pourriez avoir avec l&#039;auteur du cours.<\/p>\n\n\n\n<p>Bien s\u00fbr, il n&#039;y a pas de miracle, mais vous apprendrez certainement de mani\u00e8re pratique de ceux qui comprennent le sujet, en pratiquant tous les jours et en voyant en peu de temps \u00e0 quelle vitesse vous progressez.<\/p>\n\n\n\n<h2 class=\"wp-block-heading\">Est-ce que j'apprendrai \u00e0 dessiner des personnages d'anime ?<\/h2>\n\n\n\n<p>Pour ceux qui veulent apprendre d'une mani\u00e8re simple, qui va droit au but, afin de savoir d\u00e9j\u00e0 comment dessiner des personnages d'anime, alors la <strong>la m\u00e9thode du fan art fonctionne<\/strong> et c&#039;est fait pour vous !<\/p>\n\n\n\n<p>D\u00e9couvrez ci-dessous les \u00e9tudiants de Mayara qui obtiennent d\u00e9j\u00e0 d&#039;excellents r\u00e9sultats et r\u00e9alisent leur r\u00eave d&#039;apprendre \u00e0 dessiner leurs personnages d&#039;anime pr\u00e9f\u00e9r\u00e9s.<\/p>\n\n\n\n<h3 class=\"wp-block-heading\">T\u00e9moignages d&#039;\u00e9tudiants<\/h3>\n\n\n\n<p>D\u00e9couvrez les t\u00e9moignages de vos \u00e9l\u00e8ves d\u00e9montrant \u00e0 quel point ils \u00e9taient heureux de dessiner leurs personnages d&#039;anime pr\u00e9f\u00e9r\u00e9s\u00a0:<br \/><\/p>\n\n\n<div class=\"message_box announce\"><p><\/p>\n<blockquote><p>F\u00e9licitations pour le cours Mayara, je l&#039;ai trouv\u00e9 tr\u00e8s bien. Je l&#039;ai d\u00e9j\u00e0 recommand\u00e9 \u00e0 plusieurs amis, \u00e7a vaut le coup. Tr\u00e8s droit au but, je suis d\u00e9j\u00e0 dans le 4\u00e8me module et la diff\u00e9rence est absurde entre mes anciens dessins et maintenant, chaque jour je m&#039;am\u00e9liore. Vraies f\u00e9licitations et succ\u00e8s \u00e0 vous. bisous<\/p>\n<p><strong>Jo\u00e3o Gabriel Alvarenga<\/strong><\/p><\/blockquote>\n<p><\/p><\/div>\n\n\n<div class=\"message_box announce\"><p><\/p>\n<blockquote><p>Euuu \u00e9tait fou de vouloir dessiner Eren Yeager !!! Jaaa en avait copi\u00e9 un peu dessus, mais aujourd&#039;hui je l&#039;ai dessin\u00e9 sans m\u00eame regarder !!! Suite \u00e0 tout ce que vous avez enseign\u00e9 dans le cours !!!<br \/>\nTrop contente aussi, je ferai m\u00eame un poster bient\u00f4t \u00e0 mettre ici dans ma chambre hehehe!! Merci Mayy, ton cours est nul !!!<\/p>\n<p><strong>Marcos Vinicius Viana<\/strong><\/p><\/blockquote>\n<p><\/p><\/div>\n\n\n\n<p>Voir aussi les t\u00e9moignages des r\u00e9sultats que vos \u00e9l\u00e8ves ont eus montrant leurs dessins ci-dessous :<br \/><\/p>\n\n\n<div class=\"tab_widget wp_shortcodes_tabs\"><ul class=\"wps_tabs\"><li><a href=\"#\" data-tab=\"tab-0-depoimento-jonathan\">T\u00e9moignage Jonathan<\/a><\/li><li><a href=\"#\" data-tab=\"tab-1-depoimento-adson\">T\u00e9moignage d&#039;Adson<\/a><\/li><li><a href=\"#\" data-tab=\"tab-2-depoimento-mika\">T\u00e9moignage de Mika<\/a><\/li><\/ul><div class=\"tab_container\"><div id=\"tab-0-depoimento-jonathan\" class=\"tab_content clearfix\"><img data-recalc-dims=\"1\" decoding=\"async\" class=\"size-full wp-image-909 aligncenter\" src=\"https:\/\/i0.wp.com\/comoaprenderjapones.net\/wp-content\/uploads\/2017\/02\/Metodo_fan_art_desenho_aluno-7.jpg?resize=509%2C626&#038;ssl=1\" alt=\"\" width=\"509\" height=\"626\" srcset=\"https:\/\/i0.wp.com\/comoaprenderjapones.net\/wp-content\/uploads\/2017\/02\/Metodo_fan_art_desenho_aluno-7.jpg?w=509&amp;ssl=1 509w, https:\/\/i0.wp.com\/comoaprenderjapones.net\/wp-content\/uploads\/2017\/02\/Metodo_fan_art_desenho_aluno-7.jpg?resize=244%2C300&amp;ssl=1 244w\" sizes=\"(max-width: 509px) 100vw, 509px\" \/>T\u00e9moignage de Jonathan sur la m\u00e9thode Fan Art<\/div><div id=\"tab-1-depoimento-adson\" class=\"tab_content clearfix\"><img data-recalc-dims=\"1\" decoding=\"async\" class=\"size-full wp-image-910 aligncenter\" src=\"https:\/\/i0.wp.com\/comoaprenderjapones.net\/wp-content\/uploads\/2017\/02\/Metodo_fan_art_desenhoaluno7.jpg?resize=495%2C515&#038;ssl=1\" alt=\"\" width=\"495\" height=\"515\" srcset=\"https:\/\/i0.wp.com\/comoaprenderjapones.net\/wp-content\/uploads\/2017\/02\/Metodo_fan_art_desenhoaluno7.jpg?w=495&amp;ssl=1 495w, https:\/\/i0.wp.com\/comoaprenderjapones.net\/wp-content\/uploads\/2017\/02\/Metodo_fan_art_desenhoaluno7.jpg?resize=288%2C300&amp;ssl=1 288w\" sizes=\"(max-width: 495px) 100vw, 495px\" \/>T\u00e9moignage d&#039;Adson sur la m\u00e9thode Fan Art<\/div><div id=\"tab-2-depoimento-mika\" class=\"tab_content clearfix\"><\/p>\n<p><img data-recalc-dims=\"1\" decoding=\"async\" class=\"size-full wp-image-914 aligncenter\" src=\"https:\/\/i0.wp.com\/comoaprenderjapones.net\/wp-content\/uploads\/2017\/02\/Metodo_Fan_Art_desenhoaluno5.jpg?resize=516%2C546&#038;ssl=1\" alt=\"\" width=\"516\" height=\"546\" srcset=\"https:\/\/i0.wp.com\/comoaprenderjapones.net\/wp-content\/uploads\/2017\/02\/Metodo_Fan_Art_desenhoaluno5.jpg?w=516&amp;ssl=1 516w, https:\/\/i0.wp.com\/comoaprenderjapones.net\/wp-content\/uploads\/2017\/02\/Metodo_Fan_Art_desenhoaluno5.jpg?resize=284%2C300&amp;ssl=1 284w\" sizes=\"(max-width: 516px) 100vw, 516px\" \/><\/p>\n<p>T\u00e9moignage de Mika sur la m\u00e9thode du fan art.<\/p>\n<p><\/div><\/div><\/div><div class=\"clear\"><\/div>\n\n\n\n<h2 class=\"wp-block-heading\">La m\u00e9thode Fan Art fonctionne-t-elle ?<\/h2>\n\n\n\n<p>Avec certitude! Si vous avez vu le <a href=\"https:\/\/comoaprenderjapones.net\/fr\/methode-fan-art\/#depoimentos-dos-alunos\">t\u00e9moignages d&#039;\u00e9tudiants<\/a> vous avez d\u00e9j\u00e0 remarqu\u00e9 qu&#039;en plus d&#039;\u00eatre simple et tr\u00e8s didactique, Mayara Rodrigues sait de quoi elle parle\/fait.<\/p>\n\n\n\n<p>Vous visionnerez des vid\u00e9os de cours divis\u00e9s en modules afin que vous puissiez \u00e9voluer et mettre en pratique tout ce que vous avez appris facilement et sans perdre beaucoup de temps.<\/p>\n\n\n\n<p>\u00cates-vous convaincu que m\u00eame si vous n&#039;avez jamais dessin\u00e9 auparavant, vous pouvez pratiquement apprendre les techniques pour commencer \u00e0 dessiner des personnages d&#039;anime maintenant ?!<\/p>\n\n\n\n<p class=\"has-text-align-center\"><a class=\"fasc-button fasc-size-large fasc-type-glossy fasc-rounded-medium ico-fa fasc-ico-before fa-share-square-o\" style=\"background-color: #48aa3f; color: #ffffff;\" target=\"_blank\" rel=\"nofollow noopener\" href=\"https:\/\/comoaprenderjapones.net\/fr\/in\/conheca-o-metodo-fan-art\/\">D\u00e9couvrez la m\u00e9thode MAINTENANT et pourquoi elle est si populaire de nos jours\u00a0!<\/a><\/p>\n\n\n\n<h2 class=\"wp-block-heading\">Questions courantes<\/h2>\n\n\n<div id=\"rank-math-faq\" class=\"rank-math-block\">\n<div class=\"rank-math-list\">\n<div id=\"faq-question-1662400697637\" class=\"rank-math-list-item\">\n<h3 class=\"rank-math-question\"><strong>Le cours fonctionne-t-il pour moi?<\/strong><\/h3>\n<div class=\"rank-math-answer\">\n\n<p>Si vous avez 8 ans, 16 ans ou m\u00eame 40 ans (quel que soit votre \u00e2ge) et que vous souhaitez apprendre \u00e0 dessiner des personnages d&#039;anime et de manga, alors ce cours est fait pour vous !<\/p>\n\n<\/div>\n<\/div>\n<div id=\"faq-question-1662400711600\" class=\"rank-math-list-item\">\n<h3 class=\"rank-math-question\"><strong>Qu&#039;est-ce qui vient dans la m\u00e9thode Fan Art?<\/strong><\/h3>\n<div class=\"rank-math-answer\">\n\n<p>Il y a plus de 35 le\u00e7ons vid\u00e9o ainsi que des audios et des textes.<\/p>\n\n<\/div>\n<\/div>\n<div id=\"faq-question-1662400722590\" class=\"rank-math-list-item\">\n<h3 class=\"rank-math-question\"><strong>Quelle est la p\u00e9riode pour acc\u00e9der au cours?<\/strong><\/h3>\n<div class=\"rank-math-answer\">\n\n<p>L&#039;acc\u00e8s est \u00e0 vie, c&#039;est-\u00e0-dire pour une dur\u00e9e ind\u00e9termin\u00e9e.<\/p>\n\n<\/div>\n<\/div>\n<div id=\"faq-question-1662400736069\" class=\"rank-math-list-item\">\n<h3 class=\"rank-math-question\"><strong>Puis-je payer le cours en plusieurs fois ?<\/strong><\/h3>\n<div class=\"rank-math-answer\">\n\n<p>Oui, vous pouvez diviser le cours Fan Art 3.0 en 10 versements maximum sur votre carte de cr\u00e9dit. Vous pouvez m\u00eame utiliser 2 cartes de cr\u00e9dit si vous le souhaitez.<\/p>\n\n<\/div>\n<\/div>\n<div id=\"faq-question-1662400747920\" class=\"rank-math-list-item\">\n<h3 class=\"rank-math-question\"><strong>Est-il s\u00fbr d&#039;acheter la m\u00e9thode Fan Art ?<\/strong><\/h3>\n<div class=\"rank-math-answer\">\n\n<p>Oui le\u00a0<a href=\"https:\/\/comoaprenderjapones.net\/fr\/in\/comprar-metodo-fan-art-3-0-ck\/\" target=\"_blank\" rel=\"noreferrer noopener\">Plateforme Hotmart pour effectuer le paiement<\/a>\u00a0ce qui est tr\u00e8s s\u00fbr.<\/p>\n\n<\/div>\n<\/div>\n<div id=\"faq-question-1662400768520\" class=\"rank-math-list-item\">\n<h3 class=\"rank-math-question\"><strong>O\u00f9 puis-je poser mes questions ?<\/strong><\/h3>\n<div class=\"rank-math-answer\">\n\n<p>Il a un support via Whatsapp pour que vous puissiez r\u00e9pondre \u00e0 vos questions.<\/p>\n\n<\/div>\n<\/div>\n<div id=\"faq-question-1662400782852\" class=\"rank-math-list-item\">\n<h3 class=\"rank-math-question\"><strong>Ai-je besoin de quelque chose pour le cours?<\/strong><\/h3>\n<div class=\"rank-math-answer\">\n\n<p>Une connexion internet et des choses simples comme des crayons entre autres qui seront montr\u00e9s dans le cours.<\/p>\n\n<\/div>\n<\/div>\n<div id=\"faq-question-1662400805354\" class=\"rank-math-list-item\">\n<h3 class=\"rank-math-question\"><strong>Le cours a-t-il un certificat?<\/strong><\/h3>\n<div class=\"rank-math-answer\">\n\n<p>Oui, vous avez un certificat de fin de cours.<\/p>\n\n<\/div>\n<\/div>\n<div id=\"faq-question-1662400813086\" class=\"rank-math-list-item\">\n<h3 class=\"rank-math-question\"><strong>Le cours est-il garanti ?<\/strong><\/h3>\n<div class=\"rank-math-answer\">\n\n<p>Oui, la garantie est inconditionnelle pendant 7 jours, donc si vous n&#039;aimez pas le cours, vous pouvez demander un remboursement, avec un remboursement du montant total.<\/p>\n\n<\/div>\n<\/div>\n<\/div>\n<\/div>\n\n\n<p><strong>Avez-vous aim\u00e9 l&#039;astuce? Partagez avec vos amis en cliquant sur les boutons ci-dessous !<\/strong><\/p>\n\n<div style=\"font-size: 0px; height: 0px; line-height: 0px; margin: 0; padding: 0; clear: both;\"><\/div>","protected":false},"excerpt":{"rendered":"<p>Aprenda a como desenhar personagem de animes mesmo sem ter o \u201cdom\u201d passo a passo com o m\u00e9todo fan art 3.0 criado pela Mayara Rodrigues.\u00a0 Quem gosta da cultura japonesa, principalmente pelos animes, mangas j\u00e1<\/p>","protected":false},"author":1,"featured_media":3028,"parent":0,"menu_order":0,"comment_status":"closed","ping_status":"closed","template":"","meta":{"footnotes":""},"class_list":["post-904","page","type-page","status-publish","has-post-thumbnail"],"jetpack-related-posts":[{"id":94,"url":"https:\/\/comoaprenderjapones.net\/fr\/programa-japones-online\/","url_meta":{"origin":904,"position":0},"title":"Programme japonais en ligne + \u00e9v\u00e9nement intensif japonais gratuit","author":"Rafael Avelino","date":"20 de octobre de 2014","format":false,"excerpt":"Conhe\u00e7a o curso de japon\u00eas Programa Japon\u00eas Online do Sensei Luiz Rafael! \u3053\u3093\u306b\u3061\u306f! Est\u00e1 procurando um m\u00e9todo eficiente que te ensine do ZERO a ter um n\u00edvel de flu\u00eancia que possa consumir conte\u00fados totalmente em japon\u00eas? O m\u00e9todo criado pelo Luiz Rafael j\u00e1 passou por muitas atualiza\u00e7\u00f5es e est\u00e1 no\u2026","rel":"","context":"Article similaire","block_context":{"text":"Article similaire","link":""},"img":{"alt_text":"Programa Japon\u00eas Online - Intensiv\u00e3o de japon\u00eas","src":"https:\/\/i0.wp.com\/comoaprenderjapones.net\/wp-content\/uploads\/2021\/01\/programa-japones-online-intensivao-de-japones-2021.jpg?fit=1200%2C932&ssl=1&resize=350%2C200","width":350,"height":200,"srcset":"https:\/\/i0.wp.com\/comoaprenderjapones.net\/wp-content\/uploads\/2021\/01\/programa-japones-online-intensivao-de-japones-2021.jpg?fit=1200%2C932&ssl=1&resize=350%2C200 1x, https:\/\/i0.wp.com\/comoaprenderjapones.net\/wp-content\/uploads\/2021\/01\/programa-japones-online-intensivao-de-japones-2021.jpg?fit=1200%2C932&ssl=1&resize=525%2C300 1.5x, https:\/\/i0.wp.com\/comoaprenderjapones.net\/wp-content\/uploads\/2021\/01\/programa-japones-online-intensivao-de-japones-2021.jpg?fit=1200%2C932&ssl=1&resize=700%2C400 2x, https:\/\/i0.wp.com\/comoaprenderjapones.net\/wp-content\/uploads\/2021\/01\/programa-japones-online-intensivao-de-japones-2021.jpg?fit=1200%2C932&ssl=1&resize=1050%2C600 3x"},"classes":[]},{"id":35,"url":"https:\/\/comoaprenderjapones.net\/fr\/sobre\/","url_meta":{"origin":904,"position":1},"title":"Sur","author":"Rafael Avelino","date":"24 de ao\u00fbt de 2014","format":false,"excerpt":"Ol\u00e1 Minna! Sou Rafael admin deste site, como vai? Muito obrigado por visitar este site que pretende passar dicas de como aprender japon\u00eas para quem est\u00e1 iniciando, assim como eu. Vamos tentar abordar tudo que possa ajudar no seu aprendizado do idioma japon\u00eas, que vai desde animes,m\u00fasicas,mangas e tamb\u00e9m o\u2026","rel":"","context":"Article similaire","block_context":{"text":"Article similaire","link":""},"img":{"alt_text":"","src":"","width":0,"height":0},"classes":[]},{"id":860,"url":"https:\/\/comoaprenderjapones.net\/fr\/japones-expresso-curso-online-japones\/","url_meta":{"origin":904,"position":2},"title":"Japanese Express : cours de japonais en ligne","author":"Rafael Avelino","date":"14 de novembre de 2016","format":false,"excerpt":"Conhe\u00e7a curso online japon\u00eas expresso promete te ajudar a sair do zero no idioma japon\u00eas e tamb\u00e9m para quem tem viagem marcada para o Jap\u00e3o. CURSO N\u00c3O EST\u00c1 DISPONIVEL. Conhe\u00e7a o curso Completo do Sensei Luiz Rafael o ???? Programa Japon\u00eas Online! Quem gosta da cultura japonesa, seja animes, mangas,\u2026","rel":"","context":"Article similaire","block_context":{"text":"Article similaire","link":""},"img":{"alt_text":"Japon\u00eas Expresso curso online de japon\u00eas","src":"https:\/\/i0.wp.com\/comoaprenderjapones.net\/wp-content\/uploads\/2016\/11\/Japones_Expresso.jpg?fit=1200%2C696&ssl=1&resize=350%2C200","width":350,"height":200,"srcset":"https:\/\/i0.wp.com\/comoaprenderjapones.net\/wp-content\/uploads\/2016\/11\/Japones_Expresso.jpg?fit=1200%2C696&ssl=1&resize=350%2C200 1x, https:\/\/i0.wp.com\/comoaprenderjapones.net\/wp-content\/uploads\/2016\/11\/Japones_Expresso.jpg?fit=1200%2C696&ssl=1&resize=525%2C300 1.5x, https:\/\/i0.wp.com\/comoaprenderjapones.net\/wp-content\/uploads\/2016\/11\/Japones_Expresso.jpg?fit=1200%2C696&ssl=1&resize=700%2C400 2x, https:\/\/i0.wp.com\/comoaprenderjapones.net\/wp-content\/uploads\/2016\/11\/Japones_Expresso.jpg?fit=1200%2C696&ssl=1&resize=1050%2C600 3x"},"classes":[]}],"jetpack_sharing_enabled":true,"amp_enabled":true,"_links":{"self":[{"href":"https:\/\/comoaprenderjapones.net\/fr\/wp-json\/wp\/v2\/pages\/904","targetHints":{"allow":["GET"]}}],"collection":[{"href":"https:\/\/comoaprenderjapones.net\/fr\/wp-json\/wp\/v2\/pages"}],"about":[{"href":"https:\/\/comoaprenderjapones.net\/fr\/wp-json\/wp\/v2\/types\/page"}],"author":[{"embeddable":true,"href":"https:\/\/comoaprenderjapones.net\/fr\/wp-json\/wp\/v2\/users\/1"}],"replies":[{"embeddable":true,"href":"https:\/\/comoaprenderjapones.net\/fr\/wp-json\/wp\/v2\/comments?post=904"}],"version-history":[{"count":0,"href":"https:\/\/comoaprenderjapones.net\/fr\/wp-json\/wp\/v2\/pages\/904\/revisions"}],"wp:featuredmedia":[{"embeddable":true,"href":"https:\/\/comoaprenderjapones.net\/fr\/wp-json\/wp\/v2\/media\/3028"}],"wp:attachment":[{"href":"https:\/\/comoaprenderjapones.net\/fr\/wp-json\/wp\/v2\/media?parent=904"}],"curies":[{"name":"wp","href":"https:\/\/api.w.org\/{rel}","templated":true}]}}