{"id":94,"date":"2014-10-20T14:59:33","date_gmt":"2014-10-20T16:59:33","guid":{"rendered":"https:\/\/comoaprenderjapones.net\/?page_id=94"},"modified":"2022-02-07T19:04:36","modified_gmt":"2022-02-07T22:04:36","slug":"programme-japonais-en-ligne","status":"publish","type":"page","link":"https:\/\/comoaprenderjapones.net\/fr\/programa-japones-online\/","title":{"rendered":"Programme japonais en ligne + \u00e9v\u00e9nement intensif japonais gratuit"},"content":{"rendered":"<div class=\"d5c332bdcbd3300d2a784003ec0610c8\" data-index=\"2\" style=\"float: none; margin:0px;\">\n<script async src=\"https:\/\/pagead2.googlesyndication.com\/pagead\/js\/adsbygoogle.js?client=ca-pub-0652292147574552\"\r\n     crossorigin=\"anonymous\"><\/script>\r\n<!-- Ads responsivo Inicio Post CAJap -->\r\n<ins class=\"adsbygoogle\"\r\n     style=\"display:block\"\r\n     data-ad-client=\"ca-pub-0652292147574552\"\r\n     data-ad-slot=\"3298668993\"\r\n     data-ad-format=\"auto\"><\/ins>\r\n<script>\r\n     (adsbygoogle = window.adsbygoogle || []).push({});\r\n<\/script>\n<\/div>\n\n<p><em>D\u00e9couvrir le cours de japonais <strong>Programme japonais en ligne<\/strong> par Sensei Luiz Rafael !<\/em><\/p>\n\n\n\n<p>\u3053 \u3093 \u306b \u3061 \u306f! \u00cates-vous \u00e0 la recherche d&#039;une m\u00e9thode efficace qui vous apprend de Z\u00c9RO \u00e0 un niveau de fluidit\u00e9 qui peut consommer du contenu enti\u00e8rement en japonais\u00a0?<\/p>\n\n\n\n<p>La m\u00e9thode cr\u00e9\u00e9e par Luiz Rafael a subi de nombreuses mises \u00e0 jour et est sur le march\u00e9 depuis des ann\u00e9es et actuellement (2021) c&#039;est l&#039;un des meilleurs et des plus complets cours de japonais en ligne.<\/p>\n\n\n\n<p class=\"has-background\" style=\"background-color:#fff2f2\"><strong>R\u00e9sum\u00e9 de l&#039;article<br \/><\/strong><a href=\"#lingua-japonesa\">la langue japonaise<br \/><\/a><a href=\"#quem-e-luiz-rafael\">Qui est Luiz Rafael ?<br \/><\/a><a href=\"#programa-japones-online\">Programme japonais en ligne<br \/><\/a><a href=\"#depoimento-aluno\">T\u00e9moignage d&#039;un \u00e9tudiant du programme de japonais en ligne<br \/><\/a><a href=\"#intensivao-japones\">Japonais intensif<br \/><\/a><a href=\"#abertura-vagas\">Comment fonctionne l&#039;ouverture des postes vacants ?<\/a><\/p>\n\n\n\n<p>Si vous aimez la culture japonaise \u00e0 cause des anime, Tokusatsu, manga, films, c&#039;est une bonne raison de commencer \u00e0 les regarder sans sous-titres.<\/p>\n\n\n\n<p>Cela ne doit pas n\u00e9cessairement \u00eatre ceux-l\u00e0, mais voyager, vivre, \u00e9tudier au Japon est aussi une excellente raison de vouloir apprendre la langue japonaise.<\/p>\n\n\n\n<p>Quoi qu&#039;il en soit, si vous avez d\u00e9cid\u00e9 d&#039;apprendre la langue japonaise, ce cours peut vous aider \u00e0 atteindre cet objectif.<\/p>\n\n\n\n<h2 class=\"wp-block-heading\" id=\"lingua-japonesa\"><span style=\"color: #e5141b;\">la langue japonaise<\/span><\/h2>\n\n\n\n<p><strong>apprendre le japonais<\/strong> Cela n&#039;a pas \u00e0 \u00eatre aussi difficile que beaucoup, m\u00eame moi, l&#039;imaginent. Conna\u00eetre la bonne fa\u00e7on d&#039;\u00e9tudier vous permet d&#039;apprendre beaucoup plus facilement.<\/p>\n\n\n\n<p>Manifestement que le <a href=\"https:\/\/pt.wikipedia.org\/wiki\/L%C3%ADngua_japonesa\" target=\"_blank\" rel=\"noopener noreferrer\">langue japonaise<\/a> ce n&#039;est pas la m\u00eame chose que si nous devions apprendre l&#039;anglais, car dans la langue anglaise nous sommes d\u00e9j\u00e0 familiers avec les mots, sans compter que nous en utilisons beaucoup dans la vie de tous les jours, et avec de nombreuses prononciations.<\/p>\n\n\n\n<p>En japonais, cependant, il faut absolument repartir de z\u00e9ro pour atteindre la fluidit\u00e9 tant attendue. Ce qui est &quot;difficile&quot; m\u00eame pour les d\u00e9butants, c&#039;est l&#039;alphabet\/id\u00e9ogramme japonais, qui sont trois\u00a0:<\/p>\n\n\n\n<ul class=\"wp-block-list\"><li>Hiragana avec 46 id\u00e9ogrammes.<\/li><li>Katakana avec 46 id\u00e9ogrammes.<\/li><li>Kanji qui a des milliers d&#039;id\u00e9ogrammes, mais les plus utilis\u00e9s sont environ 2500 kanji.<\/li><\/ul>\n\n\n\n<p>Nous avons \u00e9galement le romaji qui nous aide \u00e0 lire et \u00e0 prononcer correctement les id\u00e9ogrammes et le furigana qui est g\u00e9n\u00e9ralement \u00e9crit en hiragana et se trouve au-dessus du kanji d\u00e9crivant comment il se prononce.<\/p>\n\n\n\n<p>Il n&#039;est pas n\u00e9cessaire que ce soit si compliqu\u00e9 d&#039;apprendre le nihongo, comme le <a href=\"https:\/\/comoaprenderjapones.net\/fr\/in\/aprenda-nihongo\/\" target=\"_blank\" rel=\"noreferrer noopener\">Sensei Luiz Rafael<\/a> dit que nous devons faire beaucoup d&#039;entr\u00e9es, c&#039;est-\u00e0-dire que tout ce que nous obtenons est de lire, d&#039;\u00e9couter.<\/p>\n\n\n<div class=\"gb-button-wrapper gb-button-wrapper-9eef6438\">\n\n<a class=\"gb-button gb-button-62a4c394 gb-button-text\" href=\"https:\/\/comoaprenderjapones.net\/fr\/in\/aprenda-nihongo\/\" target=\"_blank\" rel=\"nofollow noopener noreferrer\">D\u00e9couvrez le programme en cliquant ici !<\/a>\n\n<\/div>\n\n\n<h2 class=\"wp-block-heading\" id=\"quem-e-luiz-rafael\"><span style=\"color: #e5141b;\">Qui est \u5148\u751f Luiz Rafael ?<\/span><\/h2>\n\n\n\n<div class=\"wp-block-image\"><figure class=\"alignleft\"><img data-recalc-dims=\"1\" decoding=\"async\" width=\"371\" height=\"267\" src=\"https:\/\/i0.wp.com\/comoaprenderjapones.net\/wp-content\/uploads\/2014\/10\/Luiz_Rafael_Programa_Japones_Online.png?resize=371%2C267&#038;ssl=1\" alt=\"Luiz Rafael cr\u00e9ateur du programme japonais en ligne\" class=\"wp-image-95\" title=\"Programme japonais en ligne\" srcset=\"https:\/\/i0.wp.com\/comoaprenderjapones.net\/wp-content\/uploads\/2014\/10\/Luiz_Rafael_Programa_Japones_Online.png?w=371&amp;ssl=1 371w, https:\/\/i0.wp.com\/comoaprenderjapones.net\/wp-content\/uploads\/2014\/10\/Luiz_Rafael_Programa_Japones_Online.png?resize=300%2C215&amp;ssl=1 300w\" sizes=\"(max-width: 371px) 100vw, 371px\" \/><figcaption><strong>Luiz Rafael<\/strong> cr\u00e9ateur du programme de japonais en ligne<\/figcaption><\/figure><\/div>\n\n\n\n<p>Luiz faisait partie des milliers de personnes qui, \u00e0 l&#039;adolescence, ont commenc\u00e9 \u00e0 s&#039;int\u00e9resser \u00e0 la culture japonaise, qu&#039;il s&#039;agisse de mangas, d&#039;animes, de films, et ont d\u00e9cid\u00e9 d&#039;apprendre le japonais.<\/p>\n\n\n\n<p>Comme la grande majorit\u00e9, il a mal commenc\u00e9, croyant atteindre la fluidit\u00e9, mais il n&#039;a pas obtenu de r\u00e9sultats satisfaisants en suivant des cours en pr\u00e9sentiel.<\/p>\n\n\n\n<p>C&#039;est alors qu&#039;il a cherch\u00e9 une bonne fa\u00e7on d&#039;apprendre une nouvelle langue, et le meilleur qu&#039;il a mis en pratique pour voir si cela fonctionnait vraiment.<\/p>\n\n\n\n<p>Ce qui est \u00e9tonnant, c&#039;est qu&#039;il a r\u00e9ussi avec cette m\u00e9thode et a atteint son objectif de parler couramment le japonais.<\/p>\n\n\n\n<h2 class=\"has-text-align-left wp-block-heading\" id=\"programa-japones-online\"><span style=\"color: #e5141b;\">Programme japonais en ligne<\/span><\/h2>\n\n\n\n<p>En pensant \u00e0 ce besoin et \u00e0 la frustration de milliers de personnes qui veulent apprendre le nihongo, Sensei a d\u00e9cid\u00e9 de <a href=\"https:\/\/comoaprenderjapones.net\/fr\/in\/aprenda-nihongo\/\" target=\"_blank\" rel=\"noreferrer noopener\">cr\u00e9er un cours de japonais en ligne<\/a> afin que vous appreniez beaucoup plus efficacement.<\/p>\n\n\n\n<p>La m\u00e9thode d\u00e9velopp\u00e9e par Sensei Luiz Rafael est extr\u00eamement efficace. L&#039;un des piliers est que vous devez d&#039;abord apprendre \u00e0 lire afin de commencer \u00e0 faire beaucoup d&#039;entr\u00e9es. En apprenant les hiragana et les katakana, vous pouvez commencer \u00e0 lire des mangas, des livres, des sites Web.<\/p>\n\n\n\n<p>En plus du mode d&#039;enseignement de Sensei \u00e9tant bien meilleur que la plupart, vous b\u00e9n\u00e9ficierez d&#039;un excellent support. Il ne vous laisse pas d\u00e9courager, il vous enverra toujours des nouvelles, des histoires, des motivations pour que vous n&#039;arr\u00eatiez pas d&#039;\u00e9tudier pour atteindre votre objectif.<\/p>\n\n\n\n<p>Le cours n&#039;est pas ax\u00e9 sur la grammaire, vous apprenez \u00e0 votre rythme sur un site ferm\u00e9 r\u00e9serv\u00e9 aux \u00e9tudiants et un portail communautaire.<\/p>\n\n\n\n<h3 class=\"wp-block-heading\" id=\"depoimento-aluno\"><span style=\"color: #e5141b;\">T\u00e9moignage\u00a0: \u00e9tudiant du programme de japonais en ligne<\/span><\/h3>\n\n\n\n<p>Vous trouverez ci-dessous la d\u00e9claration sinc\u00e8re de Lu\u00eds Eduardo Nunes sur le cours et l&#039;importance de prendre les \u00e9tudes au s\u00e9rieux, ainsi que la m\u00e9thode de Luiz, qui est plus qu&#039;un <a href=\"https:\/\/comoaprenderjapones.net\/fr\/programme-japonais-en-ligne\/\">cours de japonais<\/a> et le moyen le plus efficace d&#039;\u00e9tudier une langue, regardez :<\/p>\n\n\n\n<figure class=\"wp-block-embed is-type-video is-provider-youtube wp-block-embed-youtube wp-embed-aspect-16-9 wp-has-aspect-ratio\"><div class=\"wp-block-embed__wrapper\">\n<iframe title=\"L&#039;importance d&#039;\u00e9tudier le japonais (Lu\u00eds Eduardo Nunes) | Programme japonais en ligne\" width=\"1200\" height=\"675\" src=\"https:\/\/www.youtube.com\/embed\/xwTbhm8ASq4?feature=oembed\" frameborder=\"0\" allow=\"accelerometer; autoplay; clipboard-write; encrypted-media; gyroscope; picture-in-picture\" allowfullscreen><\/iframe>\n<\/div><figcaption>T\u00e9moignage d&#039;Eduardo Nunes \u2013 Programme de japonais en ligne<\/figcaption><\/figure>\n\n\n\n<p>comme pr\u00e9vu le <a href=\"https:\/\/comoaprenderjapones.net\/fr\/in\/aprenda-nihongo\/\" target=\"_blank\" rel=\"noreferrer noopener\">Le programme de japonais en ligne a des places limit\u00e9es<\/a> afin que Sensei puisse accorder l&#039;attention voulue \u00e0 chacun et dissiper ses doutes.<\/p>\n\n\n\n<h2 class=\"wp-block-heading\" id=\"intensivao-japones\"><span style=\"color: #e5141b;\">Japonais intensif<\/span><\/h2>\n\n\n\n<p>Chaque ann\u00e9e, environ deux fois (ou plus), Luiz Rafael organise l&#039;\u00e9v\u00e9nement appel\u00e9 <strong>Japonais intensif<\/strong> dans lequel, \u00e0 travers un mini-cours gratuit, il pr\u00e9sente sa m\u00e9thodologie pour que vous appreniez le japonais plus facilement et efficacement.<\/p>\n\n\n\n<p>Jusqu&#039;\u00e0 pr\u00e9sent, il y a d\u00e9j\u00e0 eu quelques intensit\u00e9s de la langue japonaise, pour en savoir plus sur la prochaine, il suffit <a href=\"https:\/\/comoaprenderjapones.net\/fr\/in\/aprenda-nihongo\/\" target=\"_blank\" rel=\"noreferrer noopener\">Cliquez ici<\/a>!<\/p>\n\n\n\n<p><em>N&#039;oubliez pas que cet \u00e9v\u00e9nement ne se produit que quelques fois par an et qu&#039;il se peut que, selon le moment o\u00f9 vous lisez cet article, il soit d\u00e9j\u00e0 termin\u00e9.<\/em><\/p>\n\n\n\n<div class=\"wp-block-image\"><figure class=\"aligncenter size-large\"><img data-recalc-dims=\"1\" decoding=\"async\" width=\"1024\" height=\"318\" src=\"https:\/\/i0.wp.com\/comoaprenderjapones.net\/wp-content\/uploads\/2021\/01\/Intensivao-japones-2021-janeiro.jpg?resize=1024%2C318&#038;ssl=1\" alt=\"Programme en ligne de japonais intensif en japonais\" class=\"wp-image-3146\" srcset=\"https:\/\/i0.wp.com\/comoaprenderjapones.net\/wp-content\/uploads\/2021\/01\/Intensivao-japones-2021-janeiro.jpg?resize=1024%2C318&amp;ssl=1 1024w, https:\/\/i0.wp.com\/comoaprenderjapones.net\/wp-content\/uploads\/2021\/01\/Intensivao-japones-2021-janeiro.jpg?resize=300%2C93&amp;ssl=1 300w, https:\/\/i0.wp.com\/comoaprenderjapones.net\/wp-content\/uploads\/2021\/01\/Intensivao-japones-2021-janeiro.jpg?resize=768%2C239&amp;ssl=1 768w, https:\/\/i0.wp.com\/comoaprenderjapones.net\/wp-content\/uploads\/2021\/01\/Intensivao-japones-2021-janeiro.jpg?resize=150%2C47&amp;ssl=1 150w, https:\/\/i0.wp.com\/comoaprenderjapones.net\/wp-content\/uploads\/2021\/01\/Intensivao-japones-2021-janeiro.jpg?w=1045&amp;ssl=1 1045w\" sizes=\"(max-width: 1024px) 100vw, 1024px\" \/><figcaption>Programme en ligne de japonais intensif en japonais<\/figcaption><\/figure><\/div>\n\n\n\n<p>Plus besoin de chercher sur Internet comment apprendre le japonais, avec le programme de japonais en ligne, vous aurez un site ferm\u00e9 r\u00e9serv\u00e9 aux membres avec des le\u00e7ons vid\u00e9o, des documents, des audios et bien plus encore !<br \/><\/p>\n\n\n\n<p>Vous recevrez une s\u00e9rie de vid\u00e9os gratuites racontant l&#039;histoire et la m\u00e9thode utilis\u00e9e par \u305b\u3093\u305b\u3044 Luiz Rafael et son parcours pour atteindre la ma\u00eetrise du nihongo.<\/p>\n\n\n\n<h3 class=\"wp-block-heading\" id=\"abertura-vagas\"><span style=\"color: #e5141b;\">Comment fonctionne le poste vacant du programme japonais en ligne\u00a0?<\/span><\/h3>\n\n\n\n<p>Si vous avez suivi la semaine NIHONGO, qui dure g\u00e9n\u00e9ralement 1 semaine ou plus, il est montr\u00e9 comment Luiz enseigne avec sa m\u00e9thodologie et aussi comment le support va fonctionner<\/p>\n\n\n\n<p>Le cours dure 9 mois, mais vous b\u00e9n\u00e9ficiez de 9 mois suppl\u00e9mentaires qui totalisent 18 mois d&#039;acc\u00e8s au cours plus un soutien complet pour dissiper tous vos doutes avec l&#039;\u00e9quipe.<\/p>\n\n\n\n<p>Le programme dispose \u00e9galement d&#039;un nombre limit\u00e9 de places afin qu&#039;il soit possible d&#039;offrir un soutien d&#039;excellente qualit\u00e9 \u00e0 chaque \u00e9tudiant.<\/p>\n\n\n\n<p>N&#039;oubliez pas que les postes vacants se terminent g\u00e9n\u00e9ralement dans 2 jours et sont \u00e9galement ouverts jusqu&#039;\u00e0 un maximum de 3 jours, mais les postes vacants sont \u00e9puis\u00e9s avant le dernier jour.<\/p>\n\n\n\n<p>Si vous souhaitez apprendre le japonais avec la meilleure m\u00e9thodologie au Br\u00e9sil, cliquez sur le bouton ci-dessous :<\/p>\n\n\n<div class=\"gb-button-wrapper gb-button-wrapper-f4deca25\">\n\n<a class=\"gb-button gb-button-7aa7f773 gb-button-text\" href=\"https:\/\/comoaprenderjapones.net\/fr\/in\/aprenda-nihongo\/\" target=\"_blank\" rel=\"nofollow noopener noreferrer\">D\u00e9couvrez comment fonctionnent les offres d&#039;emploi en cliquant ici !<\/a>\n\n<\/div>\n\n\n<p><strong>??<\/strong>!<\/p>\n\n<div style=\"font-size: 0px; height: 0px; line-height: 0px; margin: 0; padding: 0; clear: both;\"><\/div>","protected":false},"excerpt":{"rendered":"<p>D\u00e9couvrez le cours de japonais Online Japanese Program de Sensei Luiz Rafael !\u3053 \u3093 \u306b \u3061 \u306f! \u00cates-vous \u00e0 la recherche d&#039;une m\u00e9thode efficace qui vous apprend \u00e0 partir de Z\u00c9RO \u00e0 avoir un niveau de fluidit\u00e9 qui peut consommer compl\u00e8tement le contenu en<\/p>","protected":false},"author":1,"featured_media":3155,"parent":0,"menu_order":0,"comment_status":"closed","ping_status":"closed","template":"","meta":{"footnotes":""},"class_list":["post-94","page","type-page","status-publish","has-post-thumbnail"],"jetpack-related-posts":[{"id":860,"url":"https:\/\/comoaprenderjapones.net\/fr\/japones-expresso-curso-online-japones\/","url_meta":{"origin":94,"position":0},"title":"Japanese Express : cours de japonais en ligne","author":"Rafael Avelino","date":"14 de novembre de 2016","format":false,"excerpt":"Conhe\u00e7a curso online japon\u00eas expresso promete te ajudar a sair do zero no idioma japon\u00eas e tamb\u00e9m para quem tem viagem marcada para o Jap\u00e3o. CURSO N\u00c3O EST\u00c1 DISPONIVEL. Conhe\u00e7a o curso Completo do Sensei Luiz Rafael o ???? Programa Japon\u00eas Online! Quem gosta da cultura japonesa, seja animes, mangas,\u2026","rel":"","context":"Article similaire","block_context":{"text":"Article similaire","link":""},"img":{"alt_text":"Japon\u00eas Expresso curso online de japon\u00eas","src":"https:\/\/i0.wp.com\/comoaprenderjapones.net\/wp-content\/uploads\/2016\/11\/Japones_Expresso.jpg?fit=1200%2C696&ssl=1&resize=350%2C200","width":350,"height":200,"srcset":"https:\/\/i0.wp.com\/comoaprenderjapones.net\/wp-content\/uploads\/2016\/11\/Japones_Expresso.jpg?fit=1200%2C696&ssl=1&resize=350%2C200 1x, https:\/\/i0.wp.com\/comoaprenderjapones.net\/wp-content\/uploads\/2016\/11\/Japones_Expresso.jpg?fit=1200%2C696&ssl=1&resize=525%2C300 1.5x, https:\/\/i0.wp.com\/comoaprenderjapones.net\/wp-content\/uploads\/2016\/11\/Japones_Expresso.jpg?fit=1200%2C696&ssl=1&resize=700%2C400 2x, https:\/\/i0.wp.com\/comoaprenderjapones.net\/wp-content\/uploads\/2016\/11\/Japones_Expresso.jpg?fit=1200%2C696&ssl=1&resize=1050%2C600 3x"},"classes":[]},{"id":4016,"url":"https:\/\/comoaprenderjapones.net\/fr\/curso-japones-club-por-skdesu\/","url_meta":{"origin":94,"position":1},"title":"Curso Japon\u00eas Club por Skdesu","author":"Rafael Avelino","date":"2 de f\u00e9vrier de 2023","format":false,"excerpt":"Advertorial Aprenda a L\u00edngua Japonesa com o Curso Japon\u00eas Club e Tenha a solu\u00e7\u00e3o definitiva para superar qualquer desafio! Mang\u00e1 Death Note Olha s\u00f3 o que voc\u00ea tem no Curso Japon\u00eas Club! + de 140 v\u00eddeo aulas em Alta Defini\u00e7\u00e3o Jogos e Atividades Interativas Pagamento \u00danico (N\u00e3o tem Mensalidades) Acesso\u2026","rel":"","context":"Article similaire","block_context":{"text":"Article similaire","link":""},"img":{"alt_text":"","src":"https:\/\/i0.wp.com\/comoaprenderjapones.net\/wp-content\/uploads\/2023\/02\/japones-club-advertorial.jpg?fit=1023%2C499&ssl=1&resize=350%2C200","width":350,"height":200,"srcset":"https:\/\/i0.wp.com\/comoaprenderjapones.net\/wp-content\/uploads\/2023\/02\/japones-club-advertorial.jpg?fit=1023%2C499&ssl=1&resize=350%2C200 1x, https:\/\/i0.wp.com\/comoaprenderjapones.net\/wp-content\/uploads\/2023\/02\/japones-club-advertorial.jpg?fit=1023%2C499&ssl=1&resize=525%2C300 1.5x, https:\/\/i0.wp.com\/comoaprenderjapones.net\/wp-content\/uploads\/2023\/02\/japones-club-advertorial.jpg?fit=1023%2C499&ssl=1&resize=700%2C400 2x"},"classes":[]},{"id":35,"url":"https:\/\/comoaprenderjapones.net\/fr\/sobre\/","url_meta":{"origin":94,"position":2},"title":"Sur","author":"Rafael Avelino","date":"24 de ao\u00fbt de 2014","format":false,"excerpt":"Ol\u00e1 Minna! Sou Rafael admin deste site, como vai? Muito obrigado por visitar este site que pretende passar dicas de como aprender japon\u00eas para quem est\u00e1 iniciando, assim como eu. Vamos tentar abordar tudo que possa ajudar no seu aprendizado do idioma japon\u00eas, que vai desde animes,m\u00fasicas,mangas e tamb\u00e9m o\u2026","rel":"","context":"Article similaire","block_context":{"text":"Article similaire","link":""},"img":{"alt_text":"","src":"","width":0,"height":0},"classes":[]},{"id":179,"url":"https:\/\/comoaprenderjapones.net\/fr\/mapa-site\/","url_meta":{"origin":94,"position":3},"title":"Plan du site","author":"Rafael Avelino","date":"31 de janvier de 2015","format":false,"excerpt":"Plan du site Voir tous les articles publi\u00e9s ici sur Comment apprendre le japonais","rel":"","context":"Article similaire","block_context":{"text":"Article similaire","link":""},"img":{"alt_text":"","src":"","width":0,"height":0},"classes":[]},{"id":2786,"url":"https:\/\/comoaprenderjapones.net\/fr\/acompanhe\/","url_meta":{"origin":94,"position":4},"title":"suivre","author":"Rafael Avelino","date":"12 de juin de 2020","format":false,"excerpt":"Para n\u00e3o perder alguma novidade ou dica logo em seguida vou indicar v\u00e1rias op\u00e7\u00f5es para que voc\u00ea acompanhe o comoaprenderjapones.net da maneira que desejar e que mais goste. Acompanhe pelo Feed Um dos meios mais tradicionais para voc\u00ea receber as novidades instantaneamente quando algo \u00e9 publicado por aqui. Feed do\u2026","rel":"","context":"Article similaire","block_context":{"text":"Article similaire","link":""},"img":{"alt_text":"Acompanhe pelo Feedly o comoaprenderjapones.net","src":"https:\/\/i0.wp.com\/comoaprenderjapones.net\/wp-content\/uploads\/2020\/06\/feedly-follow.png?resize=350%2C200&ssl=1","width":350,"height":200},"classes":[]},{"id":9,"url":"https:\/\/comoaprenderjapones.net\/fr\/politica-de-privacidade\/","url_meta":{"origin":94,"position":5},"title":"Politique de confidentialit\u00e9","author":"Rafael Avelino","date":"24 de ao\u00fbt de 2014","format":false,"excerpt":"Esta Pol\u00edtica de Privacidade foi elaborada visando zelar pela confidencialidade, privacidade e prote\u00e7\u00e3o dos dados pessoais dos visitantes deste site e dos usu\u00e1rios de nossos servi\u00e7os, protegendo essas informa\u00e7\u00f5es de perdas, uso impr\u00f3prio, acesso n\u00e3o autorizado, altera\u00e7\u00e3o e destrui\u00e7\u00e3o. 1. Coleta e Uso das Informa\u00e7\u00f5es O acesso a este Site\u2026","rel":"","context":"Article similaire","block_context":{"text":"Article similaire","link":""},"img":{"alt_text":"","src":"","width":0,"height":0},"classes":[]}],"jetpack_sharing_enabled":true,"amp_enabled":true,"_links":{"self":[{"href":"https:\/\/comoaprenderjapones.net\/fr\/wp-json\/wp\/v2\/pages\/94","targetHints":{"allow":["GET"]}}],"collection":[{"href":"https:\/\/comoaprenderjapones.net\/fr\/wp-json\/wp\/v2\/pages"}],"about":[{"href":"https:\/\/comoaprenderjapones.net\/fr\/wp-json\/wp\/v2\/types\/page"}],"author":[{"embeddable":true,"href":"https:\/\/comoaprenderjapones.net\/fr\/wp-json\/wp\/v2\/users\/1"}],"replies":[{"embeddable":true,"href":"https:\/\/comoaprenderjapones.net\/fr\/wp-json\/wp\/v2\/comments?post=94"}],"version-history":[{"count":0,"href":"https:\/\/comoaprenderjapones.net\/fr\/wp-json\/wp\/v2\/pages\/94\/revisions"}],"wp:featuredmedia":[{"embeddable":true,"href":"https:\/\/comoaprenderjapones.net\/fr\/wp-json\/wp\/v2\/media\/3155"}],"wp:attachment":[{"href":"https:\/\/comoaprenderjapones.net\/fr\/wp-json\/wp\/v2\/media?parent=94"}],"curies":[{"name":"wp","href":"https:\/\/api.w.org\/{rel}","templated":true}]}}