{"id":2786,"date":"2020-06-12T00:13:06","date_gmt":"2020-06-12T03:13:06","guid":{"rendered":"https:\/\/comoaprenderjapones.net\/?page_id=2786"},"modified":"2021-02-18T00:01:51","modified_gmt":"2021-02-18T03:01:51","slug":"kovesse","status":"publish","type":"page","link":"https:\/\/comoaprenderjapones.net\/hu\/acompanhe\/","title":{"rendered":"K\u00f6vesse a"},"content":{"rendered":"<div class=\"0ce2e1532cfed878672bf28fff76695e\" data-index=\"2\" style=\"float: none; margin:0px;\">\n<script async src=\"https:\/\/pagead2.googlesyndication.com\/pagead\/js\/adsbygoogle.js?client=ca-pub-0652292147574552\"\r\n     crossorigin=\"anonymous\"><\/script>\r\n<!-- Ads responsivo Inicio Post CAJap -->\r\n<ins class=\"adsbygoogle\"\r\n     style=\"display:block\"\r\n     data-ad-client=\"ca-pub-0652292147574552\"\r\n     data-ad-slot=\"3298668993\"\r\n     data-ad-format=\"auto\"><\/ins>\r\n<script>\r\n     (adsbygoogle = window.adsbygoogle || []).push({});\r\n<\/script>\n<\/div>\n\n<p>Annak \u00e9rdek\u00e9ben, hogy ne maradjon le semmi \u00fajdons\u00e1gr\u00f3l vagy tippr\u0151l, t\u00f6bb lehet\u0151s\u00e9get is megjel\u00f6l\u00f6k az \u00d6n sz\u00e1m\u00e1ra. <strong>k\u00f6vesse comoaprenderjapones.net<\/strong> \u00fagy, ahogyan \u00d6n szeretn\u00e9 \u00e9s a legjobban szereti.<\/p>\n\n\n\n<h2 class=\"wp-block-heading\">K\u00f6vesse a Feed-et<\/h2>\n\n\n\n<p>Az egyik leghagyom\u00e1nyosabb m\u00f3dja annak, hogy azonnal \u00e9rtes\u00fclj\u00f6n a h\u00edrekr\u0151l, ha valami itt jelenik meg.<\/p>\n\n\n\n<p>Comoaprenderjapones takarm\u00e1ny <a rel=\"noreferrer noopener\" href=\"https:\/\/comoaprenderjapones.net\/hu\/feed\/\" target=\"_blank\">https:\/\/comoaprenderjapones.net\/feed\/<\/a><\/p>\n\n\n\n<p>Ha akarod, k\u00f6vetheted a Feedly-n is:<\/p>\n\n\n\n<div class=\"wp-block-image\"><figure class=\"aligncenter size-large\"><a href=\"https:\/\/feedly.com\/i\/subscription\/feed\/https:\/\/comoaprenderjapones.net\/feed\/\" target=\"_blank\" rel=\"noopener noreferrer\"><img data-recalc-dims=\"1\" decoding=\"async\" width=\"262\" height=\"112\" src=\"https:\/\/i0.wp.com\/comoaprenderjapones.net\/wp-content\/uploads\/2020\/06\/feedly-follow.png?resize=262%2C112&#038;ssl=1\" alt=\"K\u00f6vesse a Feedly-n howtolearnjapones.net\" class=\"wp-image-2789\"\/><\/a><\/figure><\/div>\n\n\n\n<h2 class=\"wp-block-heading\">Szoci\u00e1lis h\u00e1l\u00f3zatok<\/h2>\n\n\n\n<p>a manaps\u00e1g legink\u00e1bb az olyan oldalak n\u00e9pszer\u0171s\u00e9g\u00e9r\u0151l ismert, mint a Facebook, a Twitter stb.<\/p>\n\n\n\n<p>A  oldalon. <strong>T\u00e1virat<\/strong> \u00d6n mindig cikkeket, vide\u00f3kat, jap\u00e1n nyelvtanul\u00e1ssal kapcsolatos tartalmakat \u00e9s ingyenesen let\u00f6lthet\u0151 tananyagokat keres:<\/p>\n\n\n\n<p class=\"has-text-align-center\"><a rel=\"noreferrer noopener\" href=\"https:\/\/t.me\/comoaprenderjapones\" target=\"_blank\">&gt;&gt;T\u00e1vk\u00f6zl\u00e9si csatorna<\/a><\/p>\n\n\n\n<p>Az al\u00e1bbi k\u00f6z\u00f6ss\u00e9gi h\u00e1l\u00f3zatokban is ugyanezt az \u00e9rvel\u00e9st k\u00f6veti, de az oldal szerint korl\u00e1toz\u00e1sokkal:<\/p>\n\n\n\n<p class=\"has-text-align-center\"><a href=\"https:\/\/www.instagram.com\/comoaprenderjapones\/\" target=\"_blank\" rel=\"noreferrer noopener\">K\u00f6vesse az Instagramon<\/a><\/p>\n\n\n\n<p class=\"has-text-align-center\"><a href=\"https:\/\/br.pinterest.com\/comoaprenderjapones\/\" target=\"_blank\" rel=\"noreferrer noopener\">K\u00f6vesse a Pinteresten<\/a><\/p>\n\n\n\n<p class=\"has-text-align-center\"><a href=\"https:\/\/twitter.com\/aprendernihon\" target=\"_blank\" rel=\"noreferrer noopener\">K\u00f6vesse a Twitteren<\/a><\/p>\n\n\n\n<p class=\"has-text-align-center\"><a rel=\"noreferrer noopener\" href=\"https:\/\/www.facebook.com\/comoaprenderjapones\" target=\"_blank\">Tetszik az oldal a Facebookon <\/a><\/p>\n\n\n\n<p>K\u00f6vesse a <a href=\"https:\/\/www.youtube.com\/channel\/UCjxodUsYbBfqO3eZE2UMDZw?sub_confirmation=1\" target=\"_blank\" rel=\"noreferrer noopener\">comoaprederjapones csatorn\u00e1j\u00e1nak feliratkoz\u00e1s\u00e1val<\/a> a Youtube-on:<\/p>\n\n\n\n<div align=\"center\"><div class=\"g-ytsubscribe\" data-channelid=\"UCjxodUsYbBfqO3eZE2UMDZw\" data-layout=\"full\" data-count=\"default\"><\/div><\/div>\n\n\n\n<p>K\u00f6sz\u00f6nj\u00fck, hogy \u00e9rdekl\u0151dik a honlap ir\u00e1nt. Rem\u00e9lem, nagy seg\u00edts\u00e9g lesz, \u00e9s ne felejtsd el jelezni bar\u00e1taidnak!<\/p>\n\n<div style=\"font-size: 0px; height: 0px; line-height: 0px; margin: 0; padding: 0; clear: both;\"><\/div>","protected":false},"excerpt":{"rendered":"<p>Para n\u00e3o perder alguma novidade ou dica logo em seguida vou indicar v\u00e1rias op\u00e7\u00f5es para que voc\u00ea acompanhe o comoaprenderjapones.net da maneira que desejar e que mais goste. Acompanhe pelo Feed Um dos meios mais<\/p>","protected":false},"author":1,"featured_media":0,"parent":0,"menu_order":0,"comment_status":"closed","ping_status":"closed","template":"","meta":{"footnotes":""},"class_list":["post-2786","page","type-page","status-publish"],"jetpack-related-posts":[],"jetpack_sharing_enabled":true,"amp_enabled":true,"_links":{"self":[{"href":"https:\/\/comoaprenderjapones.net\/hu\/wp-json\/wp\/v2\/pages\/2786","targetHints":{"allow":["GET"]}}],"collection":[{"href":"https:\/\/comoaprenderjapones.net\/hu\/wp-json\/wp\/v2\/pages"}],"about":[{"href":"https:\/\/comoaprenderjapones.net\/hu\/wp-json\/wp\/v2\/types\/page"}],"author":[{"embeddable":true,"href":"https:\/\/comoaprenderjapones.net\/hu\/wp-json\/wp\/v2\/users\/1"}],"replies":[{"embeddable":true,"href":"https:\/\/comoaprenderjapones.net\/hu\/wp-json\/wp\/v2\/comments?post=2786"}],"version-history":[{"count":0,"href":"https:\/\/comoaprenderjapones.net\/hu\/wp-json\/wp\/v2\/pages\/2786\/revisions"}],"wp:attachment":[{"href":"https:\/\/comoaprenderjapones.net\/hu\/wp-json\/wp\/v2\/media?parent=2786"}],"curies":[{"name":"wp","href":"https:\/\/api.w.org\/{rel}","templated":true}]}}