{"id":9,"date":"2014-08-24T02:32:54","date_gmt":"2014-08-24T02:32:54","guid":{"rendered":"https:\/\/comoaprenderjapones.net\/?page_id=9"},"modified":"2022-02-07T19:38:46","modified_gmt":"2022-02-07T22:38:46","slug":"adatvedelmi-politika","status":"publish","type":"page","link":"https:\/\/comoaprenderjapones.net\/hu\/politica-de-privacidade\/","title":{"rendered":"Adatv\u00e9delmi ir\u00e1nyelvek"},"content":{"rendered":"<div class=\"0ce2e1532cfed878672bf28fff76695e\" data-index=\"2\" style=\"float: none; margin:0px;\">\n<script async src=\"https:\/\/pagead2.googlesyndication.com\/pagead\/js\/adsbygoogle.js?client=ca-pub-0652292147574552\"\r\n     crossorigin=\"anonymous\"><\/script>\r\n<!-- Ads responsivo Inicio Post CAJap -->\r\n<ins class=\"adsbygoogle\"\r\n     style=\"display:block\"\r\n     data-ad-client=\"ca-pub-0652292147574552\"\r\n     data-ad-slot=\"3298668993\"\r\n     data-ad-format=\"auto\"><\/ins>\r\n<script>\r\n     (adsbygoogle = window.adsbygoogle || []).push({});\r\n<\/script>\n<\/div>\n\n<p>Ez az adatv\u00e9delmi szab\u00e1lyzat az\u00e9rt k\u00e9sz\u00fclt, hogy biztos\u00edtsa az oldal l\u00e1togat\u00f3inak \u00e9s szolg\u00e1ltat\u00e1saink felhaszn\u00e1l\u00f3inak szem\u00e9lyes adatainak bizalmas kezel\u00e9s\u00e9t, v\u00e9delm\u00e9t \u00e9s v\u00e9delm\u00e9t, v\u00e9dve az ilyen inform\u00e1ci\u00f3kat az elveszt\u00e9st\u0151l, a vissza\u00e9l\u00e9sszer\u0171 felhaszn\u00e1l\u00e1st\u00f3l, a jogosulatlan hozz\u00e1f\u00e9r\u00e9st\u0151l, a m\u00f3dos\u00edt\u00e1st\u00f3l \u00e9s a megsemmis\u00edt\u00e9st\u0151l.<\/p>\n\n\n\n<h2 class=\"wp-block-heading\" id=\"1-coleta-e-uso-das-informacoes\">1. Inform\u00e1ci\u00f3gy\u0171jt\u00e9s \u00e9s -felhaszn\u00e1l\u00e1s<\/h2>\n\n\n\n<p>A Honlaphoz val\u00f3 hozz\u00e1f\u00e9r\u00e9s felt\u00e9tele lehet a l\u00e1togat\u00f3 regisztr\u00e1ci\u00f3ja, amikor a l\u00e1togat\u00f3 azonos\u00edt\u00e1s\u00e1ra \u00e9s a felhaszn\u00e1l\u00f3inkkal val\u00f3 kapcsolatfelv\u00e9telre alkalmas inform\u00e1ci\u00f3kat k\u00e9rnek. Azzal, hogy a felhaszn\u00e1l\u00f3 \u00fagy d\u00f6nt, hogy megadja az adatait, kijelenti, hogy ismeri \u00e9s elfogadja a jelen szab\u00e1lyzat felt\u00e9teleit.A Webhely cookie-k seg\u00edts\u00e9g\u00e9vel automatikusan inform\u00e1ci\u00f3kat kap \u00e9s t\u00e1rol a b\u00f6ng\u00e9sz\u0151 tev\u00e9kenys\u00e9g\u00e9r\u0151l, bele\u00e9rtve az IP-c\u00edmet \u00e9s a megnyitott oldalt. Ezeket a tev\u00e9kenys\u00e9gi feljegyz\u00e9seket (napl\u00f3kat) kiz\u00e1r\u00f3lag statisztikai c\u00e9lokra \u00e9s a ny\u00fajtott szolg\u00e1ltat\u00e1sok m\u00e9r\u00e9s\u00e9re haszn\u00e1ljuk fel.<\/p>\n\n\n\n<h3 class=\"wp-block-heading\" id=\"cookies-e-web-beacons\">S\u00fctik \u00e9s webjelz\u0151k<\/h3>\n\n\n\n<p>Haszn\u00e1ljuk&nbsp;<a style=\"font-weight: inherit; font-style: inherit; color: #469db9;\" href=\"https:\/\/pt.wikipedia.org\/wiki\/Cookie\" target=\"_blank\" rel=\"noopener\">s\u00fctik<\/a>&nbsp;az olyan inform\u00e1ci\u00f3k t\u00e1rol\u00e1s\u00e1ra, mint p\u00e9ld\u00e1ul az \u00d6n szem\u00e9lyes preferenci\u00e1i, amikor \u00d6n megl\u00e1togatja a&nbsp;<strong>Hogyan tanuljunk jap\u00e1nul<\/strong>. Ez lehet egy egyszer\u0171 felugr\u00f3 ablak, vagy egy link az \u00e1ltalunk ny\u00fajtott k\u00fcl\u00f6nb\u00f6z\u0151 szolg\u00e1ltat\u00e1sokon, p\u00e9ld\u00e1ul f\u00f3rumokon.<\/p>\n\n\n\n<p>A Google kihaszn\u00e1lja az \u00faj&nbsp;<a style=\"font-weight: inherit; font-style: inherit; color: #469db9;\" href=\"https:\/\/www.doubleclick.com\/privacy\/faq.aspx?ctx=tltp\" target=\"_blank\" rel=\"noopener\">DART cookie<\/a>&nbsp;az \u00d6n \u00e9rdekl\u0151d\u00e9si k\u00f6r\u00e9n \u00e9s a blogunk \u00e9s m\u00e1s weboldalak l\u00e1togat\u00e1s\u00e1n alapul\u00f3 hirdet\u00e9sek megjelen\u00edt\u00e9s\u00e9hez. A DART cookie haszn\u00e1lat\u00e1r\u00f3l lemondhat a Google hirdet\u00e9si oldal\u00e1nak \u00e9s a v\u00e1llalat rend\u0151rs\u00e9gi programj\u00e1nak megl\u00e1togat\u00e1s\u00e1val.<\/p>\n\n\n\n<p>A felhaszn\u00e1l\u00f3 tiszt\u00e1ban van azzal, \u00e9s elfogadja, hogy az \u00f6sszegy\u0171jt\u00f6tt adatokat a k\u00f6vetkez\u0151 c\u00e9lokra haszn\u00e1lj\u00e1k fel: (a) \u00faj tartalmakr\u00f3l, h\u00edrekr\u0151l \u00e9s esem\u00e9nyekr\u0151l val\u00f3 t\u00e1j\u00e9koztat\u00e1s; (b) a kapcsolattart\u00e1si adatok friss\u00edt\u00e9se; (c) a haszn\u00e1lhat\u00f3s\u00e1g \u00e9s az interakt\u00edv \u00e9lm\u00e9ny optimaliz\u00e1l\u00e1sa a felhaszn\u00e1l\u00f3nak a Honlapon val\u00f3 navig\u00e1l\u00e1sa sor\u00e1n; (d) \u00e1ltal\u00e1nos statisztik\u00e1k k\u00e9sz\u00edt\u00e9se a felhaszn\u00e1l\u00f3k azonos\u00edt\u00e1sa n\u00e9lk\u00fcl; (e) a felhaszn\u00e1l\u00f3k k\u00e9telyeinek \u00e9s k\u00e9r\u00e9seinek megv\u00e1laszol\u00e1sa; \u00e9s (f) jogi vagy b\u00edr\u00f3s\u00e1gi hat\u00e1rozatoknak val\u00f3 megfelel\u00e9s. Fenntartjuk tov\u00e1bb\u00e1 a jogot arra, hogy ezeket a nyilv\u00e1ntart\u00e1sokat szem\u00e9lyre szabottan felhaszn\u00e1ljuk polg\u00e1ri vagy b\u00fcntet\u0151jogi b\u0171ncselekm\u00e9nyek kivizsg\u00e1l\u00e1sa eset\u00e9n, k\u00fcl\u00f6n\u00f6sen, ha csal\u00e1s, hackert\u00e1mad\u00e1s, rendszerm\u00f3dos\u00edt\u00e1s vagy m\u00e1s felhaszn\u00e1l\u00f3k v\u00e9dett inform\u00e1ci\u00f3ihoz \u00e9s regisztr\u00e1ci\u00f3s adataihoz val\u00f3 illet\u00e9ktelen hozz\u00e1f\u00e9r\u00e9s gyan\u00faja mer\u00fcl fel.<\/p>\n\n\n\n<h2 class=\"wp-block-heading\" id=\"2-guarda-e-responsabilidade-pelas-informacoes-coletadas\">2. Az \u00f6sszegy\u0171jt\u00f6tt inform\u00e1ci\u00f3k meg\u0151rz\u00e9se \u00e9s elsz\u00e1moltathat\u00f3s\u00e1ga<\/h2>\n\n\n\n<p>A felhaszn\u00e1l\u00f3k \u00e1ltal megadott inform\u00e1ci\u00f3kat a legszigor\u00fabb biztons\u00e1gi \u00e9s megb\u00edzhat\u00f3s\u00e1gi el\u0151\u00edr\u00e1soknak megfelel\u0151en szerzik be \u00e9s t\u00e1rolj\u00e1k. Minden t\u0151l\u00fcnk telhet\u0151t megtesz\u00fcnk a rendelkez\u00e9s\u00fcnkre bocs\u00e1tott inform\u00e1ci\u00f3k s\u00e9rtetlens\u00e9g\u00e9nek meg\u0151rz\u00e9se \u00e9rdek\u00e9ben, ez\u00e9rt nem v\u00e1llalunk felel\u0151ss\u00e9get a harmadik f\u00e9l \u00e1ltali hozz\u00e1f\u00e9r\u00e9sb\u0151l \u00e9s\/vagy felhaszn\u00e1l\u00e1sb\u00f3l ered\u0151 k\u00e1rok\u00e9rt. Az \u00f6sszegy\u0171jt\u00f6tt inform\u00e1ci\u00f3khoz val\u00f3 hozz\u00e1f\u00e9r\u00e9s az alkalmazottakra \u00e9s az arra felhatalmazott szem\u00e9lyekre korl\u00e1toz\u00f3dik. Azokat, akik az ilyen inform\u00e1ci\u00f3kat jogosulatlanul, a jelen adatv\u00e9delmi szab\u00e1lyzatot megs\u00e9rtve haszn\u00e1lj\u00e1k fel, adminisztrat\u00edv \u00e9s fegyelmi szankci\u00f3kkal s\u00fajtjuk, az alkalmazand\u00f3 jogi int\u00e9zked\u00e9sek kiz\u00e1r\u00e1sa n\u00e9lk\u00fcl. Hacsak nem jogi vagy b\u00edr\u00f3s\u00e1gi d\u00f6nt\u00e9s alapj\u00e1n, az ezen a webhelyen regisztr\u00e1lt felhaszn\u00e1l\u00f3k adatait soha nem adjuk \u00e1t harmadik f\u00e9lnek, \u00e9s nem haszn\u00e1ljuk fel m\u00e1s c\u00e9lokra, mint amelyekre azokat gy\u0171jt\u00f6tt\u00fck. Minden \u00f6sszegy\u0171jt\u00f6tt szem\u00e9lyes adat beker\u00fcl az oldal adatb\u00e1zis\u00e1ba, \u00e9s az oldal adminisztr\u00e1tora felel \u00e9rte.<\/p>\n\n\n\n<h2 class=\"wp-block-heading\" id=\"3-informacoes-opinioes-e-conteudos-gerados-por-terceiros\">3. Harmadik felek \u00e1ltal gener\u00e1lt inform\u00e1ci\u00f3k, v\u00e9lem\u00e9nyek \u00e9s tartalmak<\/h2>\n\n\n\n<p>Ez az oldal lehet\u0151v\u00e9 teszi a l\u00e1togat\u00f3k\/felhaszn\u00e1l\u00f3k r\u00e9szv\u00e9tel\u00e9t hozz\u00e1sz\u00f3l\u00e1sok, inform\u00e1ci\u00f3csere, harmadik felek \u00e1ltal l\u00e9trehozott tartalmak k\u00f6zz\u00e9t\u00e9tele \u00e9s hirdet\u00e9sek terjeszt\u00e9se r\u00e9v\u00e9n. A l\u00e1togat\u00f3k, felhaszn\u00e1l\u00f3k \u00e9s hirdet\u0151k tudat\u00e1ban vannak annak, hogy nem tehetnek k\u00f6zz\u00e9 erk\u00f6lcstelen, illeg\u00e1lis, rasszista, r\u00e1galmaz\u00f3, s\u00e9rt\u0151, pornogr\u00e1f, b\u0171ncselekm\u00e9nyt vagy a szerz\u0151 jogait s\u00e9rt\u0151 inform\u00e1ci\u00f3t, v\u00e9lem\u00e9nyt vagy tartalmat. Tudat\u00e1ban vannak tov\u00e1bb\u00e1 annak, hogy az ezen a Webhelyen megadott vagy szabadon k\u00f6zz\u00e9tett inform\u00e1ci\u00f3k, tartalmak vagy v\u00e9lem\u00e9nyek - a regisztr\u00e1ci\u00f3hoz k\u00e9rt szem\u00e9lyes adatok kiv\u00e9tel\u00e9vel - NEM SZABAD BIZALMASAN BIZALMASAK \u00c9S NEM V\u00c9DELMEZHET\u0150K EZ\u00c9RT AZ ADATV\u00c9DELMI POLITIKA \u00e1ltal, \u00e9s m\u00e1s l\u00e1togat\u00f3k \u00e9s felhaszn\u00e1l\u00f3k sz\u00e1m\u00e1ra szabadon hozz\u00e1f\u00e9rhet\u0151ek \u00e9s megtekinthet\u0151ek. Tilos tov\u00e1bb\u00e1 a t\u00f6rv\u00e9nyt, az erk\u00f6lcs\u00f6t \u00e9s a j\u00f3 szok\u00e1sokat s\u00e9rt\u0151 rekl\u00e1mok vagy term\u00e9kek, szolg\u00e1ltat\u00e1sok vagy esem\u00e9nyek terjeszt\u00e9se. Az oldal\u00e9rt felel\u0151s\u00f6k nem v\u00e1llalnak felel\u0151ss\u00e9get a harmadik felek \u00e1ltal gener\u00e1lt inform\u00e1ci\u00f3k\u00e9rt, v\u00e9lem\u00e9nyek\u00e9rt \u00e9s tartalmak\u00e9rt, sem az oldalon kereszt\u00fcl k\u00f6zz\u00e9tett term\u00e9kek, szolg\u00e1ltat\u00e1sok vagy esem\u00e9nyek min\u0151s\u00e9g\u00e9\u00e9rt vagy val\u00f3s\u00e1gtartalm\u00e1\u00e9rt.  Minden erk\u00f6lcstelen vagy illeg\u00e1lis megnyilv\u00e1nul\u00e1st, reprodukci\u00f3t vagy k\u00f6zz\u00e9t\u00e9telt be kell jelenteni az oldal szervez\u0151inek, \u00e9s azt azonnal elt\u00e1vol\u00edtj\u00e1k. Az \u00e9rtes\u00edt\u00e9st az oldal felel\u0151seinek c\u00edm\u00e9re kell tov\u00e1bb\u00edtani.<\/p>\n\n\n\n<h2 class=\"wp-block-heading\" id=\"4-responsabilidade-dos-usuarios\">4. A felhaszn\u00e1l\u00f3k felel\u0151ss\u00e9ge<\/h2>\n\n\n\n<p>A felhaszn\u00e1l\u00f3 felel\u0151ss\u00e9ge, hogy meg\u0151rizze a jelszav\u00e1t \u00e9s a hozz\u00e1f\u00e9r\u00e9si bejelentkez\u00e9st. Nem javasoljuk a nyilv\u00e1nval\u00f3 jelszavak, p\u00e9ld\u00e1ul k\u00fcl\u00f6nleges d\u00e1tumok, nevek vagy sz\u00e1msorozatok haszn\u00e1lat\u00e1t. Ha a felhaszn\u00e1l\u00f3 tudom\u00e1s\u00e1ra jut, vagy csak gyan\u00edtja, hogy jelszav\u00e1t felt\u00f6rt\u00e9k, a regisztr\u00e1ci\u00f3s oldalon meg kell v\u00e1ltoztatnia azt. Elk\u00f6telezettek vagyunk a gyermekek online adatainak v\u00e9delme mellett. Kiskor\u00faak b\u00e1rmilyen regisztr\u00e1ci\u00f3ja csak az oldal oktat\u00e1si tartalm\u00fa, korl\u00e1tozott ter\u00fcleteken val\u00f3 r\u00e9szv\u00e9tel c\u00e9lj\u00e1b\u00f3l t\u00f6rt\u00e9nik. A kiskor\u00faak adatait csak a lek\u00e9rdez\u00e9sek megv\u00e1laszol\u00e1s\u00e1ra, tudom\u00e1nyos k\u00e9rd\u00e9sekre, iskolai el\u0151ad\u00e1sok \u00fctemez\u00e9s\u00e9re vagy \u00e1ltal\u00e1nos statisztikai okokb\u00f3l haszn\u00e1ljuk fel. Javasoljuk tov\u00e1bb\u00e1, hogy a kiskor\u00faak mindig a gy\u00e1mjuk ir\u00e1ny\u00edt\u00e1sa \u00e9s fel\u00fcgyelete alatt \u00e1lljanak, aki b\u00e1rmikor k\u00e9rheti a regisztr\u00e1ci\u00f3 t\u00f6rl\u00e9s\u00e9t. Ez a szab\u00e1lyzat folyamatos jav\u00edt\u00e1s \u00e9s finom\u00edt\u00e1s t\u00e1rgy\u00e1t k\u00e9pezi. Ez\u00e9rt javasoljuk, hogy rendszeresen konzult\u00e1ljanak vele.<\/p>\n\n<div style=\"font-size: 0px; height: 0px; line-height: 0px; margin: 0; padding: 0; clear: both;\"><\/div>","protected":false},"excerpt":{"rendered":"<p>Esta Pol\u00edtica de Privacidade foi elaborada visando zelar pela confidencialidade, privacidade e prote\u00e7\u00e3o dos dados pessoais dos visitantes deste site e dos usu\u00e1rios de nossos servi\u00e7os, protegendo essas informa\u00e7\u00f5es de perdas, uso impr\u00f3prio, acesso n\u00e3o<\/p>","protected":false},"author":1,"featured_media":0,"parent":0,"menu_order":0,"comment_status":"closed","ping_status":"closed","template":"","meta":{"footnotes":""},"class_list":["post-9","page","type-page","status-publish"],"jetpack-related-posts":[{"id":4016,"url":"https:\/\/comoaprenderjapones.net\/hu\/curso-japones-club-por-skdesu\/","url_meta":{"origin":9,"position":0},"title":"Curso Japon\u00eas Club por Skdesu","author":"Rafael Avelino","date":"2 de febru\u00e1r de 2023","format":false,"excerpt":"Advertorial Aprenda a L\u00edngua Japonesa com o Curso Japon\u00eas Club e Tenha a solu\u00e7\u00e3o definitiva para superar qualquer desafio! Mang\u00e1 Death Note Olha s\u00f3 o que voc\u00ea tem no Curso Japon\u00eas Club! + de 140 v\u00eddeo aulas em Alta Defini\u00e7\u00e3o Jogos e Atividades Interativas Pagamento \u00danico (N\u00e3o tem Mensalidades) Acesso\u2026","rel":"","context":"Similar post","block_context":{"text":"Similar post","link":""},"img":{"alt_text":"","src":"https:\/\/i0.wp.com\/comoaprenderjapones.net\/wp-content\/uploads\/2023\/02\/japones-club-advertorial.jpg?fit=1023%2C499&ssl=1&resize=350%2C200","width":350,"height":200,"srcset":"https:\/\/i0.wp.com\/comoaprenderjapones.net\/wp-content\/uploads\/2023\/02\/japones-club-advertorial.jpg?fit=1023%2C499&ssl=1&resize=350%2C200 1x, https:\/\/i0.wp.com\/comoaprenderjapones.net\/wp-content\/uploads\/2023\/02\/japones-club-advertorial.jpg?fit=1023%2C499&ssl=1&resize=525%2C300 1.5x, https:\/\/i0.wp.com\/comoaprenderjapones.net\/wp-content\/uploads\/2023\/02\/japones-club-advertorial.jpg?fit=1023%2C499&ssl=1&resize=700%2C400 2x"},"classes":[]},{"id":179,"url":"https:\/\/comoaprenderjapones.net\/hu\/mapa-site\/","url_meta":{"origin":9,"position":1},"title":"Oldalt\u00e9rk\u00e9p","author":"Rafael Avelino","date":"31 de janu\u00e1r de 2015","format":false,"excerpt":"Mapa do Site Veja todos os artigos publicados aqui no Como Aprender Japon\u00eas","rel":"","context":"Similar post","block_context":{"text":"Similar post","link":""},"img":{"alt_text":"","src":"","width":0,"height":0},"classes":[]},{"id":860,"url":"https:\/\/comoaprenderjapones.net\/hu\/japones-expresso-curso-online-japones\/","url_meta":{"origin":9,"position":2},"title":"Japon\u00eas Expresso: Curso online de japon\u00eas","author":"Rafael Avelino","date":"14 de november de 2016","format":false,"excerpt":"Conhe\u00e7a curso online japon\u00eas expresso promete te ajudar a sair do zero no idioma japon\u00eas e tamb\u00e9m para quem tem viagem marcada para o Jap\u00e3o. CURSO N\u00c3O EST\u00c1 DISPONIVEL. Conhe\u00e7a o curso Completo do Sensei Luiz Rafael o ???? Programa Japon\u00eas Online! Quem gosta da cultura japonesa, seja animes, mangas,\u2026","rel":"","context":"Similar post","block_context":{"text":"Similar post","link":""},"img":{"alt_text":"Japon\u00eas Expresso curso online de japon\u00eas","src":"https:\/\/i0.wp.com\/comoaprenderjapones.net\/wp-content\/uploads\/2016\/11\/Japones_Expresso.jpg?fit=1200%2C696&ssl=1&resize=350%2C200","width":350,"height":200,"srcset":"https:\/\/i0.wp.com\/comoaprenderjapones.net\/wp-content\/uploads\/2016\/11\/Japones_Expresso.jpg?fit=1200%2C696&ssl=1&resize=350%2C200 1x, https:\/\/i0.wp.com\/comoaprenderjapones.net\/wp-content\/uploads\/2016\/11\/Japones_Expresso.jpg?fit=1200%2C696&ssl=1&resize=525%2C300 1.5x, https:\/\/i0.wp.com\/comoaprenderjapones.net\/wp-content\/uploads\/2016\/11\/Japones_Expresso.jpg?fit=1200%2C696&ssl=1&resize=700%2C400 2x, https:\/\/i0.wp.com\/comoaprenderjapones.net\/wp-content\/uploads\/2016\/11\/Japones_Expresso.jpg?fit=1200%2C696&ssl=1&resize=1050%2C600 3x"},"classes":[]},{"id":2786,"url":"https:\/\/comoaprenderjapones.net\/hu\/acompanhe\/","url_meta":{"origin":9,"position":3},"title":"K\u00f6vesse a","author":"Rafael Avelino","date":"12 de j\u00fanius de 2020","format":false,"excerpt":"Para n\u00e3o perder alguma novidade ou dica logo em seguida vou indicar v\u00e1rias op\u00e7\u00f5es para que voc\u00ea acompanhe o comoaprenderjapones.net da maneira que desejar e que mais goste. Acompanhe pelo Feed Um dos meios mais tradicionais para voc\u00ea receber as novidades instantaneamente quando algo \u00e9 publicado por aqui. Feed do\u2026","rel":"","context":"Similar post","block_context":{"text":"Similar post","link":""},"img":{"alt_text":"Acompanhe pelo Feedly o comoaprenderjapones.net","src":"https:\/\/i0.wp.com\/comoaprenderjapones.net\/wp-content\/uploads\/2020\/06\/feedly-follow.png?resize=350%2C200&ssl=1","width":350,"height":200},"classes":[]},{"id":35,"url":"https:\/\/comoaprenderjapones.net\/hu\/sobre\/","url_meta":{"origin":9,"position":4},"title":"A  oldalr\u00f3l","author":"Rafael Avelino","date":"24 de augusztus de 2014","format":false,"excerpt":"Ol\u00e1 Minna! Sou Rafael admin deste site, como vai? Muito obrigado por visitar este site que pretende passar dicas de como aprender japon\u00eas para quem est\u00e1 iniciando, assim como eu. Vamos tentar abordar tudo que possa ajudar no seu aprendizado do idioma japon\u00eas, que vai desde animes,m\u00fasicas,mangas e tamb\u00e9m o\u2026","rel":"","context":"Similar post","block_context":{"text":"Similar post","link":""},"img":{"alt_text":"","src":"","width":0,"height":0},"classes":[]},{"id":94,"url":"https:\/\/comoaprenderjapones.net\/hu\/programa-japones-online\/","url_meta":{"origin":9,"position":5},"title":"Programa Japon\u00eas Online + Evento gr\u00e1tis Intensiv\u00e3o de japon\u00eas","author":"Rafael Avelino","date":"20 de okt\u00f3ber de 2014","format":false,"excerpt":"Conhe\u00e7a o curso de japon\u00eas Programa Japon\u00eas Online do Sensei Luiz Rafael! \u3053\u3093\u306b\u3061\u306f! Est\u00e1 procurando um m\u00e9todo eficiente que te ensine do ZERO a ter um n\u00edvel de flu\u00eancia que possa consumir conte\u00fados totalmente em japon\u00eas? O m\u00e9todo criado pelo Luiz Rafael j\u00e1 passou por muitas atualiza\u00e7\u00f5es e est\u00e1 no\u2026","rel":"","context":"Similar post","block_context":{"text":"Similar post","link":""},"img":{"alt_text":"Programa Japon\u00eas Online - Intensiv\u00e3o de japon\u00eas","src":"https:\/\/i0.wp.com\/comoaprenderjapones.net\/wp-content\/uploads\/2021\/01\/programa-japones-online-intensivao-de-japones-2021.jpg?fit=1200%2C932&ssl=1&resize=350%2C200","width":350,"height":200,"srcset":"https:\/\/i0.wp.com\/comoaprenderjapones.net\/wp-content\/uploads\/2021\/01\/programa-japones-online-intensivao-de-japones-2021.jpg?fit=1200%2C932&ssl=1&resize=350%2C200 1x, https:\/\/i0.wp.com\/comoaprenderjapones.net\/wp-content\/uploads\/2021\/01\/programa-japones-online-intensivao-de-japones-2021.jpg?fit=1200%2C932&ssl=1&resize=525%2C300 1.5x, https:\/\/i0.wp.com\/comoaprenderjapones.net\/wp-content\/uploads\/2021\/01\/programa-japones-online-intensivao-de-japones-2021.jpg?fit=1200%2C932&ssl=1&resize=700%2C400 2x, https:\/\/i0.wp.com\/comoaprenderjapones.net\/wp-content\/uploads\/2021\/01\/programa-japones-online-intensivao-de-japones-2021.jpg?fit=1200%2C932&ssl=1&resize=1050%2C600 3x"},"classes":[]}],"jetpack_sharing_enabled":false,"amp_enabled":true,"_links":{"self":[{"href":"https:\/\/comoaprenderjapones.net\/hu\/wp-json\/wp\/v2\/pages\/9","targetHints":{"allow":["GET"]}}],"collection":[{"href":"https:\/\/comoaprenderjapones.net\/hu\/wp-json\/wp\/v2\/pages"}],"about":[{"href":"https:\/\/comoaprenderjapones.net\/hu\/wp-json\/wp\/v2\/types\/page"}],"author":[{"embeddable":true,"href":"https:\/\/comoaprenderjapones.net\/hu\/wp-json\/wp\/v2\/users\/1"}],"replies":[{"embeddable":true,"href":"https:\/\/comoaprenderjapones.net\/hu\/wp-json\/wp\/v2\/comments?post=9"}],"version-history":[{"count":0,"href":"https:\/\/comoaprenderjapones.net\/hu\/wp-json\/wp\/v2\/pages\/9\/revisions"}],"wp:attachment":[{"href":"https:\/\/comoaprenderjapones.net\/hu\/wp-json\/wp\/v2\/media?parent=9"}],"curies":[{"name":"wp","href":"https:\/\/api.w.org\/{rel}","templated":true}]}}