{"id":904,"date":"2017-02-15T20:39:01","date_gmt":"2017-02-15T22:39:01","guid":{"rendered":"https:\/\/comoaprenderjapones.net\/?page_id=904"},"modified":"2022-09-05T15:01:47","modified_gmt":"2022-09-05T18:01:47","slug":"fan-art-modszer","status":"publish","type":"page","link":"https:\/\/comoaprenderjapones.net\/hu\/metodo-fan-art\/","title":{"rendered":"Fan Art Method 3.0 - Hogyan rajzoljunk anime karaktereket?"},"content":{"rendered":"<div class=\"0ce2e1532cfed878672bf28fff76695e\" data-index=\"2\" style=\"float: none; margin:0px;\">\n<script async src=\"https:\/\/pagead2.googlesyndication.com\/pagead\/js\/adsbygoogle.js?client=ca-pub-0652292147574552\"\r\n     crossorigin=\"anonymous\"><\/script>\r\n<!-- Ads responsivo Inicio Post CAJap -->\r\n<ins class=\"adsbygoogle\"\r\n     style=\"display:block\"\r\n     data-ad-client=\"ca-pub-0652292147574552\"\r\n     data-ad-slot=\"3298668993\"\r\n     data-ad-format=\"auto\"><\/ins>\r\n<script>\r\n     (adsbygoogle = window.adsbygoogle || []).push({});\r\n<\/script>\n<\/div>\n\n<div class=\"addthis_inline_share_toolbox\"><\/div>\n\n\n\n<p><em>Tanulja meg, hogyan <strong>hogyan kell anime karaktereket rajzolni<\/strong> m\u00e9g a l\u00e9p\u00e9sr\u0151l l\u00e9p\u00e9sre t\u00f6rt\u00e9n\u0151 \"aj\u00e1nd\u00e9koz\u00e1s\" n\u00e9lk\u00fcl is. <strong>fan art 3.0 m\u00f3dszer <\/strong>\u00e1ltal l\u00e9trehozott<strong> <\/strong>Mayara Rodrigues.\u00a0<\/em><\/p>\n\n\n\n<p>Aki szereti a jap\u00e1n kult\u00far\u00e1t, k\u00fcl\u00f6n\u00f6sen az anim\u00e9t \u00e9s a mang\u00e1t, az m\u00e1r r\u00e9g\u00f3ta k\u00edv\u00e1ncsi arra, hogy meg lehet-e tanulni lerajzolni kedvenc karakter\u00e9t akkor is, ha nincs affinit\u00e1sa, \"tehets\u00e9ge\" a rajzol\u00e1shoz.<\/p>\n\n\n\n<p>A nagy probl\u00e9ma az, hogy egy j\u00f3 m\u00f3dszer vagy valaki n\u00e9lk\u00fcl, aki gyakorlatiasan tud tan\u00edtani, neh\u00e9z egyed\u00fcl tanulni.<\/p>\n\n\n\n\n\n\n<p>Ezt szem el\u0151tt tartva <a href=\"https:\/\/comoaprenderjapones.net\/hu\/in\/conheca-o-metodo-fan-art\/\" target=\"_blank\" rel=\"noopener\">Mayara \u00fagy d\u00f6nt\u00f6tt, hogy l\u00e9trehoz egy egyszer\u0171 m\u00f3dszert<\/a>Gyakorlatias, \u00e9s arra \u00f6sszpontos\u00edt, ami igaz\u00e1n fontos.<\/p>\n\n\n\n<h2 class=\"wp-block-heading\">Mi az a Fan Art?<\/h2>\n\n\n\n<p>Tudod. <strong>mi a rajong\u00f3i m\u0171v\u00e9szet<\/strong>? L\u00e1sd al\u00e1bb a r\u00f6vid magyar\u00e1zatot, majd tudj meg t\u00f6bbet a <a href=\"https:\/\/comoaprenderjapones.net\/hu\/fan-art-modszer\/\">Fan Art m\u00f3dszer<\/a> amely nagyon n\u00e9pszer\u0171 Braz\u00edli\u00e1ban azok sz\u00e1m\u00e1ra, akik meg akarj\u00e1k tanulni, hogyan kell anim\u00e9t rajzolni:<\/p>\n\n\n\n<blockquote class=\"wp-block-quote is-layout-flow wp-block-quote-is-layout-flow\"><p>A fanart, fan art vagy rajong\u00f3i m\u0171v\u00e9szet egy karakter, fant\u00e1zia, t\u00e1rgy vagy ismert m\u0171 alapj\u00e1n k\u00e9sz\u00fclt m\u0171alkot\u00e1s, amelyet rajong\u00f3k k\u00e9sz\u00edtettek. A kifejez\u00e9s egyar\u00e1nt alkalmazhat\u00f3 egy adott k\u00f6nyv(ek)b\u0151l sz\u00e1rmaz\u00f3 karakterek rajong\u00f3i m\u0171v\u00e9szet\u00e9re, valamint a vizu\u00e1lis m\u00e9di\u00e1b\u00f3l, p\u00e9ld\u00e1ul k\u00e9preg\u00e9nyekb\u0151l, filmekb\u0151l \u00e9s\/vagy videoj\u00e1t\u00e9kokb\u00f3l sz\u00e1rmaz\u00f3 m\u0171v\u00e9szetre. \u00c1ltal\u00e1ban amat\u0151r m\u0171v\u00e9szek vagy olyan m\u0171v\u00e9szek alkot\u00e1saira utal, akik nem kapnak fizet\u00e9st a munk\u00e1juk\u00e9rt. A rajong\u00f3k \u00e1ltal az eredeti m\u0171r\u0151l saj\u00e1t k\u00e9pzelet\u00fck alapj\u00e1n k\u00e9sz\u00edtett alkot\u00e1s.<br \/>Forr\u00e1s:&nbsp;<a href=\"https:\/\/pt.wikipedia.org\/wiki\/Fanart\" target=\"_blank\" rel=\"noopener\">Wikipedia<\/a><\/p><\/blockquote>\n\n\n\n<p>N\u00e9zz\u00fck meg, hogy mir\u0151l sz\u00f3l ez a tanfolyam, valamint az alkot\u00f3ja \u00e9s az emberek besz\u00e1mol\u00f3i, akik m\u00e1r megtett\u00e9k \u00e9s j\u00f3v\u00e1hagyt\u00e1k.<\/p>\n\n\n\n<h2 class=\"wp-block-heading\">Mi az a Fan Art m\u00f3dszer?<\/h2>\n\n\n\n<p>Egy m\u00f3dszer, amelyet az\u00e9rt hoztak l\u00e9tre, hogy megtan\u00edtsa azokat, akik meg akarj\u00e1k tanulni, hogyan rajzolj\u00e1k meg kedvenc anime karakter\u00fcket t\u00fal sok vesz\u0151ds\u00e9g n\u00e9lk\u00fcl, egy j\u00f3l magyar\u00e1zott \u00e9s didaktikus l\u00e9p\u00e9sr\u0151l l\u00e9p\u00e9sre t\u00f6rt\u00e9n\u0151 folyamat sor\u00e1n.<\/p>\n\n\n\n<p>Tanulj meg hasonl\u00f3an rajzolni, mint ahogy az eredeti anime szerz\u0151je rajzolta az \u00e1ltala l\u00e9trehozott karaktert.<\/p>\n\n\n\n<h3 class=\"wp-block-heading\"><strong>Mayara Rodrigues alkot\u00f3<\/strong> a tanfolyam<\/h3>\n\n\n<div class=\"wp-block-image\">\n<figure class=\"alignleft\"><a href=\"https:\/\/comoaprenderjapones.net\/hu\/in\/conheca-o-metodo-fan-art\/\" rel=\"nofollow noopener\"><img data-recalc-dims=\"1\" decoding=\"async\" width=\"300\" height=\"247\" src=\"https:\/\/i0.wp.com\/comoaprenderjapones.net\/wp-content\/uploads\/2018\/09\/Mayara-Rodrigues.png?resize=300%2C247&#038;ssl=1\" alt=\"Mayara Rodrigues a fan Art Method alkot\u00f3ja\" class=\"wp-image-2430\" srcset=\"https:\/\/i0.wp.com\/comoaprenderjapones.net\/wp-content\/uploads\/2018\/09\/Mayara-Rodrigues.png?resize=300%2C247&amp;ssl=1 300w, https:\/\/i0.wp.com\/comoaprenderjapones.net\/wp-content\/uploads\/2018\/09\/Mayara-Rodrigues.png?w=543&amp;ssl=1 543w\" sizes=\"(max-width: 300px) 100vw, 300px\" \/><\/a><figcaption><strong>Mayara Rodrigues<\/strong> a Fan Art m\u00f3dszer megalkot\u00f3ja<\/figcaption><\/figure>\n<\/div>\n\n\n<p><strong>Mayara Rodrigues<\/strong>Sok brazilhoz hasonl\u00f3an \u0151t is \u00e9rdekelni kezdte az anime, a kedvence pedig a Digimon volt, \u00e9s ebb\u0151l fakadt a v\u00e1gy, hogy megtanulja, hogyan kell lerajzolni kedvenc karaktereit.<\/p>\n\n\n\n<p>A nagy probl\u00e9ma az volt, hogy nem sokat fejl\u0151d\u00f6tt, amikor rajzolni pr\u00f3b\u00e1lt, \u00e9s egy rajztanfolyam nem volt t\u00fal olcs\u00f3, \u00e9s nem volt a lakhelye k\u00f6zel\u00e9ben.<\/p>\n\n\n\n<p>Ezut\u00e1n elkezdett olyan magazinokat v\u00e1s\u00e1rolni, amelyekben rajzolni tan\u00edtottak, \u00e1ltal\u00e1ban jap\u00e1n m\u00f3dszereket.<\/p>\n\n\n\n<p>Sok-sok \u00f6tletel\u00e9s ut\u00e1n, hossz\u00fa id\u0151, sok \u00e9v ut\u00e1n \u00e9rtette meg igaz\u00e1n, hogyan kell egy anim\u00e9t rajzolni.<\/p>\n\n\n\n<p class=\"has-text-align-center\"><a class=\"fasc-button fasc-size-large fasc-type-popout fasc-rounded-medium ico-fa fasc-ico-before fa-youtube-play\" style=\"background-color: #cc2f1a; color: #ffffff;\" target=\"_blank\" rel=\"nofollow noopener\" href=\"https:\/\/comoaprenderjapones.net\/hu\/in\/conheca-historia-da-mayara-rodrigues\/\">Tudj meg t\u00f6bbet a t\u00f6rt\u00e9net\u00e9r\u0151l ide kattintva!<\/a><\/p>\n\n\n\n<h3 class=\"wp-block-heading\">Mi a Fan Art m\u00f3dszer tartalma?<\/h3>\n\n\n\n<p>A tanfolyam nem akad el, mert r\u00f6gt\u00f6n a l\u00e9nyegre t\u00e9r. N\u00e9zze csak meg az online tanfolyam t\u00e9m\u00e1it. <strong>fan art 3.0 m\u00f3dszer<\/strong> van:<\/p>\n\n\n\n<ol class=\"wp-block-list\"><li>K\u00e9pelemz\u00e9s<\/li><li>V\u00e1zlatk\u00e9sz\u00edt\u00e9si technik\u00e1k<\/li><li>Arc anat\u00f3mia + sz\u00f6gv\u00e1ltozatok<\/li><li>A test \u00e9s a mozg\u00e1sok anat\u00f3mi\u00e1ja<\/li><li>Az anime\/manga hajk\u00e9sz\u00edt\u00e9s titka...<\/li><li>A karaktered t\u00f6k\u00e9letes keze \u00e9s l\u00e1ba...<\/li><li>Rajzol\u00e1s karakter ruh\u00e1k<\/li><li>Tollrajzok v\u00e9gleges\u00edt\u00e9se<\/li><li>Bevezet\u00e9s a fest\u00e9szetbe + F\u00e9ny \u00e9s \u00e1rny\u00e9k<\/li><\/ol>\n\n\n\n<h3 class=\"wp-block-heading\">Fan Art Method 3.0 b\u00f3nuszok<\/h3>\n\n\n\n<p>\u00c9s mint a v\u00e1mok <strong>+ 5 b\u00f3nusz<\/strong> hogy tov\u00e1bb jav\u00edtsa terveit:<\/p>\n\n\n\n<ul class=\"wp-block-list\"><li>A szemek rajzol\u00e1s\u00e1nak titka<\/li><li>F\u0171t\u00e9s \u00e9s nyomk\u00f6vet\u00e9s<\/li><li>Az \u00f6sszes tanfolyami modul haszn\u00e1lata egy rajzban<\/li><li>Hozz\u00e1f\u00e9r\u00e9s az exkluz\u00edv di\u00e1kcsoporthoz<\/li><li>Teljes\u00edt\u00e9si bizony\u00edtv\u00e1ny<\/li><\/ul>\n\n\n<div class=\"wp-block-image\">\n<figure class=\"aligncenter\"><img data-recalc-dims=\"1\" decoding=\"async\" width=\"900\" height=\"475\" src=\"https:\/\/i0.wp.com\/comoaprenderjapones.net\/wp-content\/uploads\/2017\/02\/Area_de_Membros_Metodo_fan_art.jpg?resize=900%2C475&#038;ssl=1\" alt=\"Members Area Fan art m\u00f3dszer\" class=\"wp-image-906\" srcset=\"https:\/\/i0.wp.com\/comoaprenderjapones.net\/wp-content\/uploads\/2017\/02\/Area_de_Membros_Metodo_fan_art.jpg?w=900&amp;ssl=1 900w, https:\/\/i0.wp.com\/comoaprenderjapones.net\/wp-content\/uploads\/2017\/02\/Area_de_Membros_Metodo_fan_art.jpg?resize=300%2C158&amp;ssl=1 300w, https:\/\/i0.wp.com\/comoaprenderjapones.net\/wp-content\/uploads\/2017\/02\/Area_de_Membros_Metodo_fan_art.jpg?resize=768%2C405&amp;ssl=1 768w\" sizes=\"(max-width: 900px) 100vw, 900px\" \/><\/figure>\n<\/div>\n\n\n<p>Egy z\u00e1rt Facebook-csoport is rendelkez\u00e9sedre \u00e1ll, ahol b\u00e1rmilyen k\u00e9rd\u00e9sed lehet a tanfolyam szerz\u0151j\u00e9vel.<\/p>\n\n\n\n<p>Csoda persze nem l\u00e9tezik, de biztosan tanulhatsz azokt\u00f3l, akik \u00e9rtenek a t\u00e9m\u00e1hoz, ha minden nap gyakorolsz, \u00e9s l\u00e1tod, milyen gyorsan fejl\u0151dsz.<\/p>\n\n\n\n<h2 class=\"wp-block-heading\">Megtanulok anime karaktereket rajzolni?<\/h2>\n\n\n\n<p>Azok sz\u00e1m\u00e1ra, akik szeretn\u00e9k megtanulni, hogyan kell anime karaktereket rajzolni egyszer\u0171 \u00e9s egyszer\u0171 m\u00f3don, akkor a <strong>rajong\u00f3 m\u0171v\u00e9szeti m\u00f3dszer m\u0171k\u00f6dik<\/strong> \u00e9s ez ide\u00e1lis az \u00d6n sz\u00e1m\u00e1ra!<\/p>\n\n\n\n<p>N\u00e9zd meg az al\u00e1bbiakban Mayara tan\u00edtv\u00e1nyait, akik m\u00e1r most kiv\u00e1l\u00f3 eredm\u00e9nyeket \u00e9rnek el, \u00e9s megval\u00f3s\u00edtj\u00e1k \u00e1lmukat, hogy megtanulj\u00e1k lerajzolni kedvenc anime karaktereiket.<\/p>\n\n\n\n<h3 class=\"wp-block-heading\">Tanul\u00f3i aj\u00e1nl\u00e1sok<\/h3>\n\n\n\n<p>N\u00e9zd meg a tan\u00edtv\u00e1nyaid besz\u00e1mol\u00f3it, amelyekb\u0151l kider\u00fcl, mennyire \u00f6r\u00fclnek, hogy lerajzolt\u00e1k kedvenc anime karaktereiket:<br \/><\/p>\n\n\n<div class=\"message_box announce\"><p><\/p>\n<blockquote><p>Gratul\u00e1lok a tanfolyamhoz Mayara, szerintem nagyon j\u00f3 volt. M\u00e1r t\u00f6bb ismer\u0151s\u00f6mnek is aj\u00e1nlottam, meg\u00e9ri. Nagyon egyenes a l\u00e9nyegre, m\u00e1r a 4. moduln\u00e1l tartok \u00e9s a k\u00fcl\u00f6nbs\u00e9g abszurd a r\u00e9gi rajzaimhoz k\u00e9pest, minden nap egyre jobb leszek. Gratul\u00e1lok \u00e9s sok sikert neked. Bjs<\/p>\n<p><strong>Jo\u00e3o Gabriel Alvarenga<\/strong><\/p><\/blockquote>\n<p><\/p><\/div>\n\n\n<div class=\"message_box announce\"><p><\/p>\n<blockquote><p>R\u00e9gen meg\u0151r\u00fcltem, hogy le akartam rajzolni Eren Yeagert!!! M\u00e1r \u00e1tm\u00e1soltam n\u00e9h\u00e1nyat, de ma \u00fagy lerajzoltam \u0151t, hogy meg sem n\u00e9ztem!!! Mindent k\u00f6vetve amit a tanfolyamon tan\u00edtott\u00e1l!!!<br \/>\nTooo boldog dmais, hamarosan k\u00e9sz\u00edtek egy posztert, hogy kitegyem ide a szob\u00e1mba hehehe!!!! K\u00f6szi Mayy, a tanfolyamod fantasztikus!!!<\/p>\n<p><strong>Marcos Vinicius Viana<\/strong><\/p><\/blockquote>\n<p><\/p><\/div>\n\n\n\n<p>N\u00e9zze meg az al\u00e1bbiakban a tan\u00edtv\u00e1nyai rajzainak bemutat\u00e1s\u00e1val el\u00e9rt eredm\u00e9nyekr\u0151l sz\u00f3l\u00f3 besz\u00e1mol\u00f3kat is:<br \/><\/p>\n\n\n<div class=\"tab_widget wp_shortcodes_tabs\"><ul class=\"wps_tabs\"><li><a href=\"#\" data-tab=\"tab-0-depoimento-jonathan\">Jonathan aj\u00e1nl\u00e1sa<\/a><\/li><li><a href=\"#\" data-tab=\"tab-1-depoimento-adson\">Adson aj\u00e1nl\u00f3lev\u00e9l<\/a><\/li><li><a href=\"#\" data-tab=\"tab-2-depoimento-mika\">Mika aj\u00e1nl\u00f3lev\u00e9l<\/a><\/li><\/ul><div class=\"tab_container\"><div id=\"tab-0-depoimento-jonathan\" class=\"tab_content clearfix\"><img data-recalc-dims=\"1\" decoding=\"async\" class=\"size-full wp-image-909 aligncenter\" src=\"https:\/\/i0.wp.com\/comoaprenderjapones.net\/wp-content\/uploads\/2017\/02\/Metodo_fan_art_desenho_aluno-7.jpg?resize=509%2C626&#038;ssl=1\" alt=\"\" width=\"509\" height=\"626\" srcset=\"https:\/\/i0.wp.com\/comoaprenderjapones.net\/wp-content\/uploads\/2017\/02\/Metodo_fan_art_desenho_aluno-7.jpg?w=509&amp;ssl=1 509w, https:\/\/i0.wp.com\/comoaprenderjapones.net\/wp-content\/uploads\/2017\/02\/Metodo_fan_art_desenho_aluno-7.jpg?resize=244%2C300&amp;ssl=1 244w\" sizes=\"(max-width: 509px) 100vw, 509px\" \/>Jonathan besz\u00e1mol\u00f3ja a Fan Art m\u00f3dszerr\u0151l<\/div><div id=\"tab-1-depoimento-adson\" class=\"tab_content clearfix\"><img data-recalc-dims=\"1\" decoding=\"async\" class=\"size-full wp-image-910 aligncenter\" src=\"https:\/\/i0.wp.com\/comoaprenderjapones.net\/wp-content\/uploads\/2017\/02\/Metodo_fan_art_desenhoaluno7.jpg?resize=495%2C515&#038;ssl=1\" alt=\"\" width=\"495\" height=\"515\" srcset=\"https:\/\/i0.wp.com\/comoaprenderjapones.net\/wp-content\/uploads\/2017\/02\/Metodo_fan_art_desenhoaluno7.jpg?w=495&amp;ssl=1 495w, https:\/\/i0.wp.com\/comoaprenderjapones.net\/wp-content\/uploads\/2017\/02\/Metodo_fan_art_desenhoaluno7.jpg?resize=288%2C300&amp;ssl=1 288w\" sizes=\"(max-width: 495px) 100vw, 495px\" \/>Adson besz\u00e1mol\u00f3ja a rajong\u00f3i m\u0171v\u00e9szeti m\u00f3dszerr\u0151l<\/div><div id=\"tab-2-depoimento-mika\" class=\"tab_content clearfix\"><\/p>\n<p><img data-recalc-dims=\"1\" decoding=\"async\" class=\"size-full wp-image-914 aligncenter\" src=\"https:\/\/i0.wp.com\/comoaprenderjapones.net\/wp-content\/uploads\/2017\/02\/Metodo_Fan_Art_desenhoaluno5.jpg?resize=516%2C546&#038;ssl=1\" alt=\"\" width=\"516\" height=\"546\" srcset=\"https:\/\/i0.wp.com\/comoaprenderjapones.net\/wp-content\/uploads\/2017\/02\/Metodo_Fan_Art_desenhoaluno5.jpg?w=516&amp;ssl=1 516w, https:\/\/i0.wp.com\/comoaprenderjapones.net\/wp-content\/uploads\/2017\/02\/Metodo_Fan_Art_desenhoaluno5.jpg?resize=284%2C300&amp;ssl=1 284w\" sizes=\"(max-width: 516px) 100vw, 516px\" \/><\/p>\n<p>Mika vallom\u00e1sa a fan art m\u00f3dszerr\u0151l.<\/p>\n<p><\/div><\/div><\/div><div class=\"clear\"><\/div>\n\n\n\n<h2 class=\"wp-block-heading\">M\u0171k\u00f6dik a Fan Art m\u00f3dszer?<\/h2>\n\n\n\n<p>Abszol\u00fat! Ha l\u00e1ttad a <a href=\"https:\/\/comoaprenderjapones.net\/hu\/fan-art-modszer\/#depoimentos-dos-alunos\">tanul\u00f3i aj\u00e1nl\u00e1sok<\/a> m\u00e1r r\u00e1j\u00f6tt\u00e9l, hogy Mayara Rodrigues tudja, mir\u0151l besz\u00e9l, valamint egyszer\u0171 \u00e9s nagyon didaktikus el\u0151ad\u00e1st tart.<\/p>\n\n\n\n<p>Modulokra osztott videoleck\u00e9ket fogsz n\u00e9zni, \u00edgy k\u00f6nnyed\u00e9n \u00e9s t\u00fal sok id\u0151vesztes\u00e9g n\u00e9lk\u00fcl haladhatsz el\u0151re \u00e9s \u00fcltetheted \u00e1t a gyakorlatba mindazt, amit megtanult\u00e1l.<\/p>\n\n\n\n<p>Meggy\u0151z\u0151d\u00e9sed, hogy ha m\u00e9g sosem rajzolt\u00e1l kor\u00e1bban, akkor is elsaj\u00e1t\u00edthatod azokat a technik\u00e1kat, amelyekkel gyakorlatilag elkezdhetsz anime karaktereket rajzolni!<\/p>\n\n\n\n<p class=\"has-text-align-center\"><a class=\"fasc-button fasc-size-large fasc-type-glossy fasc-rounded-medium ico-fa fasc-ico-before fa-share-square-o\" style=\"background-color: #48aa3f; color: #ffffff;\" target=\"_blank\" rel=\"nofollow noopener\" href=\"https:\/\/comoaprenderjapones.net\/hu\/in\/conheca-o-metodo-fan-art\/\">Ismerd meg MOST a M\u00f3dszert, \u00e9s tudd meg, mi\u00e9rt olyan n\u00e9pszer\u0171 manaps\u00e1g!<\/a><\/p>\n\n\n\n<h2 class=\"wp-block-heading\">Gyakran ism\u00e9telt k\u00e9rd\u00e9sek<\/h2>\n\n\n<div id=\"rank-math-faq\" class=\"rank-math-block\">\n<div class=\"rank-math-list\">\n<div id=\"faq-question-1662400697637\" class=\"rank-math-list-item\">\n<h3 class=\"rank-math-question\"><strong>Megfelel nekem a tanfolyam?<\/strong><\/h3>\n<div class=\"rank-math-answer\">\n\n<p>Ha 8 \u00e9ves vagy, 16 \u00e9ves vagy ak\u00e1r 40 \u00e9ves (b\u00e1rmilyen kor\u00fa is vagy) \u00e9s szeretn\u00e9d megtanulni, hogyan kell anime \u00e9s manga karaktereket rajzolni, akkor ez a tanfolyam neked sz\u00f3l!<\/p>\n\n<\/div>\n<\/div>\n<div id=\"faq-question-1662400711600\" class=\"rank-math-list-item\">\n<h3 class=\"rank-math-question\"><strong>Mi van a Fan Art m\u00f3dszerben?<\/strong><\/h3>\n<div class=\"rank-math-answer\">\n\n<p>T\u00f6bb mint 35 videoleck\u00e9t, valamint hanganyagokat \u00e9s sz\u00f6vegeket tartalmaz.<\/p>\n\n<\/div>\n<\/div>\n<div id=\"faq-question-1662400722590\" class=\"rank-math-list-item\">\n<h3 class=\"rank-math-question\"><strong>Mennyi ideig tart a tanfolyam?<\/strong><\/h3>\n<div class=\"rank-math-answer\">\n\n<p>A hozz\u00e1f\u00e9r\u00e9s \u00e9lethosszig, azaz korl\u00e1tlan ideig tart.<\/p>\n\n<\/div>\n<\/div>\n<div id=\"faq-question-1662400736069\" class=\"rank-math-list-item\">\n<h3 class=\"rank-math-question\"><strong>Fizethetek a tanfolyam\u00e9rt r\u00e9szletekben?<\/strong><\/h3>\n<div class=\"rank-math-answer\">\n\n<p>Igen, a Fan Art Method 3.0 tanfolyamot ak\u00e1r 10 r\u00e9szletben is fizetheted a hitelk\u00e1rty\u00e1ddal. Ak\u00e1r 2 hitelk\u00e1rty\u00e1t is haszn\u00e1lhatsz, ha szeretn\u00e9d.<\/p>\n\n<\/div>\n<\/div>\n<div id=\"faq-question-1662400747920\" class=\"rank-math-list-item\">\n<h3 class=\"rank-math-question\"><strong>Biztons\u00e1gos megv\u00e1s\u00e1rolni a Fan Art m\u00f3dszert?<\/strong><\/h3>\n<div class=\"rank-math-answer\">\n\n<p>Igen, a\u00a0<a href=\"https:\/\/comoaprenderjapones.net\/hu\/in\/comprar-metodo-fan-art-3-0-ck\/\" target=\"_blank\" rel=\"noreferrer noopener\">Hotmart platform a fizet\u00e9s lebonyol\u00edt\u00e1s\u00e1hoz<\/a>\u00a0ami nagyon biztons\u00e1gos.<\/p>\n\n<\/div>\n<\/div>\n<div id=\"faq-question-1662400768520\" class=\"rank-math-list-item\">\n<h3 class=\"rank-math-question\"><strong>Hol tehetek fel k\u00e9rd\u00e9seket?<\/strong><\/h3>\n<div class=\"rank-math-answer\">\n\n<p>Van Whatsapp t\u00e1mogat\u00e1s, hogy k\u00e9rd\u00e9seket tehessen fel.<\/p>\n\n<\/div>\n<\/div>\n<div id=\"faq-question-1662400782852\" class=\"rank-math-list-item\">\n<h3 class=\"rank-math-question\"><strong>Sz\u00fcks\u00e9gem van valamire a tanfolyamhoz?<\/strong><\/h3>\n<div class=\"rank-math-answer\">\n\n<p>A tanfolyamon t\u00f6bbek k\u00f6z\u00f6tt internetkapcsolat \u00e9s egyszer\u0171 dolgok, mint a ceruza, ker\u00fclnek bemutat\u00e1sra.<\/p>\n\n<\/div>\n<\/div>\n<div id=\"faq-question-1662400805354\" class=\"rank-math-list-item\">\n<h3 class=\"rank-math-question\"><strong>Van a tanfolyamnak tan\u00fas\u00edtv\u00e1nya?<\/strong><\/h3>\n<div class=\"rank-math-answer\">\n\n<p>Igen, a tanfolyam elv\u00e9gz\u00e9s\u00e9r\u0151l tan\u00fas\u00edtv\u00e1nyt \u00e1ll\u00edtanak ki.<\/p>\n\n<\/div>\n<\/div>\n<div id=\"faq-question-1662400813086\" class=\"rank-math-list-item\">\n<h3 class=\"rank-math-question\"><strong>Garant\u00e1lt a tanfolyam?<\/strong><\/h3>\n<div class=\"rank-math-answer\">\n\n<p>Igen, a garancia 7 napig felt\u00e9tel n\u00e9lk\u00fcl \u00e9rv\u00e9nyes, teh\u00e1t ha nem tetszik a tanfolyam, visszak\u00e9rheti a p\u00e9nz\u00e9t, teljes visszat\u00e9r\u00edt\u00e9ssel.<\/p>\n\n<\/div>\n<\/div>\n<\/div>\n<\/div>\n\n\n<p><strong>Tetszett a tipp? Oszd meg bar\u00e1taiddal az al\u00e1bbi gombokra kattintva!<\/strong><\/p>\n\n<div style=\"font-size: 0px; height: 0px; line-height: 0px; margin: 0; padding: 0; clear: both;\"><\/div>","protected":false},"excerpt":{"rendered":"<p>Aprenda a como desenhar personagem de animes mesmo sem ter o \u201cdom\u201d passo a passo com o m\u00e9todo fan art 3.0 criado pela Mayara Rodrigues.\u00a0 Quem gosta da cultura japonesa, principalmente pelos animes, mangas j\u00e1<\/p>","protected":false},"author":1,"featured_media":3028,"parent":0,"menu_order":0,"comment_status":"closed","ping_status":"closed","template":"","meta":{"footnotes":""},"class_list":["post-904","page","type-page","status-publish","has-post-thumbnail"],"jetpack-related-posts":[{"id":94,"url":"https:\/\/comoaprenderjapones.net\/hu\/programa-japones-online\/","url_meta":{"origin":904,"position":0},"title":"Programa Japon\u00eas Online + Evento gr\u00e1tis Intensiv\u00e3o de japon\u00eas","author":"Rafael Avelino","date":"20 de okt\u00f3ber de 2014","format":false,"excerpt":"Conhe\u00e7a o curso de japon\u00eas Programa Japon\u00eas Online do Sensei Luiz Rafael! \u3053\u3093\u306b\u3061\u306f! Est\u00e1 procurando um m\u00e9todo eficiente que te ensine do ZERO a ter um n\u00edvel de flu\u00eancia que possa consumir conte\u00fados totalmente em japon\u00eas? O m\u00e9todo criado pelo Luiz Rafael j\u00e1 passou por muitas atualiza\u00e7\u00f5es e est\u00e1 no\u2026","rel":"","context":"Similar post","block_context":{"text":"Similar post","link":""},"img":{"alt_text":"Programa Japon\u00eas Online - Intensiv\u00e3o de japon\u00eas","src":"https:\/\/i0.wp.com\/comoaprenderjapones.net\/wp-content\/uploads\/2021\/01\/programa-japones-online-intensivao-de-japones-2021.jpg?fit=1200%2C932&ssl=1&resize=350%2C200","width":350,"height":200,"srcset":"https:\/\/i0.wp.com\/comoaprenderjapones.net\/wp-content\/uploads\/2021\/01\/programa-japones-online-intensivao-de-japones-2021.jpg?fit=1200%2C932&ssl=1&resize=350%2C200 1x, https:\/\/i0.wp.com\/comoaprenderjapones.net\/wp-content\/uploads\/2021\/01\/programa-japones-online-intensivao-de-japones-2021.jpg?fit=1200%2C932&ssl=1&resize=525%2C300 1.5x, https:\/\/i0.wp.com\/comoaprenderjapones.net\/wp-content\/uploads\/2021\/01\/programa-japones-online-intensivao-de-japones-2021.jpg?fit=1200%2C932&ssl=1&resize=700%2C400 2x, https:\/\/i0.wp.com\/comoaprenderjapones.net\/wp-content\/uploads\/2021\/01\/programa-japones-online-intensivao-de-japones-2021.jpg?fit=1200%2C932&ssl=1&resize=1050%2C600 3x"},"classes":[]},{"id":35,"url":"https:\/\/comoaprenderjapones.net\/hu\/sobre\/","url_meta":{"origin":904,"position":1},"title":"A  oldalr\u00f3l","author":"Rafael Avelino","date":"24 de augusztus de 2014","format":false,"excerpt":"Ol\u00e1 Minna! Sou Rafael admin deste site, como vai? Muito obrigado por visitar este site que pretende passar dicas de como aprender japon\u00eas para quem est\u00e1 iniciando, assim como eu. Vamos tentar abordar tudo que possa ajudar no seu aprendizado do idioma japon\u00eas, que vai desde animes,m\u00fasicas,mangas e tamb\u00e9m o\u2026","rel":"","context":"Similar post","block_context":{"text":"Similar post","link":""},"img":{"alt_text":"","src":"","width":0,"height":0},"classes":[]},{"id":860,"url":"https:\/\/comoaprenderjapones.net\/hu\/japones-expresso-curso-online-japones\/","url_meta":{"origin":904,"position":2},"title":"Japon\u00eas Expresso: Curso online de japon\u00eas","author":"Rafael Avelino","date":"14 de november de 2016","format":false,"excerpt":"Conhe\u00e7a curso online japon\u00eas expresso promete te ajudar a sair do zero no idioma japon\u00eas e tamb\u00e9m para quem tem viagem marcada para o Jap\u00e3o. CURSO N\u00c3O EST\u00c1 DISPONIVEL. Conhe\u00e7a o curso Completo do Sensei Luiz Rafael o ???? Programa Japon\u00eas Online! Quem gosta da cultura japonesa, seja animes, mangas,\u2026","rel":"","context":"Similar post","block_context":{"text":"Similar post","link":""},"img":{"alt_text":"Japon\u00eas Expresso curso online de japon\u00eas","src":"https:\/\/i0.wp.com\/comoaprenderjapones.net\/wp-content\/uploads\/2016\/11\/Japones_Expresso.jpg?fit=1200%2C696&ssl=1&resize=350%2C200","width":350,"height":200,"srcset":"https:\/\/i0.wp.com\/comoaprenderjapones.net\/wp-content\/uploads\/2016\/11\/Japones_Expresso.jpg?fit=1200%2C696&ssl=1&resize=350%2C200 1x, https:\/\/i0.wp.com\/comoaprenderjapones.net\/wp-content\/uploads\/2016\/11\/Japones_Expresso.jpg?fit=1200%2C696&ssl=1&resize=525%2C300 1.5x, https:\/\/i0.wp.com\/comoaprenderjapones.net\/wp-content\/uploads\/2016\/11\/Japones_Expresso.jpg?fit=1200%2C696&ssl=1&resize=700%2C400 2x, https:\/\/i0.wp.com\/comoaprenderjapones.net\/wp-content\/uploads\/2016\/11\/Japones_Expresso.jpg?fit=1200%2C696&ssl=1&resize=1050%2C600 3x"},"classes":[]}],"jetpack_sharing_enabled":true,"amp_enabled":true,"_links":{"self":[{"href":"https:\/\/comoaprenderjapones.net\/hu\/wp-json\/wp\/v2\/pages\/904","targetHints":{"allow":["GET"]}}],"collection":[{"href":"https:\/\/comoaprenderjapones.net\/hu\/wp-json\/wp\/v2\/pages"}],"about":[{"href":"https:\/\/comoaprenderjapones.net\/hu\/wp-json\/wp\/v2\/types\/page"}],"author":[{"embeddable":true,"href":"https:\/\/comoaprenderjapones.net\/hu\/wp-json\/wp\/v2\/users\/1"}],"replies":[{"embeddable":true,"href":"https:\/\/comoaprenderjapones.net\/hu\/wp-json\/wp\/v2\/comments?post=904"}],"version-history":[{"count":0,"href":"https:\/\/comoaprenderjapones.net\/hu\/wp-json\/wp\/v2\/pages\/904\/revisions"}],"wp:featuredmedia":[{"embeddable":true,"href":"https:\/\/comoaprenderjapones.net\/hu\/wp-json\/wp\/v2\/media\/3028"}],"wp:attachment":[{"href":"https:\/\/comoaprenderjapones.net\/hu\/wp-json\/wp\/v2\/media?parent=904"}],"curies":[{"name":"wp","href":"https:\/\/api.w.org\/{rel}","templated":true}]}}