{"id":860,"date":"2016-11-14T21:13:15","date_gmt":"2016-11-14T23:13:15","guid":{"rendered":"https:\/\/comoaprenderjapones.net\/?page_id=860"},"modified":"2023-02-19T12:30:41","modified_gmt":"2023-02-19T15:30:41","slug":"kursus-online-ekspres-bahasa-jepang","status":"publish","type":"page","link":"https:\/\/comoaprenderjapones.net\/id\/japones-expresso-curso-online-japones\/","title":{"rendered":"Japanese Express: Kursus bahasa Jepang online"},"content":{"rendered":"<div class=\"70e2abfdd93e3087e927d9c3a45bcce4\" data-index=\"2\" style=\"float: none; margin:0px;\">\n<script async src=\"https:\/\/pagead2.googlesyndication.com\/pagead\/js\/adsbygoogle.js?client=ca-pub-0652292147574552\"\r\n     crossorigin=\"anonymous\"><\/script>\r\n<!-- Ads responsivo Inicio Post CAJap -->\r\n<ins class=\"adsbygoogle\"\r\n     style=\"display:block\"\r\n     data-ad-client=\"ca-pub-0652292147574552\"\r\n     data-ad-slot=\"3298668993\"\r\n     data-ad-format=\"auto\"><\/ins>\r\n<script>\r\n     (adsbygoogle = window.adsbygoogle || []).push({});\r\n<\/script>\n<\/div>\n\n<p><em>Pelajari tentang kursus online <strong>Ekspres Jepang<\/strong> berjanji untuk membantu Anda memulai belajar bahasa Jepang dan juga bagi mereka yang sedang bepergian ke Jepang.<\/em><\/p>\n\n\n\n<p class=\"has-background has-medium-font-size\" style=\"background-color:#f8c0c0\"><strong>KURSUS TIDAK TERSEDIA<\/strong>. Kenali kursus lengkap Sensei Luiz Rafael ???? <a href=\"https:\/\/comoaprenderjapones.net\/id\/programa-japones-online\/\" data-type=\"URL\" data-id=\"https:\/\/comoaprenderjapones.net\/programa-japones-online\/\">Program Online Bahasa Jepang<\/a>!<\/p>\n\n\n\n<p>Siapa pun yang menyukai budaya Jepang, baik itu anime, manga, film, J-drama, atau banyak faktor lain yang membuat budaya ini unik, pasti akan berpikir untuk mempelajari bahasa Jepang agar dapat lebih menikmati budaya yang unik ini.<\/p>\n\n\n\n<p>Masalah besar bagi mereka yang memulai dari nol, atau bahkan memulai dan berhenti, adalah kesan bahwa Nihongo adalah bahasa yang sangat sulit atau bahkan tidak mungkin untuk dipelajari.<\/p>\n\n\n\n<p>Tapi itu tidak benar! Yang terjadi adalah Anda belum mempelajari metodologi yang benar untuk belajar secara efektif.<\/p>\n\n\n\n<p>Bukankah lebih baik jika ada kursus yang langsung ke intinya, tanpa banyak basa-basi, yang ditujukan bagi mereka yang ingin mempelajari dasar-dasar bahasa dengan cepat agar dapat bepergian ke Jepang atau memiliki motivasi lebih untuk menggali lebih dalam tentang bahasa Jepang?<\/p>\n\n\n\n<p>Karena alasan inilah \u5148\u751f Luiz menciptakan <a href=\"https:\/\/comoaprenderjapones.net\/id\/in\/curso-de-japones-gratis-agosto-de-2020\/\" target=\"_blank\" rel=\"noopener noreferrer\">Kursus bahasa Jepang ekspres<\/a> bagi mereka yang memiliki tujuan ini dan perlu belajar dengan cukup cepat untuk bertahan di Jepang.<\/p>\n\n\n<div class=\"wp-block-image\">\n<figure class=\"aligncenter\"><img data-recalc-dims=\"1\" decoding=\"async\" width=\"960\" height=\"436\" src=\"https:\/\/i0.wp.com\/comoaprenderjapones.net\/wp-content\/uploads\/2016\/11\/Viagem_Japao_curso_japones_expresso.jpg?resize=960%2C436&#038;ssl=1\" alt=\"Bepergian ke Jepang: Kursus ekspres bahasa Jepang\" class=\"wp-image-865\" title=\"Bepergian ke Jepang: Kursus ekspres bahasa Jepang\" srcset=\"https:\/\/i0.wp.com\/comoaprenderjapones.net\/wp-content\/uploads\/2016\/11\/Viagem_Japao_curso_japones_expresso.jpg?w=960&amp;ssl=1 960w, https:\/\/i0.wp.com\/comoaprenderjapones.net\/wp-content\/uploads\/2016\/11\/Viagem_Japao_curso_japones_expresso.jpg?resize=300%2C136&amp;ssl=1 300w, https:\/\/i0.wp.com\/comoaprenderjapones.net\/wp-content\/uploads\/2016\/11\/Viagem_Japao_curso_japones_expresso.jpg?resize=768%2C349&amp;ssl=1 768w\" sizes=\"(max-width: 960px) 100vw, 960px\" \/><\/figure>\n<\/div>\n\n\n<h2 class=\"wp-block-heading\" id=\"o-que-e-o-curso-japones-expresso\">Apa yang dimaksud dengan Kursus Bahasa Jepang Ekspres?<\/h2>\n\n\n\n<p>Ini adalah kursus tertutup khusus untuk siswa di mana Anda dapat memulai dari awal dan belajar bahasa Jepang dengan lebih efisien dan cepat melalui pelajaran video.<\/p>\n\n\n\n<p>Tapi ini BARU <a href=\"https:\/\/comoaprenderjapones.net\/id\/in\/curso-de-japones-gratis-agosto-de-2020\/\" target=\"_blank\" rel=\"noopener noreferrer\">kursus bahasa Jepang online<\/a> memiliki satu perbedaan utama dengan yang lain: berlangsung selama 6 minggu, yang secara praktis berarti satu setengah bulan.<\/p>\n\n\n\n<h3 class=\"wp-block-heading\" id=\"para-quem-e-esse-curso\">Untuk siapa kursus ini?<\/h3>\n\n\n\n<p>Kursus ini bertujuan untuk menjadi sesederhana dan semudah mungkin sehingga siapa pun dapat mempelajari dasar-dasar bahasa.<\/p>\n\n\n\n<p>Ini diciptakan dengan mempertimbangkan orangnya:<\/p>\n\n\n\n<ul class=\"wp-block-list\">\n<li>Anda tidak punya waktu banyak dan Anda harus segera mempelajari setidaknya dasar-dasarnya untuk memiliki keterampilan komunikasi yang penting di Jepang<\/li>\n\n\n\n<li>Bagi mereka yang tidak tahu apa-apa tentang bahasa dan ingin mempelajari dasar-dasarnya secara langsung sehingga mereka memiliki lebih banyak motivasi untuk melanjutkan studi mereka.<\/li>\n<\/ul>\n\n\n\n<p>Express Japanese sangat berfokus pada orang-orang yang mencari kursus bahasa Jepang online yang cepat dan memberikan hasil yang memuaskan dalam waktu yang lebih singkat.<\/p>\n\n\n\n<p>Ini adalah <strong>Kursus bahasa Jepang untuk Anda yang akan bepergian ke Jepang<\/strong> segera atau ingin mempelajari dasar-dasar bahasa dengan cepat.<\/p>\n\n\n\n<p class=\"has-text-align-center\"><a class=\"fasc-button fasc-size-large fasc-type-flat fasc-rounded-medium ico-fa fasc-ico-before fa-play-circle\" style=\"background-color: #e43f42; color: #ffffff;\" target=\"_blank\" rel=\"noopener noreferrer\" href=\"https:\/\/comoaprenderjapones.net\/id\/in\/curso-de-japones-gratis-agosto-de-2020\/\">Cari tahu lebih lanjut tentang kursus ini dengan mengeklik di sini!<\/a><\/p>\n\n\n\n<h3 class=\"wp-block-heading\" id=\"qual-o-conteudo-do-curso\">Apa isi dari kursus ini?<\/h3>\n\n\n\n<p>Seperti biasa, kursus ini 100% online di situs tertutup untuk siswa saja:<\/p>\n\n\n\n<ul class=\"wp-block-list\">\n<li>Tim yang siap menjawab pertanyaan Anda<\/li>\n\n\n\n<li>Anda akan menerima login dan kata sandi untuk mengakses portal<\/li>\n\n\n\n<li>Konten yang berfokus untuk memberi Anda dasar untuk berkomunikasi dengan penutur asli<\/li>\n\n\n\n<li>Ada 6 topik plus bonus yang bisa Anda pelajari dengan cepat dan mudah dalam pelajaran video plus handout yang bisa diunduh<\/li>\n<\/ul>\n\n\n\n<p>Di setiap pelajaran, Anda dapat meninggalkan pertanyaan, mirip dengan komentar, untuk dijawab oleh tim dukungan sesegera mungkin.<\/p>\n\n\n\n<h2 class=\"wp-block-heading\" id=\"quem-e-o-criador-do-curso-japones-expresso\">Siapakah pencipta kursus kilat Jepang?<\/h2>\n\n\n<div class=\"wp-block-image\">\n<figure class=\"alignleft\"><img data-recalc-dims=\"1\" decoding=\"async\" width=\"300\" height=\"244\" src=\"https:\/\/i0.wp.com\/comoaprenderjapones.net\/wp-content\/uploads\/2016\/11\/Luiz_Rafael_Curso_Japones_Expresso.jpg?resize=300%2C244&#038;ssl=1\" alt=\"Luiz Rafael Kursus Bahasa Jepang Ekspres\" class=\"wp-image-863\" title=\"Luiz Rafael Kursus Bahasa Jepang Ekspres\"\/><\/figure>\n<\/div>\n\n\n<p>Kursus ini dibuat oleh \u5148\u751f Luiz Rafael, yang juga merupakan pencipta <a href=\"https:\/\/comoaprenderjapones.net\/id\/programa-japones-online\/\">program bahasa Jepang online<\/a>Saya di sini untuk mengisi celah di mana ribuan orang menginginkan hasil yang cepat sehingga mereka setidaknya dapat \"bertahan\" dengan dasar-dasar bahasa Jepang.<\/p>\n\n\n\n<p>Luiz telah belajar bahasa Jepang sejak berusia 15 tahun dan memiliki banyak pengalaman di bidang pembelajaran bahasa.<\/p>\n\n\n\n<h3 class=\"wp-block-heading\" id=\"o-curso-japones-expresso-e-para-mim\">Apakah kursus bahasa Jepang ekspres cocok untuk saya?<\/h3>\n\n\n\n<p>Jika Anda akan segera berkunjung ke Jepang atau ingin mempelajari dasar-dasar bahasa Jepang dengan cepat, maka kursus ini cocok untuk Anda!<\/p>\n\n\n\n<p>Dengan pelajaran sederhana, siapa pun yang tertarik dapat dengan mudah belajar cukup untuk bertahan hidup di Jepang, seperti berbelanja, naik kereta, berterima kasih kepada penduduk asli, dll.<\/p>\n\n\n\n<p>Jika Anda tertarik untuk mempelajari dasar-dasar yang Anda perlukan saat bepergian, atau jika Anda ingin memulai dari awal dan mempelajari dasar-dasar bahasa dengan cepat, maka kursus ini cocok untuk Anda!<\/p>\n\n\n\n<h3 class=\"wp-block-heading\" id=\"mais-informacao\">Info lebih lanjut<\/h3>\n\n\n\n<p>Jika Anda ingin mengetahui lebih lanjut tentang pendaftaran, dukungan, dan banyak lagi, klik tombol di bawah ini:<\/p>\n\n\n\n<p class=\"has-text-align-center\"><a class=\"fasc-button fasc-size-large fasc-type-flat fasc-rounded-medium ico-fa fasc-ico-before fa-mail-forward\" style=\"background-color: #e43f42; color: #ffffff;\" target=\"_blank\" rel=\"noopener noreferrer\" href=\"https:\/\/comoaprenderjapones.net\/id\/in\/curso-de-japones-gratis-agosto-de-2020\/\">Kenali kursus Japanese Express sekarang dengan mengklik di sini!<\/a><\/p>\n\n<div style=\"font-size: 0px; height: 0px; line-height: 0px; margin: 0; padding: 0; clear: both;\"><\/div>","protected":false},"excerpt":{"rendered":"<p>Conhe\u00e7a curso online japon\u00eas expresso promete te ajudar a sair do zero no idioma japon\u00eas e tamb\u00e9m para quem tem viagem marcada para o Jap\u00e3o. CURSO N\u00c3O EST\u00c1 DISPONIVEL. Conhe\u00e7a o curso Completo do Sensei<\/p>","protected":false},"author":1,"featured_media":861,"parent":0,"menu_order":0,"comment_status":"closed","ping_status":"closed","template":"","meta":{"footnotes":""},"class_list":["post-860","page","type-page","status-publish","has-post-thumbnail"],"jetpack-related-posts":[{"id":94,"url":"https:\/\/comoaprenderjapones.net\/id\/programa-japones-online\/","url_meta":{"origin":860,"position":0},"title":"Programa Japon\u00eas Online + Evento gr\u00e1tis Intensiv\u00e3o de japon\u00eas","author":"Rafael Avelino","date":"20 de Oktober de 2014","format":false,"excerpt":"Conhe\u00e7a o curso de japon\u00eas Programa Japon\u00eas Online do Sensei Luiz Rafael! \u3053\u3093\u306b\u3061\u306f! Est\u00e1 procurando um m\u00e9todo eficiente que te ensine do ZERO a ter um n\u00edvel de flu\u00eancia que possa consumir conte\u00fados totalmente em japon\u00eas? O m\u00e9todo criado pelo Luiz Rafael j\u00e1 passou por muitas atualiza\u00e7\u00f5es e est\u00e1 no\u2026","rel":"","context":"Postingan serupa","block_context":{"text":"Postingan serupa","link":""},"img":{"alt_text":"Programa Japon\u00eas Online - Intensiv\u00e3o de japon\u00eas","src":"https:\/\/i0.wp.com\/comoaprenderjapones.net\/wp-content\/uploads\/2021\/01\/programa-japones-online-intensivao-de-japones-2021.jpg?fit=1200%2C932&ssl=1&resize=350%2C200","width":350,"height":200,"srcset":"https:\/\/i0.wp.com\/comoaprenderjapones.net\/wp-content\/uploads\/2021\/01\/programa-japones-online-intensivao-de-japones-2021.jpg?fit=1200%2C932&ssl=1&resize=350%2C200 1x, https:\/\/i0.wp.com\/comoaprenderjapones.net\/wp-content\/uploads\/2021\/01\/programa-japones-online-intensivao-de-japones-2021.jpg?fit=1200%2C932&ssl=1&resize=525%2C300 1.5x, https:\/\/i0.wp.com\/comoaprenderjapones.net\/wp-content\/uploads\/2021\/01\/programa-japones-online-intensivao-de-japones-2021.jpg?fit=1200%2C932&ssl=1&resize=700%2C400 2x, https:\/\/i0.wp.com\/comoaprenderjapones.net\/wp-content\/uploads\/2021\/01\/programa-japones-online-intensivao-de-japones-2021.jpg?fit=1200%2C932&ssl=1&resize=1050%2C600 3x"},"classes":[]},{"id":4016,"url":"https:\/\/comoaprenderjapones.net\/id\/curso-japones-club-por-skdesu\/","url_meta":{"origin":860,"position":1},"title":"Curso Japon\u00eas Club por Skdesu","author":"Rafael Avelino","date":"2 de Februari de 2023","format":false,"excerpt":"Advertorial Aprenda a L\u00edngua Japonesa com o Curso Japon\u00eas Club e Tenha a solu\u00e7\u00e3o definitiva para superar qualquer desafio! Mang\u00e1 Death Note Olha s\u00f3 o que voc\u00ea tem no Curso Japon\u00eas Club! + de 140 v\u00eddeo aulas em Alta Defini\u00e7\u00e3o Jogos e Atividades Interativas Pagamento \u00danico (N\u00e3o tem Mensalidades) Acesso\u2026","rel":"","context":"Postingan serupa","block_context":{"text":"Postingan serupa","link":""},"img":{"alt_text":"","src":"https:\/\/i0.wp.com\/comoaprenderjapones.net\/wp-content\/uploads\/2023\/02\/japones-club-advertorial.jpg?fit=1023%2C499&ssl=1&resize=350%2C200","width":350,"height":200,"srcset":"https:\/\/i0.wp.com\/comoaprenderjapones.net\/wp-content\/uploads\/2023\/02\/japones-club-advertorial.jpg?fit=1023%2C499&ssl=1&resize=350%2C200 1x, https:\/\/i0.wp.com\/comoaprenderjapones.net\/wp-content\/uploads\/2023\/02\/japones-club-advertorial.jpg?fit=1023%2C499&ssl=1&resize=525%2C300 1.5x, https:\/\/i0.wp.com\/comoaprenderjapones.net\/wp-content\/uploads\/2023\/02\/japones-club-advertorial.jpg?fit=1023%2C499&ssl=1&resize=700%2C400 2x"},"classes":[]},{"id":35,"url":"https:\/\/comoaprenderjapones.net\/id\/sobre\/","url_meta":{"origin":860,"position":2},"title":"Tentang","author":"Rafael Avelino","date":"24 de Agustus de 2014","format":false,"excerpt":"Ol\u00e1 Minna! Sou Rafael admin deste site, como vai? Muito obrigado por visitar este site que pretende passar dicas de como aprender japon\u00eas para quem est\u00e1 iniciando, assim como eu. Vamos tentar abordar tudo que possa ajudar no seu aprendizado do idioma japon\u00eas, que vai desde animes,m\u00fasicas,mangas e tamb\u00e9m o\u2026","rel":"","context":"Postingan serupa","block_context":{"text":"Postingan serupa","link":""},"img":{"alt_text":"","src":"","width":0,"height":0},"classes":[]},{"id":179,"url":"https:\/\/comoaprenderjapones.net\/id\/mapa-site\/","url_meta":{"origin":860,"position":3},"title":"Peta Situs","author":"Rafael Avelino","date":"31 de Januari de 2015","format":false,"excerpt":"Mapa do Site Veja todos os artigos publicados aqui no Como Aprender Japon\u00eas","rel":"","context":"Postingan serupa","block_context":{"text":"Postingan serupa","link":""},"img":{"alt_text":"","src":"","width":0,"height":0},"classes":[]},{"id":2786,"url":"https:\/\/comoaprenderjapones.net\/id\/acompanhe\/","url_meta":{"origin":860,"position":4},"title":"Ikuti","author":"Rafael Avelino","date":"12 de Juni de 2020","format":false,"excerpt":"Para n\u00e3o perder alguma novidade ou dica logo em seguida vou indicar v\u00e1rias op\u00e7\u00f5es para que voc\u00ea acompanhe o comoaprenderjapones.net da maneira que desejar e que mais goste. Acompanhe pelo Feed Um dos meios mais tradicionais para voc\u00ea receber as novidades instantaneamente quando algo \u00e9 publicado por aqui. Feed do\u2026","rel":"","context":"Postingan serupa","block_context":{"text":"Postingan serupa","link":""},"img":{"alt_text":"Acompanhe pelo Feedly o comoaprenderjapones.net","src":"https:\/\/i0.wp.com\/comoaprenderjapones.net\/wp-content\/uploads\/2020\/06\/feedly-follow.png?resize=350%2C200&ssl=1","width":350,"height":200},"classes":[]},{"id":904,"url":"https:\/\/comoaprenderjapones.net\/id\/metodo-fan-art\/","url_meta":{"origin":860,"position":5},"title":"Metode Seni Penggemar 3.0 - Cara Menggambar Karakter Anime","author":"Rafael Avelino","date":"15 de Februari de 2017","format":false,"excerpt":"Aprenda a como desenhar personagem de animes mesmo sem ter o \u201cdom\u201d passo a passo com o m\u00e9todo fan art 3.0 criado pela Mayara Rodrigues.\u00a0 Quem gosta da cultura japonesa, principalmente pelos animes, mangas j\u00e1 teve a curiosidade de saber se \u00e9 poss\u00edvel aprender a desenhar aquele personagem favorito mesmo\u2026","rel":"","context":"Postingan serupa","block_context":{"text":"Postingan serupa","link":""},"img":{"alt_text":"M\u00e9todo Fan Art 3.0 \u2013 Desenhe seu personagem de anime favorito!","src":"https:\/\/i0.wp.com\/comoaprenderjapones.net\/wp-content\/uploads\/2020\/12\/Metod-Fan-Art-3-0-Desenhar-Animes.jpg?fit=1200%2C628&ssl=1&resize=350%2C200","width":350,"height":200,"srcset":"https:\/\/i0.wp.com\/comoaprenderjapones.net\/wp-content\/uploads\/2020\/12\/Metod-Fan-Art-3-0-Desenhar-Animes.jpg?fit=1200%2C628&ssl=1&resize=350%2C200 1x, https:\/\/i0.wp.com\/comoaprenderjapones.net\/wp-content\/uploads\/2020\/12\/Metod-Fan-Art-3-0-Desenhar-Animes.jpg?fit=1200%2C628&ssl=1&resize=525%2C300 1.5x, https:\/\/i0.wp.com\/comoaprenderjapones.net\/wp-content\/uploads\/2020\/12\/Metod-Fan-Art-3-0-Desenhar-Animes.jpg?fit=1200%2C628&ssl=1&resize=700%2C400 2x, https:\/\/i0.wp.com\/comoaprenderjapones.net\/wp-content\/uploads\/2020\/12\/Metod-Fan-Art-3-0-Desenhar-Animes.jpg?fit=1200%2C628&ssl=1&resize=1050%2C600 3x"},"classes":[]}],"jetpack_sharing_enabled":true,"amp_enabled":true,"_links":{"self":[{"href":"https:\/\/comoaprenderjapones.net\/id\/wp-json\/wp\/v2\/pages\/860","targetHints":{"allow":["GET"]}}],"collection":[{"href":"https:\/\/comoaprenderjapones.net\/id\/wp-json\/wp\/v2\/pages"}],"about":[{"href":"https:\/\/comoaprenderjapones.net\/id\/wp-json\/wp\/v2\/types\/page"}],"author":[{"embeddable":true,"href":"https:\/\/comoaprenderjapones.net\/id\/wp-json\/wp\/v2\/users\/1"}],"replies":[{"embeddable":true,"href":"https:\/\/comoaprenderjapones.net\/id\/wp-json\/wp\/v2\/comments?post=860"}],"version-history":[{"count":0,"href":"https:\/\/comoaprenderjapones.net\/id\/wp-json\/wp\/v2\/pages\/860\/revisions"}],"wp:featuredmedia":[{"embeddable":true,"href":"https:\/\/comoaprenderjapones.net\/id\/wp-json\/wp\/v2\/media\/861"}],"wp:attachment":[{"href":"https:\/\/comoaprenderjapones.net\/id\/wp-json\/wp\/v2\/media?parent=860"}],"curies":[{"name":"wp","href":"https:\/\/api.w.org\/{rel}","templated":true}]}}