{"id":9,"date":"2014-08-24T02:32:54","date_gmt":"2014-08-24T02:32:54","guid":{"rendered":"https:\/\/comoaprenderjapones.net\/?page_id=9"},"modified":"2022-02-07T19:38:46","modified_gmt":"2022-02-07T22:38:46","slug":"kebijakan-privasi","status":"publish","type":"page","link":"https:\/\/comoaprenderjapones.net\/id\/politica-de-privacidade\/","title":{"rendered":"Kebijakan Privasi"},"content":{"rendered":"<div class=\"70e2abfdd93e3087e927d9c3a45bcce4\" data-index=\"2\" style=\"float: none; margin:0px;\">\n<script async src=\"https:\/\/pagead2.googlesyndication.com\/pagead\/js\/adsbygoogle.js?client=ca-pub-0652292147574552\"\r\n     crossorigin=\"anonymous\"><\/script>\r\n<!-- Ads responsivo Inicio Post CAJap -->\r\n<ins class=\"adsbygoogle\"\r\n     style=\"display:block\"\r\n     data-ad-client=\"ca-pub-0652292147574552\"\r\n     data-ad-slot=\"3298668993\"\r\n     data-ad-format=\"auto\"><\/ins>\r\n<script>\r\n     (adsbygoogle = window.adsbygoogle || []).push({});\r\n<\/script>\n<\/div>\n\n<p>Kebijakan Privasi ini disusun untuk memastikan kerahasiaan, privasi dan perlindungan data pribadi pengunjung situs ini dan pengguna layanan kami, melindungi informasi tersebut dari kehilangan, penyalahgunaan, akses yang tidak sah, pengubahan dan perusakan.<\/p>\n\n\n\n<h2 class=\"wp-block-heading\" id=\"1-coleta-e-uso-das-informacoes\">1. Pengumpulan dan Penggunaan Informasi<\/h2>\n\n\n\n<p>Akses ke Situs ini dapat dikondisikan untuk pendaftaran pengunjung, ketika informasi yang mampu mengidentifikasi pengunjung dan memungkinkan kontak dengan pengguna kami akan diminta. Dengan memutuskan untuk memberikan data mereka, pengguna menyatakan mengetahui dan menerima persyaratan Kebijakan ini Situs ini juga menerima dan secara otomatis menyimpan, melalui cookie, informasi tentang aktivitas browser, termasuk alamat IP dan halaman yang diakses. Catatan aktivitas (log) ini hanya akan digunakan untuk tujuan statistik dan metrik layanan yang disediakan.<\/p>\n\n\n\n<h3 class=\"wp-block-heading\" id=\"cookies-e-web-beacons\">Cookie dan Suar Web<\/h3>\n\n\n\n<p>Kami menggunakan&nbsp;<a style=\"font-weight: inherit; font-style: inherit; color: #469db9;\" href=\"https:\/\/pt.wikipedia.org\/wiki\/Cookie\" target=\"_blank\" rel=\"noopener\">cookie<\/a>&nbsp;untuk menyimpan informasi, seperti preferensi pribadi Anda, ketika Anda mengunjungi situs&nbsp;<strong>Cara Belajar Bahasa Jepang<\/strong>. Ini dapat berupa popup sederhana, atau tautan pada berbagai layanan yang kami sediakan, seperti forum.<\/p>\n\n\n\n<p>Google memanfaatkan fitur baru&nbsp;<a style=\"font-weight: inherit; font-style: inherit; color: #469db9;\" href=\"https:\/\/www.doubleclick.com\/privacy\/faq.aspx?ctx=tltp\" target=\"_blank\" rel=\"noopener\">Cookie DART<\/a>&nbsp;untuk menayangkan iklan berdasarkan minat Anda dan kunjungan Anda ke blog kami dan situs lain di web. Anda dapat menolak penggunaan cookie DART dengan mengunjungi halaman iklan Google dan program kebijakan perusahaan.<\/p>\n\n\n\n<p>Pengguna menyadari dan menyetujui bahwa informasi yang dikumpulkan akan digunakan untuk tujuan berikut: (a) untuk menginformasikan tentang konten, berita, dan acara baru; (b) untuk memperbarui informasi kontak; (c) untuk mengoptimalkan kegunaan dan pengalaman interaktif selama navigasi pengguna di Situs; (d) untuk menguraikan statistik umum, tanpa mengidentifikasi pengguna; (e) untuk menanggapi keraguan dan permintaan pengguna itu sendiri; dan (f) untuk mematuhi keputusan hukum atau peradilan. Kami juga berhak untuk menggunakan catatan tersebut secara individual dalam kasus investigasi pelanggaran perdata atau pidana, terutama ketika ada kecurigaan adanya penipuan, serangan peretas, perubahan sistem, atau akses yang tidak semestinya terhadap informasi yang dilindungi dan data registrasi pengguna lain.<\/p>\n\n\n\n<h2 class=\"wp-block-heading\" id=\"2-guarda-e-responsabilidade-pelas-informacoes-coletadas\">2. Penyimpanan dan Akuntabilitas Informasi yang Dikumpulkan<\/h2>\n\n\n\n<p>Setiap informasi yang diberikan oleh pengguna akan diperoleh dan disimpan sesuai dengan standar keamanan dan keandalan yang ketat. Kami akan melakukan upaya terbaik kami untuk menjaga integritas informasi yang diberikan kepada kami, dan karena alasan itu kami tidak bertanggung jawab atas kerusakan yang diakibatkan oleh akses dan\/atau penggunaannya oleh pihak ketiga. Akses ke informasi yang dikumpulkan dibatasi hanya untuk karyawan dan orang yang berwenang. Mereka yang secara tidak semestinya menggunakan informasi tersebut, yang melanggar Kebijakan Privasi ini, akan dikenakan sanksi administratif dan disipliner, tanpa mengecualikan tindakan hukum yang berlaku. Kecuali berdasarkan keputusan hukum atau pengadilan, informasi pengguna yang terdaftar di Situs ini tidak akan pernah ditransfer ke pihak ketiga atau digunakan untuk tujuan lain selain tujuan pengumpulannya. Semua data pribadi yang dikumpulkan akan dimasukkan ke dalam basis data Situs ini, dan administrator Situs akan bertanggung jawab untuk itu.<\/p>\n\n\n\n<h2 class=\"wp-block-heading\" id=\"3-informacoes-opinioes-e-conteudos-gerados-por-terceiros\">3. Informasi, Opini, dan Konten yang dihasilkan oleh Pihak Ketiga<\/h2>\n\n\n\n<p>Situs ini memungkinkan partisipasi pengunjung\/pengguna melalui komentar, pertukaran informasi, publikasi konten yang dihasilkan oleh pihak ketiga dan penyebaran iklan. Pengunjung, pengguna dan pengiklan dengan ini menyadari bahwa mereka tidak boleh mempublikasikan informasi, pendapat atau konten yang tidak bermoral, ilegal, rasis, memfitnah, melukai, pornografi, kriminal atau konten apa pun yang melanggar hak-hak penulis. Anda juga menyadari bahwa setiap informasi, konten atau opini yang disediakan atau dipublikasikan secara bebas di Situs ini, dengan pengecualian informasi pribadi yang diminta untuk tujuan pendaftaran, TIDAK AKAN DIANGGAP RAHASIA ATAU DILINDUNGI OLEH KEBIJAKAN PRIVASI INI, dan dapat dengan bebas diakses dan dilihat oleh pengunjung dan pengguna lain. Dilarang juga untuk mengiklankan atau menyebarkan produk, layanan, atau acara yang tidak menghormati hukum, moral, dan adat istiadat yang baik. Mereka yang bertanggung jawab atas Situs ini tidak bertanggung jawab atas informasi, opini dan konten yang dihasilkan oleh pihak ketiga, maupun kualitas atau kebenaran dari produk, layanan atau acara yang diungkapkan melalui Situs.  Segala bentuk manifestasi, reproduksi, atau publikasi yang tidak bermoral atau ilegal harus diberitahukan kepada penyelenggara situs ini dan akan segera dihapus. Pemberitahuan harus diteruskan ke alamat mereka yang bertanggung jawab atas situs tersebut.<\/p>\n\n\n\n<h2 class=\"wp-block-heading\" id=\"4-responsabilidade-dos-usuarios\">4. Tanggung Jawab Pengguna<\/h2>\n\n\n\n<p>Pengguna bertanggung jawab untuk menjaga kata sandi dan akses masuknya. Kami tidak menyarankan penggunaan kata sandi yang mudah ditebak, seperti tanggal khusus, nama, atau urutan angka. Jika pengguna mengetahui atau mencurigai bahwa kata sandi mereka telah dibobol, mereka harus mengubahnya di halaman pendaftaran. Kami berkomitmen untuk melindungi privasi online anak-anak. Pendaftaran anak di bawah umur hanya akan dilakukan untuk tujuan partisipasi di area terbatas di situs dengan konten pendidikan. Data anak di bawah umur hanya akan digunakan untuk menjawab pertanyaan, pertanyaan akademis, penjadwalan kuliah di sekolah, atau untuk alasan statistik umum. Kami juga menyarankan agar anak di bawah umur selalu berada di bawah bimbingan dan pengawasan wali mereka, yang sewaktu-waktu dapat meminta pembatalan pendaftaran. Kebijakan ini tunduk pada perbaikan dan penyempurnaan secara terus-menerus. Oleh karena itu, kami menyarankan untuk melakukan konsultasi secara berkala.<\/p>\n\n<div style=\"font-size: 0px; height: 0px; line-height: 0px; margin: 0; padding: 0; clear: both;\"><\/div>","protected":false},"excerpt":{"rendered":"<p>Esta Pol\u00edtica de Privacidade foi elaborada visando zelar pela confidencialidade, privacidade e prote\u00e7\u00e3o dos dados pessoais dos visitantes deste site e dos usu\u00e1rios de nossos servi\u00e7os, protegendo essas informa\u00e7\u00f5es de perdas, uso impr\u00f3prio, acesso n\u00e3o<\/p>","protected":false},"author":1,"featured_media":0,"parent":0,"menu_order":0,"comment_status":"closed","ping_status":"closed","template":"","meta":{"footnotes":""},"class_list":["post-9","page","type-page","status-publish"],"jetpack-related-posts":[{"id":4016,"url":"https:\/\/comoaprenderjapones.net\/id\/curso-japones-club-por-skdesu\/","url_meta":{"origin":9,"position":0},"title":"Curso Japon\u00eas Club por Skdesu","author":"Rafael Avelino","date":"2 de Februari de 2023","format":false,"excerpt":"Advertorial Aprenda a L\u00edngua Japonesa com o Curso Japon\u00eas Club e Tenha a solu\u00e7\u00e3o definitiva para superar qualquer desafio! Mang\u00e1 Death Note Olha s\u00f3 o que voc\u00ea tem no Curso Japon\u00eas Club! + de 140 v\u00eddeo aulas em Alta Defini\u00e7\u00e3o Jogos e Atividades Interativas Pagamento \u00danico (N\u00e3o tem Mensalidades) Acesso\u2026","rel":"","context":"Postingan serupa","block_context":{"text":"Postingan serupa","link":""},"img":{"alt_text":"","src":"https:\/\/i0.wp.com\/comoaprenderjapones.net\/wp-content\/uploads\/2023\/02\/japones-club-advertorial.jpg?fit=1023%2C499&ssl=1&resize=350%2C200","width":350,"height":200,"srcset":"https:\/\/i0.wp.com\/comoaprenderjapones.net\/wp-content\/uploads\/2023\/02\/japones-club-advertorial.jpg?fit=1023%2C499&ssl=1&resize=350%2C200 1x, https:\/\/i0.wp.com\/comoaprenderjapones.net\/wp-content\/uploads\/2023\/02\/japones-club-advertorial.jpg?fit=1023%2C499&ssl=1&resize=525%2C300 1.5x, https:\/\/i0.wp.com\/comoaprenderjapones.net\/wp-content\/uploads\/2023\/02\/japones-club-advertorial.jpg?fit=1023%2C499&ssl=1&resize=700%2C400 2x"},"classes":[]},{"id":179,"url":"https:\/\/comoaprenderjapones.net\/id\/mapa-site\/","url_meta":{"origin":9,"position":1},"title":"Peta Situs","author":"Rafael Avelino","date":"31 de Januari de 2015","format":false,"excerpt":"Mapa do Site Veja todos os artigos publicados aqui no Como Aprender Japon\u00eas","rel":"","context":"Postingan serupa","block_context":{"text":"Postingan serupa","link":""},"img":{"alt_text":"","src":"","width":0,"height":0},"classes":[]},{"id":860,"url":"https:\/\/comoaprenderjapones.net\/id\/japones-expresso-curso-online-japones\/","url_meta":{"origin":9,"position":2},"title":"Japanese Express: Kursus bahasa Jepang online","author":"Rafael Avelino","date":"14 de November de 2016","format":false,"excerpt":"Conhe\u00e7a curso online japon\u00eas expresso promete te ajudar a sair do zero no idioma japon\u00eas e tamb\u00e9m para quem tem viagem marcada para o Jap\u00e3o. CURSO N\u00c3O EST\u00c1 DISPONIVEL. Conhe\u00e7a o curso Completo do Sensei Luiz Rafael o ???? Programa Japon\u00eas Online! Quem gosta da cultura japonesa, seja animes, mangas,\u2026","rel":"","context":"Postingan serupa","block_context":{"text":"Postingan serupa","link":""},"img":{"alt_text":"Japon\u00eas Expresso curso online de japon\u00eas","src":"https:\/\/i0.wp.com\/comoaprenderjapones.net\/wp-content\/uploads\/2016\/11\/Japones_Expresso.jpg?fit=1200%2C696&ssl=1&resize=350%2C200","width":350,"height":200,"srcset":"https:\/\/i0.wp.com\/comoaprenderjapones.net\/wp-content\/uploads\/2016\/11\/Japones_Expresso.jpg?fit=1200%2C696&ssl=1&resize=350%2C200 1x, https:\/\/i0.wp.com\/comoaprenderjapones.net\/wp-content\/uploads\/2016\/11\/Japones_Expresso.jpg?fit=1200%2C696&ssl=1&resize=525%2C300 1.5x, https:\/\/i0.wp.com\/comoaprenderjapones.net\/wp-content\/uploads\/2016\/11\/Japones_Expresso.jpg?fit=1200%2C696&ssl=1&resize=700%2C400 2x, https:\/\/i0.wp.com\/comoaprenderjapones.net\/wp-content\/uploads\/2016\/11\/Japones_Expresso.jpg?fit=1200%2C696&ssl=1&resize=1050%2C600 3x"},"classes":[]},{"id":2786,"url":"https:\/\/comoaprenderjapones.net\/id\/acompanhe\/","url_meta":{"origin":9,"position":3},"title":"Ikuti","author":"Rafael Avelino","date":"12 de Juni de 2020","format":false,"excerpt":"Para n\u00e3o perder alguma novidade ou dica logo em seguida vou indicar v\u00e1rias op\u00e7\u00f5es para que voc\u00ea acompanhe o comoaprenderjapones.net da maneira que desejar e que mais goste. Acompanhe pelo Feed Um dos meios mais tradicionais para voc\u00ea receber as novidades instantaneamente quando algo \u00e9 publicado por aqui. Feed do\u2026","rel":"","context":"Postingan serupa","block_context":{"text":"Postingan serupa","link":""},"img":{"alt_text":"Acompanhe pelo Feedly o comoaprenderjapones.net","src":"https:\/\/i0.wp.com\/comoaprenderjapones.net\/wp-content\/uploads\/2020\/06\/feedly-follow.png?resize=350%2C200&ssl=1","width":350,"height":200},"classes":[]},{"id":35,"url":"https:\/\/comoaprenderjapones.net\/id\/sobre\/","url_meta":{"origin":9,"position":4},"title":"Tentang","author":"Rafael Avelino","date":"24 de Agustus de 2014","format":false,"excerpt":"Ol\u00e1 Minna! Sou Rafael admin deste site, como vai? Muito obrigado por visitar este site que pretende passar dicas de como aprender japon\u00eas para quem est\u00e1 iniciando, assim como eu. Vamos tentar abordar tudo que possa ajudar no seu aprendizado do idioma japon\u00eas, que vai desde animes,m\u00fasicas,mangas e tamb\u00e9m o\u2026","rel":"","context":"Postingan serupa","block_context":{"text":"Postingan serupa","link":""},"img":{"alt_text":"","src":"","width":0,"height":0},"classes":[]},{"id":94,"url":"https:\/\/comoaprenderjapones.net\/id\/programa-japones-online\/","url_meta":{"origin":9,"position":5},"title":"Programa Japon\u00eas Online + Evento gr\u00e1tis Intensiv\u00e3o de japon\u00eas","author":"Rafael Avelino","date":"20 de Oktober de 2014","format":false,"excerpt":"Conhe\u00e7a o curso de japon\u00eas Programa Japon\u00eas Online do Sensei Luiz Rafael! \u3053\u3093\u306b\u3061\u306f! Est\u00e1 procurando um m\u00e9todo eficiente que te ensine do ZERO a ter um n\u00edvel de flu\u00eancia que possa consumir conte\u00fados totalmente em japon\u00eas? O m\u00e9todo criado pelo Luiz Rafael j\u00e1 passou por muitas atualiza\u00e7\u00f5es e est\u00e1 no\u2026","rel":"","context":"Postingan serupa","block_context":{"text":"Postingan serupa","link":""},"img":{"alt_text":"Programa Japon\u00eas Online - Intensiv\u00e3o de japon\u00eas","src":"https:\/\/i0.wp.com\/comoaprenderjapones.net\/wp-content\/uploads\/2021\/01\/programa-japones-online-intensivao-de-japones-2021.jpg?fit=1200%2C932&ssl=1&resize=350%2C200","width":350,"height":200,"srcset":"https:\/\/i0.wp.com\/comoaprenderjapones.net\/wp-content\/uploads\/2021\/01\/programa-japones-online-intensivao-de-japones-2021.jpg?fit=1200%2C932&ssl=1&resize=350%2C200 1x, https:\/\/i0.wp.com\/comoaprenderjapones.net\/wp-content\/uploads\/2021\/01\/programa-japones-online-intensivao-de-japones-2021.jpg?fit=1200%2C932&ssl=1&resize=525%2C300 1.5x, https:\/\/i0.wp.com\/comoaprenderjapones.net\/wp-content\/uploads\/2021\/01\/programa-japones-online-intensivao-de-japones-2021.jpg?fit=1200%2C932&ssl=1&resize=700%2C400 2x, https:\/\/i0.wp.com\/comoaprenderjapones.net\/wp-content\/uploads\/2021\/01\/programa-japones-online-intensivao-de-japones-2021.jpg?fit=1200%2C932&ssl=1&resize=1050%2C600 3x"},"classes":[]}],"jetpack_sharing_enabled":false,"amp_enabled":true,"_links":{"self":[{"href":"https:\/\/comoaprenderjapones.net\/id\/wp-json\/wp\/v2\/pages\/9","targetHints":{"allow":["GET"]}}],"collection":[{"href":"https:\/\/comoaprenderjapones.net\/id\/wp-json\/wp\/v2\/pages"}],"about":[{"href":"https:\/\/comoaprenderjapones.net\/id\/wp-json\/wp\/v2\/types\/page"}],"author":[{"embeddable":true,"href":"https:\/\/comoaprenderjapones.net\/id\/wp-json\/wp\/v2\/users\/1"}],"replies":[{"embeddable":true,"href":"https:\/\/comoaprenderjapones.net\/id\/wp-json\/wp\/v2\/comments?post=9"}],"version-history":[{"count":0,"href":"https:\/\/comoaprenderjapones.net\/id\/wp-json\/wp\/v2\/pages\/9\/revisions"}],"wp:attachment":[{"href":"https:\/\/comoaprenderjapones.net\/id\/wp-json\/wp\/v2\/media?parent=9"}],"curies":[{"name":"wp","href":"https:\/\/api.w.org\/{rel}","templated":true}]}}