{"id":904,"date":"2017-02-15T20:39:01","date_gmt":"2017-02-15T22:39:01","guid":{"rendered":"https:\/\/comoaprenderjapones.net\/?page_id=904"},"modified":"2022-09-05T15:01:47","modified_gmt":"2022-09-05T18:01:47","slug":"metode-kipas-seni","status":"publish","type":"page","link":"https:\/\/comoaprenderjapones.net\/id\/metodo-fan-art\/","title":{"rendered":"Metode Seni Penggemar 3.0 - Cara Menggambar Karakter Anime"},"content":{"rendered":"<div class=\"70e2abfdd93e3087e927d9c3a45bcce4\" data-index=\"2\" style=\"float: none; margin:0px;\">\n<script async src=\"https:\/\/pagead2.googlesyndication.com\/pagead\/js\/adsbygoogle.js?client=ca-pub-0652292147574552\"\r\n     crossorigin=\"anonymous\"><\/script>\r\n<!-- Ads responsivo Inicio Post CAJap -->\r\n<ins class=\"adsbygoogle\"\r\n     style=\"display:block\"\r\n     data-ad-client=\"ca-pub-0652292147574552\"\r\n     data-ad-slot=\"3298668993\"\r\n     data-ad-format=\"auto\"><\/ins>\r\n<script>\r\n     (adsbygoogle = window.adsbygoogle || []).push({});\r\n<\/script>\n<\/div>\n\n<div class=\"addthis_inline_share_toolbox\"><\/div>\n\n\n\n<p><em>Pelajari cara untuk <strong>cara menggambar karakter anime<\/strong> bahkan tanpa \"hadiah\" langkah demi langkah dari <strong>metode fan art 3.0 <\/strong>dibuat oleh<strong> <\/strong>Mayara Rodrigues.\u00a0<\/em><\/p>\n\n\n\n<p>Siapa pun yang menyukai budaya Jepang, khususnya anime dan manga, pasti ingin tahu, apakah mungkin untuk belajar menggambar karakter favorit mereka, meskipun mereka tidak memiliki \"bakat\" menggambar.<\/p>\n\n\n\n<p>Masalah besarnya adalah tanpa metode yang baik atau seseorang yang dapat mengajari Anda dengan cara yang praktis, akan sulit untuk belajar sendiri.<\/p>\n\n\n\n\n\n\n<p>Dengan mengingat hal ini, maka <a href=\"https:\/\/comoaprenderjapones.net\/id\/in\/conheca-o-metodo-fan-art\/\" target=\"_blank\" rel=\"noopener\">Mayara memutuskan untuk membuat metode sederhana<\/a>Praktis dan berfokus pada apa yang benar-benar penting.<\/p>\n\n\n\n<h2 class=\"wp-block-heading\">Apa yang dimaksud dengan Fan Art?<\/h2>\n\n\n\n<p>Kau tahu. <strong>apa itu seni penggemar<\/strong>? Lihat di bawah ini untuk penjelasan singkat dan kemudian cari tahu lebih lanjut tentang <a href=\"https:\/\/comoaprenderjapones.net\/id\/metode-kipas-seni\/\">Metode Seni Kipas<\/a> yang sangat populer di Brasil bagi mereka yang ingin belajar menggambar anime:<\/p>\n\n\n\n<blockquote class=\"wp-block-quote is-layout-flow wp-block-quote-is-layout-flow\"><p>Fanart, fan art, atau seni penggemar adalah sebuah karya seni yang didasarkan pada karakter, fantasi, barang, atau karya terkenal yang dibuat oleh penggemar. Istilah ini dapat diterapkan pada seni karakter buatan penggemar dari buku tertentu, serta seni yang berasal dari media visual seperti komik, film, dan\/atau video game. Istilah ini biasanya merujuk pada karya seni oleh seniman amatir atau seniman yang tidak dibayar untuk pekerjaan mereka. Ini adalah karya yang dibuat oleh penggemar dari imajinasi mereka sendiri tentang karya aslinya.<br \/>Sumber:&nbsp;<a href=\"https:\/\/pt.wikipedia.org\/wiki\/Fanart\" target=\"_blank\" rel=\"noopener\">Wikipedia<\/a><\/p><\/blockquote>\n\n\n\n<p>Sekarang mari kita cari tahu tentang kursus ini, serta pembuatnya dan testimoni dari orang-orang yang telah mengambil dan menyetujuinya.<\/p>\n\n\n\n<h2 class=\"wp-block-heading\">Apa yang dimaksud dengan Metode Fan Art?<\/h2>\n\n\n\n<p>Metode yang dibuat untuk mengajarkan orang-orang yang ingin belajar cara menggambar karakter anime favorit mereka tanpa terlalu banyak kerumitan dalam proses langkah demi langkah yang dijelaskan dengan baik dan didaktik.<\/p>\n\n\n\n<p>Belajar menggambar dengan cara yang sama seperti bagaimana penulis anime asli menggambar karakter yang dibuatnya.<\/p>\n\n\n\n<h3 class=\"wp-block-heading\"><strong>Pencipta Mayara Rodrigues<\/strong> dari kursus ini<\/h3>\n\n\n<div class=\"wp-block-image\">\n<figure class=\"alignleft\"><a href=\"https:\/\/comoaprenderjapones.net\/id\/in\/conheca-o-metodo-fan-art\/\" rel=\"nofollow noopener\"><img data-recalc-dims=\"1\" decoding=\"async\" width=\"300\" height=\"247\" src=\"https:\/\/i0.wp.com\/comoaprenderjapones.net\/wp-content\/uploads\/2018\/09\/Mayara-Rodrigues.png?resize=300%2C247&#038;ssl=1\" alt=\"Mayara Rodrigues pencipta Metode Seni Penggemar\" class=\"wp-image-2430\" srcset=\"https:\/\/i0.wp.com\/comoaprenderjapones.net\/wp-content\/uploads\/2018\/09\/Mayara-Rodrigues.png?resize=300%2C247&amp;ssl=1 300w, https:\/\/i0.wp.com\/comoaprenderjapones.net\/wp-content\/uploads\/2018\/09\/Mayara-Rodrigues.png?w=543&amp;ssl=1 543w\" sizes=\"(max-width: 300px) 100vw, 300px\" \/><\/a><figcaption><strong>Mayara Rodrigues<\/strong> pencipta Metode Seni Penggemar<\/figcaption><\/figure>\n<\/div>\n\n\n<p><strong>Mayara Rodrigues<\/strong>Seperti banyak orang Brasil lainnya, ia menjadi tertarik pada anime dan favoritnya adalah Digimon, yang memunculkan keinginan untuk belajar menggambar karakter favoritnya.<\/p>\n\n\n\n<p>Masalah besarnya adalah ia tidak membuat banyak kemajuan saat ia mencoba menggambar, dan kursus menggambar tidak terlalu murah atau dekat dengan rumahnya.<\/p>\n\n\n\n<p>Dia kemudian mulai membeli majalah yang mengajarkan menggambar, biasanya metode Jepang.<\/p>\n\n\n\n<p>Setelah banyak bertukar pikiran, setelah sekian lama, bertahun-tahun, barulah ia benar-benar memahami cara menggambar anime.<\/p>\n\n\n\n<p class=\"has-text-align-center\"><a class=\"fasc-button fasc-size-large fasc-type-popout fasc-rounded-medium ico-fa fasc-ico-before fa-youtube-play\" style=\"background-color: #cc2f1a; color: #ffffff;\" target=\"_blank\" rel=\"nofollow noopener\" href=\"https:\/\/comoaprenderjapones.net\/id\/in\/conheca-historia-da-mayara-rodrigues\/\">Cari tahu lebih lanjut tentang kisahnya dengan mengklik di sini!<\/a><\/p>\n\n\n\n<h3 class=\"wp-block-heading\">Apa saja isi dari Metode Fan Art?<\/h3>\n\n\n\n<p>Kursus ini tidak bertele-tele, karena langsung ke intinya. Lihat saja topik-topik yang tercakup dalam kursus online ini <strong>metode fan art 3.0<\/strong> memiliki:<\/p>\n\n\n\n<ol class=\"wp-block-list\"><li>Analisis Gambar<\/li><li>Teknik membuat sketsa<\/li><li>Anatomi Wajah + Variasi Sudut<\/li><li>Anatomi Tubuh dan Gerakan<\/li><li>Rahasia membuat rambut anime\/manga...<\/li><li>Tangan dan kaki karakter Anda yang sempurna...<\/li><li>Menggambar Pakaian Karakter<\/li><li>Menyelesaikan gambar pena<\/li><li>Pengantar melukis + Cahaya dan Bayangan<\/li><\/ol>\n\n\n\n<h3 class=\"wp-block-heading\">Bonus Metode Seni Penggemar 3.0<\/h3>\n\n\n\n<p>Dan juga seperti bea cukai <strong>+ 5 bonus<\/strong> untuk lebih menyempurnakan desain Anda:<\/p>\n\n\n\n<ul class=\"wp-block-list\"><li>Rahasia menggambar mata<\/li><li>Pemanasan dan jejak<\/li><li>Menggunakan semua modul kursus dalam satu gambar<\/li><li>Akses ke Grup Siswa Eksklusif<\/li><li>Sertifikat Penyelesaian<\/li><\/ul>\n\n\n<div class=\"wp-block-image\">\n<figure class=\"aligncenter\"><img data-recalc-dims=\"1\" decoding=\"async\" width=\"900\" height=\"475\" src=\"https:\/\/i0.wp.com\/comoaprenderjapones.net\/wp-content\/uploads\/2017\/02\/Area_de_Membros_Metodo_fan_art.jpg?resize=900%2C475&#038;ssl=1\" alt=\"Area Anggota Metode seni penggemar\" class=\"wp-image-906\" srcset=\"https:\/\/i0.wp.com\/comoaprenderjapones.net\/wp-content\/uploads\/2017\/02\/Area_de_Membros_Metodo_fan_art.jpg?w=900&amp;ssl=1 900w, https:\/\/i0.wp.com\/comoaprenderjapones.net\/wp-content\/uploads\/2017\/02\/Area_de_Membros_Metodo_fan_art.jpg?resize=300%2C158&amp;ssl=1 300w, https:\/\/i0.wp.com\/comoaprenderjapones.net\/wp-content\/uploads\/2017\/02\/Area_de_Membros_Metodo_fan_art.jpg?resize=768%2C405&amp;ssl=1 768w\" sizes=\"(max-width: 900px) 100vw, 900px\" \/><\/figure>\n<\/div>\n\n\n<p>Anda juga akan memiliki grup Facebook tertutup untuk pertanyaan apa pun yang mungkin Anda miliki dengan penulis kursus.<\/p>\n\n\n\n<p>Tentu saja, tidak ada yang namanya keajaiban, tetapi Anda pasti akan belajar dari mereka yang menguasai subjek ini dengan berlatih setiap hari dan melihat seberapa cepat kemajuan Anda.<\/p>\n\n\n\n<h2 class=\"wp-block-heading\">Apakah saya akan belajar cara menggambar karakter anime?<\/h2>\n\n\n\n<p>Bagi Anda yang ingin belajar cara menggambar karakter anime dengan cara yang sederhana dan mudah, maka <strong>metode karya seni penggemar<\/strong> dan sangat ideal untuk Anda!<\/p>\n\n\n\n<p>Lihatlah murid-murid Mayara di bawah ini yang telah mencapai hasil yang luar biasa dan mewujudkan impian mereka untuk belajar menggambar karakter anime favorit mereka.<\/p>\n\n\n\n<h3 class=\"wp-block-heading\">Testimoni siswa<\/h3>\n\n\n\n<p>Lihat testimoni dari siswa Anda yang menunjukkan betapa bahagianya mereka menggambar karakter anime favorit mereka:<br \/><\/p>\n\n\n<div class=\"message_box announce\"><p><\/p>\n<blockquote><p>Selamat atas kursusnya Mayara, menurut saya sangat bagus. Saya sudah merekomendasikannya ke beberapa teman, itu sangat berharga. Sangat langsung ke intinya, saya sudah berada di modul ke-4 dan perbedaannya tidak masuk akal dari gambar saya yang dulu sampai sekarang, setiap hari saya menjadi lebih baik. Selamat dan sukses untuk Anda. Bjs<\/p>\n<p><strong>Jo\u00e3o Gabriel Alvarenga<\/strong><\/p><\/blockquote>\n<p><\/p><\/div>\n\n\n<div class=\"message_box announce\"><p><\/p>\n<blockquote><p>Saya dulu sangat ingin menggambar Eren Yeager!!! Saya sudah meniru beberapa, tetapi hari ini saya menggambarnya tanpa melihat!!! Mengikuti semua yang Anda ajarkan di Kursus!!!<br \/>\nSenang sekali dmais, saya akan segera membuat poster untuk dipasang di kamar saya hehehe!!! Terima kasih Mayy, kursus kamu luar biasa!!!<\/p>\n<p><strong>Marcos Vinicius Viana<\/strong><\/p><\/blockquote>\n<p><\/p><\/div>\n\n\n\n<p>Lihat juga testimoni hasil yang diperoleh siswa Anda dengan menunjukkan gambar mereka di bawah ini:<br \/><\/p>\n\n\n<div class=\"tab_widget wp_shortcodes_tabs\"><ul class=\"wps_tabs\"><li><a href=\"#\" data-tab=\"tab-0-depoimento-jonathan\">Kesaksian Jonathan<\/a><\/li><li><a href=\"#\" data-tab=\"tab-1-depoimento-adson\">Kesaksian Adson<\/a><\/li><li><a href=\"#\" data-tab=\"tab-2-depoimento-mika\">Testimoni Mika<\/a><\/li><\/ul><div class=\"tab_container\"><div id=\"tab-0-depoimento-jonathan\" class=\"tab_content clearfix\"><img data-recalc-dims=\"1\" decoding=\"async\" class=\"size-full wp-image-909 aligncenter\" src=\"https:\/\/i0.wp.com\/comoaprenderjapones.net\/wp-content\/uploads\/2017\/02\/Metodo_fan_art_desenho_aluno-7.jpg?resize=509%2C626&#038;ssl=1\" alt=\"\" width=\"509\" height=\"626\" srcset=\"https:\/\/i0.wp.com\/comoaprenderjapones.net\/wp-content\/uploads\/2017\/02\/Metodo_fan_art_desenho_aluno-7.jpg?w=509&amp;ssl=1 509w, https:\/\/i0.wp.com\/comoaprenderjapones.net\/wp-content\/uploads\/2017\/02\/Metodo_fan_art_desenho_aluno-7.jpg?resize=244%2C300&amp;ssl=1 244w\" sizes=\"(max-width: 509px) 100vw, 509px\" \/>Kesaksian Jonathan tentang Metode Seni Kipas<\/div><div id=\"tab-1-depoimento-adson\" class=\"tab_content clearfix\"><img data-recalc-dims=\"1\" decoding=\"async\" class=\"size-full wp-image-910 aligncenter\" src=\"https:\/\/i0.wp.com\/comoaprenderjapones.net\/wp-content\/uploads\/2017\/02\/Metodo_fan_art_desenhoaluno7.jpg?resize=495%2C515&#038;ssl=1\" alt=\"\" width=\"495\" height=\"515\" srcset=\"https:\/\/i0.wp.com\/comoaprenderjapones.net\/wp-content\/uploads\/2017\/02\/Metodo_fan_art_desenhoaluno7.jpg?w=495&amp;ssl=1 495w, https:\/\/i0.wp.com\/comoaprenderjapones.net\/wp-content\/uploads\/2017\/02\/Metodo_fan_art_desenhoaluno7.jpg?resize=288%2C300&amp;ssl=1 288w\" sizes=\"(max-width: 495px) 100vw, 495px\" \/>Testimoni Adson tentang metode fan art<\/div><div id=\"tab-2-depoimento-mika\" class=\"tab_content clearfix\"><\/p>\n<p><img data-recalc-dims=\"1\" decoding=\"async\" class=\"size-full wp-image-914 aligncenter\" src=\"https:\/\/i0.wp.com\/comoaprenderjapones.net\/wp-content\/uploads\/2017\/02\/Metodo_Fan_Art_desenhoaluno5.jpg?resize=516%2C546&#038;ssl=1\" alt=\"\" width=\"516\" height=\"546\" srcset=\"https:\/\/i0.wp.com\/comoaprenderjapones.net\/wp-content\/uploads\/2017\/02\/Metodo_Fan_Art_desenhoaluno5.jpg?w=516&amp;ssl=1 516w, https:\/\/i0.wp.com\/comoaprenderjapones.net\/wp-content\/uploads\/2017\/02\/Metodo_Fan_Art_desenhoaluno5.jpg?resize=284%2C300&amp;ssl=1 284w\" sizes=\"(max-width: 516px) 100vw, 516px\" \/><\/p>\n<p>Kesaksian Mika mengenai metode fan art.<\/p>\n<p><\/div><\/div><\/div><div class=\"clear\"><\/div>\n\n\n\n<h2 class=\"wp-block-heading\">Apakah Metode Fan Art dapat digunakan?<\/h2>\n\n\n\n<p>Tentu saja! Jika Anda pernah melihat film <a href=\"https:\/\/comoaprenderjapones.net\/id\/metode-kipas-seni\/#depoimentos-dos-alunos\">testimoni siswa<\/a> Anda telah menyadari bahwa Mayara Rodrigues tahu apa yang dia bicarakan, serta memberikan presentasi yang sederhana dan sangat didaktik.<\/p>\n\n\n\n<p>Anda akan menonton video pelajaran yang dibagi menjadi beberapa modul sehingga Anda dapat maju dan mempraktikkan semua yang telah Anda pelajari dengan mudah dan tanpa membuang banyak waktu.<\/p>\n\n\n\n<p>Anda pasti yakin, bahwa meskipun Anda belum pernah menggambar sebelumnya, Anda bisa mempelajari teknik untuk mulai menggambar karakter anime dengan cara yang praktis!<\/p>\n\n\n\n<p class=\"has-text-align-center\"><a class=\"fasc-button fasc-size-large fasc-type-glossy fasc-rounded-medium ico-fa fasc-ico-before fa-share-square-o\" style=\"background-color: #48aa3f; color: #ffffff;\" target=\"_blank\" rel=\"nofollow noopener\" href=\"https:\/\/comoaprenderjapones.net\/id\/in\/conheca-o-metodo-fan-art\/\">Cari tahu SEKARANG tentang Metode ini dan mengapa metode ini sangat populer saat ini!<\/a><\/p>\n\n\n\n<h2 class=\"wp-block-heading\">Pertanyaan yang Sering Diajukan<\/h2>\n\n\n<div id=\"rank-math-faq\" class=\"rank-math-block\">\n<div class=\"rank-math-list\">\n<div id=\"faq-question-1662400697637\" class=\"rank-math-list-item\">\n<h3 class=\"rank-math-question\"><strong>Apakah kursus ini tepat untuk saya?<\/strong><\/h3>\n<div class=\"rank-math-answer\">\n\n<p>Jika Anda berusia 8 tahun, 16 tahun, atau bahkan 40 tahun (berapapun usia Anda) dan ingin belajar menggambar karakter anime dan manga, maka kursus ini cocok untuk Anda!<\/p>\n\n<\/div>\n<\/div>\n<div id=\"faq-question-1662400711600\" class=\"rank-math-list-item\">\n<h3 class=\"rank-math-question\"><strong>Apa yang ada dalam metode Fan Art?<\/strong><\/h3>\n<div class=\"rank-math-answer\">\n\n<p>Ada lebih dari 35 video pelajaran ditambah audio dan teks.<\/p>\n\n<\/div>\n<\/div>\n<div id=\"faq-question-1662400722590\" class=\"rank-math-list-item\">\n<h3 class=\"rank-math-question\"><strong>Berapa lama waktu yang dibutuhkan untuk kursus?<\/strong><\/h3>\n<div class=\"rank-math-answer\">\n\n<p>Akses ini berlaku seumur hidup, yaitu tanpa batas waktu.<\/p>\n\n<\/div>\n<\/div>\n<div id=\"faq-question-1662400736069\" class=\"rank-math-list-item\">\n<h3 class=\"rank-math-question\"><strong>Dapatkah saya membayar kursus dengan mencicil?<\/strong><\/h3>\n<div class=\"rank-math-answer\">\n\n<p>Ya, Anda dapat membayar kursus Fan Art Method 3.0 hingga 10 kali cicilan dengan kartu kredit Anda. Anda bahkan dapat menggunakan 2 kartu kredit jika Anda mau.<\/p>\n\n<\/div>\n<\/div>\n<div id=\"faq-question-1662400747920\" class=\"rank-math-list-item\">\n<h3 class=\"rank-math-question\"><strong>Apakah aman untuk membeli Metode Fan Art?<\/strong><\/h3>\n<div class=\"rank-math-answer\">\n\n<p>Ya, itu\u00a0<a href=\"https:\/\/comoaprenderjapones.net\/id\/in\/comprar-metodo-fan-art-3-0-ck\/\" target=\"_blank\" rel=\"noreferrer noopener\">Platform Hotmart untuk melakukan pembayaran<\/a>\u00a0yang sangat aman.<\/p>\n\n<\/div>\n<\/div>\n<div id=\"faq-question-1662400768520\" class=\"rank-math-list-item\">\n<h3 class=\"rank-math-question\"><strong>Di mana saya bisa mengajukan pertanyaan?<\/strong><\/h3>\n<div class=\"rank-math-answer\">\n\n<p>Tersedia dukungan Whatsapp bagi Anda untuk mengajukan pertanyaan.<\/p>\n\n<\/div>\n<\/div>\n<div id=\"faq-question-1662400782852\" class=\"rank-math-list-item\">\n<h3 class=\"rank-math-question\"><strong>Apakah saya memerlukan sesuatu untuk kursus ini?<\/strong><\/h3>\n<div class=\"rank-math-answer\">\n\n<p>Koneksi internet dan benda-benda sederhana seperti pensil, antara lain, akan ditampilkan dalam kursus ini.<\/p>\n\n<\/div>\n<\/div>\n<div id=\"faq-question-1662400805354\" class=\"rank-math-list-item\">\n<h3 class=\"rank-math-question\"><strong>Apakah kursus ini memiliki sertifikat?<\/strong><\/h3>\n<div class=\"rank-math-answer\">\n\n<p>Ya, ada sertifikat kelulusan kursus.<\/p>\n\n<\/div>\n<\/div>\n<div id=\"faq-question-1662400813086\" class=\"rank-math-list-item\">\n<h3 class=\"rank-math-question\"><strong>Apakah kursus ini terjamin?<\/strong><\/h3>\n<div class=\"rank-math-answer\">\n\n<p>Ya, jaminan tanpa syarat selama 7 hari, jadi jika Anda tidak menyukai kursus ini, Anda bisa meminta uang Anda kembali, dengan pengembalian dana penuh.<\/p>\n\n<\/div>\n<\/div>\n<\/div>\n<\/div>\n\n\n<p><strong>Apakah Anda menyukai saran ini? Bagikan dengan teman-teman Anda dengan mengeklik tombol di bawah ini!<\/strong><\/p>\n\n<div style=\"font-size: 0px; height: 0px; line-height: 0px; margin: 0; padding: 0; clear: both;\"><\/div>","protected":false},"excerpt":{"rendered":"<p>Aprenda a como desenhar personagem de animes mesmo sem ter o \u201cdom\u201d passo a passo com o m\u00e9todo fan art 3.0 criado pela Mayara Rodrigues.\u00a0 Quem gosta da cultura japonesa, principalmente pelos animes, mangas j\u00e1<\/p>","protected":false},"author":1,"featured_media":3028,"parent":0,"menu_order":0,"comment_status":"closed","ping_status":"closed","template":"","meta":{"footnotes":""},"class_list":["post-904","page","type-page","status-publish","has-post-thumbnail"],"jetpack-related-posts":[{"id":94,"url":"https:\/\/comoaprenderjapones.net\/id\/programa-japones-online\/","url_meta":{"origin":904,"position":0},"title":"Programa Japon\u00eas Online + Evento gr\u00e1tis Intensiv\u00e3o de japon\u00eas","author":"Rafael Avelino","date":"20 de Oktober de 2014","format":false,"excerpt":"Conhe\u00e7a o curso de japon\u00eas Programa Japon\u00eas Online do Sensei Luiz Rafael! \u3053\u3093\u306b\u3061\u306f! Est\u00e1 procurando um m\u00e9todo eficiente que te ensine do ZERO a ter um n\u00edvel de flu\u00eancia que possa consumir conte\u00fados totalmente em japon\u00eas? O m\u00e9todo criado pelo Luiz Rafael j\u00e1 passou por muitas atualiza\u00e7\u00f5es e est\u00e1 no\u2026","rel":"","context":"Postingan serupa","block_context":{"text":"Postingan serupa","link":""},"img":{"alt_text":"Programa Japon\u00eas Online - Intensiv\u00e3o de japon\u00eas","src":"https:\/\/i0.wp.com\/comoaprenderjapones.net\/wp-content\/uploads\/2021\/01\/programa-japones-online-intensivao-de-japones-2021.jpg?fit=1200%2C932&ssl=1&resize=350%2C200","width":350,"height":200,"srcset":"https:\/\/i0.wp.com\/comoaprenderjapones.net\/wp-content\/uploads\/2021\/01\/programa-japones-online-intensivao-de-japones-2021.jpg?fit=1200%2C932&ssl=1&resize=350%2C200 1x, https:\/\/i0.wp.com\/comoaprenderjapones.net\/wp-content\/uploads\/2021\/01\/programa-japones-online-intensivao-de-japones-2021.jpg?fit=1200%2C932&ssl=1&resize=525%2C300 1.5x, https:\/\/i0.wp.com\/comoaprenderjapones.net\/wp-content\/uploads\/2021\/01\/programa-japones-online-intensivao-de-japones-2021.jpg?fit=1200%2C932&ssl=1&resize=700%2C400 2x, https:\/\/i0.wp.com\/comoaprenderjapones.net\/wp-content\/uploads\/2021\/01\/programa-japones-online-intensivao-de-japones-2021.jpg?fit=1200%2C932&ssl=1&resize=1050%2C600 3x"},"classes":[]},{"id":35,"url":"https:\/\/comoaprenderjapones.net\/id\/sobre\/","url_meta":{"origin":904,"position":1},"title":"Tentang","author":"Rafael Avelino","date":"24 de Agustus de 2014","format":false,"excerpt":"Ol\u00e1 Minna! Sou Rafael admin deste site, como vai? Muito obrigado por visitar este site que pretende passar dicas de como aprender japon\u00eas para quem est\u00e1 iniciando, assim como eu. Vamos tentar abordar tudo que possa ajudar no seu aprendizado do idioma japon\u00eas, que vai desde animes,m\u00fasicas,mangas e tamb\u00e9m o\u2026","rel":"","context":"Postingan serupa","block_context":{"text":"Postingan serupa","link":""},"img":{"alt_text":"","src":"","width":0,"height":0},"classes":[]},{"id":860,"url":"https:\/\/comoaprenderjapones.net\/id\/japones-expresso-curso-online-japones\/","url_meta":{"origin":904,"position":2},"title":"Japanese Express: Kursus bahasa Jepang online","author":"Rafael Avelino","date":"14 de November de 2016","format":false,"excerpt":"Conhe\u00e7a curso online japon\u00eas expresso promete te ajudar a sair do zero no idioma japon\u00eas e tamb\u00e9m para quem tem viagem marcada para o Jap\u00e3o. CURSO N\u00c3O EST\u00c1 DISPONIVEL. Conhe\u00e7a o curso Completo do Sensei Luiz Rafael o ???? Programa Japon\u00eas Online! Quem gosta da cultura japonesa, seja animes, mangas,\u2026","rel":"","context":"Postingan serupa","block_context":{"text":"Postingan serupa","link":""},"img":{"alt_text":"Japon\u00eas Expresso curso online de japon\u00eas","src":"https:\/\/i0.wp.com\/comoaprenderjapones.net\/wp-content\/uploads\/2016\/11\/Japones_Expresso.jpg?fit=1200%2C696&ssl=1&resize=350%2C200","width":350,"height":200,"srcset":"https:\/\/i0.wp.com\/comoaprenderjapones.net\/wp-content\/uploads\/2016\/11\/Japones_Expresso.jpg?fit=1200%2C696&ssl=1&resize=350%2C200 1x, https:\/\/i0.wp.com\/comoaprenderjapones.net\/wp-content\/uploads\/2016\/11\/Japones_Expresso.jpg?fit=1200%2C696&ssl=1&resize=525%2C300 1.5x, https:\/\/i0.wp.com\/comoaprenderjapones.net\/wp-content\/uploads\/2016\/11\/Japones_Expresso.jpg?fit=1200%2C696&ssl=1&resize=700%2C400 2x, https:\/\/i0.wp.com\/comoaprenderjapones.net\/wp-content\/uploads\/2016\/11\/Japones_Expresso.jpg?fit=1200%2C696&ssl=1&resize=1050%2C600 3x"},"classes":[]}],"jetpack_sharing_enabled":true,"amp_enabled":true,"_links":{"self":[{"href":"https:\/\/comoaprenderjapones.net\/id\/wp-json\/wp\/v2\/pages\/904","targetHints":{"allow":["GET"]}}],"collection":[{"href":"https:\/\/comoaprenderjapones.net\/id\/wp-json\/wp\/v2\/pages"}],"about":[{"href":"https:\/\/comoaprenderjapones.net\/id\/wp-json\/wp\/v2\/types\/page"}],"author":[{"embeddable":true,"href":"https:\/\/comoaprenderjapones.net\/id\/wp-json\/wp\/v2\/users\/1"}],"replies":[{"embeddable":true,"href":"https:\/\/comoaprenderjapones.net\/id\/wp-json\/wp\/v2\/comments?post=904"}],"version-history":[{"count":0,"href":"https:\/\/comoaprenderjapones.net\/id\/wp-json\/wp\/v2\/pages\/904\/revisions"}],"wp:featuredmedia":[{"embeddable":true,"href":"https:\/\/comoaprenderjapones.net\/id\/wp-json\/wp\/v2\/media\/3028"}],"wp:attachment":[{"href":"https:\/\/comoaprenderjapones.net\/id\/wp-json\/wp\/v2\/media?parent=904"}],"curies":[{"name":"wp","href":"https:\/\/api.w.org\/{rel}","templated":true}]}}