{"id":860,"date":"2016-11-14T21:13:15","date_gmt":"2016-11-14T23:13:15","guid":{"rendered":"https:\/\/comoaprenderjapones.net\/?page_id=860"},"modified":"2023-02-19T12:30:41","modified_gmt":"2023-02-19T15:30:41","slug":"corso-di-giapponese-express-online-japones","status":"publish","type":"page","link":"https:\/\/comoaprenderjapones.net\/it\/japones-expresso-curso-online-japones\/","title":{"rendered":"Japanese Express: Corso di giapponese online"},"content":{"rendered":"<div class=\"b90023dad251dedb8a0865048b70eb84\" data-index=\"2\" style=\"float: none; margin:0px;\">\n<script async src=\"https:\/\/pagead2.googlesyndication.com\/pagead\/js\/adsbygoogle.js?client=ca-pub-0652292147574552\"\r\n     crossorigin=\"anonymous\"><\/script>\r\n<!-- Ads responsivo Inicio Post CAJap -->\r\n<ins class=\"adsbygoogle\"\r\n     style=\"display:block\"\r\n     data-ad-client=\"ca-pub-0652292147574552\"\r\n     data-ad-slot=\"3298668993\"\r\n     data-ad-format=\"auto\"><\/ins>\r\n<script>\r\n     (adsbygoogle = window.adsbygoogle || []).push({});\r\n<\/script>\n<\/div>\n\n<p><em>Scopri i corsi online <strong>Espresso giapponese<\/strong> promette di aiutarvi a decollare nella lingua giapponese e anche per coloro che si recano in Giappone.<\/em><\/p>\n\n\n\n<p class=\"has-background has-medium-font-size\" style=\"background-color:#f8c0c0\"><strong>IL CORSO NON \u00c8 DISPONIBILE<\/strong>. Conoscere il corso completo di Sensei Luiz Rafael o ???? <a href=\"https:\/\/comoaprenderjapones.net\/it\/online-programma-giapponese\/\" data-type=\"URL\" data-id=\"https:\/\/comoaprenderjapones.net\/programa-japones-online\/\">Programma online giapponese<\/a>!<\/p>\n\n\n\n<p>Chiunque ami la cultura giapponese, che si tratti di anime, manga, film, J-dramas e molti altri fattori che rendono questa cultura unica, deve aver gi\u00e0 pensato di imparare la lingua giapponese per godere ancora di pi\u00f9 di questa cultura particolare.<\/p>\n\n\n\n<p>Il grande problema per chi inizia da zero, o addirittura ha iniziato e smesso, \u00e8 che l'impressione \u00e8 che il nihongo sia una lingua molto difficile o addirittura impossibile da imparare.<\/p>\n\n\n\n<p>Ma questo non \u00e8 vero! Ci\u00f2 che accade \u00e8 che non avete ancora appreso la metodologia corretta per studiare in modo efficace.<\/p>\n\n\n\n<p>Non sarebbe bello avere un corso che vada dritto al punto, senza tanti fronzoli, rivolto a chi vuole imparare velocemente le basi della lingua per viaggiare in Giappone o per avere una motivazione in pi\u00f9 per approfondire la lingua giapponese?<\/p>\n\n\n\n<p>\u00c8 per questo motivo che \u5148\u751f Luiz ha creato la <a href=\"https:\/\/comoaprenderjapones.net\/it\/in\/curso-de-japones-gratis-agosto-de-2020\/\" target=\"_blank\" rel=\"noopener noreferrer\">Corso espresso di giapponese<\/a> per chi ha questo obiettivo e ha bisogno di imparare abbastanza velocemente per potersela cavare in Giappone.<\/p>\n\n\n<div class=\"wp-block-image\">\n<figure class=\"aligncenter\"><img data-recalc-dims=\"1\" decoding=\"async\" width=\"960\" height=\"436\" src=\"https:\/\/i0.wp.com\/comoaprenderjapones.net\/wp-content\/uploads\/2016\/11\/Viagem_Japao_curso_japones_expresso.jpg?resize=960%2C436&#038;ssl=1\" alt=\"Viaggiare in Giappone: corso espresso di giapponese\" class=\"wp-image-865\" title=\"Viaggiare in Giappone: corso espresso di giapponese\" srcset=\"https:\/\/i0.wp.com\/comoaprenderjapones.net\/wp-content\/uploads\/2016\/11\/Viagem_Japao_curso_japones_expresso.jpg?w=960&amp;ssl=1 960w, https:\/\/i0.wp.com\/comoaprenderjapones.net\/wp-content\/uploads\/2016\/11\/Viagem_Japao_curso_japones_expresso.jpg?resize=300%2C136&amp;ssl=1 300w, https:\/\/i0.wp.com\/comoaprenderjapones.net\/wp-content\/uploads\/2016\/11\/Viagem_Japao_curso_japones_expresso.jpg?resize=768%2C349&amp;ssl=1 768w\" sizes=\"(max-width: 960px) 100vw, 960px\" \/><\/figure>\n<\/div>\n\n\n<h2 class=\"wp-block-heading\" id=\"o-que-e-o-curso-japones-expresso\">Che cos'\u00e8 il corso di giapponese express?<\/h2>\n\n\n\n<p>Si tratta di un corso esclusivo a numero chiuso per studenti in cui attraverso le video lezioni si pu\u00f2 partire da zero e imparare in modo molto pi\u00f9 efficiente la lingua giapponese in tempi rapidi.<\/p>\n\n\n\n<p>Ma questo NUOVO <a href=\"https:\/\/comoaprenderjapones.net\/it\/in\/curso-de-japones-gratis-agosto-de-2020\/\" target=\"_blank\" rel=\"noopener noreferrer\">corso di giapponese online<\/a> ha un grande differenziale rispetto all'altro, dura 6 settimane, cio\u00e8 1 mese e mezzo praticamente.<\/p>\n\n\n\n<h3 class=\"wp-block-heading\" id=\"para-quem-e-esse-curso\">A chi \u00e8 rivolto questo corso?<\/h3>\n\n\n\n<p>Il corso vuole essere il pi\u00f9 diretto, semplice e facile possibile, in modo che chiunque possa imparare le basi della lingua.<\/p>\n\n\n\n<p>\u00c8 stato creato pensando alla persona:<\/p>\n\n\n\n<ul class=\"wp-block-list\">\n<li>Non avete tempo da perdere e avete urgente bisogno di imparare almeno le nozioni di base per poter comunicare in modo essenziale in Giappone.<\/li>\n\n\n\n<li>Per chi non conosce nulla della lingua e vuole imparare rapidamente le basi per avere una motivazione in pi\u00f9 a proseguire gli studi.<\/li>\n<\/ul>\n\n\n\n<p>Express Japanese si rivolge a questo tipo di persone che cercano un corso di giapponese online che sia veloce e porti risultati soddisfacenti in poco tempo.<\/p>\n\n\n\n<p>Si tratta di un <strong>Corso di giapponese per chi viaggia in Giappone<\/strong> presto o vogliono imparare rapidamente le basi della lingua.<\/p>\n\n\n\n<p class=\"has-text-align-center\"><a class=\"fasc-button fasc-size-large fasc-type-flat fasc-rounded-medium ico-fa fasc-ico-before fa-play-circle\" style=\"background-color: #e43f42; color: #ffffff;\" target=\"_blank\" rel=\"noopener noreferrer\" href=\"https:\/\/comoaprenderjapones.net\/it\/in\/curso-de-japones-gratis-agosto-de-2020\/\">Scoprite subito com'\u00e8 il corso cliccando qui!<\/a><\/p>\n\n\n\n<h3 class=\"wp-block-heading\" id=\"qual-o-conteudo-do-curso\">Quali sono i contenuti del corso?<\/h3>\n\n\n\n<p>Come al solito il corso \u00e8 100% online su un sito chiuso per i soli studenti e le caratteristiche:<\/p>\n\n\n\n<ul class=\"wp-block-list\">\n<li>Un team pronto a rispondere alle vostre domande<\/li>\n\n\n\n<li>Riceverete un login e una password per accedere al portale.<\/li>\n\n\n\n<li>Contenuti incentrati sulla creazione di basi per comunicare con i madrelingua.<\/li>\n\n\n\n<li>Ci sono 6 argomenti pi\u00f9 bonus per imparare rapidamente e in modo semplificato in video lezioni e dispense scaricabili.<\/li>\n<\/ul>\n\n\n\n<p>In ogni lezione avrete la possibilit\u00e0 di lasciare la vostra domanda, simile a un commento, in modo che il team di supporto possa rispondere il prima possibile.<\/p>\n\n\n\n<h2 class=\"wp-block-heading\" id=\"quem-e-o-criador-do-curso-japones-expresso\">Chi \u00e8 il creatore del corso di giapponese express?<\/h2>\n\n\n<div class=\"wp-block-image\">\n<figure class=\"alignleft\"><img data-recalc-dims=\"1\" decoding=\"async\" width=\"300\" height=\"244\" src=\"https:\/\/i0.wp.com\/comoaprenderjapones.net\/wp-content\/uploads\/2016\/11\/Luiz_Rafael_Curso_Japones_Expresso.jpg?resize=300%2C244&#038;ssl=1\" alt=\"Corso espresso di giapponese Luiz Rafael\" class=\"wp-image-863\" title=\"Corso espresso di giapponese Luiz Rafael\"\/><\/figure>\n<\/div>\n\n\n<p>Il corso \u00e8 stato creato da \u5148\u751f Luiz Rafael, creatore anche del programma <a href=\"https:\/\/comoaprenderjapones.net\/it\/online-programma-giapponese\/\">Programma online giapponese<\/a>Sono qui per colmare una lacuna in cui migliaia di persone vogliono risultati rapidi per poter almeno \"cavarsela\" con le basi della lingua in Giappone.<\/p>\n\n\n\n<p>Luiz studia il giapponese da quando aveva 15 anni e ha molta esperienza nel campo dell'apprendimento delle lingue.<\/p>\n\n\n\n<h3 class=\"wp-block-heading\" id=\"o-curso-japones-expresso-e-para-mim\">Il corso Japanese Express \u00e8 adatto a me?<\/h3>\n\n\n\n<p>Se state per partire per il Giappone o volete imparare rapidamente le basi della lingua giapponese, questo corso fa per voi!<\/p>\n\n\n\n<p>Con semplici lezioni per chiunque sia interessato a imparare facilmente a muoversi in Giappone, come fare la spesa, prendere il treno, ringraziare un nativo, ecc.<\/p>\n\n\n\n<p>Se siete interessati ad apprendere le basi di ci\u00f2 che vi servir\u00e0 quando sarete in viaggio, o se volete partire da zero e imparare rapidamente le basi della lingua, allora questo corso \u00e8 sicuramente per voi!<\/p>\n\n\n\n<h3 class=\"wp-block-heading\" id=\"mais-informacao\">Pi\u00f9 informazioni<\/h3>\n\n\n\n<p>Se volete sapere pi\u00f9 in dettaglio come funziona l'iscrizione, l'assistenza e molto altro ancora, cliccate sul pulsante qui sotto:<\/p>\n\n\n\n<p class=\"has-text-align-center\"><a class=\"fasc-button fasc-size-large fasc-type-flat fasc-rounded-medium ico-fa fasc-ico-before fa-mail-forward\" style=\"background-color: #e43f42; color: #ffffff;\" target=\"_blank\" rel=\"noopener noreferrer\" href=\"https:\/\/comoaprenderjapones.net\/it\/in\/curso-de-japones-gratis-agosto-de-2020\/\">Scoprite subito il corso Japanese Express cliccando qui!<\/a><\/p>\n\n<div style=\"font-size: 0px; height: 0px; line-height: 0px; margin: 0; padding: 0; clear: both;\"><\/div>","protected":false},"excerpt":{"rendered":"<p>Conhe\u00e7a curso online japon\u00eas expresso promete te ajudar a sair do zero no idioma japon\u00eas e tamb\u00e9m para quem tem viagem marcada para o Jap\u00e3o. CURSO N\u00c3O EST\u00c1 DISPONIVEL. Conhe\u00e7a o curso Completo do Sensei<\/p>","protected":false},"author":1,"featured_media":861,"parent":0,"menu_order":0,"comment_status":"closed","ping_status":"closed","template":"","meta":{"footnotes":""},"class_list":["post-860","page","type-page","status-publish","has-post-thumbnail"],"jetpack-related-posts":[{"id":94,"url":"https:\/\/comoaprenderjapones.net\/it\/programa-japones-online\/","url_meta":{"origin":860,"position":0},"title":"Programma giapponese online + Evento intensivo giapponese gratuito","author":"Rafael Avelino","date":"20 de Ottobre de 2014","format":false,"excerpt":"Conhe\u00e7a o curso de japon\u00eas Programa Japon\u00eas Online do Sensei Luiz Rafael! \u3053\u3093\u306b\u3061\u306f! Est\u00e1 procurando um m\u00e9todo eficiente que te ensine do ZERO a ter um n\u00edvel de flu\u00eancia que possa consumir conte\u00fados totalmente em japon\u00eas? O m\u00e9todo criado pelo Luiz Rafael j\u00e1 passou por muitas atualiza\u00e7\u00f5es e est\u00e1 no\u2026","rel":"","context":"Articolo simile","block_context":{"text":"Articolo simile","link":""},"img":{"alt_text":"Programa Japon\u00eas Online - Intensiv\u00e3o de japon\u00eas","src":"https:\/\/i0.wp.com\/comoaprenderjapones.net\/wp-content\/uploads\/2021\/01\/programa-japones-online-intensivao-de-japones-2021.jpg?fit=1200%2C932&ssl=1&resize=350%2C200","width":350,"height":200,"srcset":"https:\/\/i0.wp.com\/comoaprenderjapones.net\/wp-content\/uploads\/2021\/01\/programa-japones-online-intensivao-de-japones-2021.jpg?fit=1200%2C932&ssl=1&resize=350%2C200 1x, https:\/\/i0.wp.com\/comoaprenderjapones.net\/wp-content\/uploads\/2021\/01\/programa-japones-online-intensivao-de-japones-2021.jpg?fit=1200%2C932&ssl=1&resize=525%2C300 1.5x, https:\/\/i0.wp.com\/comoaprenderjapones.net\/wp-content\/uploads\/2021\/01\/programa-japones-online-intensivao-de-japones-2021.jpg?fit=1200%2C932&ssl=1&resize=700%2C400 2x, https:\/\/i0.wp.com\/comoaprenderjapones.net\/wp-content\/uploads\/2021\/01\/programa-japones-online-intensivao-de-japones-2021.jpg?fit=1200%2C932&ssl=1&resize=1050%2C600 3x"},"classes":[]},{"id":4016,"url":"https:\/\/comoaprenderjapones.net\/it\/curso-japones-club-por-skdesu\/","url_meta":{"origin":860,"position":1},"title":"Curso Japon\u00eas Club por Skdesu","author":"Rafael Avelino","date":"2 de Febbraio de 2023","format":false,"excerpt":"Advertorial Aprenda a L\u00edngua Japonesa com o Curso Japon\u00eas Club e Tenha a solu\u00e7\u00e3o definitiva para superar qualquer desafio! Mang\u00e1 Death Note Olha s\u00f3 o que voc\u00ea tem no Curso Japon\u00eas Club! + de 140 v\u00eddeo aulas em Alta Defini\u00e7\u00e3o Jogos e Atividades Interativas Pagamento \u00danico (N\u00e3o tem Mensalidades) Acesso\u2026","rel":"","context":"Articolo simile","block_context":{"text":"Articolo simile","link":""},"img":{"alt_text":"","src":"https:\/\/i0.wp.com\/comoaprenderjapones.net\/wp-content\/uploads\/2023\/02\/japones-club-advertorial.jpg?fit=1023%2C499&ssl=1&resize=350%2C200","width":350,"height":200,"srcset":"https:\/\/i0.wp.com\/comoaprenderjapones.net\/wp-content\/uploads\/2023\/02\/japones-club-advertorial.jpg?fit=1023%2C499&ssl=1&resize=350%2C200 1x, https:\/\/i0.wp.com\/comoaprenderjapones.net\/wp-content\/uploads\/2023\/02\/japones-club-advertorial.jpg?fit=1023%2C499&ssl=1&resize=525%2C300 1.5x, https:\/\/i0.wp.com\/comoaprenderjapones.net\/wp-content\/uploads\/2023\/02\/japones-club-advertorial.jpg?fit=1023%2C499&ssl=1&resize=700%2C400 2x"},"classes":[]},{"id":35,"url":"https:\/\/comoaprenderjapones.net\/it\/sobre\/","url_meta":{"origin":860,"position":2},"title":"SU","author":"Rafael Avelino","date":"24 de Agosto de 2014","format":false,"excerpt":"Ol\u00e1 Minna! Sou Rafael admin deste site, como vai? Muito obrigado por visitar este site que pretende passar dicas de como aprender japon\u00eas para quem est\u00e1 iniciando, assim como eu. Vamos tentar abordar tudo que possa ajudar no seu aprendizado do idioma japon\u00eas, que vai desde animes,m\u00fasicas,mangas e tamb\u00e9m o\u2026","rel":"","context":"Articolo simile","block_context":{"text":"Articolo simile","link":""},"img":{"alt_text":"","src":"","width":0,"height":0},"classes":[]},{"id":179,"url":"https:\/\/comoaprenderjapones.net\/it\/mapa-site\/","url_meta":{"origin":860,"position":3},"title":"Mappa del sito","author":"Rafael Avelino","date":"31 de Gennaio de 2015","format":false,"excerpt":"Mapa do Site Veja todos os artigos publicados aqui no Como Aprender Japon\u00eas","rel":"","context":"Articolo simile","block_context":{"text":"Articolo simile","link":""},"img":{"alt_text":"","src":"","width":0,"height":0},"classes":[]},{"id":904,"url":"https:\/\/comoaprenderjapones.net\/it\/metodo-fan-art\/","url_meta":{"origin":860,"position":4},"title":"Metodo Fan Art 3.0 - Come disegnare i personaggi degli Anime","author":"Rafael Avelino","date":"15 de Febbraio de 2017","format":false,"excerpt":"Aprenda a como desenhar personagem de animes mesmo sem ter o \u201cdom\u201d passo a passo com o m\u00e9todo fan art 3.0 criado pela Mayara Rodrigues.\u00a0 Quem gosta da cultura japonesa, principalmente pelos animes, mangas j\u00e1 teve a curiosidade de saber se \u00e9 poss\u00edvel aprender a desenhar aquele personagem favorito mesmo\u2026","rel":"","context":"Articolo simile","block_context":{"text":"Articolo simile","link":""},"img":{"alt_text":"M\u00e9todo Fan Art 3.0 \u2013 Desenhe seu personagem de anime favorito!","src":"https:\/\/i0.wp.com\/comoaprenderjapones.net\/wp-content\/uploads\/2020\/12\/Metod-Fan-Art-3-0-Desenhar-Animes.jpg?fit=1200%2C628&ssl=1&resize=350%2C200","width":350,"height":200,"srcset":"https:\/\/i0.wp.com\/comoaprenderjapones.net\/wp-content\/uploads\/2020\/12\/Metod-Fan-Art-3-0-Desenhar-Animes.jpg?fit=1200%2C628&ssl=1&resize=350%2C200 1x, https:\/\/i0.wp.com\/comoaprenderjapones.net\/wp-content\/uploads\/2020\/12\/Metod-Fan-Art-3-0-Desenhar-Animes.jpg?fit=1200%2C628&ssl=1&resize=525%2C300 1.5x, https:\/\/i0.wp.com\/comoaprenderjapones.net\/wp-content\/uploads\/2020\/12\/Metod-Fan-Art-3-0-Desenhar-Animes.jpg?fit=1200%2C628&ssl=1&resize=700%2C400 2x, https:\/\/i0.wp.com\/comoaprenderjapones.net\/wp-content\/uploads\/2020\/12\/Metod-Fan-Art-3-0-Desenhar-Animes.jpg?fit=1200%2C628&ssl=1&resize=1050%2C600 3x"},"classes":[]},{"id":2786,"url":"https:\/\/comoaprenderjapones.net\/it\/acompanhe\/","url_meta":{"origin":860,"position":5},"title":"azione supplementare","author":"Rafael Avelino","date":"12 de Giugno de 2020","format":false,"excerpt":"Para n\u00e3o perder alguma novidade ou dica logo em seguida vou indicar v\u00e1rias op\u00e7\u00f5es para que voc\u00ea acompanhe o comoaprenderjapones.net da maneira que desejar e que mais goste. Acompanhe pelo Feed Um dos meios mais tradicionais para voc\u00ea receber as novidades instantaneamente quando algo \u00e9 publicado por aqui. Feed do\u2026","rel":"","context":"Articolo simile","block_context":{"text":"Articolo simile","link":""},"img":{"alt_text":"Acompanhe pelo Feedly o comoaprenderjapones.net","src":"https:\/\/i0.wp.com\/comoaprenderjapones.net\/wp-content\/uploads\/2020\/06\/feedly-follow.png?resize=350%2C200&ssl=1","width":350,"height":200},"classes":[]}],"jetpack_sharing_enabled":true,"amp_enabled":true,"_links":{"self":[{"href":"https:\/\/comoaprenderjapones.net\/it\/wp-json\/wp\/v2\/pages\/860","targetHints":{"allow":["GET"]}}],"collection":[{"href":"https:\/\/comoaprenderjapones.net\/it\/wp-json\/wp\/v2\/pages"}],"about":[{"href":"https:\/\/comoaprenderjapones.net\/it\/wp-json\/wp\/v2\/types\/page"}],"author":[{"embeddable":true,"href":"https:\/\/comoaprenderjapones.net\/it\/wp-json\/wp\/v2\/users\/1"}],"replies":[{"embeddable":true,"href":"https:\/\/comoaprenderjapones.net\/it\/wp-json\/wp\/v2\/comments?post=860"}],"version-history":[{"count":0,"href":"https:\/\/comoaprenderjapones.net\/it\/wp-json\/wp\/v2\/pages\/860\/revisions"}],"wp:featuredmedia":[{"embeddable":true,"href":"https:\/\/comoaprenderjapones.net\/it\/wp-json\/wp\/v2\/media\/861"}],"wp:attachment":[{"href":"https:\/\/comoaprenderjapones.net\/it\/wp-json\/wp\/v2\/media?parent=860"}],"curies":[{"name":"wp","href":"https:\/\/api.w.org\/{rel}","templated":true}]}}