{"id":9,"date":"2014-08-24T02:32:54","date_gmt":"2014-08-24T02:32:54","guid":{"rendered":"https:\/\/comoaprenderjapones.net\/?page_id=9"},"modified":"2022-02-07T19:38:46","modified_gmt":"2022-02-07T22:38:46","slug":"politica-sulla-riservatezza","status":"publish","type":"page","link":"https:\/\/comoaprenderjapones.net\/it\/politica-de-privacidade\/","title":{"rendered":"politica sulla riservatezza"},"content":{"rendered":"<div class=\"b90023dad251dedb8a0865048b70eb84\" data-index=\"2\" style=\"float: none; margin:0px;\">\n<script async src=\"https:\/\/pagead2.googlesyndication.com\/pagead\/js\/adsbygoogle.js?client=ca-pub-0652292147574552\"\r\n     crossorigin=\"anonymous\"><\/script>\r\n<!-- Ads responsivo Inicio Post CAJap -->\r\n<ins class=\"adsbygoogle\"\r\n     style=\"display:block\"\r\n     data-ad-client=\"ca-pub-0652292147574552\"\r\n     data-ad-slot=\"3298668993\"\r\n     data-ad-format=\"auto\"><\/ins>\r\n<script>\r\n     (adsbygoogle = window.adsbygoogle || []).push({});\r\n<\/script>\n<\/div>\n\n<p>Questa Informativa sulla privacy \u00e8 stata progettata per garantire la riservatezza, la privacy e la protezione dei dati personali dei visitatori di questo sito e degli utenti dei nostri servizi, proteggendo queste informazioni da perdita, uso improprio, accesso non autorizzato, alterazione e distruzione.<\/p>\n\n\n\n<h2 class=\"wp-block-heading\" id=\"1-coleta-e-uso-das-informacoes\">1. Raccolta e utilizzo delle informazioni<\/h2>\n\n\n\n<p>L&#039;accesso a questo Sito pu\u00f2 essere condizionato alla registrazione del visitatore, quando verranno richieste informazioni in grado di identificarlo e consentire il contatto con i nostri utenti. Quando decide di fornire i propri dati, l&#039;utente dichiara di conoscere e accettare i termini della presente Policy.Il Sito inoltre riceve e memorizza automaticamente, tramite i cookie, informazioni sulle attivit\u00e0 del browser, compreso l&#039;indirizzo IP e la pagina visitata. Questi record di attivit\u00e0 (log) verranno utilizzati solo per scopi statistici e metrici dei servizi disponibili.<\/p>\n\n\n\n<h3 class=\"wp-block-heading\" id=\"cookies-e-web-beacons\">Cookie e Web Beacon<\/h3>\n\n\n\n<p>Noi usiamo&nbsp;<a style=\"font-weight: inherit; font-style: inherit; color: #469db9;\" href=\"https:\/\/pt.wikipedia.org\/wiki\/Cookie\" target=\"_blank\" rel=\"noopener\">Biscotti<\/a>&nbsp;per memorizzare informazioni, come le tue preferenze personali, quando visiti&nbsp;<strong>come imparare il giapponese<\/strong>. Ci\u00f2 pu\u00f2 includere un semplice popup o un collegamento a vari servizi che forniamo, come i forum.<\/p>\n\n\n\n<p>Google fa uso del nuovo&nbsp;<a style=\"font-weight: inherit; font-style: inherit; color: #469db9;\" href=\"https:\/\/www.doubleclick.com\/privacy\/faq.aspx?ctx=tltp\" target=\"_blank\" rel=\"noopener\">Biscotto DART<\/a>&nbsp;per mostrarti annunci pubblicitari in base ai tuoi interessi e alla tua visita al nostro blog e ad altri indirizzi web. \u00c8 possibile disattivare l&#039;utilizzo del cookie DART visitando la pagina dell&#039;annuncio di Google e il programma di polizia dell&#039;azienda.<\/p>\n\n\n\n<p>L&#039;utente riconosce e accetta che le informazioni raccolte verranno utilizzate per i seguenti scopi: (a) per informare su nuovi contenuti, notizie ed eventi; (b) aggiornare le informazioni di contatto; (c) ottimizzare l&#039;usabilit\u00e0 e l&#039;esperienza interattiva durante la navigazione dell&#039;utente sul Sito; (d) redige statistiche generali, senza identificare gli utenti; (e) rispondere alle domande e alle richieste degli utenti; e (f) conformarsi a determinazioni legali o giudiziarie. Ci riserviamo inoltre il diritto di utilizzare tali registri, su base individuale, in caso di indagini su reati civili o penali, in particolare quando vi \u00e8 il sospetto di frode, attacchi di hacker, modifiche del sistema o accesso improprio alle informazioni protette e ai dati di registrazione di altri utenti . .<\/p>\n\n\n\n<h2 class=\"wp-block-heading\" id=\"2-guarda-e-responsabilidade-pelas-informacoes-coletadas\">2. Custodia e responsabilit\u00e0 delle informazioni raccolte<\/h2>\n\n\n\n<p>Tutte le informazioni fornite dagli utenti saranno acquisite e conservate secondo i pi\u00f9 severi standard di sicurezza e affidabilit\u00e0. Faremo del nostro meglio per mantenere l&#039;integrit\u00e0 delle informazioni forniteci, motivo per cui non siamo responsabili per i danni derivanti dal loro accesso e\/o utilizzo da parte di terzi. L&#039;accesso alle informazioni raccolte \u00e8 riservato ai dipendenti e alle persone autorizzate. Coloro che abusano di queste informazioni, in violazione della presente Privacy Policy, saranno soggetti a sanzioni amministrative e disciplinari, senza escludere le misure di legge applicabili. Salvo determinazioni legali o giudiziarie, le informazioni degli utenti registrati su questo Sito non saranno mai cedute a terzi o utilizzate per scopi diversi da quelli per cui sono state raccolte. Tutti i dati personali raccolti saranno incorporati nel database di questo Sito, essendo responsabile per l&#039;amministratore di questo sito.<\/p>\n\n\n\n<h2 class=\"wp-block-heading\" id=\"3-informacoes-opinioes-e-conteudos-gerados-por-terceiros\">3. Informazioni, Opinioni e Contenuti generati da Terze Parti<\/h2>\n\n\n\n<p>Questo Sito consente la partecipazione dei visitatori\/utenti attraverso commenti, scambio di informazioni, pubblicazione di contenuti generati da terzi e diffusione di annunci pubblicitari. I visitatori, gli utenti e gli inserzionisti sono gi\u00e0 consapevoli che non devono pubblicare informazioni, opinioni o contenuti immorali, illegali, razzisti, diffamatori, pregiudizievoli, pornografici, criminali, o qualsiasi contenuto che violi i diritti dell&#039;autore. Sono inoltre consapevoli che le informazioni, i contenuti o le opinioni forniti o pubblicati liberamente su questo Sito, ad eccezione dei dati personali richiesti ai fini della registrazione, NON SARANNO RISERVATI N\u00c9 PROTETTI DA QUESTA PRIVACY POLICY, e possono essere liberamente consultati e visualizzati da altri visitatori e utenti. Sono inoltre vietati annunci pubblicitari o qualsiasi divulgazione su prodotti, servizi o eventi che non rispettino la legge, la morale e le buone usanze. I responsabili di questo Sito non sono responsabili delle informazioni, opinioni e contenuti generati da terzi, n\u00e9 della qualit\u00e0 o veridicit\u00e0 dei prodotti, servizi o eventi divulgati attraverso il Sito. Qualsiasi manifestazione, riproduzione o pubblicazione immorale o illegale deve essere notificata agli organizzatori di questo sito Web e sar\u00e0 immediatamente rimossa. La notifica deve essere inviata all&#039;indirizzo dei responsabili del sito.<\/p>\n\n\n\n<h2 class=\"wp-block-heading\" id=\"4-responsabilidade-dos-usuarios\">4. Responsabilit\u00e0 dell&#039;utente<\/h2>\n\n\n\n<p>\u00c8 responsabilit\u00e0 dell&#039;utente conservare la password e il login di accesso. Non \u00e8 consigliabile utilizzare password ovvie, come date speciali, nomi o sequenze numeriche. Se l&#039;utente viene a conoscenza o sospetta solo che la sua password sia stata scoperta, deve cambiarla nella sua pagina di registrazione. Ci impegniamo a proteggere la privacy online dei bambini. Eventuali iscrizioni di minorenni avverranno al solo fine di partecipare ad aree riservate del sito a contenuto didattico. I dati dei minori verranno utilizzati solo per rispondere a quesiti, dubbi accademici, programmare lezioni nelle scuole o per statistiche generali. Raccomandiamo inoltre che il minore sia sempre sotto la guida e la supervisione dei responsabili, i quali possono, in qualsiasi momento, richiedere la cancellazione dell&#039;iscrizione. Questa politica \u00e8 soggetta a continui miglioramenti e miglioramenti. Pertanto, ti consigliamo la tua consulenza periodica.<\/p>\n\n<div style=\"font-size: 0px; height: 0px; line-height: 0px; margin: 0; padding: 0; clear: both;\"><\/div>","protected":false},"excerpt":{"rendered":"<p>Esta Pol\u00edtica de Privacidade foi elaborada visando zelar pela confidencialidade, privacidade e prote\u00e7\u00e3o dos dados pessoais dos visitantes deste site e dos usu\u00e1rios de nossos servi\u00e7os, protegendo essas informa\u00e7\u00f5es de perdas, uso impr\u00f3prio, acesso n\u00e3o<\/p>","protected":false},"author":1,"featured_media":0,"parent":0,"menu_order":0,"comment_status":"closed","ping_status":"closed","template":"","meta":{"footnotes":""},"class_list":["post-9","page","type-page","status-publish"],"jetpack-related-posts":[{"id":4016,"url":"https:\/\/comoaprenderjapones.net\/it\/curso-japones-club-por-skdesu\/","url_meta":{"origin":9,"position":0},"title":"Curso Japon\u00eas Club por Skdesu","author":"Rafael Avelino","date":"2 de Febbraio de 2023","format":false,"excerpt":"Advertorial Aprenda a L\u00edngua Japonesa com o Curso Japon\u00eas Club e Tenha a solu\u00e7\u00e3o definitiva para superar qualquer desafio! Mang\u00e1 Death Note Olha s\u00f3 o que voc\u00ea tem no Curso Japon\u00eas Club! + de 140 v\u00eddeo aulas em Alta Defini\u00e7\u00e3o Jogos e Atividades Interativas Pagamento \u00danico (N\u00e3o tem Mensalidades) Acesso\u2026","rel":"","context":"Articolo simile","block_context":{"text":"Articolo simile","link":""},"img":{"alt_text":"","src":"https:\/\/i0.wp.com\/comoaprenderjapones.net\/wp-content\/uploads\/2023\/02\/japones-club-advertorial.jpg?fit=1023%2C499&ssl=1&resize=350%2C200","width":350,"height":200,"srcset":"https:\/\/i0.wp.com\/comoaprenderjapones.net\/wp-content\/uploads\/2023\/02\/japones-club-advertorial.jpg?fit=1023%2C499&ssl=1&resize=350%2C200 1x, https:\/\/i0.wp.com\/comoaprenderjapones.net\/wp-content\/uploads\/2023\/02\/japones-club-advertorial.jpg?fit=1023%2C499&ssl=1&resize=525%2C300 1.5x, https:\/\/i0.wp.com\/comoaprenderjapones.net\/wp-content\/uploads\/2023\/02\/japones-club-advertorial.jpg?fit=1023%2C499&ssl=1&resize=700%2C400 2x"},"classes":[]},{"id":179,"url":"https:\/\/comoaprenderjapones.net\/it\/mapa-site\/","url_meta":{"origin":9,"position":1},"title":"Mappa del sito","author":"Rafael Avelino","date":"31 de Gennaio de 2015","format":false,"excerpt":"Mapa do Site Veja todos os artigos publicados aqui no Como Aprender Japon\u00eas","rel":"","context":"Articolo simile","block_context":{"text":"Articolo simile","link":""},"img":{"alt_text":"","src":"","width":0,"height":0},"classes":[]},{"id":860,"url":"https:\/\/comoaprenderjapones.net\/it\/japones-expresso-curso-online-japones\/","url_meta":{"origin":9,"position":2},"title":"Japanese Express: Corso di giapponese online","author":"Rafael Avelino","date":"14 de Novembre de 2016","format":false,"excerpt":"Conhe\u00e7a curso online japon\u00eas expresso promete te ajudar a sair do zero no idioma japon\u00eas e tamb\u00e9m para quem tem viagem marcada para o Jap\u00e3o. CURSO N\u00c3O EST\u00c1 DISPONIVEL. Conhe\u00e7a o curso Completo do Sensei Luiz Rafael o ???? Programa Japon\u00eas Online! Quem gosta da cultura japonesa, seja animes, mangas,\u2026","rel":"","context":"Articolo simile","block_context":{"text":"Articolo simile","link":""},"img":{"alt_text":"Japon\u00eas Expresso curso online de japon\u00eas","src":"https:\/\/i0.wp.com\/comoaprenderjapones.net\/wp-content\/uploads\/2016\/11\/Japones_Expresso.jpg?fit=1200%2C696&ssl=1&resize=350%2C200","width":350,"height":200,"srcset":"https:\/\/i0.wp.com\/comoaprenderjapones.net\/wp-content\/uploads\/2016\/11\/Japones_Expresso.jpg?fit=1200%2C696&ssl=1&resize=350%2C200 1x, https:\/\/i0.wp.com\/comoaprenderjapones.net\/wp-content\/uploads\/2016\/11\/Japones_Expresso.jpg?fit=1200%2C696&ssl=1&resize=525%2C300 1.5x, https:\/\/i0.wp.com\/comoaprenderjapones.net\/wp-content\/uploads\/2016\/11\/Japones_Expresso.jpg?fit=1200%2C696&ssl=1&resize=700%2C400 2x, https:\/\/i0.wp.com\/comoaprenderjapones.net\/wp-content\/uploads\/2016\/11\/Japones_Expresso.jpg?fit=1200%2C696&ssl=1&resize=1050%2C600 3x"},"classes":[]},{"id":2786,"url":"https:\/\/comoaprenderjapones.net\/it\/acompanhe\/","url_meta":{"origin":9,"position":3},"title":"azione supplementare","author":"Rafael Avelino","date":"12 de Giugno de 2020","format":false,"excerpt":"Para n\u00e3o perder alguma novidade ou dica logo em seguida vou indicar v\u00e1rias op\u00e7\u00f5es para que voc\u00ea acompanhe o comoaprenderjapones.net da maneira que desejar e que mais goste. Acompanhe pelo Feed Um dos meios mais tradicionais para voc\u00ea receber as novidades instantaneamente quando algo \u00e9 publicado por aqui. Feed do\u2026","rel":"","context":"Articolo simile","block_context":{"text":"Articolo simile","link":""},"img":{"alt_text":"Acompanhe pelo Feedly o comoaprenderjapones.net","src":"https:\/\/i0.wp.com\/comoaprenderjapones.net\/wp-content\/uploads\/2020\/06\/feedly-follow.png?resize=350%2C200&ssl=1","width":350,"height":200},"classes":[]},{"id":35,"url":"https:\/\/comoaprenderjapones.net\/it\/sobre\/","url_meta":{"origin":9,"position":4},"title":"SU","author":"Rafael Avelino","date":"24 de Agosto de 2014","format":false,"excerpt":"Ol\u00e1 Minna! Sou Rafael admin deste site, como vai? Muito obrigado por visitar este site que pretende passar dicas de como aprender japon\u00eas para quem est\u00e1 iniciando, assim como eu. Vamos tentar abordar tudo que possa ajudar no seu aprendizado do idioma japon\u00eas, que vai desde animes,m\u00fasicas,mangas e tamb\u00e9m o\u2026","rel":"","context":"Articolo simile","block_context":{"text":"Articolo simile","link":""},"img":{"alt_text":"","src":"","width":0,"height":0},"classes":[]},{"id":94,"url":"https:\/\/comoaprenderjapones.net\/it\/programa-japones-online\/","url_meta":{"origin":9,"position":5},"title":"Programma giapponese online + Evento intensivo giapponese gratuito","author":"Rafael Avelino","date":"20 de Ottobre de 2014","format":false,"excerpt":"Conhe\u00e7a o curso de japon\u00eas Programa Japon\u00eas Online do Sensei Luiz Rafael! \u3053\u3093\u306b\u3061\u306f! Est\u00e1 procurando um m\u00e9todo eficiente que te ensine do ZERO a ter um n\u00edvel de flu\u00eancia que possa consumir conte\u00fados totalmente em japon\u00eas? O m\u00e9todo criado pelo Luiz Rafael j\u00e1 passou por muitas atualiza\u00e7\u00f5es e est\u00e1 no\u2026","rel":"","context":"Articolo simile","block_context":{"text":"Articolo simile","link":""},"img":{"alt_text":"Programa Japon\u00eas Online - Intensiv\u00e3o de japon\u00eas","src":"https:\/\/i0.wp.com\/comoaprenderjapones.net\/wp-content\/uploads\/2021\/01\/programa-japones-online-intensivao-de-japones-2021.jpg?fit=1200%2C932&ssl=1&resize=350%2C200","width":350,"height":200,"srcset":"https:\/\/i0.wp.com\/comoaprenderjapones.net\/wp-content\/uploads\/2021\/01\/programa-japones-online-intensivao-de-japones-2021.jpg?fit=1200%2C932&ssl=1&resize=350%2C200 1x, https:\/\/i0.wp.com\/comoaprenderjapones.net\/wp-content\/uploads\/2021\/01\/programa-japones-online-intensivao-de-japones-2021.jpg?fit=1200%2C932&ssl=1&resize=525%2C300 1.5x, https:\/\/i0.wp.com\/comoaprenderjapones.net\/wp-content\/uploads\/2021\/01\/programa-japones-online-intensivao-de-japones-2021.jpg?fit=1200%2C932&ssl=1&resize=700%2C400 2x, https:\/\/i0.wp.com\/comoaprenderjapones.net\/wp-content\/uploads\/2021\/01\/programa-japones-online-intensivao-de-japones-2021.jpg?fit=1200%2C932&ssl=1&resize=1050%2C600 3x"},"classes":[]}],"jetpack_sharing_enabled":false,"amp_enabled":true,"_links":{"self":[{"href":"https:\/\/comoaprenderjapones.net\/it\/wp-json\/wp\/v2\/pages\/9","targetHints":{"allow":["GET"]}}],"collection":[{"href":"https:\/\/comoaprenderjapones.net\/it\/wp-json\/wp\/v2\/pages"}],"about":[{"href":"https:\/\/comoaprenderjapones.net\/it\/wp-json\/wp\/v2\/types\/page"}],"author":[{"embeddable":true,"href":"https:\/\/comoaprenderjapones.net\/it\/wp-json\/wp\/v2\/users\/1"}],"replies":[{"embeddable":true,"href":"https:\/\/comoaprenderjapones.net\/it\/wp-json\/wp\/v2\/comments?post=9"}],"version-history":[{"count":0,"href":"https:\/\/comoaprenderjapones.net\/it\/wp-json\/wp\/v2\/pages\/9\/revisions"}],"wp:attachment":[{"href":"https:\/\/comoaprenderjapones.net\/it\/wp-json\/wp\/v2\/media?parent=9"}],"curies":[{"name":"wp","href":"https:\/\/api.w.org\/{rel}","templated":true}]}}