{"id":904,"date":"2017-02-15T20:39:01","date_gmt":"2017-02-15T22:39:01","guid":{"rendered":"https:\/\/comoaprenderjapones.net\/?page_id=904"},"modified":"2022-09-05T15:01:47","modified_gmt":"2022-09-05T18:01:47","slug":"metodo-fan-art","status":"publish","type":"page","link":"https:\/\/comoaprenderjapones.net\/it\/metodo-fan-art\/","title":{"rendered":"Metodo Fan Art 3.0 - Come disegnare i personaggi degli Anime"},"content":{"rendered":"<div class=\"b90023dad251dedb8a0865048b70eb84\" data-index=\"2\" style=\"float: none; margin:0px;\">\n<script async src=\"https:\/\/pagead2.googlesyndication.com\/pagead\/js\/adsbygoogle.js?client=ca-pub-0652292147574552\"\r\n     crossorigin=\"anonymous\"><\/script>\r\n<!-- Ads responsivo Inicio Post CAJap -->\r\n<ins class=\"adsbygoogle\"\r\n     style=\"display:block\"\r\n     data-ad-client=\"ca-pub-0652292147574552\"\r\n     data-ad-slot=\"3298668993\"\r\n     data-ad-format=\"auto\"><\/ins>\r\n<script>\r\n     (adsbygoogle = window.adsbygoogle || []).push({});\r\n<\/script>\n<\/div>\n\n<div class=\"addthis_inline_share_toolbox\"><\/div>\n\n\n\n<p><em>imparare a <strong>come disegnare i personaggi degli anime<\/strong> anche senza avere il \"regalo\" passo dopo passo con il <strong>metodo fan art 3.0 <\/strong>creato da<strong> <\/strong>Mayara Rodrigues.\u00a0<\/em><\/p>\n\n\n\n<p>Chi ama la cultura giapponese, in particolare anime, manga, \u00e8 gi\u00e0 stato curioso di sapere se \u00e8 possibile imparare a disegnare quel personaggio preferito anche senza avere un&#039;affinit\u00e0, il \u201cdono\u201d del disegno.<\/p>\n\n\n\n<p>Il grosso problema \u00e8 che senza un buon metodo o qualcuno che possa insegnare in modo pratico, \u00e8 difficile imparare da soli.<\/p>\n\n\n\n\n\n\n<p>\u00c8 stato con questo in mente che il <a href=\"https:\/\/comoaprenderjapones.net\/it\/in\/conheca-o-metodo-fan-art\/\" target=\"_blank\" rel=\"noopener\">Mayara ha deciso di creare un metodo semplice<\/a>, pratico e che si concentra su ci\u00f2 che conta davvero.<\/p>\n\n\n\n<h2 class=\"wp-block-heading\">Cos&#039;\u00e8 la Fan Art?<\/h2>\n\n\n\n<p>Sai <strong>cos&#039;\u00e8 una fan art<\/strong>? Vedi sotto una breve spiegazione su e anche subito dopo saperne di pi\u00f9 sul <a href=\"https:\/\/comoaprenderjapones.net\/it\/metodo-fan-art\/\">Metodo Fan Art<\/a> che \u00e8 molto popolare in Brasile per coloro che vogliono imparare a disegnare anime:<\/p>\n\n\n\n<blockquote class=\"wp-block-quote is-layout-flow wp-block-quote-is-layout-flow\"><p>Fanart, fan art o anche Fanart \u00e8 un&#039;opera d&#039;arte basata su un personaggio famoso, fantasia, oggetto o opera creata dai fan. Il termine pu\u00f2 essere applicato sia alle opere d&#039;arte realizzate dai fan dei personaggi di determinati libri, sia alle opere d&#039;arte derivate dai media visivi, come fumetti, film e\/o videogiochi. Di solito si riferisce a opere d&#039;arte di artisti dilettanti o artisti non pagati per il loro lavoro. \u00c8 un&#039;opera realizzata dai fan della propria immaginazione rispetto all&#039;opera originale.<br \/>Fonte:&nbsp;<a href=\"https:\/\/pt.wikipedia.org\/wiki\/Fanart\" target=\"_blank\" rel=\"noopener\">Wikipedia<\/a><\/p><\/blockquote>\n\n\n\n<p>Andiamo ora a conoscere cos&#039;\u00e8 questo corso e anche il suo ideatore e le testimonianze di chi lo ha fatto e approvato.<\/p>\n\n\n\n<h2 class=\"wp-block-heading\">Qual \u00e8 il metodo delle fan art?<\/h2>\n\n\n\n<p>Un metodo creato per insegnare alle persone che vogliono imparare a disegnare il proprio personaggio anime preferito senza troppe complicazioni in un passo dopo passo ben spiegato e didattico.<\/p>\n\n\n\n<p>Impara a disegnare in modo simile a come l&#039;autore originale dell&#039;anime disegna il personaggio che ha creato.<\/p>\n\n\n\n<h3 class=\"wp-block-heading\"><strong>Creatore di Mayara Rodrigues<\/strong> del corso<\/h3>\n\n\n<div class=\"wp-block-image\">\n<figure class=\"alignleft\"><a href=\"https:\/\/comoaprenderjapones.net\/it\/in\/conheca-o-metodo-fan-art\/\" rel=\"nofollow noopener\"><img data-recalc-dims=\"1\" decoding=\"async\" width=\"300\" height=\"247\" src=\"https:\/\/i0.wp.com\/comoaprenderjapones.net\/wp-content\/uploads\/2018\/09\/Mayara-Rodrigues.png?resize=300%2C247&#038;ssl=1\" alt=\"Mayara Rodrigues creatrice del Metodo Fan Art\" class=\"wp-image-2430\" srcset=\"https:\/\/i0.wp.com\/comoaprenderjapones.net\/wp-content\/uploads\/2018\/09\/Mayara-Rodrigues.png?resize=300%2C247&amp;ssl=1 300w, https:\/\/i0.wp.com\/comoaprenderjapones.net\/wp-content\/uploads\/2018\/09\/Mayara-Rodrigues.png?w=543&amp;ssl=1 543w\" sizes=\"(max-width: 300px) 100vw, 300px\" \/><\/a><figcaption><strong>Maya Rodrigues<\/strong> creatore del metodo fan art<\/figcaption><\/figure>\n<\/div>\n\n\n<p><strong>Maya Rodrigues<\/strong>, come molti brasiliani, inizi\u00f2 ad interessarsi agli anime e il suo preferito erano i Digimon e con ci\u00f2 nacque il desiderio di imparare a disegnare i suoi personaggi preferiti.<\/p>\n\n\n\n<p>Il grosso problema \u00e8 che non si \u00e8 evoluta molto quando ha provato a disegnare e anche un corso di disegno non era molto economico e non vicino a casa sua.<\/p>\n\n\n\n<p>Inizi\u00f2 quindi a comprare riviste che le insegnavano a disegnare, di solito metodi giapponesi.<\/p>\n\n\n\n<p>Dopo aver scervellato molto, \u00e8 stato allora che dopo molto tempo, molti anni, ha capito davvero come disegnare un anime.<\/p>\n\n\n\n<p class=\"has-text-align-center\"><a class=\"fasc-button fasc-size-large fasc-type-popout fasc-rounded-medium ico-fa fasc-ico-before fa-youtube-play\" style=\"background-color: #cc2f1a; color: #ffffff;\" target=\"_blank\" rel=\"nofollow noopener\" href=\"https:\/\/comoaprenderjapones.net\/it\/in\/conheca-historia-da-mayara-rodrigues\/\">Scopri di pi\u00f9 sulla sua storia cliccando qui!<\/a><\/p>\n\n\n\n<h3 class=\"wp-block-heading\">Qual \u00e8 il contenuto del Metodo Fan Art?<\/h3>\n\n\n\n<p>Il corso non si blocca, perch\u00e9 va dritto a ci\u00f2 che conta davvero, basta vedere gli argomenti del corso online <strong>metodo fan art 3.0<\/strong> avere:<\/p>\n\n\n\n<ol class=\"wp-block-list\"><li>Analisi dell&#039;immagine<\/li><li>tecniche di disegno<\/li><li>Anatomia facciale + variazioni angolari<\/li><li>Anatomia corporea e movimenti<\/li><li>Il segreto per realizzare capelli anime\/manga...<\/li><li>Mani e piedi perfetti del tuo personaggio...<\/li><li>Progettare i vestiti dei personaggi<\/li><li>Rifinire i disegni con la penna<\/li><li>Introduzione alla pittura + Luce e ombra<\/li><\/ol>\n\n\n\n<h3 class=\"wp-block-heading\">Bonus metodo fan art 3.0<\/h3>\n\n\n\n<p>E cos\u00ec come le dogane <strong>+ 5 bonus<\/strong> per migliorare ulteriormente i tuoi progetti:<\/p>\n\n\n\n<ul class=\"wp-block-list\"><li>Il segreto per attirare gli occhi<\/li><li>riscaldamento e cruscotto<\/li><li>Utilizzo di tutti i moduli del corso in un unico disegno<\/li><li>Accesso al Gruppo Esclusivo di Studenti<\/li><li>Certificato di completamento<\/li><\/ul>\n\n\n<div class=\"wp-block-image\">\n<figure class=\"aligncenter\"><img data-recalc-dims=\"1\" decoding=\"async\" width=\"900\" height=\"475\" src=\"https:\/\/i0.wp.com\/comoaprenderjapones.net\/wp-content\/uploads\/2017\/02\/Area_de_Membros_Metodo_fan_art.jpg?resize=900%2C475&#038;ssl=1\" alt=\"Area membri Metodo fan art\" class=\"wp-image-906\" srcset=\"https:\/\/i0.wp.com\/comoaprenderjapones.net\/wp-content\/uploads\/2017\/02\/Area_de_Membros_Metodo_fan_art.jpg?w=900&amp;ssl=1 900w, https:\/\/i0.wp.com\/comoaprenderjapones.net\/wp-content\/uploads\/2017\/02\/Area_de_Membros_Metodo_fan_art.jpg?resize=300%2C158&amp;ssl=1 300w, https:\/\/i0.wp.com\/comoaprenderjapones.net\/wp-content\/uploads\/2017\/02\/Area_de_Membros_Metodo_fan_art.jpg?resize=768%2C405&amp;ssl=1 768w\" sizes=\"(max-width: 900px) 100vw, 900px\" \/><\/figure>\n<\/div>\n\n\n<p>Avrai anche un gruppo chiuso su Facebook per qualsiasi domanda con l&#039;autore del corso.<\/p>\n\n\n\n<p>Certo, non c&#039;\u00e8 miracolo, ma di sicuro imparerai in modo pratico con chi conosce la materia esercitandoti ogni giorno e vedendo in breve tempo quanto velocemente stai progredendo.<\/p>\n\n\n\n<h2 class=\"wp-block-heading\">Imparer\u00f2 a disegnare i personaggi degli anime?<\/h2>\n\n\n\n<p>Per coloro che vogliono imparare in modo semplice e diretto, in modo da sapere gi\u00e0 come disegnare i personaggi degli anime, allora la <strong>il metodo delle fan art funziona<\/strong> ed \u00e8 l&#039;ideale per te!<\/p>\n\n\n\n<p>Dai un&#039;occhiata agli studenti di Mayara qui sotto che stanno gi\u00e0 ottenendo ottimi risultati e realizzando il loro sogno di imparare a disegnare i loro personaggi anime preferiti.<\/p>\n\n\n\n<h3 class=\"wp-block-heading\">Testimonianze degli studenti<\/h3>\n\n\n\n<p>Guarda le testimonianze fatte dai tuoi studenti che mostrano la felicit\u00e0 di aver disegnato i loro personaggi anime preferiti:<br \/><\/p>\n\n\n<div class=\"message_box announce\"><p><\/p>\n<blockquote><p>Complimenti per il corso Mayara, pensavo fosse molto buono. L&#039;ho gi\u00e0 consigliato a diversi amici, ne vale la pena. Dritto al punto, sono gi\u00e0 al 4\u00b0 modulo e la differenza \u00e8 assurda dai miei vecchi disegni ad oggi, ogni giorno sto migliorando. Congratulazioni e buona fortuna a te. Baci<\/p>\n<p><strong>Jo\u00e3o Gabriel Alvarenga<\/strong><\/p><\/blockquote>\n<p><\/p><\/div>\n\n\n<div class=\"message_box announce\"><p><\/p>\n<blockquote><p>Ero pazzo a voler disegnare Eren Yeager!!! Jaaa ne aveva copiati alcuni, ma oggi l&#039;ho disegnato senza nemmeno guardarlo!!! Seguendo tutto quello che hai insegnato nel Corso!!!<br \/>\nTroppo felice, presto far\u00f2 anche un poster per metterlo qui nella mia stanza eheheh!! Grazie Mayy, il tuo corso \u00e8 fantastico!!!<\/p>\n<p><strong>Marco Vinicio Viana<\/strong><\/p><\/blockquote>\n<p><\/p><\/div>\n\n\n\n<p>Vedi anche le testimonianze dei risultati che i loro studenti hanno avuto mostrando i loro disegni di seguito:<br \/><\/p>\n\n\n<div class=\"tab_widget wp_shortcodes_tabs\"><ul class=\"wps_tabs\"><li><a href=\"#\" data-tab=\"tab-0-depoimento-jonathan\">Testimonianza Jonathan<\/a><\/li><li><a href=\"#\" data-tab=\"tab-1-depoimento-adson\">Testimonianza Adson<\/a><\/li><li><a href=\"#\" data-tab=\"tab-2-depoimento-mika\">Dichiarazione Mika<\/a><\/li><\/ul><div class=\"tab_container\"><div id=\"tab-0-depoimento-jonathan\" class=\"tab_content clearfix\"><img data-recalc-dims=\"1\" decoding=\"async\" class=\"size-full wp-image-909 aligncenter\" src=\"https:\/\/i0.wp.com\/comoaprenderjapones.net\/wp-content\/uploads\/2017\/02\/Metodo_fan_art_desenho_aluno-7.jpg?resize=509%2C626&#038;ssl=1\" alt=\"\" width=\"509\" height=\"626\" srcset=\"https:\/\/i0.wp.com\/comoaprenderjapones.net\/wp-content\/uploads\/2017\/02\/Metodo_fan_art_desenho_aluno-7.jpg?w=509&amp;ssl=1 509w, https:\/\/i0.wp.com\/comoaprenderjapones.net\/wp-content\/uploads\/2017\/02\/Metodo_fan_art_desenho_aluno-7.jpg?resize=244%2C300&amp;ssl=1 244w\" sizes=\"(max-width: 509px) 100vw, 509px\" \/>Testimonianza di Jonathan sul metodo delle fan art<\/div><div id=\"tab-1-depoimento-adson\" class=\"tab_content clearfix\"><img data-recalc-dims=\"1\" decoding=\"async\" class=\"size-full wp-image-910 aligncenter\" src=\"https:\/\/i0.wp.com\/comoaprenderjapones.net\/wp-content\/uploads\/2017\/02\/Metodo_fan_art_desenhoaluno7.jpg?resize=495%2C515&#038;ssl=1\" alt=\"\" width=\"495\" height=\"515\" srcset=\"https:\/\/i0.wp.com\/comoaprenderjapones.net\/wp-content\/uploads\/2017\/02\/Metodo_fan_art_desenhoaluno7.jpg?w=495&amp;ssl=1 495w, https:\/\/i0.wp.com\/comoaprenderjapones.net\/wp-content\/uploads\/2017\/02\/Metodo_fan_art_desenhoaluno7.jpg?resize=288%2C300&amp;ssl=1 288w\" sizes=\"(max-width: 495px) 100vw, 495px\" \/>Testimonianza di Adson sul metodo delle fan art<\/div><div id=\"tab-2-depoimento-mika\" class=\"tab_content clearfix\"><\/p>\n<p><img data-recalc-dims=\"1\" decoding=\"async\" class=\"size-full wp-image-914 aligncenter\" src=\"https:\/\/i0.wp.com\/comoaprenderjapones.net\/wp-content\/uploads\/2017\/02\/Metodo_Fan_Art_desenhoaluno5.jpg?resize=516%2C546&#038;ssl=1\" alt=\"\" width=\"516\" height=\"546\" srcset=\"https:\/\/i0.wp.com\/comoaprenderjapones.net\/wp-content\/uploads\/2017\/02\/Metodo_Fan_Art_desenhoaluno5.jpg?w=516&amp;ssl=1 516w, https:\/\/i0.wp.com\/comoaprenderjapones.net\/wp-content\/uploads\/2017\/02\/Metodo_Fan_Art_desenhoaluno5.jpg?resize=284%2C300&amp;ssl=1 284w\" sizes=\"(max-width: 516px) 100vw, 516px\" \/><\/p>\n<p>La testimonianza di Mika sul metodo delle fan art.<\/p>\n<p><\/div><\/div><\/div><div class=\"clear\"><\/div>\n\n\n\n<h2 class=\"wp-block-heading\">Il metodo Fan Art funziona?<\/h2>\n\n\n\n<p>Di sicuro! Se hai visto il <a href=\"https:\/\/comoaprenderjapones.net\/it\/metodo-fan-art\/#depoimentos-dos-alunos\">testimonianze degli studenti<\/a> gi\u00e0 notato che oltre a passare in modo semplice e molto didattico, Mayara Rodrigues sa di cosa sta parlando\/facendo.<\/p>\n\n\n\n<p>Guarderai video lezioni suddivise in moduli in modo da evolvere e mettere in pratica tutto ci\u00f2 che hai imparato facilmente e senza perdere molto tempo.<\/p>\n\n\n\n<p>Sei convinto che anche se non hai mai disegnato prima, puoi praticamente imparare le tecniche per iniziare a disegnare personaggi anime ora?!<\/p>\n\n\n\n<p class=\"has-text-align-center\"><a class=\"fasc-button fasc-size-large fasc-type-glossy fasc-rounded-medium ico-fa fasc-ico-before fa-share-square-o\" style=\"background-color: #48aa3f; color: #ffffff;\" target=\"_blank\" rel=\"nofollow noopener\" href=\"https:\/\/comoaprenderjapones.net\/it\/in\/conheca-o-metodo-fan-art\/\">Scopri il Metodo ORA e perch\u00e9 \u00e8 cos\u00ec popolare oggi!<\/a><\/p>\n\n\n\n<h2 class=\"wp-block-heading\">Domande comuni<\/h2>\n\n\n<div id=\"rank-math-faq\" class=\"rank-math-block\">\n<div class=\"rank-math-list\">\n<div id=\"faq-question-1662400697637\" class=\"rank-math-list-item\">\n<h3 class=\"rank-math-question\"><strong>Il corso funziona per me?<\/strong><\/h3>\n<div class=\"rank-math-answer\">\n\n<p>Se hai 8 anni, 16 o anche 40 anni (non importa quale et\u00e0) e vuoi imparare a disegnare personaggi di anime e manga, allora questo corso fa per te!<\/p>\n\n<\/div>\n<\/div>\n<div id=\"faq-question-1662400711600\" class=\"rank-math-list-item\">\n<h3 class=\"rank-math-question\"><strong>Cosa c&#039;\u00e8 nel metodo Fan Art?<\/strong><\/h3>\n<div class=\"rank-math-answer\">\n\n<p>Ci sono pi\u00f9 di 35 lezioni video pi\u00f9 audio e testi.<\/p>\n\n<\/div>\n<\/div>\n<div id=\"faq-question-1662400722590\" class=\"rank-math-list-item\">\n<h3 class=\"rank-math-question\"><strong>Qual \u00e8 il periodo di accesso al corso?<\/strong><\/h3>\n<div class=\"rank-math-answer\">\n\n<p>L&#039;accesso \u00e8 a vita, cio\u00e8 a tempo indeterminato.<\/p>\n\n<\/div>\n<\/div>\n<div id=\"faq-question-1662400736069\" class=\"rank-math-list-item\">\n<h3 class=\"rank-math-question\"><strong>Posso pagare il corso a rate?<\/strong><\/h3>\n<div class=\"rank-math-answer\">\n\n<p>S\u00ec, puoi pagare il corso Fan Art 3.0 Method fino a 10 rate sulla tua carta di credito. Puoi anche usare 2 carte di credito se vuoi.<\/p>\n\n<\/div>\n<\/div>\n<div id=\"faq-question-1662400747920\" class=\"rank-math-list-item\">\n<h3 class=\"rank-math-question\"><strong>\u00c8 sicuro acquistare il metodo Fan Art?<\/strong><\/h3>\n<div class=\"rank-math-answer\">\n\n<p>S\u00ec, \u00e8 usato\u00a0<a href=\"https:\/\/comoaprenderjapones.net\/it\/in\/comprar-metodo-fan-art-3-0-ck\/\" target=\"_blank\" rel=\"noreferrer noopener\">Piattaforma Hotmart per effettuare il pagamento<\/a>\u00a0che \u00e8 molto sicuro.<\/p>\n\n<\/div>\n<\/div>\n<div id=\"faq-question-1662400768520\" class=\"rank-math-list-item\">\n<h3 class=\"rank-math-question\"><strong>Dove posso chiarire i miei dubbi?<\/strong><\/h3>\n<div class=\"rank-math-answer\">\n\n<p>Ha un supporto tramite Whatsapp per rispondere alle tue domande.<\/p>\n\n<\/div>\n<\/div>\n<div id=\"faq-question-1662400782852\" class=\"rank-math-list-item\">\n<h3 class=\"rank-math-question\"><strong>Ho bisogno di qualcosa per il corso?<\/strong><\/h3>\n<div class=\"rank-math-answer\">\n\n<p>Una connessione a Internet e cose semplici come le matite tra le altre che verranno mostrate nel corso.<\/p>\n\n<\/div>\n<\/div>\n<div id=\"faq-question-1662400805354\" class=\"rank-math-list-item\">\n<h3 class=\"rank-math-question\"><strong>Il corso \u00e8 certificato?<\/strong><\/h3>\n<div class=\"rank-math-answer\">\n\n<p>S\u00ec, hai un certificato di completamento del corso.<\/p>\n\n<\/div>\n<\/div>\n<div id=\"faq-question-1662400813086\" class=\"rank-math-list-item\">\n<h3 class=\"rank-math-question\"><strong>Il corso \u00e8 garantito?<\/strong><\/h3>\n<div class=\"rank-math-answer\">\n\n<p>S\u00ec, la garanzia \u00e8 incondizionata per 7 giorni quindi se il corso non ti piace puoi chiedere il rimborso, con un rimborso completo.<\/p>\n\n<\/div>\n<\/div>\n<\/div>\n<\/div>\n\n\n<p><strong>Ti \u00e8 piaciuto il suggerimento? Condividi con i tuoi amici cliccando i pulsanti qui sotto!<\/strong><\/p>\n\n<div style=\"font-size: 0px; height: 0px; line-height: 0px; margin: 0; padding: 0; clear: both;\"><\/div>","protected":false},"excerpt":{"rendered":"<p>Aprenda a como desenhar personagem de animes mesmo sem ter o \u201cdom\u201d passo a passo com o m\u00e9todo fan art 3.0 criado pela Mayara Rodrigues.\u00a0 Quem gosta da cultura japonesa, principalmente pelos animes, mangas j\u00e1<\/p>","protected":false},"author":1,"featured_media":3028,"parent":0,"menu_order":0,"comment_status":"closed","ping_status":"closed","template":"","meta":{"footnotes":""},"class_list":["post-904","page","type-page","status-publish","has-post-thumbnail"],"jetpack-related-posts":[{"id":94,"url":"https:\/\/comoaprenderjapones.net\/it\/online-programma-giapponese\/","url_meta":{"origin":904,"position":0},"title":"Programma giapponese online + Evento intensivo giapponese gratuito","author":"Rafael Avelino","date":"20 de Ottobre de 2014","format":false,"excerpt":"Conhe\u00e7a o curso de japon\u00eas Programa Japon\u00eas Online do Sensei Luiz Rafael! \u3053\u3093\u306b\u3061\u306f! Est\u00e1 procurando um m\u00e9todo eficiente que te ensine do ZERO a ter um n\u00edvel de flu\u00eancia que possa consumir conte\u00fados totalmente em japon\u00eas? O m\u00e9todo criado pelo Luiz Rafael j\u00e1 passou por muitas atualiza\u00e7\u00f5es e est\u00e1 no\u2026","rel":"","context":"Articolo simile","block_context":{"text":"Articolo simile","link":""},"img":{"alt_text":"Programa Japon\u00eas Online - Intensiv\u00e3o de japon\u00eas","src":"https:\/\/i0.wp.com\/comoaprenderjapones.net\/wp-content\/uploads\/2021\/01\/programa-japones-online-intensivao-de-japones-2021.jpg?fit=1200%2C932&ssl=1&resize=350%2C200","width":350,"height":200,"srcset":"https:\/\/i0.wp.com\/comoaprenderjapones.net\/wp-content\/uploads\/2021\/01\/programa-japones-online-intensivao-de-japones-2021.jpg?fit=1200%2C932&ssl=1&resize=350%2C200 1x, https:\/\/i0.wp.com\/comoaprenderjapones.net\/wp-content\/uploads\/2021\/01\/programa-japones-online-intensivao-de-japones-2021.jpg?fit=1200%2C932&ssl=1&resize=525%2C300 1.5x, https:\/\/i0.wp.com\/comoaprenderjapones.net\/wp-content\/uploads\/2021\/01\/programa-japones-online-intensivao-de-japones-2021.jpg?fit=1200%2C932&ssl=1&resize=700%2C400 2x, https:\/\/i0.wp.com\/comoaprenderjapones.net\/wp-content\/uploads\/2021\/01\/programa-japones-online-intensivao-de-japones-2021.jpg?fit=1200%2C932&ssl=1&resize=1050%2C600 3x"},"classes":[]},{"id":35,"url":"https:\/\/comoaprenderjapones.net\/it\/su\/","url_meta":{"origin":904,"position":1},"title":"SU","author":"Rafael Avelino","date":"24 de Agosto de 2014","format":false,"excerpt":"Ol\u00e1 Minna! Sou Rafael admin deste site, como vai? Muito obrigado por visitar este site que pretende passar dicas de como aprender japon\u00eas para quem est\u00e1 iniciando, assim como eu. Vamos tentar abordar tudo que possa ajudar no seu aprendizado do idioma japon\u00eas, que vai desde animes,m\u00fasicas,mangas e tamb\u00e9m o\u2026","rel":"","context":"Articolo simile","block_context":{"text":"Articolo simile","link":""},"img":{"alt_text":"","src":"","width":0,"height":0},"classes":[]},{"id":860,"url":"https:\/\/comoaprenderjapones.net\/it\/corso-di-giapponese-express-online-japones\/","url_meta":{"origin":904,"position":2},"title":"Japanese Express: Corso di giapponese online","author":"Rafael Avelino","date":"14 de Novembre de 2016","format":false,"excerpt":"Conhe\u00e7a curso online japon\u00eas expresso promete te ajudar a sair do zero no idioma japon\u00eas e tamb\u00e9m para quem tem viagem marcada para o Jap\u00e3o. CURSO N\u00c3O EST\u00c1 DISPONIVEL. Conhe\u00e7a o curso Completo do Sensei Luiz Rafael o ???? Programa Japon\u00eas Online! Quem gosta da cultura japonesa, seja animes, mangas,\u2026","rel":"","context":"Articolo simile","block_context":{"text":"Articolo simile","link":""},"img":{"alt_text":"Japon\u00eas Expresso curso online de japon\u00eas","src":"https:\/\/i0.wp.com\/comoaprenderjapones.net\/wp-content\/uploads\/2016\/11\/Japones_Expresso.jpg?fit=1200%2C696&ssl=1&resize=350%2C200","width":350,"height":200,"srcset":"https:\/\/i0.wp.com\/comoaprenderjapones.net\/wp-content\/uploads\/2016\/11\/Japones_Expresso.jpg?fit=1200%2C696&ssl=1&resize=350%2C200 1x, https:\/\/i0.wp.com\/comoaprenderjapones.net\/wp-content\/uploads\/2016\/11\/Japones_Expresso.jpg?fit=1200%2C696&ssl=1&resize=525%2C300 1.5x, https:\/\/i0.wp.com\/comoaprenderjapones.net\/wp-content\/uploads\/2016\/11\/Japones_Expresso.jpg?fit=1200%2C696&ssl=1&resize=700%2C400 2x, https:\/\/i0.wp.com\/comoaprenderjapones.net\/wp-content\/uploads\/2016\/11\/Japones_Expresso.jpg?fit=1200%2C696&ssl=1&resize=1050%2C600 3x"},"classes":[]}],"jetpack_sharing_enabled":true,"amp_enabled":true,"_links":{"self":[{"href":"https:\/\/comoaprenderjapones.net\/it\/wp-json\/wp\/v2\/pages\/904","targetHints":{"allow":["GET"]}}],"collection":[{"href":"https:\/\/comoaprenderjapones.net\/it\/wp-json\/wp\/v2\/pages"}],"about":[{"href":"https:\/\/comoaprenderjapones.net\/it\/wp-json\/wp\/v2\/types\/page"}],"author":[{"embeddable":true,"href":"https:\/\/comoaprenderjapones.net\/it\/wp-json\/wp\/v2\/users\/1"}],"replies":[{"embeddable":true,"href":"https:\/\/comoaprenderjapones.net\/it\/wp-json\/wp\/v2\/comments?post=904"}],"version-history":[{"count":0,"href":"https:\/\/comoaprenderjapones.net\/it\/wp-json\/wp\/v2\/pages\/904\/revisions"}],"wp:featuredmedia":[{"embeddable":true,"href":"https:\/\/comoaprenderjapones.net\/it\/wp-json\/wp\/v2\/media\/3028"}],"wp:attachment":[{"href":"https:\/\/comoaprenderjapones.net\/it\/wp-json\/wp\/v2\/media?parent=904"}],"curies":[{"name":"wp","href":"https:\/\/api.w.org\/{rel}","templated":true}]}}