{"id":94,"date":"2014-10-20T14:59:33","date_gmt":"2014-10-20T16:59:33","guid":{"rendered":"https:\/\/comoaprenderjapones.net\/?page_id=94"},"modified":"2022-02-07T19:04:36","modified_gmt":"2022-02-07T22:04:36","slug":"online-programma-giapponese","status":"publish","type":"page","link":"https:\/\/comoaprenderjapones.net\/it\/programa-japones-online\/","title":{"rendered":"Programma giapponese online + Evento intensivo giapponese gratuito"},"content":{"rendered":"<div class=\"b90023dad251dedb8a0865048b70eb84\" data-index=\"2\" style=\"float: none; margin:0px;\">\n<script async src=\"https:\/\/pagead2.googlesyndication.com\/pagead\/js\/adsbygoogle.js?client=ca-pub-0652292147574552\"\r\n     crossorigin=\"anonymous\"><\/script>\r\n<!-- Ads responsivo Inicio Post CAJap -->\r\n<ins class=\"adsbygoogle\"\r\n     style=\"display:block\"\r\n     data-ad-client=\"ca-pub-0652292147574552\"\r\n     data-ad-slot=\"3298668993\"\r\n     data-ad-format=\"auto\"><\/ins>\r\n<script>\r\n     (adsbygoogle = window.adsbygoogle || []).push({});\r\n<\/script>\n<\/div>\n\n<p><em>Scopri il corso di giapponese <strong>Programma online giapponese<\/strong> di Sensei Luiz Rafael!<\/em><\/p>\n\n\n\n<p>\u3053\u3093\u306b\u3061\u306f! Stai cercando un metodo efficiente che ti insegni da ZERO a un livello di fluidit\u00e0 che possa consumare contenuti interamente in giapponese?<\/p>\n\n\n\n<p>Il metodo creato da Luiz Rafael ha subito molti aggiornamenti ed \u00e8 sul mercato da anni e attualmente (2021) \u00e8 uno dei migliori e pi\u00f9 completi corsi di giapponese online.<\/p>\n\n\n\n<p class=\"has-background\" style=\"background-color:#fff2f2\"><strong>Riepilogo articolo<br \/><\/strong><a href=\"#lingua-japonesa\">la lingua giapponese<br \/><\/a><a href=\"#quem-e-luiz-rafael\">Chi \u00e8 Luiz Rafael?<br \/><\/a><a href=\"#programa-japones-online\">Programma online giapponese<br \/><\/a><a href=\"#depoimento-aluno\">Testimonianza online degli studenti del programma giapponese<br \/><\/a><a href=\"#intensivao-japones\">Intensivo giapponese<br \/><\/a><a href=\"#abertura-vagas\">Come funziona l&#039;apertura di posti di lavoro?<\/a><\/p>\n\n\n\n<p>Se ti piace la cultura giapponese per via degli anime, dei Tokusatsu, dei manga e dei film, questa \u00e8 una buona ragione per iniziare a guardarli senza sottotitoli.<\/p>\n\n\n\n<p>Non devono essere necessariamente questi, ma viaggiare, vivere, studiare in Giappone \u00e8 anche un&#039;ottima ragione per voler imparare la lingua giapponese.<\/p>\n\n\n\n<p>Non importa cosa, se hai deciso di imparare la lingua giapponese, questo corso pu\u00f2 aiutarti a raggiungere questo obiettivo.<\/p>\n\n\n\n<h2 class=\"wp-block-heading\" id=\"lingua-japonesa\"><span style=\"color: #e5141b;\">la lingua giapponese<\/span><\/h2>\n\n\n\n<p><strong>impara il giapponese<\/strong> Non deve essere cos\u00ec difficile come molti, persino me stesso, immaginano. Conoscere il modo giusto di studiare ti rende molto pi\u00f9 facile imparare.<\/p>\n\n\n\n<p>Evidentemente il <a href=\"https:\/\/pt.wikipedia.org\/wiki\/L%C3%ADngua_japonesa\" target=\"_blank\" rel=\"noopener noreferrer\">lingua giapponese<\/a> non \u00e8 come se dovessimo imparare l&#039;inglese, perch\u00e9 nella lingua inglese abbiamo gi\u00e0 familiarit\u00e0 con le parole, senza contare che ne usiamo tante nella vita di tutti i giorni, e con molte pronunce.<\/p>\n\n\n\n<p>In giapponese, devi assolutamente ricominciare da zero per raggiungere la fluidit\u00e0 che hai sempre sognato. Ci\u00f2 che &quot;difficile&quot; anche per i principianti \u00e8 l&#039;alfabeto\/ideogramma giapponese, che sono tre:<\/p>\n\n\n\n<ul class=\"wp-block-list\"><li>Hiragana con 46 caratteri.<\/li><li>Katakana con 46 caratteri.<\/li><li>Kanji che ha migliaia di ideogrammi, ma i pi\u00f9 usati sono circa 2500 kanji.<\/li><\/ul>\n\n\n\n<p>Abbiamo anche romaji che ci aiuta a leggere e pronunciare correttamente gli ideogrammi e furigana che di solito \u00e8 scritto in hiragana e si trova sopra il kanji che descrive come viene pronunciato.<\/p>\n\n\n\n<p>Non deve essere cos\u00ec complicato imparare il nihongo, come il <a href=\"https:\/\/comoaprenderjapones.net\/it\/in\/aprenda-nihongo\/\" target=\"_blank\" rel=\"noreferrer noopener\">Sensei Luiz Rafael<\/a> dice che dobbiamo fare molti input, cio\u00e8 tutto ci\u00f2 che riceviamo \u00e8 leggere, ascoltare.<\/p>\n\n\n<div class=\"gb-button-wrapper gb-button-wrapper-9eef6438\">\n\n<a class=\"gb-button gb-button-62a4c394 gb-button-text\" href=\"https:\/\/comoaprenderjapones.net\/it\/in\/aprenda-nihongo\/\" target=\"_blank\" rel=\"nofollow noopener noreferrer\">Scopri di pi\u00f9 sul programma cliccando qui!<\/a>\n\n<\/div>\n\n\n<h2 class=\"wp-block-heading\" id=\"quem-e-luiz-rafael\"><span style=\"color: #e5141b;\">Chi \u00e8 \u5148\u751f Luiz Rafael?<\/span><\/h2>\n\n\n\n<div class=\"wp-block-image\"><figure class=\"alignleft\"><img data-recalc-dims=\"1\" decoding=\"async\" width=\"371\" height=\"267\" src=\"https:\/\/i0.wp.com\/comoaprenderjapones.net\/wp-content\/uploads\/2014\/10\/Luiz_Rafael_Programa_Japones_Online.png?resize=371%2C267&#038;ssl=1\" alt=\"Luiz Rafael creatore del programma online giapponese\" class=\"wp-image-95\" title=\"Programma online giapponese\" srcset=\"https:\/\/i0.wp.com\/comoaprenderjapones.net\/wp-content\/uploads\/2014\/10\/Luiz_Rafael_Programa_Japones_Online.png?w=371&amp;ssl=1 371w, https:\/\/i0.wp.com\/comoaprenderjapones.net\/wp-content\/uploads\/2014\/10\/Luiz_Rafael_Programa_Japones_Online.png?resize=300%2C215&amp;ssl=1 300w\" sizes=\"(max-width: 371px) 100vw, 371px\" \/><figcaption><strong>Luiz Rafael<\/strong> creatore del programma giapponese online<\/figcaption><\/figure><\/div>\n\n\n\n<p>Luiz \u00e8 stata una delle migliaia di persone che da adolescente ha iniziato a suscitare interesse per la cultura giapponese, manga, anime, film, e ha deciso che avrebbe imparato il giapponese.<\/p>\n\n\n\n<p>Come la stragrande maggioranza, ha iniziato nel modo sbagliato, credendo di raggiungere la scioltezza, ma non ha ottenuto risultati soddisfacenti frequentando i corsi in presenza.<\/p>\n\n\n\n<p>Fu allora che cerc\u00f2 un modo giusto per imparare una nuova lingua, e il meglio lo mise in pratica per vedere se funzionava davvero.<\/p>\n\n\n\n<p>La cosa sorprendente \u00e8 che ha avuto successo con questo metodo e ha raggiunto il suo obiettivo di parlare fluentemente giapponese.<\/p>\n\n\n\n<h2 class=\"has-text-align-left wp-block-heading\" id=\"programa-japones-online\"><span style=\"color: #e5141b;\">Programma online giapponese<\/span><\/h2>\n\n\n\n<p>Pensando a questo bisogno e alla frustrazione di migliaia di persone che vogliono imparare il nihongo, Sensei ha deciso di farlo <a href=\"https:\/\/comoaprenderjapones.net\/it\/in\/aprenda-nihongo\/\" target=\"_blank\" rel=\"noreferrer noopener\">creare un corso di giapponese online<\/a> in modo da imparare molto pi\u00f9 efficientemente.<\/p>\n\n\n\n<p>Il metodo sviluppato da Sensei Luiz Rafael \u00e8 estremamente efficiente. Uno dei pilastri \u00e8 che devi prima imparare a leggere per iniziare a dare molti input. Imparando hiragana e katakana puoi iniziare a leggere manga, libri, siti web.<\/p>\n\n\n\n<p>Oltre al fatto che la modalit\u00e0 di insegnamento di Sensei \u00e8 molto migliore della maggior parte, otterrai un supporto eccellente. Non ti lascia scoraggiare, ti mander\u00e0 sempre notizie, storie, motivazioni per non smettere di studiare per raggiungere il tuo obiettivo.<\/p>\n\n\n\n<p>Il corso non \u00e8 incentrato sulla grammatica, impari al tuo ritmo su un sito chiuso solo per gli studenti e un portale della community.<\/p>\n\n\n\n<h3 class=\"wp-block-heading\" id=\"depoimento-aluno\"><span style=\"color: #e5141b;\">Testimonianza: studente del programma giapponese online<\/span><\/h3>\n\n\n\n<p>Di seguito vedrai la sincera dichiarazione di Lu\u00eds Eduardo Nunes sul corso e l&#039;importanza di prendere sul serio gli studi, oltre al metodo di Luiz, che \u00e8 pi\u00f9 di un <a href=\"https:\/\/comoaprenderjapones.net\/it\/online-programma-giapponese\/\">Corso di giapponese<\/a> e il modo pi\u00f9 efficiente per studiare una lingua, guarda:<\/p>\n\n\n\n<figure class=\"wp-block-embed is-type-video is-provider-youtube wp-block-embed-youtube wp-embed-aspect-16-9 wp-has-aspect-ratio\"><div class=\"wp-block-embed__wrapper\">\n<iframe title=\"L&#039;importanza di come studiare il giapponese (Lu\u00eds Eduardo Nunes) | Programma online giapponese\" width=\"1200\" height=\"675\" src=\"https:\/\/www.youtube.com\/embed\/xwTbhm8ASq4?feature=oembed\" frameborder=\"0\" allow=\"accelerometer; autoplay; clipboard-write; encrypted-media; gyroscope; picture-in-picture\" allowfullscreen><\/iframe>\n<\/div><figcaption>Testimonianza di Eduardo Nunes \u2013 Programma giapponese online<\/figcaption><\/figure>\n\n\n\n<p>Come era prevedibile <a href=\"https:\/\/comoaprenderjapones.net\/it\/in\/aprenda-nihongo\/\" target=\"_blank\" rel=\"noreferrer noopener\">Il programma giapponese online ha posti limitati<\/a> affinch\u00e9 Sensei possa prestare la dovuta attenzione a tutti e chiarire i loro dubbi.<\/p>\n\n\n\n<h2 class=\"wp-block-heading\" id=\"intensivao-japones\"><span style=\"color: #e5141b;\">Intensivo giapponese<\/span><\/h2>\n\n\n\n<p>Ogni anno circa due volte (o pi\u00f9) Luiz Rafael tiene l&#039;evento chiamato <strong>Intensivo giapponese<\/strong> in cui, attraverso un mini-corso gratuito, presenta la sua metodologia per imparare il giapponese in modo pi\u00f9 semplice ed efficiente.<\/p>\n\n\n\n<p>Finora, ci sono gi\u00e0 state alcune intensit\u00e0 della lingua giapponese, per scoprire la prossima, giusto <a href=\"https:\/\/comoaprenderjapones.net\/it\/in\/aprenda-nihongo\/\" target=\"_blank\" rel=\"noreferrer noopener\">clicca qui<\/a>!<\/p>\n\n\n\n<p><em>Ricordando che questo evento si verifica solo poche volte all&#039;anno e potrebbe essere che a seconda di quando stai leggendo questo articolo \u00e8 gi\u00e0 terminato.<\/em><\/p>\n\n\n\n<div class=\"wp-block-image\"><figure class=\"aligncenter size-large\"><img data-recalc-dims=\"1\" decoding=\"async\" width=\"1024\" height=\"318\" src=\"https:\/\/i0.wp.com\/comoaprenderjapones.net\/wp-content\/uploads\/2021\/01\/Intensivao-japones-2021-janeiro.jpg?resize=1024%2C318&#038;ssl=1\" alt=\"Giapponese intensivo del programma giapponese online\" class=\"wp-image-3146\" srcset=\"https:\/\/i0.wp.com\/comoaprenderjapones.net\/wp-content\/uploads\/2021\/01\/Intensivao-japones-2021-janeiro.jpg?resize=1024%2C318&amp;ssl=1 1024w, https:\/\/i0.wp.com\/comoaprenderjapones.net\/wp-content\/uploads\/2021\/01\/Intensivao-japones-2021-janeiro.jpg?resize=300%2C93&amp;ssl=1 300w, https:\/\/i0.wp.com\/comoaprenderjapones.net\/wp-content\/uploads\/2021\/01\/Intensivao-japones-2021-janeiro.jpg?resize=768%2C239&amp;ssl=1 768w, https:\/\/i0.wp.com\/comoaprenderjapones.net\/wp-content\/uploads\/2021\/01\/Intensivao-japones-2021-janeiro.jpg?resize=150%2C47&amp;ssl=1 150w, https:\/\/i0.wp.com\/comoaprenderjapones.net\/wp-content\/uploads\/2021\/01\/Intensivao-japones-2021-janeiro.jpg?w=1045&amp;ssl=1 1045w\" sizes=\"(max-width: 1024px) 100vw, 1024px\" \/><figcaption>Giapponese intensivo del programma giapponese online<\/figcaption><\/figure><\/div>\n\n\n\n<p>Non dovrai pi\u00f9 cercare su Internet come imparare il giapponese, con il programma giapponese online avrai un sito chiuso per soli membri con lezioni video, dispense, audio e molto altro!<br \/><\/p>\n\n\n\n<p>Riceverai una serie di video gratuiti che raccontano la storia e il metodo utilizzato da \u305b\u3093\u305b\u3044 Luiz Rafael e il suo viaggio per raggiungere la fluidit\u00e0 in nihongo.<\/p>\n\n\n\n<h3 class=\"wp-block-heading\" id=\"abertura-vagas\"><span style=\"color: #e5141b;\">Come funziona il posto vacante del programma giapponese online?<\/span><\/h3>\n\n\n\n<p>Se hai seguito la settimana NIHONGO, che di solito dura 1 settimana o pi\u00f9, viene mostrato come Luiz insegna con la sua metodologia e anche come funzioner\u00e0 il supporto<\/p>\n\n\n\n<p>Il corso dura 9 mesi, ma ottieni altri 9 mesi per un totale di 18 mesi di accesso al corso pi\u00f9 supporto completo per chiarire tutti i tuoi dubbi con il team.<\/p>\n\n\n\n<p>Il programma ha anche un numero limitato di posti in modo che sia possibile fornire un supporto di eccellente qualit\u00e0 a ogni studente.<\/p>\n\n\n\n<p>Ricordando che i posti vacanti di solito terminano in 2 giorni e sono aperti anche fino a un massimo di 3 giorni, ma i posti vacanti sono esauriti prima dell&#039;ultimo giorno.<\/p>\n\n\n\n<p>Se sei interessato ad imparare il giapponese con la migliore metodologia in Brasile, clicca sul pulsante qui sotto:<\/p>\n\n\n<div class=\"gb-button-wrapper gb-button-wrapper-f4deca25\">\n\n<a class=\"gb-button gb-button-7aa7f773 gb-button-text\" href=\"https:\/\/comoaprenderjapones.net\/it\/in\/aprenda-nihongo\/\" target=\"_blank\" rel=\"nofollow noopener noreferrer\">Scopri come funzionano le offerte di lavoro cliccando qui!<\/a>\n\n<\/div>\n\n\n<p><strong>\u9811\u5f35\u3063\u3066<\/strong>!<\/p>\n\n<div style=\"font-size: 0px; height: 0px; line-height: 0px; margin: 0; padding: 0; clear: both;\"><\/div>","protected":false},"excerpt":{"rendered":"<p>Conhe\u00e7a o curso de japon\u00eas Programa Japon\u00eas Online do Sensei Luiz Rafael! \u3053\u3093\u306b\u3061\u306f! Est\u00e1 procurando um m\u00e9todo eficiente que te ensine do ZERO a ter um n\u00edvel de flu\u00eancia que possa consumir conte\u00fados totalmente em<\/p>","protected":false},"author":1,"featured_media":3155,"parent":0,"menu_order":0,"comment_status":"closed","ping_status":"closed","template":"","meta":{"footnotes":""},"class_list":["post-94","page","type-page","status-publish","has-post-thumbnail"],"jetpack-related-posts":[{"id":860,"url":"https:\/\/comoaprenderjapones.net\/it\/japones-expresso-curso-online-japones\/","url_meta":{"origin":94,"position":0},"title":"Japanese Express: Corso di giapponese online","author":"Rafael Avelino","date":"14 de Novembre de 2016","format":false,"excerpt":"Conhe\u00e7a curso online japon\u00eas expresso promete te ajudar a sair do zero no idioma japon\u00eas e tamb\u00e9m para quem tem viagem marcada para o Jap\u00e3o. CURSO N\u00c3O EST\u00c1 DISPONIVEL. Conhe\u00e7a o curso Completo do Sensei Luiz Rafael o ???? Programa Japon\u00eas Online! Quem gosta da cultura japonesa, seja animes, mangas,\u2026","rel":"","context":"Articolo simile","block_context":{"text":"Articolo simile","link":""},"img":{"alt_text":"Japon\u00eas Expresso curso online de japon\u00eas","src":"https:\/\/i0.wp.com\/comoaprenderjapones.net\/wp-content\/uploads\/2016\/11\/Japones_Expresso.jpg?fit=1200%2C696&ssl=1&resize=350%2C200","width":350,"height":200,"srcset":"https:\/\/i0.wp.com\/comoaprenderjapones.net\/wp-content\/uploads\/2016\/11\/Japones_Expresso.jpg?fit=1200%2C696&ssl=1&resize=350%2C200 1x, https:\/\/i0.wp.com\/comoaprenderjapones.net\/wp-content\/uploads\/2016\/11\/Japones_Expresso.jpg?fit=1200%2C696&ssl=1&resize=525%2C300 1.5x, https:\/\/i0.wp.com\/comoaprenderjapones.net\/wp-content\/uploads\/2016\/11\/Japones_Expresso.jpg?fit=1200%2C696&ssl=1&resize=700%2C400 2x, https:\/\/i0.wp.com\/comoaprenderjapones.net\/wp-content\/uploads\/2016\/11\/Japones_Expresso.jpg?fit=1200%2C696&ssl=1&resize=1050%2C600 3x"},"classes":[]},{"id":4016,"url":"https:\/\/comoaprenderjapones.net\/it\/curso-japones-club-por-skdesu\/","url_meta":{"origin":94,"position":1},"title":"Curso Japon\u00eas Club por Skdesu","author":"Rafael Avelino","date":"2 de Febbraio de 2023","format":false,"excerpt":"Advertorial Aprenda a L\u00edngua Japonesa com o Curso Japon\u00eas Club e Tenha a solu\u00e7\u00e3o definitiva para superar qualquer desafio! Mang\u00e1 Death Note Olha s\u00f3 o que voc\u00ea tem no Curso Japon\u00eas Club! + de 140 v\u00eddeo aulas em Alta Defini\u00e7\u00e3o Jogos e Atividades Interativas Pagamento \u00danico (N\u00e3o tem Mensalidades) Acesso\u2026","rel":"","context":"Articolo simile","block_context":{"text":"Articolo simile","link":""},"img":{"alt_text":"","src":"https:\/\/i0.wp.com\/comoaprenderjapones.net\/wp-content\/uploads\/2023\/02\/japones-club-advertorial.jpg?fit=1023%2C499&ssl=1&resize=350%2C200","width":350,"height":200,"srcset":"https:\/\/i0.wp.com\/comoaprenderjapones.net\/wp-content\/uploads\/2023\/02\/japones-club-advertorial.jpg?fit=1023%2C499&ssl=1&resize=350%2C200 1x, https:\/\/i0.wp.com\/comoaprenderjapones.net\/wp-content\/uploads\/2023\/02\/japones-club-advertorial.jpg?fit=1023%2C499&ssl=1&resize=525%2C300 1.5x, https:\/\/i0.wp.com\/comoaprenderjapones.net\/wp-content\/uploads\/2023\/02\/japones-club-advertorial.jpg?fit=1023%2C499&ssl=1&resize=700%2C400 2x"},"classes":[]},{"id":35,"url":"https:\/\/comoaprenderjapones.net\/it\/sobre\/","url_meta":{"origin":94,"position":2},"title":"SU","author":"Rafael Avelino","date":"24 de Agosto de 2014","format":false,"excerpt":"Ol\u00e1 Minna! Sou Rafael admin deste site, como vai? Muito obrigado por visitar este site que pretende passar dicas de como aprender japon\u00eas para quem est\u00e1 iniciando, assim como eu. Vamos tentar abordar tudo que possa ajudar no seu aprendizado do idioma japon\u00eas, que vai desde animes,m\u00fasicas,mangas e tamb\u00e9m o\u2026","rel":"","context":"Articolo simile","block_context":{"text":"Articolo simile","link":""},"img":{"alt_text":"","src":"","width":0,"height":0},"classes":[]},{"id":179,"url":"https:\/\/comoaprenderjapones.net\/it\/mapa-site\/","url_meta":{"origin":94,"position":3},"title":"Mappa del sito","author":"Rafael Avelino","date":"31 de Gennaio de 2015","format":false,"excerpt":"Mapa do Site Veja todos os artigos publicados aqui no Como Aprender Japon\u00eas","rel":"","context":"Articolo simile","block_context":{"text":"Articolo simile","link":""},"img":{"alt_text":"","src":"","width":0,"height":0},"classes":[]},{"id":2786,"url":"https:\/\/comoaprenderjapones.net\/it\/acompanhe\/","url_meta":{"origin":94,"position":4},"title":"azione supplementare","author":"Rafael Avelino","date":"12 de Giugno de 2020","format":false,"excerpt":"Para n\u00e3o perder alguma novidade ou dica logo em seguida vou indicar v\u00e1rias op\u00e7\u00f5es para que voc\u00ea acompanhe o comoaprenderjapones.net da maneira que desejar e que mais goste. Acompanhe pelo Feed Um dos meios mais tradicionais para voc\u00ea receber as novidades instantaneamente quando algo \u00e9 publicado por aqui. Feed do\u2026","rel":"","context":"Articolo simile","block_context":{"text":"Articolo simile","link":""},"img":{"alt_text":"Acompanhe pelo Feedly o comoaprenderjapones.net","src":"https:\/\/i0.wp.com\/comoaprenderjapones.net\/wp-content\/uploads\/2020\/06\/feedly-follow.png?resize=350%2C200&ssl=1","width":350,"height":200},"classes":[]},{"id":9,"url":"https:\/\/comoaprenderjapones.net\/it\/politica-de-privacidade\/","url_meta":{"origin":94,"position":5},"title":"politica sulla riservatezza","author":"Rafael Avelino","date":"24 de Agosto de 2014","format":false,"excerpt":"Esta Pol\u00edtica de Privacidade foi elaborada visando zelar pela confidencialidade, privacidade e prote\u00e7\u00e3o dos dados pessoais dos visitantes deste site e dos usu\u00e1rios de nossos servi\u00e7os, protegendo essas informa\u00e7\u00f5es de perdas, uso impr\u00f3prio, acesso n\u00e3o autorizado, altera\u00e7\u00e3o e destrui\u00e7\u00e3o. 1. Coleta e Uso das Informa\u00e7\u00f5es O acesso a este Site\u2026","rel":"","context":"Articolo simile","block_context":{"text":"Articolo simile","link":""},"img":{"alt_text":"","src":"","width":0,"height":0},"classes":[]}],"jetpack_sharing_enabled":true,"amp_enabled":true,"_links":{"self":[{"href":"https:\/\/comoaprenderjapones.net\/it\/wp-json\/wp\/v2\/pages\/94","targetHints":{"allow":["GET"]}}],"collection":[{"href":"https:\/\/comoaprenderjapones.net\/it\/wp-json\/wp\/v2\/pages"}],"about":[{"href":"https:\/\/comoaprenderjapones.net\/it\/wp-json\/wp\/v2\/types\/page"}],"author":[{"embeddable":true,"href":"https:\/\/comoaprenderjapones.net\/it\/wp-json\/wp\/v2\/users\/1"}],"replies":[{"embeddable":true,"href":"https:\/\/comoaprenderjapones.net\/it\/wp-json\/wp\/v2\/comments?post=94"}],"version-history":[{"count":0,"href":"https:\/\/comoaprenderjapones.net\/it\/wp-json\/wp\/v2\/pages\/94\/revisions"}],"wp:featuredmedia":[{"embeddable":true,"href":"https:\/\/comoaprenderjapones.net\/it\/wp-json\/wp\/v2\/media\/3155"}],"wp:attachment":[{"href":"https:\/\/comoaprenderjapones.net\/it\/wp-json\/wp\/v2\/media?parent=94"}],"curies":[{"name":"wp","href":"https:\/\/api.w.org\/{rel}","templated":true}]}}