{"id":35,"date":"2014-08-24T22:16:39","date_gmt":"2014-08-24T22:16:39","guid":{"rendered":"https:\/\/comoaprenderjapones.net\/?page_id=35"},"modified":"2024-08-27T21:20:29","modified_gmt":"2024-08-28T00:20:29","slug":"%ec%95%bd","status":"publish","type":"page","link":"https:\/\/comoaprenderjapones.net\/ko\/sobre\/","title":{"rendered":"\uc57d"},"content":{"rendered":"<div class=\"056c8677dbd6af3d343cebe6181b1c29\" data-index=\"2\" style=\"float: none; margin:0px;\">\n<script async src=\"https:\/\/pagead2.googlesyndication.com\/pagead\/js\/adsbygoogle.js?client=ca-pub-0652292147574552\"\r\n     crossorigin=\"anonymous\"><\/script>\r\n<!-- Ads responsivo Inicio Post CAJap -->\r\n<ins class=\"adsbygoogle\"\r\n     style=\"display:block\"\r\n     data-ad-client=\"ca-pub-0652292147574552\"\r\n     data-ad-slot=\"3298668993\"\r\n     data-ad-format=\"auto\"><\/ins>\r\n<script>\r\n     (adsbygoogle = window.adsbygoogle || []).push({});\r\n<\/script>\n<\/div>\n<p>\uc548\ub155\ud558\uc138\uc694 \ubbf8\ub098\ub2d8!<\/p>\n<p>\uc800\ub294\uc774 \uc0ac\uc774\ud2b8\uc758 Rafael \uad00\ub9ac\uc790\uc785\ub2c8\ub2e4. \uc5b4\ub5bb\uac8c \uc9c0\ub0b4\uc2ed\ub2c8\uae4c?<\/p>\n<p>\ud301\uc744 \uc804\ub2ec\ud558\uace0 \uc2f6\uc740\uc774 \uc0ac\uc774\ud2b8\ub97c \ubc29\ubb38\ud574 \uc8fc\uc154\uc11c \ub300\ub2e8\ud788 \uac10\uc0ac\ud569\ub2c8\ub2e4. <a title=\"\uc77c\ubcf8\uc5b4\ub97c \ubc30\uc6b0\ub294 \ubc29\ubc95\" href=\"https:\/\/comoaprenderjapones.net\/ko\/%ec%9d%bc%eb%b3%b8%ec%96%b4-%ed%95%99%ec%8a%b5%eb%b2%95\/\">\uc77c\ubcf8\uc5b4\ub97c \ubc30\uc6b0\ub294 \ubc29\ubc95<\/a> \ub098 \uac19\uc740 \ucd08\ubcf4\uc790\ub97c \uc704\ud574.<\/p>\n<p>\uc6b0\ub9ac\ub294 \uc560\ub2c8\uba54\uc774\uc158, \uc74c\uc545, \ub9cc\ud654 \ubc0f \ubc30\uc6b0\ub294 \ud559\uc2b5\uc5d0 \ubd88\uacfc\ud55c \uc18d\uc9c4 \ud559\uc2b5\uc5d0 \uc774\ub974\uae30\uae4c\uc9c0 \uc77c\ubcf8\uc5b4\ub97c \ubc30\uc6b0\ub294 \ub370 \ub3c4\uc6c0\uc774 \ub420 \uc218 \uc788\ub294 \ubaa8\ub4e0 \uac83\uc744 \ub2e4\ub8e8\ub824\uace0 \ub178\ub825\ud560 \uac83\uc785\ub2c8\ub2e4.<\/p>\n<p>\uc120\uc0dd\ub2d8\uc758 \uad50\uc218\ubc95\uacfc \ub2c8\ud63c\uace0 \uc720\ucc3d\uc131\uc744 \ud5a5\ud55c \uc5ec\uc815\uc5d0\uc11c \uc81c\uac00 \ubc30\uc6b4 \uac83\uc744 \ubc14\ud0d5\uc73c\ub85c \ud569\ub2c8\ub2e4.<\/p>\n<p>\uae00\uc774\ub098 \uc81c\uac00 \ub4dc\ub9ac\ub294 \ud301 \uc911\uc5d0 \ud2c0\ub9b0 \ubd80\ubd84\uc774 \uc788\uc744 \uc218 \uc788\uc9c0\ub9cc, \uc2e4\uc218\ub97c \ud558\uc9c0 \uc54a\ub294 \ubd84\ub4e4\uc740 \uc81c\ub300\ub85c \uc774\ud574\uac00 \ub418\uc9c0 \uc54a\uc73c\uc2dc\uc8e0?<\/p>\n<p>\uc790\uc720\ub86d\uac8c <a title=\"\uc811\ucd09\" href=\"https:\/\/comoaprenderjapones.net\/ko\/%ec%a0%91%ec%b4%89\/\">\uc5f0\ub77d\ud558\ub2e4<\/a> \ud301, \uc81c\uc548 \ub610\ub294 \ud544\uc694\ud55c \uacbd\uc6b0 \uc800\ub97c \uc218\uc815\ud558\uae30 \uc704\ud574 \ud83d\ude42.<\/p>\n<p>\ubc29\ubb38\ud574 \uc8fc\uc154\uc11c \ub2e4\uc2dc \ud55c \ubc88 \uac10\uc0ac\ub4dc\ub9bd\ub2c8\ub2e4!<\/p>\n\n<div style=\"font-size: 0px; height: 0px; line-height: 0px; margin: 0; padding: 0; clear: both;\"><\/div>","protected":false},"excerpt":{"rendered":"<p>\uc548\ub155\ud558\uc138\uc694 \ubbfc\ub098, \uc800\ub294 \uc774 \uc0ac\uc774\ud2b8\uc758 \uad00\ub9ac\uc790\uc778 \ub77c\ud30c\uc5d8\uc785\ub2c8\ub2e4. \uc800\ucc98\ub7fc \uc77c\ubcf8\uc5b4\ub97c \ucc98\uc74c \uc2dc\uc791\ud558\ub294 \ubd84\ub4e4\uc5d0\uac8c \uc77c\ubcf8\uc5b4 \ud559\uc2b5 \ubc29\ubc95\uc5d0 \ub300\ud55c \ud301\uc744 \uc81c\uacf5\ud558\uace0\uc790\ud558\ub294\uc774 \uc0ac\uc774\ud2b8\ub97c \ubc29\ubb38\ud574 \uc8fc\uc154\uc11c \ub300\ub2e8\ud788 \uac10\uc0ac\ud569\ub2c8\ub2e4. \uc6b0\ub9ac\ub294 \ubaa8\ub4e0 \uac83\uc5d0 \uc811\uadfc\ud558\ub824\uace0 \ub178\ub825\ud560 \uac83\uc785\ub2c8\ub2e4<\/p>","protected":false},"author":1,"featured_media":0,"parent":0,"menu_order":0,"comment_status":"closed","ping_status":"closed","template":"","meta":{"footnotes":""},"class_list":["post-35","page","type-page","status-publish"],"jetpack-related-posts":[{"id":860,"url":"https:\/\/comoaprenderjapones.net\/ko\/japones-expresso-curso-online-japones\/","url_meta":{"origin":35,"position":0},"title":"Japan Express: \uc628\ub77c\uc778 \uc77c\ubcf8\uc5b4 \ucf54\uc2a4","author":"Rafael Avelino","date":"14 de 11\uc6d4 de 2016","format":false,"excerpt":"Conhe\u00e7a curso online japon\u00eas expresso promete te ajudar a sair do zero no idioma japon\u00eas e tamb\u00e9m para quem tem viagem marcada para o Jap\u00e3o. CURSO N\u00c3O EST\u00c1 DISPONIVEL. Conhe\u00e7a o curso Completo do Sensei Luiz Rafael o ???? Programa Japon\u00eas Online! Quem gosta da cultura japonesa, seja animes, mangas,\u2026","rel":"","context":"\uc720\uc0ac\ud55c \uae00","block_context":{"text":"\uc720\uc0ac\ud55c \uae00","link":""},"img":{"alt_text":"Japon\u00eas Expresso curso online de japon\u00eas","src":"https:\/\/i0.wp.com\/comoaprenderjapones.net\/wp-content\/uploads\/2016\/11\/Japones_Expresso.jpg?fit=1200%2C696&ssl=1&resize=350%2C200","width":350,"height":200,"srcset":"https:\/\/i0.wp.com\/comoaprenderjapones.net\/wp-content\/uploads\/2016\/11\/Japones_Expresso.jpg?fit=1200%2C696&ssl=1&resize=350%2C200 1x, https:\/\/i0.wp.com\/comoaprenderjapones.net\/wp-content\/uploads\/2016\/11\/Japones_Expresso.jpg?fit=1200%2C696&ssl=1&resize=525%2C300 1.5x, https:\/\/i0.wp.com\/comoaprenderjapones.net\/wp-content\/uploads\/2016\/11\/Japones_Expresso.jpg?fit=1200%2C696&ssl=1&resize=700%2C400 2x, https:\/\/i0.wp.com\/comoaprenderjapones.net\/wp-content\/uploads\/2016\/11\/Japones_Expresso.jpg?fit=1200%2C696&ssl=1&resize=1050%2C600 3x"},"classes":[]},{"id":2786,"url":"https:\/\/comoaprenderjapones.net\/ko\/acompanhe\/","url_meta":{"origin":35,"position":1},"title":"\ud6c4\uc18d \uc870\uce58","author":"Rafael Avelino","date":"12 de 6\uc6d4 de 2020","format":false,"excerpt":"Para n\u00e3o perder alguma novidade ou dica logo em seguida vou indicar v\u00e1rias op\u00e7\u00f5es para que voc\u00ea acompanhe o comoaprenderjapones.net da maneira que desejar e que mais goste. Acompanhe pelo Feed Um dos meios mais tradicionais para voc\u00ea receber as novidades instantaneamente quando algo \u00e9 publicado por aqui. Feed do\u2026","rel":"","context":"\uc720\uc0ac\ud55c \uae00","block_context":{"text":"\uc720\uc0ac\ud55c \uae00","link":""},"img":{"alt_text":"Acompanhe pelo Feedly o comoaprenderjapones.net","src":"https:\/\/i0.wp.com\/comoaprenderjapones.net\/wp-content\/uploads\/2020\/06\/feedly-follow.png?resize=350%2C200&ssl=1","width":350,"height":200},"classes":[]},{"id":94,"url":"https:\/\/comoaprenderjapones.net\/ko\/programa-japones-online\/","url_meta":{"origin":35,"position":2},"title":"\uc628\ub77c\uc778 \uc77c\ubcf8\uc5b4 \ud504\ub85c\uadf8\ub7a8 + \ubb34\ub8cc \uc77c\ubcf8\uc5b4 \uc9d1\uc911 \uc774\ubca4\ud2b8","author":"Rafael Avelino","date":"20 de 10\uc6d4 de 2014","format":false,"excerpt":"Conhe\u00e7a o curso de japon\u00eas Programa Japon\u00eas Online do Sensei Luiz Rafael! \u3053\u3093\u306b\u3061\u306f! Est\u00e1 procurando um m\u00e9todo eficiente que te ensine do ZERO a ter um n\u00edvel de flu\u00eancia que possa consumir conte\u00fados totalmente em japon\u00eas? O m\u00e9todo criado pelo Luiz Rafael j\u00e1 passou por muitas atualiza\u00e7\u00f5es e est\u00e1 no\u2026","rel":"","context":"\uc720\uc0ac\ud55c \uae00","block_context":{"text":"\uc720\uc0ac\ud55c \uae00","link":""},"img":{"alt_text":"Programa Japon\u00eas Online - Intensiv\u00e3o de japon\u00eas","src":"https:\/\/i0.wp.com\/comoaprenderjapones.net\/wp-content\/uploads\/2021\/01\/programa-japones-online-intensivao-de-japones-2021.jpg?fit=1200%2C932&ssl=1&resize=350%2C200","width":350,"height":200,"srcset":"https:\/\/i0.wp.com\/comoaprenderjapones.net\/wp-content\/uploads\/2021\/01\/programa-japones-online-intensivao-de-japones-2021.jpg?fit=1200%2C932&ssl=1&resize=350%2C200 1x, https:\/\/i0.wp.com\/comoaprenderjapones.net\/wp-content\/uploads\/2021\/01\/programa-japones-online-intensivao-de-japones-2021.jpg?fit=1200%2C932&ssl=1&resize=525%2C300 1.5x, https:\/\/i0.wp.com\/comoaprenderjapones.net\/wp-content\/uploads\/2021\/01\/programa-japones-online-intensivao-de-japones-2021.jpg?fit=1200%2C932&ssl=1&resize=700%2C400 2x, https:\/\/i0.wp.com\/comoaprenderjapones.net\/wp-content\/uploads\/2021\/01\/programa-japones-online-intensivao-de-japones-2021.jpg?fit=1200%2C932&ssl=1&resize=1050%2C600 3x"},"classes":[]},{"id":179,"url":"https:\/\/comoaprenderjapones.net\/ko\/mapa-site\/","url_meta":{"origin":35,"position":3},"title":"\uc0ac\uc774\ud2b8 \ub9f5","author":"Rafael Avelino","date":"31 de 1\uc6d4 de 2015","format":false,"excerpt":"Mapa do Site Veja todos os artigos publicados aqui no Como Aprender Japon\u00eas","rel":"","context":"\uc720\uc0ac\ud55c \uae00","block_context":{"text":"\uc720\uc0ac\ud55c \uae00","link":""},"img":{"alt_text":"","src":"","width":0,"height":0},"classes":[]},{"id":4016,"url":"https:\/\/comoaprenderjapones.net\/ko\/curso-japones-club-por-skdesu\/","url_meta":{"origin":35,"position":4},"title":"Curso Japon\u00eas Club por Skdesu","author":"Rafael Avelino","date":"2 de 2\uc6d4 de 2023","format":false,"excerpt":"Advertorial Aprenda a L\u00edngua Japonesa com o Curso Japon\u00eas Club e Tenha a solu\u00e7\u00e3o definitiva para superar qualquer desafio! Mang\u00e1 Death Note Olha s\u00f3 o que voc\u00ea tem no Curso Japon\u00eas Club! + de 140 v\u00eddeo aulas em Alta Defini\u00e7\u00e3o Jogos e Atividades Interativas Pagamento \u00danico (N\u00e3o tem Mensalidades) Acesso\u2026","rel":"","context":"\uc720\uc0ac\ud55c \uae00","block_context":{"text":"\uc720\uc0ac\ud55c \uae00","link":""},"img":{"alt_text":"","src":"https:\/\/i0.wp.com\/comoaprenderjapones.net\/wp-content\/uploads\/2023\/02\/japones-club-advertorial.jpg?fit=1023%2C499&ssl=1&resize=350%2C200","width":350,"height":200,"srcset":"https:\/\/i0.wp.com\/comoaprenderjapones.net\/wp-content\/uploads\/2023\/02\/japones-club-advertorial.jpg?fit=1023%2C499&ssl=1&resize=350%2C200 1x, https:\/\/i0.wp.com\/comoaprenderjapones.net\/wp-content\/uploads\/2023\/02\/japones-club-advertorial.jpg?fit=1023%2C499&ssl=1&resize=525%2C300 1.5x, https:\/\/i0.wp.com\/comoaprenderjapones.net\/wp-content\/uploads\/2023\/02\/japones-club-advertorial.jpg?fit=1023%2C499&ssl=1&resize=700%2C400 2x"},"classes":[]},{"id":904,"url":"https:\/\/comoaprenderjapones.net\/ko\/metodo-fan-art\/","url_meta":{"origin":35,"position":5},"title":"\ud32c\uc544\ud2b8 \ubc29\ubc95 3.0 - \uc560\ub2c8\uba54\uc774\uc158 \uce90\ub9ad\ud130 \uadf8\ub9ac\ub294 \ubc29\ubc95","author":"Rafael Avelino","date":"15 de 2\uc6d4 de 2017","format":false,"excerpt":"Aprenda a como desenhar personagem de animes mesmo sem ter o \u201cdom\u201d passo a passo com o m\u00e9todo fan art 3.0 criado pela Mayara Rodrigues.\u00a0 Quem gosta da cultura japonesa, principalmente pelos animes, mangas j\u00e1 teve a curiosidade de saber se \u00e9 poss\u00edvel aprender a desenhar aquele personagem favorito mesmo\u2026","rel":"","context":"\uc720\uc0ac\ud55c \uae00","block_context":{"text":"\uc720\uc0ac\ud55c \uae00","link":""},"img":{"alt_text":"M\u00e9todo Fan Art 3.0 \u2013 Desenhe seu personagem de anime favorito!","src":"https:\/\/i0.wp.com\/comoaprenderjapones.net\/wp-content\/uploads\/2020\/12\/Metod-Fan-Art-3-0-Desenhar-Animes.jpg?fit=1200%2C628&ssl=1&resize=350%2C200","width":350,"height":200,"srcset":"https:\/\/i0.wp.com\/comoaprenderjapones.net\/wp-content\/uploads\/2020\/12\/Metod-Fan-Art-3-0-Desenhar-Animes.jpg?fit=1200%2C628&ssl=1&resize=350%2C200 1x, https:\/\/i0.wp.com\/comoaprenderjapones.net\/wp-content\/uploads\/2020\/12\/Metod-Fan-Art-3-0-Desenhar-Animes.jpg?fit=1200%2C628&ssl=1&resize=525%2C300 1.5x, https:\/\/i0.wp.com\/comoaprenderjapones.net\/wp-content\/uploads\/2020\/12\/Metod-Fan-Art-3-0-Desenhar-Animes.jpg?fit=1200%2C628&ssl=1&resize=700%2C400 2x, https:\/\/i0.wp.com\/comoaprenderjapones.net\/wp-content\/uploads\/2020\/12\/Metod-Fan-Art-3-0-Desenhar-Animes.jpg?fit=1200%2C628&ssl=1&resize=1050%2C600 3x"},"classes":[]}],"jetpack_sharing_enabled":false,"amp_enabled":true,"_links":{"self":[{"href":"https:\/\/comoaprenderjapones.net\/ko\/wp-json\/wp\/v2\/pages\/35","targetHints":{"allow":["GET"]}}],"collection":[{"href":"https:\/\/comoaprenderjapones.net\/ko\/wp-json\/wp\/v2\/pages"}],"about":[{"href":"https:\/\/comoaprenderjapones.net\/ko\/wp-json\/wp\/v2\/types\/page"}],"author":[{"embeddable":true,"href":"https:\/\/comoaprenderjapones.net\/ko\/wp-json\/wp\/v2\/users\/1"}],"replies":[{"embeddable":true,"href":"https:\/\/comoaprenderjapones.net\/ko\/wp-json\/wp\/v2\/comments?post=35"}],"version-history":[{"count":0,"href":"https:\/\/comoaprenderjapones.net\/ko\/wp-json\/wp\/v2\/pages\/35\/revisions"}],"wp:attachment":[{"href":"https:\/\/comoaprenderjapones.net\/ko\/wp-json\/wp\/v2\/media?parent=35"}],"curies":[{"name":"wp","href":"https:\/\/api.w.org\/{rel}","templated":true}]}}