{"id":9,"date":"2014-08-24T02:32:54","date_gmt":"2014-08-24T02:32:54","guid":{"rendered":"https:\/\/comoaprenderjapones.net\/?page_id=9"},"modified":"2022-02-07T19:38:46","modified_gmt":"2022-02-07T22:38:46","slug":"%ea%b0%9c%ec%9d%b8-%ec%a0%95%eb%b3%b4-%ec%a0%95%ec%b1%85","status":"publish","type":"page","link":"https:\/\/comoaprenderjapones.net\/ko\/politica-de-privacidade\/","title":{"rendered":"\uac1c\uc778 \uc815\ubcf4 \uc815\ucc45"},"content":{"rendered":"<div class=\"056c8677dbd6af3d343cebe6181b1c29\" data-index=\"2\" style=\"float: none; margin:0px;\">\n<script async src=\"https:\/\/pagead2.googlesyndication.com\/pagead\/js\/adsbygoogle.js?client=ca-pub-0652292147574552\"\r\n     crossorigin=\"anonymous\"><\/script>\r\n<!-- Ads responsivo Inicio Post CAJap -->\r\n<ins class=\"adsbygoogle\"\r\n     style=\"display:block\"\r\n     data-ad-client=\"ca-pub-0652292147574552\"\r\n     data-ad-slot=\"3298668993\"\r\n     data-ad-format=\"auto\"><\/ins>\r\n<script>\r\n     (adsbygoogle = window.adsbygoogle || []).push({});\r\n<\/script>\n<\/div>\n\n<p>\uc774 \uac1c\uc778 \uc815\ubcf4 \ubcf4\ud638 \uc815\ucc45\uc740 \uc774 \uc0ac\uc774\ud2b8 \ubc29\ubb38\uc790\uc640 \ub2f9\uc0ac \uc11c\ube44\uc2a4 \uc0ac\uc6a9\uc790\uc758 \uac1c\uc778 \ub370\uc774\ud130\uc5d0 \ub300\ud55c \uae30\ubc00\uc131, \uac1c\uc778 \uc815\ubcf4 \ubcf4\ud638 \ubc0f \ubcf4\ud638\ub97c \ubcf4\uc7a5\ud558\uace0 \uc774 \uc815\ubcf4\ub97c \uc190\uc2e4, \uc624\uc6a9, \ubb34\ub2e8 \uc561\uc138\uc2a4, \ubcc0\uacbd \ubc0f \ud30c\uad34\ub85c\ubd80\ud130 \ubcf4\ud638\ud558\uae30 \uc704\ud574 \uace0\uc548\ub418\uc5c8\uc2b5\ub2c8\ub2e4.<\/p>\n\n\n\n<h2 class=\"wp-block-heading\" id=\"1-coleta-e-uso-das-informacoes\">1. \uc815\ubcf4\uc758 \uc218\uc9d1 \ubc0f \uc774\uc6a9<\/h2>\n\n\n\n<p>\uc774 \uc0ac\uc774\ud2b8\uc5d0 \ub300\ud55c \uc561\uc138\uc2a4\ub294 \ubc29\ubb38\uc790\ub97c \uc2dd\ubcc4\ud558\uace0 \uc0ac\uc6a9\uc790\uc640 \uc5f0\ub77d\ud560 \uc218 \uc788\ub294 \uc815\ubcf4\uac00 \uc694\uccad\ub420 \ub54c \ubc29\ubb38\uc790\uc758 \ub4f1\ub85d\uc744 \uc870\uac74\uc73c\ub85c \ud560 \uc218 \uc788\uc2b5\ub2c8\ub2e4. \ub370\uc774\ud130\ub97c \uc81c\uacf5\ud558\uae30\ub85c \uacb0\uc815\ud560 \ub54c \uc0ac\uc6a9\uc790\ub294 \uc774 \uc815\ucc45\uc758 \uc870\uac74\uc744 \uc54c\uace0 \ub3d9\uc758\ud568\uc744 \uc120\uc5b8\ud569\ub2c8\ub2e4.\ub610\ud55c \uc0ac\uc774\ud2b8\ub294 \ucfe0\ud0a4\ub97c \ud1b5\ud574 IP \uc8fc\uc18c \ubc0f \uc561\uc138\uc2a4\ud55c \ud398\uc774\uc9c0\ub97c \ud3ec\ud568\ud55c \ube0c\ub77c\uc6b0\uc800 \ud65c\ub3d9\uc5d0 \ub300\ud55c \uc815\ubcf4\ub97c \uc790\ub3d9\uc73c\ub85c \uc218\uc2e0\ud558\uace0 \uc800\uc7a5\ud569\ub2c8\ub2e4. \uc774\ub7ec\ud55c \ud65c\ub3d9 \uae30\ub85d(\ub85c\uadf8)\uc740 \uc0ac\uc6a9 \uac00\ub2a5\ud55c \uc11c\ube44\uc2a4\uc758 \ud1b5\uacc4 \ubc0f \uce21\uc815 \ubaa9\uc801\uc73c\ub85c\ub9cc \uc0ac\uc6a9\ub429\ub2c8\ub2e4.<\/p>\n\n\n\n<h3 class=\"wp-block-heading\" id=\"cookies-e-web-beacons\">\ucfe0\ud0a4 \ubc0f \uc6f9 \ube44\ucf58<\/h3>\n\n\n\n<p>\uc6b0\ub9ac\ub294 \uc0ac\uc6a9&nbsp;<a style=\"font-weight: inherit; font-style: inherit; color: #469db9;\" href=\"https:\/\/pt.wikipedia.org\/wiki\/Cookie\" target=\"_blank\" rel=\"noopener\">\ucfe0\ud0a4<\/a>&nbsp;\uadc0\ud558\uac00 \ubc29\ubb38\ud560 \ub54c \uac1c\uc778 \uc120\ud638\ub3c4\uc640 \uac19\uc740 \uc815\ubcf4\ub97c \uc800\uc7a5\ud558\uae30 \uc704\ud574&nbsp;<strong>\uc77c\ubcf8\uc5b4\ub97c \ubc30\uc6b0\ub294 \ubc29\ubc95<\/strong>. \uc5ec\uae30\uc5d0\ub294 \uac04\ub2e8\ud55c \ud31d\uc5c5 \ub610\ub294 \ud3ec\ub7fc\uacfc \uac19\uc774 \ub2f9\uc0ac\uac00 \uc81c\uacf5\ud558\ub294 \ub2e4\uc591\ud55c \uc11c\ube44\uc2a4\uc5d0 \ub300\ud55c \ub9c1\ud06c\uac00 \ud3ec\ud568\ub420 \uc218 \uc788\uc2b5\ub2c8\ub2e4.<\/p>\n\n\n\n<p>Google\uc740 \uc0c8\ub85c\uc6b4&nbsp;<a style=\"font-weight: inherit; font-style: inherit; color: #469db9;\" href=\"https:\/\/www.doubleclick.com\/privacy\/faq.aspx?ctx=tltp\" target=\"_blank\" rel=\"noopener\">DART \ucfe0\ud0a4<\/a>&nbsp;\uadc0\ud558\uc758 \uad00\uc2ec\uc0ac\uc640 \ub2f9\uc0ac \ube14\ub85c\uadf8 \ubc0f \uae30\ud0c0 \uc6f9 \uc8fc\uc18c \ubc29\ubb38\uc744 \uae30\ubc18\uc73c\ub85c \ud55c \uad11\uace0\ub97c \ud45c\uc2dc\ud569\ub2c8\ub2e4. Google \uad11\uace0 \ud398\uc774\uc9c0 \ubc0f \ud68c\uc0ac\uc758 \uc815\ucc45 \ud504\ub85c\uadf8\ub7a8\uc744 \ubc29\ubb38\ud558\uc5ec DART \ucfe0\ud0a4 \uc0ac\uc6a9\uc744 \uac70\ubd80\ud560 \uc218 \uc788\uc2b5\ub2c8\ub2e4.<\/p>\n\n\n\n<p>\uc0ac\uc6a9\uc790\ub294 \uc218\uc9d1\ub41c \uc815\ubcf4\uac00 \ub2e4\uc74c\uacfc \uac19\uc740 \ubaa9\uc801\uc73c\ub85c \uc0ac\uc6a9\ub420 \uac83\uc784\uc744 \uc778\uc815\ud558\uace0 \ub3d9\uc758\ud569\ub2c8\ub2e4. (b) \uc5f0\ub77d\ucc98 \uc815\ubcf4 \uc5c5\ub370\uc774\ud2b8 (c) \uc0ac\uc774\ud2b8\uc5d0\uc11c \uc0ac\uc6a9\uc790\uac00 \ud0d0\uc0c9\ud558\ub294 \ub3d9\uc548 \uc0ac\uc6a9\uc131 \ubc0f \ub300\ud654\ud615 \uacbd\ud5d8\uc744 \ucd5c\uc801\ud654\ud569\ub2c8\ub2e4. (d) \uc0ac\uc6a9\uc790\ub97c \uc2dd\ubcc4\ud558\uc9c0 \uc54a\uace0 \uc77c\ubc18 \ud1b5\uacc4\ub97c \uc791\uc131\ud569\ub2c8\ub2e4. (e) \uc0ac\uc6a9\uc790 \uc790\uc2e0\uc758 \ucffc\ub9ac \ubc0f \uc694\uccad\uc5d0 \uc751\ub2f5 (f) \ubc95\uc801 \ub610\ub294 \uc0ac\ubc95\uc801 \uacb0\uc815\uc744 \uc900\uc218\ud569\ub2c8\ub2e4. \uc6b0\ub9ac\ub294 \ub610\ud55c \ubbfc\uc0ac \ub610\ub294 \ud615\uc0ac \ubc94\uc8c4 \uc870\uc0ac\uc758 \uacbd\uc6b0, \ud2b9\ud788 \uc0ac\uae30, \ud574\ucee4 \uacf5\uaca9, \uc2dc\uc2a4\ud15c \ubcc0\uacbd \ub610\ub294 \ub2e4\ub978 \uc0ac\uc6a9\uc790\uc758 \ubcf4\ud638 \uc815\ubcf4 \ubc0f \ub4f1\ub85d \ub370\uc774\ud130\uc5d0 \ub300\ud55c \ubd80\uc801\uc808\ud55c \uc561\uc138\uc2a4\uac00 \uc758\uc2ec\ub418\ub294 \uacbd\uc6b0 \uc774\ub7ec\ud55c \uae30\ub85d\uc744 \uac1c\ubcc4\uc801\uc73c\ub85c \uc0ac\uc6a9\ud560 \uad8c\ub9ac\ub97c \ubcf4\uc720\ud569\ub2c8\ub2e4. . . .<\/p>\n\n\n\n<h2 class=\"wp-block-heading\" id=\"2-guarda-e-responsabilidade-pelas-informacoes-coletadas\">2. \uc218\uc9d1\ub41c \uc815\ubcf4\uc5d0 \ub300\ud55c \ubcf4\uad00 \ubc0f \ucc45\uc784<\/h2>\n\n\n\n<p>\uc0ac\uc6a9\uc790\uac00 \uc81c\uacf5\ud55c \ubaa8\ub4e0 \uc815\ubcf4\ub294 \uac00\uc7a5 \uc5c4\uaca9\ud55c \ubcf4\uc548 \ubc0f \uc2e0\ub8b0\uc131 \uae30\uc900\uc5d0 \ub530\ub77c \uc218\uc9d1 \ubc0f \uc800\uc7a5\ub429\ub2c8\ub2e4. \uc6b0\ub9ac\ub294 \uc6b0\ub9ac\uc5d0\uac8c \uc81c\uacf5\ub41c \uc815\ubcf4\uc758 \ubb34\uacb0\uc131\uc744 \uc720\uc9c0\ud558\uae30 \uc704\ud574 \ucd5c\uc120\uc744 \ub2e4\ud560 \uac83\uc774\uba70, \uc774\uac83\uc774 \uc81c3\uc790\uc758 \uc811\uadfc \ubc0f\/\ub610\ub294 \uc0ac\uc6a9\uc73c\ub85c \uc778\ud55c \ud53c\ud574\uc5d0 \ub300\ud574 \ucc45\uc784\uc744 \uc9c0\uc9c0 \uc54a\ub294 \uc774\uc720\uc785\ub2c8\ub2e4. \uc218\uc9d1\ub41c \uc815\ubcf4\uc5d0 \ub300\ud55c \uc561\uc138\uc2a4\ub294 \uc9c1\uc6d0 \ubc0f \uc2b9\uc778\ub41c \uc0ac\ub78c\uc73c\ub85c \uc81c\ud55c\ub429\ub2c8\ub2e4. \ubcf8 \uac1c\uc778\uc815\ubcf4\ucde8\uae09\ubc29\uce68\uc744 \uc704\ubc18\ud558\uc5ec \ubcf8 \uc815\ubcf4\ub97c \uc624\uc6a9\ud558\ub294 \uc790\ub294 \ud574\ub2f9 \ubc95\uc801 \uc870\uce58\ub97c \ubc30\uc81c\ud558\uc9c0 \uc54a\uace0 \ud589\uc815 \ubc0f \uc9d5\uacc4 \uc870\uce58\ub97c \ubc1b\uac8c \ub429\ub2c8\ub2e4. \ubc95\uc801 \ub610\ub294 \uc0ac\ubc95\uc801 \uacb0\uc815\uc5d0 \uc758\ud55c \uacbd\uc6b0\ub97c \uc81c\uc678\ud558\uace0, \uc774 \uc0ac\uc774\ud2b8\uc5d0 \ub4f1\ub85d\ub41c \uc0ac\uc6a9\uc790\uc758 \uc815\ubcf4\ub294 \uc81c3\uc790\uc5d0\uac8c \uc591\ub3c4\ub418\uac70\ub098 \uc218\uc9d1\ub41c \ubaa9\uc801 \uc774\uc678\uc758 \ubaa9\uc801\uc73c\ub85c \uc0ac\uc6a9\ub418\uc9c0 \uc54a\uc2b5\ub2c8\ub2e4. \uc218\uc9d1\ub41c \ubaa8\ub4e0 \uac1c\uc778 \ub370\uc774\ud130\ub294 \uc774 \uc0ac\uc774\ud2b8\uc758 \uad00\ub9ac\uc790\uc5d0\uac8c \ucc45\uc784\uc774 \uc788\ub294 \uc774 \uc0ac\uc774\ud2b8\uc758 \ub370\uc774\ud130\ubca0\uc774\uc2a4\uc5d0 \ud1b5\ud569\ub429\ub2c8\ub2e4.<\/p>\n\n\n\n<h2 class=\"wp-block-heading\" id=\"3-informacoes-opinioes-e-conteudos-gerados-por-terceiros\">3. \uc81c3\uc790\uac00 \uc0dd\uc131\ud55c \uc815\ubcf4, \uc758\uacac \ubc0f \ucf58\ud150\uce20<\/h2>\n\n\n\n<p>\uc774 \uc0ac\uc774\ud2b8\ub294 \ub313\uae00, \uc815\ubcf4 \uad50\ud658, \uc81c3\uc790\uac00 \uc0dd\uc131\ud55c \ucf58\ud150\uce20 \uac8c\uc2dc \ubc0f \uad11\uace0 \ubc30\ud3ec\ub97c \ud1b5\ud574 \ubc29\ubb38\uc790\/\uc0ac\uc6a9\uc790\uc758 \ucc38\uc5ec\ub97c \ud5c8\uc6a9\ud569\ub2c8\ub2e4. \ubc29\ubb38\uc790, \uc0ac\uc6a9\uc790 \ubc0f \uad11\uace0\uc8fc\ub294 \ubd80\ub3c4\ub355, \ubd88\ubc95, \uc778\uc885 \ucc28\ubcc4, \uba85\uc608 \ud6fc\uc190, \uc0c1\ud574, \uc74c\ub780, \ubc94\uc8c4 \uc815\ubcf4, \uc758\uacac \ub610\ub294 \ucf58\ud150\uce20 \ub610\ub294 \uc791\uc131\uc790\uc758 \uad8c\ub9ac\ub97c \uce68\ud574\ud558\ub294 \ucf58\ud150\uce20\ub97c \uac8c\uc2dc\ud574\uc11c\ub294 \uc548 \ub41c\ub2e4\ub294 \uac83\uc744 \uc774\ubbf8 \uc54c\uace0 \uc788\uc2b5\ub2c8\ub2e4. \uadf8\ub4e4\uc740 \ub610\ud55c \ub4f1\ub85d \ubaa9\uc801\uc73c\ub85c \uc694\uccad\ub41c \uac1c\uc778 \uc815\ubcf4\ub97c \uc81c\uc678\ud558\uace0 \uc774 \uc0ac\uc774\ud2b8\uc5d0\uc11c \ubb34\ub8cc\ub85c \uc81c\uacf5\ub418\uac70\ub098 \uac8c\uc2dc\ub41c \uc815\ubcf4, \ucf58\ud150\uce20 \ub610\ub294 \uc758\uacac\uc774 \uc774 \uac1c\uc778 \uc815\ubcf4 \ubcf4\ud638 \uc815\ucc45\uc5d0 \uc758\ud574 \uae30\ubc00\ub85c \uc720\uc9c0\ub418\uac70\ub098 \ubcf4\ud638\ub418\uc9c0 \uc54a\uc73c\uba70 \ub2e4\ub978 \uc0ac\ub78c\uc774 \uc790\uc720\ub86d\uac8c \uc561\uc138\uc2a4\ud558\uace0 \ubcfc \uc218 \uc788\uc74c\uc744 \uc54c\uace0 \uc788\uc2b5\ub2c8\ub2e4. \ubc29\ubb38\uc790 \ubc0f \uc0ac\uc6a9\uc790. \ubc95\ub960, \ub3c4\ub355 \ubc0f \uc120\ub7c9\ud55c \uad00\uc2b5\uc744 \ubb34\uc2dc\ud558\ub294 \uc81c\ud488, \uc11c\ube44\uc2a4 \ub610\ub294 \uc774\ubca4\ud2b8\uc5d0 \ub300\ud55c \uad11\uace0 \ub610\ub294 \uacf5\uac1c\ub3c4 \uae08\uc9c0\ub429\ub2c8\ub2e4. \uc774 \uc0ac\uc774\ud2b8\uc758 \ucc45\uc784\uc790\ub294 \uc81c3\uc790\uac00 \uc0dd\uc131\ud55c \uc815\ubcf4, \uc758\uacac \ubc0f \ucf58\ud150\uce20\uc5d0 \ub300\ud574 \ucc45\uc784\uc744 \uc9c0\uc9c0 \uc54a\uc73c\uba70 \uc0ac\uc774\ud2b8\ub97c \ud1b5\ud574 \uacf5\uac1c\ub41c \uc81c\ud488, \uc11c\ube44\uc2a4 \ub610\ub294 \uc774\ubca4\ud2b8\uc758 \ud488\uc9c8\uc774\ub098 \uc9c4\uc2e4\uc131\uc5d0 \ub300\ud574\uc11c\ub3c4 \ucc45\uc784\uc744 \uc9c0\uc9c0 \uc54a\uc2b5\ub2c8\ub2e4. \ubd80\ub3c4\ub355\ud558\uac70\ub098 \ubd88\ubc95\uc801\uc778 \ud45c\ud604, \ubcf5\uc81c \ub610\ub294 \uac8c\uc2dc\ub294 \uc774 \uc6f9\uc0ac\uc774\ud2b8\uc758 \uc8fc\ucd5c\uc790\uc5d0\uac8c \ud1b5\ubcf4\ub418\uc5b4\uc57c \ud558\uba70 \uc989\uc2dc \uc81c\uac70\ub429\ub2c8\ub2e4. \ud1b5\uc9c0\ub294 \uc0ac\uc774\ud2b8 \ucc45\uc784\uc790\uc758 \uc8fc\uc18c\ub85c \ubcf4\ub0b4\uc57c \ud569\ub2c8\ub2e4.<\/p>\n\n\n\n<h2 class=\"wp-block-heading\" id=\"4-responsabilidade-dos-usuarios\">4. \uc0ac\uc6a9\uc790 \ucc45\uc784<\/h2>\n\n\n\n<p>\ube44\ubc00\ubc88\ud638\ub97c \uc720\uc9c0\ud558\uace0 \ub85c\uadf8\uc778\uc5d0 \uc561\uc138\uc2a4\ud558\ub294 \uac83\uc740 \uc0ac\uc6a9\uc790\uc758 \ucc45\uc784\uc785\ub2c8\ub2e4. \ud2b9\ubcc4\ud55c \ub0a0\uc9dc, \uc774\ub984 \ub610\ub294 \uc22b\uc790 \uc2dc\ud000\uc2a4\uc640 \uac19\uc740 \uba85\ubc31\ud55c \ube44\ubc00\ubc88\ud638\ub294 \uc0ac\uc6a9\ud558\uc9c0 \uc54a\ub294 \uac83\uc774 \uc88b\uc2b5\ub2c8\ub2e4. \uc0ac\uc6a9\uc790\uac00 \uc790\uc2e0\uc758 \uc554\ud638\uac00 \ubc1c\uacac\ub418\uc5c8\uc74c\uc744 \uc54c\uac8c \ub418\uac70\ub098 \uc758\uc2ec\ub418\ub294 \uacbd\uc6b0\uc5d0\ub294 \ub4f1\ub85d \ud398\uc774\uc9c0\uc5d0\uc11c \uc554\ud638\ub97c \ubcc0\uacbd\ud574\uc57c \ud569\ub2c8\ub2e4. \uc6b0\ub9ac\ub294 \uc5b4\ub9b0\uc774\uc758 \uc628\ub77c\uc778 \uac1c\uc778 \uc815\ubcf4\ub97c \ubcf4\ud638\ud558\uae30 \uc704\ud574 \ucd5c\uc120\uc744 \ub2e4\ud558\uace0 \uc788\uc2b5\ub2c8\ub2e4. \ubbf8\uc131\ub144\uc790 \ub4f1\ub85d\uc740 \uad50\uc721 \ucf58\ud150\uce20\uac00 \uc788\ub294 \uc0ac\uc774\ud2b8\uc758 \uc81c\ud55c\ub41c \uc601\uc5ed\uc5d0 \ucc38\uc5ec\ud560 \ubaa9\uc801\uc73c\ub85c\ub9cc \ubc1c\uc0dd\ud569\ub2c8\ub2e4. \ubbf8\uc131\ub144\uc790\uc758 \ub370\uc774\ud130\ub294 \uc9c8\ubb38, \ud559\ubb38\uc801 \uc758\ubb38, \ud559\uad50 \uac15\uc758 \uc77c\uc815 \ub610\ub294 \uc77c\ubc18 \ud1b5\uacc4\uc5d0 \ub300\ud55c \ub2f5\ubcc0\uc5d0\ub9cc \uc0ac\uc6a9\ub429\ub2c8\ub2e4. \ub610\ud55c \ubbf8\uc131\ub144\uc790\ub294 \uc5b8\uc81c\ub4e0\uc9c0 \ub4f1\ub85d \ucde8\uc18c\ub97c \uc694\uccad\ud560 \uc218 \uc788\ub294 \ucc45\uc784\uc790\uc758 \uc9c0\ub3c4\uc640 \uac10\ub3c5\uc744 \ubc1b\ub294 \uac83\uc774 \uc88b\uc2b5\ub2c8\ub2e4. \uc774 \uc815\ucc45\uc740 \uc9c0\uc18d\uc801\uc73c\ub85c \uac1c\uc120 \ubc0f \uac1c\uc120\ub420 \uc218 \uc788\uc2b5\ub2c8\ub2e4. \ub530\ub77c\uc11c \uc8fc\uae30\uc801\uc778 \uc0c1\ub2f4\uc744 \uad8c\ud574\ub4dc\ub9bd\ub2c8\ub2e4.<\/p>\n\n<div style=\"font-size: 0px; height: 0px; line-height: 0px; margin: 0; padding: 0; clear: both;\"><\/div>","protected":false},"excerpt":{"rendered":"<p>Esta Pol\u00edtica de Privacidade foi elaborada visando zelar pela confidencialidade, privacidade e prote\u00e7\u00e3o dos dados pessoais dos visitantes deste site e dos usu\u00e1rios de nossos servi\u00e7os, protegendo essas informa\u00e7\u00f5es de perdas, uso impr\u00f3prio, acesso n\u00e3o<\/p>","protected":false},"author":1,"featured_media":0,"parent":0,"menu_order":0,"comment_status":"closed","ping_status":"closed","template":"","meta":{"footnotes":""},"class_list":["post-9","page","type-page","status-publish"],"jetpack-related-posts":[{"id":4016,"url":"https:\/\/comoaprenderjapones.net\/ko\/curso-japones-club-por-skdesu\/","url_meta":{"origin":9,"position":0},"title":"Curso Japon\u00eas Club por Skdesu","author":"Rafael Avelino","date":"2 de 2\uc6d4 de 2023","format":false,"excerpt":"Advertorial Aprenda a L\u00edngua Japonesa com o Curso Japon\u00eas Club e Tenha a solu\u00e7\u00e3o definitiva para superar qualquer desafio! Mang\u00e1 Death Note Olha s\u00f3 o que voc\u00ea tem no Curso Japon\u00eas Club! + de 140 v\u00eddeo aulas em Alta Defini\u00e7\u00e3o Jogos e Atividades Interativas Pagamento \u00danico (N\u00e3o tem Mensalidades) Acesso\u2026","rel":"","context":"\uc720\uc0ac\ud55c \uae00","block_context":{"text":"\uc720\uc0ac\ud55c \uae00","link":""},"img":{"alt_text":"","src":"https:\/\/i0.wp.com\/comoaprenderjapones.net\/wp-content\/uploads\/2023\/02\/japones-club-advertorial.jpg?fit=1023%2C499&ssl=1&resize=350%2C200","width":350,"height":200,"srcset":"https:\/\/i0.wp.com\/comoaprenderjapones.net\/wp-content\/uploads\/2023\/02\/japones-club-advertorial.jpg?fit=1023%2C499&ssl=1&resize=350%2C200 1x, https:\/\/i0.wp.com\/comoaprenderjapones.net\/wp-content\/uploads\/2023\/02\/japones-club-advertorial.jpg?fit=1023%2C499&ssl=1&resize=525%2C300 1.5x, https:\/\/i0.wp.com\/comoaprenderjapones.net\/wp-content\/uploads\/2023\/02\/japones-club-advertorial.jpg?fit=1023%2C499&ssl=1&resize=700%2C400 2x"},"classes":[]},{"id":179,"url":"https:\/\/comoaprenderjapones.net\/ko\/mapa-site\/","url_meta":{"origin":9,"position":1},"title":"\uc0ac\uc774\ud2b8 \ub9f5","author":"Rafael Avelino","date":"31 de 1\uc6d4 de 2015","format":false,"excerpt":"Mapa do Site Veja todos os artigos publicados aqui no Como Aprender Japon\u00eas","rel":"","context":"\uc720\uc0ac\ud55c \uae00","block_context":{"text":"\uc720\uc0ac\ud55c \uae00","link":""},"img":{"alt_text":"","src":"","width":0,"height":0},"classes":[]},{"id":860,"url":"https:\/\/comoaprenderjapones.net\/ko\/japones-expresso-curso-online-japones\/","url_meta":{"origin":9,"position":2},"title":"Japan Express: \uc628\ub77c\uc778 \uc77c\ubcf8\uc5b4 \ucf54\uc2a4","author":"Rafael Avelino","date":"14 de 11\uc6d4 de 2016","format":false,"excerpt":"Conhe\u00e7a curso online japon\u00eas expresso promete te ajudar a sair do zero no idioma japon\u00eas e tamb\u00e9m para quem tem viagem marcada para o Jap\u00e3o. CURSO N\u00c3O EST\u00c1 DISPONIVEL. Conhe\u00e7a o curso Completo do Sensei Luiz Rafael o ???? Programa Japon\u00eas Online! Quem gosta da cultura japonesa, seja animes, mangas,\u2026","rel":"","context":"\uc720\uc0ac\ud55c \uae00","block_context":{"text":"\uc720\uc0ac\ud55c \uae00","link":""},"img":{"alt_text":"Japon\u00eas Expresso curso online de japon\u00eas","src":"https:\/\/i0.wp.com\/comoaprenderjapones.net\/wp-content\/uploads\/2016\/11\/Japones_Expresso.jpg?fit=1200%2C696&ssl=1&resize=350%2C200","width":350,"height":200,"srcset":"https:\/\/i0.wp.com\/comoaprenderjapones.net\/wp-content\/uploads\/2016\/11\/Japones_Expresso.jpg?fit=1200%2C696&ssl=1&resize=350%2C200 1x, https:\/\/i0.wp.com\/comoaprenderjapones.net\/wp-content\/uploads\/2016\/11\/Japones_Expresso.jpg?fit=1200%2C696&ssl=1&resize=525%2C300 1.5x, https:\/\/i0.wp.com\/comoaprenderjapones.net\/wp-content\/uploads\/2016\/11\/Japones_Expresso.jpg?fit=1200%2C696&ssl=1&resize=700%2C400 2x, https:\/\/i0.wp.com\/comoaprenderjapones.net\/wp-content\/uploads\/2016\/11\/Japones_Expresso.jpg?fit=1200%2C696&ssl=1&resize=1050%2C600 3x"},"classes":[]},{"id":2786,"url":"https:\/\/comoaprenderjapones.net\/ko\/acompanhe\/","url_meta":{"origin":9,"position":3},"title":"\ud6c4\uc18d \uc870\uce58","author":"Rafael Avelino","date":"12 de 6\uc6d4 de 2020","format":false,"excerpt":"Para n\u00e3o perder alguma novidade ou dica logo em seguida vou indicar v\u00e1rias op\u00e7\u00f5es para que voc\u00ea acompanhe o comoaprenderjapones.net da maneira que desejar e que mais goste. Acompanhe pelo Feed Um dos meios mais tradicionais para voc\u00ea receber as novidades instantaneamente quando algo \u00e9 publicado por aqui. Feed do\u2026","rel":"","context":"\uc720\uc0ac\ud55c \uae00","block_context":{"text":"\uc720\uc0ac\ud55c \uae00","link":""},"img":{"alt_text":"Acompanhe pelo Feedly o comoaprenderjapones.net","src":"https:\/\/i0.wp.com\/comoaprenderjapones.net\/wp-content\/uploads\/2020\/06\/feedly-follow.png?resize=350%2C200&ssl=1","width":350,"height":200},"classes":[]},{"id":35,"url":"https:\/\/comoaprenderjapones.net\/ko\/sobre\/","url_meta":{"origin":9,"position":4},"title":"\uc57d","author":"Rafael Avelino","date":"24 de 8\uc6d4 de 2014","format":false,"excerpt":"Ol\u00e1 Minna! Sou Rafael admin deste site, como vai? Muito obrigado por visitar este site que pretende passar dicas de como aprender japon\u00eas para quem est\u00e1 iniciando, assim como eu. Vamos tentar abordar tudo que possa ajudar no seu aprendizado do idioma japon\u00eas, que vai desde animes,m\u00fasicas,mangas e tamb\u00e9m o\u2026","rel":"","context":"\uc720\uc0ac\ud55c \uae00","block_context":{"text":"\uc720\uc0ac\ud55c \uae00","link":""},"img":{"alt_text":"","src":"","width":0,"height":0},"classes":[]},{"id":94,"url":"https:\/\/comoaprenderjapones.net\/ko\/programa-japones-online\/","url_meta":{"origin":9,"position":5},"title":"\uc628\ub77c\uc778 \uc77c\ubcf8\uc5b4 \ud504\ub85c\uadf8\ub7a8 + \ubb34\ub8cc \uc77c\ubcf8\uc5b4 \uc9d1\uc911 \uc774\ubca4\ud2b8","author":"Rafael Avelino","date":"20 de 10\uc6d4 de 2014","format":false,"excerpt":"Conhe\u00e7a o curso de japon\u00eas Programa Japon\u00eas Online do Sensei Luiz Rafael! \u3053\u3093\u306b\u3061\u306f! Est\u00e1 procurando um m\u00e9todo eficiente que te ensine do ZERO a ter um n\u00edvel de flu\u00eancia que possa consumir conte\u00fados totalmente em japon\u00eas? O m\u00e9todo criado pelo Luiz Rafael j\u00e1 passou por muitas atualiza\u00e7\u00f5es e est\u00e1 no\u2026","rel":"","context":"\uc720\uc0ac\ud55c \uae00","block_context":{"text":"\uc720\uc0ac\ud55c \uae00","link":""},"img":{"alt_text":"Programa Japon\u00eas Online - Intensiv\u00e3o de japon\u00eas","src":"https:\/\/i0.wp.com\/comoaprenderjapones.net\/wp-content\/uploads\/2021\/01\/programa-japones-online-intensivao-de-japones-2021.jpg?fit=1200%2C932&ssl=1&resize=350%2C200","width":350,"height":200,"srcset":"https:\/\/i0.wp.com\/comoaprenderjapones.net\/wp-content\/uploads\/2021\/01\/programa-japones-online-intensivao-de-japones-2021.jpg?fit=1200%2C932&ssl=1&resize=350%2C200 1x, https:\/\/i0.wp.com\/comoaprenderjapones.net\/wp-content\/uploads\/2021\/01\/programa-japones-online-intensivao-de-japones-2021.jpg?fit=1200%2C932&ssl=1&resize=525%2C300 1.5x, https:\/\/i0.wp.com\/comoaprenderjapones.net\/wp-content\/uploads\/2021\/01\/programa-japones-online-intensivao-de-japones-2021.jpg?fit=1200%2C932&ssl=1&resize=700%2C400 2x, https:\/\/i0.wp.com\/comoaprenderjapones.net\/wp-content\/uploads\/2021\/01\/programa-japones-online-intensivao-de-japones-2021.jpg?fit=1200%2C932&ssl=1&resize=1050%2C600 3x"},"classes":[]}],"jetpack_sharing_enabled":false,"amp_enabled":true,"_links":{"self":[{"href":"https:\/\/comoaprenderjapones.net\/ko\/wp-json\/wp\/v2\/pages\/9","targetHints":{"allow":["GET"]}}],"collection":[{"href":"https:\/\/comoaprenderjapones.net\/ko\/wp-json\/wp\/v2\/pages"}],"about":[{"href":"https:\/\/comoaprenderjapones.net\/ko\/wp-json\/wp\/v2\/types\/page"}],"author":[{"embeddable":true,"href":"https:\/\/comoaprenderjapones.net\/ko\/wp-json\/wp\/v2\/users\/1"}],"replies":[{"embeddable":true,"href":"https:\/\/comoaprenderjapones.net\/ko\/wp-json\/wp\/v2\/comments?post=9"}],"version-history":[{"count":0,"href":"https:\/\/comoaprenderjapones.net\/ko\/wp-json\/wp\/v2\/pages\/9\/revisions"}],"wp:attachment":[{"href":"https:\/\/comoaprenderjapones.net\/ko\/wp-json\/wp\/v2\/media?parent=9"}],"curies":[{"name":"wp","href":"https:\/\/api.w.org\/{rel}","templated":true}]}}