{"id":904,"date":"2017-02-15T20:39:01","date_gmt":"2017-02-15T22:39:01","guid":{"rendered":"https:\/\/comoaprenderjapones.net\/?page_id=904"},"modified":"2022-09-05T15:01:47","modified_gmt":"2022-09-05T18:01:47","slug":"fan-art-metoden","status":"publish","type":"page","link":"https:\/\/comoaprenderjapones.net\/nb\/metodo-fan-art\/","title":{"rendered":"Fan Art Method 3.0 - Hvordan tegne anime-figurer"},"content":{"rendered":"<div class=\"527a9b96e85f09e5ab5a4598fe8592a3\" data-index=\"2\" style=\"float: none; margin:0px;\">\n<script async src=\"https:\/\/pagead2.googlesyndication.com\/pagead\/js\/adsbygoogle.js?client=ca-pub-0652292147574552\"\r\n     crossorigin=\"anonymous\"><\/script>\r\n<!-- Ads responsivo Inicio Post CAJap -->\r\n<ins class=\"adsbygoogle\"\r\n     style=\"display:block\"\r\n     data-ad-client=\"ca-pub-0652292147574552\"\r\n     data-ad-slot=\"3298668993\"\r\n     data-ad-format=\"auto\"><\/ins>\r\n<script>\r\n     (adsbygoogle = window.adsbygoogle || []).push({});\r\n<\/script>\n<\/div>\n\n<div class=\"addthis_inline_share_toolbox\"><\/div>\n\n\n\n<p><em>L\u00e6r hvordan du <strong>hvordan tegne anime-figurer<\/strong> selv uten den trinnvise \"gaven\" fra <strong>fan art 3.0-metoden <\/strong>opprettet av<strong> <\/strong>Mayara Rodrigues.\u00a0<\/em><\/p>\n\n\n\n<p>Alle som liker japansk kultur, spesielt anime og manga, har v\u00e6rt nysgjerrige p\u00e5 om det er mulig \u00e5 l\u00e6re seg \u00e5 tegne favorittfiguren sin selv om man ikke har en affinitet, en \"gave\", til \u00e5 tegne.<\/p>\n\n\n\n<p>Det store problemet er at uten en god metode eller noen som kan l\u00e6re deg det p\u00e5 en praktisk m\u00e5te, er det vanskelig \u00e5 l\u00e6re p\u00e5 egen h\u00e5nd.<\/p>\n\n\n\n\n\n\n<p>Det var med dette i bakhodet at <a href=\"https:\/\/comoaprenderjapones.net\/nb\/in\/conheca-o-metodo-fan-art\/\" target=\"_blank\" rel=\"noopener\">Mayara bestemte seg for \u00e5 lage en enkel metode<\/a>Den er praktisk og fokuserer p\u00e5 det som virkelig er viktig.<\/p>\n\n\n\n<h2 class=\"wp-block-heading\">Hva er fankunst?<\/h2>\n\n\n\n<p>Du vet <strong>hva er fan art<\/strong>? Se nedenfor for en kort forklaring, og finn ut mer om <a href=\"https:\/\/comoaprenderjapones.net\/nb\/fan-art-metoden\/\">Fan Art-metoden<\/a> som er veldig popul\u00e6r i Brasil for de som vil l\u00e6re \u00e5 tegne anime:<\/p>\n\n\n\n<blockquote class=\"wp-block-quote is-layout-flow wp-block-quote-is-layout-flow\"><p>Fanart, fan art eller fan art er et kunstverk basert p\u00e5 en figur, en fantasi, en gjenstand eller et kjent verk som er skapt av fans. Begrepet kan brukes b\u00e5de om fan-skapt kunst av karakterer fra en eller flere b\u00f8ker, og om kunst hentet fra visuelle medier som tegneserier, filmer og\/eller videospill. Det refererer vanligvis til kunstverk laget av amat\u00f8rkunstnere eller kunstnere som ikke f\u00e5r betalt for arbeidet sitt. Det er et verk laget av fans ut fra deres egen fantasi om det originale verket.<br \/>Kilde:&nbsp;<a href=\"https:\/\/pt.wikipedia.org\/wiki\/Fanart\" target=\"_blank\" rel=\"noopener\">Wikipedia<\/a><\/p><\/blockquote>\n\n\n\n<p>La oss n\u00e5 finne ut hva dette kurset handler om, s\u00e5 vel som skaperen og attester fra folk som har tatt det og godkjent det.<\/p>\n\n\n\n<h2 class=\"wp-block-heading\">Hva er Fan Art-metoden?<\/h2>\n\n\n\n<p>En metode som er laget for \u00e5 l\u00e6re folk som vil l\u00e6re \u00e5 tegne sin favorittanimefigur uten for mye bryderi, i en godt forklart og didaktisk trinn-for-trinn-prosess.<\/p>\n\n\n\n<p>L\u00e6r deg \u00e5 tegne p\u00e5 samme m\u00e5te som den opprinnelige animeforfatteren tegnet figuren han skapte.<\/p>\n\n\n\n<h3 class=\"wp-block-heading\"><strong>Mayara Rodrigues skaperen<\/strong> av kurset<\/h3>\n\n\n<div class=\"wp-block-image\">\n<figure class=\"alignleft\"><a href=\"https:\/\/comoaprenderjapones.net\/nb\/in\/conheca-o-metodo-fan-art\/\" rel=\"nofollow noopener\"><img data-recalc-dims=\"1\" decoding=\"async\" width=\"300\" height=\"247\" src=\"https:\/\/i0.wp.com\/comoaprenderjapones.net\/wp-content\/uploads\/2018\/09\/Mayara-Rodrigues.png?resize=300%2C247&#038;ssl=1\" alt=\"Mayara Rodrigues, skaperen av Fan Art-metoden\" class=\"wp-image-2430\" srcset=\"https:\/\/i0.wp.com\/comoaprenderjapones.net\/wp-content\/uploads\/2018\/09\/Mayara-Rodrigues.png?resize=300%2C247&amp;ssl=1 300w, https:\/\/i0.wp.com\/comoaprenderjapones.net\/wp-content\/uploads\/2018\/09\/Mayara-Rodrigues.png?w=543&amp;ssl=1 543w\" sizes=\"(max-width: 300px) 100vw, 300px\" \/><\/a><figcaption><strong>Mayara Rodrigues<\/strong> skaperen av Fan Art-metoden<\/figcaption><\/figure>\n<\/div>\n\n\n<p><strong>Mayara Rodrigues<\/strong>Som mange brasilianere ble han interessert i anime, og favoritten hans var Digimon, noe som ga opphav til \u00f8nsket om \u00e5 l\u00e6re seg \u00e5 tegne favorittfigurene sine.<\/p>\n\n\n\n<p>Det store problemet var at hun ikke gjorde store fremskritt n\u00e5r hun pr\u00f8vde \u00e5 tegne, og et tegnekurs var ikke s\u00e6rlig billig eller i n\u00e6rheten av der hun bodde.<\/p>\n\n\n\n<p>S\u00e5 begynte hun \u00e5 kj\u00f8pe magasiner som underviste i tegning, som regel japanske metoder.<\/p>\n\n\n\n<p>Etter lang tid, mange \u00e5r, forsto hun virkelig hvordan man tegner en anime.<\/p>\n\n\n\n<p class=\"has-text-align-center\"><a class=\"fasc-button fasc-size-large fasc-type-popout fasc-rounded-medium ico-fa fasc-ico-before fa-youtube-play\" style=\"background-color: #cc2f1a; color: #ffffff;\" target=\"_blank\" rel=\"nofollow noopener\" href=\"https:\/\/comoaprenderjapones.net\/nb\/in\/conheca-historia-da-mayara-rodrigues\/\">Les mer om hans historie ved \u00e5 klikke her!<\/a><\/p>\n\n\n\n<h3 class=\"wp-block-heading\">Hva er innholdet i Fan Art-metoden?<\/h3>\n\n\n\n<p>Kurset g\u00e5r ikke i st\u00e5, det g\u00e5r rett p\u00e5 sak - se bare p\u00e5 temaene som dekkes i nettkurset <strong>fan art 3.0-metoden<\/strong> har:<\/p>\n\n\n\n<ol class=\"wp-block-list\"><li>Bildeanalyse<\/li><li>Skisseteknikker<\/li><li>Ansiktsanatomi + vinkelvariasjoner<\/li><li>Kroppens anatomi og bevegelser<\/li><li>Hemmeligheten bak \u00e5 lage anime\/manga-h\u00e5r...<\/li><li>Din karakters perfekte hender og f\u00f8tter...<\/li><li>Tegning av karakterkl\u00e6r<\/li><li>Ferdigstilling av pennetegninger<\/li><li>Introduksjon til maleri + Lys og skygge<\/li><\/ol>\n\n\n\n<h3 class=\"wp-block-heading\">Fan Art Method 3.0 bonuser<\/h3>\n\n\n\n<p>Og ogs\u00e5 som toll <strong>+ 5 bonuser<\/strong> for \u00e5 forbedre designene dine ytterligere:<\/p>\n\n\n\n<ul class=\"wp-block-list\"><li>Hemmeligheten bak \u00e5 tegne \u00f8yne<\/li><li>Oppvarming og sporing<\/li><li>Bruk av alle kursmodulene i \u00e9n tegning<\/li><li>Tilgang til den eksklusive studentgruppen<\/li><li>Attest for fullf\u00f8rt utdannelse<\/li><\/ul>\n\n\n<div class=\"wp-block-image\">\n<figure class=\"aligncenter\"><img data-recalc-dims=\"1\" decoding=\"async\" width=\"900\" height=\"475\" src=\"https:\/\/i0.wp.com\/comoaprenderjapones.net\/wp-content\/uploads\/2017\/02\/Area_de_Membros_Metodo_fan_art.jpg?resize=900%2C475&#038;ssl=1\" alt=\"Medlemsomr\u00e5det Fan art-metoden\" class=\"wp-image-906\" srcset=\"https:\/\/i0.wp.com\/comoaprenderjapones.net\/wp-content\/uploads\/2017\/02\/Area_de_Membros_Metodo_fan_art.jpg?w=900&amp;ssl=1 900w, https:\/\/i0.wp.com\/comoaprenderjapones.net\/wp-content\/uploads\/2017\/02\/Area_de_Membros_Metodo_fan_art.jpg?resize=300%2C158&amp;ssl=1 300w, https:\/\/i0.wp.com\/comoaprenderjapones.net\/wp-content\/uploads\/2017\/02\/Area_de_Membros_Metodo_fan_art.jpg?resize=768%2C405&amp;ssl=1 768w\" sizes=\"(max-width: 900px) 100vw, 900px\" \/><\/figure>\n<\/div>\n\n\n<p>Du vil ogs\u00e5 ha en lukket Facebook-gruppe der du kan stille sp\u00f8rsm\u00e5l til kursforfatteren.<\/p>\n\n\n\n<p>Det finnes selvsagt ingen mirakler, men du vil helt sikkert l\u00e6re av dem som kan faget ved \u00e5 \u00f8ve hver dag og se hvor raskt du gj\u00f8r fremskritt.<\/p>\n\n\n\n<h2 class=\"wp-block-heading\">Skal jeg l\u00e6re \u00e5 tegne animefigurer?<\/h2>\n\n\n\n<p>For de som \u00f8nsker \u00e5 l\u00e6re \u00e5 tegne anime-figurer p\u00e5 en enkel og grei m\u00e5te, s\u00e5 er <strong>fan art-metoden fungerer<\/strong> og det er ideelt for deg!<\/p>\n\n\n\n<p>Se Mayaras elever nedenfor, som allerede har oppn\u00e5dd gode resultater og realisert dr\u00f8mmen om \u00e5 l\u00e6re seg \u00e5 tegne sine favorittanimefigurer.<\/p>\n\n\n\n<h3 class=\"wp-block-heading\">Studentuttalelser<\/h3>\n\n\n\n<p>Se uttalelser fra elevene dine som viser hvor glade de er for \u00e5 ha tegnet sine favorittanimefigurer:<br \/><\/p>\n\n\n<div class=\"message_box announce\"><p><\/p>\n<blockquote><p>Gratulerer med kurset Mayara, jeg syntes det var veldig bra. Jeg har allerede anbefalt det til flere venner, det er verdt det. Veldig rett p\u00e5 sak, jeg er allerede p\u00e5 den fjerde modulen, og forskjellen er absurd fra de gamle tegningene mine til n\u00e5, hver dag blir jeg bedre. Gratulerer og suksess til deg. Bjs<\/p>\n<p><strong>Jo\u00e3o Gabriel Alvarenga<\/strong><\/p><\/blockquote>\n<p><\/p><\/div>\n\n\n<div class=\"message_box announce\"><p><\/p>\n<blockquote><p>Jeg pleide \u00e5 bli gal av \u00e5 ville tegne Eren Yeager!!! Jeg hadde allerede kopiert noen over, men i dag tegnet jeg ham uten \u00e5 se engang!!!! F\u00f8lger alt du l\u00e6rte i kurset!!!<br \/>\nTooo glad dmais, jeg skal snart lage en plakat for \u00e5 sette her p\u00e5 rommet mitt hehehe !!!! Takk Mayy, kurset ditt er kjempebra !!!<\/p>\n<p><strong>Marcos Vinicius Viana<\/strong><\/p><\/blockquote>\n<p><\/p><\/div>\n\n\n\n<p>Se ogs\u00e5 vitnesbyrdene om resultatene elevene dine har oppn\u00e5dd ved \u00e5 vise tegningene sine nedenfor:<br \/><\/p>\n\n\n<div class=\"tab_widget wp_shortcodes_tabs\"><ul class=\"wps_tabs\"><li><a href=\"#\" data-tab=\"tab-0-depoimento-jonathan\">Jonathans beretning<\/a><\/li><li><a href=\"#\" data-tab=\"tab-1-depoimento-adson\">Adson-uttalelse<\/a><\/li><li><a href=\"#\" data-tab=\"tab-2-depoimento-mika\">Mika-uttalelse<\/a><\/li><\/ul><div class=\"tab_container\"><div id=\"tab-0-depoimento-jonathan\" class=\"tab_content clearfix\"><img data-recalc-dims=\"1\" decoding=\"async\" class=\"size-full wp-image-909 aligncenter\" src=\"https:\/\/i0.wp.com\/comoaprenderjapones.net\/wp-content\/uploads\/2017\/02\/Metodo_fan_art_desenho_aluno-7.jpg?resize=509%2C626&#038;ssl=1\" alt=\"\" width=\"509\" height=\"626\" srcset=\"https:\/\/i0.wp.com\/comoaprenderjapones.net\/wp-content\/uploads\/2017\/02\/Metodo_fan_art_desenho_aluno-7.jpg?w=509&amp;ssl=1 509w, https:\/\/i0.wp.com\/comoaprenderjapones.net\/wp-content\/uploads\/2017\/02\/Metodo_fan_art_desenho_aluno-7.jpg?resize=244%2C300&amp;ssl=1 244w\" sizes=\"(max-width: 509px) 100vw, 509px\" \/>Jonathans beretning om viftekunstmetoden<\/div><div id=\"tab-1-depoimento-adson\" class=\"tab_content clearfix\"><img data-recalc-dims=\"1\" decoding=\"async\" class=\"size-full wp-image-910 aligncenter\" src=\"https:\/\/i0.wp.com\/comoaprenderjapones.net\/wp-content\/uploads\/2017\/02\/Metodo_fan_art_desenhoaluno7.jpg?resize=495%2C515&#038;ssl=1\" alt=\"\" width=\"495\" height=\"515\" srcset=\"https:\/\/i0.wp.com\/comoaprenderjapones.net\/wp-content\/uploads\/2017\/02\/Metodo_fan_art_desenhoaluno7.jpg?w=495&amp;ssl=1 495w, https:\/\/i0.wp.com\/comoaprenderjapones.net\/wp-content\/uploads\/2017\/02\/Metodo_fan_art_desenhoaluno7.jpg?resize=288%2C300&amp;ssl=1 288w\" sizes=\"(max-width: 495px) 100vw, 495px\" \/>Adson forteller om fan art-metoden<\/div><div id=\"tab-2-depoimento-mika\" class=\"tab_content clearfix\"><\/p>\n<p><img data-recalc-dims=\"1\" decoding=\"async\" class=\"size-full wp-image-914 aligncenter\" src=\"https:\/\/i0.wp.com\/comoaprenderjapones.net\/wp-content\/uploads\/2017\/02\/Metodo_Fan_Art_desenhoaluno5.jpg?resize=516%2C546&#038;ssl=1\" alt=\"\" width=\"516\" height=\"546\" srcset=\"https:\/\/i0.wp.com\/comoaprenderjapones.net\/wp-content\/uploads\/2017\/02\/Metodo_Fan_Art_desenhoaluno5.jpg?w=516&amp;ssl=1 516w, https:\/\/i0.wp.com\/comoaprenderjapones.net\/wp-content\/uploads\/2017\/02\/Metodo_Fan_Art_desenhoaluno5.jpg?resize=284%2C300&amp;ssl=1 284w\" sizes=\"(max-width: 516px) 100vw, 516px\" \/><\/p>\n<p>Mikas vitnesbyrd om fan art-metoden.<\/p>\n<p><\/div><\/div><\/div><div class=\"clear\"><\/div>\n\n\n\n<h2 class=\"wp-block-heading\">Fungerer Fan Art-metoden?<\/h2>\n\n\n\n<p>Ja, absolutt! Hvis du har sett <a href=\"https:\/\/comoaprenderjapones.net\/nb\/fan-art-metoden\/#depoimentos-dos-alunos\">studentuttalelser<\/a> har du allerede skj\u00f8nt at Mayara Rodrigues vet hva hun snakker om, samtidig som hun gir en enkel og sv\u00e6rt didaktisk presentasjon.<\/p>\n\n\n\n<p>Du f\u00e5r se videoleksjoner som er delt inn i moduler, slik at du enkelt og uten \u00e5 kaste bort for mye tid kan g\u00e5 videre og praktisere alt du har l\u00e6rt.<\/p>\n\n\n\n<p>Du er overbevist om at selv om du aldri har tegnet f\u00f8r, kan du l\u00e6re deg teknikkene for \u00e5 begynne \u00e5 tegne animefigurer p\u00e5 en praktisk m\u00e5te!<\/p>\n\n\n\n<p class=\"has-text-align-center\"><a class=\"fasc-button fasc-size-large fasc-type-glossy fasc-rounded-medium ico-fa fasc-ico-before fa-share-square-o\" style=\"background-color: #48aa3f; color: #ffffff;\" target=\"_blank\" rel=\"nofollow noopener\" href=\"https:\/\/comoaprenderjapones.net\/nb\/in\/conheca-o-metodo-fan-art\/\">Finn ut N\u00c5 om metoden og hvorfor den er s\u00e5 popul\u00e6r i dag!<\/a><\/p>\n\n\n\n<h2 class=\"wp-block-heading\">Ofte stilte sp\u00f8rsm\u00e5l<\/h2>\n\n\n<div id=\"rank-math-faq\" class=\"rank-math-block\">\n<div class=\"rank-math-list\">\n<div id=\"faq-question-1662400697637\" class=\"rank-math-list-item\">\n<h3 class=\"rank-math-question\"><strong>Er kurset riktig for meg?<\/strong><\/h3>\n<div class=\"rank-math-answer\">\n\n<p>Hvis du er 8 \u00e5r gammel, 16 \u00e5r gammel eller til og med 40 \u00e5r gammel (uansett alder) og vil l\u00e6re \u00e5 tegne anime- og mangafigurer, s\u00e5 er dette kurset noe for deg!<\/p>\n\n<\/div>\n<\/div>\n<div id=\"faq-question-1662400711600\" class=\"rank-math-list-item\">\n<h3 class=\"rank-math-question\"><strong>Hva ligger i Fan Art-metoden?<\/strong><\/h3>\n<div class=\"rank-math-answer\">\n\n<p>Det er mer enn 35 videoleksjoner pluss lydfiler og tekster.<\/p>\n\n<\/div>\n<\/div>\n<div id=\"faq-question-1662400722590\" class=\"rank-math-list-item\">\n<h3 class=\"rank-math-question\"><strong>Hvor lang tid tar kurset?<\/strong><\/h3>\n<div class=\"rank-math-answer\">\n\n<p>Tilgangen gjelder livet ut, dvs. p\u00e5 ubestemt tid.<\/p>\n\n<\/div>\n<\/div>\n<div id=\"faq-question-1662400736069\" class=\"rank-math-list-item\">\n<h3 class=\"rank-math-question\"><strong>Kan jeg betale for kurset i avdrag?<\/strong><\/h3>\n<div class=\"rank-math-answer\">\n\n<p>Ja, du kan betale for Fan Art Method 3.0-kurset i opptil 10 avdrag p\u00e5 kredittkortet ditt. Du kan til og med bruke to kredittkort hvis du vil.<\/p>\n\n<\/div>\n<\/div>\n<div id=\"faq-question-1662400747920\" class=\"rank-math-list-item\">\n<h3 class=\"rank-math-question\"><strong>Er det trygt \u00e5 kj\u00f8pe Fan Art Method?<\/strong><\/h3>\n<div class=\"rank-math-answer\">\n\n<p>Ja, det\u00a0<a href=\"https:\/\/comoaprenderjapones.net\/nb\/in\/comprar-metodo-fan-art-3-0-ck\/\" target=\"_blank\" rel=\"noreferrer noopener\">Hotmart-plattformen for \u00e5 utf\u00f8re betalingen<\/a>\u00a0som er veldig trygt.<\/p>\n\n<\/div>\n<\/div>\n<div id=\"faq-question-1662400768520\" class=\"rank-math-list-item\">\n<h3 class=\"rank-math-question\"><strong>Hvor kan jeg stille sp\u00f8rsm\u00e5l?<\/strong><\/h3>\n<div class=\"rank-math-answer\">\n\n<p>Du kan stille sp\u00f8rsm\u00e5l via Whatsapp.<\/p>\n\n<\/div>\n<\/div>\n<div id=\"faq-question-1662400782852\" class=\"rank-math-list-item\">\n<h3 class=\"rank-math-question\"><strong>Trenger jeg noe til kurset?<\/strong><\/h3>\n<div class=\"rank-math-answer\">\n\n<p>En internettforbindelse og enkle ting som blant annet blyanter vil bli vist i kurset.<\/p>\n\n<\/div>\n<\/div>\n<div id=\"faq-question-1662400805354\" class=\"rank-math-list-item\">\n<h3 class=\"rank-math-question\"><strong>Har kurset et sertifikat?<\/strong><\/h3>\n<div class=\"rank-math-answer\">\n\n<p>Ja, det finnes et kursbevis for fullf\u00f8rt kurs.<\/p>\n\n<\/div>\n<\/div>\n<div id=\"faq-question-1662400813086\" class=\"rank-math-list-item\">\n<h3 class=\"rank-math-question\"><strong>Er kurset garantert?<\/strong><\/h3>\n<div class=\"rank-math-answer\">\n\n<p>Ja, garantien er ubetinget i 7 dager, s\u00e5 hvis du ikke liker kurset, kan du be om \u00e5 f\u00e5 pengene tilbake, med full refusjon.<\/p>\n\n<\/div>\n<\/div>\n<\/div>\n<\/div>\n\n\n<p><strong>Likte du tipset? Del det med vennene dine ved \u00e5 klikke p\u00e5 knappene nedenfor!<\/strong><\/p>\n\n<div style=\"font-size: 0px; height: 0px; line-height: 0px; margin: 0; padding: 0; clear: both;\"><\/div>","protected":false},"excerpt":{"rendered":"<p>Aprenda a como desenhar personagem de animes mesmo sem ter o \u201cdom\u201d passo a passo com o m\u00e9todo fan art 3.0 criado pela Mayara Rodrigues.\u00a0 Quem gosta da cultura japonesa, principalmente pelos animes, mangas j\u00e1<\/p>","protected":false},"author":1,"featured_media":3028,"parent":0,"menu_order":0,"comment_status":"closed","ping_status":"closed","template":"","meta":{"footnotes":""},"class_list":["post-904","page","type-page","status-publish","has-post-thumbnail"],"jetpack-related-posts":[{"id":94,"url":"https:\/\/comoaprenderjapones.net\/nb\/programa-japones-online\/","url_meta":{"origin":904,"position":0},"title":"Online-program i japansk + gratis intensivkurs i japansk","author":"Rafael Avelino","date":"20 de oktober de 2014","format":false,"excerpt":"Conhe\u00e7a o curso de japon\u00eas Programa Japon\u00eas Online do Sensei Luiz Rafael! \u3053\u3093\u306b\u3061\u306f! Est\u00e1 procurando um m\u00e9todo eficiente que te ensine do ZERO a ter um n\u00edvel de flu\u00eancia que possa consumir conte\u00fados totalmente em japon\u00eas? O m\u00e9todo criado pelo Luiz Rafael j\u00e1 passou por muitas atualiza\u00e7\u00f5es e est\u00e1 no\u2026","rel":"","context":"Liknende innlegg","block_context":{"text":"Liknende innlegg","link":""},"img":{"alt_text":"Programa Japon\u00eas Online - Intensiv\u00e3o de japon\u00eas","src":"https:\/\/i0.wp.com\/comoaprenderjapones.net\/wp-content\/uploads\/2021\/01\/programa-japones-online-intensivao-de-japones-2021.jpg?fit=1200%2C932&ssl=1&resize=350%2C200","width":350,"height":200,"srcset":"https:\/\/i0.wp.com\/comoaprenderjapones.net\/wp-content\/uploads\/2021\/01\/programa-japones-online-intensivao-de-japones-2021.jpg?fit=1200%2C932&ssl=1&resize=350%2C200 1x, https:\/\/i0.wp.com\/comoaprenderjapones.net\/wp-content\/uploads\/2021\/01\/programa-japones-online-intensivao-de-japones-2021.jpg?fit=1200%2C932&ssl=1&resize=525%2C300 1.5x, https:\/\/i0.wp.com\/comoaprenderjapones.net\/wp-content\/uploads\/2021\/01\/programa-japones-online-intensivao-de-japones-2021.jpg?fit=1200%2C932&ssl=1&resize=700%2C400 2x, https:\/\/i0.wp.com\/comoaprenderjapones.net\/wp-content\/uploads\/2021\/01\/programa-japones-online-intensivao-de-japones-2021.jpg?fit=1200%2C932&ssl=1&resize=1050%2C600 3x"},"classes":[]},{"id":35,"url":"https:\/\/comoaprenderjapones.net\/nb\/sobre\/","url_meta":{"origin":904,"position":1},"title":"Om","author":"Rafael Avelino","date":"24 de august de 2014","format":false,"excerpt":"Ol\u00e1 Minna! Sou Rafael admin deste site, como vai? Muito obrigado por visitar este site que pretende passar dicas de como aprender japon\u00eas para quem est\u00e1 iniciando, assim como eu. Vamos tentar abordar tudo que possa ajudar no seu aprendizado do idioma japon\u00eas, que vai desde animes,m\u00fasicas,mangas e tamb\u00e9m o\u2026","rel":"","context":"Liknende innlegg","block_context":{"text":"Liknende innlegg","link":""},"img":{"alt_text":"","src":"","width":0,"height":0},"classes":[]},{"id":860,"url":"https:\/\/comoaprenderjapones.net\/nb\/japones-expresso-curso-online-japones\/","url_meta":{"origin":904,"position":2},"title":"Japon\u00eas Expresso: Curso online de japon\u00eas","author":"Rafael Avelino","date":"14 de november de 2016","format":false,"excerpt":"Conhe\u00e7a curso online japon\u00eas expresso promete te ajudar a sair do zero no idioma japon\u00eas e tamb\u00e9m para quem tem viagem marcada para o Jap\u00e3o. CURSO N\u00c3O EST\u00c1 DISPONIVEL. Conhe\u00e7a o curso Completo do Sensei Luiz Rafael o ???? Programa Japon\u00eas Online! Quem gosta da cultura japonesa, seja animes, mangas,\u2026","rel":"","context":"Liknende innlegg","block_context":{"text":"Liknende innlegg","link":""},"img":{"alt_text":"Japon\u00eas Expresso curso online de japon\u00eas","src":"https:\/\/i0.wp.com\/comoaprenderjapones.net\/wp-content\/uploads\/2016\/11\/Japones_Expresso.jpg?fit=1200%2C696&ssl=1&resize=350%2C200","width":350,"height":200,"srcset":"https:\/\/i0.wp.com\/comoaprenderjapones.net\/wp-content\/uploads\/2016\/11\/Japones_Expresso.jpg?fit=1200%2C696&ssl=1&resize=350%2C200 1x, https:\/\/i0.wp.com\/comoaprenderjapones.net\/wp-content\/uploads\/2016\/11\/Japones_Expresso.jpg?fit=1200%2C696&ssl=1&resize=525%2C300 1.5x, https:\/\/i0.wp.com\/comoaprenderjapones.net\/wp-content\/uploads\/2016\/11\/Japones_Expresso.jpg?fit=1200%2C696&ssl=1&resize=700%2C400 2x, https:\/\/i0.wp.com\/comoaprenderjapones.net\/wp-content\/uploads\/2016\/11\/Japones_Expresso.jpg?fit=1200%2C696&ssl=1&resize=1050%2C600 3x"},"classes":[]}],"jetpack_sharing_enabled":true,"amp_enabled":true,"_links":{"self":[{"href":"https:\/\/comoaprenderjapones.net\/nb\/wp-json\/wp\/v2\/pages\/904","targetHints":{"allow":["GET"]}}],"collection":[{"href":"https:\/\/comoaprenderjapones.net\/nb\/wp-json\/wp\/v2\/pages"}],"about":[{"href":"https:\/\/comoaprenderjapones.net\/nb\/wp-json\/wp\/v2\/types\/page"}],"author":[{"embeddable":true,"href":"https:\/\/comoaprenderjapones.net\/nb\/wp-json\/wp\/v2\/users\/1"}],"replies":[{"embeddable":true,"href":"https:\/\/comoaprenderjapones.net\/nb\/wp-json\/wp\/v2\/comments?post=904"}],"version-history":[{"count":0,"href":"https:\/\/comoaprenderjapones.net\/nb\/wp-json\/wp\/v2\/pages\/904\/revisions"}],"wp:featuredmedia":[{"embeddable":true,"href":"https:\/\/comoaprenderjapones.net\/nb\/wp-json\/wp\/v2\/media\/3028"}],"wp:attachment":[{"href":"https:\/\/comoaprenderjapones.net\/nb\/wp-json\/wp\/v2\/media?parent=904"}],"curies":[{"name":"wp","href":"https:\/\/api.w.org\/{rel}","templated":true}]}}