{"id":94,"date":"2014-10-20T14:59:33","date_gmt":"2014-10-20T16:59:33","guid":{"rendered":"https:\/\/comoaprenderjapones.net\/?page_id=94"},"modified":"2022-02-07T19:04:36","modified_gmt":"2022-02-07T22:04:36","slug":"japansk-online-program","status":"publish","type":"page","link":"https:\/\/comoaprenderjapones.net\/nb\/programa-japones-online\/","title":{"rendered":"Online-program i japansk + gratis intensivkurs i japansk"},"content":{"rendered":"<div class=\"527a9b96e85f09e5ab5a4598fe8592a3\" data-index=\"2\" style=\"float: none; margin:0px;\">\n<script async src=\"https:\/\/pagead2.googlesyndication.com\/pagead\/js\/adsbygoogle.js?client=ca-pub-0652292147574552\"\r\n     crossorigin=\"anonymous\"><\/script>\r\n<!-- Ads responsivo Inicio Post CAJap -->\r\n<ins class=\"adsbygoogle\"\r\n     style=\"display:block\"\r\n     data-ad-client=\"ca-pub-0652292147574552\"\r\n     data-ad-slot=\"3298668993\"\r\n     data-ad-format=\"auto\"><\/ins>\r\n<script>\r\n     (adsbygoogle = window.adsbygoogle || []).push({});\r\n<\/script>\n<\/div>\n\n<p><em>Bli kjent med japanskkurset <strong>Japansk online-program<\/strong> fra Sensei Luiz Rafael!<\/em><\/p>\n\n\n\n<p>\u3053\u3093\u306b\u3061\u306f! Leter du etter en effektiv metode som vil l\u00e6re deg fra NULL til et niv\u00e5 der du kan konsumere innhold helt og holdent p\u00e5 japansk?<\/p>\n\n\n\n<p>Metoden skapt av Luiz Rafael har gjennomg\u00e5tt mange oppdateringer og har v\u00e6rt p\u00e5 markedet i \u00e5revis og er for tiden (2021) et av de beste og mest komplette online japanskkursene.<\/p>\n\n\n\n<p class=\"has-background\" style=\"background-color:#fff2f2\"><strong>Sammendrag av artikkelen<br \/><\/strong><a href=\"#lingua-japonesa\">Det japanske spr\u00e5ket<br \/><\/a><a href=\"#quem-e-luiz-rafael\">Hvem er Luiz Rafael?<br \/><\/a><a href=\"#programa-japones-online\">Japansk online-program<br \/><\/a><a href=\"#depoimento-aluno\">Studentuttalelse om det nettbaserte japanskprogrammet<br \/><\/a><a href=\"#intensivao-japones\">Japansk intensiv<br \/><\/a><a href=\"#abertura-vagas\">Hvordan fungerer ledige stillinger?<\/a><\/p>\n\n\n\n<p>Hvis du liker japansk kultur p\u00e5 grunn av anime, tokusatsu, manga og filmer, er dette en god grunn til \u00e5 begynne \u00e5 se dem uten undertekster.<\/p>\n\n\n\n<p>Det trenger ikke n\u00f8dvendigvis \u00e5 v\u00e6re disse, men det \u00e5 reise, bo eller studere i Japan er ogs\u00e5 en utmerket grunn til \u00e5 l\u00e6re seg japansk.<\/p>\n\n\n\n<p>Uansett hva det er, hvis du har bestemt deg for \u00e5 l\u00e6re japansk, kan dette kurset hjelpe deg med \u00e5 n\u00e5 det m\u00e5let.<\/p>\n\n\n\n<h2 class=\"wp-block-heading\" id=\"lingua-japonesa\"><span style=\"color: #e5141b;\">Det japanske spr\u00e5ket<\/span><\/h2>\n\n\n\n<p><strong>L\u00e6re japansk<\/strong> trenger ikke \u00e5 v\u00e6re s\u00e5 vanskelig som mange, meg selv inkludert, forestiller seg. Hvis du vet hvordan du skal studere, blir det mye enklere for deg \u00e5 l\u00e6re.<\/p>\n\n\n\n<p>Selvsagt <a href=\"https:\/\/pt.wikipedia.org\/wiki\/L%C3%ADngua_japonesa\" target=\"_blank\" rel=\"noopener noreferrer\">Japansk spr\u00e5k<\/a> Det er ikke det samme som om vi skulle l\u00e6re oss engelsk, for p\u00e5 engelsk er vi allerede kjent med ordene, og ikke minst bruker vi mange av dem i dagliglivet, og med mange uttaler.<\/p>\n\n\n\n<p>P\u00e5 japansk, derimot, m\u00e5 du definitivt begynne fra bunnen av for \u00e5 bli flytende. Det som virkelig \"gj\u00f8r det vanskelig\" for nybegynnere, er det japanske alfabetet\/ideogrammet, som det finnes tre av:<\/p>\n\n\n\n<ul class=\"wp-block-list\"><li>Hiragana med 46 ideogrammer.<\/li><li>Katakana med 46 ideogrammer.<\/li><li>Kanji har tusenvis av ideogrammer, men de mest brukte er rundt 2 500 kanji.<\/li><\/ul>\n\n\n\n<p>Vi har ogs\u00e5 romaji, som hjelper oss med \u00e5 lese og uttale ideogrammene riktig, og furigana, som vanligvis skrives i hiragana og ligger opp\u00e5 kanjiene og beskriver hvordan de uttales.<\/p>\n\n\n\n<p>Det trenger ikke \u00e5 v\u00e6re s\u00e5 komplisert \u00e5 l\u00e6re nihongo, ettersom <a href=\"https:\/\/comoaprenderjapones.net\/nb\/in\/aprenda-nihongo\/\" target=\"_blank\" rel=\"noreferrer noopener\">Sensei Luiz Rafael<\/a> sier at vi m\u00e5 gj\u00f8re mye input, det vil si alt vi mottar, enten det er ved \u00e5 lese eller lytte.<\/p>\n\n\n<div class=\"gb-button-wrapper gb-button-wrapper-9eef6438\">\n\n<a class=\"gb-button gb-button-62a4c394 gb-button-text\" href=\"https:\/\/comoaprenderjapones.net\/nb\/in\/aprenda-nihongo\/\" target=\"_blank\" rel=\"nofollow noopener noreferrer\">Finn ut mer om programmet ved \u00e5 klikke her!<\/a>\n\n<\/div>\n\n\n<h2 class=\"wp-block-heading\" id=\"quem-e-luiz-rafael\"><span style=\"color: #e5141b;\">Hvem er Luiz Rafael?<\/span><\/h2>\n\n\n\n<div class=\"wp-block-image\"><figure class=\"alignleft\"><img data-recalc-dims=\"1\" decoding=\"async\" width=\"371\" height=\"267\" src=\"https:\/\/i0.wp.com\/comoaprenderjapones.net\/wp-content\/uploads\/2014\/10\/Luiz_Rafael_Programa_Japones_Online.png?resize=371%2C267&#038;ssl=1\" alt=\"Luiz Rafael, skaperen av det japanske online-programmet\" class=\"wp-image-95\" title=\"Japansk online-program\" srcset=\"https:\/\/i0.wp.com\/comoaprenderjapones.net\/wp-content\/uploads\/2014\/10\/Luiz_Rafael_Programa_Japones_Online.png?w=371&amp;ssl=1 371w, https:\/\/i0.wp.com\/comoaprenderjapones.net\/wp-content\/uploads\/2014\/10\/Luiz_Rafael_Programa_Japones_Online.png?resize=300%2C215&amp;ssl=1 300w\" sizes=\"(max-width: 371px) 100vw, 371px\" \/><figcaption><strong>Luiz Rafael<\/strong> skaperen av det japanske online-programmet<\/figcaption><\/figure><\/div>\n\n\n\n<p>Luiz var en av tusenvis av mennesker som i ten\u00e5rene ble interessert i japansk kultur, det v\u00e6re seg manga, anime eller film, og bestemte seg for at han ville l\u00e6re seg japansk.<\/p>\n\n\n\n<p>I likhet med de aller fleste andre begynte han feil vei, i den tro at han skulle bli flytende, men han fikk ikke tilfredsstillende resultater av \u00e5 delta p\u00e5 klasseromskurs.<\/p>\n\n\n\n<p>Det var da han lette etter den riktige m\u00e5ten \u00e5 l\u00e6re seg et nytt spr\u00e5k p\u00e5, og dessuten satte han den ut i praksis for \u00e5 se om den virkelig fungerte.<\/p>\n\n\n\n<p>Det utrolige er at han lyktes med denne metoden og n\u00e5dde m\u00e5let sitt om \u00e5 snakke japansk flytende.<\/p>\n\n\n\n<h2 class=\"has-text-align-left wp-block-heading\" id=\"programa-japones-online\"><span style=\"color: #e5141b;\">Japansk online-program<\/span><\/h2>\n\n\n\n<p>Sensei tenkte p\u00e5 dette behovet og frustrasjonen til tusenvis av mennesker som \u00f8nsker \u00e5 l\u00e6re nihongo, og bestemte seg for \u00e5 <a href=\"https:\/\/comoaprenderjapones.net\/nb\/in\/aprenda-nihongo\/\" target=\"_blank\" rel=\"noreferrer noopener\">lage et nettbasert japanskkurs<\/a> slik at du kan l\u00e6re mye mer effektivt.<\/p>\n\n\n\n<p>Metoden som Sensei Luiz Rafael har utviklet er ekstremt effektiv. En av grunnpilarene er at du f\u00f8rst m\u00e5 l\u00e6re deg \u00e5 lese for \u00e5 kunne begynne \u00e5 komme med mange innspill. Ved \u00e5 l\u00e6re hiragana og katakana kan du begynne \u00e5 lese manga, b\u00f8ker og nettsteder.<\/p>\n\n\n\n<p>Ikke bare er Senseis m\u00e5te \u00e5 undervise p\u00e5 bedre enn de fleste, men du f\u00e5r ogs\u00e5 utmerket st\u00f8tte. Han lar deg ikke miste motet, han sender deg alltid nyheter, historier og motivasjon slik at du ikke slutter \u00e5 studere for \u00e5 n\u00e5 m\u00e5let ditt.<\/p>\n\n\n\n<p>Kurset fokuserer ikke p\u00e5 grammatikk, og du l\u00e6rer i ditt eget tempo p\u00e5 et lukket nettsted bare for studenter og et fellesskap p\u00e5 portalen.<\/p>\n\n\n\n<h3 class=\"wp-block-heading\" id=\"depoimento-aluno\"><span style=\"color: #e5141b;\">Vitnesbyrd: Student p\u00e5 det japanske online-programmet<\/span><\/h3>\n\n\n\n<p>Nedenfor finner du Lu\u00eds Eduardo Nunes' oppriktige beretning om kurset og viktigheten av \u00e5 ta studiene p\u00e5 alvor, i tillegg til Luiz' metode, som er mer enn bare et kurs. <a href=\"https:\/\/comoaprenderjapones.net\/nb\/japansk-online-program\/\">Kurs i japansk<\/a> og den mest effektive m\u00e5ten \u00e5 studere et spr\u00e5k p\u00e5, se p\u00e5:<\/p>\n\n\n\n<figure class=\"wp-block-embed is-type-video is-provider-youtube wp-block-embed-youtube wp-embed-aspect-16-9 wp-has-aspect-ratio\"><div class=\"wp-block-embed__wrapper\">\n<iframe title=\"Betydningen av \u00e5 studere japansk (Lu\u00eds Eduardo Nunes) | Japanese Online Programme\" width=\"1200\" height=\"675\" src=\"https:\/\/www.youtube.com\/embed\/xwTbhm8ASq4?feature=oembed\" frameborder=\"0\" allow=\"accelerometer; autoplay; clipboard-write; encrypted-media; gyroscope; picture-in-picture\" allowfullscreen><\/iframe>\n<\/div><figcaption>Eduardo Nunes' beretning - japansk online-program<\/figcaption><\/figure>\n\n\n\n<p>Som forventet ble <a href=\"https:\/\/comoaprenderjapones.net\/nb\/in\/aprenda-nihongo\/\" target=\"_blank\" rel=\"noreferrer noopener\">Begrenset antall plasser p\u00e5 det nettbaserte japanskprogrammet<\/a> slik at Sensei kan gi alle beh\u00f8rig oppmerksomhet og svare p\u00e5 sp\u00f8rsm\u00e5lene deres.<\/p>\n\n\n\n<h2 class=\"wp-block-heading\" id=\"intensivao-japones\"><span style=\"color: #e5141b;\">Japansk intensiv<\/span><\/h2>\n\n\n\n<p>Hvert \u00e5r, omtrent to ganger (eller mer), arrangerer Luiz Rafael et arrangement som kalles <strong>Japansk intensivkurs<\/strong> der han presenterer sin metode for \u00e5 l\u00e6re japansk lettere og mer effektivt gjennom et gratis minikurs.<\/p>\n\n\n\n<p>Det har allerede v\u00e6rt noen f\u00e5 intensivkurs i japansk s\u00e5 langt, s\u00e5 for \u00e5 finne ut mer om det neste er det bare \u00e5 klikke her. <a href=\"https:\/\/comoaprenderjapones.net\/nb\/in\/aprenda-nihongo\/\" target=\"_blank\" rel=\"noreferrer noopener\">klikk her<\/a>!<\/p>\n\n\n\n<p><em>Husk at dette arrangementet bare finner sted noen f\u00e5 ganger i \u00e5ret, og at det kan v\u00e6re over n\u00e5r du leser denne artikkelen.<\/em><\/p>\n\n\n\n<div class=\"wp-block-image\"><figure class=\"aligncenter size-large\"><img data-recalc-dims=\"1\" decoding=\"async\" width=\"1024\" height=\"318\" src=\"https:\/\/i0.wp.com\/comoaprenderjapones.net\/wp-content\/uploads\/2021\/01\/Intensivao-japones-2021-janeiro.jpg?resize=1024%2C318&#038;ssl=1\" alt=\"Online japansk program japansk intensiv\" class=\"wp-image-3146\" srcset=\"https:\/\/i0.wp.com\/comoaprenderjapones.net\/wp-content\/uploads\/2021\/01\/Intensivao-japones-2021-janeiro.jpg?resize=1024%2C318&amp;ssl=1 1024w, https:\/\/i0.wp.com\/comoaprenderjapones.net\/wp-content\/uploads\/2021\/01\/Intensivao-japones-2021-janeiro.jpg?resize=300%2C93&amp;ssl=1 300w, https:\/\/i0.wp.com\/comoaprenderjapones.net\/wp-content\/uploads\/2021\/01\/Intensivao-japones-2021-janeiro.jpg?resize=768%2C239&amp;ssl=1 768w, https:\/\/i0.wp.com\/comoaprenderjapones.net\/wp-content\/uploads\/2021\/01\/Intensivao-japones-2021-janeiro.jpg?resize=150%2C47&amp;ssl=1 150w, https:\/\/i0.wp.com\/comoaprenderjapones.net\/wp-content\/uploads\/2021\/01\/Intensivao-japones-2021-janeiro.jpg?w=1045&amp;ssl=1 1045w\" sizes=\"(max-width: 1024px) 100vw, 1024px\" \/><figcaption>Online japansk program japansk intensiv<\/figcaption><\/figure><\/div>\n\n\n\n<p>Med Japanese Online Programme slipper du \u00e5 lete p\u00e5 internett etter m\u00e5ter \u00e5 l\u00e6re japansk p\u00e5, for med Japanese Online Programme f\u00e5r du et nettsted kun for medlemmer med videoleksjoner, h\u00e5ndb\u00f8ker, lydfiler og mye mer!<br \/><\/p>\n\n\n\n<p>Du vil motta en serie gratis videoer som forteller historien og metoden som brukes av \u305b\u3093\u305b\u3044 Luiz Rafael og hans reise til flytende nihongo.<\/p>\n\n\n\n<h3 class=\"wp-block-heading\" id=\"abertura-vagas\"><span style=\"color: #e5141b;\">Hvordan fungerer utlysningen av ledige stillinger til Japanese Online Programme?<\/span><\/h3>\n\n\n\n<p>Hvis du har fulgt NIHONGO-uken, som vanligvis varer en uke eller mer, vil du f\u00e5 se hvordan Luiz underviser med sin metodikk og hvordan st\u00f8tten vil fungere.<\/p>\n\n\n\n<p>Kurset varer i 9 m\u00e5neder, men du f\u00e5r ytterligere 9 m\u00e5neder, til sammen 18 m\u00e5neders tilgang til kurset, pluss full st\u00f8tte til \u00e5 svare p\u00e5 alle sp\u00f8rsm\u00e5lene dine med teamet.<\/p>\n\n\n\n<p>Programmet har ogs\u00e5 en begrensning p\u00e5 antall studieplasser, slik at det er mulig \u00e5 gi god st\u00f8tte til hver enkelt student.<\/p>\n\n\n\n<p>Husk at plassene vanligvis tar slutt i l\u00f8pet av to dager, og at de ogs\u00e5 er \u00e5pne i maksimalt tre dager, men at de kan ta slutt f\u00f8r den siste dagen.<\/p>\n\n\n\n<p>Hvis du er interessert i \u00e5 l\u00e6re japansk med den beste metodikken i Brasil, klikk p\u00e5 knappen nedenfor:<\/p>\n\n\n<div class=\"gb-button-wrapper gb-button-wrapper-f4deca25\">\n\n<a class=\"gb-button gb-button-7aa7f773 gb-button-text\" href=\"https:\/\/comoaprenderjapones.net\/nb\/in\/aprenda-nihongo\/\" target=\"_blank\" rel=\"nofollow noopener noreferrer\">Finn ut hvordan de ledige stillingene fungerer ved \u00e5 klikke her!<\/a>\n\n<\/div>\n\n\n<p><strong>\u9811\u5f35\u3063\u3066<\/strong>!<\/p>\n\n<div style=\"font-size: 0px; height: 0px; line-height: 0px; margin: 0; padding: 0; clear: both;\"><\/div>","protected":false},"excerpt":{"rendered":"<p>Conhe\u00e7a o curso de japon\u00eas Programa Japon\u00eas Online do Sensei Luiz Rafael! \u3053\u3093\u306b\u3061\u306f! Est\u00e1 procurando um m\u00e9todo eficiente que te ensine do ZERO a ter um n\u00edvel de flu\u00eancia que possa consumir conte\u00fados totalmente em<\/p>","protected":false},"author":1,"featured_media":3155,"parent":0,"menu_order":0,"comment_status":"closed","ping_status":"closed","template":"","meta":{"footnotes":""},"class_list":["post-94","page","type-page","status-publish","has-post-thumbnail"],"jetpack-related-posts":[{"id":860,"url":"https:\/\/comoaprenderjapones.net\/nb\/japones-expresso-curso-online-japones\/","url_meta":{"origin":94,"position":0},"title":"Japon\u00eas Expresso: Curso online de japon\u00eas","author":"Rafael Avelino","date":"14 de november de 2016","format":false,"excerpt":"Conhe\u00e7a curso online japon\u00eas expresso promete te ajudar a sair do zero no idioma japon\u00eas e tamb\u00e9m para quem tem viagem marcada para o Jap\u00e3o. CURSO N\u00c3O EST\u00c1 DISPONIVEL. Conhe\u00e7a o curso Completo do Sensei Luiz Rafael o ???? Programa Japon\u00eas Online! Quem gosta da cultura japonesa, seja animes, mangas,\u2026","rel":"","context":"Liknende innlegg","block_context":{"text":"Liknende innlegg","link":""},"img":{"alt_text":"Japon\u00eas Expresso curso online de japon\u00eas","src":"https:\/\/i0.wp.com\/comoaprenderjapones.net\/wp-content\/uploads\/2016\/11\/Japones_Expresso.jpg?fit=1200%2C696&ssl=1&resize=350%2C200","width":350,"height":200,"srcset":"https:\/\/i0.wp.com\/comoaprenderjapones.net\/wp-content\/uploads\/2016\/11\/Japones_Expresso.jpg?fit=1200%2C696&ssl=1&resize=350%2C200 1x, https:\/\/i0.wp.com\/comoaprenderjapones.net\/wp-content\/uploads\/2016\/11\/Japones_Expresso.jpg?fit=1200%2C696&ssl=1&resize=525%2C300 1.5x, https:\/\/i0.wp.com\/comoaprenderjapones.net\/wp-content\/uploads\/2016\/11\/Japones_Expresso.jpg?fit=1200%2C696&ssl=1&resize=700%2C400 2x, https:\/\/i0.wp.com\/comoaprenderjapones.net\/wp-content\/uploads\/2016\/11\/Japones_Expresso.jpg?fit=1200%2C696&ssl=1&resize=1050%2C600 3x"},"classes":[]},{"id":4016,"url":"https:\/\/comoaprenderjapones.net\/nb\/curso-japones-club-por-skdesu\/","url_meta":{"origin":94,"position":1},"title":"Curso Japon\u00eas Club por Skdesu","author":"Rafael Avelino","date":"2 de februar de 2023","format":false,"excerpt":"Advertorial Aprenda a L\u00edngua Japonesa com o Curso Japon\u00eas Club e Tenha a solu\u00e7\u00e3o definitiva para superar qualquer desafio! Mang\u00e1 Death Note Olha s\u00f3 o que voc\u00ea tem no Curso Japon\u00eas Club! + de 140 v\u00eddeo aulas em Alta Defini\u00e7\u00e3o Jogos e Atividades Interativas Pagamento \u00danico (N\u00e3o tem Mensalidades) Acesso\u2026","rel":"","context":"Liknende innlegg","block_context":{"text":"Liknende innlegg","link":""},"img":{"alt_text":"","src":"https:\/\/i0.wp.com\/comoaprenderjapones.net\/wp-content\/uploads\/2023\/02\/japones-club-advertorial.jpg?fit=1023%2C499&ssl=1&resize=350%2C200","width":350,"height":200,"srcset":"https:\/\/i0.wp.com\/comoaprenderjapones.net\/wp-content\/uploads\/2023\/02\/japones-club-advertorial.jpg?fit=1023%2C499&ssl=1&resize=350%2C200 1x, https:\/\/i0.wp.com\/comoaprenderjapones.net\/wp-content\/uploads\/2023\/02\/japones-club-advertorial.jpg?fit=1023%2C499&ssl=1&resize=525%2C300 1.5x, https:\/\/i0.wp.com\/comoaprenderjapones.net\/wp-content\/uploads\/2023\/02\/japones-club-advertorial.jpg?fit=1023%2C499&ssl=1&resize=700%2C400 2x"},"classes":[]},{"id":35,"url":"https:\/\/comoaprenderjapones.net\/nb\/sobre\/","url_meta":{"origin":94,"position":2},"title":"Om","author":"Rafael Avelino","date":"24 de august de 2014","format":false,"excerpt":"Ol\u00e1 Minna! Sou Rafael admin deste site, como vai? Muito obrigado por visitar este site que pretende passar dicas de como aprender japon\u00eas para quem est\u00e1 iniciando, assim como eu. Vamos tentar abordar tudo que possa ajudar no seu aprendizado do idioma japon\u00eas, que vai desde animes,m\u00fasicas,mangas e tamb\u00e9m o\u2026","rel":"","context":"Liknende innlegg","block_context":{"text":"Liknende innlegg","link":""},"img":{"alt_text":"","src":"","width":0,"height":0},"classes":[]},{"id":179,"url":"https:\/\/comoaprenderjapones.net\/nb\/mapa-site\/","url_meta":{"origin":94,"position":3},"title":"Mapa do Site","author":"Rafael Avelino","date":"31 de januar de 2015","format":false,"excerpt":"Mapa do Site Veja todos os artigos publicados aqui no Como Aprender Japon\u00eas","rel":"","context":"Liknende innlegg","block_context":{"text":"Liknende innlegg","link":""},"img":{"alt_text":"","src":"","width":0,"height":0},"classes":[]},{"id":2786,"url":"https:\/\/comoaprenderjapones.net\/nb\/acompanhe\/","url_meta":{"origin":94,"position":4},"title":"Acompanhe","author":"Rafael Avelino","date":"12 de juni de 2020","format":false,"excerpt":"Para n\u00e3o perder alguma novidade ou dica logo em seguida vou indicar v\u00e1rias op\u00e7\u00f5es para que voc\u00ea acompanhe o comoaprenderjapones.net da maneira que desejar e que mais goste. Acompanhe pelo Feed Um dos meios mais tradicionais para voc\u00ea receber as novidades instantaneamente quando algo \u00e9 publicado por aqui. Feed do\u2026","rel":"","context":"Liknende innlegg","block_context":{"text":"Liknende innlegg","link":""},"img":{"alt_text":"Acompanhe pelo Feedly o comoaprenderjapones.net","src":"https:\/\/i0.wp.com\/comoaprenderjapones.net\/wp-content\/uploads\/2020\/06\/feedly-follow.png?resize=350%2C200&ssl=1","width":350,"height":200},"classes":[]},{"id":904,"url":"https:\/\/comoaprenderjapones.net\/nb\/metodo-fan-art\/","url_meta":{"origin":94,"position":5},"title":"Fan Art Method 3.0 - Hvordan tegne anime-figurer","author":"Rafael Avelino","date":"15 de februar de 2017","format":false,"excerpt":"Aprenda a como desenhar personagem de animes mesmo sem ter o \u201cdom\u201d passo a passo com o m\u00e9todo fan art 3.0 criado pela Mayara Rodrigues.\u00a0 Quem gosta da cultura japonesa, principalmente pelos animes, mangas j\u00e1 teve a curiosidade de saber se \u00e9 poss\u00edvel aprender a desenhar aquele personagem favorito mesmo\u2026","rel":"","context":"Liknende innlegg","block_context":{"text":"Liknende innlegg","link":""},"img":{"alt_text":"M\u00e9todo Fan Art 3.0 \u2013 Desenhe seu personagem de anime favorito!","src":"https:\/\/i0.wp.com\/comoaprenderjapones.net\/wp-content\/uploads\/2020\/12\/Metod-Fan-Art-3-0-Desenhar-Animes.jpg?fit=1200%2C628&ssl=1&resize=350%2C200","width":350,"height":200,"srcset":"https:\/\/i0.wp.com\/comoaprenderjapones.net\/wp-content\/uploads\/2020\/12\/Metod-Fan-Art-3-0-Desenhar-Animes.jpg?fit=1200%2C628&ssl=1&resize=350%2C200 1x, https:\/\/i0.wp.com\/comoaprenderjapones.net\/wp-content\/uploads\/2020\/12\/Metod-Fan-Art-3-0-Desenhar-Animes.jpg?fit=1200%2C628&ssl=1&resize=525%2C300 1.5x, https:\/\/i0.wp.com\/comoaprenderjapones.net\/wp-content\/uploads\/2020\/12\/Metod-Fan-Art-3-0-Desenhar-Animes.jpg?fit=1200%2C628&ssl=1&resize=700%2C400 2x, https:\/\/i0.wp.com\/comoaprenderjapones.net\/wp-content\/uploads\/2020\/12\/Metod-Fan-Art-3-0-Desenhar-Animes.jpg?fit=1200%2C628&ssl=1&resize=1050%2C600 3x"},"classes":[]}],"jetpack_sharing_enabled":true,"amp_enabled":true,"_links":{"self":[{"href":"https:\/\/comoaprenderjapones.net\/nb\/wp-json\/wp\/v2\/pages\/94","targetHints":{"allow":["GET"]}}],"collection":[{"href":"https:\/\/comoaprenderjapones.net\/nb\/wp-json\/wp\/v2\/pages"}],"about":[{"href":"https:\/\/comoaprenderjapones.net\/nb\/wp-json\/wp\/v2\/types\/page"}],"author":[{"embeddable":true,"href":"https:\/\/comoaprenderjapones.net\/nb\/wp-json\/wp\/v2\/users\/1"}],"replies":[{"embeddable":true,"href":"https:\/\/comoaprenderjapones.net\/nb\/wp-json\/wp\/v2\/comments?post=94"}],"version-history":[{"count":0,"href":"https:\/\/comoaprenderjapones.net\/nb\/wp-json\/wp\/v2\/pages\/94\/revisions"}],"wp:featuredmedia":[{"embeddable":true,"href":"https:\/\/comoaprenderjapones.net\/nb\/wp-json\/wp\/v2\/media\/3155"}],"wp:attachment":[{"href":"https:\/\/comoaprenderjapones.net\/nb\/wp-json\/wp\/v2\/media?parent=94"}],"curies":[{"name":"wp","href":"https:\/\/api.w.org\/{rel}","templated":true}]}}