{"id":860,"date":"2016-11-14T21:13:15","date_gmt":"2016-11-14T23:13:15","guid":{"rendered":"https:\/\/comoaprenderjapones.net\/?page_id=860"},"modified":"2023-02-19T12:30:41","modified_gmt":"2023-02-19T15:30:41","slug":"japanse-express-online-cursus","status":"publish","type":"page","link":"https:\/\/comoaprenderjapones.net\/nl\/japones-expresso-curso-online-japones\/","title":{"rendered":"Japanese Express: Online cursus Japans"},"content":{"rendered":"<div class=\"caba505e67cf7f039f210dc4e940b1ef\" data-index=\"2\" style=\"float: none; margin:0px;\">\n<script async src=\"https:\/\/pagead2.googlesyndication.com\/pagead\/js\/adsbygoogle.js?client=ca-pub-0652292147574552\"\r\n     crossorigin=\"anonymous\"><\/script>\r\n<!-- Ads responsivo Inicio Post CAJap -->\r\n<ins class=\"adsbygoogle\"\r\n     style=\"display:block\"\r\n     data-ad-client=\"ca-pub-0652292147574552\"\r\n     data-ad-slot=\"3298668993\"\r\n     data-ad-format=\"auto\"><\/ins>\r\n<script>\r\n     (adsbygoogle = window.adsbygoogle || []).push({});\r\n<\/script>\n<\/div>\n\n<p><em>Meer informatie over online cursussen <strong>Japanse express<\/strong> belooft om je op weg te helpen in het Japans en ook voor degenen die naar Japan reizen.<\/em><\/p>\n\n\n\n<p class=\"has-background has-medium-font-size\" style=\"background-color:#f8c0c0\"><strong>CURSUS NIET BESCHIKBAAR<\/strong>. Maak kennis met de volledige cursus van Sensei Luiz Rafael ???? <a href=\"https:\/\/comoaprenderjapones.net\/nl\/japans-online-programma\/\" data-type=\"URL\" data-id=\"https:\/\/comoaprenderjapones.net\/programa-japones-online\/\">Online programma Japans<\/a>!<\/p>\n\n\n\n<p>Iedereen die van de Japanse cultuur houdt, of het nu gaat om anime, manga, films, J-drama's of vele andere factoren die deze cultuur uniek maken, zal erover nagedacht hebben om de Japanse taal te leren om nog meer van deze eigenaardige cultuur te kunnen genieten.<\/p>\n\n\n\n<p>Het grote probleem voor degenen die vanaf nul beginnen, of zelfs begonnen en gestopt zijn, is dat de indruk bestaat dat Nihongo een zeer moeilijke of zelfs onmogelijke taal is om te leren.<\/p>\n\n\n\n<p>Maar dat is niet waar! Wat er gebeurt is dat je nog niet de juiste methodologie hebt geleerd om effectief te studeren.<\/p>\n\n\n\n<p>Zou het niet geweldig zijn om een cursus te hebben die direct ter zake komt, zonder veel poeha, gericht op diegenen die snel de basis van de taal willen leren om naar Japan te reizen of om meer motivatie te hebben om zich nog verder in de Japanse taal te verdiepen?<\/p>\n\n\n\n<p>Daarom heeft \u5148\u751f Luiz de <a href=\"https:\/\/comoaprenderjapones.net\/nl\/in\/curso-de-japones-gratis-agosto-de-2020\/\" target=\"_blank\" rel=\"noopener noreferrer\">Expresscursus Japans<\/a> voor degenen die dit doel hebben en snel genoeg moeten leren om zich in Japan te kunnen redden.<\/p>\n\n\n<div class=\"wp-block-image\">\n<figure class=\"aligncenter\"><img data-recalc-dims=\"1\" decoding=\"async\" width=\"960\" height=\"436\" src=\"https:\/\/i0.wp.com\/comoaprenderjapones.net\/wp-content\/uploads\/2016\/11\/Viagem_Japao_curso_japones_expresso.jpg?resize=960%2C436&#038;ssl=1\" alt=\"Reizen naar Japan: exprescursus Japans\" class=\"wp-image-865\" title=\"Reizen naar Japan: exprescursus Japans\" srcset=\"https:\/\/i0.wp.com\/comoaprenderjapones.net\/wp-content\/uploads\/2016\/11\/Viagem_Japao_curso_japones_expresso.jpg?w=960&amp;ssl=1 960w, https:\/\/i0.wp.com\/comoaprenderjapones.net\/wp-content\/uploads\/2016\/11\/Viagem_Japao_curso_japones_expresso.jpg?resize=300%2C136&amp;ssl=1 300w, https:\/\/i0.wp.com\/comoaprenderjapones.net\/wp-content\/uploads\/2016\/11\/Viagem_Japao_curso_japones_expresso.jpg?resize=768%2C349&amp;ssl=1 768w\" sizes=\"(max-width: 960px) 100vw, 960px\" \/><\/figure>\n<\/div>\n\n\n<h2 class=\"wp-block-heading\" id=\"o-que-e-o-curso-japones-expresso\">Wat is de exprescursus Japans?<\/h2>\n\n\n\n<p>Het is een gesloten cursus exclusief voor studenten waar je vanaf nul kunt beginnen en de Japanse taal veel effici\u00ebnter en sneller kunt leren door middel van videolessen.<\/p>\n\n\n\n<p>Maar deze NIEUWE <a href=\"https:\/\/comoaprenderjapones.net\/nl\/in\/curso-de-japones-gratis-agosto-de-2020\/\" target=\"_blank\" rel=\"noopener noreferrer\">online cursus Japans<\/a> heeft \u00e9\u00e9n groot verschil met de andere: het duurt 6 weken, wat praktisch anderhalve maand is.<\/p>\n\n\n\n<h3 class=\"wp-block-heading\" id=\"para-quem-e-esse-curso\">Voor wie is deze cursus bedoeld?<\/h3>\n\n\n\n<p>Het doel van de cursus is om zo direct, eenvoudig en gemakkelijk mogelijk te zijn, zodat iedereen de basis van de taal kan leren.<\/p>\n\n\n\n<p>Het is gemaakt met de persoon in gedachten:<\/p>\n\n\n\n<ul class=\"wp-block-list\">\n<li>Je hebt geen tijd te verliezen en je moet dringend op zijn minst de basis leren om essenti\u00eble communicatievaardigheden te hebben in Japan.<\/li>\n\n\n\n<li>Voor degenen die niets van de taal weten en meteen de basis willen leren, zodat ze veel gemotiveerder zijn om verder te studeren.<\/li>\n<\/ul>\n\n\n\n<p>Express Japanese richt zich vooral op mensen die op zoek zijn naar een online cursus Japans die snel is en in minder tijd bevredigende resultaten oplevert.<\/p>\n\n\n\n<p>Het is een <strong>Cursus Japans voor reizigers naar Japan<\/strong> of snel de basis van de taal wil leren.<\/p>\n\n\n\n<p class=\"has-text-align-center\"><a class=\"fasc-button fasc-size-large fasc-type-flat fasc-rounded-medium ico-fa fasc-ico-before fa-play-circle\" style=\"background-color: #e43f42; color: #ffffff;\" target=\"_blank\" rel=\"noopener noreferrer\" href=\"https:\/\/comoaprenderjapones.net\/nl\/in\/curso-de-japones-gratis-agosto-de-2020\/\">Klik hier voor meer informatie over de cursus!<\/a><\/p>\n\n\n\n<h3 class=\"wp-block-heading\" id=\"qual-o-conteudo-do-curso\">Wat is de inhoud van de cursus?<\/h3>\n\n\n\n<p>Zoals gebruikelijk is de cursus 100% online op een gesloten site alleen voor studenten:<\/p>\n\n\n\n<ul class=\"wp-block-list\">\n<li>Een team dat klaarstaat om je vragen te beantwoorden<\/li>\n\n\n\n<li>U ontvangt een login en wachtwoord om toegang te krijgen tot het portaal<\/li>\n\n\n\n<li>Inhoud gericht op het leggen van een basis voor communicatie met moedertaalsprekers<\/li>\n\n\n\n<li>Er zijn 6 onderwerpen plus bonussen om snel en gemakkelijk te leren in videolessen plus downloadbare hand-outs<\/li>\n<\/ul>\n\n\n\n<p>In elke les kun je een vraag achterlaten, vergelijkbaar met een opmerking, zodat het ondersteuningsteam deze zo snel mogelijk kan beantwoorden.<\/p>\n\n\n\n<h2 class=\"wp-block-heading\" id=\"quem-e-o-criador-do-curso-japones-expresso\">Wie is de bedenker van de exprescursus Japans?<\/h2>\n\n\n<div class=\"wp-block-image\">\n<figure class=\"alignleft\"><img data-recalc-dims=\"1\" decoding=\"async\" width=\"300\" height=\"244\" src=\"https:\/\/i0.wp.com\/comoaprenderjapones.net\/wp-content\/uploads\/2016\/11\/Luiz_Rafael_Curso_Japones_Expresso.jpg?resize=300%2C244&#038;ssl=1\" alt=\"Luiz Rafael Japanse snelcursus\" class=\"wp-image-863\" title=\"Luiz Rafael Japanse snelcursus\"\/><\/figure>\n<\/div>\n\n\n<p>De cursus is gemaakt door \u5148\u751f Luiz Rafael, ook de maker van <a href=\"https:\/\/comoaprenderjapones.net\/nl\/japans-online-programma\/\">online Japans programma<\/a>Ik ben hier om een leemte op te vullen waar duizenden mensen snelle resultaten willen, zodat ze zich op zijn minst kunnen \"redden\" met de basis van de taal in Japan.<\/p>\n\n\n\n<p>Luiz studeert al Japans sinds zijn 15e en heeft veel ervaring op het gebied van taalverwerving.<\/p>\n\n\n\n<h3 class=\"wp-block-heading\" id=\"o-curso-japones-expresso-e-para-mim\">Is de exprescursus Japans iets voor mij?<\/h3>\n\n\n\n<p>Als je binnenkort naar Japan reist of snel de basisbeginselen van de Japanse taal wilt leren, dan is deze cursus echt iets voor jou!<\/p>\n\n\n\n<p>Met eenvoudige lessen kan iedereen die ge\u00efnteresseerd is gemakkelijk genoeg leren om zich te redden in Japan, zoals winkelen, de trein nemen, een inwoner bedanken, enz.<\/p>\n\n\n\n<p>Als je ge\u00efnteresseerd bent in het leren van de basis van wat je nodig hebt als je op reis gaat, of als je vanaf nul wilt beginnen en snel de basis van de taal wilt leren, dan is deze cursus zeker iets voor jou!<\/p>\n\n\n\n<h3 class=\"wp-block-heading\" id=\"mais-informacao\">Meer info<\/h3>\n\n\n\n<p>Als je meer wilt weten over inschrijving, ondersteuning en nog veel meer, klik dan op de knop hieronder:<\/p>\n\n\n\n<p class=\"has-text-align-center\"><a class=\"fasc-button fasc-size-large fasc-type-flat fasc-rounded-medium ico-fa fasc-ico-before fa-mail-forward\" style=\"background-color: #e43f42; color: #ffffff;\" target=\"_blank\" rel=\"noopener noreferrer\" href=\"https:\/\/comoaprenderjapones.net\/nl\/in\/curso-de-japones-gratis-agosto-de-2020\/\">Klik hier voor meer informatie over de cursus Japans Express!<\/a><\/p>\n\n<div style=\"font-size: 0px; height: 0px; line-height: 0px; margin: 0; padding: 0; clear: both;\"><\/div>","protected":false},"excerpt":{"rendered":"<p>Conhe\u00e7a curso online japon\u00eas expresso promete te ajudar a sair do zero no idioma japon\u00eas e tamb\u00e9m para quem tem viagem marcada para o Jap\u00e3o. CURSO N\u00c3O EST\u00c1 DISPONIVEL. Conhe\u00e7a o curso Completo do Sensei<\/p>","protected":false},"author":1,"featured_media":861,"parent":0,"menu_order":0,"comment_status":"closed","ping_status":"closed","template":"","meta":{"footnotes":""},"class_list":["post-860","page","type-page","status-publish","has-post-thumbnail"],"jetpack-related-posts":[{"id":94,"url":"https:\/\/comoaprenderjapones.net\/nl\/programa-japones-online\/","url_meta":{"origin":860,"position":0},"title":"Online Programma Japans + Gratis Intensief Evenement Japans","author":"Rafael Avelino","date":"20 de oktober de 2014","format":false,"excerpt":"Conhe\u00e7a o curso de japon\u00eas Programa Japon\u00eas Online do Sensei Luiz Rafael! \u3053\u3093\u306b\u3061\u306f! Est\u00e1 procurando um m\u00e9todo eficiente que te ensine do ZERO a ter um n\u00edvel de flu\u00eancia que possa consumir conte\u00fados totalmente em japon\u00eas? O m\u00e9todo criado pelo Luiz Rafael j\u00e1 passou por muitas atualiza\u00e7\u00f5es e est\u00e1 no\u2026","rel":"","context":"Soortgelijk bericht","block_context":{"text":"Soortgelijk bericht","link":""},"img":{"alt_text":"Programa Japon\u00eas Online - Intensiv\u00e3o de japon\u00eas","src":"https:\/\/i0.wp.com\/comoaprenderjapones.net\/wp-content\/uploads\/2021\/01\/programa-japones-online-intensivao-de-japones-2021.jpg?fit=1200%2C932&ssl=1&resize=350%2C200","width":350,"height":200,"srcset":"https:\/\/i0.wp.com\/comoaprenderjapones.net\/wp-content\/uploads\/2021\/01\/programa-japones-online-intensivao-de-japones-2021.jpg?fit=1200%2C932&ssl=1&resize=350%2C200 1x, https:\/\/i0.wp.com\/comoaprenderjapones.net\/wp-content\/uploads\/2021\/01\/programa-japones-online-intensivao-de-japones-2021.jpg?fit=1200%2C932&ssl=1&resize=525%2C300 1.5x, https:\/\/i0.wp.com\/comoaprenderjapones.net\/wp-content\/uploads\/2021\/01\/programa-japones-online-intensivao-de-japones-2021.jpg?fit=1200%2C932&ssl=1&resize=700%2C400 2x, https:\/\/i0.wp.com\/comoaprenderjapones.net\/wp-content\/uploads\/2021\/01\/programa-japones-online-intensivao-de-japones-2021.jpg?fit=1200%2C932&ssl=1&resize=1050%2C600 3x"},"classes":[]},{"id":4016,"url":"https:\/\/comoaprenderjapones.net\/nl\/curso-japones-club-por-skdesu\/","url_meta":{"origin":860,"position":1},"title":"Curso Japon\u00eas Club por Skdesu","author":"Rafael Avelino","date":"2 de februari de 2023","format":false,"excerpt":"Advertorial Aprenda a L\u00edngua Japonesa com o Curso Japon\u00eas Club e Tenha a solu\u00e7\u00e3o definitiva para superar qualquer desafio! Mang\u00e1 Death Note Olha s\u00f3 o que voc\u00ea tem no Curso Japon\u00eas Club! + de 140 v\u00eddeo aulas em Alta Defini\u00e7\u00e3o Jogos e Atividades Interativas Pagamento \u00danico (N\u00e3o tem Mensalidades) Acesso\u2026","rel":"","context":"Soortgelijk bericht","block_context":{"text":"Soortgelijk bericht","link":""},"img":{"alt_text":"","src":"https:\/\/i0.wp.com\/comoaprenderjapones.net\/wp-content\/uploads\/2023\/02\/japones-club-advertorial.jpg?fit=1023%2C499&ssl=1&resize=350%2C200","width":350,"height":200,"srcset":"https:\/\/i0.wp.com\/comoaprenderjapones.net\/wp-content\/uploads\/2023\/02\/japones-club-advertorial.jpg?fit=1023%2C499&ssl=1&resize=350%2C200 1x, https:\/\/i0.wp.com\/comoaprenderjapones.net\/wp-content\/uploads\/2023\/02\/japones-club-advertorial.jpg?fit=1023%2C499&ssl=1&resize=525%2C300 1.5x, https:\/\/i0.wp.com\/comoaprenderjapones.net\/wp-content\/uploads\/2023\/02\/japones-club-advertorial.jpg?fit=1023%2C499&ssl=1&resize=700%2C400 2x"},"classes":[]},{"id":35,"url":"https:\/\/comoaprenderjapones.net\/nl\/sobre\/","url_meta":{"origin":860,"position":2},"title":"Over","author":"Rafael Avelino","date":"24 de augustus de 2014","format":false,"excerpt":"Ol\u00e1 Minna! Sou Rafael admin deste site, como vai? Muito obrigado por visitar este site que pretende passar dicas de como aprender japon\u00eas para quem est\u00e1 iniciando, assim como eu. Vamos tentar abordar tudo que possa ajudar no seu aprendizado do idioma japon\u00eas, que vai desde animes,m\u00fasicas,mangas e tamb\u00e9m o\u2026","rel":"","context":"Soortgelijk bericht","block_context":{"text":"Soortgelijk bericht","link":""},"img":{"alt_text":"","src":"","width":0,"height":0},"classes":[]},{"id":179,"url":"https:\/\/comoaprenderjapones.net\/nl\/mapa-site\/","url_meta":{"origin":860,"position":3},"title":"Kaart","author":"Rafael Avelino","date":"31 de januari de 2015","format":false,"excerpt":"Mapa do Site Veja todos os artigos publicados aqui no Como Aprender Japon\u00eas","rel":"","context":"Soortgelijk bericht","block_context":{"text":"Soortgelijk bericht","link":""},"img":{"alt_text":"","src":"","width":0,"height":0},"classes":[]},{"id":904,"url":"https:\/\/comoaprenderjapones.net\/nl\/metodo-fan-art\/","url_meta":{"origin":860,"position":4},"title":"Fan Art Methode 3.0 - Anime Personages Tekenen","author":"Rafael Avelino","date":"15 de februari de 2017","format":false,"excerpt":"Aprenda a como desenhar personagem de animes mesmo sem ter o \u201cdom\u201d passo a passo com o m\u00e9todo fan art 3.0 criado pela Mayara Rodrigues.\u00a0 Quem gosta da cultura japonesa, principalmente pelos animes, mangas j\u00e1 teve a curiosidade de saber se \u00e9 poss\u00edvel aprender a desenhar aquele personagem favorito mesmo\u2026","rel":"","context":"Soortgelijk bericht","block_context":{"text":"Soortgelijk bericht","link":""},"img":{"alt_text":"M\u00e9todo Fan Art 3.0 \u2013 Desenhe seu personagem de anime favorito!","src":"https:\/\/i0.wp.com\/comoaprenderjapones.net\/wp-content\/uploads\/2020\/12\/Metod-Fan-Art-3-0-Desenhar-Animes.jpg?fit=1200%2C628&ssl=1&resize=350%2C200","width":350,"height":200,"srcset":"https:\/\/i0.wp.com\/comoaprenderjapones.net\/wp-content\/uploads\/2020\/12\/Metod-Fan-Art-3-0-Desenhar-Animes.jpg?fit=1200%2C628&ssl=1&resize=350%2C200 1x, https:\/\/i0.wp.com\/comoaprenderjapones.net\/wp-content\/uploads\/2020\/12\/Metod-Fan-Art-3-0-Desenhar-Animes.jpg?fit=1200%2C628&ssl=1&resize=525%2C300 1.5x, https:\/\/i0.wp.com\/comoaprenderjapones.net\/wp-content\/uploads\/2020\/12\/Metod-Fan-Art-3-0-Desenhar-Animes.jpg?fit=1200%2C628&ssl=1&resize=700%2C400 2x, https:\/\/i0.wp.com\/comoaprenderjapones.net\/wp-content\/uploads\/2020\/12\/Metod-Fan-Art-3-0-Desenhar-Animes.jpg?fit=1200%2C628&ssl=1&resize=1050%2C600 3x"},"classes":[]},{"id":2786,"url":"https:\/\/comoaprenderjapones.net\/nl\/acompanhe\/","url_meta":{"origin":860,"position":5},"title":"Ik wil  volgen.","author":"Rafael Avelino","date":"12 de juni de 2020","format":false,"excerpt":"Para n\u00e3o perder alguma novidade ou dica logo em seguida vou indicar v\u00e1rias op\u00e7\u00f5es para que voc\u00ea acompanhe o comoaprenderjapones.net da maneira que desejar e que mais goste. Acompanhe pelo Feed Um dos meios mais tradicionais para voc\u00ea receber as novidades instantaneamente quando algo \u00e9 publicado por aqui. Feed do\u2026","rel":"","context":"Soortgelijk bericht","block_context":{"text":"Soortgelijk bericht","link":""},"img":{"alt_text":"Acompanhe pelo Feedly o comoaprenderjapones.net","src":"https:\/\/i0.wp.com\/comoaprenderjapones.net\/wp-content\/uploads\/2020\/06\/feedly-follow.png?resize=350%2C200&ssl=1","width":350,"height":200},"classes":[]}],"jetpack_sharing_enabled":true,"amp_enabled":true,"_links":{"self":[{"href":"https:\/\/comoaprenderjapones.net\/nl\/wp-json\/wp\/v2\/pages\/860","targetHints":{"allow":["GET"]}}],"collection":[{"href":"https:\/\/comoaprenderjapones.net\/nl\/wp-json\/wp\/v2\/pages"}],"about":[{"href":"https:\/\/comoaprenderjapones.net\/nl\/wp-json\/wp\/v2\/types\/page"}],"author":[{"embeddable":true,"href":"https:\/\/comoaprenderjapones.net\/nl\/wp-json\/wp\/v2\/users\/1"}],"replies":[{"embeddable":true,"href":"https:\/\/comoaprenderjapones.net\/nl\/wp-json\/wp\/v2\/comments?post=860"}],"version-history":[{"count":0,"href":"https:\/\/comoaprenderjapones.net\/nl\/wp-json\/wp\/v2\/pages\/860\/revisions"}],"wp:featuredmedia":[{"embeddable":true,"href":"https:\/\/comoaprenderjapones.net\/nl\/wp-json\/wp\/v2\/media\/861"}],"wp:attachment":[{"href":"https:\/\/comoaprenderjapones.net\/nl\/wp-json\/wp\/v2\/media?parent=860"}],"curies":[{"name":"wp","href":"https:\/\/api.w.org\/{rel}","templated":true}]}}