{"id":9,"date":"2014-08-24T02:32:54","date_gmt":"2014-08-24T02:32:54","guid":{"rendered":"https:\/\/comoaprenderjapones.net\/?page_id=9"},"modified":"2022-02-07T19:38:46","modified_gmt":"2022-02-07T22:38:46","slug":"privacy-beleid","status":"publish","type":"page","link":"https:\/\/comoaprenderjapones.net\/nl\/politica-de-privacidade\/","title":{"rendered":"Privacybeleid"},"content":{"rendered":"<div class=\"caba505e67cf7f039f210dc4e940b1ef\" data-index=\"2\" style=\"float: none; margin:0px;\">\n<script async src=\"https:\/\/pagead2.googlesyndication.com\/pagead\/js\/adsbygoogle.js?client=ca-pub-0652292147574552\"\r\n     crossorigin=\"anonymous\"><\/script>\r\n<!-- Ads responsivo Inicio Post CAJap -->\r\n<ins class=\"adsbygoogle\"\r\n     style=\"display:block\"\r\n     data-ad-client=\"ca-pub-0652292147574552\"\r\n     data-ad-slot=\"3298668993\"\r\n     data-ad-format=\"auto\"><\/ins>\r\n<script>\r\n     (adsbygoogle = window.adsbygoogle || []).push({});\r\n<\/script>\n<\/div>\n\n<p>Dit privacybeleid is opgesteld om de vertrouwelijkheid, privacy en bescherming van persoonlijke gegevens van bezoekers van deze site en gebruikers van onze diensten te waarborgen, door dergelijke informatie te beschermen tegen verlies, misbruik, ongeautoriseerde toegang, wijziging en vernietiging.<\/p>\n\n\n\n<h2 class=\"wp-block-heading\" id=\"1-coleta-e-uso-das-informacoes\">1. Verzameling en gebruik van informatie<\/h2>\n\n\n\n<p>De toegang tot deze site kan afhankelijk worden gesteld van de registratie van bezoekers, waarbij informatie wordt gevraagd waarmee de bezoeker kan worden ge\u00efdentificeerd en waardoor contact met onze gebruikers mogelijk is. Door te besluiten zijn gegevens te verstrekken, verklaart de gebruiker de voorwaarden van dit beleid te kennen en te aanvaarden. De site ontvangt en slaat ook automatisch, door middel van cookies, informatie op over de activiteiten van de browser, met inbegrip van het IP-adres en de bezochte pagina. Deze activiteitsgegevens (logs) worden uitsluitend gebruikt voor statistische doeleinden en meting van de geleverde diensten.<\/p>\n\n\n\n<h3 class=\"wp-block-heading\" id=\"cookies-e-web-beacons\">Cookies en webbakens<\/h3>\n\n\n\n<p>We gebruiken&nbsp;<a style=\"font-weight: inherit; font-style: inherit; color: #469db9;\" href=\"https:\/\/pt.wikipedia.org\/wiki\/Cookie\" target=\"_blank\" rel=\"noopener\">cookies<\/a>&nbsp;om informatie op te slaan, zoals uw persoonlijke voorkeuren, wanneer u de&nbsp;<strong>Hoe Japans leren<\/strong>. Dit kan een eenvoudige popup zijn, of een link op verschillende diensten die wij aanbieden, zoals forums.<\/p>\n\n\n\n<p>Google maakt gebruik van de nieuwe&nbsp;<a style=\"font-weight: inherit; font-style: inherit; color: #469db9;\" href=\"https:\/\/www.doubleclick.com\/privacy\/faq.aspx?ctx=tltp\" target=\"_blank\" rel=\"noopener\">DART-cookie<\/a>&nbsp;om advertenties weer te geven op basis van uw interesses en uw bezoek aan onze blog en andere sites op het web. U kunt zich afmelden voor het gebruik van de DART-cookie door de advertentiepagina van Google en het controleprogramma van het bedrijf te bezoeken.<\/p>\n\n\n\n<p>De gebruiker is zich ervan bewust en stemt ermee in dat de verzamelde informatie voor de volgende doeleinden wordt gebruikt: (a) om te informeren over nieuwe inhoud, nieuws en evenementen; (b) om contactgegevens bij te werken; (c) om de bruikbaarheid en de interactieve ervaring tijdens de navigatie van de gebruiker op de Site te optimaliseren; (d) om algemene statistieken op te stellen, zonder de gebruikers te identificeren; (e) om te reageren op de twijfels en verzoeken van de gebruikers zelf; en (f) om te voldoen aan wettelijke of gerechtelijke bepalingen. Wij behouden ons ook het recht voor om dergelijke gegevens, op individuele basis, te gebruiken in geval van onderzoek naar civiele of strafbare feiten, met name wanneer er een vermoeden bestaat van fraude, hackeraanvallen, systeemwijzigingen of ongeoorloofde toegang tot beschermde informatie en registratiegegevens van andere gebruikers.<\/p>\n\n\n\n<h2 class=\"wp-block-heading\" id=\"2-guarda-e-responsabilidade-pelas-informacoes-coletadas\">2. Bewaring en verantwoording van de verzamelde informatie<\/h2>\n\n\n\n<p>Alle door gebruikers verstrekte informatie wordt verkregen en opgeslagen overeenkomstig de strengste normen inzake veiligheid en betrouwbaarheid. Wij zullen onze uiterste best doen om de integriteit van de aan ons verstrekte informatie te handhaven, om welke reden wij niet verantwoordelijk zijn voor schade als gevolg van toegang en\/of gebruik door derden. De toegang tot de verzamelde informatie is beperkt tot werknemers en bevoegde personen. Degenen die dergelijke informatie onrechtmatig gebruiken, in strijd met dit privacybeleid, worden onderworpen aan administratieve en disciplinaire sancties, zonder dat de toepasselijke wettelijke maatregelen worden uitgesloten. Tenzij door wettelijke of gerechtelijke bepaling, zal de informatie van gebruikers geregistreerd op deze site nooit worden overgedragen aan derden of worden gebruikt voor andere doeleinden dan die waarvoor ze werd verzameld. Alle verzamelde persoonlijke gegevens zullen worden opgenomen in de database van deze Site, en de beheerder van de Site zal er verantwoordelijk voor zijn.<\/p>\n\n\n\n<h2 class=\"wp-block-heading\" id=\"3-informacoes-opinioes-e-conteudos-gerados-por-terceiros\">3. Informatie, meningen en inhoud gegenereerd door derden<\/h2>\n\n\n\n<p>Deze Site maakt deelname van bezoekers\/gebruikers mogelijk door middel van commentaar, uitwisseling van informatie, publicatie van door derden gegenereerde inhoud en verspreiding van advertenties. Bezoekers, gebruikers en adverteerders zijn zich ervan bewust dat zij geen informatie, meningen of inhoud mogen publiceren die immoreel, illegaal, racistisch, lasterlijk, kwetsend, pornografisch of crimineel is of enige inhoud die de rechten van de auteur schendt. U bent zich er ook van bewust dat alle informatie, inhoud of meningen die op deze Site worden verstrekt of vrijelijk worden gepubliceerd, met uitzondering van persoonlijke informatie die voor registratiedoeleinden wordt gevraagd, NIET GOSPELY CONFIDENTIEL OF BESCHERMD ZIJN DOOR DIT PRIVACYBELEID, en vrijelijk kunnen worden geraadpleegd en bekeken door andere bezoekers en gebruikers. Ook verboden zijn advertenties of elke verspreiding van producten, diensten of evenementen die in strijd zijn met de wet, de goede zeden en de goede gewoonten. Degenen die verantwoordelijk zijn voor deze Site zijn niet aansprakelijk voor de informatie, meningen en inhoud die door derden worden gegenereerd, noch voor de kwaliteit of waarheidsgetrouwheid van de producten, diensten of gebeurtenissen die via de Site bekend worden gemaakt.  Elke immorele of illegale uiting, reproductie of publicatie moet worden gemeld aan de organisatoren van deze site en zal onmiddellijk worden verwijderd. De kennisgeving moet worden toegezonden aan het adres van de voor het gebied verantwoordelijke personen.<\/p>\n\n\n\n<h2 class=\"wp-block-heading\" id=\"4-responsabilidade-dos-usuarios\">4. Verantwoordelijkheid van de gebruikers<\/h2>\n\n\n\n<p>Het is de verantwoordelijkheid van de gebruiker om zijn\/haar wachtwoord en toegangslogin te bewaren. Wij raden het gebruik van voor de hand liggende wachtwoorden, zoals speciale data, namen of cijferreeksen, af. Als de gebruiker merkt of vermoedt dat zijn wachtwoord is gekraakt, moet hij het veranderen op zijn registratiepagina. Wij zetten ons in om de online privacy van kinderen te beschermen. Registratie van minderjarigen vindt alleen plaats voor deelname aan afgeschermde delen van de site met educatieve inhoud. De gegevens van minderjarigen worden alleen gebruikt om te reageren op vragen, academische vragen, het plannen van lezingen in scholen of om redenen van algemene statistiek. Wij bevelen ook aan dat minderjarigen altijd onder begeleiding en toezicht staan van hun voogden, die te allen tijde om annulering van de inschrijving kunnen verzoeken. Dit beleid wordt voortdurend verbeterd en verfijnd. Derhalve bevelen wij aan dat zij periodiek wordt geraadpleegd.<\/p>\n\n<div style=\"font-size: 0px; height: 0px; line-height: 0px; margin: 0; padding: 0; clear: both;\"><\/div>","protected":false},"excerpt":{"rendered":"<p>Esta Pol\u00edtica de Privacidade foi elaborada visando zelar pela confidencialidade, privacidade e prote\u00e7\u00e3o dos dados pessoais dos visitantes deste site e dos usu\u00e1rios de nossos servi\u00e7os, protegendo essas informa\u00e7\u00f5es de perdas, uso impr\u00f3prio, acesso n\u00e3o<\/p>","protected":false},"author":1,"featured_media":0,"parent":0,"menu_order":0,"comment_status":"closed","ping_status":"closed","template":"","meta":{"footnotes":""},"class_list":["post-9","page","type-page","status-publish"],"jetpack-related-posts":[{"id":4016,"url":"https:\/\/comoaprenderjapones.net\/nl\/curso-japones-club-por-skdesu\/","url_meta":{"origin":9,"position":0},"title":"Curso Japon\u00eas Club por Skdesu","author":"Rafael Avelino","date":"2 de februari de 2023","format":false,"excerpt":"Advertorial Aprenda a L\u00edngua Japonesa com o Curso Japon\u00eas Club e Tenha a solu\u00e7\u00e3o definitiva para superar qualquer desafio! Mang\u00e1 Death Note Olha s\u00f3 o que voc\u00ea tem no Curso Japon\u00eas Club! + de 140 v\u00eddeo aulas em Alta Defini\u00e7\u00e3o Jogos e Atividades Interativas Pagamento \u00danico (N\u00e3o tem Mensalidades) Acesso\u2026","rel":"","context":"Soortgelijk bericht","block_context":{"text":"Soortgelijk bericht","link":""},"img":{"alt_text":"","src":"https:\/\/i0.wp.com\/comoaprenderjapones.net\/wp-content\/uploads\/2023\/02\/japones-club-advertorial.jpg?fit=1023%2C499&ssl=1&resize=350%2C200","width":350,"height":200,"srcset":"https:\/\/i0.wp.com\/comoaprenderjapones.net\/wp-content\/uploads\/2023\/02\/japones-club-advertorial.jpg?fit=1023%2C499&ssl=1&resize=350%2C200 1x, https:\/\/i0.wp.com\/comoaprenderjapones.net\/wp-content\/uploads\/2023\/02\/japones-club-advertorial.jpg?fit=1023%2C499&ssl=1&resize=525%2C300 1.5x, https:\/\/i0.wp.com\/comoaprenderjapones.net\/wp-content\/uploads\/2023\/02\/japones-club-advertorial.jpg?fit=1023%2C499&ssl=1&resize=700%2C400 2x"},"classes":[]},{"id":179,"url":"https:\/\/comoaprenderjapones.net\/nl\/mapa-site\/","url_meta":{"origin":9,"position":1},"title":"Kaart","author":"Rafael Avelino","date":"31 de januari de 2015","format":false,"excerpt":"Mapa do Site Veja todos os artigos publicados aqui no Como Aprender Japon\u00eas","rel":"","context":"Soortgelijk bericht","block_context":{"text":"Soortgelijk bericht","link":""},"img":{"alt_text":"","src":"","width":0,"height":0},"classes":[]},{"id":860,"url":"https:\/\/comoaprenderjapones.net\/nl\/japones-expresso-curso-online-japones\/","url_meta":{"origin":9,"position":2},"title":"Japanese Express: Online cursus Japans","author":"Rafael Avelino","date":"14 de november de 2016","format":false,"excerpt":"Conhe\u00e7a curso online japon\u00eas expresso promete te ajudar a sair do zero no idioma japon\u00eas e tamb\u00e9m para quem tem viagem marcada para o Jap\u00e3o. CURSO N\u00c3O EST\u00c1 DISPONIVEL. Conhe\u00e7a o curso Completo do Sensei Luiz Rafael o ???? Programa Japon\u00eas Online! Quem gosta da cultura japonesa, seja animes, mangas,\u2026","rel":"","context":"Soortgelijk bericht","block_context":{"text":"Soortgelijk bericht","link":""},"img":{"alt_text":"Japon\u00eas Expresso curso online de japon\u00eas","src":"https:\/\/i0.wp.com\/comoaprenderjapones.net\/wp-content\/uploads\/2016\/11\/Japones_Expresso.jpg?fit=1200%2C696&ssl=1&resize=350%2C200","width":350,"height":200,"srcset":"https:\/\/i0.wp.com\/comoaprenderjapones.net\/wp-content\/uploads\/2016\/11\/Japones_Expresso.jpg?fit=1200%2C696&ssl=1&resize=350%2C200 1x, https:\/\/i0.wp.com\/comoaprenderjapones.net\/wp-content\/uploads\/2016\/11\/Japones_Expresso.jpg?fit=1200%2C696&ssl=1&resize=525%2C300 1.5x, https:\/\/i0.wp.com\/comoaprenderjapones.net\/wp-content\/uploads\/2016\/11\/Japones_Expresso.jpg?fit=1200%2C696&ssl=1&resize=700%2C400 2x, https:\/\/i0.wp.com\/comoaprenderjapones.net\/wp-content\/uploads\/2016\/11\/Japones_Expresso.jpg?fit=1200%2C696&ssl=1&resize=1050%2C600 3x"},"classes":[]},{"id":2786,"url":"https:\/\/comoaprenderjapones.net\/nl\/acompanhe\/","url_meta":{"origin":9,"position":3},"title":"Ik wil  volgen.","author":"Rafael Avelino","date":"12 de juni de 2020","format":false,"excerpt":"Para n\u00e3o perder alguma novidade ou dica logo em seguida vou indicar v\u00e1rias op\u00e7\u00f5es para que voc\u00ea acompanhe o comoaprenderjapones.net da maneira que desejar e que mais goste. Acompanhe pelo Feed Um dos meios mais tradicionais para voc\u00ea receber as novidades instantaneamente quando algo \u00e9 publicado por aqui. Feed do\u2026","rel":"","context":"Soortgelijk bericht","block_context":{"text":"Soortgelijk bericht","link":""},"img":{"alt_text":"Acompanhe pelo Feedly o comoaprenderjapones.net","src":"https:\/\/i0.wp.com\/comoaprenderjapones.net\/wp-content\/uploads\/2020\/06\/feedly-follow.png?resize=350%2C200&ssl=1","width":350,"height":200},"classes":[]},{"id":35,"url":"https:\/\/comoaprenderjapones.net\/nl\/sobre\/","url_meta":{"origin":9,"position":4},"title":"Over","author":"Rafael Avelino","date":"24 de augustus de 2014","format":false,"excerpt":"Ol\u00e1 Minna! Sou Rafael admin deste site, como vai? Muito obrigado por visitar este site que pretende passar dicas de como aprender japon\u00eas para quem est\u00e1 iniciando, assim como eu. Vamos tentar abordar tudo que possa ajudar no seu aprendizado do idioma japon\u00eas, que vai desde animes,m\u00fasicas,mangas e tamb\u00e9m o\u2026","rel":"","context":"Soortgelijk bericht","block_context":{"text":"Soortgelijk bericht","link":""},"img":{"alt_text":"","src":"","width":0,"height":0},"classes":[]},{"id":94,"url":"https:\/\/comoaprenderjapones.net\/nl\/programa-japones-online\/","url_meta":{"origin":9,"position":5},"title":"Online Programma Japans + Gratis Intensief Evenement Japans","author":"Rafael Avelino","date":"20 de oktober de 2014","format":false,"excerpt":"Conhe\u00e7a o curso de japon\u00eas Programa Japon\u00eas Online do Sensei Luiz Rafael! \u3053\u3093\u306b\u3061\u306f! Est\u00e1 procurando um m\u00e9todo eficiente que te ensine do ZERO a ter um n\u00edvel de flu\u00eancia que possa consumir conte\u00fados totalmente em japon\u00eas? O m\u00e9todo criado pelo Luiz Rafael j\u00e1 passou por muitas atualiza\u00e7\u00f5es e est\u00e1 no\u2026","rel":"","context":"Soortgelijk bericht","block_context":{"text":"Soortgelijk bericht","link":""},"img":{"alt_text":"Programa Japon\u00eas Online - Intensiv\u00e3o de japon\u00eas","src":"https:\/\/i0.wp.com\/comoaprenderjapones.net\/wp-content\/uploads\/2021\/01\/programa-japones-online-intensivao-de-japones-2021.jpg?fit=1200%2C932&ssl=1&resize=350%2C200","width":350,"height":200,"srcset":"https:\/\/i0.wp.com\/comoaprenderjapones.net\/wp-content\/uploads\/2021\/01\/programa-japones-online-intensivao-de-japones-2021.jpg?fit=1200%2C932&ssl=1&resize=350%2C200 1x, https:\/\/i0.wp.com\/comoaprenderjapones.net\/wp-content\/uploads\/2021\/01\/programa-japones-online-intensivao-de-japones-2021.jpg?fit=1200%2C932&ssl=1&resize=525%2C300 1.5x, https:\/\/i0.wp.com\/comoaprenderjapones.net\/wp-content\/uploads\/2021\/01\/programa-japones-online-intensivao-de-japones-2021.jpg?fit=1200%2C932&ssl=1&resize=700%2C400 2x, https:\/\/i0.wp.com\/comoaprenderjapones.net\/wp-content\/uploads\/2021\/01\/programa-japones-online-intensivao-de-japones-2021.jpg?fit=1200%2C932&ssl=1&resize=1050%2C600 3x"},"classes":[]}],"jetpack_sharing_enabled":false,"amp_enabled":true,"_links":{"self":[{"href":"https:\/\/comoaprenderjapones.net\/nl\/wp-json\/wp\/v2\/pages\/9","targetHints":{"allow":["GET"]}}],"collection":[{"href":"https:\/\/comoaprenderjapones.net\/nl\/wp-json\/wp\/v2\/pages"}],"about":[{"href":"https:\/\/comoaprenderjapones.net\/nl\/wp-json\/wp\/v2\/types\/page"}],"author":[{"embeddable":true,"href":"https:\/\/comoaprenderjapones.net\/nl\/wp-json\/wp\/v2\/users\/1"}],"replies":[{"embeddable":true,"href":"https:\/\/comoaprenderjapones.net\/nl\/wp-json\/wp\/v2\/comments?post=9"}],"version-history":[{"count":0,"href":"https:\/\/comoaprenderjapones.net\/nl\/wp-json\/wp\/v2\/pages\/9\/revisions"}],"wp:attachment":[{"href":"https:\/\/comoaprenderjapones.net\/nl\/wp-json\/wp\/v2\/media?parent=9"}],"curies":[{"name":"wp","href":"https:\/\/api.w.org\/{rel}","templated":true}]}}