{"id":904,"date":"2017-02-15T20:39:01","date_gmt":"2017-02-15T22:39:01","guid":{"rendered":"https:\/\/comoaprenderjapones.net\/?page_id=904"},"modified":"2022-09-05T15:01:47","modified_gmt":"2022-09-05T18:01:47","slug":"fan-art-methode","status":"publish","type":"page","link":"https:\/\/comoaprenderjapones.net\/nl\/metodo-fan-art\/","title":{"rendered":"Fan Art Methode 3.0 - Anime Personages Tekenen"},"content":{"rendered":"<div class=\"caba505e67cf7f039f210dc4e940b1ef\" data-index=\"2\" style=\"float: none; margin:0px;\">\n<script async src=\"https:\/\/pagead2.googlesyndication.com\/pagead\/js\/adsbygoogle.js?client=ca-pub-0652292147574552\"\r\n     crossorigin=\"anonymous\"><\/script>\r\n<!-- Ads responsivo Inicio Post CAJap -->\r\n<ins class=\"adsbygoogle\"\r\n     style=\"display:block\"\r\n     data-ad-client=\"ca-pub-0652292147574552\"\r\n     data-ad-slot=\"3298668993\"\r\n     data-ad-format=\"auto\"><\/ins>\r\n<script>\r\n     (adsbygoogle = window.adsbygoogle || []).push({});\r\n<\/script>\n<\/div>\n\n<div class=\"addthis_inline_share_toolbox\"><\/div>\n\n\n\n<p><em>Leer hoe je <strong>hoe teken je anime personages<\/strong> zelfs zonder het stapsgewijze \"geschenk\" van de <strong>fan art 3.0 methode <\/strong>gemaakt door<strong> <\/strong>Mayara Rodrigues.\u00a0<\/em><\/p>\n\n\n\n<p>Iedereen die van de Japanse cultuur houdt, vooral anime en manga, is nieuwsgierig of het mogelijk is om hun favoriete personage te leren tekenen, zelfs als ze geen affiniteit, de \"gave\" om te tekenen hebben.<\/p>\n\n\n\n<p>Het grote probleem is dat zonder een goede methode of iemand die het je op een praktische manier kan leren, het moeilijk is om het zelf te leren.<\/p>\n\n\n\n\n\n\n<p>Het was met dit in gedachten dat <a href=\"https:\/\/comoaprenderjapones.net\/nl\/in\/conheca-o-metodo-fan-art\/\" target=\"_blank\" rel=\"noopener\">Mayara besloot een eenvoudige methode te cre\u00ebren<\/a>Het is praktisch en richt zich op wat echt belangrijk is.<\/p>\n\n\n\n<h2 class=\"wp-block-heading\">Wat is Fan Art?<\/h2>\n\n\n\n<p>Weet je <strong>wat is fan-art<\/strong>? Zie hieronder voor een korte uitleg en kom dan meer te weten over de <a href=\"https:\/\/comoaprenderjapones.net\/nl\/fan-art-methode\/\">Fan Art Methode<\/a> dat erg populair is in Brazili\u00eb voor mensen die anime willen leren tekenen:<\/p>\n\n\n\n<blockquote class=\"wp-block-quote is-layout-flow wp-block-quote-is-layout-flow\"><p>Fanart, fan-art of fancunst is een kunstwerk gebaseerd op een personage, fantasie, voorwerp of bekend werk dat door fans is gemaakt. De term kan zowel worden toegepast op door fans gemaakte kunst van personages uit een bepaald boek of bepaalde boeken, als op kunst die is afgeleid van visuele media zoals strips, films en\/of videogames. Het verwijst meestal naar kunstwerken van amateurkunstenaars of kunstenaars die niet betaald worden voor hun werk. Het is een werk gemaakt door fans vanuit hun eigen fantasie over het originele werk.<br \/>Bron:&nbsp;<a href=\"https:\/\/pt.wikipedia.org\/wiki\/Fanart\" target=\"_blank\" rel=\"noopener\">Wikipedia<\/a><\/p><\/blockquote>\n\n\n\n<p>Laten we nu eens kijken waar deze cursus over gaat, wat de maker ervan is en wat de getuigenissen zijn van mensen die de cursus hebben gevolgd en goedgekeurd.<\/p>\n\n\n\n<h2 class=\"wp-block-heading\">Wat is de Fan Art-methode?<\/h2>\n\n\n\n<p>Een methode die is gemaakt om mensen te leren hoe ze hun favoriete anime-karakter kunnen tekenen zonder al te veel gedoe in een goed uitgelegd en didactisch stap-voor-stap proces.<\/p>\n\n\n\n<p>Leer te tekenen zoals de oorspronkelijke auteur van de anime het personage heeft getekend.<\/p>\n\n\n\n<h3 class=\"wp-block-heading\"><strong>Mayara Rodrigues schepper<\/strong> van de cursus<\/h3>\n\n\n<div class=\"wp-block-image\">\n<figure class=\"alignleft\"><a href=\"https:\/\/comoaprenderjapones.net\/nl\/in\/conheca-o-metodo-fan-art\/\" rel=\"nofollow noopener\"><img data-recalc-dims=\"1\" decoding=\"async\" width=\"300\" height=\"247\" src=\"https:\/\/i0.wp.com\/comoaprenderjapones.net\/wp-content\/uploads\/2018\/09\/Mayara-Rodrigues.png?resize=300%2C247&#038;ssl=1\" alt=\"Mayara Rodrigues bedenker van de fan Art Methode\" class=\"wp-image-2430\" srcset=\"https:\/\/i0.wp.com\/comoaprenderjapones.net\/wp-content\/uploads\/2018\/09\/Mayara-Rodrigues.png?resize=300%2C247&amp;ssl=1 300w, https:\/\/i0.wp.com\/comoaprenderjapones.net\/wp-content\/uploads\/2018\/09\/Mayara-Rodrigues.png?w=543&amp;ssl=1 543w\" sizes=\"(max-width: 300px) 100vw, 300px\" \/><\/a><figcaption><strong>Mayara Rodrigues<\/strong> bedenker van de Fan Art Methode<\/figcaption><\/figure>\n<\/div>\n\n\n<p><strong>Mayara Rodrigues<\/strong>Zoals veel Brazilianen raakte hij ge\u00efnteresseerd in anime en zijn favoriet was Digimon, waardoor hij zijn favoriete personages wilde leren tekenen.<\/p>\n\n\n\n<p>Het grote probleem was dat ze niet veel vooruitgang boekte als ze probeerde te tekenen, en een tekencursus was niet erg goedkoop of dichtbij haar huis.<\/p>\n\n\n\n<p>Toen begon ze tijdschriften te kopen waarin les werd gegeven in tekenen, meestal Japanse methodes.<\/p>\n\n\n\n<p>Na veel brainstormen begreep ze pas echt hoe ze een anime moest tekenen.<\/p>\n\n\n\n<p class=\"has-text-align-center\"><a class=\"fasc-button fasc-size-large fasc-type-popout fasc-rounded-medium ico-fa fasc-ico-before fa-youtube-play\" style=\"background-color: #cc2f1a; color: #ffffff;\" target=\"_blank\" rel=\"nofollow noopener\" href=\"https:\/\/comoaprenderjapones.net\/nl\/in\/conheca-historia-da-mayara-rodrigues\/\">Lees meer over zijn verhaal door hier te klikken!<\/a><\/p>\n\n\n\n<h3 class=\"wp-block-heading\">Wat is de inhoud van de Fan Art Methode?<\/h3>\n\n\n\n<p>De cursus verzandt niet, want hij komt direct ter zake. Kijk maar eens naar de onderwerpen die in de online cursus aan bod komen <strong>fan art 3.0 methode<\/strong> heeft:<\/p>\n\n\n\n<ol class=\"wp-block-list\"><li>Beeldanalyse<\/li><li>Schetstechnieken<\/li><li>Anatomie van het gezicht + hoekvariaties<\/li><li>Anatomie van lichaam en bewegingen<\/li><li>Het geheim van anime\/manga haar maken...<\/li><li>De perfecte handen en voeten van je personage...<\/li><li>Kleren voor personages tekenen<\/li><li>Voltooien van pentekeningen<\/li><li>Inleiding tot schilderen + Licht en schaduw<\/li><\/ol>\n\n\n\n<h3 class=\"wp-block-heading\">Fan Art Methode 3.0 bonussen<\/h3>\n\n\n\n<p>En ook zoals douane <strong>+ 5 bonussen<\/strong> om je ontwerpen verder te verbeteren:<\/p>\n\n\n\n<ul class=\"wp-block-list\"><li>Het geheim van ogen tekenen<\/li><li>Verwarming en tracering<\/li><li>Alle cursusmodules in \u00e9\u00e9n tekening gebruiken<\/li><li>Toegang tot de exclusieve studentengroep<\/li><li>Certificaat van voltooiing<\/li><\/ul>\n\n\n<div class=\"wp-block-image\">\n<figure class=\"aligncenter\"><img data-recalc-dims=\"1\" decoding=\"async\" width=\"900\" height=\"475\" src=\"https:\/\/i0.wp.com\/comoaprenderjapones.net\/wp-content\/uploads\/2017\/02\/Area_de_Membros_Metodo_fan_art.jpg?resize=900%2C475&#038;ssl=1\" alt=\"Ledenruimte Fanc art-methode\" class=\"wp-image-906\" srcset=\"https:\/\/i0.wp.com\/comoaprenderjapones.net\/wp-content\/uploads\/2017\/02\/Area_de_Membros_Metodo_fan_art.jpg?w=900&amp;ssl=1 900w, https:\/\/i0.wp.com\/comoaprenderjapones.net\/wp-content\/uploads\/2017\/02\/Area_de_Membros_Metodo_fan_art.jpg?resize=300%2C158&amp;ssl=1 300w, https:\/\/i0.wp.com\/comoaprenderjapones.net\/wp-content\/uploads\/2017\/02\/Area_de_Membros_Metodo_fan_art.jpg?resize=768%2C405&amp;ssl=1 768w\" sizes=\"(max-width: 900px) 100vw, 900px\" \/><\/figure>\n<\/div>\n\n\n<p>Je hebt ook een besloten Facebook-groep voor vragen die je hebt met de auteur van de cursus.<\/p>\n\n\n\n<p>Natuurlijk bestaat er niet zoiets als een wonder, maar je zult zeker leren van degenen die het onderwerp kennen door elke dag te oefenen en te zien hoe snel je vooruitgang boekt.<\/p>\n\n\n\n<h2 class=\"wp-block-heading\">Ga ik leren hoe ik anime-personages moet tekenen?<\/h2>\n\n\n\n<p>Voor degenen die op een eenvoudige en ongecompliceerde manier anime-personages willen leren tekenen, is de <strong>fan art methode werkt<\/strong> en het is ideaal voor jou!<\/p>\n\n\n\n<p>Bekijk hieronder Mayara's studenten die al uitstekende resultaten behalen en hun droom verwezenlijken om hun favoriete anime-personages te leren tekenen.<\/p>\n\n\n\n<h3 class=\"wp-block-heading\">Getuigenissen van studenten<\/h3>\n\n\n\n<p>Bekijk getuigenissen van je leerlingen waaruit blijkt hoe blij ze zijn dat ze hun favoriete anime-personages hebben getekend:<br \/><\/p>\n\n\n<div class=\"message_box announce\"><p><\/p>\n<blockquote><p>Gefeliciteerd met de cursus Mayara, ik vond hem erg goed. Ik heb het al aan verschillende vrienden aanbevolen, het is de moeite waard. Ik ben al bij de 4e module en het verschil met mijn oude tekeningen is absurd, ik word elke dag beter. Gefeliciteerd en succes. Bjs<\/p>\n<p><strong>Jo\u00e3o Gabriel Alvarenga<\/strong><\/p><\/blockquote>\n<p><\/p><\/div>\n\n\n<div class=\"message_box announce\"><p><\/p>\n<blockquote><p>Vroeger werd ik gek van het willen tekenen van Eren Yeager!!! Ik had er al een paar overgeschreven, maar vandaag tekende ik hem zonder zelfs maar te kijken!!! Ik volg alles wat je in de cursus hebt geleerd!!!<br \/>\nTe blij dmais, ik ga binnenkort een poster maken om hier in mijn kamer te hangen hehe!!! Bedankt Mayy, je cursus is geweldig!!!<\/p>\n<p><strong>Marcos Vinicius Viana<\/strong><\/p><\/blockquote>\n<p><\/p><\/div>\n\n\n\n<p>Bekijk ook de getuigenissen van de resultaten die je leerlingen hebben behaald door hun tekeningen hieronder te laten zien:<br \/><\/p>\n\n\n<div class=\"tab_widget wp_shortcodes_tabs\"><ul class=\"wps_tabs\"><li><a href=\"#\" data-tab=\"tab-0-depoimento-jonathan\">Getuigenis van Jonathan<\/a><\/li><li><a href=\"#\" data-tab=\"tab-1-depoimento-adson\">Adson getuigenis<\/a><\/li><li><a href=\"#\" data-tab=\"tab-2-depoimento-mika\">Mika getuigenis<\/a><\/li><\/ul><div class=\"tab_container\"><div id=\"tab-0-depoimento-jonathan\" class=\"tab_content clearfix\"><img data-recalc-dims=\"1\" decoding=\"async\" class=\"size-full wp-image-909 aligncenter\" src=\"https:\/\/i0.wp.com\/comoaprenderjapones.net\/wp-content\/uploads\/2017\/02\/Metodo_fan_art_desenho_aluno-7.jpg?resize=509%2C626&#038;ssl=1\" alt=\"\" width=\"509\" height=\"626\" srcset=\"https:\/\/i0.wp.com\/comoaprenderjapones.net\/wp-content\/uploads\/2017\/02\/Metodo_fan_art_desenho_aluno-7.jpg?w=509&amp;ssl=1 509w, https:\/\/i0.wp.com\/comoaprenderjapones.net\/wp-content\/uploads\/2017\/02\/Metodo_fan_art_desenho_aluno-7.jpg?resize=244%2C300&amp;ssl=1 244w\" sizes=\"(max-width: 509px) 100vw, 509px\" \/>Jonathan's getuigenis over de Fan Art Methode<\/div><div id=\"tab-1-depoimento-adson\" class=\"tab_content clearfix\"><img data-recalc-dims=\"1\" decoding=\"async\" class=\"size-full wp-image-910 aligncenter\" src=\"https:\/\/i0.wp.com\/comoaprenderjapones.net\/wp-content\/uploads\/2017\/02\/Metodo_fan_art_desenhoaluno7.jpg?resize=495%2C515&#038;ssl=1\" alt=\"\" width=\"495\" height=\"515\" srcset=\"https:\/\/i0.wp.com\/comoaprenderjapones.net\/wp-content\/uploads\/2017\/02\/Metodo_fan_art_desenhoaluno7.jpg?w=495&amp;ssl=1 495w, https:\/\/i0.wp.com\/comoaprenderjapones.net\/wp-content\/uploads\/2017\/02\/Metodo_fan_art_desenhoaluno7.jpg?resize=288%2C300&amp;ssl=1 288w\" sizes=\"(max-width: 495px) 100vw, 495px\" \/>Adson getuigenis over de fan art methode<\/div><div id=\"tab-2-depoimento-mika\" class=\"tab_content clearfix\"><\/p>\n<p><img data-recalc-dims=\"1\" decoding=\"async\" class=\"size-full wp-image-914 aligncenter\" src=\"https:\/\/i0.wp.com\/comoaprenderjapones.net\/wp-content\/uploads\/2017\/02\/Metodo_Fan_Art_desenhoaluno5.jpg?resize=516%2C546&#038;ssl=1\" alt=\"\" width=\"516\" height=\"546\" srcset=\"https:\/\/i0.wp.com\/comoaprenderjapones.net\/wp-content\/uploads\/2017\/02\/Metodo_Fan_Art_desenhoaluno5.jpg?w=516&amp;ssl=1 516w, https:\/\/i0.wp.com\/comoaprenderjapones.net\/wp-content\/uploads\/2017\/02\/Metodo_Fan_Art_desenhoaluno5.jpg?resize=284%2C300&amp;ssl=1 284w\" sizes=\"(max-width: 516px) 100vw, 516px\" \/><\/p>\n<p>Mika's getuigenis over de fan art methode.<\/p>\n<p><\/div><\/div><\/div><div class=\"clear\"><\/div>\n\n\n\n<h2 class=\"wp-block-heading\">Werkt de Fan Art-methode?<\/h2>\n\n\n\n<p>Absoluut! Als je de <a href=\"https:\/\/comoaprenderjapones.net\/nl\/fan-art-methode\/#depoimentos-dos-alunos\">studentengetuigenissen<\/a> heb je al gemerkt dat Mayara Rodrigues weet waar ze het over heeft en dat ze een eenvoudige en zeer didactische presentatie geeft.<\/p>\n\n\n\n<p>Je zult videolessen bekijken die in modules zijn verdeeld, zodat je vooruitgang kunt boeken en alles wat je hebt geleerd gemakkelijk en zonder al te veel tijd te verspillen in praktijk kunt brengen.<\/p>\n\n\n\n<p>Je bent ervan overtuigd dat je, zelfs als je nog nooit hebt getekend, de technieken kunt leren om op een praktische manier anime-personages te gaan tekenen!<\/p>\n\n\n\n<p class=\"has-text-align-center\"><a class=\"fasc-button fasc-size-large fasc-type-glossy fasc-rounded-medium ico-fa fasc-ico-before fa-share-square-o\" style=\"background-color: #48aa3f; color: #ffffff;\" target=\"_blank\" rel=\"nofollow noopener\" href=\"https:\/\/comoaprenderjapones.net\/nl\/in\/conheca-o-metodo-fan-art\/\">Ontdek NU meer over de Methode en waarom deze vandaag de dag zo populair is!<\/a><\/p>\n\n\n\n<h2 class=\"wp-block-heading\">Vaak gestelde vragen<\/h2>\n\n\n<div id=\"rank-math-faq\" class=\"rank-math-block\">\n<div class=\"rank-math-list\">\n<div id=\"faq-question-1662400697637\" class=\"rank-math-list-item\">\n<h3 class=\"rank-math-question\"><strong>Is de cursus geschikt voor mij?<\/strong><\/h3>\n<div class=\"rank-math-answer\">\n\n<p>Als je 8 jaar, 16 jaar of zelfs 40 jaar (wat je leeftijd ook is) bent en anime- en mangapersonages wilt leren tekenen, dan is deze cursus echt iets voor jou!<\/p>\n\n<\/div>\n<\/div>\n<div id=\"faq-question-1662400711600\" class=\"rank-math-list-item\">\n<h3 class=\"rank-math-question\"><strong>Wat zit er in de Fan Art-methode?<\/strong><\/h3>\n<div class=\"rank-math-answer\">\n\n<p>Er zijn meer dan 35 videolessen plus audio en teksten.<\/p>\n\n<\/div>\n<\/div>\n<div id=\"faq-question-1662400722590\" class=\"rank-math-list-item\">\n<h3 class=\"rank-math-question\"><strong>Hoe lang duurt de cursus?<\/strong><\/h3>\n<div class=\"rank-math-answer\">\n\n<p>Toegang is levenslang, d.w.z. voor onbepaalde tijd.<\/p>\n\n<\/div>\n<\/div>\n<div id=\"faq-question-1662400736069\" class=\"rank-math-list-item\">\n<h3 class=\"rank-math-question\"><strong>Kan ik de cursus in termijnen betalen?<\/strong><\/h3>\n<div class=\"rank-math-answer\">\n\n<p>Ja, je kunt de Fan Art Methode 3.0 cursus in maximaal 10 termijnen betalen met je creditcard. Je kunt zelfs 2 creditcards gebruiken als je dat wilt.<\/p>\n\n<\/div>\n<\/div>\n<div id=\"faq-question-1662400747920\" class=\"rank-math-list-item\">\n<h3 class=\"rank-math-question\"><strong>Is het veilig om de Fan Art Methode te kopen?<\/strong><\/h3>\n<div class=\"rank-math-answer\">\n\n<p>Ja, de\u00a0<a href=\"https:\/\/comoaprenderjapones.net\/nl\/in\/comprar-metodo-fan-art-3-0-ck\/\" target=\"_blank\" rel=\"noreferrer noopener\">Hotmart platform om de betaling te doen<\/a>\u00a0wat erg veilig is.<\/p>\n\n<\/div>\n<\/div>\n<div id=\"faq-question-1662400768520\" class=\"rank-math-list-item\">\n<h3 class=\"rank-math-question\"><strong>Waar kan ik vragen stellen?<\/strong><\/h3>\n<div class=\"rank-math-answer\">\n\n<p>Via Whatsapp kun je vragen stellen.<\/p>\n\n<\/div>\n<\/div>\n<div id=\"faq-question-1662400782852\" class=\"rank-math-list-item\">\n<h3 class=\"rank-math-question\"><strong>Heb ik iets nodig voor de cursus?<\/strong><\/h3>\n<div class=\"rank-math-answer\">\n\n<p>Een internetverbinding en eenvoudige dingen zoals onder andere potloden worden in de cursus getoond.<\/p>\n\n<\/div>\n<\/div>\n<div id=\"faq-question-1662400805354\" class=\"rank-math-list-item\">\n<h3 class=\"rank-math-question\"><strong>Heeft de cursus een certificaat?<\/strong><\/h3>\n<div class=\"rank-math-answer\">\n\n<p>Ja, er is een certificaat voor het voltooien van de cursus.<\/p>\n\n<\/div>\n<\/div>\n<div id=\"faq-question-1662400813086\" class=\"rank-math-list-item\">\n<h3 class=\"rank-math-question\"><strong>Is de cursus gegarandeerd?<\/strong><\/h3>\n<div class=\"rank-math-answer\">\n\n<p>Ja, de garantie is onvoorwaardelijk voor 7 dagen, dus als de cursus je niet bevalt, kun je je geld terugvragen en krijg je het volledige bedrag terug.<\/p>\n\n<\/div>\n<\/div>\n<\/div>\n<\/div>\n\n\n<p><strong>Vond je de tip leuk? Deel hem met je vrienden door op de knoppen hieronder te klikken!<\/strong><\/p>\n\n<div style=\"font-size: 0px; height: 0px; line-height: 0px; margin: 0; padding: 0; clear: both;\"><\/div>","protected":false},"excerpt":{"rendered":"<p>Aprenda a como desenhar personagem de animes mesmo sem ter o \u201cdom\u201d passo a passo com o m\u00e9todo fan art 3.0 criado pela Mayara Rodrigues.\u00a0 Quem gosta da cultura japonesa, principalmente pelos animes, mangas j\u00e1<\/p>","protected":false},"author":1,"featured_media":3028,"parent":0,"menu_order":0,"comment_status":"closed","ping_status":"closed","template":"","meta":{"footnotes":""},"class_list":["post-904","page","type-page","status-publish","has-post-thumbnail"],"jetpack-related-posts":[{"id":94,"url":"https:\/\/comoaprenderjapones.net\/nl\/programa-japones-online\/","url_meta":{"origin":904,"position":0},"title":"Online Programma Japans + Gratis Intensief Evenement Japans","author":"Rafael Avelino","date":"20 de oktober de 2014","format":false,"excerpt":"Conhe\u00e7a o curso de japon\u00eas Programa Japon\u00eas Online do Sensei Luiz Rafael! \u3053\u3093\u306b\u3061\u306f! Est\u00e1 procurando um m\u00e9todo eficiente que te ensine do ZERO a ter um n\u00edvel de flu\u00eancia que possa consumir conte\u00fados totalmente em japon\u00eas? O m\u00e9todo criado pelo Luiz Rafael j\u00e1 passou por muitas atualiza\u00e7\u00f5es e est\u00e1 no\u2026","rel":"","context":"Soortgelijk bericht","block_context":{"text":"Soortgelijk bericht","link":""},"img":{"alt_text":"Programa Japon\u00eas Online - Intensiv\u00e3o de japon\u00eas","src":"https:\/\/i0.wp.com\/comoaprenderjapones.net\/wp-content\/uploads\/2021\/01\/programa-japones-online-intensivao-de-japones-2021.jpg?fit=1200%2C932&ssl=1&resize=350%2C200","width":350,"height":200,"srcset":"https:\/\/i0.wp.com\/comoaprenderjapones.net\/wp-content\/uploads\/2021\/01\/programa-japones-online-intensivao-de-japones-2021.jpg?fit=1200%2C932&ssl=1&resize=350%2C200 1x, https:\/\/i0.wp.com\/comoaprenderjapones.net\/wp-content\/uploads\/2021\/01\/programa-japones-online-intensivao-de-japones-2021.jpg?fit=1200%2C932&ssl=1&resize=525%2C300 1.5x, https:\/\/i0.wp.com\/comoaprenderjapones.net\/wp-content\/uploads\/2021\/01\/programa-japones-online-intensivao-de-japones-2021.jpg?fit=1200%2C932&ssl=1&resize=700%2C400 2x, https:\/\/i0.wp.com\/comoaprenderjapones.net\/wp-content\/uploads\/2021\/01\/programa-japones-online-intensivao-de-japones-2021.jpg?fit=1200%2C932&ssl=1&resize=1050%2C600 3x"},"classes":[]},{"id":35,"url":"https:\/\/comoaprenderjapones.net\/nl\/sobre\/","url_meta":{"origin":904,"position":1},"title":"Over","author":"Rafael Avelino","date":"24 de augustus de 2014","format":false,"excerpt":"Ol\u00e1 Minna! Sou Rafael admin deste site, como vai? Muito obrigado por visitar este site que pretende passar dicas de como aprender japon\u00eas para quem est\u00e1 iniciando, assim como eu. Vamos tentar abordar tudo que possa ajudar no seu aprendizado do idioma japon\u00eas, que vai desde animes,m\u00fasicas,mangas e tamb\u00e9m o\u2026","rel":"","context":"Soortgelijk bericht","block_context":{"text":"Soortgelijk bericht","link":""},"img":{"alt_text":"","src":"","width":0,"height":0},"classes":[]},{"id":860,"url":"https:\/\/comoaprenderjapones.net\/nl\/japones-expresso-curso-online-japones\/","url_meta":{"origin":904,"position":2},"title":"Japanese Express: Online cursus Japans","author":"Rafael Avelino","date":"14 de november de 2016","format":false,"excerpt":"Conhe\u00e7a curso online japon\u00eas expresso promete te ajudar a sair do zero no idioma japon\u00eas e tamb\u00e9m para quem tem viagem marcada para o Jap\u00e3o. CURSO N\u00c3O EST\u00c1 DISPONIVEL. Conhe\u00e7a o curso Completo do Sensei Luiz Rafael o ???? Programa Japon\u00eas Online! Quem gosta da cultura japonesa, seja animes, mangas,\u2026","rel":"","context":"Soortgelijk bericht","block_context":{"text":"Soortgelijk bericht","link":""},"img":{"alt_text":"Japon\u00eas Expresso curso online de japon\u00eas","src":"https:\/\/i0.wp.com\/comoaprenderjapones.net\/wp-content\/uploads\/2016\/11\/Japones_Expresso.jpg?fit=1200%2C696&ssl=1&resize=350%2C200","width":350,"height":200,"srcset":"https:\/\/i0.wp.com\/comoaprenderjapones.net\/wp-content\/uploads\/2016\/11\/Japones_Expresso.jpg?fit=1200%2C696&ssl=1&resize=350%2C200 1x, https:\/\/i0.wp.com\/comoaprenderjapones.net\/wp-content\/uploads\/2016\/11\/Japones_Expresso.jpg?fit=1200%2C696&ssl=1&resize=525%2C300 1.5x, https:\/\/i0.wp.com\/comoaprenderjapones.net\/wp-content\/uploads\/2016\/11\/Japones_Expresso.jpg?fit=1200%2C696&ssl=1&resize=700%2C400 2x, https:\/\/i0.wp.com\/comoaprenderjapones.net\/wp-content\/uploads\/2016\/11\/Japones_Expresso.jpg?fit=1200%2C696&ssl=1&resize=1050%2C600 3x"},"classes":[]}],"jetpack_sharing_enabled":true,"amp_enabled":true,"_links":{"self":[{"href":"https:\/\/comoaprenderjapones.net\/nl\/wp-json\/wp\/v2\/pages\/904","targetHints":{"allow":["GET"]}}],"collection":[{"href":"https:\/\/comoaprenderjapones.net\/nl\/wp-json\/wp\/v2\/pages"}],"about":[{"href":"https:\/\/comoaprenderjapones.net\/nl\/wp-json\/wp\/v2\/types\/page"}],"author":[{"embeddable":true,"href":"https:\/\/comoaprenderjapones.net\/nl\/wp-json\/wp\/v2\/users\/1"}],"replies":[{"embeddable":true,"href":"https:\/\/comoaprenderjapones.net\/nl\/wp-json\/wp\/v2\/comments?post=904"}],"version-history":[{"count":0,"href":"https:\/\/comoaprenderjapones.net\/nl\/wp-json\/wp\/v2\/pages\/904\/revisions"}],"wp:featuredmedia":[{"embeddable":true,"href":"https:\/\/comoaprenderjapones.net\/nl\/wp-json\/wp\/v2\/media\/3028"}],"wp:attachment":[{"href":"https:\/\/comoaprenderjapones.net\/nl\/wp-json\/wp\/v2\/media?parent=904"}],"curies":[{"name":"wp","href":"https:\/\/api.w.org\/{rel}","templated":true}]}}