{"id":94,"date":"2014-10-20T14:59:33","date_gmt":"2014-10-20T16:59:33","guid":{"rendered":"https:\/\/comoaprenderjapones.net\/?page_id=94"},"modified":"2022-02-07T19:04:36","modified_gmt":"2022-02-07T22:04:36","slug":"japans-online-programma","status":"publish","type":"page","link":"https:\/\/comoaprenderjapones.net\/nl\/programa-japones-online\/","title":{"rendered":"Online Programma Japans + Gratis Intensief Evenement Japans"},"content":{"rendered":"<div class=\"caba505e67cf7f039f210dc4e940b1ef\" data-index=\"2\" style=\"float: none; margin:0px;\">\n<script async src=\"https:\/\/pagead2.googlesyndication.com\/pagead\/js\/adsbygoogle.js?client=ca-pub-0652292147574552\"\r\n     crossorigin=\"anonymous\"><\/script>\r\n<!-- Ads responsivo Inicio Post CAJap -->\r\n<ins class=\"adsbygoogle\"\r\n     style=\"display:block\"\r\n     data-ad-client=\"ca-pub-0652292147574552\"\r\n     data-ad-slot=\"3298668993\"\r\n     data-ad-format=\"auto\"><\/ins>\r\n<script>\r\n     (adsbygoogle = window.adsbygoogle || []).push({});\r\n<\/script>\n<\/div>\n\n<p><em>Leer de cursus Japans kennen <strong>Online programma Japans<\/strong> van Sensei Luiz Rafael!<\/em><\/p>\n\n\n\n<p>\u3053\u3093\u306b\u3061\u306f! Ben je op zoek naar een effici\u00ebnte methode die je van NUL naar een niveau brengt waarop je inhoud volledig in het Japans kunt lezen?<\/p>\n\n\n\n<p>De methode van Luiz Rafael heeft vele updates ondergaan en is al jaren op de markt en is op dit moment (2021) een van de beste en meest complete online Japanse cursussen.<\/p>\n\n\n\n<p class=\"has-background\" style=\"background-color:#fff2f2\"><strong>Artikel Samenvatting<br \/><\/strong><a href=\"#lingua-japonesa\">De Japanse taal<br \/><\/a><a href=\"#quem-e-luiz-rafael\">Wie is Luiz Rafael?<br \/><\/a><a href=\"#programa-japones-online\">Online programma Japans<br \/><\/a><a href=\"#depoimento-aluno\">Online programma Japans Getuigenis student<br \/><\/a><a href=\"#intensivao-japones\">Intensief Japans<br \/><\/a><a href=\"#abertura-vagas\">Hoe werken vacatures?<\/a><\/p>\n\n\n\n<p>Als je van de Japanse cultuur houdt vanwege anime, tokusatsu, manga en films, is dit een goede reden om ze zonder ondertiteling te gaan bekijken.<\/p>\n\n\n\n<p>Dat hoeft niet per se zo te zijn, maar reizen, wonen of studeren in Japan is ook een uitstekende reden om de Japanse taal te willen leren.<\/p>\n\n\n\n<p>Wat het ook is, als je hebt besloten Japans te leren, kan deze cursus je helpen dat doel te bereiken.<\/p>\n\n\n\n<h2 class=\"wp-block-heading\" id=\"lingua-japonesa\"><span style=\"color: #e5141b;\">De Japanse taal<\/span><\/h2>\n\n\n\n<p><strong>Japans leren<\/strong> hoeft niet zo moeilijk te zijn als veel mensen, waaronder ikzelf, denken. Als je weet wat de juiste manier van studeren is, leer je veel gemakkelijker.<\/p>\n\n\n\n<p>Natuurlijk <a href=\"https:\/\/pt.wikipedia.org\/wiki\/L%C3%ADngua_japonesa\" target=\"_blank\" rel=\"noopener noreferrer\">Japanse taal<\/a> Het is niet hetzelfde als wanneer we Engels zouden leren, omdat we in de Engelse taal al bekend zijn met de woorden, om nog maar te zwijgen over het feit dat we veel van deze woorden in ons dagelijks leven gebruiken, en met veel uitspraken.<\/p>\n\n\n\n<p>In het Japans daarentegen moet je absoluut vanaf nul beginnen om vloeiend te worden. Wat het echt \"moeilijk\" maakt voor beginners is het Japanse alfabet\/ideogram, waarvan er drie zijn:<\/p>\n\n\n\n<ul class=\"wp-block-list\"><li>Hiragana met 46 ideogrammen.<\/li><li>Katakana met 46 ideogrammen.<\/li><li>Kanji heeft duizenden ideogrammen, maar de meest gebruikte zijn ongeveer 2.500 kanji.<\/li><\/ul>\n\n\n\n<p>We hebben ook romaji, dat ons helpt om de ideogrammen correct te lezen en uit te spreken, en furigana, dat meestal in hiragana wordt geschreven en bovenop de kanji staat, waarin wordt beschreven hoe het wordt uitgesproken.<\/p>\n\n\n\n<p>Het hoeft niet zo ingewikkeld te zijn om nihongo te leren, want de <a href=\"https:\/\/comoaprenderjapones.net\/nl\/in\/aprenda-nihongo\/\" target=\"_blank\" rel=\"noreferrer noopener\">Meester Luiz Rafael<\/a> zegt dat we veel input moeten maken, dat wil zeggen alles wat we ontvangen, of we nu lezen of luisteren.<\/p>\n\n\n<div class=\"gb-button-wrapper gb-button-wrapper-9eef6438\">\n\n<a class=\"gb-button gb-button-62a4c394 gb-button-text\" href=\"https:\/\/comoaprenderjapones.net\/nl\/in\/aprenda-nihongo\/\" target=\"_blank\" rel=\"nofollow noopener noreferrer\">Klik hier voor meer informatie over het programma!<\/a>\n\n<\/div>\n\n\n<h2 class=\"wp-block-heading\" id=\"quem-e-luiz-rafael\"><span style=\"color: #e5141b;\">Wie is Luiz Rafael?<\/span><\/h2>\n\n\n\n<div class=\"wp-block-image\"><figure class=\"alignleft\"><img data-recalc-dims=\"1\" decoding=\"async\" width=\"371\" height=\"267\" src=\"https:\/\/i0.wp.com\/comoaprenderjapones.net\/wp-content\/uploads\/2014\/10\/Luiz_Rafael_Programa_Japones_Online.png?resize=371%2C267&#038;ssl=1\" alt=\"Luiz Rafael bedenker van het Japanse online programma\" class=\"wp-image-95\" title=\"Online programma Japans\" srcset=\"https:\/\/i0.wp.com\/comoaprenderjapones.net\/wp-content\/uploads\/2014\/10\/Luiz_Rafael_Programa_Japones_Online.png?w=371&amp;ssl=1 371w, https:\/\/i0.wp.com\/comoaprenderjapones.net\/wp-content\/uploads\/2014\/10\/Luiz_Rafael_Programa_Japones_Online.png?resize=300%2C215&amp;ssl=1 300w\" sizes=\"(max-width: 371px) 100vw, 371px\" \/><figcaption><strong>Luiz Rafael<\/strong> maker van het Japanse online programma<\/figcaption><\/figure><\/div>\n\n\n\n<p>Luiz was een van de duizenden mensen die als tiener ge\u00efnteresseerd raakte in de Japanse cultuur, of het nu manga, anime of films waren, en besloot dat hij Japans zou leren.<\/p>\n\n\n\n<p>Net als de overgrote meerderheid van de mensen begon hij verkeerd, in de overtuiging dat hij vloeiend zou worden, maar hij boekte geen bevredigende resultaten met klassikale cursussen.<\/p>\n\n\n\n<p>Toen ging hij op zoek naar de juiste manier om een nieuwe taal te leren en bovendien bracht hij het in de praktijk om te zien of het echt werkte.<\/p>\n\n\n\n<p>Het ongelooflijke is dat hij met deze methode slaagde en zijn doel bereikte om vloeiend Japans te spreken.<\/p>\n\n\n\n<h2 class=\"has-text-align-left wp-block-heading\" id=\"programa-japones-online\"><span style=\"color: #e5141b;\">Online programma Japans<\/span><\/h2>\n\n\n\n<p>Nadenkend over deze behoefte en de frustratie van duizenden mensen die nihongo willen leren, besloot Sensei om <a href=\"https:\/\/comoaprenderjapones.net\/nl\/in\/aprenda-nihongo\/\" target=\"_blank\" rel=\"noreferrer noopener\">een online Japanse taalcursus maken<\/a> zodat je veel effici\u00ebnter kunt leren.<\/p>\n\n\n\n<p>De methode die Sensei Luiz Rafael heeft ontwikkeld is uiterst effici\u00ebnt. Een van de pijlers is dat je eerst moet leren lezen om veel input te kunnen leveren. Door hiragana en katakana te leren kun je beginnen met het lezen van manga, boeken en websites.<\/p>\n\n\n\n<p>Sensei's manier van lesgeven is niet alleen beter dan de meeste, maar je krijgt ook uitstekende ondersteuning. Hij laat je niet ontmoedigen en stuurt je altijd nieuws, verhalen en motivatie zodat je niet stopt met studeren om je doel te bereiken.<\/p>\n\n\n\n<p>De cursus is niet gericht op grammatica, je leert in je eigen tempo op een gesloten site alleen voor studenten en een community op het portaal.<\/p>\n\n\n\n<h3 class=\"wp-block-heading\" id=\"depoimento-aluno\"><span style=\"color: #e5141b;\">Getuigenis: student Japans online programma<\/span><\/h3>\n\n\n\n<p>Hieronder vind je Lu\u00eds Eduardo Nunes' oprechte getuigenis over de cursus en het belang van het serieus nemen van je studie, plus Luiz' methode, die meer is dan alleen een cursus. <a href=\"https:\/\/comoaprenderjapones.net\/nl\/japans-online-programma\/\">Japanse cursus<\/a> en de meest effici\u00ebnte manier om een taal te leren, kijken:<\/p>\n\n\n\n<figure class=\"wp-block-embed is-type-video is-provider-youtube wp-block-embed-youtube wp-embed-aspect-16-9 wp-has-aspect-ratio\"><div class=\"wp-block-embed__wrapper\">\n<iframe title=\"Het belang van Japans leren (Lu\u00eds Eduardo Nunes) | Online Japans Programma\" width=\"1200\" height=\"675\" src=\"https:\/\/www.youtube.com\/embed\/xwTbhm8ASq4?feature=oembed\" frameborder=\"0\" allow=\"accelerometer; autoplay; clipboard-write; encrypted-media; gyroscope; picture-in-picture\" allowfullscreen><\/iframe>\n<\/div><figcaption>Getuigenis Eduardo Nunes - Online programma Japans<\/figcaption><\/figure>\n\n\n\n<p>Zoals verwacht is de <a href=\"https:\/\/comoaprenderjapones.net\/nl\/in\/aprenda-nihongo\/\" target=\"_blank\" rel=\"noreferrer noopener\">Online Japans programma heeft beperkt aantal plaatsen<\/a> zodat Sensei iedereen de nodige aandacht kan geven en hun vragen kan beantwoorden.<\/p>\n\n\n\n<h2 class=\"wp-block-heading\" id=\"intensivao-japones\"><span style=\"color: #e5141b;\">Intensief Japans<\/span><\/h2>\n\n\n\n<p>Elk jaar organiseert Luiz Rafael een evenement genaamd de <strong>Intensief Japans<\/strong> waarin hij zijn methodologie om makkelijker en effici\u00ebnter Japans te leren presenteert in een gratis minicursus.<\/p>\n\n\n\n<p>Er zijn tot nu toe al een paar Japanse taalintensives geweest, dus om meer te weten te komen over de volgende klik je hier. <a href=\"https:\/\/comoaprenderjapones.net\/nl\/in\/aprenda-nihongo\/\" target=\"_blank\" rel=\"noreferrer noopener\">klik hier<\/a>!<\/p>\n\n\n\n<p><em>Vergeet niet dat dit evenement maar een paar keer per jaar plaatsvindt en dat het al voorbij kan zijn tegen de tijd dat je dit artikel leest.<\/em><\/p>\n\n\n\n<div class=\"wp-block-image\"><figure class=\"aligncenter size-large\"><img data-recalc-dims=\"1\" decoding=\"async\" width=\"1024\" height=\"318\" src=\"https:\/\/i0.wp.com\/comoaprenderjapones.net\/wp-content\/uploads\/2021\/01\/Intensivao-japones-2021-janeiro.jpg?resize=1024%2C318&#038;ssl=1\" alt=\"Online Japans Intensief Programma\" class=\"wp-image-3146\" srcset=\"https:\/\/i0.wp.com\/comoaprenderjapones.net\/wp-content\/uploads\/2021\/01\/Intensivao-japones-2021-janeiro.jpg?resize=1024%2C318&amp;ssl=1 1024w, https:\/\/i0.wp.com\/comoaprenderjapones.net\/wp-content\/uploads\/2021\/01\/Intensivao-japones-2021-janeiro.jpg?resize=300%2C93&amp;ssl=1 300w, https:\/\/i0.wp.com\/comoaprenderjapones.net\/wp-content\/uploads\/2021\/01\/Intensivao-japones-2021-janeiro.jpg?resize=768%2C239&amp;ssl=1 768w, https:\/\/i0.wp.com\/comoaprenderjapones.net\/wp-content\/uploads\/2021\/01\/Intensivao-japones-2021-janeiro.jpg?resize=150%2C47&amp;ssl=1 150w, https:\/\/i0.wp.com\/comoaprenderjapones.net\/wp-content\/uploads\/2021\/01\/Intensivao-japones-2021-janeiro.jpg?w=1045&amp;ssl=1 1045w\" sizes=\"(max-width: 1024px) 100vw, 1024px\" \/><figcaption>Online Japans Intensief Programma<\/figcaption><\/figure><\/div>\n\n\n\n<p>Je hoeft niet meer op internet te zoeken naar manieren om Japans te leren, want met het Japans Online Programma heb je een website voor alleen leden met videolessen, hand-outs, audio's en nog veel meer!<br \/><\/p>\n\n\n\n<p>Je ontvangt een reeks gratis video's over het verhaal en de methode van Luiz Rafael en zijn reis naar vloeiendheid in nihongo.<\/p>\n\n\n\n<h3 class=\"wp-block-heading\" id=\"abertura-vagas\"><span style=\"color: #e5141b;\">Hoe werken vacatures voor het Japanese Online Programme?<\/span><\/h3>\n\n\n\n<p>Als je de NIHONGO-week hebt gevolgd, die meestal een week of langer duurt, krijg je te zien hoe Luiz zijn methodologie onderwijst en hoe de ondersteuning werkt.<\/p>\n\n\n\n<p>De cursus duurt 9 maanden, maar je krijgt nog eens 9 maanden in totaal 18 maanden toegang tot de cursus plus volledige ondersteuning van het team om al je vragen te beantwoorden.<\/p>\n\n\n\n<p>Het programma heeft ook een limiet op het aantal plaatsen, zodat het mogelijk is om elke student uitstekend te begeleiden.<\/p>\n\n\n\n<p>Houd er rekening mee dat de plaatsen meestal na 2 dagen op zijn en dat ze maximaal 3 dagen open zijn, hoewel de plaatsen voor de laatste dag op zijn.<\/p>\n\n\n\n<p>Als je ge\u00efnteresseerd bent in Japans leren met de beste methodologie in Brazili\u00eb, klik dan op de knop hieronder:<\/p>\n\n\n<div class=\"gb-button-wrapper gb-button-wrapper-f4deca25\">\n\n<a class=\"gb-button gb-button-7aa7f773 gb-button-text\" href=\"https:\/\/comoaprenderjapones.net\/nl\/in\/aprenda-nihongo\/\" target=\"_blank\" rel=\"nofollow noopener noreferrer\">Ontdek hoe de vacatures werken door hier te klikken!<\/a>\n\n<\/div>\n\n\n<p><strong>\u9811\u5f35\u3063\u3066<\/strong>!<\/p>\n\n<div style=\"font-size: 0px; height: 0px; line-height: 0px; margin: 0; padding: 0; clear: both;\"><\/div>","protected":false},"excerpt":{"rendered":"<p>Maak kennis met het online programma Japans van Sensei Luiz Rafael \u3053\u3093\u306b\u3061\u306f! Ben je op zoek naar een effici\u00ebnte methode die je vanaf NUL leert om een vloeiend niveau te hebben waarmee je de inhoud volledig kunt consumeren in<\/p>","protected":false},"author":1,"featured_media":3155,"parent":0,"menu_order":0,"comment_status":"closed","ping_status":"closed","template":"","meta":{"footnotes":""},"class_list":["post-94","page","type-page","status-publish","has-post-thumbnail"],"jetpack-related-posts":[{"id":860,"url":"https:\/\/comoaprenderjapones.net\/nl\/japones-expresso-curso-online-japones\/","url_meta":{"origin":94,"position":0},"title":"Japanese Express: Online cursus Japans","author":"Rafael Avelino","date":"14 de november de 2016","format":false,"excerpt":"Conhe\u00e7a curso online japon\u00eas expresso promete te ajudar a sair do zero no idioma japon\u00eas e tamb\u00e9m para quem tem viagem marcada para o Jap\u00e3o. CURSO N\u00c3O EST\u00c1 DISPONIVEL. Conhe\u00e7a o curso Completo do Sensei Luiz Rafael o ???? Programa Japon\u00eas Online! Quem gosta da cultura japonesa, seja animes, mangas,\u2026","rel":"","context":"Soortgelijk bericht","block_context":{"text":"Soortgelijk bericht","link":""},"img":{"alt_text":"Japon\u00eas Expresso curso online de japon\u00eas","src":"https:\/\/i0.wp.com\/comoaprenderjapones.net\/wp-content\/uploads\/2016\/11\/Japones_Expresso.jpg?fit=1200%2C696&ssl=1&resize=350%2C200","width":350,"height":200,"srcset":"https:\/\/i0.wp.com\/comoaprenderjapones.net\/wp-content\/uploads\/2016\/11\/Japones_Expresso.jpg?fit=1200%2C696&ssl=1&resize=350%2C200 1x, https:\/\/i0.wp.com\/comoaprenderjapones.net\/wp-content\/uploads\/2016\/11\/Japones_Expresso.jpg?fit=1200%2C696&ssl=1&resize=525%2C300 1.5x, https:\/\/i0.wp.com\/comoaprenderjapones.net\/wp-content\/uploads\/2016\/11\/Japones_Expresso.jpg?fit=1200%2C696&ssl=1&resize=700%2C400 2x, https:\/\/i0.wp.com\/comoaprenderjapones.net\/wp-content\/uploads\/2016\/11\/Japones_Expresso.jpg?fit=1200%2C696&ssl=1&resize=1050%2C600 3x"},"classes":[]},{"id":4016,"url":"https:\/\/comoaprenderjapones.net\/nl\/curso-japones-club-por-skdesu\/","url_meta":{"origin":94,"position":1},"title":"Curso Japon\u00eas Club por Skdesu","author":"Rafael Avelino","date":"2 de februari de 2023","format":false,"excerpt":"Advertorial Aprenda a L\u00edngua Japonesa com o Curso Japon\u00eas Club e Tenha a solu\u00e7\u00e3o definitiva para superar qualquer desafio! Mang\u00e1 Death Note Olha s\u00f3 o que voc\u00ea tem no Curso Japon\u00eas Club! + de 140 v\u00eddeo aulas em Alta Defini\u00e7\u00e3o Jogos e Atividades Interativas Pagamento \u00danico (N\u00e3o tem Mensalidades) Acesso\u2026","rel":"","context":"Soortgelijk bericht","block_context":{"text":"Soortgelijk bericht","link":""},"img":{"alt_text":"","src":"https:\/\/i0.wp.com\/comoaprenderjapones.net\/wp-content\/uploads\/2023\/02\/japones-club-advertorial.jpg?fit=1023%2C499&ssl=1&resize=350%2C200","width":350,"height":200,"srcset":"https:\/\/i0.wp.com\/comoaprenderjapones.net\/wp-content\/uploads\/2023\/02\/japones-club-advertorial.jpg?fit=1023%2C499&ssl=1&resize=350%2C200 1x, https:\/\/i0.wp.com\/comoaprenderjapones.net\/wp-content\/uploads\/2023\/02\/japones-club-advertorial.jpg?fit=1023%2C499&ssl=1&resize=525%2C300 1.5x, https:\/\/i0.wp.com\/comoaprenderjapones.net\/wp-content\/uploads\/2023\/02\/japones-club-advertorial.jpg?fit=1023%2C499&ssl=1&resize=700%2C400 2x"},"classes":[]},{"id":35,"url":"https:\/\/comoaprenderjapones.net\/nl\/sobre\/","url_meta":{"origin":94,"position":2},"title":"Over","author":"Rafael Avelino","date":"24 de augustus de 2014","format":false,"excerpt":"Ol\u00e1 Minna! Sou Rafael admin deste site, como vai? Muito obrigado por visitar este site que pretende passar dicas de como aprender japon\u00eas para quem est\u00e1 iniciando, assim como eu. Vamos tentar abordar tudo que possa ajudar no seu aprendizado do idioma japon\u00eas, que vai desde animes,m\u00fasicas,mangas e tamb\u00e9m o\u2026","rel":"","context":"Soortgelijk bericht","block_context":{"text":"Soortgelijk bericht","link":""},"img":{"alt_text":"","src":"","width":0,"height":0},"classes":[]},{"id":179,"url":"https:\/\/comoaprenderjapones.net\/nl\/mapa-site\/","url_meta":{"origin":94,"position":3},"title":"Kaart","author":"Rafael Avelino","date":"31 de januari de 2015","format":false,"excerpt":"Mapa do Site Veja todos os artigos publicados aqui no Como Aprender Japon\u00eas","rel":"","context":"Soortgelijk bericht","block_context":{"text":"Soortgelijk bericht","link":""},"img":{"alt_text":"","src":"","width":0,"height":0},"classes":[]},{"id":2786,"url":"https:\/\/comoaprenderjapones.net\/nl\/acompanhe\/","url_meta":{"origin":94,"position":4},"title":"Ik wil  volgen.","author":"Rafael Avelino","date":"12 de juni de 2020","format":false,"excerpt":"Para n\u00e3o perder alguma novidade ou dica logo em seguida vou indicar v\u00e1rias op\u00e7\u00f5es para que voc\u00ea acompanhe o comoaprenderjapones.net da maneira que desejar e que mais goste. Acompanhe pelo Feed Um dos meios mais tradicionais para voc\u00ea receber as novidades instantaneamente quando algo \u00e9 publicado por aqui. Feed do\u2026","rel":"","context":"Soortgelijk bericht","block_context":{"text":"Soortgelijk bericht","link":""},"img":{"alt_text":"Acompanhe pelo Feedly o comoaprenderjapones.net","src":"https:\/\/i0.wp.com\/comoaprenderjapones.net\/wp-content\/uploads\/2020\/06\/feedly-follow.png?resize=350%2C200&ssl=1","width":350,"height":200},"classes":[]},{"id":904,"url":"https:\/\/comoaprenderjapones.net\/nl\/metodo-fan-art\/","url_meta":{"origin":94,"position":5},"title":"Fan Art Methode 3.0 - Anime Personages Tekenen","author":"Rafael Avelino","date":"15 de februari de 2017","format":false,"excerpt":"Aprenda a como desenhar personagem de animes mesmo sem ter o \u201cdom\u201d passo a passo com o m\u00e9todo fan art 3.0 criado pela Mayara Rodrigues.\u00a0 Quem gosta da cultura japonesa, principalmente pelos animes, mangas j\u00e1 teve a curiosidade de saber se \u00e9 poss\u00edvel aprender a desenhar aquele personagem favorito mesmo\u2026","rel":"","context":"Soortgelijk bericht","block_context":{"text":"Soortgelijk bericht","link":""},"img":{"alt_text":"M\u00e9todo Fan Art 3.0 \u2013 Desenhe seu personagem de anime favorito!","src":"https:\/\/i0.wp.com\/comoaprenderjapones.net\/wp-content\/uploads\/2020\/12\/Metod-Fan-Art-3-0-Desenhar-Animes.jpg?fit=1200%2C628&ssl=1&resize=350%2C200","width":350,"height":200,"srcset":"https:\/\/i0.wp.com\/comoaprenderjapones.net\/wp-content\/uploads\/2020\/12\/Metod-Fan-Art-3-0-Desenhar-Animes.jpg?fit=1200%2C628&ssl=1&resize=350%2C200 1x, https:\/\/i0.wp.com\/comoaprenderjapones.net\/wp-content\/uploads\/2020\/12\/Metod-Fan-Art-3-0-Desenhar-Animes.jpg?fit=1200%2C628&ssl=1&resize=525%2C300 1.5x, https:\/\/i0.wp.com\/comoaprenderjapones.net\/wp-content\/uploads\/2020\/12\/Metod-Fan-Art-3-0-Desenhar-Animes.jpg?fit=1200%2C628&ssl=1&resize=700%2C400 2x, https:\/\/i0.wp.com\/comoaprenderjapones.net\/wp-content\/uploads\/2020\/12\/Metod-Fan-Art-3-0-Desenhar-Animes.jpg?fit=1200%2C628&ssl=1&resize=1050%2C600 3x"},"classes":[]}],"jetpack_sharing_enabled":true,"amp_enabled":true,"_links":{"self":[{"href":"https:\/\/comoaprenderjapones.net\/nl\/wp-json\/wp\/v2\/pages\/94","targetHints":{"allow":["GET"]}}],"collection":[{"href":"https:\/\/comoaprenderjapones.net\/nl\/wp-json\/wp\/v2\/pages"}],"about":[{"href":"https:\/\/comoaprenderjapones.net\/nl\/wp-json\/wp\/v2\/types\/page"}],"author":[{"embeddable":true,"href":"https:\/\/comoaprenderjapones.net\/nl\/wp-json\/wp\/v2\/users\/1"}],"replies":[{"embeddable":true,"href":"https:\/\/comoaprenderjapones.net\/nl\/wp-json\/wp\/v2\/comments?post=94"}],"version-history":[{"count":0,"href":"https:\/\/comoaprenderjapones.net\/nl\/wp-json\/wp\/v2\/pages\/94\/revisions"}],"wp:featuredmedia":[{"embeddable":true,"href":"https:\/\/comoaprenderjapones.net\/nl\/wp-json\/wp\/v2\/media\/3155"}],"wp:attachment":[{"href":"https:\/\/comoaprenderjapones.net\/nl\/wp-json\/wp\/v2\/media?parent=94"}],"curies":[{"name":"wp","href":"https:\/\/api.w.org\/{rel}","templated":true}]}}