{"id":860,"date":"2016-11-14T21:13:15","date_gmt":"2016-11-14T23:13:15","guid":{"rendered":"https:\/\/comoaprenderjapones.net\/?page_id=860"},"modified":"2023-02-19T12:30:41","modified_gmt":"2023-02-19T15:30:41","slug":"japonski-ekspresowy-kurs-online","status":"publish","type":"page","link":"https:\/\/comoaprenderjapones.net\/pl\/japonski-ekspresowy-kurs-online\/","title":{"rendered":"Japanese Express: Kurs japo\u0144skiego online"},"content":{"rendered":"<div class=\"6493bc198c24843764e19a32ad573702\" data-index=\"2\" style=\"float: none; margin:0px;\">\n<script async src=\"https:\/\/pagead2.googlesyndication.com\/pagead\/js\/adsbygoogle.js?client=ca-pub-0652292147574552\"\r\n     crossorigin=\"anonymous\"><\/script>\r\n<!-- Ads responsivo Inicio Post CAJap -->\r\n<ins class=\"adsbygoogle\"\r\n     style=\"display:block\"\r\n     data-ad-client=\"ca-pub-0652292147574552\"\r\n     data-ad-slot=\"3298668993\"\r\n     data-ad-format=\"auto\"><\/ins>\r\n<script>\r\n     (adsbygoogle = window.adsbygoogle || []).push({});\r\n<\/script>\n<\/div>\n\n<p><em>Dowiedz si\u0119 wi\u0119cej o kursach online <strong>Japo\u0144ski ekspres<\/strong> obiecuje pom\u00f3c w rozpocz\u0119ciu nauki j\u0119zyka japo\u0144skiego, a tak\u017ce dla tych, kt\u00f3rzy podr\u00f3\u017cuj\u0105 do Japonii.<\/em><\/p>\n\n\n\n<p class=\"has-background has-medium-font-size\" style=\"background-color:#f8c0c0\"><strong>KURS NIEDOST\u0118PNY<\/strong>. Zapoznaj si\u0119 z pe\u0142nym kursem Sensei Luiza Rafaela ???? <a href=\"https:\/\/comoaprenderjapones.net\/pl\/japonski-program-online\/\" data-type=\"URL\" data-id=\"https:\/\/comoaprenderjapones.net\/programa-japones-online\/\">Japo\u0144ski program online<\/a>!<\/p>\n\n\n\n<p>Ka\u017cdy, kto lubi japo\u0144sk\u0105 kultur\u0119, czy to anime, mang\u0119, filmy, dramaty J lub wiele innych czynnik\u00f3w, kt\u00f3re sprawiaj\u0105, \u017ce ta kultura jest wyj\u0105tkowa, pomy\u015bla\u0142 o nauce j\u0119zyka japo\u0144skiego, aby jeszcze bardziej cieszy\u0107 si\u0119 t\u0105 osobliw\u0105 kultur\u0105.<\/p>\n\n\n\n<p>Du\u017cym problemem dla tych, kt\u00f3rzy zaczynaj\u0105 od zera, lub nawet zacz\u0119li i przestali, jest wra\u017cenie, \u017ce Nihongo jest bardzo trudnym lub nawet niemo\u017cliwym do nauczenia si\u0119 j\u0119zykiem.<\/p>\n\n\n\n<p>Ale to nieprawda! Dzieje si\u0119 tak dlatego, \u017ce nie nauczy\u0142e\u015b si\u0119 jeszcze prawid\u0142owej metodologii efektywnego studiowania.<\/p>\n\n\n\n<p>Czy nie by\u0142oby wspaniale mie\u0107 kurs, kt\u00f3ry przechodzi od razu do sedna, bez zb\u0119dnego puchu, skierowany do tych, kt\u00f3rzy chc\u0105 szybko nauczy\u0107 si\u0119 podstaw j\u0119zyka, aby albo podr\u00f3\u017cowa\u0107 do Japonii, albo mie\u0107 wi\u0119ksz\u0105 motywacj\u0119 do zag\u0142\u0119bienia si\u0119 w j\u0119zyk japo\u0144ski?<\/p>\n\n\n\n<p>To w\u0142a\u015bnie dlatego Luiz stworzy\u0142 <a href=\"https:\/\/comoaprenderjapones.net\/pl\/in\/curso-de-japones-gratis-agosto-de-2020\/\" target=\"_blank\" rel=\"noopener noreferrer\">Ekspresowy kurs j\u0119zyka japo\u0144skiego<\/a> dla tych, kt\u00f3rzy maj\u0105 ten cel i musz\u0105 uczy\u0107 si\u0119 wystarczaj\u0105co szybko, aby poradzi\u0107 sobie w Japonii.<\/p>\n\n\n<div class=\"wp-block-image\">\n<figure class=\"aligncenter\"><img data-recalc-dims=\"1\" decoding=\"async\" width=\"960\" height=\"436\" src=\"https:\/\/i0.wp.com\/comoaprenderjapones.net\/wp-content\/uploads\/2016\/11\/Viagem_Japao_curso_japones_expresso.jpg?resize=960%2C436&#038;ssl=1\" alt=\"Podr\u00f3\u017c do Japonii: ekspresowy kurs japo\u0144skiego\" class=\"wp-image-865\" title=\"Podr\u00f3\u017c do Japonii: ekspresowy kurs japo\u0144skiego\" srcset=\"https:\/\/i0.wp.com\/comoaprenderjapones.net\/wp-content\/uploads\/2016\/11\/Viagem_Japao_curso_japones_expresso.jpg?w=960&amp;ssl=1 960w, https:\/\/i0.wp.com\/comoaprenderjapones.net\/wp-content\/uploads\/2016\/11\/Viagem_Japao_curso_japones_expresso.jpg?resize=300%2C136&amp;ssl=1 300w, https:\/\/i0.wp.com\/comoaprenderjapones.net\/wp-content\/uploads\/2016\/11\/Viagem_Japao_curso_japones_expresso.jpg?resize=768%2C349&amp;ssl=1 768w\" sizes=\"(max-width: 960px) 100vw, 960px\" \/><\/figure>\n<\/div>\n\n\n<h2 class=\"wp-block-heading\" id=\"o-que-e-o-curso-japones-expresso\">Czym jest kurs Japanese Express?<\/h2>\n\n\n\n<p>Jest to zamkni\u0119ty kurs wy\u0142\u0105cznie dla student\u00f3w, w kt\u00f3rym mo\u017cna zacz\u0105\u0107 od zera i uczy\u0107 si\u0119 j\u0119zyka japo\u0144skiego znacznie wydajniej i szybciej dzi\u0119ki lekcjom wideo.<\/p>\n\n\n\n<p>Ale ten NOWY <a href=\"https:\/\/comoaprenderjapones.net\/pl\/in\/curso-de-japones-gratis-agosto-de-2020\/\" target=\"_blank\" rel=\"noopener noreferrer\">Kurs japo\u0144skiego online<\/a> ma jedn\u0105 zasadnicz\u0105 r\u00f3\u017cnic\u0119: trwa 6 tygodni, czyli praktycznie p\u00f3\u0142tora miesi\u0105ca.<\/p>\n\n\n\n<h3 class=\"wp-block-heading\" id=\"para-quem-e-esse-curso\">Dla kogo przeznaczony jest ten kurs?<\/h3>\n\n\n\n<p>Kurs ma by\u0107 tak bezpo\u015bredni, prosty i \u0142atwy, jak to tylko mo\u017cliwe, aby ka\u017cdy m\u00f3g\u0142 nauczy\u0107 si\u0119 podstaw j\u0119zyka.<\/p>\n\n\n\n<p>Zosta\u0142 stworzony z my\u015bl\u0105 o cz\u0142owieku:<\/p>\n\n\n\n<ul class=\"wp-block-list\">\n<li>Nie masz czasu do stracenia i musisz pilnie nauczy\u0107 si\u0119 przynajmniej podstaw, aby mie\u0107 niezb\u0119dne umiej\u0119tno\u015bci komunikacyjne w Japonii<\/li>\n\n\n\n<li>Dla tych, kt\u00f3rzy nie wiedz\u0105 nic o j\u0119zyku i chc\u0105 od razu nauczy\u0107 si\u0119 podstaw, aby mie\u0107 znacznie wi\u0119ksz\u0105 motywacj\u0119 do kontynuowania nauki.<\/li>\n<\/ul>\n\n\n\n<p>Express Japanese jest bardzo skoncentrowany na tych typach ludzi, kt\u00f3rzy szukaj\u0105 kursu japo\u0144skiego online, kt\u00f3ry jest szybki i przynosi satysfakcjonuj\u0105ce wyniki w kr\u00f3tszym czasie.<\/p>\n\n\n\n<p>To <strong>Kurs japo\u0144skiego dla os\u00f3b podr\u00f3\u017cuj\u0105cych do Japonii<\/strong> wkr\u00f3tce lub chcesz szybko nauczy\u0107 si\u0119 podstaw j\u0119zyka.<\/p>\n\n\n\n<p class=\"has-text-align-center\"><a class=\"fasc-button fasc-size-large fasc-type-flat fasc-rounded-medium ico-fa fasc-ico-before fa-play-circle\" style=\"background-color: #e43f42; color: #ffffff;\" target=\"_blank\" rel=\"noopener noreferrer\" href=\"https:\/\/comoaprenderjapones.net\/pl\/in\/curso-de-japones-gratis-agosto-de-2020\/\">Dowiedz si\u0119 wi\u0119cej o kursie klikaj\u0105c tutaj!<\/a><\/p>\n\n\n\n<h3 class=\"wp-block-heading\" id=\"qual-o-conteudo-do-curso\">Jaka jest tre\u015b\u0107 kursu?<\/h3>\n\n\n\n<p>Jak zwykle, kurs 100% jest dost\u0119pny online na zamkni\u0119tej stronie tylko dla student\u00f3w:<\/p>\n\n\n\n<ul class=\"wp-block-list\">\n<li>Zesp\u00f3\u0142 gotowy odpowiedzie\u0107 na Twoje pytania<\/li>\n\n\n\n<li>Otrzymasz login i has\u0142o dost\u0119pu do portalu<\/li>\n\n\n\n<li>Tre\u015bci skoncentrowane na zapewnieniu podstaw do komunikowania si\u0119 z rodzimymi u\u017cytkownikami j\u0119zyka<\/li>\n\n\n\n<li>Jest 6 temat\u00f3w plus bonusy, kt\u00f3rych mo\u017cesz si\u0119 szybko i \u0142atwo nauczy\u0107 w lekcjach wideo oraz materia\u0142ach do pobrania<\/li>\n<\/ul>\n\n\n\n<p>W ka\u017cdej lekcji b\u0119dziesz m\u00f3g\u0142 zostawi\u0107 pytanie, podobne do komentarza, na kt\u00f3re zesp\u00f3\u0142 wsparcia odpowie tak szybko, jak to mo\u017cliwe.<\/p>\n\n\n\n<h2 class=\"wp-block-heading\" id=\"quem-e-o-criador-do-curso-japones-expresso\">Kto jest tw\u00f3rc\u0105 ekspresowego kursu japo\u0144skiego?<\/h2>\n\n\n<div class=\"wp-block-image\">\n<figure class=\"alignleft\"><img data-recalc-dims=\"1\" decoding=\"async\" width=\"300\" height=\"244\" src=\"https:\/\/i0.wp.com\/comoaprenderjapones.net\/wp-content\/uploads\/2016\/11\/Luiz_Rafael_Curso_Japones_Expresso.jpg?resize=300%2C244&#038;ssl=1\" alt=\"Luiz Rafael Japo\u0144ski kurs ekspresowy\" class=\"wp-image-863\" title=\"Luiz Rafael Japo\u0144ski kurs ekspresowy\"\/><\/figure>\n<\/div>\n\n\n<p>Kurs zosta\u0142 stworzony przez Luiza Rafaela, tw\u00f3rc\u0119 m.in. <a href=\"https:\/\/comoaprenderjapones.net\/pl\/japonski-program-online\/\">Japo\u0144ski program online<\/a>Jestem tutaj, aby wype\u0142ni\u0107 luk\u0119, w kt\u00f3rej tysi\u0105ce ludzi chce szybkich rezultat\u00f3w, aby mogli przynajmniej \"poradzi\u0107 sobie\" z podstawami j\u0119zyka w Japonii.<\/p>\n\n\n\n<p>Luiz uczy si\u0119 japo\u0144skiego od 15 roku \u017cycia i ma du\u017ce do\u015bwiadczenie w dziedzinie nauki j\u0119zyk\u00f3w obcych.<\/p>\n\n\n\n<h3 class=\"wp-block-heading\" id=\"o-curso-japones-expresso-e-para-mim\">Czy ekspresowy kurs japo\u0144skiego jest dla mnie?<\/h3>\n\n\n\n<p>Je\u015bli wkr\u00f3tce wybierasz si\u0119 do Japonii lub chcesz szybko nauczy\u0107 si\u0119 podstaw j\u0119zyka japo\u0144skiego, ten kurs jest dla Ciebie!<\/p>\n\n\n\n<p>Dzi\u0119ki prostym lekcjom ka\u017cdy zainteresowany mo\u017ce z \u0142atwo\u015bci\u0105 nauczy\u0107 si\u0119 wystarczaj\u0105co du\u017co, aby poradzi\u0107 sobie w Japonii, takich jak zakupy, jazda poci\u0105giem, dzi\u0119kowanie tubylcom itp.<\/p>\n\n\n\n<p>Je\u015bli chcesz nauczy\u0107 si\u0119 podstaw tego, czego b\u0119dziesz potrzebowa\u0107 podczas podr\u00f3\u017cy lub je\u015bli chcesz zacz\u0105\u0107 od zera i szybko nauczy\u0107 si\u0119 podstaw j\u0119zyka, to ten kurs jest zdecydowanie dla Ciebie!<\/p>\n\n\n\n<h3 class=\"wp-block-heading\" id=\"mais-informacao\">Wi\u0119cej informacji<\/h3>\n\n\n\n<p>Je\u015bli chcesz dowiedzie\u0107 si\u0119 wi\u0119cej o rejestracji, wsparciu i wielu innych kwestiach, kliknij poni\u017cszy przycisk:<\/p>\n\n\n\n<p class=\"has-text-align-center\"><a class=\"fasc-button fasc-size-large fasc-type-flat fasc-rounded-medium ico-fa fasc-ico-before fa-mail-forward\" style=\"background-color: #e43f42; color: #ffffff;\" target=\"_blank\" rel=\"noopener noreferrer\" href=\"https:\/\/comoaprenderjapones.net\/pl\/in\/curso-de-japones-gratis-agosto-de-2020\/\">Dowiedz si\u0119 wi\u0119cej o kursie Japanese Express, klikaj\u0105c tutaj!<\/a><\/p>\n\n<div style=\"font-size: 0px; height: 0px; line-height: 0px; margin: 0; padding: 0; clear: both;\"><\/div>","protected":false},"excerpt":{"rendered":"<p>Conhe\u00e7a curso online japon\u00eas expresso promete te ajudar a sair do zero no idioma japon\u00eas e tamb\u00e9m para quem tem viagem marcada para o Jap\u00e3o. CURSO N\u00c3O EST\u00c1 DISPONIVEL. Conhe\u00e7a o curso Completo do Sensei<\/p>","protected":false},"author":1,"featured_media":861,"parent":0,"menu_order":0,"comment_status":"closed","ping_status":"closed","template":"","meta":{"footnotes":""},"class_list":["post-860","page","type-page","status-publish","has-post-thumbnail"],"jetpack-related-posts":[{"id":94,"url":"https:\/\/comoaprenderjapones.net\/pl\/japonski-program-online\/","url_meta":{"origin":860,"position":0},"title":"Japo\u0144ski program online + bezp\u0142atne japo\u0144skie wydarzenie intensywne","author":"Rafael Avelino","date":"20 de pa\u017adziernik de 2014","format":false,"excerpt":"Conhe\u00e7a o curso de japon\u00eas Programa Japon\u00eas Online do Sensei Luiz Rafael! \u3053\u3093\u306b\u3061\u306f! Est\u00e1 procurando um m\u00e9todo eficiente que te ensine do ZERO a ter um n\u00edvel de flu\u00eancia que possa consumir conte\u00fados totalmente em japon\u00eas? O m\u00e9todo criado pelo Luiz Rafael j\u00e1 passou por muitas atualiza\u00e7\u00f5es e est\u00e1 no\u2026","rel":"","context":"Podobny wpis","block_context":{"text":"Podobny wpis","link":""},"img":{"alt_text":"Programa Japon\u00eas Online - Intensiv\u00e3o de japon\u00eas","src":"https:\/\/i0.wp.com\/comoaprenderjapones.net\/wp-content\/uploads\/2021\/01\/programa-japones-online-intensivao-de-japones-2021.jpg?fit=1200%2C932&ssl=1&resize=350%2C200","width":350,"height":200,"srcset":"https:\/\/i0.wp.com\/comoaprenderjapones.net\/wp-content\/uploads\/2021\/01\/programa-japones-online-intensivao-de-japones-2021.jpg?fit=1200%2C932&ssl=1&resize=350%2C200 1x, https:\/\/i0.wp.com\/comoaprenderjapones.net\/wp-content\/uploads\/2021\/01\/programa-japones-online-intensivao-de-japones-2021.jpg?fit=1200%2C932&ssl=1&resize=525%2C300 1.5x, https:\/\/i0.wp.com\/comoaprenderjapones.net\/wp-content\/uploads\/2021\/01\/programa-japones-online-intensivao-de-japones-2021.jpg?fit=1200%2C932&ssl=1&resize=700%2C400 2x, https:\/\/i0.wp.com\/comoaprenderjapones.net\/wp-content\/uploads\/2021\/01\/programa-japones-online-intensivao-de-japones-2021.jpg?fit=1200%2C932&ssl=1&resize=1050%2C600 3x"},"classes":[]},{"id":4016,"url":"https:\/\/comoaprenderjapones.net\/pl\/curso-japones-club-por-skdesu\/","url_meta":{"origin":860,"position":1},"title":"Curso Japon\u00eas Club por Skdesu","author":"Rafael Avelino","date":"2 de luty de 2023","format":false,"excerpt":"Advertorial Aprenda a L\u00edngua Japonesa com o Curso Japon\u00eas Club e Tenha a solu\u00e7\u00e3o definitiva para superar qualquer desafio! Mang\u00e1 Death Note Olha s\u00f3 o que voc\u00ea tem no Curso Japon\u00eas Club! + de 140 v\u00eddeo aulas em Alta Defini\u00e7\u00e3o Jogos e Atividades Interativas Pagamento \u00danico (N\u00e3o tem Mensalidades) Acesso\u2026","rel":"","context":"Podobny wpis","block_context":{"text":"Podobny wpis","link":""},"img":{"alt_text":"","src":"https:\/\/i0.wp.com\/comoaprenderjapones.net\/wp-content\/uploads\/2023\/02\/japones-club-advertorial.jpg?fit=1023%2C499&ssl=1&resize=350%2C200","width":350,"height":200,"srcset":"https:\/\/i0.wp.com\/comoaprenderjapones.net\/wp-content\/uploads\/2023\/02\/japones-club-advertorial.jpg?fit=1023%2C499&ssl=1&resize=350%2C200 1x, https:\/\/i0.wp.com\/comoaprenderjapones.net\/wp-content\/uploads\/2023\/02\/japones-club-advertorial.jpg?fit=1023%2C499&ssl=1&resize=525%2C300 1.5x, https:\/\/i0.wp.com\/comoaprenderjapones.net\/wp-content\/uploads\/2023\/02\/japones-club-advertorial.jpg?fit=1023%2C499&ssl=1&resize=700%2C400 2x"},"classes":[]},{"id":35,"url":"https:\/\/comoaprenderjapones.net\/pl\/na-stronie\/","url_meta":{"origin":860,"position":2},"title":"O","author":"Rafael Avelino","date":"24 de sierpie\u0144 de 2014","format":false,"excerpt":"Ol\u00e1 Minna! Sou Rafael admin deste site, como vai? Muito obrigado por visitar este site que pretende passar dicas de como aprender japon\u00eas para quem est\u00e1 iniciando, assim como eu. Vamos tentar abordar tudo que possa ajudar no seu aprendizado do idioma japon\u00eas, que vai desde animes,m\u00fasicas,mangas e tamb\u00e9m o\u2026","rel":"","context":"Podobny wpis","block_context":{"text":"Podobny wpis","link":""},"img":{"alt_text":"","src":"","width":0,"height":0},"classes":[]},{"id":179,"url":"https:\/\/comoaprenderjapones.net\/pl\/map-site\/","url_meta":{"origin":860,"position":3},"title":"Mapa strony","author":"Rafael Avelino","date":"31 de stycze\u0144 de 2015","format":false,"excerpt":"Mapa do Site Veja todos os artigos publicados aqui no Como Aprender Japon\u00eas","rel":"","context":"Podobny wpis","block_context":{"text":"Podobny wpis","link":""},"img":{"alt_text":"","src":"","width":0,"height":0},"classes":[]},{"id":904,"url":"https:\/\/comoaprenderjapones.net\/pl\/metoda-fan-artu\/","url_meta":{"origin":860,"position":4},"title":"Fan Art Method 3.0 - Jak rysowa\u0107 postacie z anime?","author":"Rafael Avelino","date":"15 de luty de 2017","format":false,"excerpt":"Aprenda a como desenhar personagem de animes mesmo sem ter o \u201cdom\u201d passo a passo com o m\u00e9todo fan art 3.0 criado pela Mayara Rodrigues.\u00a0 Quem gosta da cultura japonesa, principalmente pelos animes, mangas j\u00e1 teve a curiosidade de saber se \u00e9 poss\u00edvel aprender a desenhar aquele personagem favorito mesmo\u2026","rel":"","context":"Podobny wpis","block_context":{"text":"Podobny wpis","link":""},"img":{"alt_text":"M\u00e9todo Fan Art 3.0 \u2013 Desenhe seu personagem de anime favorito!","src":"https:\/\/i0.wp.com\/comoaprenderjapones.net\/wp-content\/uploads\/2020\/12\/Metod-Fan-Art-3-0-Desenhar-Animes.jpg?fit=1200%2C628&ssl=1&resize=350%2C200","width":350,"height":200,"srcset":"https:\/\/i0.wp.com\/comoaprenderjapones.net\/wp-content\/uploads\/2020\/12\/Metod-Fan-Art-3-0-Desenhar-Animes.jpg?fit=1200%2C628&ssl=1&resize=350%2C200 1x, https:\/\/i0.wp.com\/comoaprenderjapones.net\/wp-content\/uploads\/2020\/12\/Metod-Fan-Art-3-0-Desenhar-Animes.jpg?fit=1200%2C628&ssl=1&resize=525%2C300 1.5x, https:\/\/i0.wp.com\/comoaprenderjapones.net\/wp-content\/uploads\/2020\/12\/Metod-Fan-Art-3-0-Desenhar-Animes.jpg?fit=1200%2C628&ssl=1&resize=700%2C400 2x, https:\/\/i0.wp.com\/comoaprenderjapones.net\/wp-content\/uploads\/2020\/12\/Metod-Fan-Art-3-0-Desenhar-Animes.jpg?fit=1200%2C628&ssl=1&resize=1050%2C600 3x"},"classes":[]},{"id":2786,"url":"https:\/\/comoaprenderjapones.net\/pl\/sledzic\/","url_meta":{"origin":860,"position":5},"title":"\u015aled\u017a","author":"Rafael Avelino","date":"12 de czerwiec de 2020","format":false,"excerpt":"Para n\u00e3o perder alguma novidade ou dica logo em seguida vou indicar v\u00e1rias op\u00e7\u00f5es para que voc\u00ea acompanhe o comoaprenderjapones.net da maneira que desejar e que mais goste. Acompanhe pelo Feed Um dos meios mais tradicionais para voc\u00ea receber as novidades instantaneamente quando algo \u00e9 publicado por aqui. Feed do\u2026","rel":"","context":"Podobny wpis","block_context":{"text":"Podobny wpis","link":""},"img":{"alt_text":"Acompanhe pelo Feedly o comoaprenderjapones.net","src":"https:\/\/i0.wp.com\/comoaprenderjapones.net\/wp-content\/uploads\/2020\/06\/feedly-follow.png?resize=350%2C200&ssl=1","width":350,"height":200},"classes":[]}],"jetpack_sharing_enabled":true,"amp_enabled":true,"_links":{"self":[{"href":"https:\/\/comoaprenderjapones.net\/pl\/wp-json\/wp\/v2\/pages\/860","targetHints":{"allow":["GET"]}}],"collection":[{"href":"https:\/\/comoaprenderjapones.net\/pl\/wp-json\/wp\/v2\/pages"}],"about":[{"href":"https:\/\/comoaprenderjapones.net\/pl\/wp-json\/wp\/v2\/types\/page"}],"author":[{"embeddable":true,"href":"https:\/\/comoaprenderjapones.net\/pl\/wp-json\/wp\/v2\/users\/1"}],"replies":[{"embeddable":true,"href":"https:\/\/comoaprenderjapones.net\/pl\/wp-json\/wp\/v2\/comments?post=860"}],"version-history":[{"count":0,"href":"https:\/\/comoaprenderjapones.net\/pl\/wp-json\/wp\/v2\/pages\/860\/revisions"}],"wp:featuredmedia":[{"embeddable":true,"href":"https:\/\/comoaprenderjapones.net\/pl\/wp-json\/wp\/v2\/media\/861"}],"wp:attachment":[{"href":"https:\/\/comoaprenderjapones.net\/pl\/wp-json\/wp\/v2\/media?parent=860"}],"curies":[{"name":"wp","href":"https:\/\/api.w.org\/{rel}","templated":true}]}}