{"id":9,"date":"2014-08-24T02:32:54","date_gmt":"2014-08-24T02:32:54","guid":{"rendered":"https:\/\/comoaprenderjapones.net\/?page_id=9"},"modified":"2022-02-07T19:38:46","modified_gmt":"2022-02-07T22:38:46","slug":"polityka-prywatnosci","status":"publish","type":"page","link":"https:\/\/comoaprenderjapones.net\/pl\/politica-de-privacidade\/","title":{"rendered":"Polityka prywatno\u015bci"},"content":{"rendered":"<div class=\"6493bc198c24843764e19a32ad573702\" data-index=\"2\" style=\"float: none; margin:0px;\">\n<script async src=\"https:\/\/pagead2.googlesyndication.com\/pagead\/js\/adsbygoogle.js?client=ca-pub-0652292147574552\"\r\n     crossorigin=\"anonymous\"><\/script>\r\n<!-- Ads responsivo Inicio Post CAJap -->\r\n<ins class=\"adsbygoogle\"\r\n     style=\"display:block\"\r\n     data-ad-client=\"ca-pub-0652292147574552\"\r\n     data-ad-slot=\"3298668993\"\r\n     data-ad-format=\"auto\"><\/ins>\r\n<script>\r\n     (adsbygoogle = window.adsbygoogle || []).push({});\r\n<\/script>\n<\/div>\n\n<p>Niniejsza Polityka Prywatno\u015bci zosta\u0142a przygotowana w celu zapewnienia poufno\u015bci, prywatno\u015bci i ochrony danych osobowych os\u00f3b odwiedzaj\u0105cych t\u0119 stron\u0119 oraz u\u017cytkownik\u00f3w naszych us\u0142ug, chroni\u0105c takie informacje przed utrat\u0105, niew\u0142a\u015bciwym wykorzystaniem, nieuprawnionym dost\u0119pem, zmian\u0105 i zniszczeniem.<\/p>\n\n\n\n<h2 class=\"wp-block-heading\" id=\"1-coleta-e-uso-das-informacoes\">1. Gromadzenie i wykorzystywanie informacji<\/h2>\n\n\n\n<p>Dost\u0119p do tej Strony mo\u017ce by\u0107 uwarunkowany rejestracj\u0105 odwiedzaj\u0105cego, kiedy to wymagane b\u0119d\u0105 informacje umo\u017cliwiaj\u0105ce identyfikacj\u0119 odwiedzaj\u0105cego i umo\u017cliwiaj\u0105ce kontakt z naszymi u\u017cytkownikami. Decyduj\u0105c si\u0119 na podanie swoich danych, u\u017cytkownik o\u015bwiadcza, \u017ce zna i akceptuje warunki niniejszej Polityki.Strona otrzymuje r\u00f3wnie\u017c i automatycznie przechowuje, za pomoc\u0105 plik\u00f3w cookies, informacje o aktywno\u015bci przegl\u0105darki, w tym adres IP i stron\u0119, do kt\u00f3rej uzyskano dost\u0119p. Te zapisy aktywno\u015bci (logi) b\u0119d\u0105 wykorzystywane wy\u0142\u0105cznie do cel\u00f3w statystycznych i metryki \u015bwiadczonych us\u0142ug.<\/p>\n\n\n\n<h3 class=\"wp-block-heading\" id=\"cookies-e-web-beacons\">Pliki cookie i sygna\u0142y nawigacyjne<\/h3>\n\n\n\n<p>U\u017cywamy&nbsp;<a style=\"font-weight: inherit; font-style: inherit; color: #469db9;\" href=\"https:\/\/pt.wikipedia.org\/wiki\/Cookie\" target=\"_blank\" rel=\"noopener\">ciasteczka<\/a>&nbsp;do przechowywania informacji, takich jak Twoje osobiste preferencje, kiedy odwiedzasz stron\u0119&nbsp;<strong>Jak uczy\u0107 si\u0119 japo\u0144skiego<\/strong>. Mo\u017ce to by\u0107 proste popup lub link na r\u00f3\u017cnych us\u0142ugach, kt\u00f3re oferujemy, takich jak fora.<\/p>\n\n\n\n<p>Google korzysta z nowego&nbsp;<a style=\"font-weight: inherit; font-style: inherit; color: #469db9;\" href=\"https:\/\/www.doubleclick.com\/privacy\/faq.aspx?ctx=tltp\" target=\"_blank\" rel=\"noopener\">Plik cookie DART<\/a>&nbsp;aby serwowa\u0107 reklamy w oparciu o zainteresowania u\u017cytkownika i jego wizyty na naszym blogu i innych stronach w sieci. Mo\u017cesz zrezygnowa\u0107 z u\u017cywania pliku cookie DART, odwiedzaj\u0105c stron\u0119 reklamow\u0105 Google i program porz\u0105dkowy tej firmy.<\/p>\n\n\n\n<p>U\u017cytkownik jest \u015bwiadomy i zgadza si\u0119, \u017ce zebrane informacje zostan\u0105 wykorzystane w nast\u0119puj\u0105cych celach: (a) do informowania o nowych tre\u015bciach, nowo\u015bciach i wydarzeniach; (b) do aktualizacji danych kontaktowych; (c) do optymalizacji u\u017cyteczno\u015bci i interaktywnych do\u015bwiadcze\u0144 podczas nawigacji u\u017cytkownika na Stronie; (d) do opracowania og\u00f3lnych statystyk, bez identyfikacji u\u017cytkownik\u00f3w; (e) do odpowiedzi na w\u0105tpliwo\u015bci i pro\u015bby samych u\u017cytkownik\u00f3w; oraz (f) do zastosowania si\u0119 do ustale\u0144 prawnych lub s\u0105dowych. Zastrzegamy sobie r\u00f3wnie\u017c prawo do wykorzystania takich zapis\u00f3w w spos\u00f3b zindywidualizowany w przypadkach dochodzenia przest\u0119pstw cywilnych lub kryminalnych, zw\u0142aszcza gdy istnieje podejrzenie oszustwa, atak\u00f3w hakerskich, zmian w systemie lub niew\u0142a\u015bciwego dost\u0119pu do chronionych informacji i danych rejestracyjnych innych u\u017cytkownik\u00f3w.<\/p>\n\n\n\n<h2 class=\"wp-block-heading\" id=\"2-guarda-e-responsabilidade-pelas-informacoes-coletadas\">2. Przechowywanie i rozliczanie zgromadzonych informacji<\/h2>\n\n\n\n<p>Wszelkie informacje dostarczone przez u\u017cytkownik\u00f3w b\u0119d\u0105 uzyskane i przechowywane zgodnie z najsurowszymi standardami bezpiecze\u0144stwa i niezawodno\u015bci. Do\u0142o\u017cymy wszelkich stara\u0144, aby zachowa\u0107 integralno\u015b\u0107 dostarczonych nam informacji, z tego powodu nie ponosimy odpowiedzialno\u015bci za szkody wynikaj\u0105ce z ich dost\u0119pu i\/lub wykorzystania przez osoby trzecie. Dost\u0119p do zebranych informacji jest ograniczony do pracownik\u00f3w i os\u00f3b upowa\u017cnionych. Osoby, kt\u00f3re bezpodstawnie wykorzystuj\u0105 takie informacje, naruszaj\u0105c niniejsz\u0105 Polityk\u0119 Prywatno\u015bci, podlegaj\u0105 sankcjom administracyjnym i dyscyplinarnym, nie wy\u0142\u0105czaj\u0105c obowi\u0105zuj\u0105cych \u015brodk\u00f3w prawnych. O ile nie zostanie to ustalone prawnie lub s\u0105downie, informacje o u\u017cytkownikach zarejestrowanych w tej Witrynie nigdy nie b\u0119d\u0105 przekazywane osobom trzecim ani wykorzystywane do cel\u00f3w innych ni\u017c te, dla kt\u00f3rych zosta\u0142y zebrane. Wszystkie zebrane dane osobowe zostan\u0105 w\u0142\u0105czone do bazy danych tej Strony, a administrator Strony b\u0119dzie za nie odpowiedzialny.<\/p>\n\n\n\n<h2 class=\"wp-block-heading\" id=\"3-informacoes-opinioes-e-conteudos-gerados-por-terceiros\">3. Informacje, opinie i tre\u015bci generowane przez osoby trzecie<\/h2>\n\n\n\n<p>Niniejsza Strona umo\u017cliwia udzia\u0142 odwiedzaj\u0105cych\/u\u017cytkownik\u00f3w poprzez komentarze, wymian\u0119 informacji, publikacj\u0119 tre\u015bci generowanych przez osoby trzecie oraz rozpowszechnianie reklam. Odwiedzaj\u0105cy, u\u017cytkownicy i reklamodawcy s\u0105 niniejszym \u015bwiadomi, \u017ce nie wolno im publikowa\u0107 informacji, opinii lub tre\u015bci niemoralnych, nielegalnych, rasistowskich, oszczerczych, krzywdz\u0105cych, pornograficznych, przest\u0119pczych lub jakichkolwiek tre\u015bci naruszaj\u0105cych prawa autora. U\u017cytkownik jest r\u00f3wnie\u017c \u015bwiadomy, \u017ce wszelkie informacje, tre\u015bci lub opinie dostarczone lub swobodnie opublikowane na tej Stronie, z wyj\u0105tkiem danych osobowych wymaganych do cel\u00f3w rejestracji, NIE B\u0118D\u0104 GOSPODARCZO POUFNE LUB CHRONIONE PRZEZ NINIEJSZ\u0104 POLITYK\u0118 PRYWATNO\u015aCI i mog\u0105 by\u0107 swobodnie dost\u0119pne i przegl\u0105dane przez innych go\u015bci i u\u017cytkownik\u00f3w. Zabronione s\u0105 r\u00f3wnie\u017c reklamy lub jakiekolwiek rozpowszechnianie produkt\u00f3w, us\u0142ug lub wydarze\u0144, kt\u00f3re naruszaj\u0105 prawo, moralno\u015b\u0107 i dobre obyczaje. Osoby odpowiedzialne za t\u0119 stron\u0119 nie ponosz\u0105 odpowiedzialno\u015bci za informacje, opinie i tre\u015bci generowane przez osoby trzecie, ani za jako\u015b\u0107 lub prawdziwo\u015b\u0107 produkt\u00f3w, us\u0142ug lub wydarze\u0144 ujawnionych za po\u015brednictwem strony.  Wszelkie niemoralne lub nielegalne przejawy, reprodukcje lub publikacje musz\u0105 by\u0107 zg\u0142oszone organizatorom tej strony i zostan\u0105 natychmiast usuni\u0119te. Powiadomienie powinno by\u0107 przekazane na adres os\u00f3b odpowiedzialnych za stron\u0119.<\/p>\n\n\n\n<h2 class=\"wp-block-heading\" id=\"4-responsabilidade-dos-usuarios\">4. Odpowiedzialno\u015b\u0107 u\u017cytkownik\u00f3w<\/h2>\n\n\n\n<p>Obowi\u0105zkiem u\u017cytkownika jest zachowanie has\u0142a i loginu dost\u0119pu. Nie zalecamy stosowania oczywistych hase\u0142, takich jak specjalne daty, nazwy lub sekwencje liczbowe. Je\u015bli u\u017cytkownik dowie si\u0119 lub tylko podejrzewa, \u017ce jego has\u0142o zosta\u0142o z\u0142amane, powinien je zmieni\u0107 na swojej stronie rejestracji. Jeste\u015bmy zobowi\u0105zani do ochrony prywatno\u015bci dzieci w Internecie. Wszelkie rejestracje os\u00f3b niepe\u0142noletnich b\u0119d\u0105 mia\u0142y miejsce jedynie w celu uczestnictwa w zastrze\u017conych obszarach strony zawieraj\u0105cych tre\u015bci edukacyjne. Dane os\u00f3b niepe\u0142noletnich b\u0119d\u0105 wykorzystywane wy\u0142\u0105cznie w celu odpowiedzi na zapytania, pytania akademickie, zaplanowania wyk\u0142ad\u00f3w w szko\u0142ach lub z powod\u00f3w og\u00f3lnej statystyki. Zalecamy r\u00f3wnie\u017c, aby osoby niepe\u0142noletnie by\u0142y zawsze pod opiek\u0105 i nadzorem swoich opiekun\u00f3w, kt\u00f3rzy w ka\u017cdej chwili mog\u0105 za\u017c\u0105da\u0107 anulowania rejestracji. Niniejsza Polityka podlega ci\u0105g\u0142ym zmianom i udoskonaleniom. Dlatego zalecamy jej okresow\u0105 konsultacj\u0119.<\/p>\n\n<div style=\"font-size: 0px; height: 0px; line-height: 0px; margin: 0; padding: 0; clear: both;\"><\/div>","protected":false},"excerpt":{"rendered":"<p>Esta Pol\u00edtica de Privacidade foi elaborada visando zelar pela confidencialidade, privacidade e prote\u00e7\u00e3o dos dados pessoais dos visitantes deste site e dos usu\u00e1rios de nossos servi\u00e7os, protegendo essas informa\u00e7\u00f5es de perdas, uso impr\u00f3prio, acesso n\u00e3o<\/p>","protected":false},"author":1,"featured_media":0,"parent":0,"menu_order":0,"comment_status":"closed","ping_status":"closed","template":"","meta":{"footnotes":""},"class_list":["post-9","page","type-page","status-publish"],"jetpack-related-posts":[],"jetpack_sharing_enabled":false,"amp_enabled":true,"_links":{"self":[{"href":"https:\/\/comoaprenderjapones.net\/pl\/wp-json\/wp\/v2\/pages\/9","targetHints":{"allow":["GET"]}}],"collection":[{"href":"https:\/\/comoaprenderjapones.net\/pl\/wp-json\/wp\/v2\/pages"}],"about":[{"href":"https:\/\/comoaprenderjapones.net\/pl\/wp-json\/wp\/v2\/types\/page"}],"author":[{"embeddable":true,"href":"https:\/\/comoaprenderjapones.net\/pl\/wp-json\/wp\/v2\/users\/1"}],"replies":[{"embeddable":true,"href":"https:\/\/comoaprenderjapones.net\/pl\/wp-json\/wp\/v2\/comments?post=9"}],"version-history":[{"count":0,"href":"https:\/\/comoaprenderjapones.net\/pl\/wp-json\/wp\/v2\/pages\/9\/revisions"}],"wp:attachment":[{"href":"https:\/\/comoaprenderjapones.net\/pl\/wp-json\/wp\/v2\/media?parent=9"}],"curies":[{"name":"wp","href":"https:\/\/api.w.org\/{rel}","templated":true}]}}