{"id":904,"date":"2017-02-15T20:39:01","date_gmt":"2017-02-15T22:39:01","guid":{"rendered":"https:\/\/comoaprenderjapones.net\/?page_id=904"},"modified":"2022-09-05T15:01:47","modified_gmt":"2022-09-05T18:01:47","slug":"metoda-fan-artu","status":"publish","type":"page","link":"https:\/\/comoaprenderjapones.net\/pl\/metoda-fan-artu\/","title":{"rendered":"Fan Art Method 3.0 - Jak rysowa\u0107 postacie z anime?"},"content":{"rendered":"<div class=\"6493bc198c24843764e19a32ad573702\" data-index=\"2\" style=\"float: none; margin:0px;\">\n<script async src=\"https:\/\/pagead2.googlesyndication.com\/pagead\/js\/adsbygoogle.js?client=ca-pub-0652292147574552\"\r\n     crossorigin=\"anonymous\"><\/script>\r\n<!-- Ads responsivo Inicio Post CAJap -->\r\n<ins class=\"adsbygoogle\"\r\n     style=\"display:block\"\r\n     data-ad-client=\"ca-pub-0652292147574552\"\r\n     data-ad-slot=\"3298668993\"\r\n     data-ad-format=\"auto\"><\/ins>\r\n<script>\r\n     (adsbygoogle = window.adsbygoogle || []).push({});\r\n<\/script>\n<\/div>\n\n<div class=\"addthis_inline_share_toolbox\"><\/div>\n\n\n\n<p><em>Dowiedz si\u0119, jak <strong>Jak rysowa\u0107 postacie z anime<\/strong> nawet bez krok po kroku \"prezentu\" w postaci <strong>metoda fan art 3.0 <\/strong>stworzony przez<strong> <\/strong>Mayara Rodrigues.\u00a0<\/em><\/p>\n\n\n\n<p>Quem gosta da cultura japonesa, principalmente pelos animes, mangas j\u00e1 teve a curiosidade de saber se \u00e9 poss\u00edvel aprender a desenhar aquele personagem favorito mesmo sem ter afinidade, o &#8220;dom&#8221; de desenhar.<\/p>\n\n\n\n<p>Du\u017cym problemem jest to, \u017ce bez dobrej metody lub kogo\u015b, kto mo\u017ce nauczy\u0107 ci\u0119 w praktyczny spos\u00f3b, trudno jest uczy\u0107 si\u0119 samemu.<\/p>\n\n\n\n\n\n\n<p>Maj\u0105c to na uwadze <a href=\"https:\/\/comoaprenderjapones.net\/pl\/in\/conheca-o-metodo-fan-art\/\" target=\"_blank\" rel=\"noopener\">Mayara postanowi\u0142a stworzy\u0107 prost\u0105 metod\u0119<\/a>Jest praktyczny i skupia si\u0119 na tym, co naprawd\u0119 wa\u017cne.<\/p>\n\n\n\n<h2 class=\"wp-block-heading\">Czym jest Fan Art?<\/h2>\n\n\n\n<p>Wiesz <strong>Czym jest fan art?<\/strong>? Poni\u017cej znajduje si\u0119 kr\u00f3tkie wyja\u015bnienie, a nast\u0119pnie dowiedz si\u0119 wi\u0119cej o <a href=\"https:\/\/comoaprenderjapones.net\/pl\/metoda-fan-artu\/\">Metoda Fan Art<\/a> kt\u00f3ry jest bardzo popularny w Brazylii dla tych, kt\u00f3rzy chc\u0105 nauczy\u0107 si\u0119 rysowa\u0107 anime:<\/p>\n\n\n\n<blockquote class=\"wp-block-quote is-layout-flow wp-block-quote-is-layout-flow\"><p>Fanart, sztuka fanowska lub sztuka fanowska to dzie\u0142o sztuki oparte na postaci, fantazji, przedmiocie lub znanym dziele, kt\u00f3re zosta\u0142o stworzone przez fan\u00f3w. Termin ten mo\u017ce by\u0107 stosowany zar\u00f3wno do fanowskiej sztuki postaci z konkretnej ksi\u0105\u017cki (ksi\u0105\u017cek), jak i sztuki pochodz\u0105cej z medi\u00f3w wizualnych, takich jak komiksy, filmy i\/lub gry wideo. Zwykle odnosi si\u0119 do dzie\u0142 sztuki wykonanych przez artyst\u00f3w amator\u00f3w lub artyst\u00f3w, kt\u00f3rzy nie otrzymuj\u0105 wynagrodzenia za swoj\u0105 prac\u0119. Jest to dzie\u0142o stworzone przez fan\u00f3w na podstawie ich w\u0142asnej wyobra\u017ani na temat oryginalnego dzie\u0142a.<br \/>\u0179r\u00f3d\u0142o:&nbsp;<a href=\"https:\/\/pt.wikipedia.org\/wiki\/Fanart\" target=\"_blank\" rel=\"noopener\">Wikipedia<\/a><\/p><\/blockquote>\n\n\n\n<p>Dowiedzmy si\u0119 teraz, o co chodzi w tym kursie, a tak\u017ce o jego tw\u00f3rcy i opiniach os\u00f3b, kt\u00f3re go uko\u0144czy\u0142y i zatwierdzi\u0142y.<\/p>\n\n\n\n<h2 class=\"wp-block-heading\">Czym jest metoda Fan Art?<\/h2>\n\n\n\n<p>Metoda stworzona, aby nauczy\u0107 ludzi, kt\u00f3rzy chc\u0105 nauczy\u0107 si\u0119 rysowa\u0107 swoj\u0105 ulubion\u0105 posta\u0107 z anime bez zbytniego wysi\u0142ku, w dobrze wyja\u015bnionym i dydaktycznym procesie krok po kroku.<\/p>\n\n\n\n<p>Naucz si\u0119 rysowa\u0107 podobnie do tego, jak autor oryginalnego anime narysowa\u0142 stworzon\u0105 przez siebie posta\u0107.<\/p>\n\n\n\n<h3 class=\"wp-block-heading\"><strong>Tw\u00f3rca Mayara Rodrigues<\/strong> kursu<\/h3>\n\n\n<div class=\"wp-block-image\">\n<figure class=\"alignleft\"><a href=\"https:\/\/comoaprenderjapones.net\/pl\/in\/conheca-o-metodo-fan-art\/\" rel=\"nofollow noopener\"><img data-recalc-dims=\"1\" decoding=\"async\" width=\"300\" height=\"247\" src=\"https:\/\/i0.wp.com\/comoaprenderjapones.net\/wp-content\/uploads\/2018\/09\/Mayara-Rodrigues.png?resize=300%2C247&#038;ssl=1\" alt=\"Mayara Rodrigues, tw\u00f3rczyni metody fan artu\" class=\"wp-image-2430\" srcset=\"https:\/\/i0.wp.com\/comoaprenderjapones.net\/wp-content\/uploads\/2018\/09\/Mayara-Rodrigues.png?resize=300%2C247&amp;ssl=1 300w, https:\/\/i0.wp.com\/comoaprenderjapones.net\/wp-content\/uploads\/2018\/09\/Mayara-Rodrigues.png?w=543&amp;ssl=1 543w\" sizes=\"(max-width: 300px) 100vw, 300px\" \/><\/a><figcaption><strong>Mayara Rodrigues<\/strong> tw\u00f3rca metody Fan Art<\/figcaption><\/figure>\n<\/div>\n\n\n<p><strong>Mayara Rodrigues<\/strong>Podobnie jak wielu Brazylijczyk\u00f3w, zainteresowa\u0142 si\u0119 anime, a jego ulubionym by\u0142 Digimon, co zrodzi\u0142o ch\u0119\u0107 nauczenia si\u0119 rysowania swoich ulubionych postaci.<\/p>\n\n\n\n<p>Du\u017cym problemem by\u0142o to, \u017ce nie robi\u0142a du\u017cych post\u0119p\u00f3w, gdy pr\u00f3bowa\u0142a rysowa\u0107, a kurs rysunku nie by\u0142 zbyt tani ani blisko jej domu.<\/p>\n\n\n\n<p>Nast\u0119pnie zacz\u0119\u0142a kupowa\u0107 czasopisma, kt\u00f3re uczy\u0142y rysowania, zwykle metodami japo\u0144skimi.<\/p>\n\n\n\n<p>Po wielu burzach m\u00f3zg\u00f3w, dopiero po d\u0142ugim czasie, wielu latach, naprawd\u0119 zrozumia\u0142a, jak rysowa\u0107 anime.<\/p>\n\n\n\n<p class=\"has-text-align-center\"><a class=\"fasc-button fasc-size-large fasc-type-popout fasc-rounded-medium ico-fa fasc-ico-before fa-youtube-play\" style=\"background-color: #cc2f1a; color: #ffffff;\" target=\"_blank\" rel=\"nofollow noopener\" href=\"https:\/\/comoaprenderjapones.net\/pl\/in\/conheca-historia-da-mayara-rodrigues\/\">Dowiedz si\u0119 wi\u0119cej o jego historii, klikaj\u0105c tutaj!<\/a><\/p>\n\n\n\n<h3 class=\"wp-block-heading\">Jaka jest zawarto\u015b\u0107 metody Fan Art?<\/h3>\n\n\n\n<p>Kurs nie grz\u0119\u017anie, poniewa\u017c od razu przechodzi do rzeczy. Wystarczy spojrze\u0107 na tematy poruszane w kursie online <strong>metoda fan art 3.0<\/strong> ma:<\/p>\n\n\n\n<ol class=\"wp-block-list\"><li>Analiza obrazu<\/li><li>Techniki szkicowania<\/li><li>Anatomia twarzy + warianty k\u0105t\u00f3w<\/li><li>Anatomia cia\u0142a i ruch\u00f3w<\/li><li>Sekret tworzenia w\u0142os\u00f3w z anime\/mangi...<\/li><li>Idealne d\u0142onie i stopy Twojej postaci...<\/li><li>Rysowanie ubra\u0144 postaci<\/li><li>Finalizowanie rysunk\u00f3w pi\u00f3rkiem<\/li><li>Wprowadzenie do malowania + \u015awiat\u0142o i cie\u0144<\/li><\/ol>\n\n\n\n<h3 class=\"wp-block-heading\">Dodatki do Fan Art Method 3.0<\/h3>\n\n\n\n<p>A tak\u017ce jak zwyczaje <strong>+ 5 bonus\u00f3w<\/strong> aby jeszcze bardziej ulepszy\u0107 swoje projekty:<\/p>\n\n\n\n<ul class=\"wp-block-list\"><li>Sekret rysowania oczu<\/li><li>Ogrzewanie i \u015bledzenie<\/li><li>Korzystanie ze wszystkich modu\u0142\u00f3w kursu na jednym rysunku<\/li><li>Dost\u0119p do ekskluzywnej grupy studenckiej<\/li><li>Certyfikat uko\u0144czenia<\/li><\/ul>\n\n\n<div class=\"wp-block-image\">\n<figure class=\"aligncenter\"><img data-recalc-dims=\"1\" decoding=\"async\" width=\"900\" height=\"475\" src=\"https:\/\/i0.wp.com\/comoaprenderjapones.net\/wp-content\/uploads\/2017\/02\/Area_de_Membros_Metodo_fan_art.jpg?resize=900%2C475&#038;ssl=1\" alt=\"Metoda sztuki fanowskiej w strefie cz\u0142onkowskiej\" class=\"wp-image-906\" srcset=\"https:\/\/i0.wp.com\/comoaprenderjapones.net\/wp-content\/uploads\/2017\/02\/Area_de_Membros_Metodo_fan_art.jpg?w=900&amp;ssl=1 900w, https:\/\/i0.wp.com\/comoaprenderjapones.net\/wp-content\/uploads\/2017\/02\/Area_de_Membros_Metodo_fan_art.jpg?resize=300%2C158&amp;ssl=1 300w, https:\/\/i0.wp.com\/comoaprenderjapones.net\/wp-content\/uploads\/2017\/02\/Area_de_Membros_Metodo_fan_art.jpg?resize=768%2C405&amp;ssl=1 768w\" sizes=\"(max-width: 900px) 100vw, 900px\" \/><\/figure>\n<\/div>\n\n\n<p>B\u0119dziesz mie\u0107 r\u00f3wnie\u017c dost\u0119p do zamkni\u0119tej grupy na Facebooku, w kt\u00f3rej mo\u017cesz zadawa\u0107 pytania autorowi kursu.<\/p>\n\n\n\n<p>Evidente que n\u00e3o existe milagre, mas com toda certeza voc\u00ea aprender\u00e1 de forma pratica com quem entende do assunto praticando todos os dias e vendo em pouco tempo&nbsp;como est\u00e1 progredindo r\u00e1pido.<\/p>\n\n\n\n<h2 class=\"wp-block-heading\">Czy naucz\u0119 si\u0119 rysowa\u0107 postacie z anime?<\/h2>\n\n\n\n<p>Dla tych z was, kt\u00f3rzy chc\u0105 nauczy\u0107 si\u0119 rysowa\u0107 postacie z anime w prosty i nieskomplikowany spos\u00f3b, to <strong>metoda fan artu dzia\u0142a<\/strong> i jest idealny dla Ciebie!<\/p>\n\n\n\n<p>Sprawd\u017a poni\u017cej uczni\u00f3w Mayary, kt\u00f3rzy ju\u017c osi\u0105gaj\u0105 doskona\u0142e wyniki i realizuj\u0105 swoje marzenie o nauce rysowania ulubionych postaci z anime.<\/p>\n\n\n\n<h3 class=\"wp-block-heading\">Opinie student\u00f3w<\/h3>\n\n\n\n<p>Zobacz referencje od swoich uczni\u00f3w pokazuj\u0105ce, jak bardzo s\u0105 szcz\u0119\u015bliwi, \u017ce narysowali swoje ulubione postacie z anime:<br \/><\/p>\n\n\n<div class=\"message_box announce\"><p><\/p>\n<blockquote><p>Gratuluj\u0119 kursu Mayara, uwa\u017cam, \u017ce by\u0142 bardzo dobry. Poleci\u0142em go ju\u017c kilku znajomym, warto. Bardzo prosto do celu, jestem ju\u017c na 4 module i r\u00f3\u017cnica jest absurdalna od moich starych rysunk\u00f3w do teraz, ka\u017cdego dnia jestem coraz lepszy. Gratuluj\u0119 i \u017cycz\u0119 sukces\u00f3w. Bjs<\/p>\n<p><strong>Jo\u00e3o Gabriel Alvarenga<\/strong><\/p><\/blockquote>\n<p><\/p><\/div>\n\n\n<div class=\"message_box announce\"><p><\/p>\n<blockquote><p>Kiedy\u015b oszala\u0142em chc\u0105c narysowa\u0107 Erena Yeagera!!! Skopiowa\u0142em ju\u017c kilka, ale dzisiaj narysowa\u0142em go nawet nie patrz\u0105c!!! Pod\u0105\u017caj\u0105c za wszystkim, czego nauczy\u0142e\u015b w Kursie!!!<br \/>\nTooo szcz\u0119\u015bliwy dmais, zamierzam wkr\u00f3tce zrobi\u0107 plakat, aby umie\u015bci\u0107 go tutaj w moim pokoju hehehe!!!! Dzi\u0119ki Mayy, tw\u00f3j kurs jest niesamowity!!!<\/p>\n<p><strong>Marcos Vinicius Viana<\/strong><\/p><\/blockquote>\n<p><\/p><\/div>\n\n\n\n<p>Zobacz tak\u017ce referencje wynik\u00f3w, jakie uzyskali Twoi uczniowie, pokazuj\u0105c swoje rysunki poni\u017cej:<br \/><\/p>\n\n\n<div class=\"tab_widget wp_shortcodes_tabs\"><ul class=\"wps_tabs\"><li><a href=\"#\" data-tab=\"tab-0-depoimento-jonathan\">Opinia Jonathana<\/a><\/li><li><a href=\"#\" data-tab=\"tab-1-depoimento-adson\">Opinia Adson<\/a><\/li><li><a href=\"#\" data-tab=\"tab-2-depoimento-mika\">Opinia Mika<\/a><\/li><\/ul><div class=\"tab_container\"><div id=\"tab-0-depoimento-jonathan\" class=\"tab_content clearfix\"><img data-recalc-dims=\"1\" decoding=\"async\" class=\"size-full wp-image-909 aligncenter\" src=\"https:\/\/i0.wp.com\/comoaprenderjapones.net\/wp-content\/uploads\/2017\/02\/Metodo_fan_art_desenho_aluno-7.jpg?resize=509%2C626&#038;ssl=1\" alt=\"\" width=\"509\" height=\"626\" srcset=\"https:\/\/i0.wp.com\/comoaprenderjapones.net\/wp-content\/uploads\/2017\/02\/Metodo_fan_art_desenho_aluno-7.jpg?w=509&amp;ssl=1 509w, https:\/\/i0.wp.com\/comoaprenderjapones.net\/wp-content\/uploads\/2017\/02\/Metodo_fan_art_desenho_aluno-7.jpg?resize=244%2C300&amp;ssl=1 244w\" sizes=\"(max-width: 509px) 100vw, 509px\" \/>Opinia Jonathana na temat metody fan artu<\/div><div id=\"tab-1-depoimento-adson\" class=\"tab_content clearfix\"><img data-recalc-dims=\"1\" decoding=\"async\" class=\"size-full wp-image-910 aligncenter\" src=\"https:\/\/i0.wp.com\/comoaprenderjapones.net\/wp-content\/uploads\/2017\/02\/Metodo_fan_art_desenhoaluno7.jpg?resize=495%2C515&#038;ssl=1\" alt=\"\" width=\"495\" height=\"515\" srcset=\"https:\/\/i0.wp.com\/comoaprenderjapones.net\/wp-content\/uploads\/2017\/02\/Metodo_fan_art_desenhoaluno7.jpg?w=495&amp;ssl=1 495w, https:\/\/i0.wp.com\/comoaprenderjapones.net\/wp-content\/uploads\/2017\/02\/Metodo_fan_art_desenhoaluno7.jpg?resize=288%2C300&amp;ssl=1 288w\" sizes=\"(max-width: 495px) 100vw, 495px\" \/>Opinia Adsona na temat metody fan art\u00f3w<\/div><div id=\"tab-2-depoimento-mika\" class=\"tab_content clearfix\"><\/p>\n<p><img data-recalc-dims=\"1\" decoding=\"async\" class=\"size-full wp-image-914 aligncenter\" src=\"https:\/\/i0.wp.com\/comoaprenderjapones.net\/wp-content\/uploads\/2017\/02\/Metodo_Fan_Art_desenhoaluno5.jpg?resize=516%2C546&#038;ssl=1\" alt=\"\" width=\"516\" height=\"546\" srcset=\"https:\/\/i0.wp.com\/comoaprenderjapones.net\/wp-content\/uploads\/2017\/02\/Metodo_Fan_Art_desenhoaluno5.jpg?w=516&amp;ssl=1 516w, https:\/\/i0.wp.com\/comoaprenderjapones.net\/wp-content\/uploads\/2017\/02\/Metodo_Fan_Art_desenhoaluno5.jpg?resize=284%2C300&amp;ssl=1 284w\" sizes=\"(max-width: 516px) 100vw, 516px\" \/><\/p>\n<p>Zeznanie Miki na temat metody fan artu.<\/p>\n<p><\/div><\/div><\/div><div class=\"clear\"><\/div>\n\n\n\n<h2 class=\"wp-block-heading\">Czy metoda Fan Art dzia\u0142a?<\/h2>\n\n\n\n<p>Absolutnie! Je\u015bli widzia\u0142e\u015b <a href=\"https:\/\/comoaprenderjapones.net\/pl\/metoda-fan-artu\/#depoimentos-dos-alunos\">referencje student\u00f3w<\/a> zda\u0142e\u015b sobie spraw\u0119, \u017ce Mayara Rodrigues wie, o czym m\u00f3wi, a tak\u017ce prowadzi prost\u0105 i bardzo dydaktyczn\u0105 prezentacj\u0119.<\/p>\n\n\n\n<p>B\u0119dziesz ogl\u0105da\u0107 lekcje wideo podzielone na modu\u0142y, dzi\u0119ki czemu b\u0119dziesz m\u00f3g\u0142 robi\u0107 post\u0119py i wprowadza\u0107 w \u017cycie wszystko, czego si\u0119 nauczy\u0142e\u015b, \u0142atwo i bez marnowania zbyt wiele czasu.<\/p>\n\n\n\n<p>Jeste\u015b przekonany, \u017ce nawet je\u015bli nigdy wcze\u015bniej nie rysowa\u0142e\u015b, mo\u017cesz nauczy\u0107 si\u0119 technik rysowania postaci z anime w praktyczny spos\u00f3b!<\/p>\n\n\n\n<p class=\"has-text-align-center\"><a class=\"fasc-button fasc-size-large fasc-type-glossy fasc-rounded-medium ico-fa fasc-ico-before fa-share-square-o\" style=\"background-color: #48aa3f; color: #ffffff;\" target=\"_blank\" rel=\"nofollow noopener\" href=\"https:\/\/comoaprenderjapones.net\/pl\/in\/conheca-o-metodo-fan-art\/\">Dowiedz si\u0119 TERAZ o metodzie i dlaczego jest ona dzi\u015b tak popularna!<\/a><\/p>\n\n\n\n<h2 class=\"wp-block-heading\">Cz\u0119sto zadawane pytania<\/h2>\n\n\n<div id=\"rank-math-faq\" class=\"rank-math-block\">\n<div class=\"rank-math-list\">\n<div id=\"faq-question-1662400697637\" class=\"rank-math-list-item\">\n<h3 class=\"rank-math-question\"><strong>Czy kurs jest odpowiedni dla mnie?<\/strong><\/h3>\n<div class=\"rank-math-answer\">\n\n<p>Je\u015bli masz 8 lat, 16 lat lub nawet 40 lat (niezale\u017cnie od wieku) i chcesz nauczy\u0107 si\u0119 rysowa\u0107 postacie z anime i mangi, to ten kurs jest dla ciebie!<\/p>\n\n<\/div>\n<\/div>\n<div id=\"faq-question-1662400711600\" class=\"rank-math-list-item\">\n<h3 class=\"rank-math-question\"><strong>Na czym polega metoda Fan Art?<\/strong><\/h3>\n<div class=\"rank-math-answer\">\n\n<p>Dost\u0119pnych jest ponad 35 lekcji wideo oraz pliki audio i teksty.<\/p>\n\n<\/div>\n<\/div>\n<div id=\"faq-question-1662400722590\" class=\"rank-math-list-item\">\n<h3 class=\"rank-math-question\"><strong>Jak d\u0142ugo trwa kurs?<\/strong><\/h3>\n<div class=\"rank-math-answer\">\n\n<p>Dost\u0119p jest do\u017cywotni, tj. bezterminowy.<\/p>\n\n<\/div>\n<\/div>\n<div id=\"faq-question-1662400736069\" class=\"rank-math-list-item\">\n<h3 class=\"rank-math-question\"><strong>Czy mog\u0119 zap\u0142aci\u0107 za kurs w ratach?<\/strong><\/h3>\n<div class=\"rank-math-answer\">\n\n<p>Tak, za kurs Fan Art Method 3.0 mo\u017cna zap\u0142aci\u0107 kart\u0105 kredytow\u0105 w maksymalnie 10 ratach. Je\u015bli chcesz, mo\u017cesz nawet u\u017cy\u0107 2 kart kredytowych.<\/p>\n\n<\/div>\n<\/div>\n<div id=\"faq-question-1662400747920\" class=\"rank-math-list-item\">\n<h3 class=\"rank-math-question\"><strong>Czy kupowanie Fan Art Method jest bezpieczne?<\/strong><\/h3>\n<div class=\"rank-math-answer\">\n\n<p>Tak\u00a0<a href=\"https:\/\/comoaprenderjapones.net\/pl\/in\/comprar-metodo-fan-art-3-0-ck\/\" target=\"_blank\" rel=\"noreferrer noopener\">Platforma Hotmart do dokonywania p\u0142atno\u015bci<\/a>\u00a0co jest bardzo bezpieczne.<\/p>\n\n<\/div>\n<\/div>\n<div id=\"faq-question-1662400768520\" class=\"rank-math-list-item\">\n<h3 class=\"rank-math-question\"><strong>Gdzie mog\u0119 zadawa\u0107 pytania?<\/strong><\/h3>\n<div class=\"rank-math-answer\">\n\n<p>Wsparcie Whatsapp umo\u017cliwia zadawanie pyta\u0144.<\/p>\n\n<\/div>\n<\/div>\n<div id=\"faq-question-1662400782852\" class=\"rank-math-list-item\">\n<h3 class=\"rank-math-question\"><strong>Czy potrzebuj\u0119 czego\u015b na kurs?<\/strong><\/h3>\n<div class=\"rank-math-answer\">\n\n<p>Po\u0142\u0105czenie internetowe i proste rzeczy, takie jak mi\u0119dzy innymi o\u0142\u00f3wki, zostan\u0105 pokazane w kursie.<\/p>\n\n<\/div>\n<\/div>\n<div id=\"faq-question-1662400805354\" class=\"rank-math-list-item\">\n<h3 class=\"rank-math-question\"><strong>Czy kurs posiada certyfikat?<\/strong><\/h3>\n<div class=\"rank-math-answer\">\n\n<p>Tak, istnieje certyfikat uko\u0144czenia kursu.<\/p>\n\n<\/div>\n<\/div>\n<div id=\"faq-question-1662400813086\" class=\"rank-math-list-item\">\n<h3 class=\"rank-math-question\"><strong>Czy kurs jest gwarantowany?<\/strong><\/h3>\n<div class=\"rank-math-answer\">\n\n<p>Tak, gwarancja jest bezwarunkowa przez 7 dni, wi\u0119c je\u015bli kurs ci si\u0119 nie spodoba, mo\u017cesz poprosi\u0107 o zwrot pieni\u0119dzy z pe\u0142nym zwrotem.<\/p>\n\n<\/div>\n<\/div>\n<\/div>\n<\/div>\n\n\n<p><strong>Podoba\u0142a Ci si\u0119 ta wskaz\u00f3wka? Podziel si\u0119 ni\u0105 ze znajomymi, klikaj\u0105c poni\u017csze przyciski!<\/strong><\/p>\n\n<div style=\"font-size: 0px; height: 0px; line-height: 0px; margin: 0; padding: 0; clear: both;\"><\/div>","protected":false},"excerpt":{"rendered":"<p>Aprenda a como desenhar personagem de animes mesmo sem ter o \u201cdom\u201d passo a passo com o m\u00e9todo fan art 3.0 criado pela Mayara Rodrigues.\u00a0 Quem gosta da cultura japonesa, principalmente pelos animes, mangas j\u00e1<\/p>","protected":false},"author":1,"featured_media":3028,"parent":0,"menu_order":0,"comment_status":"closed","ping_status":"closed","template":"","meta":{"footnotes":""},"class_list":["post-904","page","type-page","status-publish","has-post-thumbnail"],"jetpack-related-posts":[{"id":94,"url":"https:\/\/comoaprenderjapones.net\/pl\/japonski-program-online\/","url_meta":{"origin":904,"position":0},"title":"Japo\u0144ski program online + bezp\u0142atne japo\u0144skie wydarzenie intensywne","author":"Rafael Avelino","date":"20 de pa\u017adziernik de 2014","format":false,"excerpt":"Conhe\u00e7a o curso de japon\u00eas Programa Japon\u00eas Online do Sensei Luiz Rafael! \u3053\u3093\u306b\u3061\u306f! Est\u00e1 procurando um m\u00e9todo eficiente que te ensine do ZERO a ter um n\u00edvel de flu\u00eancia que possa consumir conte\u00fados totalmente em japon\u00eas? O m\u00e9todo criado pelo Luiz Rafael j\u00e1 passou por muitas atualiza\u00e7\u00f5es e est\u00e1 no\u2026","rel":"","context":"Podobny wpis","block_context":{"text":"Podobny wpis","link":""},"img":{"alt_text":"Programa Japon\u00eas Online - Intensiv\u00e3o de japon\u00eas","src":"https:\/\/i0.wp.com\/comoaprenderjapones.net\/wp-content\/uploads\/2021\/01\/programa-japones-online-intensivao-de-japones-2021.jpg?fit=1200%2C932&ssl=1&resize=350%2C200","width":350,"height":200,"srcset":"https:\/\/i0.wp.com\/comoaprenderjapones.net\/wp-content\/uploads\/2021\/01\/programa-japones-online-intensivao-de-japones-2021.jpg?fit=1200%2C932&ssl=1&resize=350%2C200 1x, https:\/\/i0.wp.com\/comoaprenderjapones.net\/wp-content\/uploads\/2021\/01\/programa-japones-online-intensivao-de-japones-2021.jpg?fit=1200%2C932&ssl=1&resize=525%2C300 1.5x, https:\/\/i0.wp.com\/comoaprenderjapones.net\/wp-content\/uploads\/2021\/01\/programa-japones-online-intensivao-de-japones-2021.jpg?fit=1200%2C932&ssl=1&resize=700%2C400 2x, https:\/\/i0.wp.com\/comoaprenderjapones.net\/wp-content\/uploads\/2021\/01\/programa-japones-online-intensivao-de-japones-2021.jpg?fit=1200%2C932&ssl=1&resize=1050%2C600 3x"},"classes":[]},{"id":35,"url":"https:\/\/comoaprenderjapones.net\/pl\/na-stronie\/","url_meta":{"origin":904,"position":1},"title":"O","author":"Rafael Avelino","date":"24 de sierpie\u0144 de 2014","format":false,"excerpt":"Ol\u00e1 Minna! Sou Rafael admin deste site, como vai? Muito obrigado por visitar este site que pretende passar dicas de como aprender japon\u00eas para quem est\u00e1 iniciando, assim como eu. Vamos tentar abordar tudo que possa ajudar no seu aprendizado do idioma japon\u00eas, que vai desde animes,m\u00fasicas,mangas e tamb\u00e9m o\u2026","rel":"","context":"Podobny wpis","block_context":{"text":"Podobny wpis","link":""},"img":{"alt_text":"","src":"","width":0,"height":0},"classes":[]},{"id":860,"url":"https:\/\/comoaprenderjapones.net\/pl\/japonski-ekspresowy-kurs-online\/","url_meta":{"origin":904,"position":2},"title":"Japanese Express: Kurs japo\u0144skiego online","author":"Rafael Avelino","date":"14 de listopad de 2016","format":false,"excerpt":"Conhe\u00e7a curso online japon\u00eas expresso promete te ajudar a sair do zero no idioma japon\u00eas e tamb\u00e9m para quem tem viagem marcada para o Jap\u00e3o. CURSO N\u00c3O EST\u00c1 DISPONIVEL. Conhe\u00e7a o curso Completo do Sensei Luiz Rafael o ???? Programa Japon\u00eas Online! Quem gosta da cultura japonesa, seja animes, mangas,\u2026","rel":"","context":"Podobny wpis","block_context":{"text":"Podobny wpis","link":""},"img":{"alt_text":"Japon\u00eas Expresso curso online de japon\u00eas","src":"https:\/\/i0.wp.com\/comoaprenderjapones.net\/wp-content\/uploads\/2016\/11\/Japones_Expresso.jpg?fit=1200%2C696&ssl=1&resize=350%2C200","width":350,"height":200,"srcset":"https:\/\/i0.wp.com\/comoaprenderjapones.net\/wp-content\/uploads\/2016\/11\/Japones_Expresso.jpg?fit=1200%2C696&ssl=1&resize=350%2C200 1x, https:\/\/i0.wp.com\/comoaprenderjapones.net\/wp-content\/uploads\/2016\/11\/Japones_Expresso.jpg?fit=1200%2C696&ssl=1&resize=525%2C300 1.5x, https:\/\/i0.wp.com\/comoaprenderjapones.net\/wp-content\/uploads\/2016\/11\/Japones_Expresso.jpg?fit=1200%2C696&ssl=1&resize=700%2C400 2x, https:\/\/i0.wp.com\/comoaprenderjapones.net\/wp-content\/uploads\/2016\/11\/Japones_Expresso.jpg?fit=1200%2C696&ssl=1&resize=1050%2C600 3x"},"classes":[]}],"jetpack_sharing_enabled":true,"amp_enabled":true,"_links":{"self":[{"href":"https:\/\/comoaprenderjapones.net\/pl\/wp-json\/wp\/v2\/pages\/904","targetHints":{"allow":["GET"]}}],"collection":[{"href":"https:\/\/comoaprenderjapones.net\/pl\/wp-json\/wp\/v2\/pages"}],"about":[{"href":"https:\/\/comoaprenderjapones.net\/pl\/wp-json\/wp\/v2\/types\/page"}],"author":[{"embeddable":true,"href":"https:\/\/comoaprenderjapones.net\/pl\/wp-json\/wp\/v2\/users\/1"}],"replies":[{"embeddable":true,"href":"https:\/\/comoaprenderjapones.net\/pl\/wp-json\/wp\/v2\/comments?post=904"}],"version-history":[{"count":0,"href":"https:\/\/comoaprenderjapones.net\/pl\/wp-json\/wp\/v2\/pages\/904\/revisions"}],"wp:featuredmedia":[{"embeddable":true,"href":"https:\/\/comoaprenderjapones.net\/pl\/wp-json\/wp\/v2\/media\/3028"}],"wp:attachment":[{"href":"https:\/\/comoaprenderjapones.net\/pl\/wp-json\/wp\/v2\/media?parent=904"}],"curies":[{"name":"wp","href":"https:\/\/api.w.org\/{rel}","templated":true}]}}