{"id":94,"date":"2014-10-20T14:59:33","date_gmt":"2014-10-20T16:59:33","guid":{"rendered":"https:\/\/comoaprenderjapones.net\/?page_id=94"},"modified":"2022-02-07T19:04:36","modified_gmt":"2022-02-07T22:04:36","slug":"japonski-program-online","status":"publish","type":"page","link":"https:\/\/comoaprenderjapones.net\/pl\/japonski-program-online\/","title":{"rendered":"Japo\u0144ski program online + bezp\u0142atne japo\u0144skie wydarzenie intensywne"},"content":{"rendered":"<div class=\"6493bc198c24843764e19a32ad573702\" data-index=\"2\" style=\"float: none; margin:0px;\">\n<script async src=\"https:\/\/pagead2.googlesyndication.com\/pagead\/js\/adsbygoogle.js?client=ca-pub-0652292147574552\"\r\n     crossorigin=\"anonymous\"><\/script>\r\n<!-- Ads responsivo Inicio Post CAJap -->\r\n<ins class=\"adsbygoogle\"\r\n     style=\"display:block\"\r\n     data-ad-client=\"ca-pub-0652292147574552\"\r\n     data-ad-slot=\"3298668993\"\r\n     data-ad-format=\"auto\"><\/ins>\r\n<script>\r\n     (adsbygoogle = window.adsbygoogle || []).push({});\r\n<\/script>\n<\/div>\n\n<p><em>Dowiedz si\u0119 wi\u0119cej o kursie japo\u0144skiego <strong>Japo\u0144ski program online<\/strong> od Sensei Luiz Rafael!<\/em><\/p>\n\n\n\n<p>\u3053\u3093\u306b\u3061\u306f! Szukasz skutecznej metody, kt\u00f3ra nauczy Ci\u0119 od ZERA do poziomu bieg\u0142o\u015bci, na kt\u00f3rym b\u0119dziesz m\u00f3g\u0142 konsumowa\u0107 tre\u015bci w ca\u0142o\u015bci po japo\u0144sku?<\/p>\n\n\n\n<p>Metoda stworzona przez Luiza Rafaela przesz\u0142a wiele aktualizacji i jest obecna na rynku od lat i jest obecnie (2021) jednym z najlepszych i najbardziej kompletnych kurs\u00f3w japo\u0144skiego online.<\/p>\n\n\n\n<p class=\"has-background\" style=\"background-color:#fff2f2\"><strong>Podsumowanie artyku\u0142u<br \/><\/strong><a href=\"#lingua-japonesa\">J\u0119zyk japo\u0144ski<br \/><\/a><a href=\"#quem-e-luiz-rafael\">Kim jest Luiz Rafael?<br \/><\/a><a href=\"#programa-japones-online\">Japo\u0144ski program online<br \/><\/a><a href=\"#depoimento-aluno\">Testimonial studenta japo\u0144skiego programu online<br \/><\/a><a href=\"#intensivao-japones\">Japo\u0144ski intensywny<br \/><\/a><a href=\"#abertura-vagas\">Jak dzia\u0142aj\u0105 wakaty?<\/a><\/p>\n\n\n\n<p>Je\u015bli lubisz japo\u0144sk\u0105 kultur\u0119 ze wzgl\u0119du na anime, tokusatsu, mang\u0119 i filmy, jest to dobry pow\u00f3d, aby zacz\u0105\u0107 ogl\u0105da\u0107 je bez napis\u00f3w.<\/p>\n\n\n\n<p>Nie musi to by\u0107 koniecznie, ale podr\u00f3\u017cowanie, mieszkanie lub studiowanie w Japonii jest r\u00f3wnie\u017c doskona\u0142ym powodem, aby chcie\u0107 nauczy\u0107 si\u0119 j\u0119zyka japo\u0144skiego.<\/p>\n\n\n\n<p>Bez wzgl\u0119du na to, co to jest, je\u015bli zdecydowa\u0142e\u015b si\u0119 nauczy\u0107 japo\u0144skiego, ten kurs mo\u017ce pom\u00f3c Ci osi\u0105gn\u0105\u0107 ten cel.<\/p>\n\n\n\n<h2 class=\"wp-block-heading\" id=\"lingua-japonesa\"><span style=\"color: #e5141b;\">J\u0119zyk japo\u0144ski<\/span><\/h2>\n\n\n\n<p><strong>Nauka japo\u0144skiego<\/strong> nie musi by\u0107 tak trudne, jak wiele os\u00f3b, w tym ja, sobie wyobra\u017ca. Znajomo\u015b\u0107 w\u0142a\u015bciwego sposobu nauki znacznie u\u0142atwia nauk\u0119.<\/p>\n\n\n\n<p>Oczywi\u015bcie <a href=\"https:\/\/pt.wikipedia.org\/wiki\/L%C3%ADngua_japonesa\" target=\"_blank\" rel=\"noopener noreferrer\">J\u0119zyk japo\u0144ski<\/a> To nie to samo, co gdyby\u015bmy uczyli si\u0119 angielskiego, poniewa\u017c w j\u0119zyku angielskim znamy ju\u017c s\u0142owa, nie wspominaj\u0105c o tym, \u017ce u\u017cywamy wielu z nich w naszym codziennym \u017cyciu i z wieloma wymowami.<\/p>\n\n\n\n<p>Z drugiej strony w j\u0119zyku japo\u0144skim zdecydowanie trzeba zacz\u0105\u0107 od zera, aby p\u0142ynnie m\u00f3wi\u0107. To, co naprawd\u0119 \"utrudnia\" pocz\u0105tkuj\u0105cym, to japo\u0144ski alfabet\/ideogram, kt\u00f3rych s\u0105 trzy:<\/p>\n\n\n\n<ul class=\"wp-block-list\"><li>Hiragana z 46 ideogramami.<\/li><li>Katakana z 46 ideogramami.<\/li><li>Kanji ma tysi\u0105ce ideogram\u00f3w, ale najcz\u0119\u015bciej u\u017cywanych jest oko\u0142o 2500 kanji.<\/li><\/ul>\n\n\n\n<p>Mamy r\u00f3wnie\u017c romaji, kt\u00f3re pomaga nam poprawnie czyta\u0107 i wymawia\u0107 ideogramy, oraz furigana, kt\u00f3ra jest zwykle zapisywana w hiraganie i znajduje si\u0119 na g\u00f3rze kanji, opisuj\u0105c spos\u00f3b wymowy.<\/p>\n\n\n\n<p>Nauka nihongo nie musi by\u0107 a\u017c tak skomplikowana, poniewa\u017c <a href=\"https:\/\/comoaprenderjapones.net\/pl\/in\/aprenda-nihongo\/\" target=\"_blank\" rel=\"noreferrer noopener\">Sensei Luiz Rafael<\/a> m\u00f3wi, \u017ce musimy wprowadza\u0107 wiele danych wej\u015bciowych, tj. wszystko, co otrzymujemy, czy to poprzez czytanie, czy s\u0142uchanie.<\/p>\n\n\n<div class=\"gb-button-wrapper gb-button-wrapper-9eef6438\">\n\n<a class=\"gb-button gb-button-62a4c394 gb-button-text\" href=\"https:\/\/comoaprenderjapones.net\/pl\/in\/aprenda-nihongo\/\" target=\"_blank\" rel=\"nofollow noopener noreferrer\">Dowiedz si\u0119 wi\u0119cej o programie, klikaj\u0105c tutaj!<\/a>\n\n<\/div>\n\n\n<h2 class=\"wp-block-heading\" id=\"quem-e-luiz-rafael\"><span style=\"color: #e5141b;\">Kim jest Luiz Rafael?<\/span><\/h2>\n\n\n\n<div class=\"wp-block-image\"><figure class=\"alignleft\"><img data-recalc-dims=\"1\" decoding=\"async\" width=\"371\" height=\"267\" src=\"https:\/\/i0.wp.com\/comoaprenderjapones.net\/wp-content\/uploads\/2014\/10\/Luiz_Rafael_Programa_Japones_Online.png?resize=371%2C267&#038;ssl=1\" alt=\"Luiz Rafael, tw\u00f3rca japo\u0144skiego programu online\" class=\"wp-image-95\" title=\"Japo\u0144ski program online\" srcset=\"https:\/\/i0.wp.com\/comoaprenderjapones.net\/wp-content\/uploads\/2014\/10\/Luiz_Rafael_Programa_Japones_Online.png?w=371&amp;ssl=1 371w, https:\/\/i0.wp.com\/comoaprenderjapones.net\/wp-content\/uploads\/2014\/10\/Luiz_Rafael_Programa_Japones_Online.png?resize=300%2C215&amp;ssl=1 300w\" sizes=\"(max-width: 371px) 100vw, 371px\" \/><figcaption><strong>Luiz Rafael<\/strong> tw\u00f3rca japo\u0144skiego programu online<\/figcaption><\/figure><\/div>\n\n\n\n<p>Luiz by\u0142 jedn\u0105 z tysi\u0119cy os\u00f3b, kt\u00f3re jako nastolatek zainteresowa\u0142y si\u0119 japo\u0144sk\u0105 kultur\u0105, czy to mang\u0105, anime czy filmami, i zdecydowa\u0142, \u017ce nauczy si\u0119 japo\u0144skiego.<\/p>\n\n\n\n<p>Podobnie jak zdecydowana wi\u0119kszo\u015b\u0107 ludzi, zacz\u0105\u0142 w niew\u0142a\u015bciwy spos\u00f3b, wierz\u0105c, \u017ce stanie si\u0119 p\u0142ynny, ale nie uzyska\u0142 satysfakcjonuj\u0105cych wynik\u00f3w z kurs\u00f3w bezpo\u015brednich.<\/p>\n\n\n\n<p>W\u0142a\u015bnie wtedy szuka\u0142 w\u0142a\u015bciwego sposobu na nauk\u0119 nowego j\u0119zyka, a co wi\u0119cej, zastosowa\u0142 go w praktyce, aby sprawdzi\u0107, czy naprawd\u0119 dzia\u0142a.<\/p>\n\n\n\n<p>Niesamowite jest to, \u017ce odni\u00f3s\u0142 sukces dzi\u0119ki tej metodzie i osi\u0105gn\u0105\u0142 sw\u00f3j cel, jakim by\u0142o p\u0142ynne m\u00f3wienie po japo\u0144sku.<\/p>\n\n\n\n<h2 class=\"has-text-align-left wp-block-heading\" id=\"programa-japones-online\"><span style=\"color: #e5141b;\">Japo\u0144ski program online<\/span><\/h2>\n\n\n\n<p>My\u015bl\u0105c o tej potrzebie i frustracji tysi\u0119cy ludzi, kt\u00f3rzy chc\u0105 nauczy\u0107 si\u0119 nihongo, Sensei postanowi\u0142 <a href=\"https:\/\/comoaprenderjapones.net\/pl\/in\/aprenda-nihongo\/\" target=\"_blank\" rel=\"noreferrer noopener\">stworzy\u0107 internetowy kurs j\u0119zyka japo\u0144skiego<\/a> dzi\u0119ki czemu mo\u017cesz uczy\u0107 si\u0119 znacznie wydajniej.<\/p>\n\n\n\n<p>Metoda opracowana przez Sensei Luiza Rafaela jest niezwykle skuteczna. Jednym z filar\u00f3w jest to, \u017ce najpierw musisz nauczy\u0107 si\u0119 czyta\u0107, aby zacz\u0105\u0107 wprowadza\u0107 du\u017co danych. Ucz\u0105c si\u0119 hiragany i katakany mo\u017cna zacz\u0105\u0107 czyta\u0107 mangi, ksi\u0105\u017cki i strony internetowe.<\/p>\n\n\n\n<p>Nie tylko spos\u00f3b nauczania Senseia jest lepszy ni\u017c wi\u0119kszo\u015bci, ale otrzymasz r\u00f3wnie\u017c doskona\u0142e wsparcie. Nie pozwoli ci si\u0119 zniech\u0119ci\u0107, zawsze wy\u015ble ci wiadomo\u015bci, historie i motywacj\u0119, aby\u015b nie przesta\u0142 si\u0119 uczy\u0107, aby osi\u0105gn\u0105\u0107 sw\u00f3j cel.<\/p>\n\n\n\n<p>Kurs nie skupia si\u0119 na gramatyce, uczysz si\u0119 we w\u0142asnym tempie na zamkni\u0119tej stronie tylko dla student\u00f3w i spo\u0142eczno\u015bci na portalu.<\/p>\n\n\n\n<h3 class=\"wp-block-heading\" id=\"depoimento-aluno\"><span style=\"color: #e5141b;\">Referencje: Japo\u0144ski student programu online<\/span><\/h3>\n\n\n\n<p>Poni\u017cej znajdziesz szczere \u015bwiadectwo Lu\u00edsa Eduardo Nunesa na temat kursu i znaczenia powa\u017cnego traktowania nauki, a tak\u017ce metod\u0119 Luiza, kt\u00f3ra jest czym\u015b wi\u0119cej ni\u017c tylko kursem. <a href=\"https:\/\/comoaprenderjapones.net\/pl\/japonski-program-online\/\">Kurs j\u0119zyka japo\u0144skiego<\/a> i najskuteczniejszy spos\u00f3b nauki j\u0119zyka, obserwuj:<\/p>\n\n\n\n<figure class=\"wp-block-embed is-type-video is-provider-youtube wp-block-embed-youtube wp-embed-aspect-16-9 wp-has-aspect-ratio\"><div class=\"wp-block-embed__wrapper\">\n<iframe title=\"Znaczenie nauki j\u0119zyka japo\u0144skiego (Lu\u00eds Eduardo Nunes) | Japo\u0144ski program online\" width=\"1200\" height=\"675\" src=\"https:\/\/www.youtube.com\/embed\/xwTbhm8ASq4?feature=oembed\" frameborder=\"0\" allow=\"accelerometer; autoplay; clipboard-write; encrypted-media; gyroscope; picture-in-picture\" allowfullscreen><\/iframe>\n<\/div><figcaption>Referencje Eduardo Nunes - japo\u0144ski program online<\/figcaption><\/figure>\n\n\n\n<p>Zgodnie z oczekiwaniami <a href=\"https:\/\/comoaprenderjapones.net\/pl\/in\/aprenda-nihongo\/\" target=\"_blank\" rel=\"noreferrer noopener\">Japo\u0144ski program online ma ograniczon\u0105 liczb\u0119 miejsc<\/a> aby Sensei m\u00f3g\u0142 po\u015bwi\u0119ci\u0107 ka\u017cdemu nale\u017cyt\u0105 uwag\u0119 i odpowiedzie\u0107 na jego pytania.<\/p>\n\n\n\n<h2 class=\"wp-block-heading\" id=\"intensivao-japones\"><span style=\"color: #e5141b;\">Japo\u0144ski intensywny<\/span><\/h2>\n\n\n\n<p>Ka\u017cdego roku oko\u0142o dwa razy (lub wi\u0119cej) Luiz Rafael organizuje wydarzenie o nazwie <strong>Japo\u0144skie kursy intensywne<\/strong> w kt\u00f3rym przedstawia swoj\u0105 metodologi\u0119 \u0142atwiejszej i skuteczniejszej nauki j\u0119zyka japo\u0144skiego w bezp\u0142atnym mini kursie.<\/p>\n\n\n\n<p>Do tej pory odby\u0142o si\u0119 ju\u017c kilka intensywnych kurs\u00f3w j\u0119zyka japo\u0144skiego, wi\u0119c aby dowiedzie\u0107 si\u0119 o kolejnym, kliknij tutaj. <a href=\"https:\/\/comoaprenderjapones.net\/pl\/in\/aprenda-nihongo\/\" target=\"_blank\" rel=\"noreferrer noopener\">kliknij tutaj<\/a>!<\/p>\n\n\n\n<p><em>Pami\u0119taj, \u017ce to wydarzenie odbywa si\u0119 tylko kilka razy w roku i mo\u017ce si\u0119 sko\u0144czy\u0107, zanim przeczytasz ten artyku\u0142.<\/em><\/p>\n\n\n\n<div class=\"wp-block-image\"><figure class=\"aligncenter size-large\"><img data-recalc-dims=\"1\" decoding=\"async\" width=\"1024\" height=\"318\" src=\"https:\/\/i0.wp.com\/comoaprenderjapones.net\/wp-content\/uploads\/2021\/01\/Intensivao-japones-2021-janeiro.jpg?resize=1024%2C318&#038;ssl=1\" alt=\"Intensywny japo\u0144ski program online\" class=\"wp-image-3146\" srcset=\"https:\/\/i0.wp.com\/comoaprenderjapones.net\/wp-content\/uploads\/2021\/01\/Intensivao-japones-2021-janeiro.jpg?resize=1024%2C318&amp;ssl=1 1024w, https:\/\/i0.wp.com\/comoaprenderjapones.net\/wp-content\/uploads\/2021\/01\/Intensivao-japones-2021-janeiro.jpg?resize=300%2C93&amp;ssl=1 300w, https:\/\/i0.wp.com\/comoaprenderjapones.net\/wp-content\/uploads\/2021\/01\/Intensivao-japones-2021-janeiro.jpg?resize=768%2C239&amp;ssl=1 768w, https:\/\/i0.wp.com\/comoaprenderjapones.net\/wp-content\/uploads\/2021\/01\/Intensivao-japones-2021-janeiro.jpg?resize=150%2C47&amp;ssl=1 150w, https:\/\/i0.wp.com\/comoaprenderjapones.net\/wp-content\/uploads\/2021\/01\/Intensivao-japones-2021-janeiro.jpg?w=1045&amp;ssl=1 1045w\" sizes=\"(max-width: 1024px) 100vw, 1024px\" \/><figcaption>Intensywny japo\u0144ski program online<\/figcaption><\/figure><\/div>\n\n\n\n<p>Koniec z przeszukiwaniem Internetu w poszukiwaniu sposob\u00f3w na nauk\u0119 japo\u0144skiego, dzi\u0119ki japo\u0144skiemu programowi online b\u0119dziesz mie\u0107 stron\u0119 internetow\u0105 tylko dla cz\u0142onk\u00f3w z lekcjami wideo, materia\u0142ami informacyjnymi, plikami audio i wieloma innymi!<br \/><\/p>\n\n\n\n<p>Otrzymasz seri\u0119 bezp\u0142atnych film\u00f3w opowiadaj\u0105cych histori\u0119 i metod\u0119 stosowan\u0105 przez Luiza Rafaela i jego drog\u0119 do p\u0142ynno\u015bci w nihongo.<\/p>\n\n\n\n<h3 class=\"wp-block-heading\" id=\"abertura-vagas\"><span style=\"color: #e5141b;\">Jak przebiegaj\u0105 rekrutacje do japo\u0144skiego programu online?<\/span><\/h3>\n\n\n\n<p>Je\u015bli \u015bledzi\u0142e\u015b tydzie\u0144 NIHONGO, kt\u00f3ry zwykle trwa tydzie\u0144 lub d\u0142u\u017cej, dowiesz si\u0119, jak Luiz uczy swojej metodologii i jak b\u0119dzie dzia\u0142a\u0107 wsparcie.<\/p>\n\n\n\n<p>Kurs trwa 9 miesi\u0119cy, ale otrzymujesz kolejne 9 miesi\u0119cy, w sumie 18 miesi\u0119cy dost\u0119pu do kursu oraz pe\u0142ne wsparcie, aby odpowiedzie\u0107 na wszystkie pytania z zespo\u0142em.<\/p>\n\n\n\n<p>Program ma r\u00f3wnie\u017c limit miejsc, dzi\u0119ki czemu mo\u017cliwe jest zapewnienie doskona\u0142ego wsparcia dla ka\u017cdego ucznia.<\/p>\n\n\n\n<p>Nale\u017cy pami\u0119ta\u0107, \u017ce miejsca zwykle ko\u0144cz\u0105 si\u0119 w ci\u0105gu 2 dni i s\u0105 r\u00f3wnie\u017c otwarte przez maksymalnie 3 dni, chocia\u017c miejsca ko\u0144cz\u0105 si\u0119 przed ostatnim dniem.<\/p>\n\n\n\n<p>Je\u015bli jeste\u015b zainteresowany nauk\u0105 japo\u0144skiego z najlepsz\u0105 metodologi\u0105 w Brazylii, kliknij przycisk poni\u017cej:<\/p>\n\n\n<div class=\"gb-button-wrapper gb-button-wrapper-f4deca25\">\n\n<a class=\"gb-button gb-button-7aa7f773 gb-button-text\" href=\"https:\/\/comoaprenderjapones.net\/pl\/in\/aprenda-nihongo\/\" target=\"_blank\" rel=\"nofollow noopener noreferrer\">Dowiedz si\u0119, jak dzia\u0142aj\u0105 oferty pracy, klikaj\u0105c tutaj!<\/a>\n\n<\/div>\n\n\n<p><strong>\u9811\u5f35\u3063\u3066<\/strong>!<\/p>\n\n<div style=\"font-size: 0px; height: 0px; line-height: 0px; margin: 0; padding: 0; clear: both;\"><\/div>","protected":false},"excerpt":{"rendered":"<p>Conhe\u00e7a o curso de japon\u00eas Programa Japon\u00eas Online do Sensei Luiz Rafael! \u3053\u3093\u306b\u3061\u306f! Est\u00e1 procurando um m\u00e9todo eficiente que te ensine do ZERO a ter um n\u00edvel de flu\u00eancia que possa consumir conte\u00fados totalmente em<\/p>","protected":false},"author":1,"featured_media":3155,"parent":0,"menu_order":0,"comment_status":"closed","ping_status":"closed","template":"","meta":{"footnotes":""},"class_list":["post-94","page","type-page","status-publish","has-post-thumbnail"],"jetpack-related-posts":[{"id":860,"url":"https:\/\/comoaprenderjapones.net\/pl\/japonski-ekspresowy-kurs-online\/","url_meta":{"origin":94,"position":0},"title":"Japanese Express: Kurs japo\u0144skiego online","author":"Rafael Avelino","date":"14 de listopad de 2016","format":false,"excerpt":"Conhe\u00e7a curso online japon\u00eas expresso promete te ajudar a sair do zero no idioma japon\u00eas e tamb\u00e9m para quem tem viagem marcada para o Jap\u00e3o. CURSO N\u00c3O EST\u00c1 DISPONIVEL. Conhe\u00e7a o curso Completo do Sensei Luiz Rafael o ???? Programa Japon\u00eas Online! Quem gosta da cultura japonesa, seja animes, mangas,\u2026","rel":"","context":"Podobny wpis","block_context":{"text":"Podobny wpis","link":""},"img":{"alt_text":"Japon\u00eas Expresso curso online de japon\u00eas","src":"https:\/\/i0.wp.com\/comoaprenderjapones.net\/wp-content\/uploads\/2016\/11\/Japones_Expresso.jpg?fit=1200%2C696&ssl=1&resize=350%2C200","width":350,"height":200,"srcset":"https:\/\/i0.wp.com\/comoaprenderjapones.net\/wp-content\/uploads\/2016\/11\/Japones_Expresso.jpg?fit=1200%2C696&ssl=1&resize=350%2C200 1x, https:\/\/i0.wp.com\/comoaprenderjapones.net\/wp-content\/uploads\/2016\/11\/Japones_Expresso.jpg?fit=1200%2C696&ssl=1&resize=525%2C300 1.5x, https:\/\/i0.wp.com\/comoaprenderjapones.net\/wp-content\/uploads\/2016\/11\/Japones_Expresso.jpg?fit=1200%2C696&ssl=1&resize=700%2C400 2x, https:\/\/i0.wp.com\/comoaprenderjapones.net\/wp-content\/uploads\/2016\/11\/Japones_Expresso.jpg?fit=1200%2C696&ssl=1&resize=1050%2C600 3x"},"classes":[]},{"id":4016,"url":"https:\/\/comoaprenderjapones.net\/pl\/curso-japones-club-por-skdesu\/","url_meta":{"origin":94,"position":1},"title":"Curso Japon\u00eas Club por Skdesu","author":"Rafael Avelino","date":"2 de luty de 2023","format":false,"excerpt":"Advertorial Aprenda a L\u00edngua Japonesa com o Curso Japon\u00eas Club e Tenha a solu\u00e7\u00e3o definitiva para superar qualquer desafio! Mang\u00e1 Death Note Olha s\u00f3 o que voc\u00ea tem no Curso Japon\u00eas Club! + de 140 v\u00eddeo aulas em Alta Defini\u00e7\u00e3o Jogos e Atividades Interativas Pagamento \u00danico (N\u00e3o tem Mensalidades) Acesso\u2026","rel":"","context":"Podobny wpis","block_context":{"text":"Podobny wpis","link":""},"img":{"alt_text":"","src":"https:\/\/i0.wp.com\/comoaprenderjapones.net\/wp-content\/uploads\/2023\/02\/japones-club-advertorial.jpg?fit=1023%2C499&ssl=1&resize=350%2C200","width":350,"height":200,"srcset":"https:\/\/i0.wp.com\/comoaprenderjapones.net\/wp-content\/uploads\/2023\/02\/japones-club-advertorial.jpg?fit=1023%2C499&ssl=1&resize=350%2C200 1x, https:\/\/i0.wp.com\/comoaprenderjapones.net\/wp-content\/uploads\/2023\/02\/japones-club-advertorial.jpg?fit=1023%2C499&ssl=1&resize=525%2C300 1.5x, https:\/\/i0.wp.com\/comoaprenderjapones.net\/wp-content\/uploads\/2023\/02\/japones-club-advertorial.jpg?fit=1023%2C499&ssl=1&resize=700%2C400 2x"},"classes":[]},{"id":35,"url":"https:\/\/comoaprenderjapones.net\/pl\/na-stronie\/","url_meta":{"origin":94,"position":2},"title":"O","author":"Rafael Avelino","date":"24 de sierpie\u0144 de 2014","format":false,"excerpt":"Ol\u00e1 Minna! Sou Rafael admin deste site, como vai? Muito obrigado por visitar este site que pretende passar dicas de como aprender japon\u00eas para quem est\u00e1 iniciando, assim como eu. Vamos tentar abordar tudo que possa ajudar no seu aprendizado do idioma japon\u00eas, que vai desde animes,m\u00fasicas,mangas e tamb\u00e9m o\u2026","rel":"","context":"Podobny wpis","block_context":{"text":"Podobny wpis","link":""},"img":{"alt_text":"","src":"","width":0,"height":0},"classes":[]},{"id":179,"url":"https:\/\/comoaprenderjapones.net\/pl\/map-site\/","url_meta":{"origin":94,"position":3},"title":"Mapa strony","author":"Rafael Avelino","date":"31 de stycze\u0144 de 2015","format":false,"excerpt":"Mapa do Site Veja todos os artigos publicados aqui no Como Aprender Japon\u00eas","rel":"","context":"Podobny wpis","block_context":{"text":"Podobny wpis","link":""},"img":{"alt_text":"","src":"","width":0,"height":0},"classes":[]},{"id":2786,"url":"https:\/\/comoaprenderjapones.net\/pl\/sledzic\/","url_meta":{"origin":94,"position":4},"title":"\u015aled\u017a","author":"Rafael Avelino","date":"12 de czerwiec de 2020","format":false,"excerpt":"Para n\u00e3o perder alguma novidade ou dica logo em seguida vou indicar v\u00e1rias op\u00e7\u00f5es para que voc\u00ea acompanhe o comoaprenderjapones.net da maneira que desejar e que mais goste. Acompanhe pelo Feed Um dos meios mais tradicionais para voc\u00ea receber as novidades instantaneamente quando algo \u00e9 publicado por aqui. Feed do\u2026","rel":"","context":"Podobny wpis","block_context":{"text":"Podobny wpis","link":""},"img":{"alt_text":"Acompanhe pelo Feedly o comoaprenderjapones.net","src":"https:\/\/i0.wp.com\/comoaprenderjapones.net\/wp-content\/uploads\/2020\/06\/feedly-follow.png?resize=350%2C200&ssl=1","width":350,"height":200},"classes":[]},{"id":904,"url":"https:\/\/comoaprenderjapones.net\/pl\/metoda-fan-artu\/","url_meta":{"origin":94,"position":5},"title":"Fan Art Method 3.0 - Jak rysowa\u0107 postacie z anime?","author":"Rafael Avelino","date":"15 de luty de 2017","format":false,"excerpt":"Aprenda a como desenhar personagem de animes mesmo sem ter o \u201cdom\u201d passo a passo com o m\u00e9todo fan art 3.0 criado pela Mayara Rodrigues.\u00a0 Quem gosta da cultura japonesa, principalmente pelos animes, mangas j\u00e1 teve a curiosidade de saber se \u00e9 poss\u00edvel aprender a desenhar aquele personagem favorito mesmo\u2026","rel":"","context":"Podobny wpis","block_context":{"text":"Podobny wpis","link":""},"img":{"alt_text":"M\u00e9todo Fan Art 3.0 \u2013 Desenhe seu personagem de anime favorito!","src":"https:\/\/i0.wp.com\/comoaprenderjapones.net\/wp-content\/uploads\/2020\/12\/Metod-Fan-Art-3-0-Desenhar-Animes.jpg?fit=1200%2C628&ssl=1&resize=350%2C200","width":350,"height":200,"srcset":"https:\/\/i0.wp.com\/comoaprenderjapones.net\/wp-content\/uploads\/2020\/12\/Metod-Fan-Art-3-0-Desenhar-Animes.jpg?fit=1200%2C628&ssl=1&resize=350%2C200 1x, https:\/\/i0.wp.com\/comoaprenderjapones.net\/wp-content\/uploads\/2020\/12\/Metod-Fan-Art-3-0-Desenhar-Animes.jpg?fit=1200%2C628&ssl=1&resize=525%2C300 1.5x, https:\/\/i0.wp.com\/comoaprenderjapones.net\/wp-content\/uploads\/2020\/12\/Metod-Fan-Art-3-0-Desenhar-Animes.jpg?fit=1200%2C628&ssl=1&resize=700%2C400 2x, https:\/\/i0.wp.com\/comoaprenderjapones.net\/wp-content\/uploads\/2020\/12\/Metod-Fan-Art-3-0-Desenhar-Animes.jpg?fit=1200%2C628&ssl=1&resize=1050%2C600 3x"},"classes":[]}],"jetpack_sharing_enabled":true,"amp_enabled":true,"_links":{"self":[{"href":"https:\/\/comoaprenderjapones.net\/pl\/wp-json\/wp\/v2\/pages\/94","targetHints":{"allow":["GET"]}}],"collection":[{"href":"https:\/\/comoaprenderjapones.net\/pl\/wp-json\/wp\/v2\/pages"}],"about":[{"href":"https:\/\/comoaprenderjapones.net\/pl\/wp-json\/wp\/v2\/types\/page"}],"author":[{"embeddable":true,"href":"https:\/\/comoaprenderjapones.net\/pl\/wp-json\/wp\/v2\/users\/1"}],"replies":[{"embeddable":true,"href":"https:\/\/comoaprenderjapones.net\/pl\/wp-json\/wp\/v2\/comments?post=94"}],"version-history":[{"count":0,"href":"https:\/\/comoaprenderjapones.net\/pl\/wp-json\/wp\/v2\/pages\/94\/revisions"}],"wp:featuredmedia":[{"embeddable":true,"href":"https:\/\/comoaprenderjapones.net\/pl\/wp-json\/wp\/v2\/media\/3155"}],"wp:attachment":[{"href":"https:\/\/comoaprenderjapones.net\/pl\/wp-json\/wp\/v2\/media?parent=94"}],"curies":[{"name":"wp","href":"https:\/\/api.w.org\/{rel}","templated":true}]}}