{"id":860,"date":"2016-11-14T21:13:15","date_gmt":"2016-11-14T23:13:15","guid":{"rendered":"https:\/\/comoaprenderjapones.net\/?page_id=860"},"modified":"2023-02-19T12:30:41","modified_gmt":"2023-02-19T15:30:41","slug":"japonsky-expresny-online-kurz","status":"publish","type":"page","link":"https:\/\/comoaprenderjapones.net\/sk\/japones-expresso-curso-online-japones\/","title":{"rendered":"Japanese Express: Online kurz japon\u010diny"},"content":{"rendered":"<div class=\"42f50e0ef69d15b5aee26f1ed3eeb18c\" data-index=\"2\" style=\"float: none; margin:0px;\">\n<script async src=\"https:\/\/pagead2.googlesyndication.com\/pagead\/js\/adsbygoogle.js?client=ca-pub-0652292147574552\"\r\n     crossorigin=\"anonymous\"><\/script>\r\n<!-- Ads responsivo Inicio Post CAJap -->\r\n<ins class=\"adsbygoogle\"\r\n     style=\"display:block\"\r\n     data-ad-client=\"ca-pub-0652292147574552\"\r\n     data-ad-slot=\"3298668993\"\r\n     data-ad-format=\"auto\"><\/ins>\r\n<script>\r\n     (adsbygoogle = window.adsbygoogle || []).push({});\r\n<\/script>\n<\/div>\n\n<p><em>Z\u00edskajte inform\u00e1cie o online kurzoch <strong>Japonsk\u00fd expres<\/strong> s\u013eubuje, \u017ee v\u00e1m pom\u00f4\u017ee za\u010da\u0165 s japon\u010dinou a tie\u017e pre t\u00fdch, ktor\u00ed cestuj\u00fa do Japonska.<\/em><\/p>\n\n\n\n<p class=\"has-background has-medium-font-size\" style=\"background-color:#f8c0c0\"><strong>KURZ NIE JE K DISPOZ\u00cdCII<\/strong>. Zozn\u00e1mte sa s kompletn\u00fdm kurzom Senseia Luiza Rafaela ???? <a href=\"https:\/\/comoaprenderjapones.net\/sk\/programa-japones-online\/\" data-type=\"URL\" data-id=\"https:\/\/comoaprenderjapones.net\/programa-japones-online\/\">Japonsk\u00fd online program<\/a>!<\/p>\n\n\n\n<p>Ka\u017ed\u00fd, kto m\u00e1 r\u00e1d japonsk\u00fa kult\u00faru, \u010di u\u017e ide o anime, mangu, filmy, dr\u00e1my alebo mnoho \u010fal\u0161\u00edch faktorov, ktor\u00e9 robia t\u00fato kult\u00faru jedine\u010dnou, ur\u010dite uva\u017eoval o tom, \u017ee sa nau\u010d\u00ed japonsk\u00fd jazyk, aby si t\u00fato \u0161pecifick\u00fa kult\u00faru e\u0161te viac u\u017eil.<\/p>\n\n\n\n<p>Ve\u013ek\u00fdm probl\u00e9mom pre t\u00fdch, ktor\u00ed za\u010d\u00ednaj\u00fa od nuly, alebo dokonca za\u010dali a prestali, je dojem, \u017ee nihongo je ve\u013emi \u0165a\u017ek\u00fd alebo dokonca nemo\u017en\u00fd jazyk.<\/p>\n\n\n\n<p>Ale to nie je pravda! Ide o to, \u017ee ste sa e\u0161te nenau\u010dili spr\u00e1vnu metodiku efekt\u00edvneho \u0161t\u00fadia.<\/p>\n\n\n\n<p>Nebolo by skvel\u00e9 ma\u0165 kurz, ktor\u00fd by i\u0161iel priamo k veci, bez zbyto\u010dn\u00fdch re\u010d\u00ed, ur\u010den\u00fd pre t\u00fdch, ktor\u00ed sa chc\u00fa r\u00fdchlo nau\u010di\u0165 z\u00e1klady jazyka, aby mohli cestova\u0165 do Japonska alebo aby mali v\u00e4\u010d\u0161iu motiv\u00e1ciu ponori\u0165 sa do japonsk\u00e9ho jazyka e\u0161te hlb\u0161ie?<\/p>\n\n\n\n<p>Preto \u5148\u751f Luiz vytvoril <a href=\"https:\/\/comoaprenderjapones.net\/sk\/in\/curso-de-japones-gratis-agosto-de-2020\/\" target=\"_blank\" rel=\"noopener noreferrer\">Expresn\u00fd kurz japon\u010diny<\/a> pre t\u00fdch, ktor\u00ed maj\u00fa tento cie\u013e a potrebuj\u00fa sa nau\u010di\u0165 dostato\u010dne r\u00fdchlo, aby sa v Japonsku uplatnili.<\/p>\n\n\n<div class=\"wp-block-image\">\n<figure class=\"aligncenter\"><img data-recalc-dims=\"1\" decoding=\"async\" width=\"960\" height=\"436\" src=\"https:\/\/i0.wp.com\/comoaprenderjapones.net\/wp-content\/uploads\/2016\/11\/Viagem_Japao_curso_japones_expresso.jpg?resize=960%2C436&#038;ssl=1\" alt=\"Cestovanie do Japonska: expresn\u00fd kurz japon\u010diny\" class=\"wp-image-865\" title=\"Cestovanie do Japonska: expresn\u00fd kurz japon\u010diny\" srcset=\"https:\/\/i0.wp.com\/comoaprenderjapones.net\/wp-content\/uploads\/2016\/11\/Viagem_Japao_curso_japones_expresso.jpg?w=960&amp;ssl=1 960w, https:\/\/i0.wp.com\/comoaprenderjapones.net\/wp-content\/uploads\/2016\/11\/Viagem_Japao_curso_japones_expresso.jpg?resize=300%2C136&amp;ssl=1 300w, https:\/\/i0.wp.com\/comoaprenderjapones.net\/wp-content\/uploads\/2016\/11\/Viagem_Japao_curso_japones_expresso.jpg?resize=768%2C349&amp;ssl=1 768w\" sizes=\"(max-width: 960px) 100vw, 960px\" \/><\/figure>\n<\/div>\n\n\n<h2 class=\"wp-block-heading\" id=\"o-que-e-o-curso-japones-expresso\">\u010co je kurz japon\u010diny?<\/h2>\n\n\n\n<p>Je to uzavret\u00fd kurz ur\u010den\u00fd v\u00fdhradne pre \u0161tudentov, v ktorom m\u00f4\u017eete za\u010da\u0165 od nuly a nau\u010di\u0165 sa japonsk\u00fd jazyk ove\u013ea efekt\u00edvnej\u0161ie a r\u00fdchlej\u0161ie prostredn\u00edctvom video lekci\u00ed.<\/p>\n\n\n\n<p>Ale t\u00e1to NOVINKA <a href=\"https:\/\/comoaprenderjapones.net\/sk\/in\/curso-de-japones-gratis-agosto-de-2020\/\" target=\"_blank\" rel=\"noopener noreferrer\">online kurz japon\u010diny<\/a> m\u00e1 jeden z\u00e1sadn\u00fd rozdiel: trv\u00e1 6 t\u00fd\u017ed\u0148ov, \u010do je prakticky mesiac a pol.<\/p>\n\n\n\n<h3 class=\"wp-block-heading\" id=\"para-quem-e-esse-curso\">Pre koho je tento kurz ur\u010den\u00fd?<\/h3>\n\n\n\n<p>Kurz sa sna\u017e\u00ed by\u0165 \u010do najpriamej\u0161\u00ed, najjednoduch\u0161\u00ed a naj\u013eah\u0161\u00ed, aby sa z\u00e1klady jazyka mohol nau\u010di\u0165 ka\u017ed\u00fd.<\/p>\n\n\n\n<p>Bol vytvoren\u00fd s oh\u013eadom na \u010dloveka:<\/p>\n\n\n\n<ul class=\"wp-block-list\">\n<li>Nem\u00e1te \u010dasu nazvy\u0161 a mus\u00edte sa ur\u00fdchlene nau\u010di\u0165 aspo\u0148 z\u00e1klady, aby ste mali z\u00e1kladn\u00e9 komunika\u010dn\u00e9 zru\u010dnosti v Japonsku.<\/li>\n\n\n\n<li>Pre t\u00fdch, ktor\u00ed o jazyku ni\u010d nevedia a chc\u00fa sa hne\u010f nau\u010di\u0165 z\u00e1klady, aby mali ove\u013ea v\u00e4\u010d\u0161iu motiv\u00e1ciu pokra\u010dova\u0165 v \u0161t\u00fadiu.<\/li>\n<\/ul>\n\n\n\n<p>Express Japanese je ve\u013emi zameran\u00fd na tie typy \u013eud\u00ed, ktor\u00ed h\u013eadaj\u00fa online kurz japon\u010diny, ktor\u00fd je r\u00fdchly a prin\u00e1\u0161a uspokojiv\u00e9 v\u00fdsledky v krat\u0161om \u010dase.<\/p>\n\n\n\n<p>Je to <strong>Kurz japon\u010diny pre t\u00fdch, ktor\u00ed cestuj\u00fa do Japonska<\/strong> alebo sa chcete r\u00fdchlo nau\u010di\u0165 z\u00e1klady jazyka.<\/p>\n\n\n\n<p class=\"has-text-align-center\"><a class=\"fasc-button fasc-size-large fasc-type-flat fasc-rounded-medium ico-fa fasc-ico-before fa-play-circle\" style=\"background-color: #e43f42; color: #ffffff;\" target=\"_blank\" rel=\"noopener noreferrer\" href=\"https:\/\/comoaprenderjapones.net\/sk\/in\/curso-de-japones-gratis-agosto-de-2020\/\">Viac inform\u00e1ci\u00ed o kurze z\u00edskate kliknut\u00edm sem!<\/a><\/p>\n\n\n\n<h3 class=\"wp-block-heading\" id=\"qual-o-conteudo-do-curso\">\u010co je obsahom kurzu?<\/h3>\n\n\n\n<p>Ako zvy\u010dajne, kurz je 100% online na uzavretej str\u00e1nke len pre \u0161tudentov:<\/p>\n\n\n\n<ul class=\"wp-block-list\">\n<li>T\u00edm pripraven\u00fd odpoveda\u0165 na va\u0161e ot\u00e1zky<\/li>\n\n\n\n<li>Dostanete prihlasovacie meno a heslo na pr\u00edstup k port\u00e1lu<\/li>\n\n\n\n<li>Obsah zameran\u00fd na z\u00edskanie z\u00e1kladov pre komunik\u00e1ciu s roden\u00fdmi hovorcami<\/li>\n\n\n\n<li>K dispoz\u00edcii je 6 t\u00e9m a bonusy, ktor\u00e9 sa m\u00f4\u017eete r\u00fdchlo a jednoducho nau\u010di\u0165 vo videolekci\u00e1ch a stiahnu\u0165 si pr\u00edru\u010dky.<\/li>\n<\/ul>\n\n\n\n<p>V ka\u017edej lekcii budete m\u00f4c\u0165 zanecha\u0165 ot\u00e1zku podobn\u00fa koment\u00e1ru, na ktor\u00fa v\u00e1m t\u00edm podpory \u010do najsk\u00f4r odpovie.<\/p>\n\n\n\n<h2 class=\"wp-block-heading\" id=\"quem-e-o-criador-do-curso-japones-expresso\">Kto je autorom kurzu japonsk\u00e9ho expresu?<\/h2>\n\n\n<div class=\"wp-block-image\">\n<figure class=\"alignleft\"><img data-recalc-dims=\"1\" decoding=\"async\" width=\"300\" height=\"244\" src=\"https:\/\/i0.wp.com\/comoaprenderjapones.net\/wp-content\/uploads\/2016\/11\/Luiz_Rafael_Curso_Japones_Expresso.jpg?resize=300%2C244&#038;ssl=1\" alt=\"Luiz Rafael Japonsk\u00fd expresn\u00fd kurz\" class=\"wp-image-863\" title=\"Luiz Rafael Japonsk\u00fd expresn\u00fd kurz\"\/><\/figure>\n<\/div>\n\n\n<p>Kurz vytvoril \u5148\u751f Luiz Rafael, tie\u017e tvorca <a href=\"https:\/\/comoaprenderjapones.net\/sk\/programa-japones-online\/\">online japonsk\u00fd program<\/a>Som tu, aby som vyplnil medzeru, v ktorej tis\u00edce \u013eud\u00ed chc\u00fa r\u00fdchle v\u00fdsledky, aby sa mohli \"dohovori\u0165\" aspo\u0148 so z\u00e1kladmi jazyka v Japonsku.<\/p>\n\n\n\n<p>Luiz \u0161tuduje japon\u010dinu od svojich 15 rokov a m\u00e1 bohat\u00e9 sk\u00fasenosti v oblasti jazykov\u00e9ho vzdel\u00e1vania.<\/p>\n\n\n\n<h3 class=\"wp-block-heading\" id=\"o-curso-japones-expresso-e-para-mim\">Je kurz japon\u010diny pre m\u0148a?<\/h3>\n\n\n\n<p>Ak \u010doskoro odcestujete do Japonska alebo sa chcete r\u00fdchlo nau\u010di\u0165 z\u00e1klady japonsk\u00e9ho jazyka, potom je tento kurz ur\u010den\u00fd pr\u00e1ve v\u00e1m!<\/p>\n\n\n\n<p>V\u010faka jednoduch\u00fdm lekci\u00e1m sa ka\u017ed\u00fd, kto m\u00e1 z\u00e1ujem, m\u00f4\u017ee \u013eahko nau\u010di\u0165 to\u013eko, aby si v Japonsku vysta\u010dil, ako napr\u00edklad nakupova\u0165, cestova\u0165 vlakom, po\u010fakova\u0165 miestnemu obyvate\u013eovi at\u010f.<\/p>\n\n\n\n<p>Ak m\u00e1te z\u00e1ujem nau\u010di\u0165 sa z\u00e1klady toho, \u010do budete potrebova\u0165 na cest\u00e1ch, alebo ak chcete za\u010da\u0165 od nuly a r\u00fdchlo sa nau\u010di\u0165 z\u00e1klady jazyka, potom je tento kurz ur\u010dite pre v\u00e1s!<\/p>\n\n\n\n<h3 class=\"wp-block-heading\" id=\"mais-informacao\">Viac inform\u00e1ci\u00ed<\/h3>\n\n\n\n<p>Ak sa chcete dozvedie\u0165 viac inform\u00e1ci\u00ed o registr\u00e1cii, podpore a \u010fal\u0161\u00edch mo\u017enostiach, kliknite na tla\u010didlo ni\u017e\u0161ie:<\/p>\n\n\n\n<p class=\"has-text-align-center\"><a class=\"fasc-button fasc-size-large fasc-type-flat fasc-rounded-medium ico-fa fasc-ico-before fa-mail-forward\" style=\"background-color: #e43f42; color: #ffffff;\" target=\"_blank\" rel=\"noopener noreferrer\" href=\"https:\/\/comoaprenderjapones.net\/sk\/in\/curso-de-japones-gratis-agosto-de-2020\/\">Zozn\u00e1mte sa s kurzom Japanese Express teraz kliknut\u00edm sem!<\/a><\/p>\n\n<div style=\"font-size: 0px; height: 0px; line-height: 0px; margin: 0; padding: 0; clear: both;\"><\/div>","protected":false},"excerpt":{"rendered":"<p>Zozn\u00e1mte sa s expresn\u00fdm online kurzom japon\u010diny, ktor\u00fd v\u00e1m pom\u00f4\u017ee za\u010da\u0165 s japonsk\u00fdm jazykom a je ur\u010den\u00fd aj pre t\u00fdch, ktor\u00ed cestuj\u00fa do Japonska. KURZ NIE JE K DISPOZ\u00cdCII. Zozn\u00e1mte sa s kompletn\u00fdm kurzom Sensei<\/p>","protected":false},"author":1,"featured_media":861,"parent":0,"menu_order":0,"comment_status":"closed","ping_status":"closed","template":"","meta":{"footnotes":""},"class_list":["post-860","page","type-page","status-publish","has-post-thumbnail"],"jetpack-related-posts":[{"id":94,"url":"https:\/\/comoaprenderjapones.net\/sk\/programa-japones-online\/","url_meta":{"origin":860,"position":0},"title":"Programa Japon\u00eas Online + Evento gr\u00e1tis Intensiv\u00e3o de japon\u00eas","author":"Rafael Avelino","date":"20 de okt\u00f3ber de 2014","format":false,"excerpt":"Conhe\u00e7a o curso de japon\u00eas Programa Japon\u00eas Online do Sensei Luiz Rafael! \u3053\u3093\u306b\u3061\u306f! Est\u00e1 procurando um m\u00e9todo eficiente que te ensine do ZERO a ter um n\u00edvel de flu\u00eancia que possa consumir conte\u00fados totalmente em japon\u00eas? O m\u00e9todo criado pelo Luiz Rafael j\u00e1 passou por muitas atualiza\u00e7\u00f5es e est\u00e1 no\u2026","rel":"","context":"Podobn\u00fd pr\u00edspevok","block_context":{"text":"Podobn\u00fd pr\u00edspevok","link":""},"img":{"alt_text":"Programa Japon\u00eas Online - Intensiv\u00e3o de japon\u00eas","src":"https:\/\/i0.wp.com\/comoaprenderjapones.net\/wp-content\/uploads\/2021\/01\/programa-japones-online-intensivao-de-japones-2021.jpg?fit=1200%2C932&ssl=1&resize=350%2C200","width":350,"height":200,"srcset":"https:\/\/i0.wp.com\/comoaprenderjapones.net\/wp-content\/uploads\/2021\/01\/programa-japones-online-intensivao-de-japones-2021.jpg?fit=1200%2C932&ssl=1&resize=350%2C200 1x, https:\/\/i0.wp.com\/comoaprenderjapones.net\/wp-content\/uploads\/2021\/01\/programa-japones-online-intensivao-de-japones-2021.jpg?fit=1200%2C932&ssl=1&resize=525%2C300 1.5x, https:\/\/i0.wp.com\/comoaprenderjapones.net\/wp-content\/uploads\/2021\/01\/programa-japones-online-intensivao-de-japones-2021.jpg?fit=1200%2C932&ssl=1&resize=700%2C400 2x, https:\/\/i0.wp.com\/comoaprenderjapones.net\/wp-content\/uploads\/2021\/01\/programa-japones-online-intensivao-de-japones-2021.jpg?fit=1200%2C932&ssl=1&resize=1050%2C600 3x"},"classes":[]},{"id":4016,"url":"https:\/\/comoaprenderjapones.net\/sk\/curso-japones-club-por-skdesu\/","url_meta":{"origin":860,"position":1},"title":"Curso Japon\u00eas Club por Skdesu","author":"Rafael Avelino","date":"2 de febru\u00e1r de 2023","format":false,"excerpt":"Advertorial Aprenda a L\u00edngua Japonesa com o Curso Japon\u00eas Club e Tenha a solu\u00e7\u00e3o definitiva para superar qualquer desafio! Mang\u00e1 Death Note Olha s\u00f3 o que voc\u00ea tem no Curso Japon\u00eas Club! + de 140 v\u00eddeo aulas em Alta Defini\u00e7\u00e3o Jogos e Atividades Interativas Pagamento \u00danico (N\u00e3o tem Mensalidades) Acesso\u2026","rel":"","context":"Podobn\u00fd pr\u00edspevok","block_context":{"text":"Podobn\u00fd pr\u00edspevok","link":""},"img":{"alt_text":"","src":"https:\/\/i0.wp.com\/comoaprenderjapones.net\/wp-content\/uploads\/2023\/02\/japones-club-advertorial.jpg?fit=1023%2C499&ssl=1&resize=350%2C200","width":350,"height":200,"srcset":"https:\/\/i0.wp.com\/comoaprenderjapones.net\/wp-content\/uploads\/2023\/02\/japones-club-advertorial.jpg?fit=1023%2C499&ssl=1&resize=350%2C200 1x, https:\/\/i0.wp.com\/comoaprenderjapones.net\/wp-content\/uploads\/2023\/02\/japones-club-advertorial.jpg?fit=1023%2C499&ssl=1&resize=525%2C300 1.5x, https:\/\/i0.wp.com\/comoaprenderjapones.net\/wp-content\/uploads\/2023\/02\/japones-club-advertorial.jpg?fit=1023%2C499&ssl=1&resize=700%2C400 2x"},"classes":[]},{"id":35,"url":"https:\/\/comoaprenderjapones.net\/sk\/sobre\/","url_meta":{"origin":860,"position":2},"title":"O str\u00e1nke","author":"Rafael Avelino","date":"24 de august de 2014","format":false,"excerpt":"Ol\u00e1 Minna! Sou Rafael admin deste site, como vai? Muito obrigado por visitar este site que pretende passar dicas de como aprender japon\u00eas para quem est\u00e1 iniciando, assim como eu. Vamos tentar abordar tudo que possa ajudar no seu aprendizado do idioma japon\u00eas, que vai desde animes,m\u00fasicas,mangas e tamb\u00e9m o\u2026","rel":"","context":"Podobn\u00fd pr\u00edspevok","block_context":{"text":"Podobn\u00fd pr\u00edspevok","link":""},"img":{"alt_text":"","src":"","width":0,"height":0},"classes":[]},{"id":179,"url":"https:\/\/comoaprenderjapones.net\/sk\/mapa-site\/","url_meta":{"origin":860,"position":3},"title":"Mapa str\u00e1nok","author":"Rafael Avelino","date":"31 de janu\u00e1r de 2015","format":false,"excerpt":"Mapa do Site Veja todos os artigos publicados aqui no Como Aprender Japon\u00eas","rel":"","context":"Podobn\u00fd pr\u00edspevok","block_context":{"text":"Podobn\u00fd pr\u00edspevok","link":""},"img":{"alt_text":"","src":"","width":0,"height":0},"classes":[]},{"id":904,"url":"https:\/\/comoaprenderjapones.net\/sk\/metodo-fan-art\/","url_meta":{"origin":860,"position":4},"title":"Met\u00f3da Fan Art 3.0 - Ako kresli\u0165 postavy z anime","author":"Rafael Avelino","date":"15 de febru\u00e1r de 2017","format":false,"excerpt":"Aprenda a como desenhar personagem de animes mesmo sem ter o \u201cdom\u201d passo a passo com o m\u00e9todo fan art 3.0 criado pela Mayara Rodrigues.\u00a0 Quem gosta da cultura japonesa, principalmente pelos animes, mangas j\u00e1 teve a curiosidade de saber se \u00e9 poss\u00edvel aprender a desenhar aquele personagem favorito mesmo\u2026","rel":"","context":"Podobn\u00fd pr\u00edspevok","block_context":{"text":"Podobn\u00fd pr\u00edspevok","link":""},"img":{"alt_text":"M\u00e9todo Fan Art 3.0 \u2013 Desenhe seu personagem de anime favorito!","src":"https:\/\/i0.wp.com\/comoaprenderjapones.net\/wp-content\/uploads\/2020\/12\/Metod-Fan-Art-3-0-Desenhar-Animes.jpg?fit=1200%2C628&ssl=1&resize=350%2C200","width":350,"height":200,"srcset":"https:\/\/i0.wp.com\/comoaprenderjapones.net\/wp-content\/uploads\/2020\/12\/Metod-Fan-Art-3-0-Desenhar-Animes.jpg?fit=1200%2C628&ssl=1&resize=350%2C200 1x, https:\/\/i0.wp.com\/comoaprenderjapones.net\/wp-content\/uploads\/2020\/12\/Metod-Fan-Art-3-0-Desenhar-Animes.jpg?fit=1200%2C628&ssl=1&resize=525%2C300 1.5x, https:\/\/i0.wp.com\/comoaprenderjapones.net\/wp-content\/uploads\/2020\/12\/Metod-Fan-Art-3-0-Desenhar-Animes.jpg?fit=1200%2C628&ssl=1&resize=700%2C400 2x, https:\/\/i0.wp.com\/comoaprenderjapones.net\/wp-content\/uploads\/2020\/12\/Metod-Fan-Art-3-0-Desenhar-Animes.jpg?fit=1200%2C628&ssl=1&resize=1050%2C600 3x"},"classes":[]},{"id":2786,"url":"https:\/\/comoaprenderjapones.net\/sk\/acompanhe\/","url_meta":{"origin":860,"position":5},"title":"Sledujte","author":"Rafael Avelino","date":"12 de j\u00fan de 2020","format":false,"excerpt":"Para n\u00e3o perder alguma novidade ou dica logo em seguida vou indicar v\u00e1rias op\u00e7\u00f5es para que voc\u00ea acompanhe o comoaprenderjapones.net da maneira que desejar e que mais goste. Acompanhe pelo Feed Um dos meios mais tradicionais para voc\u00ea receber as novidades instantaneamente quando algo \u00e9 publicado por aqui. Feed do\u2026","rel":"","context":"Podobn\u00fd pr\u00edspevok","block_context":{"text":"Podobn\u00fd pr\u00edspevok","link":""},"img":{"alt_text":"Acompanhe pelo Feedly o comoaprenderjapones.net","src":"https:\/\/i0.wp.com\/comoaprenderjapones.net\/wp-content\/uploads\/2020\/06\/feedly-follow.png?resize=350%2C200&ssl=1","width":350,"height":200},"classes":[]}],"jetpack_sharing_enabled":true,"amp_enabled":true,"_links":{"self":[{"href":"https:\/\/comoaprenderjapones.net\/sk\/wp-json\/wp\/v2\/pages\/860","targetHints":{"allow":["GET"]}}],"collection":[{"href":"https:\/\/comoaprenderjapones.net\/sk\/wp-json\/wp\/v2\/pages"}],"about":[{"href":"https:\/\/comoaprenderjapones.net\/sk\/wp-json\/wp\/v2\/types\/page"}],"author":[{"embeddable":true,"href":"https:\/\/comoaprenderjapones.net\/sk\/wp-json\/wp\/v2\/users\/1"}],"replies":[{"embeddable":true,"href":"https:\/\/comoaprenderjapones.net\/sk\/wp-json\/wp\/v2\/comments?post=860"}],"version-history":[{"count":0,"href":"https:\/\/comoaprenderjapones.net\/sk\/wp-json\/wp\/v2\/pages\/860\/revisions"}],"wp:featuredmedia":[{"embeddable":true,"href":"https:\/\/comoaprenderjapones.net\/sk\/wp-json\/wp\/v2\/media\/861"}],"wp:attachment":[{"href":"https:\/\/comoaprenderjapones.net\/sk\/wp-json\/wp\/v2\/media?parent=860"}],"curies":[{"name":"wp","href":"https:\/\/api.w.org\/{rel}","templated":true}]}}