{"id":9,"date":"2014-08-24T02:32:54","date_gmt":"2014-08-24T02:32:54","guid":{"rendered":"https:\/\/comoaprenderjapones.net\/?page_id=9"},"modified":"2022-02-07T19:38:46","modified_gmt":"2022-02-07T22:38:46","slug":"zasady-ochrany-osobnych-udajov","status":"publish","type":"page","link":"https:\/\/comoaprenderjapones.net\/sk\/zasady-ochrany-osobnych-udajov\/","title":{"rendered":"Z\u00e1sady ochrany osobn\u00fdch \u00fadajov"},"content":{"rendered":"<div class=\"42f50e0ef69d15b5aee26f1ed3eeb18c\" data-index=\"2\" style=\"float: none; margin:0px;\">\n<script async src=\"https:\/\/pagead2.googlesyndication.com\/pagead\/js\/adsbygoogle.js?client=ca-pub-0652292147574552\"\r\n     crossorigin=\"anonymous\"><\/script>\r\n<!-- Ads responsivo Inicio Post CAJap -->\r\n<ins class=\"adsbygoogle\"\r\n     style=\"display:block\"\r\n     data-ad-client=\"ca-pub-0652292147574552\"\r\n     data-ad-slot=\"3298668993\"\r\n     data-ad-format=\"auto\"><\/ins>\r\n<script>\r\n     (adsbygoogle = window.adsbygoogle || []).push({});\r\n<\/script>\n<\/div>\n\n<p>Tieto z\u00e1sady ochrany osobn\u00fdch \u00fadajov boli vypracovan\u00e9 s cie\u013eom zabezpe\u010di\u0165 d\u00f4vernos\u0165, s\u00fakromie a ochranu osobn\u00fdch \u00fadajov n\u00e1v\u0161tevn\u00edkov tejto str\u00e1nky a pou\u017e\u00edvate\u013eov na\u0161ich slu\u017eieb a chr\u00e1ni\u0165 tieto inform\u00e1cie pred stratou, zneu\u017eit\u00edm, neopr\u00e1vnen\u00fdm pr\u00edstupom, zmenou a zni\u010den\u00edm.<\/p>\n\n\n\n<h2 class=\"wp-block-heading\" id=\"1-coleta-e-uso-das-informacoes\">1. Zhroma\u017e\u010fovanie a pou\u017e\u00edvanie inform\u00e1ci\u00ed<\/h2>\n\n\n\n<p>Pr\u00edstup na t\u00fato str\u00e1nku m\u00f4\u017ee by\u0165 podmienen\u00fd registr\u00e1ciou n\u00e1v\u0161tevn\u00edka, kedy sa od neho bud\u00fa vy\u017eadova\u0165 inform\u00e1cie, ktor\u00e9 umo\u017enia identifik\u00e1ciu n\u00e1v\u0161tevn\u00edka a kontakt s na\u0161imi pou\u017e\u00edvate\u013emi. Rozhodnut\u00edm o poskytnut\u00ed svojich \u00fadajov pou\u017e\u00edvate\u013e vyhlasuje, \u017ee pozn\u00e1 a akceptuje podmienky t\u00fdchto z\u00e1sad.Str\u00e1nka tie\u017e prij\u00edma a automaticky uklad\u00e1 inform\u00e1cie o aktivit\u00e1ch prehliada\u010da, vr\u00e1tane IP adresy a nav\u0161t\u00edvenej str\u00e1nky, a to prostredn\u00edctvom s\u00faborov cookie. Tieto z\u00e1znamy o \u010dinnosti (logy) sa bud\u00fa pou\u017e\u00edva\u0165 len na \u0161tatistick\u00e9 \u00fa\u010dely a meranie poskytovan\u00fdch slu\u017eieb.<\/p>\n\n\n\n<h3 class=\"wp-block-heading\" id=\"cookies-e-web-beacons\">S\u00fabory cookie a webov\u00e9 sign\u00e1ly<\/h3>\n\n\n\n<p>Pou\u017e\u00edvame&nbsp;<a style=\"font-weight: inherit; font-style: inherit; color: #469db9;\" href=\"https:\/\/pt.wikipedia.org\/wiki\/Cookie\" target=\"_blank\" rel=\"noopener\">cookies<\/a>&nbsp;na ukladanie inform\u00e1ci\u00ed, ako s\u00fa va\u0161e osobn\u00e9 preferencie, ke\u010f nav\u0161t\u00edvite&nbsp;<strong>Ako sa nau\u010di\u0165 japonsky<\/strong>. M\u00f4\u017ee \u00eds\u0165 o jednoduch\u00e9 vyskakovacie okno alebo odkaz na r\u00f4zne slu\u017eby, ktor\u00e9 poskytujeme, napr\u00edklad f\u00f3ra.<\/p>\n\n\n\n<p>Spolo\u010dnos\u0165 Google vyu\u017e\u00edva nov\u00fd&nbsp;<a style=\"font-weight: inherit; font-style: inherit; color: #469db9;\" href=\"https:\/\/www.doubleclick.com\/privacy\/faq.aspx?ctx=tltp\" target=\"_blank\" rel=\"noopener\">S\u00fabor cookie DART<\/a>&nbsp;na zobrazovanie rekl\u00e1m na z\u00e1klade va\u0161ich z\u00e1ujmov a va\u0161ej n\u00e1v\u0161tevy n\u00e1\u0161ho blogu a in\u00fdch webov\u00fdch str\u00e1nok. Pou\u017e\u00edvanie s\u00faboru cookie DART m\u00f4\u017eete odmietnu\u0165 tak, \u017ee nav\u0161t\u00edvite str\u00e1nku s reklamami spolo\u010dnosti Google a jej program na ochranu osobn\u00fdch \u00fadajov.<\/p>\n\n\n\n<p>Pou\u017e\u00edvate\u013e si je vedom\u00fd a s\u00fahlas\u00ed s t\u00fdm, \u017ee zhroma\u017eden\u00e9 inform\u00e1cie bud\u00fa pou\u017eit\u00e9 na tieto \u00fa\u010dely: (a) informovanie o novom obsahu, novink\u00e1ch a udalostiach; (b) aktualiz\u00e1cia kontaktn\u00fdch \u00fadajov; (c) optimaliz\u00e1cia pou\u017eite\u013enosti a interakt\u00edvneho z\u00e1\u017eitku po\u010das navig\u00e1cie pou\u017e\u00edvate\u013ea na str\u00e1nke; (d) vypracovanie v\u0161eobecn\u00fdch \u0161tatist\u00edk bez identifik\u00e1cie pou\u017e\u00edvate\u013eov; (e) reakcia na pochybnosti a \u017eiadosti samotn\u00fdch pou\u017e\u00edvate\u013eov; a (f) dodr\u017eiavanie pr\u00e1vnych alebo s\u00fadnych rozhodnut\u00ed. Vyhradzujeme si tie\u017e pr\u00e1vo pou\u017ei\u0165 tieto z\u00e1znamy na individu\u00e1lnom z\u00e1klade v pr\u00edpadoch vy\u0161etrovania ob\u010dianskopr\u00e1vnych alebo trestn\u00fdch \u010dinov, najm\u00e4 ak existuje podozrenie z podvodu, hackersk\u00fdch \u00fatokov, zmien syst\u00e9mu alebo neopr\u00e1vnen\u00e9ho pr\u00edstupu k chr\u00e1nen\u00fdm inform\u00e1ci\u00e1m a registra\u010dn\u00fdm \u00fadajom in\u00fdch pou\u017e\u00edvate\u013eov.<\/p>\n\n\n\n<h2 class=\"wp-block-heading\" id=\"2-guarda-e-responsabilidade-pelas-informacoes-coletadas\">2. Uchov\u00e1vanie a zodpovednos\u0165 za zozbieran\u00e9 inform\u00e1cie<\/h2>\n\n\n\n<p>V\u0161etky inform\u00e1cie poskytnut\u00e9 pou\u017e\u00edvate\u013emi sa z\u00edskavaj\u00fa a uchov\u00e1vaj\u00fa v s\u00falade s najpr\u00edsnej\u0161\u00edmi normami bezpe\u010dnosti a spo\u013eahlivosti. Vynalo\u017e\u00edme maxim\u00e1lne \u00fasilie na zachovanie integrity inform\u00e1ci\u00ed, ktor\u00e9 n\u00e1m boli poskytnut\u00e9, a preto nenesieme zodpovednos\u0165 za \u0161kody sp\u00f4soben\u00e9 pr\u00edstupom k nim a\/alebo ich pou\u017eit\u00edm tret\u00edmi stranami. Pr\u00edstup k zhroma\u017eden\u00fdm inform\u00e1ci\u00e1m maj\u00fa len zamestnanci a opr\u00e1vnen\u00e9 osoby. Osoby, ktor\u00e9 neopr\u00e1vnene pou\u017eij\u00fa tieto inform\u00e1cie v rozpore s t\u00fdmito z\u00e1sadami ochrany osobn\u00fdch \u00fadajov, bud\u00fa podlieha\u0165 administrat\u00edvnym a disciplin\u00e1rnym sankci\u00e1m bez vyl\u00fa\u010denia pr\u00edslu\u0161n\u00fdch pr\u00e1vnych opatren\u00ed. Ak to nie je z\u00e1konn\u00e9 alebo s\u00fadne rozhodnutie, inform\u00e1cie o pou\u017e\u00edvate\u013eoch zaregistrovan\u00fdch na tejto str\u00e1nke sa nikdy neprenes\u00fa tret\u00edm stran\u00e1m ani nepou\u017eij\u00fa na in\u00e9 \u00fa\u010dely, ne\u017e na ktor\u00e9 boli zhroma\u017eden\u00e9. V\u0161etky zozbieran\u00e9 osobn\u00e9 \u00fadaje bud\u00fa za\u010dlenen\u00e9 do datab\u00e1zy tejto str\u00e1nky a spr\u00e1vca str\u00e1nky bude za ne zodpovedn\u00fd.<\/p>\n\n\n\n<h2 class=\"wp-block-heading\" id=\"3-informacoes-opinioes-e-conteudos-gerados-por-terceiros\">3. Inform\u00e1cie, n\u00e1zory a obsah vytvoren\u00fd tret\u00edmi stranami<\/h2>\n\n\n\n<p>T\u00e1to str\u00e1nka umo\u017e\u0148uje \u00fa\u010das\u0165 n\u00e1v\u0161tevn\u00edkov\/u\u017e\u00edvate\u013eov prostredn\u00edctvom koment\u00e1rov, v\u00fdmeny inform\u00e1ci\u00ed, zverej\u0148ovania obsahu vytvoren\u00e9ho tret\u00edmi stranami a \u0161\u00edrenia reklamy. N\u00e1v\u0161tevn\u00edci, pou\u017e\u00edvatelia a inzerenti si t\u00fdmto uvedomuj\u00fa, \u017ee nesm\u00fa zverej\u0148ova\u0165 inform\u00e1cie, n\u00e1zory alebo obsah, ktor\u00fd je nemor\u00e1lny, nez\u00e1konn\u00fd, rasistick\u00fd, hanliv\u00fd, po\u0161kodzuj\u00faci, pornografick\u00fd, krimin\u00e1lny alebo ak\u00fdko\u013evek obsah, ktor\u00fd poru\u0161uje pr\u00e1va autora. Ste si tie\u017e vedom\u00ed toho, \u017ee ak\u00e9ko\u013evek inform\u00e1cie, obsah alebo n\u00e1zory poskytnut\u00e9 alebo vo\u013ene zverejnen\u00e9 na tejto str\u00e1nke, s v\u00fdnimkou osobn\u00fdch \u00fadajov po\u017eadovan\u00fdch na \u00fa\u010dely registr\u00e1cie, NIE S\u00da POSKYTOVAN\u00c9 ANI OCHR\u00c1NEN\u00c9 T\u00ddMTO Z\u00c1SADAMI OCHRANY OSOBN\u00ddCH \u00daDAJOV a m\u00f4\u017eu by\u0165 vo\u013ene pr\u00edstupn\u00e9 a prezeran\u00e9 in\u00fdmi n\u00e1v\u0161tevn\u00edkmi a pou\u017e\u00edvate\u013emi. Zak\u00e1zan\u00e9 s\u00fa aj reklamy alebo ak\u00e9ko\u013evek \u0161\u00edrenie produktov, slu\u017eieb alebo podujat\u00ed, ktor\u00e9 nere\u0161pektuj\u00fa z\u00e1kon, mor\u00e1lku a dobr\u00e9 zvyky. Osoby zodpovedn\u00e9 za t\u00fato str\u00e1nku nenes\u00fa zodpovednos\u0165 za inform\u00e1cie, n\u00e1zory a obsah vytvoren\u00fd tret\u00edmi stranami, ani za kvalitu alebo pravdivos\u0165 produktov, slu\u017eieb alebo udalost\u00ed zverejnen\u00fdch prostredn\u00edctvom tejto str\u00e1nky.  Ak\u00e9ko\u013evek nemor\u00e1lne alebo nez\u00e1konn\u00e9 prejavy, reprodukcia alebo zverejnenie musia by\u0165 ozn\u00e1men\u00e9 organiz\u00e1torom tejto str\u00e1nky a bud\u00fa okam\u017eite odstr\u00e1nen\u00e9. Ozn\u00e1menie by sa malo zasla\u0165 na adresu os\u00f4b zodpovedn\u00fdch za dan\u00fa lokalitu.<\/p>\n\n\n\n<h2 class=\"wp-block-heading\" id=\"4-responsabilidade-dos-usuarios\">4. Zodpovednos\u0165 pou\u017e\u00edvate\u013eov<\/h2>\n\n\n\n<p>Pou\u017e\u00edvate\u013e je zodpovedn\u00fd za dodr\u017eiavanie svojho hesla a prihlasovac\u00edch \u00fadajov. Neodpor\u00fa\u010dame pou\u017e\u00edva\u0165 zjavn\u00e9 hesl\u00e1, ako s\u00fa \u0161peci\u00e1lne d\u00e1tumy, men\u00e1 alebo \u010d\u00edseln\u00e9 sekvencie. Ak pou\u017e\u00edvate\u013e zist\u00ed alebo m\u00e1 len podozrenie, \u017ee jeho heslo bolo prelomen\u00e9, mal by si ho zmeni\u0165 na svojej registra\u010dnej str\u00e1nke. Zav\u00e4zujeme sa chr\u00e1ni\u0165 s\u00fakromie det\u00ed online. Pr\u00edpadn\u00e1 registr\u00e1cia neplnolet\u00fdch os\u00f4b sa uskuto\u010dn\u00ed len na \u00fa\u010dely \u00fa\u010dasti v obmedzen\u00fdch oblastiach str\u00e1nky so vzdel\u00e1vac\u00edm obsahom. \u00dadaje malolet\u00fdch sa pou\u017eij\u00fa len na odpovede na ot\u00e1zky, akademick\u00e9 ot\u00e1zky, pl\u00e1novanie predn\u00e1\u0161ok v \u0161kol\u00e1ch alebo z d\u00f4vodov v\u0161eobecnej \u0161tatistiky. Odpor\u00fa\u010dame tie\u017e, aby boli malolet\u00ed v\u017edy pod doh\u013eadom svojich opatrovn\u00edkov, ktor\u00ed m\u00f4\u017eu kedyko\u013evek po\u017eiada\u0165 o zru\u0161enie registr\u00e1cie. T\u00e1to politika podlieha neust\u00e1lemu zlep\u0161ovaniu a zdokona\u013eovaniu. Preto odpor\u00fa\u010dame pravideln\u00e9 konzult\u00e1cie.<\/p>\n\n<div style=\"font-size: 0px; height: 0px; line-height: 0px; margin: 0; padding: 0; clear: both;\"><\/div>","protected":false},"excerpt":{"rendered":"<p>Esta Pol\u00edtica de Privacidade foi elaborada visando zelar pela confidencialidade, privacidade e prote\u00e7\u00e3o dos dados pessoais dos visitantes deste site e dos usu\u00e1rios de nossos servi\u00e7os, protegendo essas informa\u00e7\u00f5es de perdas, uso impr\u00f3prio, acesso n\u00e3o<\/p>","protected":false},"author":1,"featured_media":0,"parent":0,"menu_order":0,"comment_status":"closed","ping_status":"closed","template":"","meta":{"footnotes":""},"class_list":["post-9","page","type-page","status-publish"],"jetpack-related-posts":[{"id":4016,"url":"https:\/\/comoaprenderjapones.net\/sk\/curso-japones-club-por-skdesu\/","url_meta":{"origin":9,"position":0},"title":"Curso Japon\u00eas Club por Skdesu","author":"Rafael Avelino","date":"2 de febru\u00e1r de 2023","format":false,"excerpt":"Advertorial Aprenda a L\u00edngua Japonesa com o Curso Japon\u00eas Club e Tenha a solu\u00e7\u00e3o definitiva para superar qualquer desafio! Mang\u00e1 Death Note Olha s\u00f3 o que voc\u00ea tem no Curso Japon\u00eas Club! + de 140 v\u00eddeo aulas em Alta Defini\u00e7\u00e3o Jogos e Atividades Interativas Pagamento \u00danico (N\u00e3o tem Mensalidades) Acesso\u2026","rel":"","context":"Podobn\u00fd pr\u00edspevok","block_context":{"text":"Podobn\u00fd pr\u00edspevok","link":""},"img":{"alt_text":"","src":"https:\/\/i0.wp.com\/comoaprenderjapones.net\/wp-content\/uploads\/2023\/02\/japones-club-advertorial.jpg?fit=1023%2C499&ssl=1&resize=350%2C200","width":350,"height":200,"srcset":"https:\/\/i0.wp.com\/comoaprenderjapones.net\/wp-content\/uploads\/2023\/02\/japones-club-advertorial.jpg?fit=1023%2C499&ssl=1&resize=350%2C200 1x, https:\/\/i0.wp.com\/comoaprenderjapones.net\/wp-content\/uploads\/2023\/02\/japones-club-advertorial.jpg?fit=1023%2C499&ssl=1&resize=525%2C300 1.5x, https:\/\/i0.wp.com\/comoaprenderjapones.net\/wp-content\/uploads\/2023\/02\/japones-club-advertorial.jpg?fit=1023%2C499&ssl=1&resize=700%2C400 2x"},"classes":[]},{"id":179,"url":"https:\/\/comoaprenderjapones.net\/sk\/stranka-s-mapou\/","url_meta":{"origin":9,"position":1},"title":"Mapa str\u00e1nok","author":"Rafael Avelino","date":"31 de janu\u00e1r de 2015","format":false,"excerpt":"Mapa do Site Veja todos os artigos publicados aqui no Como Aprender Japon\u00eas","rel":"","context":"Podobn\u00fd pr\u00edspevok","block_context":{"text":"Podobn\u00fd pr\u00edspevok","link":""},"img":{"alt_text":"","src":"","width":0,"height":0},"classes":[]},{"id":860,"url":"https:\/\/comoaprenderjapones.net\/sk\/japonsky-expresny-online-kurz\/","url_meta":{"origin":9,"position":2},"title":"Japanese Express: Online kurz japon\u010diny","author":"Rafael Avelino","date":"14 de november de 2016","format":false,"excerpt":"Conhe\u00e7a curso online japon\u00eas expresso promete te ajudar a sair do zero no idioma japon\u00eas e tamb\u00e9m para quem tem viagem marcada para o Jap\u00e3o. CURSO N\u00c3O EST\u00c1 DISPONIVEL. Conhe\u00e7a o curso Completo do Sensei Luiz Rafael o ???? Programa Japon\u00eas Online! Quem gosta da cultura japonesa, seja animes, mangas,\u2026","rel":"","context":"Podobn\u00fd pr\u00edspevok","block_context":{"text":"Podobn\u00fd pr\u00edspevok","link":""},"img":{"alt_text":"Japon\u00eas Expresso curso online de japon\u00eas","src":"https:\/\/i0.wp.com\/comoaprenderjapones.net\/wp-content\/uploads\/2016\/11\/Japones_Expresso.jpg?fit=1200%2C696&ssl=1&resize=350%2C200","width":350,"height":200,"srcset":"https:\/\/i0.wp.com\/comoaprenderjapones.net\/wp-content\/uploads\/2016\/11\/Japones_Expresso.jpg?fit=1200%2C696&ssl=1&resize=350%2C200 1x, https:\/\/i0.wp.com\/comoaprenderjapones.net\/wp-content\/uploads\/2016\/11\/Japones_Expresso.jpg?fit=1200%2C696&ssl=1&resize=525%2C300 1.5x, https:\/\/i0.wp.com\/comoaprenderjapones.net\/wp-content\/uploads\/2016\/11\/Japones_Expresso.jpg?fit=1200%2C696&ssl=1&resize=700%2C400 2x, https:\/\/i0.wp.com\/comoaprenderjapones.net\/wp-content\/uploads\/2016\/11\/Japones_Expresso.jpg?fit=1200%2C696&ssl=1&resize=1050%2C600 3x"},"classes":[]},{"id":2786,"url":"https:\/\/comoaprenderjapones.net\/sk\/sledovat\/","url_meta":{"origin":9,"position":3},"title":"Sledujte","author":"Rafael Avelino","date":"12 de j\u00fan de 2020","format":false,"excerpt":"Para n\u00e3o perder alguma novidade ou dica logo em seguida vou indicar v\u00e1rias op\u00e7\u00f5es para que voc\u00ea acompanhe o comoaprenderjapones.net da maneira que desejar e que mais goste. Acompanhe pelo Feed Um dos meios mais tradicionais para voc\u00ea receber as novidades instantaneamente quando algo \u00e9 publicado por aqui. Feed do\u2026","rel":"","context":"Podobn\u00fd pr\u00edspevok","block_context":{"text":"Podobn\u00fd pr\u00edspevok","link":""},"img":{"alt_text":"Acompanhe pelo Feedly o comoaprenderjapones.net","src":"https:\/\/i0.wp.com\/comoaprenderjapones.net\/wp-content\/uploads\/2020\/06\/feedly-follow.png?resize=350%2C200&ssl=1","width":350,"height":200},"classes":[]},{"id":35,"url":"https:\/\/comoaprenderjapones.net\/sk\/na-stranke\/","url_meta":{"origin":9,"position":4},"title":"O str\u00e1nke","author":"Rafael Avelino","date":"24 de august de 2014","format":false,"excerpt":"Ol\u00e1 Minna! Sou Rafael admin deste site, como vai? Muito obrigado por visitar este site que pretende passar dicas de como aprender japon\u00eas para quem est\u00e1 iniciando, assim como eu. Vamos tentar abordar tudo que possa ajudar no seu aprendizado do idioma japon\u00eas, que vai desde animes,m\u00fasicas,mangas e tamb\u00e9m o\u2026","rel":"","context":"Podobn\u00fd pr\u00edspevok","block_context":{"text":"Podobn\u00fd pr\u00edspevok","link":""},"img":{"alt_text":"","src":"","width":0,"height":0},"classes":[]},{"id":94,"url":"https:\/\/comoaprenderjapones.net\/sk\/programa-japones-online\/","url_meta":{"origin":9,"position":5},"title":"Programa Japon\u00eas Online + Evento gr\u00e1tis Intensiv\u00e3o de japon\u00eas","author":"Rafael Avelino","date":"20 de okt\u00f3ber de 2014","format":false,"excerpt":"Conhe\u00e7a o curso de japon\u00eas Programa Japon\u00eas Online do Sensei Luiz Rafael! \u3053\u3093\u306b\u3061\u306f! Est\u00e1 procurando um m\u00e9todo eficiente que te ensine do ZERO a ter um n\u00edvel de flu\u00eancia que possa consumir conte\u00fados totalmente em japon\u00eas? O m\u00e9todo criado pelo Luiz Rafael j\u00e1 passou por muitas atualiza\u00e7\u00f5es e est\u00e1 no\u2026","rel":"","context":"Podobn\u00fd pr\u00edspevok","block_context":{"text":"Podobn\u00fd pr\u00edspevok","link":""},"img":{"alt_text":"Programa Japon\u00eas Online - Intensiv\u00e3o de japon\u00eas","src":"https:\/\/i0.wp.com\/comoaprenderjapones.net\/wp-content\/uploads\/2021\/01\/programa-japones-online-intensivao-de-japones-2021.jpg?fit=1200%2C932&ssl=1&resize=350%2C200","width":350,"height":200,"srcset":"https:\/\/i0.wp.com\/comoaprenderjapones.net\/wp-content\/uploads\/2021\/01\/programa-japones-online-intensivao-de-japones-2021.jpg?fit=1200%2C932&ssl=1&resize=350%2C200 1x, https:\/\/i0.wp.com\/comoaprenderjapones.net\/wp-content\/uploads\/2021\/01\/programa-japones-online-intensivao-de-japones-2021.jpg?fit=1200%2C932&ssl=1&resize=525%2C300 1.5x, https:\/\/i0.wp.com\/comoaprenderjapones.net\/wp-content\/uploads\/2021\/01\/programa-japones-online-intensivao-de-japones-2021.jpg?fit=1200%2C932&ssl=1&resize=700%2C400 2x, https:\/\/i0.wp.com\/comoaprenderjapones.net\/wp-content\/uploads\/2021\/01\/programa-japones-online-intensivao-de-japones-2021.jpg?fit=1200%2C932&ssl=1&resize=1050%2C600 3x"},"classes":[]}],"jetpack_sharing_enabled":false,"amp_enabled":true,"_links":{"self":[{"href":"https:\/\/comoaprenderjapones.net\/sk\/wp-json\/wp\/v2\/pages\/9","targetHints":{"allow":["GET"]}}],"collection":[{"href":"https:\/\/comoaprenderjapones.net\/sk\/wp-json\/wp\/v2\/pages"}],"about":[{"href":"https:\/\/comoaprenderjapones.net\/sk\/wp-json\/wp\/v2\/types\/page"}],"author":[{"embeddable":true,"href":"https:\/\/comoaprenderjapones.net\/sk\/wp-json\/wp\/v2\/users\/1"}],"replies":[{"embeddable":true,"href":"https:\/\/comoaprenderjapones.net\/sk\/wp-json\/wp\/v2\/comments?post=9"}],"version-history":[{"count":0,"href":"https:\/\/comoaprenderjapones.net\/sk\/wp-json\/wp\/v2\/pages\/9\/revisions"}],"wp:attachment":[{"href":"https:\/\/comoaprenderjapones.net\/sk\/wp-json\/wp\/v2\/media?parent=9"}],"curies":[{"name":"wp","href":"https:\/\/api.w.org\/{rel}","templated":true}]}}